{"id":2860,"date":"2026-04-09T11:22:44","date_gmt":"2026-04-09T09:22:44","guid":{"rendered":"https:\/\/wp.kristdemokraterna.se\/vasterbotten\/?page_id=2860"},"modified":"2026-04-09T11:45:14","modified_gmt":"2026-04-09T09:45:14","slug":"transparensmeddelande-annonsering","status":"publish","type":"page","link":"https:\/\/wp.kristdemokraterna.se\/vasterbotten\/partidistriktet\/transparensmeddelande-annonsering\/","title":{"rendered":"Transparensmeddelande annonsering"},"content":{"rendered":"<h2 class=\"x_MsoNormal\"><b data-olk-copy-source=\"MessageBody\">Lycksele<\/b><\/h2>\n<p data-start=\"1503\" data-end=\"1591\"><strong data-start=\"1503\" data-end=\"1591\">Transparensmeddelande \u2013 annonsering p\u00e5 digitala monitorer i ICA Supermarket Lycksele<\/strong><\/p>\n<p data-start=\"1593\" data-end=\"1762\"><strong data-start=\"1593\" data-end=\"1617\">Avs\u00e4ndare \/ sponsor:<\/strong> Kristdemokraterna Lycksele<br data-start=\"1644\" data-end=\"1647\" \/><strong data-start=\"1647\" data-end=\"1666\">Finansierat av:<\/strong> Kristdemokraterna Lycksele<br data-start=\"1693\" data-end=\"1696\" \/><strong data-start=\"1696\" data-end=\"1709\">Koppling:<\/strong> Valet till kommunfullm\u00e4ktige den 13 september 2026<\/p>\n<p data-start=\"1764\" data-end=\"1907\"><strong data-start=\"1764\" data-end=\"1785\">Kontaktuppgifter:<\/strong><br data-start=\"1785\" data-end=\"1788\" \/>Kristdemokraterna Lycksele<br data-start=\"1814\" data-end=\"1817\" \/>Org.nr: 895400-6071<br data-start=\"1836\" data-end=\"1839\" \/>c\/o Thomas Jacobsson<br data-start=\"1859\" data-end=\"1862\" \/>Idb\u00e4cken 9, 921 94 Rusksele<br data-start=\"1889\" data-end=\"1892\" \/>070-611 12 28<\/p>\n<p data-start=\"1909\" data-end=\"1980\"><strong data-start=\"1909\" data-end=\"1931\">Publiceringskanal:<\/strong> Digitala monitorer p\u00e5 ICA Supermarket Lycksele<\/p>\n<p data-start=\"1982\" data-end=\"2035\"><strong data-start=\"1982\" data-end=\"2019\">Ber\u00e4knad kostnad f\u00f6r annonsering\/kampanj:<\/strong> 35 000 kronor<\/p>\n<p data-start=\"2037\" data-end=\"2125\"><strong data-start=\"2037\" data-end=\"2055\">Kampanjperiod:<\/strong> april\u2013september 2026<br data-start=\"2076\" data-end=\"2079\" \/><strong data-start=\"2079\" data-end=\"2102\">Publiceringsperiod:<\/strong> april\u2013september 2026<\/p>\n","protected":false},"excerpt":{"rendered":"<p>Lycksele Transparensmeddelande \u2013 annonsering p\u00e5 digitala monitorer i ICA Supermarket Lycksele Avs\u00e4ndare \/ sponsor: Kristdemokraterna LyckseleFinansierat av: Kristdemokraterna LyckseleKoppling: Valet till kommunfullm\u00e4ktige den 13 september 2026 Kontaktuppgifter:Kristdemokraterna LyckseleOrg.nr: 895400-6071c\/o Thomas JacobssonIdb\u00e4cken 9, 921 94 Rusksele070-611 12 28 Publiceringskanal: Digitala monitorer p\u00e5 ICA Supermarket Lycksele Ber\u00e4knad kostnad f\u00f6r annonsering\/kampanj: 35 000 kronor Kampanjperiod: april\u2013september 2026Publiceringsperiod: april\u2013september <a class=\"read-more-link\" href=\"https:\/\/wp.kristdemokraterna.se\/vasterbotten\/partidistriktet\/transparensmeddelande-annonsering\/\">Read More<\/a><\/p>\n","protected":false},"author":1052,"featured_media":0,"parent":1917,"menu_order":0,"comment_status":"closed","ping_status":"closed","template":"","meta":{"_acf_changed":false,"footnotes":""},"class_list":["post-2860","page","type-page","status-publish","hentry"],"acf":[],"yoast_head":"<!-- This site is optimized with the Yoast SEO plugin v27.4 - https:\/\/yoast.com\/product\/yoast-seo-wordpress\/ -->\n<title>Transparensmeddelande annonsering - KRISTDEMOKRATERNA i V\u00e4sterbotten<\/title>\n<meta name=\"robots\" content=\"index, follow, max-snippet:-1, max-image-preview:large, max-video-preview:-1\" \/>\n<link rel=\"canonical\" href=\"https:\/\/wp.kristdemokraterna.se\/vasterbotten\/partidistriktet\/transparensmeddelande-annonsering\/\" \/>\n<meta property=\"og:locale\" content=\"sv_SE\" \/>\n<meta property=\"og:type\" content=\"article\" \/>\n<meta property=\"og:title\" content=\"Transparensmeddelande annonsering - KRISTDEMOKRATERNA i V\u00e4sterbotten\" \/>\n<meta property=\"og:description\" content=\"Lycksele Transparensmeddelande \u2013 annonsering p\u00e5 digitala monitorer i ICA Supermarket Lycksele Avs\u00e4ndare \/ sponsor: Kristdemokraterna LyckseleFinansierat av: Kristdemokraterna LyckseleKoppling: Valet till kommunfullm\u00e4ktige den 13 september 2026 Kontaktuppgifter:Kristdemokraterna LyckseleOrg.nr: 895400-6071c\/o Thomas JacobssonIdb\u00e4cken 9, 921 94 Rusksele070-611 12 28 Publiceringskanal: Digitala monitorer p\u00e5 ICA Supermarket Lycksele Ber\u00e4knad kostnad f\u00f6r annonsering\/kampanj: 35 000 kronor Kampanjperiod: april\u2013september 2026Publiceringsperiod: april\u2013september Read More\" \/>\n<meta property=\"og:url\" content=\"https:\/\/wp.kristdemokraterna.se\/vasterbotten\/partidistriktet\/transparensmeddelande-annonsering\/\" \/>\n<meta property=\"og:site_name\" content=\"KRISTDEMOKRATERNA i V\u00e4sterbotten\" \/>\n<meta property=\"article:publisher\" content=\"https:\/\/www.facebook.com\/kdvasterbotten\/\" \/>\n<meta property=\"article:modified_time\" content=\"2026-04-09T09:45:14+00:00\" \/>\n<meta name=\"twitter:card\" content=\"summary_large_image\" \/>\n<meta name=\"twitter:site\" content=\"@kdvasterbotten\" \/>\n<meta name=\"twitter:label1\" content=\"Ber\u00e4knad l\u00e4stid\" \/>\n\t<meta name=\"twitter:data1\" content=\"1 minut\" \/>\n<script type=\"application\/ld+json\" class=\"yoast-schema-graph\">{\"@context\":\"https:\\\/\\\/schema.org\",\"@graph\":[{\"@type\":\"WebPage\",\"@id\":\"https:\\\/\\\/wp.kristdemokraterna.se\\\/vasterbotten\\\/partidistriktet\\\/transparensmeddelande-annonsering\\\/\",\"url\":\"https:\\\/\\\/wp.kristdemokraterna.se\\\/vasterbotten\\\/partidistriktet\\\/transparensmeddelande-annonsering\\\/\",\"name\":\"Transparensmeddelande annonsering - KRISTDEMOKRATERNA i V\u00e4sterbotten\",\"isPartOf\":{\"@id\":\"https:\\\/\\\/wp.kristdemokraterna.se\\\/vasterbotten\\\/#website\"},\"datePublished\":\"2026-04-09T09:22:44+00:00\",\"dateModified\":\"2026-04-09T09:45:14+00:00\",\"breadcrumb\":{\"@id\":\"https:\\\/\\\/wp.kristdemokraterna.se\\\/vasterbotten\\\/partidistriktet\\\/transparensmeddelande-annonsering\\\/#breadcrumb\"},\"inLanguage\":\"sv-SE\",\"potentialAction\":[{\"@type\":\"ReadAction\",\"target\":[\"https:\\\/\\\/wp.kristdemokraterna.se\\\/vasterbotten\\\/partidistriktet\\\/transparensmeddelande-annonsering\\\/\"]}]},{\"@type\":\"BreadcrumbList\",\"@id\":\"https:\\\/\\\/wp.kristdemokraterna.se\\\/vasterbotten\\\/partidistriktet\\\/transparensmeddelande-annonsering\\\/#breadcrumb\",\"itemListElement\":[{\"@type\":\"ListItem\",\"position\":1,\"name\":\"Hem\",\"item\":\"https:\\\/\\\/wp.kristdemokraterna.se\\\/vasterbotten\\\/\"},{\"@type\":\"ListItem\",\"position\":2,\"name\":\"Partidistriktet\",\"item\":\"https:\\\/\\\/wp.kristdemokraterna.se\\\/vasterbotten\\\/partidistriktet\\\/\"},{\"@type\":\"ListItem\",\"position\":3,\"name\":\"Transparensmeddelande annonsering\"}]},{\"@type\":\"WebSite\",\"@id\":\"https:\\\/\\\/wp.kristdemokraterna.se\\\/vasterbotten\\\/#website\",\"url\":\"https:\\\/\\\/wp.kristdemokraterna.se\\\/vasterbotten\\\/\",\"name\":\"KRISTDEMOKRATERNA i V\u00e4sterbotten\",\"description\":\"Varje m\u00e4nniska ska bem\u00f6tas med v\u00e4rdighet!\",\"inLanguage\":\"sv-SE\"}]}<\/script>\n<!-- \/ Yoast SEO plugin. -->","yoast_head_json":{"title":"Transparensmeddelande annonsering - KRISTDEMOKRATERNA i V\u00e4sterbotten","robots":{"index":"index","follow":"follow","max-snippet":"max-snippet:-1","max-image-preview":"max-image-preview:large","max-video-preview":"max-video-preview:-1"},"canonical":"https:\/\/wp.kristdemokraterna.se\/vasterbotten\/partidistriktet\/transparensmeddelande-annonsering\/","og_locale":"sv_SE","og_type":"article","og_title":"Transparensmeddelande annonsering - KRISTDEMOKRATERNA i V\u00e4sterbotten","og_description":"Lycksele Transparensmeddelande \u2013 annonsering p\u00e5 digitala monitorer i ICA Supermarket Lycksele Avs\u00e4ndare \/ sponsor: Kristdemokraterna LyckseleFinansierat av: Kristdemokraterna LyckseleKoppling: Valet till kommunfullm\u00e4ktige den 13 september 2026 Kontaktuppgifter:Kristdemokraterna LyckseleOrg.nr: 895400-6071c\/o Thomas JacobssonIdb\u00e4cken 9, 921 94 Rusksele070-611 12 28 Publiceringskanal: Digitala monitorer p\u00e5 ICA Supermarket Lycksele Ber\u00e4knad kostnad f\u00f6r annonsering\/kampanj: 35 000 kronor Kampanjperiod: april\u2013september 2026Publiceringsperiod: april\u2013september Read More","og_url":"https:\/\/wp.kristdemokraterna.se\/vasterbotten\/partidistriktet\/transparensmeddelande-annonsering\/","og_site_name":"KRISTDEMOKRATERNA i V\u00e4sterbotten","article_publisher":"https:\/\/www.facebook.com\/kdvasterbotten\/","article_modified_time":"2026-04-09T09:45:14+00:00","twitter_card":"summary_large_image","twitter_site":"@kdvasterbotten","twitter_misc":{"Ber\u00e4knad l\u00e4stid":"1 minut"},"schema":{"@context":"https:\/\/schema.org","@graph":[{"@type":"WebPage","@id":"https:\/\/wp.kristdemokraterna.se\/vasterbotten\/partidistriktet\/transparensmeddelande-annonsering\/","url":"https:\/\/wp.kristdemokraterna.se\/vasterbotten\/partidistriktet\/transparensmeddelande-annonsering\/","name":"Transparensmeddelande annonsering - KRISTDEMOKRATERNA i V\u00e4sterbotten","isPartOf":{"@id":"https:\/\/wp.kristdemokraterna.se\/vasterbotten\/#website"},"datePublished":"2026-04-09T09:22:44+00:00","dateModified":"2026-04-09T09:45:14+00:00","breadcrumb":{"@id":"https:\/\/wp.kristdemokraterna.se\/vasterbotten\/partidistriktet\/transparensmeddelande-annonsering\/#breadcrumb"},"inLanguage":"sv-SE","potentialAction":[{"@type":"ReadAction","target":["https:\/\/wp.kristdemokraterna.se\/vasterbotten\/partidistriktet\/transparensmeddelande-annonsering\/"]}]},{"@type":"BreadcrumbList","@id":"https:\/\/wp.kristdemokraterna.se\/vasterbotten\/partidistriktet\/transparensmeddelande-annonsering\/#breadcrumb","itemListElement":[{"@type":"ListItem","position":1,"name":"Hem","item":"https:\/\/wp.kristdemokraterna.se\/vasterbotten\/"},{"@type":"ListItem","position":2,"name":"Partidistriktet","item":"https:\/\/wp.kristdemokraterna.se\/vasterbotten\/partidistriktet\/"},{"@type":"ListItem","position":3,"name":"Transparensmeddelande annonsering"}]},{"@type":"WebSite","@id":"https:\/\/wp.kristdemokraterna.se\/vasterbotten\/#website","url":"https:\/\/wp.kristdemokraterna.se\/vasterbotten\/","name":"KRISTDEMOKRATERNA i V\u00e4sterbotten","description":"Varje m\u00e4nniska ska bem\u00f6tas med v\u00e4rdighet!","inLanguage":"sv-SE"}]}},"_links":{"self":[{"href":"https:\/\/wp.kristdemokraterna.se\/vasterbotten\/wp-json\/wp\/v2\/pages\/2860","targetHints":{"allow":["GET"]}}],"collection":[{"href":"https:\/\/wp.kristdemokraterna.se\/vasterbotten\/wp-json\/wp\/v2\/pages"}],"about":[{"href":"https:\/\/wp.kristdemokraterna.se\/vasterbotten\/wp-json\/wp\/v2\/types\/page"}],"author":[{"embeddable":true,"href":"https:\/\/wp.kristdemokraterna.se\/vasterbotten\/wp-json\/wp\/v2\/users\/1052"}],"replies":[{"embeddable":true,"href":"https:\/\/wp.kristdemokraterna.se\/vasterbotten\/wp-json\/wp\/v2\/comments?post=2860"}],"version-history":[{"count":3,"href":"https:\/\/wp.kristdemokraterna.se\/vasterbotten\/wp-json\/wp\/v2\/pages\/2860\/revisions"}],"predecessor-version":[{"id":2864,"href":"https:\/\/wp.kristdemokraterna.se\/vasterbotten\/wp-json\/wp\/v2\/pages\/2860\/revisions\/2864"}],"up":[{"embeddable":true,"href":"https:\/\/wp.kristdemokraterna.se\/vasterbotten\/wp-json\/wp\/v2\/pages\/1917"}],"wp:attachment":[{"href":"https:\/\/wp.kristdemokraterna.se\/vasterbotten\/wp-json\/wp\/v2\/media?parent=2860"}],"curies":[{"name":"wp","href":"https:\/\/api.w.org\/{rel}","templated":true}]}}