{"id":35,"date":"2012-09-24T10:14:19","date_gmt":"2012-09-24T08:14:19","guid":{"rendered":"http:\/\/wp.kristdemokraterna.se\/vasterbotten\/?page_id=35"},"modified":"2014-06-18T15:07:30","modified_gmt":"2014-06-18T13:07:30","slug":"var-politik-2","status":"publish","type":"page","link":"https:\/\/wp.kristdemokraterna.se\/vasterbotten\/var-politik-2\/","title":{"rendered":"V\u00e5r politik"},"content":{"rendered":"<p>&nbsp;<\/p>\n<p>V\u00e5rt m\u00e5l \u00e4r ett samh\u00e4lle d\u00e4r frihet f\u00f6renas med omsorg om de svaga. Ett samh\u00e4lle som st\u00f6djer familjen och skapar f\u00f6ruts\u00e4ttningar f\u00f6r ett blomstrande n\u00e4rings- och f\u00f6reningsliv.<\/p>\n<h1>Med barn och unga i fokus<\/h1>\n<p>Sveriges utveckling avg\u00f6rs av hur vi i dag tar hand om v\u00e5ra barn och unga \u2013 hur mycket vi satsar p\u00e5 deras uppv\u00e4xt.<\/p>\n<p>Vi vill:<\/p>\n<p>\u2022 \u00d6ka familjers valfrihet och m\u00f6jlighet till mer tid med barnen.<\/p>\n<p>\u2022 F\u00f6rb\u00e4ttra kvaliteten i f\u00f6rskolan och skolan.<\/p>\n<p>\u2022 St\u00e4rka ungdomars m\u00f6jlighet att f\u00e5 jobb.<\/p>\n<p>\u2022 Minska ungdomsbrottsligheten och st\u00f6dja brottsoffren.<\/p>\n<h1>Respekt f\u00f6r de \u00e4ldre<\/h1>\n<p>\u00c4ldre personer ska f\u00e5 leva ett v\u00e4rdigt liv och k\u00e4nna v\u00e4lbefinnande. \u00c4ldre personers erfarenhet och kunskap ska tas tillvara. Alla har ett unikt v\u00e4rde och ska kunna \u00e5ldras i trygghet.<\/p>\n<p>Vi vill:<\/p>\n<p>\u2022 Forts\u00e4tta s\u00e4nka skatten f\u00f6r pension\u00e4rer.<\/p>\n<p>\u2022 Utveckla och v\u00e4rna valfrihet och kvalitet i \u00e4ldreomsorgen.<\/p>\n<h1>Fler f\u00f6retag ger fler jobb<\/h1>\n<p>Det privata n\u00e4ringslivet och entrepren\u00f6rskapet \u00e4r grunden f\u00f6r Sveriges v\u00e4lf\u00e4rd. Nya jobb kan inte kommenderas fram av politiker. De skapas n\u00e4r enskilda m\u00e4nniskor finner det m\u00f6dan v\u00e4rt att starta eller utveckla ett f\u00f6retag.<\/p>\n<p>Vi vill:<\/p>\n<p>\u2022 Fr\u00e4mja f\u00f6retagsamheten genom fortsatt regelf\u00f6renklingsarbete, \u00f6kad tillg\u00e5ng till riskkapital och s\u00e4nkta arbetsgivaravgifter f\u00f6r fr\u00e4mst de mindre f\u00f6retag.<\/p>\n","protected":false},"excerpt":{"rendered":"<p>&nbsp; V\u00e5rt m\u00e5l \u00e4r ett samh\u00e4lle d\u00e4r frihet f\u00f6renas med omsorg om de svaga. Ett samh\u00e4lle som st\u00f6djer familjen och skapar f\u00f6ruts\u00e4ttningar f\u00f6r ett blomstrande n\u00e4rings- och f\u00f6reningsliv. Med barn och unga i fokus Sveriges utveckling avg\u00f6rs av hur vi i dag tar hand om v\u00e5ra barn och unga \u2013 hur mycket vi satsar p\u00e5 <a class=\"read-more-link\" href=\"https:\/\/wp.kristdemokraterna.se\/vasterbotten\/var-politik-2\/\">Read More<\/a><\/p>\n","protected":false},"author":31,"featured_media":0,"parent":0,"menu_order":1,"comment_status":"closed","ping_status":"closed","template":"","meta":{"_acf_changed":false,"footnotes":""},"class_list":["post-35","page","type-page","status-publish","hentry"],"acf":[],"yoast_head":"<!-- This site is optimized with the Yoast SEO plugin v27.3 - https:\/\/yoast.com\/product\/yoast-seo-wordpress\/ -->\n<title>V\u00e5r politik - KRISTDEMOKRATERNA i V\u00e4sterbotten<\/title>\n<meta name=\"robots\" content=\"index, follow, max-snippet:-1, max-image-preview:large, max-video-preview:-1\" \/>\n<link rel=\"canonical\" href=\"https:\/\/wp.kristdemokraterna.se\/vasterbotten\/var-politik-2\/\" \/>\n<meta property=\"og:locale\" content=\"sv_SE\" \/>\n<meta property=\"og:type\" content=\"article\" \/>\n<meta property=\"og:title\" content=\"V\u00e5r politik - KRISTDEMOKRATERNA i V\u00e4sterbotten\" \/>\n<meta property=\"og:description\" content=\"&nbsp; V\u00e5rt m\u00e5l \u00e4r ett samh\u00e4lle d\u00e4r frihet f\u00f6renas med omsorg om de svaga. Ett samh\u00e4lle som st\u00f6djer familjen och skapar f\u00f6ruts\u00e4ttningar f\u00f6r ett blomstrande n\u00e4rings- och f\u00f6reningsliv. Med barn och unga i fokus Sveriges utveckling avg\u00f6rs av hur vi i dag tar hand om v\u00e5ra barn och unga \u2013 hur mycket vi satsar p\u00e5 Read More\" \/>\n<meta property=\"og:url\" content=\"https:\/\/wp.kristdemokraterna.se\/vasterbotten\/var-politik-2\/\" \/>\n<meta property=\"og:site_name\" content=\"KRISTDEMOKRATERNA i V\u00e4sterbotten\" \/>\n<meta property=\"article:publisher\" content=\"https:\/\/www.facebook.com\/kdvasterbotten\/\" \/>\n<meta property=\"article:modified_time\" content=\"2014-06-18T13:07:30+00:00\" \/>\n<meta name=\"twitter:card\" content=\"summary_large_image\" \/>\n<meta name=\"twitter:site\" content=\"@kdvasterbotten\" \/>\n<meta name=\"twitter:label1\" content=\"Ber\u00e4knad l\u00e4stid\" \/>\n\t<meta name=\"twitter:data1\" content=\"1 minut\" \/>\n<script type=\"application\/ld+json\" class=\"yoast-schema-graph\">{\"@context\":\"https:\\\/\\\/schema.org\",\"@graph\":[{\"@type\":\"WebPage\",\"@id\":\"https:\\\/\\\/wp.kristdemokraterna.se\\\/vasterbotten\\\/var-politik-2\\\/\",\"url\":\"https:\\\/\\\/wp.kristdemokraterna.se\\\/vasterbotten\\\/var-politik-2\\\/\",\"name\":\"V\u00e5r politik - KRISTDEMOKRATERNA i V\u00e4sterbotten\",\"isPartOf\":{\"@id\":\"https:\\\/\\\/wp.kristdemokraterna.se\\\/vasterbotten\\\/#website\"},\"datePublished\":\"2012-09-24T08:14:19+00:00\",\"dateModified\":\"2014-06-18T13:07:30+00:00\",\"breadcrumb\":{\"@id\":\"https:\\\/\\\/wp.kristdemokraterna.se\\\/vasterbotten\\\/var-politik-2\\\/#breadcrumb\"},\"inLanguage\":\"sv-SE\",\"potentialAction\":[{\"@type\":\"ReadAction\",\"target\":[\"https:\\\/\\\/wp.kristdemokraterna.se\\\/vasterbotten\\\/var-politik-2\\\/\"]}]},{\"@type\":\"BreadcrumbList\",\"@id\":\"https:\\\/\\\/wp.kristdemokraterna.se\\\/vasterbotten\\\/var-politik-2\\\/#breadcrumb\",\"itemListElement\":[{\"@type\":\"ListItem\",\"position\":1,\"name\":\"Hem\",\"item\":\"https:\\\/\\\/wp.kristdemokraterna.se\\\/vasterbotten\\\/\"},{\"@type\":\"ListItem\",\"position\":2,\"name\":\"V\u00e5r politik\"}]},{\"@type\":\"WebSite\",\"@id\":\"https:\\\/\\\/wp.kristdemokraterna.se\\\/vasterbotten\\\/#website\",\"url\":\"https:\\\/\\\/wp.kristdemokraterna.se\\\/vasterbotten\\\/\",\"name\":\"KRISTDEMOKRATERNA i V\u00e4sterbotten\",\"description\":\"Varje m\u00e4nniska ska bem\u00f6tas med v\u00e4rdighet!\",\"inLanguage\":\"sv-SE\"}]}<\/script>\n<!-- \/ Yoast SEO plugin. -->","yoast_head_json":{"title":"V\u00e5r politik - KRISTDEMOKRATERNA i V\u00e4sterbotten","robots":{"index":"index","follow":"follow","max-snippet":"max-snippet:-1","max-image-preview":"max-image-preview:large","max-video-preview":"max-video-preview:-1"},"canonical":"https:\/\/wp.kristdemokraterna.se\/vasterbotten\/var-politik-2\/","og_locale":"sv_SE","og_type":"article","og_title":"V\u00e5r politik - KRISTDEMOKRATERNA i V\u00e4sterbotten","og_description":"&nbsp; V\u00e5rt m\u00e5l \u00e4r ett samh\u00e4lle d\u00e4r frihet f\u00f6renas med omsorg om de svaga. Ett samh\u00e4lle som st\u00f6djer familjen och skapar f\u00f6ruts\u00e4ttningar f\u00f6r ett blomstrande n\u00e4rings- och f\u00f6reningsliv. Med barn och unga i fokus Sveriges utveckling avg\u00f6rs av hur vi i dag tar hand om v\u00e5ra barn och unga \u2013 hur mycket vi satsar p\u00e5 Read More","og_url":"https:\/\/wp.kristdemokraterna.se\/vasterbotten\/var-politik-2\/","og_site_name":"KRISTDEMOKRATERNA i V\u00e4sterbotten","article_publisher":"https:\/\/www.facebook.com\/kdvasterbotten\/","article_modified_time":"2014-06-18T13:07:30+00:00","twitter_card":"summary_large_image","twitter_site":"@kdvasterbotten","twitter_misc":{"Ber\u00e4knad l\u00e4stid":"1 minut"},"schema":{"@context":"https:\/\/schema.org","@graph":[{"@type":"WebPage","@id":"https:\/\/wp.kristdemokraterna.se\/vasterbotten\/var-politik-2\/","url":"https:\/\/wp.kristdemokraterna.se\/vasterbotten\/var-politik-2\/","name":"V\u00e5r politik - KRISTDEMOKRATERNA i V\u00e4sterbotten","isPartOf":{"@id":"https:\/\/wp.kristdemokraterna.se\/vasterbotten\/#website"},"datePublished":"2012-09-24T08:14:19+00:00","dateModified":"2014-06-18T13:07:30+00:00","breadcrumb":{"@id":"https:\/\/wp.kristdemokraterna.se\/vasterbotten\/var-politik-2\/#breadcrumb"},"inLanguage":"sv-SE","potentialAction":[{"@type":"ReadAction","target":["https:\/\/wp.kristdemokraterna.se\/vasterbotten\/var-politik-2\/"]}]},{"@type":"BreadcrumbList","@id":"https:\/\/wp.kristdemokraterna.se\/vasterbotten\/var-politik-2\/#breadcrumb","itemListElement":[{"@type":"ListItem","position":1,"name":"Hem","item":"https:\/\/wp.kristdemokraterna.se\/vasterbotten\/"},{"@type":"ListItem","position":2,"name":"V\u00e5r politik"}]},{"@type":"WebSite","@id":"https:\/\/wp.kristdemokraterna.se\/vasterbotten\/#website","url":"https:\/\/wp.kristdemokraterna.se\/vasterbotten\/","name":"KRISTDEMOKRATERNA i V\u00e4sterbotten","description":"Varje m\u00e4nniska ska bem\u00f6tas med v\u00e4rdighet!","inLanguage":"sv-SE"}]}},"_links":{"self":[{"href":"https:\/\/wp.kristdemokraterna.se\/vasterbotten\/wp-json\/wp\/v2\/pages\/35","targetHints":{"allow":["GET"]}}],"collection":[{"href":"https:\/\/wp.kristdemokraterna.se\/vasterbotten\/wp-json\/wp\/v2\/pages"}],"about":[{"href":"https:\/\/wp.kristdemokraterna.se\/vasterbotten\/wp-json\/wp\/v2\/types\/page"}],"author":[{"embeddable":true,"href":"https:\/\/wp.kristdemokraterna.se\/vasterbotten\/wp-json\/wp\/v2\/users\/31"}],"replies":[{"embeddable":true,"href":"https:\/\/wp.kristdemokraterna.se\/vasterbotten\/wp-json\/wp\/v2\/comments?post=35"}],"version-history":[{"count":33,"href":"https:\/\/wp.kristdemokraterna.se\/vasterbotten\/wp-json\/wp\/v2\/pages\/35\/revisions"}],"predecessor-version":[{"id":1525,"href":"https:\/\/wp.kristdemokraterna.se\/vasterbotten\/wp-json\/wp\/v2\/pages\/35\/revisions\/1525"}],"wp:attachment":[{"href":"https:\/\/wp.kristdemokraterna.se\/vasterbotten\/wp-json\/wp\/v2\/media?parent=35"}],"curies":[{"name":"wp","href":"https:\/\/api.w.org\/{rel}","templated":true}]}}