{"id":119044,"date":"2018-08-01T19:33:16","date_gmt":"2018-08-01T17:33:16","guid":{"rendered":"http:\/\/wp.kristdemokraterna.se\/vasternorrland\/?page_id=119044"},"modified":"2018-10-09T13:18:54","modified_gmt":"2018-10-09T11:18:54","slug":"vardig-tillganglig-jamlik-vard-i-hela-lanet","status":"publish","type":"page","link":"https:\/\/wp.kristdemokraterna.se\/vasternorrland\/tidigare-val\/valet-2018\/vardig-tillganglig-jamlik-vard-i-hela-lanet\/","title":{"rendered":"En v\u00e4rdig, tillg\u00e4nglig och j\u00e4mlik v\u00e5rd i hela l\u00e4net!"},"content":{"rendered":"<table>\n<tbody>\n<tr>\n<td style=\"padding-right: 10px\">Region V\u00e4sternorrland har fullst\u00e4ndigt sp\u00e5rat ur. Nuvarande majoriteten har visat upp en aldrig sk\u00e5dad brist p\u00e5 styrning och ledning. Politiker i ledande positioner har kommit och g\u00e5tt. Regiondirekt\u00f6rer och andra h\u00f6ga chefer byts p\u00e5 l\u00f6pande band. Tillg\u00e4ngligheten till v\u00e5rden har p\u00e5 n\u00e5gra f\u00e5 \u00e5r f\u00f6rs\u00e4mrats dramatiskt. Ekonomin \u00e4r \u00e5ter k\u00f6rd i botten. Trots 300 friska miljoner efter en rej\u00e4l skatteh\u00f6jning n\u00e4rmar man sig \u00e5ter minusresultat med stormsteg.Det \u00e4r inte att undra p\u00e5 n\u00e4r det \u00e4r ett faktum att personalen flyr landstinget. Under 2017 ber\u00e4knas \u00f6ver 500 miljoner av skattebetalarnas medel g\u00e5 till att bekosta stafetter. Till detta f\u00e5r vi inte gl\u00f6mma \u00c5dalen 2015 n\u00e4r tiotusendals demonstrerade mot majoritetens strukturf\u00f6r\u00e4ndringar som d\u00e5 framf\u00f6r allt p\u00e5verkade sjukv\u00e5rden f\u00f6r Sollefte\u00e5borna. Vad blev det av alla de miljoner som man p\u00e5stod sig skulle spara p\u00e5 detta undrar f\u00f6rst\u00e5s m\u00e5nga.<\/p>\n<p>Vi g\u00e5r till val f\u00f6r att f\u00e5 ordning p\u00e5 oredan. Man kan inte forts\u00e4tta p\u00e5 den inslagna v\u00e4gen att sl\u00e5 s\u00f6nder fungerande verksamheter bara f\u00f6r sj\u00e4lv\u00e4ndam\u00e5let att allt ska centraliseras. Kraftanstr\u00e4ngningar m\u00e5ste g\u00f6ras f\u00f6r att skapa strukturer som g\u00f6r att folk vill jobba och stanna kvar i Region V\u00e4sternorrland. F\u00f6rtroendet hos inv\u00e5narna m\u00e5ste \u00e5teruppbyggas. Med respekt, gott bem\u00f6tande samt f\u00f6rb\u00e4ttrad intern och extern kommunikation och dialog \u00e5teruppr\u00e4ttas f\u00f6rtroendet hos s\u00e5v\u00e4l l\u00e4nets inv\u00e5nare som regionens medarbetare.<\/p>\n<p>Vi ska ha en v\u00e4rdig, tillg\u00e4nglig och j\u00e4mlik v\u00e5rd i hela l\u00e4net!<\/p>\n<p>V\u00c5RT V\u00c4LF\u00c4RDSL\u00d6FTE<\/p>\n<ul>\n<li>f\u00f6rb\u00e4ttrad intern och extern dialog<\/li>\n<li>lokalt ledarskap inom l\u00e4nsverksamheterna<\/li>\n<li>en ny personalpolitik<\/li>\n<li>personcentrerad v\u00e5rd inom h\u00e4lso- och sjukv\u00e5rden<\/li>\n<li>stopp f\u00f6r f\u00f6r den nu f\u00f6rda centraliseringspolitiken<\/li>\n<\/ul>\n<\/td>\n<td style=\"vertical-align: top\"><div id=\"attachment_120740\" style=\"width: 310px\" class=\"wp-caption alignright\"><img loading=\"lazy\" decoding=\"async\" aria-describedby=\"caption-attachment-120740\" class=\"wp-image-120740 size-medium\" src=\"http:\/\/wp.kristdemokraterna.se\/vasternorrland\/files\/2018\/08\/regionkandidater-2-300x200.jpg\" alt=\"\" width=\"300\" height=\"200\" srcset=\"https:\/\/wp.kristdemokraterna.se\/vasternorrland\/files\/2018\/08\/regionkandidater-2-300x200.jpg 300w, https:\/\/wp.kristdemokraterna.se\/vasternorrland\/files\/2018\/08\/regionkandidater-2-768x512.jpg 768w, https:\/\/wp.kristdemokraterna.se\/vasternorrland\/files\/2018\/08\/regionkandidater-2-540x360.jpg 540w, https:\/\/wp.kristdemokraterna.se\/vasternorrland\/files\/2018\/08\/regionkandidater-2-370x247.jpg 370w, https:\/\/wp.kristdemokraterna.se\/vasternorrland\/files\/2018\/08\/regionkandidater-2-770x513.jpg 770w, https:\/\/wp.kristdemokraterna.se\/vasternorrland\/files\/2018\/08\/regionkandidater-2-450x300.jpg 450w, https:\/\/wp.kristdemokraterna.se\/vasternorrland\/files\/2018\/08\/regionkandidater-2-280x187.jpg 280w, https:\/\/wp.kristdemokraterna.se\/vasternorrland\/files\/2018\/08\/regionkandidater-2-340x227.jpg 340w, https:\/\/wp.kristdemokraterna.se\/vasternorrland\/files\/2018\/08\/regionkandidater-2-200x133.jpg 200w, https:\/\/wp.kristdemokraterna.se\/vasternorrland\/files\/2018\/08\/regionkandidater-2-84x56.jpg 84w, https:\/\/wp.kristdemokraterna.se\/vasternorrland\/files\/2018\/08\/regionkandidater-2.jpg 1181w\" sizes=\"auto, (max-width: 300px) 100vw, 300px\" \/><p id=\"caption-attachment-120740\" class=\"wp-caption-text\">Henrik Sendelbach, Timr\u00e5 (5 p\u00e5 listan)<br \/>Joachim Jonsson Sundsvall (2 p\u00e5 listan)<br \/>Mona Hammarstedt, Fr\u00e4nsta (1 p\u00e5 listan)<br \/>Bo Grafstr\u00f6m, Kramfors (4 p\u00e5 listan)<br \/>Foto: Elisabeth \u00d6hman<\/p><\/div><br \/>\n<div id=\"attachment_120613\" style=\"width: 310px\" class=\"wp-caption alignright\"><img loading=\"lazy\" decoding=\"async\" aria-describedby=\"caption-attachment-120613\" class=\"wp-image-120613 size-medium\" src=\"http:\/\/wp.kristdemokraterna.se\/vasternorrland\/files\/2018\/08\/0f7c8ab0-112a-423f-bcbf-90568763c8a5-300x200.jpeg\" alt=\"\" width=\"300\" height=\"200\" srcset=\"https:\/\/wp.kristdemokraterna.se\/vasternorrland\/files\/2018\/08\/0f7c8ab0-112a-423f-bcbf-90568763c8a5-300x200.jpeg 300w, https:\/\/wp.kristdemokraterna.se\/vasternorrland\/files\/2018\/08\/0f7c8ab0-112a-423f-bcbf-90568763c8a5-768x512.jpeg 768w, https:\/\/wp.kristdemokraterna.se\/vasternorrland\/files\/2018\/08\/0f7c8ab0-112a-423f-bcbf-90568763c8a5-540x360.jpeg 540w, https:\/\/wp.kristdemokraterna.se\/vasternorrland\/files\/2018\/08\/0f7c8ab0-112a-423f-bcbf-90568763c8a5-370x247.jpeg 370w, https:\/\/wp.kristdemokraterna.se\/vasternorrland\/files\/2018\/08\/0f7c8ab0-112a-423f-bcbf-90568763c8a5-770x513.jpeg 770w, https:\/\/wp.kristdemokraterna.se\/vasternorrland\/files\/2018\/08\/0f7c8ab0-112a-423f-bcbf-90568763c8a5-450x300.jpeg 450w, https:\/\/wp.kristdemokraterna.se\/vasternorrland\/files\/2018\/08\/0f7c8ab0-112a-423f-bcbf-90568763c8a5-280x187.jpeg 280w, https:\/\/wp.kristdemokraterna.se\/vasternorrland\/files\/2018\/08\/0f7c8ab0-112a-423f-bcbf-90568763c8a5-340x227.jpeg 340w, https:\/\/wp.kristdemokraterna.se\/vasternorrland\/files\/2018\/08\/0f7c8ab0-112a-423f-bcbf-90568763c8a5-200x133.jpeg 200w, https:\/\/wp.kristdemokraterna.se\/vasternorrland\/files\/2018\/08\/0f7c8ab0-112a-423f-bcbf-90568763c8a5-84x56.jpeg 84w\" sizes=\"auto, (max-width: 300px) 100vw, 300px\" \/><p id=\"caption-attachment-120613\" class=\"wp-caption-text\">Maria Borgehammar, \u00d6-vik (6 p\u00e5 listan)<br \/>Michal Zakolski, Bredbyn (3 p\u00e5 listan)<br \/>Foto: Jonas Forsberg<\/p><\/div>\n<\/td>\n<\/tr>\n<\/tbody>\n<\/table>\n","protected":false},"excerpt":{"rendered":"<p>Region V\u00e4sternorrland har fullst\u00e4ndigt sp\u00e5rat ur. Nuvarande majoriteten har visat upp en aldrig sk\u00e5dad brist p\u00e5 styrning och ledning. Politiker i ledande positioner har kommit och g\u00e5tt. Regiondirekt\u00f6rer och andra h\u00f6ga chefer byts p\u00e5 l\u00f6pande band. Tillg\u00e4ngligheten till v\u00e5rden har p\u00e5 n\u00e5gra f\u00e5 \u00e5r f\u00f6rs\u00e4mrats dramatiskt. Ekonomin \u00e4r \u00e5ter k\u00f6rd i botten. Trots 300 friska <a class=\"read-more-link\" href=\"https:\/\/wp.kristdemokraterna.se\/vasternorrland\/tidigare-val\/valet-2018\/vardig-tillganglig-jamlik-vard-i-hela-lanet\/\">Read More<\/a><\/p>\n","protected":false},"author":787,"featured_media":0,"parent":136280,"menu_order":0,"comment_status":"closed","ping_status":"closed","template":"page-full.php","meta":{"_acf_changed":false,"footnotes":""},"class_list":["post-119044","page","type-page","status-publish","hentry"],"acf":[],"yoast_head":"<!-- This site is optimized with the Yoast SEO plugin v27.3 - https:\/\/yoast.com\/product\/yoast-seo-wordpress\/ -->\n<title>En v\u00e4rdig, tillg\u00e4nglig och j\u00e4mlik v\u00e5rd i hela l\u00e4net! | KD V\u00e4sternorrland<\/title>\n<meta name=\"robots\" content=\"index, follow, max-snippet:-1, max-image-preview:large, max-video-preview:-1\" \/>\n<link rel=\"canonical\" href=\"https:\/\/wp.kristdemokraterna.se\/vasternorrland\/tidigare-val\/valet-2018\/vardig-tillganglig-jamlik-vard-i-hela-lanet\/\" \/>\n<meta property=\"og:locale\" content=\"sv_SE\" \/>\n<meta property=\"og:type\" content=\"article\" \/>\n<meta property=\"og:title\" content=\"En v\u00e4rdig, tillg\u00e4nglig och j\u00e4mlik v\u00e5rd i hela l\u00e4net! | KD V\u00e4sternorrland\" \/>\n<meta property=\"og:description\" content=\"Region V\u00e4sternorrland har fullst\u00e4ndigt sp\u00e5rat ur. Nuvarande majoriteten har visat upp en aldrig sk\u00e5dad brist p\u00e5 styrning och ledning. Politiker i ledande positioner har kommit och g\u00e5tt. Regiondirekt\u00f6rer och andra h\u00f6ga chefer byts p\u00e5 l\u00f6pande band. Tillg\u00e4ngligheten till v\u00e5rden har p\u00e5 n\u00e5gra f\u00e5 \u00e5r f\u00f6rs\u00e4mrats dramatiskt. Ekonomin \u00e4r \u00e5ter k\u00f6rd i botten. Trots 300 friska Read More\" \/>\n<meta property=\"og:url\" content=\"https:\/\/wp.kristdemokraterna.se\/vasternorrland\/tidigare-val\/valet-2018\/vardig-tillganglig-jamlik-vard-i-hela-lanet\/\" \/>\n<meta property=\"og:site_name\" content=\"KD V\u00e4sternorrland\" \/>\n<meta property=\"article:publisher\" content=\"https:\/\/www.facebook.com\/kdrvn\/\" \/>\n<meta property=\"article:modified_time\" content=\"2018-10-09T11:18:54+00:00\" \/>\n<meta property=\"og:image\" content=\"http:\/\/wp.kristdemokraterna.se\/vasternorrland\/files\/2018\/08\/regionkandidater-2-300x200.jpg\" \/>\n<meta name=\"twitter:card\" content=\"summary_large_image\" \/>\n<meta name=\"twitter:label1\" content=\"Ber\u00e4knad l\u00e4stid\" \/>\n\t<meta name=\"twitter:data1\" content=\"2 minuter\" \/>\n<script type=\"application\/ld+json\" class=\"yoast-schema-graph\">{\"@context\":\"https:\\\/\\\/schema.org\",\"@graph\":[{\"@type\":\"WebPage\",\"@id\":\"https:\\\/\\\/wp.kristdemokraterna.se\\\/vasternorrland\\\/tidigare-val\\\/valet-2018\\\/vardig-tillganglig-jamlik-vard-i-hela-lanet\\\/\",\"url\":\"https:\\\/\\\/wp.kristdemokraterna.se\\\/vasternorrland\\\/tidigare-val\\\/valet-2018\\\/vardig-tillganglig-jamlik-vard-i-hela-lanet\\\/\",\"name\":\"En v\u00e4rdig, tillg\u00e4nglig och j\u00e4mlik v\u00e5rd i hela l\u00e4net! | KD V\u00e4sternorrland\",\"isPartOf\":{\"@id\":\"https:\\\/\\\/wp.kristdemokraterna.se\\\/vasternorrland\\\/#website\"},\"primaryImageOfPage\":{\"@id\":\"https:\\\/\\\/wp.kristdemokraterna.se\\\/vasternorrland\\\/tidigare-val\\\/valet-2018\\\/vardig-tillganglig-jamlik-vard-i-hela-lanet\\\/#primaryimage\"},\"image\":{\"@id\":\"https:\\\/\\\/wp.kristdemokraterna.se\\\/vasternorrland\\\/tidigare-val\\\/valet-2018\\\/vardig-tillganglig-jamlik-vard-i-hela-lanet\\\/#primaryimage\"},\"thumbnailUrl\":\"http:\\\/\\\/wp.kristdemokraterna.se\\\/vasternorrland\\\/files\\\/2018\\\/08\\\/regionkandidater-2-300x200.jpg\",\"datePublished\":\"2018-08-01T17:33:16+00:00\",\"dateModified\":\"2018-10-09T11:18:54+00:00\",\"breadcrumb\":{\"@id\":\"https:\\\/\\\/wp.kristdemokraterna.se\\\/vasternorrland\\\/tidigare-val\\\/valet-2018\\\/vardig-tillganglig-jamlik-vard-i-hela-lanet\\\/#breadcrumb\"},\"inLanguage\":\"sv-SE\",\"potentialAction\":[{\"@type\":\"ReadAction\",\"target\":[\"https:\\\/\\\/wp.kristdemokraterna.se\\\/vasternorrland\\\/tidigare-val\\\/valet-2018\\\/vardig-tillganglig-jamlik-vard-i-hela-lanet\\\/\"]}]},{\"@type\":\"ImageObject\",\"inLanguage\":\"sv-SE\",\"@id\":\"https:\\\/\\\/wp.kristdemokraterna.se\\\/vasternorrland\\\/tidigare-val\\\/valet-2018\\\/vardig-tillganglig-jamlik-vard-i-hela-lanet\\\/#primaryimage\",\"url\":\"https:\\\/\\\/wp.kristdemokraterna.se\\\/vasternorrland\\\/files\\\/2018\\\/08\\\/regionkandidater-2.jpg\",\"contentUrl\":\"https:\\\/\\\/wp.kristdemokraterna.se\\\/vasternorrland\\\/files\\\/2018\\\/08\\\/regionkandidater-2.jpg\",\"width\":1181,\"height\":787},{\"@type\":\"BreadcrumbList\",\"@id\":\"https:\\\/\\\/wp.kristdemokraterna.se\\\/vasternorrland\\\/tidigare-val\\\/valet-2018\\\/vardig-tillganglig-jamlik-vard-i-hela-lanet\\\/#breadcrumb\",\"itemListElement\":[{\"@type\":\"ListItem\",\"position\":1,\"name\":\"Hem\",\"item\":\"https:\\\/\\\/wp.kristdemokraterna.se\\\/vasternorrland\\\/\"},{\"@type\":\"ListItem\",\"position\":2,\"name\":\"Tidigare val\",\"item\":\"https:\\\/\\\/wp.kristdemokraterna.se\\\/vasternorrland\\\/tidigare-val\\\/\"},{\"@type\":\"ListItem\",\"position\":3,\"name\":\"Valet 2018\",\"item\":\"https:\\\/\\\/wp.kristdemokraterna.se\\\/vasternorrland\\\/tidigare-val\\\/valet-2018\\\/\"},{\"@type\":\"ListItem\",\"position\":4,\"name\":\"En v\u00e4rdig, tillg\u00e4nglig och j\u00e4mlik v\u00e5rd i hela l\u00e4net!\"}]},{\"@type\":\"WebSite\",\"@id\":\"https:\\\/\\\/wp.kristdemokraterna.se\\\/vasternorrland\\\/#website\",\"url\":\"https:\\\/\\\/wp.kristdemokraterna.se\\\/vasternorrland\\\/\",\"name\":\"KD V\u00e4sternorrland\",\"description\":\"V\u00e5rda v\u00e5rden - utveckla prim\u00e4rv\u00e5rden\",\"inLanguage\":\"sv-SE\"}]}<\/script>\n<!-- \/ Yoast SEO plugin. -->","yoast_head_json":{"title":"En v\u00e4rdig, tillg\u00e4nglig och j\u00e4mlik v\u00e5rd i hela l\u00e4net! | KD V\u00e4sternorrland","robots":{"index":"index","follow":"follow","max-snippet":"max-snippet:-1","max-image-preview":"max-image-preview:large","max-video-preview":"max-video-preview:-1"},"canonical":"https:\/\/wp.kristdemokraterna.se\/vasternorrland\/tidigare-val\/valet-2018\/vardig-tillganglig-jamlik-vard-i-hela-lanet\/","og_locale":"sv_SE","og_type":"article","og_title":"En v\u00e4rdig, tillg\u00e4nglig och j\u00e4mlik v\u00e5rd i hela l\u00e4net! | KD V\u00e4sternorrland","og_description":"Region V\u00e4sternorrland har fullst\u00e4ndigt sp\u00e5rat ur. Nuvarande majoriteten har visat upp en aldrig sk\u00e5dad brist p\u00e5 styrning och ledning. Politiker i ledande positioner har kommit och g\u00e5tt. Regiondirekt\u00f6rer och andra h\u00f6ga chefer byts p\u00e5 l\u00f6pande band. Tillg\u00e4ngligheten till v\u00e5rden har p\u00e5 n\u00e5gra f\u00e5 \u00e5r f\u00f6rs\u00e4mrats dramatiskt. Ekonomin \u00e4r \u00e5ter k\u00f6rd i botten. Trots 300 friska Read More","og_url":"https:\/\/wp.kristdemokraterna.se\/vasternorrland\/tidigare-val\/valet-2018\/vardig-tillganglig-jamlik-vard-i-hela-lanet\/","og_site_name":"KD V\u00e4sternorrland","article_publisher":"https:\/\/www.facebook.com\/kdrvn\/","article_modified_time":"2018-10-09T11:18:54+00:00","og_image":[{"url":"http:\/\/wp.kristdemokraterna.se\/vasternorrland\/files\/2018\/08\/regionkandidater-2-300x200.jpg","type":"","width":"","height":""}],"twitter_card":"summary_large_image","twitter_misc":{"Ber\u00e4knad l\u00e4stid":"2 minuter"},"schema":{"@context":"https:\/\/schema.org","@graph":[{"@type":"WebPage","@id":"https:\/\/wp.kristdemokraterna.se\/vasternorrland\/tidigare-val\/valet-2018\/vardig-tillganglig-jamlik-vard-i-hela-lanet\/","url":"https:\/\/wp.kristdemokraterna.se\/vasternorrland\/tidigare-val\/valet-2018\/vardig-tillganglig-jamlik-vard-i-hela-lanet\/","name":"En v\u00e4rdig, tillg\u00e4nglig och j\u00e4mlik v\u00e5rd i hela l\u00e4net! | KD V\u00e4sternorrland","isPartOf":{"@id":"https:\/\/wp.kristdemokraterna.se\/vasternorrland\/#website"},"primaryImageOfPage":{"@id":"https:\/\/wp.kristdemokraterna.se\/vasternorrland\/tidigare-val\/valet-2018\/vardig-tillganglig-jamlik-vard-i-hela-lanet\/#primaryimage"},"image":{"@id":"https:\/\/wp.kristdemokraterna.se\/vasternorrland\/tidigare-val\/valet-2018\/vardig-tillganglig-jamlik-vard-i-hela-lanet\/#primaryimage"},"thumbnailUrl":"http:\/\/wp.kristdemokraterna.se\/vasternorrland\/files\/2018\/08\/regionkandidater-2-300x200.jpg","datePublished":"2018-08-01T17:33:16+00:00","dateModified":"2018-10-09T11:18:54+00:00","breadcrumb":{"@id":"https:\/\/wp.kristdemokraterna.se\/vasternorrland\/tidigare-val\/valet-2018\/vardig-tillganglig-jamlik-vard-i-hela-lanet\/#breadcrumb"},"inLanguage":"sv-SE","potentialAction":[{"@type":"ReadAction","target":["https:\/\/wp.kristdemokraterna.se\/vasternorrland\/tidigare-val\/valet-2018\/vardig-tillganglig-jamlik-vard-i-hela-lanet\/"]}]},{"@type":"ImageObject","inLanguage":"sv-SE","@id":"https:\/\/wp.kristdemokraterna.se\/vasternorrland\/tidigare-val\/valet-2018\/vardig-tillganglig-jamlik-vard-i-hela-lanet\/#primaryimage","url":"https:\/\/wp.kristdemokraterna.se\/vasternorrland\/files\/2018\/08\/regionkandidater-2.jpg","contentUrl":"https:\/\/wp.kristdemokraterna.se\/vasternorrland\/files\/2018\/08\/regionkandidater-2.jpg","width":1181,"height":787},{"@type":"BreadcrumbList","@id":"https:\/\/wp.kristdemokraterna.se\/vasternorrland\/tidigare-val\/valet-2018\/vardig-tillganglig-jamlik-vard-i-hela-lanet\/#breadcrumb","itemListElement":[{"@type":"ListItem","position":1,"name":"Hem","item":"https:\/\/wp.kristdemokraterna.se\/vasternorrland\/"},{"@type":"ListItem","position":2,"name":"Tidigare val","item":"https:\/\/wp.kristdemokraterna.se\/vasternorrland\/tidigare-val\/"},{"@type":"ListItem","position":3,"name":"Valet 2018","item":"https:\/\/wp.kristdemokraterna.se\/vasternorrland\/tidigare-val\/valet-2018\/"},{"@type":"ListItem","position":4,"name":"En v\u00e4rdig, tillg\u00e4nglig och j\u00e4mlik v\u00e5rd i hela l\u00e4net!"}]},{"@type":"WebSite","@id":"https:\/\/wp.kristdemokraterna.se\/vasternorrland\/#website","url":"https:\/\/wp.kristdemokraterna.se\/vasternorrland\/","name":"KD V\u00e4sternorrland","description":"V\u00e5rda v\u00e5rden - utveckla prim\u00e4rv\u00e5rden","inLanguage":"sv-SE"}]}},"_links":{"self":[{"href":"https:\/\/wp.kristdemokraterna.se\/vasternorrland\/wp-json\/wp\/v2\/pages\/119044","targetHints":{"allow":["GET"]}}],"collection":[{"href":"https:\/\/wp.kristdemokraterna.se\/vasternorrland\/wp-json\/wp\/v2\/pages"}],"about":[{"href":"https:\/\/wp.kristdemokraterna.se\/vasternorrland\/wp-json\/wp\/v2\/types\/page"}],"author":[{"embeddable":true,"href":"https:\/\/wp.kristdemokraterna.se\/vasternorrland\/wp-json\/wp\/v2\/users\/787"}],"replies":[{"embeddable":true,"href":"https:\/\/wp.kristdemokraterna.se\/vasternorrland\/wp-json\/wp\/v2\/comments?post=119044"}],"version-history":[{"count":6,"href":"https:\/\/wp.kristdemokraterna.se\/vasternorrland\/wp-json\/wp\/v2\/pages\/119044\/revisions"}],"predecessor-version":[{"id":120741,"href":"https:\/\/wp.kristdemokraterna.se\/vasternorrland\/wp-json\/wp\/v2\/pages\/119044\/revisions\/120741"}],"up":[{"embeddable":true,"href":"https:\/\/wp.kristdemokraterna.se\/vasternorrland\/wp-json\/wp\/v2\/pages\/136280"}],"wp:attachment":[{"href":"https:\/\/wp.kristdemokraterna.se\/vasternorrland\/wp-json\/wp\/v2\/media?parent=119044"}],"curies":[{"name":"wp","href":"https:\/\/api.w.org\/{rel}","templated":true}]}}