{"id":119906,"date":"2018-08-05T15:21:45","date_gmt":"2018-08-05T13:21:45","guid":{"rendered":"http:\/\/wp.kristdemokraterna.se\/vasternorrland\/?page_id=119906"},"modified":"2018-08-05T15:21:45","modified_gmt":"2018-08-05T13:21:45","slug":"engagera-dig","status":"publish","type":"page","link":"https:\/\/wp.kristdemokraterna.se\/vasternorrland\/engagera-dig\/","title":{"rendered":"Engagera dig"},"content":{"rendered":"<p>Kristdemokraterna vill vara med och bygga ett samh\u00e4lle som pr\u00e4glas av frihet och gemenskap. Ett samh\u00e4lle d\u00e4r ingen h\u00e5lls tillbaka och ingen l\u00e4mnas efter. Delar du v\u00e5r vision? Hos oss f\u00e5r du en m\u00f6jlighet att arbeta f\u00f6r det du tror p\u00e5, och bidra med dina tankar och erfarenheter. Du f\u00e5r\u00a0chansen att bli en av dem som formar framtiden. Ta den!<\/p>\n<p><a href=\"https:\/\/kristdemokraterna.se\/om-oss\/foretradare\/lokalt\/\">H\u00e4r hittar du dina lokala f\u00f6retr\u00e4dare!<\/a><\/p>\n","protected":false},"excerpt":{"rendered":"<p>Kristdemokraterna vill vara med och bygga ett samh\u00e4lle som pr\u00e4glas av frihet och gemenskap. Ett samh\u00e4lle d\u00e4r ingen h\u00e5lls tillbaka och ingen l\u00e4mnas efter. Delar du v\u00e5r vision? Hos oss f\u00e5r du en m\u00f6jlighet att arbeta f\u00f6r det du tror p\u00e5, och bidra med dina tankar och erfarenheter. Du f\u00e5r\u00a0chansen att bli en av dem <a class=\"read-more-link\" href=\"https:\/\/wp.kristdemokraterna.se\/vasternorrland\/engagera-dig\/\">Read More<\/a><\/p>\n","protected":false},"author":787,"featured_media":0,"parent":0,"menu_order":0,"comment_status":"closed","ping_status":"closed","template":"","meta":{"_acf_changed":false,"footnotes":""},"class_list":["post-119906","page","type-page","status-publish","hentry"],"acf":[],"yoast_head":"<!-- This site is optimized with the Yoast SEO plugin v27.3 - https:\/\/yoast.com\/product\/yoast-seo-wordpress\/ -->\n<title>Engagera dig | KD V\u00e4sternorrland<\/title>\n<meta name=\"robots\" content=\"index, follow, max-snippet:-1, max-image-preview:large, max-video-preview:-1\" \/>\n<link rel=\"canonical\" href=\"https:\/\/wp.kristdemokraterna.se\/vasternorrland\/engagera-dig\/\" \/>\n<meta property=\"og:locale\" content=\"sv_SE\" \/>\n<meta property=\"og:type\" content=\"article\" \/>\n<meta property=\"og:title\" content=\"Engagera dig | KD V\u00e4sternorrland\" \/>\n<meta property=\"og:description\" content=\"Kristdemokraterna vill vara med och bygga ett samh\u00e4lle som pr\u00e4glas av frihet och gemenskap. Ett samh\u00e4lle d\u00e4r ingen h\u00e5lls tillbaka och ingen l\u00e4mnas efter. Delar du v\u00e5r vision? Hos oss f\u00e5r du en m\u00f6jlighet att arbeta f\u00f6r det du tror p\u00e5, och bidra med dina tankar och erfarenheter. Du f\u00e5r\u00a0chansen att bli en av dem Read More\" \/>\n<meta property=\"og:url\" content=\"https:\/\/wp.kristdemokraterna.se\/vasternorrland\/engagera-dig\/\" \/>\n<meta property=\"og:site_name\" content=\"KD V\u00e4sternorrland\" \/>\n<meta property=\"article:publisher\" content=\"https:\/\/www.facebook.com\/kdrvn\/\" \/>\n<meta name=\"twitter:card\" content=\"summary_large_image\" \/>\n<script type=\"application\/ld+json\" class=\"yoast-schema-graph\">{\"@context\":\"https:\\\/\\\/schema.org\",\"@graph\":[{\"@type\":\"WebPage\",\"@id\":\"https:\\\/\\\/wp.kristdemokraterna.se\\\/vasternorrland\\\/engagera-dig\\\/\",\"url\":\"https:\\\/\\\/wp.kristdemokraterna.se\\\/vasternorrland\\\/engagera-dig\\\/\",\"name\":\"Engagera dig | KD V\u00e4sternorrland\",\"isPartOf\":{\"@id\":\"https:\\\/\\\/wp.kristdemokraterna.se\\\/vasternorrland\\\/#website\"},\"datePublished\":\"2018-08-05T13:21:45+00:00\",\"breadcrumb\":{\"@id\":\"https:\\\/\\\/wp.kristdemokraterna.se\\\/vasternorrland\\\/engagera-dig\\\/#breadcrumb\"},\"inLanguage\":\"sv-SE\",\"potentialAction\":[{\"@type\":\"ReadAction\",\"target\":[\"https:\\\/\\\/wp.kristdemokraterna.se\\\/vasternorrland\\\/engagera-dig\\\/\"]}]},{\"@type\":\"BreadcrumbList\",\"@id\":\"https:\\\/\\\/wp.kristdemokraterna.se\\\/vasternorrland\\\/engagera-dig\\\/#breadcrumb\",\"itemListElement\":[{\"@type\":\"ListItem\",\"position\":1,\"name\":\"Hem\",\"item\":\"https:\\\/\\\/wp.kristdemokraterna.se\\\/vasternorrland\\\/\"},{\"@type\":\"ListItem\",\"position\":2,\"name\":\"Engagera dig\"}]},{\"@type\":\"WebSite\",\"@id\":\"https:\\\/\\\/wp.kristdemokraterna.se\\\/vasternorrland\\\/#website\",\"url\":\"https:\\\/\\\/wp.kristdemokraterna.se\\\/vasternorrland\\\/\",\"name\":\"KD V\u00e4sternorrland\",\"description\":\"V\u00e5rda v\u00e5rden - utveckla prim\u00e4rv\u00e5rden\",\"inLanguage\":\"sv-SE\"}]}<\/script>\n<!-- \/ Yoast SEO plugin. -->","yoast_head_json":{"title":"Engagera dig | KD V\u00e4sternorrland","robots":{"index":"index","follow":"follow","max-snippet":"max-snippet:-1","max-image-preview":"max-image-preview:large","max-video-preview":"max-video-preview:-1"},"canonical":"https:\/\/wp.kristdemokraterna.se\/vasternorrland\/engagera-dig\/","og_locale":"sv_SE","og_type":"article","og_title":"Engagera dig | KD V\u00e4sternorrland","og_description":"Kristdemokraterna vill vara med och bygga ett samh\u00e4lle som pr\u00e4glas av frihet och gemenskap. Ett samh\u00e4lle d\u00e4r ingen h\u00e5lls tillbaka och ingen l\u00e4mnas efter. Delar du v\u00e5r vision? Hos oss f\u00e5r du en m\u00f6jlighet att arbeta f\u00f6r det du tror p\u00e5, och bidra med dina tankar och erfarenheter. Du f\u00e5r\u00a0chansen att bli en av dem Read More","og_url":"https:\/\/wp.kristdemokraterna.se\/vasternorrland\/engagera-dig\/","og_site_name":"KD V\u00e4sternorrland","article_publisher":"https:\/\/www.facebook.com\/kdrvn\/","twitter_card":"summary_large_image","schema":{"@context":"https:\/\/schema.org","@graph":[{"@type":"WebPage","@id":"https:\/\/wp.kristdemokraterna.se\/vasternorrland\/engagera-dig\/","url":"https:\/\/wp.kristdemokraterna.se\/vasternorrland\/engagera-dig\/","name":"Engagera dig | KD V\u00e4sternorrland","isPartOf":{"@id":"https:\/\/wp.kristdemokraterna.se\/vasternorrland\/#website"},"datePublished":"2018-08-05T13:21:45+00:00","breadcrumb":{"@id":"https:\/\/wp.kristdemokraterna.se\/vasternorrland\/engagera-dig\/#breadcrumb"},"inLanguage":"sv-SE","potentialAction":[{"@type":"ReadAction","target":["https:\/\/wp.kristdemokraterna.se\/vasternorrland\/engagera-dig\/"]}]},{"@type":"BreadcrumbList","@id":"https:\/\/wp.kristdemokraterna.se\/vasternorrland\/engagera-dig\/#breadcrumb","itemListElement":[{"@type":"ListItem","position":1,"name":"Hem","item":"https:\/\/wp.kristdemokraterna.se\/vasternorrland\/"},{"@type":"ListItem","position":2,"name":"Engagera dig"}]},{"@type":"WebSite","@id":"https:\/\/wp.kristdemokraterna.se\/vasternorrland\/#website","url":"https:\/\/wp.kristdemokraterna.se\/vasternorrland\/","name":"KD V\u00e4sternorrland","description":"V\u00e5rda v\u00e5rden - utveckla prim\u00e4rv\u00e5rden","inLanguage":"sv-SE"}]}},"_links":{"self":[{"href":"https:\/\/wp.kristdemokraterna.se\/vasternorrland\/wp-json\/wp\/v2\/pages\/119906","targetHints":{"allow":["GET"]}}],"collection":[{"href":"https:\/\/wp.kristdemokraterna.se\/vasternorrland\/wp-json\/wp\/v2\/pages"}],"about":[{"href":"https:\/\/wp.kristdemokraterna.se\/vasternorrland\/wp-json\/wp\/v2\/types\/page"}],"author":[{"embeddable":true,"href":"https:\/\/wp.kristdemokraterna.se\/vasternorrland\/wp-json\/wp\/v2\/users\/787"}],"replies":[{"embeddable":true,"href":"https:\/\/wp.kristdemokraterna.se\/vasternorrland\/wp-json\/wp\/v2\/comments?post=119906"}],"version-history":[{"count":1,"href":"https:\/\/wp.kristdemokraterna.se\/vasternorrland\/wp-json\/wp\/v2\/pages\/119906\/revisions"}],"predecessor-version":[{"id":120153,"href":"https:\/\/wp.kristdemokraterna.se\/vasternorrland\/wp-json\/wp\/v2\/pages\/119906\/revisions\/120153"}],"wp:attachment":[{"href":"https:\/\/wp.kristdemokraterna.se\/vasternorrland\/wp-json\/wp\/v2\/media?parent=119906"}],"curies":[{"name":"wp","href":"https:\/\/api.w.org\/{rel}","templated":true}]}}