{"id":120219,"date":"2018-08-01T21:15:04","date_gmt":"2018-08-01T19:15:04","guid":{"rendered":"http:\/\/wp.kristdemokraterna.se\/vasternorrland\/?page_id=120219"},"modified":"2018-10-09T13:18:44","modified_gmt":"2018-10-09T11:18:44","slug":"du-ska-kunna-lita-pa-sverige","status":"publish","type":"page","link":"https:\/\/wp.kristdemokraterna.se\/vasternorrland\/tidigare-val\/valet-2018\/du-ska-kunna-lita-pa-sverige\/","title":{"rendered":"Du ska kunna lita p\u00e5 Sverige"},"content":{"rendered":"<table>\n<tbody>\n<tr>\n<td style=\"padding-right: 10px\">\n<h2>V\u00e4sternorrland beh\u00f6ver en stark r\u00f6st i riksdagen. Det t\u00e4nker vi vara om vi f\u00e5r din r\u00f6st den 9:e september.<\/h2>\n<p>Vi vill ge familjer friheten att sj\u00e4lva best\u00e4mma \u00f6ver hur\u00a0f\u00f6r\u00e4ldradagarna ska f\u00f6rdelas. Vi vill f\u00f6renkla livspusslet\u00a0genom att st\u00e4rka familjers ekonomi och genom en barnomsorgspeng f\u00f6r den som tar hand om sina egna\u00a0barn i hemmet.<\/p>\n<p>Barn ska kunna lita p\u00e5 att vuxna har tid. Det \u00e4r ett v\u00e4lf\u00e4rdssvek n\u00e4r barn i V\u00e4sternorrland f\u00e5r v\u00e4nta l\u00e4ngre \u00e4n andra barn i landet f\u00f6r att f\u00e5 tid hos Barn- och ungdomspsykiatrin. Staten beh\u00f6ver nu ta ansvaret f\u00f6r sjukhusv\u00e5rden och vi f\u00f6rst\u00e4rker samtidigt psykiatrin de kommande tre \u00e5ren med 550 miljoner kronor.<\/p>\n<p>Pension\u00e4rer ska inte betala mer i skatt \u00e4n de som jobbar. Vi har s\u00e4nkt skatten p\u00e5 pension flera g\u00e5nger tidigare, men nu ska skatten f\u00f6r pension\u00e4rer och l\u00f6ntagare bli lika.<\/p>\n<p>F\u00f6r V\u00e4sternorrlands utveckling \u00e4r infrastrukturen avg\u00f6rande. Vi vill jobba f\u00f6r dubbelsp\u00e5r fr\u00e5n H\u00e4rn\u00f6sand till G\u00e4vle, en \u00f6kad tillg\u00e5ng till bredband, och f\u00f6rsvara vikten av flygplatser.<\/p>\n<p>Vi jobbar f\u00f6r ett \u00e5teruppr\u00e4ttat v\u00e4lf\u00e4rdsl\u00f6fte. Du ska kunna lita p\u00e5 Sverige!<\/p>\n<p><a href=\"http:\/\/wp.kristdemokraterna.se\/vasternorrland\/files\/2018\/08\/riksdagsfolder_preview.jpg\"><img loading=\"lazy\" decoding=\"async\" class=\"alignnone size-medium wp-image-120868\" src=\"http:\/\/wp.kristdemokraterna.se\/vasternorrland\/files\/2018\/08\/riksdagsfolder_preview-300x167.jpg\" alt=\"\" width=\"300\" height=\"167\" srcset=\"https:\/\/wp.kristdemokraterna.se\/vasternorrland\/files\/2018\/08\/riksdagsfolder_preview-300x167.jpg 300w, https:\/\/wp.kristdemokraterna.se\/vasternorrland\/files\/2018\/08\/riksdagsfolder_preview-359x200.jpg 359w, https:\/\/wp.kristdemokraterna.se\/vasternorrland\/files\/2018\/08\/riksdagsfolder_preview-370x206.jpg 370w, https:\/\/wp.kristdemokraterna.se\/vasternorrland\/files\/2018\/08\/riksdagsfolder_preview-450x251.jpg 450w, https:\/\/wp.kristdemokraterna.se\/vasternorrland\/files\/2018\/08\/riksdagsfolder_preview-280x156.jpg 280w, https:\/\/wp.kristdemokraterna.se\/vasternorrland\/files\/2018\/08\/riksdagsfolder_preview-340x189.jpg 340w, https:\/\/wp.kristdemokraterna.se\/vasternorrland\/files\/2018\/08\/riksdagsfolder_preview-200x111.jpg 200w, https:\/\/wp.kristdemokraterna.se\/vasternorrland\/files\/2018\/08\/riksdagsfolder_preview-100x56.jpg 100w, https:\/\/wp.kristdemokraterna.se\/vasternorrland\/files\/2018\/08\/riksdagsfolder_preview.jpg 497w\" sizes=\"auto, (max-width: 300px) 100vw, 300px\" \/><\/a><\/p>\n<p>Ladda g\u00e4rna ner <a href=\"http:\/\/wp.kristdemokraterna.se\/vasternorrland\/files\/2018\/08\/180807_vasternorrlandriksdagsval5jpu_webb.pdf\">valbroschyr f\u00f6r V\u00e4sternorrlands Riksdagsval<\/a><\/td>\n<td style=\"vertical-align: top\">\n<div id=\"attachment_120793\" style=\"width: 310px\" class=\"wp-caption alignnone\"><img loading=\"lazy\" decoding=\"async\" aria-describedby=\"caption-attachment-120793\" class=\"wp-image-120793 size-medium\" src=\"http:\/\/wp.kristdemokraterna.se\/vasternorrland\/files\/2018\/08\/gunlog-och-liza-maria-300x200.jpg\" alt=\"\" width=\"300\" height=\"200\" srcset=\"https:\/\/wp.kristdemokraterna.se\/vasternorrland\/files\/2018\/08\/gunlog-och-liza-maria-300x200.jpg 300w, https:\/\/wp.kristdemokraterna.se\/vasternorrland\/files\/2018\/08\/gunlog-och-liza-maria-768x512.jpg 768w, https:\/\/wp.kristdemokraterna.se\/vasternorrland\/files\/2018\/08\/gunlog-och-liza-maria-540x360.jpg 540w, https:\/\/wp.kristdemokraterna.se\/vasternorrland\/files\/2018\/08\/gunlog-och-liza-maria-370x247.jpg 370w, https:\/\/wp.kristdemokraterna.se\/vasternorrland\/files\/2018\/08\/gunlog-och-liza-maria-770x513.jpg 770w, https:\/\/wp.kristdemokraterna.se\/vasternorrland\/files\/2018\/08\/gunlog-och-liza-maria-450x300.jpg 450w, https:\/\/wp.kristdemokraterna.se\/vasternorrland\/files\/2018\/08\/gunlog-och-liza-maria-280x187.jpg 280w, https:\/\/wp.kristdemokraterna.se\/vasternorrland\/files\/2018\/08\/gunlog-och-liza-maria-340x227.jpg 340w, https:\/\/wp.kristdemokraterna.se\/vasternorrland\/files\/2018\/08\/gunlog-och-liza-maria-200x133.jpg 200w, https:\/\/wp.kristdemokraterna.se\/vasternorrland\/files\/2018\/08\/gunlog-och-liza-maria-84x56.jpg 84w, https:\/\/wp.kristdemokraterna.se\/vasternorrland\/files\/2018\/08\/gunlog-och-liza-maria.jpg 1500w\" sizes=\"auto, (max-width: 300px) 100vw, 300px\" \/><p id=\"caption-attachment-120793\" class=\"wp-caption-text\">Gunl\u00f6g Jacobsson, Sollefte\u00e5 (3 p\u00e5 listan) Liza-Maria Norlin, Sundsvall (1 p\u00e5 listan)<\/p><\/div>\n<p><div id=\"attachment_120794\" style=\"width: 310px\" class=\"wp-caption alignnone\"><img loading=\"lazy\" decoding=\"async\" aria-describedby=\"caption-attachment-120794\" class=\"wp-image-120794 size-medium\" src=\"http:\/\/wp.kristdemokraterna.se\/vasternorrland\/files\/2018\/08\/ingemar-och-roland-300x200.jpg\" alt=\"\" width=\"300\" height=\"200\" srcset=\"https:\/\/wp.kristdemokraterna.se\/vasternorrland\/files\/2018\/08\/ingemar-och-roland-300x200.jpg 300w, https:\/\/wp.kristdemokraterna.se\/vasternorrland\/files\/2018\/08\/ingemar-och-roland-768x512.jpg 768w, https:\/\/wp.kristdemokraterna.se\/vasternorrland\/files\/2018\/08\/ingemar-och-roland-540x360.jpg 540w, https:\/\/wp.kristdemokraterna.se\/vasternorrland\/files\/2018\/08\/ingemar-och-roland-370x247.jpg 370w, https:\/\/wp.kristdemokraterna.se\/vasternorrland\/files\/2018\/08\/ingemar-och-roland-770x513.jpg 770w, https:\/\/wp.kristdemokraterna.se\/vasternorrland\/files\/2018\/08\/ingemar-och-roland-450x300.jpg 450w, https:\/\/wp.kristdemokraterna.se\/vasternorrland\/files\/2018\/08\/ingemar-och-roland-280x187.jpg 280w, https:\/\/wp.kristdemokraterna.se\/vasternorrland\/files\/2018\/08\/ingemar-och-roland-340x227.jpg 340w, https:\/\/wp.kristdemokraterna.se\/vasternorrland\/files\/2018\/08\/ingemar-och-roland-200x133.jpg 200w, https:\/\/wp.kristdemokraterna.se\/vasternorrland\/files\/2018\/08\/ingemar-och-roland-84x56.jpg 84w, https:\/\/wp.kristdemokraterna.se\/vasternorrland\/files\/2018\/08\/ingemar-och-roland.jpg 1500w\" sizes=\"auto, (max-width: 300px) 100vw, 300px\" \/><p id=\"caption-attachment-120794\" class=\"wp-caption-text\">Ingemar Wiklander (4 p\u00e5 listan) Roland Nordin, \u00d6rnsk\u00f6ldsvik (2 p\u00e5 listan)<\/p><\/div><\/td>\n<\/tr>\n<\/tbody>\n<\/table>\n","protected":false},"excerpt":{"rendered":"<p>V\u00e4sternorrland beh\u00f6ver en stark r\u00f6st i riksdagen. Det t\u00e4nker vi vara om vi f\u00e5r din r\u00f6st den 9:e september. Vi vill ge familjer friheten att sj\u00e4lva best\u00e4mma \u00f6ver hur\u00a0f\u00f6r\u00e4ldradagarna ska f\u00f6rdelas. Vi vill f\u00f6renkla livspusslet\u00a0genom att st\u00e4rka familjers ekonomi och genom en barnomsorgspeng f\u00f6r den som tar hand om sina egna\u00a0barn i hemmet. Barn ska <a class=\"read-more-link\" href=\"https:\/\/wp.kristdemokraterna.se\/vasternorrland\/tidigare-val\/valet-2018\/du-ska-kunna-lita-pa-sverige\/\">Read More<\/a><\/p>\n","protected":false},"author":787,"featured_media":0,"parent":136280,"menu_order":0,"comment_status":"closed","ping_status":"closed","template":"","meta":{"_acf_changed":false,"footnotes":""},"class_list":["post-120219","page","type-page","status-publish","hentry"],"acf":[],"yoast_head":"<!-- This site is optimized with the Yoast SEO plugin v27.4 - https:\/\/yoast.com\/product\/yoast-seo-wordpress\/ -->\n<title>Du ska kunna lita p\u00e5 Sverige | KD V\u00e4sternorrland<\/title>\n<meta name=\"robots\" content=\"index, follow, max-snippet:-1, max-image-preview:large, max-video-preview:-1\" \/>\n<link rel=\"canonical\" href=\"https:\/\/wp.kristdemokraterna.se\/vasternorrland\/tidigare-val\/valet-2018\/du-ska-kunna-lita-pa-sverige\/\" \/>\n<meta property=\"og:locale\" content=\"sv_SE\" \/>\n<meta property=\"og:type\" content=\"article\" \/>\n<meta property=\"og:title\" content=\"Du ska kunna lita p\u00e5 Sverige | KD V\u00e4sternorrland\" \/>\n<meta property=\"og:description\" content=\"V\u00e4sternorrland beh\u00f6ver en stark r\u00f6st i riksdagen. Det t\u00e4nker vi vara om vi f\u00e5r din r\u00f6st den 9:e september. Vi vill ge familjer friheten att sj\u00e4lva best\u00e4mma \u00f6ver hur\u00a0f\u00f6r\u00e4ldradagarna ska f\u00f6rdelas. Vi vill f\u00f6renkla livspusslet\u00a0genom att st\u00e4rka familjers ekonomi och genom en barnomsorgspeng f\u00f6r den som tar hand om sina egna\u00a0barn i hemmet. Barn ska Read More\" \/>\n<meta property=\"og:url\" content=\"https:\/\/wp.kristdemokraterna.se\/vasternorrland\/tidigare-val\/valet-2018\/du-ska-kunna-lita-pa-sverige\/\" \/>\n<meta property=\"og:site_name\" content=\"KD V\u00e4sternorrland\" \/>\n<meta property=\"article:publisher\" content=\"https:\/\/www.facebook.com\/kdrvn\/\" \/>\n<meta property=\"article:modified_time\" content=\"2018-10-09T11:18:44+00:00\" \/>\n<meta property=\"og:image\" content=\"http:\/\/wp.kristdemokraterna.se\/vasternorrland\/files\/2018\/08\/riksdagsfolder_preview-300x167.jpg\" \/>\n<meta name=\"twitter:card\" content=\"summary_large_image\" \/>\n<meta name=\"twitter:label1\" content=\"Ber\u00e4knad l\u00e4stid\" \/>\n\t<meta name=\"twitter:data1\" content=\"1 minut\" \/>\n<script type=\"application\/ld+json\" class=\"yoast-schema-graph\">{\"@context\":\"https:\\\/\\\/schema.org\",\"@graph\":[{\"@type\":\"WebPage\",\"@id\":\"https:\\\/\\\/wp.kristdemokraterna.se\\\/vasternorrland\\\/tidigare-val\\\/valet-2018\\\/du-ska-kunna-lita-pa-sverige\\\/\",\"url\":\"https:\\\/\\\/wp.kristdemokraterna.se\\\/vasternorrland\\\/tidigare-val\\\/valet-2018\\\/du-ska-kunna-lita-pa-sverige\\\/\",\"name\":\"Du ska kunna lita p\u00e5 Sverige | KD V\u00e4sternorrland\",\"isPartOf\":{\"@id\":\"https:\\\/\\\/wp.kristdemokraterna.se\\\/vasternorrland\\\/#website\"},\"primaryImageOfPage\":{\"@id\":\"https:\\\/\\\/wp.kristdemokraterna.se\\\/vasternorrland\\\/tidigare-val\\\/valet-2018\\\/du-ska-kunna-lita-pa-sverige\\\/#primaryimage\"},\"image\":{\"@id\":\"https:\\\/\\\/wp.kristdemokraterna.se\\\/vasternorrland\\\/tidigare-val\\\/valet-2018\\\/du-ska-kunna-lita-pa-sverige\\\/#primaryimage\"},\"thumbnailUrl\":\"http:\\\/\\\/wp.kristdemokraterna.se\\\/vasternorrland\\\/files\\\/2018\\\/08\\\/riksdagsfolder_preview-300x167.jpg\",\"datePublished\":\"2018-08-01T19:15:04+00:00\",\"dateModified\":\"2018-10-09T11:18:44+00:00\",\"breadcrumb\":{\"@id\":\"https:\\\/\\\/wp.kristdemokraterna.se\\\/vasternorrland\\\/tidigare-val\\\/valet-2018\\\/du-ska-kunna-lita-pa-sverige\\\/#breadcrumb\"},\"inLanguage\":\"sv-SE\",\"potentialAction\":[{\"@type\":\"ReadAction\",\"target\":[\"https:\\\/\\\/wp.kristdemokraterna.se\\\/vasternorrland\\\/tidigare-val\\\/valet-2018\\\/du-ska-kunna-lita-pa-sverige\\\/\"]}]},{\"@type\":\"ImageObject\",\"inLanguage\":\"sv-SE\",\"@id\":\"https:\\\/\\\/wp.kristdemokraterna.se\\\/vasternorrland\\\/tidigare-val\\\/valet-2018\\\/du-ska-kunna-lita-pa-sverige\\\/#primaryimage\",\"url\":\"https:\\\/\\\/wp.kristdemokraterna.se\\\/vasternorrland\\\/files\\\/2018\\\/08\\\/riksdagsfolder_preview.jpg\",\"contentUrl\":\"https:\\\/\\\/wp.kristdemokraterna.se\\\/vasternorrland\\\/files\\\/2018\\\/08\\\/riksdagsfolder_preview.jpg\",\"width\":497,\"height\":277},{\"@type\":\"BreadcrumbList\",\"@id\":\"https:\\\/\\\/wp.kristdemokraterna.se\\\/vasternorrland\\\/tidigare-val\\\/valet-2018\\\/du-ska-kunna-lita-pa-sverige\\\/#breadcrumb\",\"itemListElement\":[{\"@type\":\"ListItem\",\"position\":1,\"name\":\"Hem\",\"item\":\"https:\\\/\\\/wp.kristdemokraterna.se\\\/vasternorrland\\\/\"},{\"@type\":\"ListItem\",\"position\":2,\"name\":\"Tidigare val\",\"item\":\"https:\\\/\\\/wp.kristdemokraterna.se\\\/vasternorrland\\\/tidigare-val\\\/\"},{\"@type\":\"ListItem\",\"position\":3,\"name\":\"Valet 2018\",\"item\":\"https:\\\/\\\/wp.kristdemokraterna.se\\\/vasternorrland\\\/tidigare-val\\\/valet-2018\\\/\"},{\"@type\":\"ListItem\",\"position\":4,\"name\":\"Du ska kunna lita p\u00e5 Sverige\"}]},{\"@type\":\"WebSite\",\"@id\":\"https:\\\/\\\/wp.kristdemokraterna.se\\\/vasternorrland\\\/#website\",\"url\":\"https:\\\/\\\/wp.kristdemokraterna.se\\\/vasternorrland\\\/\",\"name\":\"KD V\u00e4sternorrland\",\"description\":\"V\u00e5rda v\u00e5rden - utveckla prim\u00e4rv\u00e5rden\",\"inLanguage\":\"sv-SE\"}]}<\/script>\n<!-- \/ Yoast SEO plugin. -->","yoast_head_json":{"title":"Du ska kunna lita p\u00e5 Sverige | KD V\u00e4sternorrland","robots":{"index":"index","follow":"follow","max-snippet":"max-snippet:-1","max-image-preview":"max-image-preview:large","max-video-preview":"max-video-preview:-1"},"canonical":"https:\/\/wp.kristdemokraterna.se\/vasternorrland\/tidigare-val\/valet-2018\/du-ska-kunna-lita-pa-sverige\/","og_locale":"sv_SE","og_type":"article","og_title":"Du ska kunna lita p\u00e5 Sverige | KD V\u00e4sternorrland","og_description":"V\u00e4sternorrland beh\u00f6ver en stark r\u00f6st i riksdagen. Det t\u00e4nker vi vara om vi f\u00e5r din r\u00f6st den 9:e september. Vi vill ge familjer friheten att sj\u00e4lva best\u00e4mma \u00f6ver hur\u00a0f\u00f6r\u00e4ldradagarna ska f\u00f6rdelas. Vi vill f\u00f6renkla livspusslet\u00a0genom att st\u00e4rka familjers ekonomi och genom en barnomsorgspeng f\u00f6r den som tar hand om sina egna\u00a0barn i hemmet. Barn ska Read More","og_url":"https:\/\/wp.kristdemokraterna.se\/vasternorrland\/tidigare-val\/valet-2018\/du-ska-kunna-lita-pa-sverige\/","og_site_name":"KD V\u00e4sternorrland","article_publisher":"https:\/\/www.facebook.com\/kdrvn\/","article_modified_time":"2018-10-09T11:18:44+00:00","og_image":[{"url":"http:\/\/wp.kristdemokraterna.se\/vasternorrland\/files\/2018\/08\/riksdagsfolder_preview-300x167.jpg","type":"","width":"","height":""}],"twitter_card":"summary_large_image","twitter_misc":{"Ber\u00e4knad l\u00e4stid":"1 minut"},"schema":{"@context":"https:\/\/schema.org","@graph":[{"@type":"WebPage","@id":"https:\/\/wp.kristdemokraterna.se\/vasternorrland\/tidigare-val\/valet-2018\/du-ska-kunna-lita-pa-sverige\/","url":"https:\/\/wp.kristdemokraterna.se\/vasternorrland\/tidigare-val\/valet-2018\/du-ska-kunna-lita-pa-sverige\/","name":"Du ska kunna lita p\u00e5 Sverige | KD V\u00e4sternorrland","isPartOf":{"@id":"https:\/\/wp.kristdemokraterna.se\/vasternorrland\/#website"},"primaryImageOfPage":{"@id":"https:\/\/wp.kristdemokraterna.se\/vasternorrland\/tidigare-val\/valet-2018\/du-ska-kunna-lita-pa-sverige\/#primaryimage"},"image":{"@id":"https:\/\/wp.kristdemokraterna.se\/vasternorrland\/tidigare-val\/valet-2018\/du-ska-kunna-lita-pa-sverige\/#primaryimage"},"thumbnailUrl":"http:\/\/wp.kristdemokraterna.se\/vasternorrland\/files\/2018\/08\/riksdagsfolder_preview-300x167.jpg","datePublished":"2018-08-01T19:15:04+00:00","dateModified":"2018-10-09T11:18:44+00:00","breadcrumb":{"@id":"https:\/\/wp.kristdemokraterna.se\/vasternorrland\/tidigare-val\/valet-2018\/du-ska-kunna-lita-pa-sverige\/#breadcrumb"},"inLanguage":"sv-SE","potentialAction":[{"@type":"ReadAction","target":["https:\/\/wp.kristdemokraterna.se\/vasternorrland\/tidigare-val\/valet-2018\/du-ska-kunna-lita-pa-sverige\/"]}]},{"@type":"ImageObject","inLanguage":"sv-SE","@id":"https:\/\/wp.kristdemokraterna.se\/vasternorrland\/tidigare-val\/valet-2018\/du-ska-kunna-lita-pa-sverige\/#primaryimage","url":"https:\/\/wp.kristdemokraterna.se\/vasternorrland\/files\/2018\/08\/riksdagsfolder_preview.jpg","contentUrl":"https:\/\/wp.kristdemokraterna.se\/vasternorrland\/files\/2018\/08\/riksdagsfolder_preview.jpg","width":497,"height":277},{"@type":"BreadcrumbList","@id":"https:\/\/wp.kristdemokraterna.se\/vasternorrland\/tidigare-val\/valet-2018\/du-ska-kunna-lita-pa-sverige\/#breadcrumb","itemListElement":[{"@type":"ListItem","position":1,"name":"Hem","item":"https:\/\/wp.kristdemokraterna.se\/vasternorrland\/"},{"@type":"ListItem","position":2,"name":"Tidigare val","item":"https:\/\/wp.kristdemokraterna.se\/vasternorrland\/tidigare-val\/"},{"@type":"ListItem","position":3,"name":"Valet 2018","item":"https:\/\/wp.kristdemokraterna.se\/vasternorrland\/tidigare-val\/valet-2018\/"},{"@type":"ListItem","position":4,"name":"Du ska kunna lita p\u00e5 Sverige"}]},{"@type":"WebSite","@id":"https:\/\/wp.kristdemokraterna.se\/vasternorrland\/#website","url":"https:\/\/wp.kristdemokraterna.se\/vasternorrland\/","name":"KD V\u00e4sternorrland","description":"V\u00e5rda v\u00e5rden - utveckla prim\u00e4rv\u00e5rden","inLanguage":"sv-SE"}]}},"_links":{"self":[{"href":"https:\/\/wp.kristdemokraterna.se\/vasternorrland\/wp-json\/wp\/v2\/pages\/120219","targetHints":{"allow":["GET"]}}],"collection":[{"href":"https:\/\/wp.kristdemokraterna.se\/vasternorrland\/wp-json\/wp\/v2\/pages"}],"about":[{"href":"https:\/\/wp.kristdemokraterna.se\/vasternorrland\/wp-json\/wp\/v2\/types\/page"}],"author":[{"embeddable":true,"href":"https:\/\/wp.kristdemokraterna.se\/vasternorrland\/wp-json\/wp\/v2\/users\/787"}],"replies":[{"embeddable":true,"href":"https:\/\/wp.kristdemokraterna.se\/vasternorrland\/wp-json\/wp\/v2\/comments?post=120219"}],"version-history":[{"count":7,"href":"https:\/\/wp.kristdemokraterna.se\/vasternorrland\/wp-json\/wp\/v2\/pages\/120219\/revisions"}],"predecessor-version":[{"id":120873,"href":"https:\/\/wp.kristdemokraterna.se\/vasternorrland\/wp-json\/wp\/v2\/pages\/120219\/revisions\/120873"}],"up":[{"embeddable":true,"href":"https:\/\/wp.kristdemokraterna.se\/vasternorrland\/wp-json\/wp\/v2\/pages\/136280"}],"wp:attachment":[{"href":"https:\/\/wp.kristdemokraterna.se\/vasternorrland\/wp-json\/wp\/v2\/media?parent=120219"}],"curies":[{"name":"wp","href":"https:\/\/api.w.org\/{rel}","templated":true}]}}