{"id":120607,"date":"2018-07-15T22:23:58","date_gmt":"2018-07-15T20:23:58","guid":{"rendered":"http:\/\/wp.kristdemokraterna.se\/vasternorrland\/?page_id=120607"},"modified":"2018-10-09T13:19:34","modified_gmt":"2018-10-09T11:19:34","slug":"mona-hammarstedt-1-a-pa-regionlistan","status":"publish","type":"page","link":"https:\/\/wp.kristdemokraterna.se\/vasternorrland\/tidigare-val\/valet-2018\/mona-hammarstedt-1-a-pa-regionlistan\/","title":{"rendered":"Mona Hammarstedt, 1:a p\u00e5 regionlistan"},"content":{"rendered":"<p><img loading=\"lazy\" decoding=\"async\" class=\"size-medium wp-image-120621 alignright\" src=\"http:\/\/wp.kristdemokraterna.se\/vasternorrland\/files\/2018\/08\/kandidatbild-1-mona-259x300.jpg\" alt=\"\" width=\"259\" height=\"300\" srcset=\"https:\/\/wp.kristdemokraterna.se\/vasternorrland\/files\/2018\/08\/kandidatbild-1-mona-259x300.jpg 259w, https:\/\/wp.kristdemokraterna.se\/vasternorrland\/files\/2018\/08\/kandidatbild-1-mona-768x891.jpg 768w, https:\/\/wp.kristdemokraterna.se\/vasternorrland\/files\/2018\/08\/kandidatbild-1-mona-466x540.jpg 466w, https:\/\/wp.kristdemokraterna.se\/vasternorrland\/files\/2018\/08\/kandidatbild-1-mona-172x200.jpg 172w, https:\/\/wp.kristdemokraterna.se\/vasternorrland\/files\/2018\/08\/kandidatbild-1-mona-370x429.jpg 370w, https:\/\/wp.kristdemokraterna.se\/vasternorrland\/files\/2018\/08\/kandidatbild-1-mona-770x893.jpg 770w, https:\/\/wp.kristdemokraterna.se\/vasternorrland\/files\/2018\/08\/kandidatbild-1-mona-450x522.jpg 450w, https:\/\/wp.kristdemokraterna.se\/vasternorrland\/files\/2018\/08\/kandidatbild-1-mona-280x325.jpg 280w, https:\/\/wp.kristdemokraterna.se\/vasternorrland\/files\/2018\/08\/kandidatbild-1-mona-340x394.jpg 340w, https:\/\/wp.kristdemokraterna.se\/vasternorrland\/files\/2018\/08\/kandidatbild-1-mona-48x56.jpg 48w\" sizes=\"auto, (max-width: 259px) 100vw, 259px\" \/>Kristdemokraterna beh\u00f6vs i\u00a0regionen V\u00e4sternorrland. Vi\u00a0\u00e4r Alliansens samvete som\u00a0s\u00e4tter m\u00e4nniskov\u00e4rdet fr\u00e4mst.\u00a0D\u00e4rf\u00f6r oroar det oss n\u00e4r vi ser hur v\u00e4lf\u00e4rden sviker. Vi tycker att\u00a0v\u00e5rdcentralerna ska ha \u00f6ppet p\u00e5 kv\u00e4llar och helger s\u00e5 att fler kan f\u00e5 hj\u00e4lp d\u00e4r ist\u00e4llet f\u00f6r att \u00e5ka till akuten. Vi kallar det n\u00e4rsjukv\u00e5rd.<\/p>\n<p>F\u00f6r oss \u00e4r det ocks\u00e5 viktigt att kunna \u00e5ldras i trygghet och v\u00e4rdighet. Man ska kunna lita p\u00e5 att \u00e4ldreomsorgen finns d\u00e4r n\u00e4r man beh\u00f6ver den. M\u00e5nga \u00e4ldre vill bo kvar hemma s\u00e5 l\u00e4nge som m\u00f6jligt. Finns d\u00e5 behov av hemtj\u00e4nst ska man sj\u00e4lv kunna v\u00e4lja vem som utf\u00f6r tj\u00e4nsten. Det kommer en dag n\u00e4r vi inte l\u00e4ngre klarar att bo kvar hemma. D\u00e4rf\u00f6r vill vi Kristdemokrater attalla \u00f6ver 85 \u00e5r,och som vill, ska garanteras plats i anpassat\u00a0boende. Ett trygghetsboende.<\/p>\n<p>God v\u00e5rd p\u00e5 j\u00e4mlika villkor \u00e4r en av de viktigaste fr\u00e5gorna i den svenska v\u00e4lf\u00e4rden.<br \/>\nM\u00e5ngfalden av v\u00e5rdgivare inom tandv\u00e5rden ska \u00f6ka f\u00f6r att f\u00f6rb\u00e4ttra valfriheten och tillg\u00e4ngligheten.<\/p>\n<p>Vi ska se till att den upps\u00f6kande verksamheten inom \u00e4ldrev\u00e5rden och tandv\u00e5rden ska f\u00f6rst\u00e4rkas med geriatrisk kompetens. Allas munh\u00e4lsa m\u00e5ste vara h\u00f6g f\u00f6r att vi ska minimera och f\u00f6rebygga sv\u00e5ra sjukdomar.<\/p>\n<p>F\u00f6r att ladda ner Mona Hammarstedts personvalsfolder i pdf, klicka\u00a0<a href=\"http:\/\/wp.kristdemokraterna.se\/vasternorrland\/files\/2018\/07\/personvalsfolder_180713_low_monahammarstedt_aktiviqwh.pdf\">h\u00e4r<\/a>\u00a0(l\u00e4nk \u00f6ppnas i nytt f\u00f6nster).<\/p>\n","protected":false},"excerpt":{"rendered":"<p>Kristdemokraterna beh\u00f6vs i\u00a0regionen V\u00e4sternorrland. Vi\u00a0\u00e4r Alliansens samvete som\u00a0s\u00e4tter m\u00e4nniskov\u00e4rdet fr\u00e4mst.\u00a0D\u00e4rf\u00f6r oroar det oss n\u00e4r vi ser hur v\u00e4lf\u00e4rden sviker. Vi tycker att\u00a0v\u00e5rdcentralerna ska ha \u00f6ppet p\u00e5 kv\u00e4llar och helger s\u00e5 att fler kan f\u00e5 hj\u00e4lp d\u00e4r ist\u00e4llet f\u00f6r att \u00e5ka till akuten. Vi kallar det n\u00e4rsjukv\u00e5rd. F\u00f6r oss \u00e4r det ocks\u00e5 viktigt att kunna \u00e5ldras <a class=\"read-more-link\" href=\"https:\/\/wp.kristdemokraterna.se\/vasternorrland\/tidigare-val\/valet-2018\/mona-hammarstedt-1-a-pa-regionlistan\/\">Read More<\/a><\/p>\n","protected":false},"author":787,"featured_media":0,"parent":136280,"menu_order":0,"comment_status":"closed","ping_status":"closed","template":"page-full.php","meta":{"_acf_changed":false,"footnotes":""},"class_list":["post-120607","page","type-page","status-publish","hentry"],"acf":[],"yoast_head":"<!-- This site is optimized with the Yoast SEO plugin v27.4 - https:\/\/yoast.com\/product\/yoast-seo-wordpress\/ -->\n<title>Mona Hammarstedt, 1:a p\u00e5 regionlistan | KD V\u00e4sternorrland<\/title>\n<meta name=\"robots\" content=\"index, follow, max-snippet:-1, max-image-preview:large, max-video-preview:-1\" \/>\n<link rel=\"canonical\" href=\"https:\/\/wp.kristdemokraterna.se\/vasternorrland\/tidigare-val\/valet-2018\/mona-hammarstedt-1-a-pa-regionlistan\/\" \/>\n<meta property=\"og:locale\" content=\"sv_SE\" \/>\n<meta property=\"og:type\" content=\"article\" \/>\n<meta property=\"og:title\" content=\"Mona Hammarstedt, 1:a p\u00e5 regionlistan | KD V\u00e4sternorrland\" \/>\n<meta property=\"og:description\" content=\"Kristdemokraterna beh\u00f6vs i\u00a0regionen V\u00e4sternorrland. Vi\u00a0\u00e4r Alliansens samvete som\u00a0s\u00e4tter m\u00e4nniskov\u00e4rdet fr\u00e4mst.\u00a0D\u00e4rf\u00f6r oroar det oss n\u00e4r vi ser hur v\u00e4lf\u00e4rden sviker. Vi tycker att\u00a0v\u00e5rdcentralerna ska ha \u00f6ppet p\u00e5 kv\u00e4llar och helger s\u00e5 att fler kan f\u00e5 hj\u00e4lp d\u00e4r ist\u00e4llet f\u00f6r att \u00e5ka till akuten. Vi kallar det n\u00e4rsjukv\u00e5rd. F\u00f6r oss \u00e4r det ocks\u00e5 viktigt att kunna \u00e5ldras Read More\" \/>\n<meta property=\"og:url\" content=\"https:\/\/wp.kristdemokraterna.se\/vasternorrland\/tidigare-val\/valet-2018\/mona-hammarstedt-1-a-pa-regionlistan\/\" \/>\n<meta property=\"og:site_name\" content=\"KD V\u00e4sternorrland\" \/>\n<meta property=\"article:publisher\" content=\"https:\/\/www.facebook.com\/kdrvn\/\" \/>\n<meta property=\"article:modified_time\" content=\"2018-10-09T11:19:34+00:00\" \/>\n<meta property=\"og:image\" content=\"http:\/\/wp.kristdemokraterna.se\/vasternorrland\/files\/2018\/08\/kandidatbild-1-mona-259x300.jpg\" \/>\n<meta name=\"twitter:card\" content=\"summary_large_image\" \/>\n<meta name=\"twitter:label1\" content=\"Ber\u00e4knad l\u00e4stid\" \/>\n\t<meta name=\"twitter:data1\" content=\"1 minut\" \/>\n<script type=\"application\/ld+json\" class=\"yoast-schema-graph\">{\"@context\":\"https:\\\/\\\/schema.org\",\"@graph\":[{\"@type\":\"WebPage\",\"@id\":\"https:\\\/\\\/wp.kristdemokraterna.se\\\/vasternorrland\\\/tidigare-val\\\/valet-2018\\\/mona-hammarstedt-1-a-pa-regionlistan\\\/\",\"url\":\"https:\\\/\\\/wp.kristdemokraterna.se\\\/vasternorrland\\\/tidigare-val\\\/valet-2018\\\/mona-hammarstedt-1-a-pa-regionlistan\\\/\",\"name\":\"Mona Hammarstedt, 1:a p\u00e5 regionlistan | KD V\u00e4sternorrland\",\"isPartOf\":{\"@id\":\"https:\\\/\\\/wp.kristdemokraterna.se\\\/vasternorrland\\\/#website\"},\"primaryImageOfPage\":{\"@id\":\"https:\\\/\\\/wp.kristdemokraterna.se\\\/vasternorrland\\\/tidigare-val\\\/valet-2018\\\/mona-hammarstedt-1-a-pa-regionlistan\\\/#primaryimage\"},\"image\":{\"@id\":\"https:\\\/\\\/wp.kristdemokraterna.se\\\/vasternorrland\\\/tidigare-val\\\/valet-2018\\\/mona-hammarstedt-1-a-pa-regionlistan\\\/#primaryimage\"},\"thumbnailUrl\":\"http:\\\/\\\/wp.kristdemokraterna.se\\\/vasternorrland\\\/files\\\/2018\\\/08\\\/kandidatbild-1-mona-259x300.jpg\",\"datePublished\":\"2018-07-15T20:23:58+00:00\",\"dateModified\":\"2018-10-09T11:19:34+00:00\",\"breadcrumb\":{\"@id\":\"https:\\\/\\\/wp.kristdemokraterna.se\\\/vasternorrland\\\/tidigare-val\\\/valet-2018\\\/mona-hammarstedt-1-a-pa-regionlistan\\\/#breadcrumb\"},\"inLanguage\":\"sv-SE\",\"potentialAction\":[{\"@type\":\"ReadAction\",\"target\":[\"https:\\\/\\\/wp.kristdemokraterna.se\\\/vasternorrland\\\/tidigare-val\\\/valet-2018\\\/mona-hammarstedt-1-a-pa-regionlistan\\\/\"]}]},{\"@type\":\"ImageObject\",\"inLanguage\":\"sv-SE\",\"@id\":\"https:\\\/\\\/wp.kristdemokraterna.se\\\/vasternorrland\\\/tidigare-val\\\/valet-2018\\\/mona-hammarstedt-1-a-pa-regionlistan\\\/#primaryimage\",\"url\":\"https:\\\/\\\/wp.kristdemokraterna.se\\\/vasternorrland\\\/files\\\/2018\\\/08\\\/kandidatbild-1-mona.jpg\",\"contentUrl\":\"https:\\\/\\\/wp.kristdemokraterna.se\\\/vasternorrland\\\/files\\\/2018\\\/08\\\/kandidatbild-1-mona.jpg\",\"width\":2676,\"height\":3104},{\"@type\":\"BreadcrumbList\",\"@id\":\"https:\\\/\\\/wp.kristdemokraterna.se\\\/vasternorrland\\\/tidigare-val\\\/valet-2018\\\/mona-hammarstedt-1-a-pa-regionlistan\\\/#breadcrumb\",\"itemListElement\":[{\"@type\":\"ListItem\",\"position\":1,\"name\":\"Hem\",\"item\":\"https:\\\/\\\/wp.kristdemokraterna.se\\\/vasternorrland\\\/\"},{\"@type\":\"ListItem\",\"position\":2,\"name\":\"Tidigare val\",\"item\":\"https:\\\/\\\/wp.kristdemokraterna.se\\\/vasternorrland\\\/tidigare-val\\\/\"},{\"@type\":\"ListItem\",\"position\":3,\"name\":\"Valet 2018\",\"item\":\"https:\\\/\\\/wp.kristdemokraterna.se\\\/vasternorrland\\\/tidigare-val\\\/valet-2018\\\/\"},{\"@type\":\"ListItem\",\"position\":4,\"name\":\"Mona Hammarstedt, 1:a p\u00e5 regionlistan\"}]},{\"@type\":\"WebSite\",\"@id\":\"https:\\\/\\\/wp.kristdemokraterna.se\\\/vasternorrland\\\/#website\",\"url\":\"https:\\\/\\\/wp.kristdemokraterna.se\\\/vasternorrland\\\/\",\"name\":\"KD V\u00e4sternorrland\",\"description\":\"V\u00e5rda v\u00e5rden - utveckla prim\u00e4rv\u00e5rden\",\"inLanguage\":\"sv-SE\"}]}<\/script>\n<!-- \/ Yoast SEO plugin. -->","yoast_head_json":{"title":"Mona Hammarstedt, 1:a p\u00e5 regionlistan | KD V\u00e4sternorrland","robots":{"index":"index","follow":"follow","max-snippet":"max-snippet:-1","max-image-preview":"max-image-preview:large","max-video-preview":"max-video-preview:-1"},"canonical":"https:\/\/wp.kristdemokraterna.se\/vasternorrland\/tidigare-val\/valet-2018\/mona-hammarstedt-1-a-pa-regionlistan\/","og_locale":"sv_SE","og_type":"article","og_title":"Mona Hammarstedt, 1:a p\u00e5 regionlistan | KD V\u00e4sternorrland","og_description":"Kristdemokraterna beh\u00f6vs i\u00a0regionen V\u00e4sternorrland. Vi\u00a0\u00e4r Alliansens samvete som\u00a0s\u00e4tter m\u00e4nniskov\u00e4rdet fr\u00e4mst.\u00a0D\u00e4rf\u00f6r oroar det oss n\u00e4r vi ser hur v\u00e4lf\u00e4rden sviker. Vi tycker att\u00a0v\u00e5rdcentralerna ska ha \u00f6ppet p\u00e5 kv\u00e4llar och helger s\u00e5 att fler kan f\u00e5 hj\u00e4lp d\u00e4r ist\u00e4llet f\u00f6r att \u00e5ka till akuten. Vi kallar det n\u00e4rsjukv\u00e5rd. F\u00f6r oss \u00e4r det ocks\u00e5 viktigt att kunna \u00e5ldras Read More","og_url":"https:\/\/wp.kristdemokraterna.se\/vasternorrland\/tidigare-val\/valet-2018\/mona-hammarstedt-1-a-pa-regionlistan\/","og_site_name":"KD V\u00e4sternorrland","article_publisher":"https:\/\/www.facebook.com\/kdrvn\/","article_modified_time":"2018-10-09T11:19:34+00:00","og_image":[{"url":"http:\/\/wp.kristdemokraterna.se\/vasternorrland\/files\/2018\/08\/kandidatbild-1-mona-259x300.jpg","type":"","width":"","height":""}],"twitter_card":"summary_large_image","twitter_misc":{"Ber\u00e4knad l\u00e4stid":"1 minut"},"schema":{"@context":"https:\/\/schema.org","@graph":[{"@type":"WebPage","@id":"https:\/\/wp.kristdemokraterna.se\/vasternorrland\/tidigare-val\/valet-2018\/mona-hammarstedt-1-a-pa-regionlistan\/","url":"https:\/\/wp.kristdemokraterna.se\/vasternorrland\/tidigare-val\/valet-2018\/mona-hammarstedt-1-a-pa-regionlistan\/","name":"Mona Hammarstedt, 1:a p\u00e5 regionlistan | KD V\u00e4sternorrland","isPartOf":{"@id":"https:\/\/wp.kristdemokraterna.se\/vasternorrland\/#website"},"primaryImageOfPage":{"@id":"https:\/\/wp.kristdemokraterna.se\/vasternorrland\/tidigare-val\/valet-2018\/mona-hammarstedt-1-a-pa-regionlistan\/#primaryimage"},"image":{"@id":"https:\/\/wp.kristdemokraterna.se\/vasternorrland\/tidigare-val\/valet-2018\/mona-hammarstedt-1-a-pa-regionlistan\/#primaryimage"},"thumbnailUrl":"http:\/\/wp.kristdemokraterna.se\/vasternorrland\/files\/2018\/08\/kandidatbild-1-mona-259x300.jpg","datePublished":"2018-07-15T20:23:58+00:00","dateModified":"2018-10-09T11:19:34+00:00","breadcrumb":{"@id":"https:\/\/wp.kristdemokraterna.se\/vasternorrland\/tidigare-val\/valet-2018\/mona-hammarstedt-1-a-pa-regionlistan\/#breadcrumb"},"inLanguage":"sv-SE","potentialAction":[{"@type":"ReadAction","target":["https:\/\/wp.kristdemokraterna.se\/vasternorrland\/tidigare-val\/valet-2018\/mona-hammarstedt-1-a-pa-regionlistan\/"]}]},{"@type":"ImageObject","inLanguage":"sv-SE","@id":"https:\/\/wp.kristdemokraterna.se\/vasternorrland\/tidigare-val\/valet-2018\/mona-hammarstedt-1-a-pa-regionlistan\/#primaryimage","url":"https:\/\/wp.kristdemokraterna.se\/vasternorrland\/files\/2018\/08\/kandidatbild-1-mona.jpg","contentUrl":"https:\/\/wp.kristdemokraterna.se\/vasternorrland\/files\/2018\/08\/kandidatbild-1-mona.jpg","width":2676,"height":3104},{"@type":"BreadcrumbList","@id":"https:\/\/wp.kristdemokraterna.se\/vasternorrland\/tidigare-val\/valet-2018\/mona-hammarstedt-1-a-pa-regionlistan\/#breadcrumb","itemListElement":[{"@type":"ListItem","position":1,"name":"Hem","item":"https:\/\/wp.kristdemokraterna.se\/vasternorrland\/"},{"@type":"ListItem","position":2,"name":"Tidigare val","item":"https:\/\/wp.kristdemokraterna.se\/vasternorrland\/tidigare-val\/"},{"@type":"ListItem","position":3,"name":"Valet 2018","item":"https:\/\/wp.kristdemokraterna.se\/vasternorrland\/tidigare-val\/valet-2018\/"},{"@type":"ListItem","position":4,"name":"Mona Hammarstedt, 1:a p\u00e5 regionlistan"}]},{"@type":"WebSite","@id":"https:\/\/wp.kristdemokraterna.se\/vasternorrland\/#website","url":"https:\/\/wp.kristdemokraterna.se\/vasternorrland\/","name":"KD V\u00e4sternorrland","description":"V\u00e5rda v\u00e5rden - utveckla prim\u00e4rv\u00e5rden","inLanguage":"sv-SE"}]}},"_links":{"self":[{"href":"https:\/\/wp.kristdemokraterna.se\/vasternorrland\/wp-json\/wp\/v2\/pages\/120607","targetHints":{"allow":["GET"]}}],"collection":[{"href":"https:\/\/wp.kristdemokraterna.se\/vasternorrland\/wp-json\/wp\/v2\/pages"}],"about":[{"href":"https:\/\/wp.kristdemokraterna.se\/vasternorrland\/wp-json\/wp\/v2\/types\/page"}],"author":[{"embeddable":true,"href":"https:\/\/wp.kristdemokraterna.se\/vasternorrland\/wp-json\/wp\/v2\/users\/787"}],"replies":[{"embeddable":true,"href":"https:\/\/wp.kristdemokraterna.se\/vasternorrland\/wp-json\/wp\/v2\/comments?post=120607"}],"version-history":[{"count":6,"href":"https:\/\/wp.kristdemokraterna.se\/vasternorrland\/wp-json\/wp\/v2\/pages\/120607\/revisions"}],"predecessor-version":[{"id":120623,"href":"https:\/\/wp.kristdemokraterna.se\/vasternorrland\/wp-json\/wp\/v2\/pages\/120607\/revisions\/120623"}],"up":[{"embeddable":true,"href":"https:\/\/wp.kristdemokraterna.se\/vasternorrland\/wp-json\/wp\/v2\/pages\/136280"}],"wp:attachment":[{"href":"https:\/\/wp.kristdemokraterna.se\/vasternorrland\/wp-json\/wp\/v2\/media?parent=120607"}],"curies":[{"name":"wp","href":"https:\/\/api.w.org\/{rel}","templated":true}]}}