{"id":128558,"date":"2018-09-08T19:01:07","date_gmt":"2018-09-08T17:01:07","guid":{"rendered":"http:\/\/wp.kristdemokraterna.se\/vasternorrland\/?page_id=128558"},"modified":"2019-09-17T12:42:08","modified_gmt":"2019-09-17T10:42:08","slug":"valresultat-2014-landstingsfullmaktige","status":"publish","type":"page","link":"https:\/\/wp.kristdemokraterna.se\/vasternorrland\/tidigare-val\/valet-2014\/valresultat-2014-landstingsfullmaktige\/","title":{"rendered":"Valresultat 2014 Landstingsfullm\u00e4ktige"},"content":{"rendered":"<p>Slutgiltiga valresultatet f\u00f6r valet till landstingsfullm\u00e4ktige i V\u00e4sternorrlands l\u00e4n 2014.<\/p>\n<table width=\"800\">\n<tbody>\n<tr style=\"background-color: #e9e9e9\">\n<th style=\"border: 1px #aaa solid;padding: 0.3em\" colspan=\"2\" rowspan=\"2\">Parti<\/th>\n<th style=\"border: 1px #aaa solid;padding: 0.3em\" colspan=\"3\">R\u00f6ster<\/th>\n<th style=\"border: 1px #aaa solid;padding: 0.3em\" colspan=\"2\">Mandatf\u00f6rdelning<\/th>\n<\/tr>\n<tr style=\"background-color: #e9e9e9;border: 1px #aaa solid;padding: 0.3em\">\n<th style=\"border: 1px #aaa solid;padding: 0.3em\">Antal<\/th>\n<th style=\"border: 1px #aaa solid;padding: 0.3em\">%<\/th>\n<th style=\"text-align: center;border: 1px #aaa solid;padding: 0.3em\">+- %<\/th>\n<th style=\"text-align: center;border: 1px #aaa solid;padding: 0.3em\">Antal<\/th>\n<th style=\"text-align: center;border: 1px #aaa solid;padding: 0.3em\">+-<\/th>\n<\/tr>\n<tr>\n<td style=\"background-color: #ed1b34;border: 1px #aaa solid;padding: 0.3em\" width=\"10\"><\/td>\n<td style=\"border: 1px #aaa solid;padding: 0.3em\">Socialdemokraterna<\/td>\n<td style=\"text-align: right;border: 1px #aaa solid;padding: 0.3em\">75\u00a0976<\/td>\n<td style=\"text-align: right;border: 1px #aaa solid;padding: 0.3em\">47,96<\/td>\n<td style=\"text-align: right;border: 1px #aaa solid;padding: 0.3em\">+7,58<\/td>\n<td style=\"text-align: center\">38<\/td>\n<td style=\"text-align: center;border: 1px #aaa solid;padding: 0.3em\">+6<\/td>\n<\/tr>\n<tr>\n<td style=\"background-color: #0d9ddb;border: 1px #aaa solid;padding: 0.3em\" width=\"10\"><\/td>\n<td style=\"border: 1px #aaa solid;padding: 0.3em\">Moderaterna<\/td>\n<td style=\"text-align: right;border: 1px #aaa solid;padding: 0.3em\">22 684<\/td>\n<td style=\"text-align: right;border: 1px #aaa solid;padding: 0.3em\">14,32<\/td>\n<td style=\"text-align: right;border: 1px #aaa solid;padding: 0.3em\">-7,32<\/td>\n<td style=\"text-align: center;border: 1px #aaa solid;padding: 0.3em\">11<\/td>\n<td style=\"text-align: center;border: 1px #aaa solid;padding: 0.3em\">-7<\/td>\n<\/tr>\n<tr>\n<td style=\"background-color: #016a3a;border: 1px #aaa solid;padding: 0.3em\" width=\"10\"><\/td>\n<td style=\"border: 1px #aaa solid;padding: 0.3em\">Centerpartiet<\/td>\n<td style=\"text-align: right;border: 1px #aaa solid;padding: 0.3em\">12 063<\/td>\n<td style=\"text-align: right;border: 1px #aaa solid;padding: 0.3em\">7,61<\/td>\n<td style=\"text-align: right;border: 1px #aaa solid;padding: 0.3em\">+0,46<\/td>\n<td style=\"text-align: center;border: 1px #aaa solid;padding: 0.3em\">6<\/td>\n<td style=\"text-align: center;border: 1px #aaa solid;padding: 0.3em\">0<\/td>\n<\/tr>\n<tr>\n<td style=\"background-color: #f8da2e;border: 1px #aaa solid;padding: 0.3em\" width=\"10\"><\/td>\n<td style=\"border: 1px #aaa solid;padding: 0.3em\">Sverigedemokraterna<\/td>\n<td style=\"text-align: right;border: 1px #aaa solid;padding: 0.3em\">11 855<\/td>\n<td style=\"text-align: right;border: 1px #aaa solid;padding: 0.3em\">7,48<\/td>\n<td style=\"text-align: right;border: 1px #aaa solid;padding: 0.3em\">+4,53<\/td>\n<td style=\"text-align: center;border: 1px #aaa solid;padding: 0.3em\">6<\/td>\n<td style=\"text-align: center;border: 1px #aaa solid;padding: 0.3em\">+6<\/td>\n<\/tr>\n<tr>\n<td style=\"background-color: #ed1c24;border: 1px #aaa solid;padding: 0.3em\" width=\"10\"><\/td>\n<td style=\"border: 1px #aaa solid;padding: 0.3em\">V\u00e4nsterpartiet<\/td>\n<td style=\"text-align: right;border: 1px #aaa solid;padding: 0.3em\">10 941<\/td>\n<td style=\"text-align: right;border: 1px #aaa solid;padding: 0.3em\">6,91<\/td>\n<td style=\"text-align: right;border: 1px #aaa solid;padding: 0.3em\">+1,26<\/td>\n<td style=\"text-align: center;border: 1px #aaa solid;padding: 0.3em\">6<\/td>\n<td style=\"text-align: center;border: 1px #aaa solid;padding: 0.3em\">+1<\/td>\n<\/tr>\n<tr>\n<td style=\"background-color: #006ab3;border: 1px #aaa solid;padding: 0.3em\" width=\"10\"><\/td>\n<td style=\"border: 1px #aaa solid;padding: 0.3em\">Folkpartiet Liberalerna<\/td>\n<td style=\"text-align: right;border: 1px #aaa solid;padding: 0.3em\">7 018<\/td>\n<td style=\"text-align: right;border: 1px #aaa solid;padding: 0.3em\">4,43<\/td>\n<td style=\"text-align: right;border: 1px #aaa solid;padding: 0.3em\">-1,03<\/td>\n<td style=\"text-align: center;border: 1px #aaa solid;padding: 0.3em\">4<\/td>\n<td style=\"text-align: center;border: 1px #aaa solid;padding: 0.3em\">0<\/td>\n<\/tr>\n<tr>\n<td style=\"background-color: #53a045;border: 1px #aaa solid;padding: 0.3em\" width=\"10\"><\/td>\n<td style=\"border: 1px #aaa solid;padding: 0.3em\">Milj\u00f6partiet de Gr\u00f6na<\/td>\n<td style=\"text-align: right;border: 1px #aaa solid;padding: 0.3em\">6 912<\/td>\n<td style=\"text-align: right;border: 1px #aaa solid;padding: 0.3em\">4,36<\/td>\n<td style=\"text-align: right;border: 1px #aaa solid;padding: 0.3em\">-0,02<\/td>\n<td style=\"text-align: center;border: 1px #aaa solid;padding: 0.3em\">3<\/td>\n<td style=\"text-align: center;border: 1px #aaa solid;padding: 0.3em\">0<\/td>\n<\/tr>\n<tr>\n<td style=\"background-color: #005ea1;border: 1px #aaa solid;padding: 0.3em\" width=\"10\"><\/td>\n<td style=\"border: 1px #aaa solid;padding: 0.3em\">Kristdemokraterna<\/td>\n<td style=\"text-align: right;border: 1px #aaa solid;padding: 0.3em\">6 850<\/td>\n<td style=\"text-align: right;border: 1px #aaa solid;padding: 0.3em\">4,32<\/td>\n<td style=\"text-align: right;border: 1px #aaa solid;padding: 0.3em\">+0,62<\/td>\n<td style=\"text-align: center;border: 1px #aaa solid;padding: 0.3em\">3<\/td>\n<td style=\"text-align: center;border: 1px #aaa solid;padding: 0.3em\">0<\/td>\n<\/tr>\n<tr>\n<td style=\"background-color: #7e4290;border: 1px #aaa solid;padding: 0.3em\" width=\"10\"><\/td>\n<td style=\"border: 1px #aaa solid;padding: 0.3em\">V\u00e4strainitiativet<\/td>\n<td style=\"text-align: right;border: 1px #aaa solid;padding: 0.3em\">2 969<\/td>\n<td style=\"text-align: right;border: 1px #aaa solid;padding: 0.3em\">1,87<\/td>\n<td style=\"text-align: right;border: 1px #aaa solid;padding: 0.3em\">+1,87<\/td>\n<td style=\"text-align: center;border: 1px #aaa solid;padding: 0.3em\">0<\/td>\n<td style=\"text-align: center;border: 1px #aaa solid;padding: 0.3em\">0<\/td>\n<\/tr>\n<tr>\n<td style=\"background-color: #f3d823\" width=\"10\"><\/td>\n<td style=\"border: 1px #aaa solid;padding: 0.3em\">SPI V\u00e4lf\u00e4rden<\/td>\n<td style=\"text-align: right;border: 1px #aaa solid;padding: 0.3em\">441<\/td>\n<td style=\"text-align: right;border: 1px #aaa solid;padding: 0.3em\">0,28<\/td>\n<td style=\"text-align: right;border: 1px #aaa solid;padding: 0.3em\">-0,58<\/td>\n<td style=\"text-align: center;border: 1px #aaa solid;padding: 0.3em\">0<\/td>\n<td style=\"text-align: center;border: 1px #aaa solid;padding: 0.3em\">0<\/td>\n<\/tr>\n<tr>\n<td style=\"background-color: #e2021b;border: 1px #aaa solid;padding: 0.3em\" width=\"10\"><\/td>\n<td style=\"border: 1px #aaa solid;padding: 0.3em\">R\u00e4ttvisepartiet Socialisterna<\/td>\n<td style=\"text-align: right;border: 1px #aaa solid;padding: 0.3em\">87<\/td>\n<td style=\"text-align: right;border: 1px #aaa solid;padding: 0.3em\">0,05<\/td>\n<td style=\"text-align: right;border: 1px #aaa solid;padding: 0.3em\">-0,06<\/td>\n<td style=\"text-align: center;border: 1px #aaa solid;padding: 0.3em\">0<\/td>\n<td style=\"text-align: center;border: 1px #aaa solid;padding: 0.3em\">0<\/td>\n<\/tr>\n<tr>\n<td style=\"background-color: #f26522;border: 1px #aaa solid;padding: 0.3em\" width=\"10\"><\/td>\n<td style=\"border: 1px #aaa solid;padding: 0.3em\">Sjukv\u00e5rdspartiet &#8211; V\u00e4sternorrland<\/td>\n<td style=\"text-align: right;border: 1px #aaa solid;padding: 0.3em\">0<\/td>\n<td style=\"text-align: right;border: 1px #aaa solid;padding: 0.3em\">0,00<\/td>\n<td style=\"text-align: right;border: 1px #aaa solid;padding: 0.3em\">-7,48<\/td>\n<td style=\"text-align: center;border: 1px #aaa solid;padding: 0.3em\">0<\/td>\n<td style=\"text-align: center;border: 1px #aaa solid;padding: 0.3em\">-6<\/td>\n<\/tr>\n<tr>\n<td style=\"border: 1px #aaa solid;padding: 0.3em\" colspan=\"2\">R\u00f6ster p\u00e5 partier som inte best\u00e4llde valsedlar<\/td>\n<td style=\"text-align: right;border: 1px #aaa solid;padding: 0.3em\">398<\/td>\n<td style=\"text-align: right;border: 1px #aaa solid;padding: 0.3em\">0,25<\/td>\n<td style=\"text-align: right;border: 1px #aaa solid;padding: 0.3em\">+0,02<\/td>\n<td style=\"text-align: center;border: 1px #aaa solid;padding: 0.3em\">0<\/td>\n<td style=\"text-align: center;border: 1px #aaa solid;padding: 0.3em\">0<\/td>\n<\/tr>\n<tr>\n<th style=\"background-color: #e9e9e9;text-align: left;border: 1px #aaa solid;padding: 0.3em\" colspan=\"2\">Antal giltiga r\u00f6ster<\/th>\n<td style=\"background-color: #e9e9e9;text-align: right;border: 1px #aaa solid;padding: 0.3em\">158 428<\/td>\n<td style=\"background-color: #e9e9e9;text-align: right;border: 1px #aaa solid;padding: 0.3em\">100,00<\/td>\n<td style=\"background-color: #e9e9e9;text-align: right;border: 1px #aaa solid;padding: 0.3em\">\u2014<\/td>\n<td style=\"background-color: #e9e9e9;text-align: center;border: 1px #aaa solid;padding: 0.3em\">77<\/td>\n<td style=\"background-color: #e9e9e9;text-align: center;border: 1px #aaa solid;padding: 0.3em\">\u2014<\/td>\n<\/tr>\n<tr>\n<td style=\"border: 1px #aaa solid;padding: 0.3em\" colspan=\"2\">Blanka ogiltiga r\u00f6ster<\/td>\n<td style=\"text-align: right;border: 1px #aaa solid;padding: 0.3em\">2 848<\/td>\n<td style=\"text-align: right;border: 1px #aaa solid;padding: 0.3em\">1,77<\/td>\n<td style=\"text-align: right;border: 1px #aaa solid;padding: 0.3em\">-0,07<\/td>\n<\/tr>\n<tr>\n<td style=\"border: 1px #aaa solid;padding: 0.3em\" colspan=\"2\">\u00d6vriga ogiltiga r\u00f6ster<\/td>\n<td style=\"text-align: right;border: 1px #aaa solid;padding: 0.3em\">83<\/td>\n<td style=\"text-align: right;border: 1px #aaa solid;padding: 0.3em\">0,05<\/td>\n<td style=\"text-align: right;border: 1px #aaa solid;padding: 0.3em\">-0,01<\/td>\n<\/tr>\n<tr>\n<th style=\"background-color: #e9e9e9;text-align: left;border: 1px #aaa solid;padding: 0.3em\" colspan=\"2\">Totalt antal som r\u00f6stade<\/th>\n<td style=\"background-color: #e9e9e9;text-align: right;border: 1px #aaa solid;padding: 0.3em\">161 359<\/td>\n<td style=\"background-color: #e9e9e9;text-align: right;border: 1px #aaa solid;padding: 0.3em\">83,27<\/td>\n<td style=\"background-color: #e9e9e9;text-align: right;border: 1px #aaa solid;padding: 0.3em\">+7,58<\/td>\n<\/tr>\n<tr>\n<th style=\"background-color: #e9e9e9;text-align: left;border: 1px #aaa solid;padding: 0.3em\" colspan=\"2\">Totalt antal r\u00f6stber\u00e4ttigade<\/th>\n<td style=\"background-color: #e9e9e9;text-align: right;border: 1px #aaa solid;padding: 0.3em\">193 777<\/td>\n<\/tr>\n<\/tbody>\n<\/table>\n","protected":false},"excerpt":{"rendered":"<p>Slutgiltiga valresultatet f\u00f6r valet till landstingsfullm\u00e4ktige i V\u00e4sternorrlands l\u00e4n 2014. Parti R\u00f6ster Mandatf\u00f6rdelning Antal % +- % Antal +- Socialdemokraterna 75\u00a0976 47,96 +7,58 38 +6 Moderaterna 22 684 14,32 -7,32 11 -7 Centerpartiet 12 063 7,61 +0,46 6 0 Sverigedemokraterna 11 855 7,48 +4,53 6 +6 V\u00e4nsterpartiet 10 941 6,91 +1,26 6 +1 Folkpartiet Liberalerna <a class=\"read-more-link\" href=\"https:\/\/wp.kristdemokraterna.se\/vasternorrland\/tidigare-val\/valet-2014\/valresultat-2014-landstingsfullmaktige\/\">Read More<\/a><\/p>\n","protected":false},"author":787,"featured_media":0,"parent":136277,"menu_order":2014,"comment_status":"closed","ping_status":"closed","template":"","meta":{"_acf_changed":false,"footnotes":""},"class_list":["post-128558","page","type-page","status-publish","hentry"],"acf":[],"yoast_head":"<!-- This site is optimized with the Yoast SEO plugin v27.4 - https:\/\/yoast.com\/product\/yoast-seo-wordpress\/ -->\n<title>Valresultat 2014 Landstingsfullm\u00e4ktige | KD V\u00e4sternorrland<\/title>\n<meta name=\"robots\" content=\"index, follow, max-snippet:-1, max-image-preview:large, max-video-preview:-1\" \/>\n<link rel=\"canonical\" href=\"https:\/\/wp.kristdemokraterna.se\/vasternorrland\/tidigare-val\/valet-2014\/valresultat-2014-landstingsfullmaktige\/\" \/>\n<meta property=\"og:locale\" content=\"sv_SE\" \/>\n<meta property=\"og:type\" content=\"article\" \/>\n<meta property=\"og:title\" content=\"Valresultat 2014 Landstingsfullm\u00e4ktige | KD V\u00e4sternorrland\" \/>\n<meta property=\"og:description\" content=\"Slutgiltiga valresultatet f\u00f6r valet till landstingsfullm\u00e4ktige i V\u00e4sternorrlands l\u00e4n 2014. Parti R\u00f6ster Mandatf\u00f6rdelning Antal % +- % Antal +- Socialdemokraterna 75\u00a0976 47,96 +7,58 38 +6 Moderaterna 22 684 14,32 -7,32 11 -7 Centerpartiet 12 063 7,61 +0,46 6 0 Sverigedemokraterna 11 855 7,48 +4,53 6 +6 V\u00e4nsterpartiet 10 941 6,91 +1,26 6 +1 Folkpartiet Liberalerna Read More\" \/>\n<meta property=\"og:url\" content=\"https:\/\/wp.kristdemokraterna.se\/vasternorrland\/tidigare-val\/valet-2014\/valresultat-2014-landstingsfullmaktige\/\" \/>\n<meta property=\"og:site_name\" content=\"KD V\u00e4sternorrland\" \/>\n<meta property=\"article:publisher\" content=\"https:\/\/www.facebook.com\/kdrvn\/\" \/>\n<meta property=\"article:modified_time\" content=\"2019-09-17T10:42:08+00:00\" \/>\n<meta name=\"twitter:card\" content=\"summary_large_image\" \/>\n<script type=\"application\/ld+json\" class=\"yoast-schema-graph\">{\"@context\":\"https:\\\/\\\/schema.org\",\"@graph\":[{\"@type\":\"WebPage\",\"@id\":\"https:\\\/\\\/wp.kristdemokraterna.se\\\/vasternorrland\\\/tidigare-val\\\/valet-2014\\\/valresultat-2014-landstingsfullmaktige\\\/\",\"url\":\"https:\\\/\\\/wp.kristdemokraterna.se\\\/vasternorrland\\\/tidigare-val\\\/valet-2014\\\/valresultat-2014-landstingsfullmaktige\\\/\",\"name\":\"Valresultat 2014 Landstingsfullm\u00e4ktige | KD V\u00e4sternorrland\",\"isPartOf\":{\"@id\":\"https:\\\/\\\/wp.kristdemokraterna.se\\\/vasternorrland\\\/#website\"},\"datePublished\":\"2018-09-08T17:01:07+00:00\",\"dateModified\":\"2019-09-17T10:42:08+00:00\",\"breadcrumb\":{\"@id\":\"https:\\\/\\\/wp.kristdemokraterna.se\\\/vasternorrland\\\/tidigare-val\\\/valet-2014\\\/valresultat-2014-landstingsfullmaktige\\\/#breadcrumb\"},\"inLanguage\":\"sv-SE\",\"potentialAction\":[{\"@type\":\"ReadAction\",\"target\":[\"https:\\\/\\\/wp.kristdemokraterna.se\\\/vasternorrland\\\/tidigare-val\\\/valet-2014\\\/valresultat-2014-landstingsfullmaktige\\\/\"]}]},{\"@type\":\"BreadcrumbList\",\"@id\":\"https:\\\/\\\/wp.kristdemokraterna.se\\\/vasternorrland\\\/tidigare-val\\\/valet-2014\\\/valresultat-2014-landstingsfullmaktige\\\/#breadcrumb\",\"itemListElement\":[{\"@type\":\"ListItem\",\"position\":1,\"name\":\"Hem\",\"item\":\"https:\\\/\\\/wp.kristdemokraterna.se\\\/vasternorrland\\\/\"},{\"@type\":\"ListItem\",\"position\":2,\"name\":\"Tidigare val\",\"item\":\"https:\\\/\\\/wp.kristdemokraterna.se\\\/vasternorrland\\\/tidigare-val\\\/\"},{\"@type\":\"ListItem\",\"position\":3,\"name\":\"Valet 2014\",\"item\":\"https:\\\/\\\/wp.kristdemokraterna.se\\\/vasternorrland\\\/tidigare-val\\\/valet-2014\\\/\"},{\"@type\":\"ListItem\",\"position\":4,\"name\":\"Valresultat 2014 Landstingsfullm\u00e4ktige\"}]},{\"@type\":\"WebSite\",\"@id\":\"https:\\\/\\\/wp.kristdemokraterna.se\\\/vasternorrland\\\/#website\",\"url\":\"https:\\\/\\\/wp.kristdemokraterna.se\\\/vasternorrland\\\/\",\"name\":\"KD V\u00e4sternorrland\",\"description\":\"V\u00e5rda v\u00e5rden - utveckla prim\u00e4rv\u00e5rden\",\"inLanguage\":\"sv-SE\"}]}<\/script>\n<!-- \/ Yoast SEO plugin. -->","yoast_head_json":{"title":"Valresultat 2014 Landstingsfullm\u00e4ktige | KD V\u00e4sternorrland","robots":{"index":"index","follow":"follow","max-snippet":"max-snippet:-1","max-image-preview":"max-image-preview:large","max-video-preview":"max-video-preview:-1"},"canonical":"https:\/\/wp.kristdemokraterna.se\/vasternorrland\/tidigare-val\/valet-2014\/valresultat-2014-landstingsfullmaktige\/","og_locale":"sv_SE","og_type":"article","og_title":"Valresultat 2014 Landstingsfullm\u00e4ktige | KD V\u00e4sternorrland","og_description":"Slutgiltiga valresultatet f\u00f6r valet till landstingsfullm\u00e4ktige i V\u00e4sternorrlands l\u00e4n 2014. Parti R\u00f6ster Mandatf\u00f6rdelning Antal % +- % Antal +- Socialdemokraterna 75\u00a0976 47,96 +7,58 38 +6 Moderaterna 22 684 14,32 -7,32 11 -7 Centerpartiet 12 063 7,61 +0,46 6 0 Sverigedemokraterna 11 855 7,48 +4,53 6 +6 V\u00e4nsterpartiet 10 941 6,91 +1,26 6 +1 Folkpartiet Liberalerna Read More","og_url":"https:\/\/wp.kristdemokraterna.se\/vasternorrland\/tidigare-val\/valet-2014\/valresultat-2014-landstingsfullmaktige\/","og_site_name":"KD V\u00e4sternorrland","article_publisher":"https:\/\/www.facebook.com\/kdrvn\/","article_modified_time":"2019-09-17T10:42:08+00:00","twitter_card":"summary_large_image","schema":{"@context":"https:\/\/schema.org","@graph":[{"@type":"WebPage","@id":"https:\/\/wp.kristdemokraterna.se\/vasternorrland\/tidigare-val\/valet-2014\/valresultat-2014-landstingsfullmaktige\/","url":"https:\/\/wp.kristdemokraterna.se\/vasternorrland\/tidigare-val\/valet-2014\/valresultat-2014-landstingsfullmaktige\/","name":"Valresultat 2014 Landstingsfullm\u00e4ktige | KD V\u00e4sternorrland","isPartOf":{"@id":"https:\/\/wp.kristdemokraterna.se\/vasternorrland\/#website"},"datePublished":"2018-09-08T17:01:07+00:00","dateModified":"2019-09-17T10:42:08+00:00","breadcrumb":{"@id":"https:\/\/wp.kristdemokraterna.se\/vasternorrland\/tidigare-val\/valet-2014\/valresultat-2014-landstingsfullmaktige\/#breadcrumb"},"inLanguage":"sv-SE","potentialAction":[{"@type":"ReadAction","target":["https:\/\/wp.kristdemokraterna.se\/vasternorrland\/tidigare-val\/valet-2014\/valresultat-2014-landstingsfullmaktige\/"]}]},{"@type":"BreadcrumbList","@id":"https:\/\/wp.kristdemokraterna.se\/vasternorrland\/tidigare-val\/valet-2014\/valresultat-2014-landstingsfullmaktige\/#breadcrumb","itemListElement":[{"@type":"ListItem","position":1,"name":"Hem","item":"https:\/\/wp.kristdemokraterna.se\/vasternorrland\/"},{"@type":"ListItem","position":2,"name":"Tidigare val","item":"https:\/\/wp.kristdemokraterna.se\/vasternorrland\/tidigare-val\/"},{"@type":"ListItem","position":3,"name":"Valet 2014","item":"https:\/\/wp.kristdemokraterna.se\/vasternorrland\/tidigare-val\/valet-2014\/"},{"@type":"ListItem","position":4,"name":"Valresultat 2014 Landstingsfullm\u00e4ktige"}]},{"@type":"WebSite","@id":"https:\/\/wp.kristdemokraterna.se\/vasternorrland\/#website","url":"https:\/\/wp.kristdemokraterna.se\/vasternorrland\/","name":"KD V\u00e4sternorrland","description":"V\u00e5rda v\u00e5rden - utveckla prim\u00e4rv\u00e5rden","inLanguage":"sv-SE"}]}},"_links":{"self":[{"href":"https:\/\/wp.kristdemokraterna.se\/vasternorrland\/wp-json\/wp\/v2\/pages\/128558","targetHints":{"allow":["GET"]}}],"collection":[{"href":"https:\/\/wp.kristdemokraterna.se\/vasternorrland\/wp-json\/wp\/v2\/pages"}],"about":[{"href":"https:\/\/wp.kristdemokraterna.se\/vasternorrland\/wp-json\/wp\/v2\/types\/page"}],"author":[{"embeddable":true,"href":"https:\/\/wp.kristdemokraterna.se\/vasternorrland\/wp-json\/wp\/v2\/users\/787"}],"replies":[{"embeddable":true,"href":"https:\/\/wp.kristdemokraterna.se\/vasternorrland\/wp-json\/wp\/v2\/comments?post=128558"}],"version-history":[{"count":33,"href":"https:\/\/wp.kristdemokraterna.se\/vasternorrland\/wp-json\/wp\/v2\/pages\/128558\/revisions"}],"predecessor-version":[{"id":220357,"href":"https:\/\/wp.kristdemokraterna.se\/vasternorrland\/wp-json\/wp\/v2\/pages\/128558\/revisions\/220357"}],"up":[{"embeddable":true,"href":"https:\/\/wp.kristdemokraterna.se\/vasternorrland\/wp-json\/wp\/v2\/pages\/136277"}],"wp:attachment":[{"href":"https:\/\/wp.kristdemokraterna.se\/vasternorrland\/wp-json\/wp\/v2\/media?parent=128558"}],"curies":[{"name":"wp","href":"https:\/\/api.w.org\/{rel}","templated":true}]}}