{"id":128648,"date":"2018-09-08T19:00:46","date_gmt":"2018-09-08T17:00:46","guid":{"rendered":"http:\/\/wp.kristdemokraterna.se\/vasternorrland\/?page_id=128648"},"modified":"2018-12-20T10:26:24","modified_gmt":"2018-12-20T09:26:24","slug":"media","status":"publish","type":"page","link":"https:\/\/wp.kristdemokraterna.se\/vasternorrland\/media\/","title":{"rendered":"Media"},"content":{"rendered":"<p>\u00c4r du journalist och vill komma i kontakt med v\u00e5r partiledare eller n\u00e5gon av v\u00e5ra riksdagsledam\u00f6ter? Beh\u00f6ver du hj\u00e4lp med n\u00e5got annat \u00e4rende som har med Kristdemokraterna att g\u00f6ra? D\u00e5 \u00e4r du v\u00e4lkommen att kontakta oss.<\/p>\n<ul class=\"c-ui-list c-ui-list--alpha u-hard--bottom u-clean--top u-clean--bottom\">\n<li style=\"list-style-type: none\">\n<ul class=\"c-ui-list c-ui-list--alpha u-hard--bottom u-clean--top u-clean--bottom\">\n<li style=\"list-style-type: none\">\n<ul class=\"c-ui-list c-ui-list--alpha u-hard--bottom u-clean--top u-clean--bottom\">\n<li class=\"u-hard\">\n<section class=\"o-section u-hard--top\">\n<ul class=\"o-grid o-grid--matrix o-grid--equal-height\">\n<li class=\"o-grid__item u-1\/1 u-1\/2@xs-up u-1\/3@sm-up u-1\/2@md-up u-1\/3@lg-up\">\n<div class=\"c-site-module o-ui-link u-border\">\n<div class=\"c-img-control-wrap js-img-control-wrap\">\n<div class=\"c-img-control-wrap__inner js-img-control-wrap__inner\"><img loading=\"lazy\" decoding=\"async\" class=\"alignnone size-medium wp-image-128674\" src=\"http:\/\/wp.kristdemokraterna.se\/vasternorrland\/files\/2018\/09\/placeholder-kd-276x300.jpg\" alt=\"\" width=\"276\" height=\"300\" srcset=\"https:\/\/wp.kristdemokraterna.se\/vasternorrland\/files\/2018\/09\/placeholder-kd-276x300.jpg 276w, https:\/\/wp.kristdemokraterna.se\/vasternorrland\/files\/2018\/09\/placeholder-kd-496x540.jpg 496w, https:\/\/wp.kristdemokraterna.se\/vasternorrland\/files\/2018\/09\/placeholder-kd-184x200.jpg 184w, https:\/\/wp.kristdemokraterna.se\/vasternorrland\/files\/2018\/09\/placeholder-kd-370x403.jpg 370w, https:\/\/wp.kristdemokraterna.se\/vasternorrland\/files\/2018\/09\/placeholder-kd-450x490.jpg 450w, https:\/\/wp.kristdemokraterna.se\/vasternorrland\/files\/2018\/09\/placeholder-kd-280x305.jpg 280w, https:\/\/wp.kristdemokraterna.se\/vasternorrland\/files\/2018\/09\/placeholder-kd-340x370.jpg 340w, https:\/\/wp.kristdemokraterna.se\/vasternorrland\/files\/2018\/09\/placeholder-kd-239x260.jpg 239w, https:\/\/wp.kristdemokraterna.se\/vasternorrland\/files\/2018\/09\/placeholder-kd-51x56.jpg 51w, https:\/\/wp.kristdemokraterna.se\/vasternorrland\/files\/2018\/09\/placeholder-kd.jpg 680w\" sizes=\"auto, (max-width: 276px) 100vw, 276px\" \/><\/div>\n<\/div>\n<div class=\"u-soft\">\n<ul class=\"o-bare-list o-bare-list--spaced\/2\">\n<li>\n<ul class=\"o-bare-list\">\n<li class=\"u-brand-font u-txt-bold\">Britt-Mari Brynielsson<\/li>\n<li class=\"u-txt-xs u-txt-zeta\">Partidistriktsordf\u00f6rande<\/li>\n<\/ul>\n<\/li>\n<li>\n<ul class=\"o-bare-list o-bare-list--spaced\/2\">\n<li>\n<ul class=\"o-bare-list\">\n<li class=\"u-brand-font u-txt-xs\"><strong>E-post:<\/strong><\/li>\n<li class=\"u-txt-brand u-txt-xs\"><a href=\"mailto:britt-mari.brynielsson@kristdemokraterna.se\">britt-mari.brynielsson@kristdemokraterna.se<\/a><\/li>\n<\/ul>\n<\/li>\n<li>\n<ul class=\"o-bare-list\">\n<li class=\"u-brand-font u-txt-xs\"><strong>Telefon:<\/strong><\/li>\n<li class=\"u-txt-brand u-txt-xs\"><a href=\"tel:070-539 10 70\">070-539 10 70<\/a><\/li>\n<\/ul>\n<\/li>\n<\/ul>\n<\/li>\n<\/ul>\n<\/div>\n<\/div>\n<\/li>\n<li class=\"o-grid__item u-1\/1 u-1\/2@xs-up u-1\/3@sm-up u-1\/2@md-up u-1\/3@lg-up\">\n<div class=\"c-site-module o-ui-link u-border\">\n<div class=\"c-img-control-wrap js-img-control-wrap\">\n<div class=\"c-img-control-wrap__inner js-img-control-wrap__inner\"><img loading=\"lazy\" decoding=\"async\" class=\"alignnone size-medium wp-image-128674\" src=\"http:\/\/wp.kristdemokraterna.se\/vasternorrland\/files\/2018\/10\/mona-hammarstedt.jpg\" alt=\"\" width=\"276\" height=\"300\" \/><\/div>\n<\/div>\n<div class=\"u-soft\">\n<ul class=\"o-bare-list o-bare-list--spaced\/2\">\n<li>\n<ul class=\"o-bare-list\">\n<li class=\"u-brand-font u-txt-bold\">Mona Hammarstedt<\/li>\n<li class=\"u-txt-xs u-txt-zeta\">Gruppledare i regionfullm\u00e4ktige<\/li>\n<\/ul>\n<\/li>\n<li>\n<ul class=\"o-bare-list o-bare-list--spaced\/2\">\n<li>\n<ul class=\"o-bare-list\">\n<li class=\"u-brand-font u-txt-xs\"><strong>E-post:<\/strong><\/li>\n<li class=\"u-txt-brand u-txt-xs\"><a href=\"mailto:mona.hammarstedt@kristdemokraterna.se\">mona.hammarstedt@kristdemokraterna.se<\/a><\/li>\n<\/ul>\n<\/li>\n<li>\n<ul class=\"o-bare-list\">\n<li class=\"u-brand-font u-txt-xs\"><strong>Telefon:<\/strong><\/li>\n<li class=\"u-txt-brand u-txt-xs\"><a href=\"tel:070-398 17 99\">070-398 17 99<\/a><\/li>\n<\/ul>\n<\/li>\n<\/ul>\n<\/li>\n<\/ul>\n<\/div>\n<\/div>\n<\/li>\n<li class=\"o-grid__item u-1\/1 u-1\/2@xs-up u-1\/3@sm-up u-1\/2@md-up u-1\/3@lg-up\">\n<div class=\"c-site-module o-ui-link u-border\">\n<div class=\"c-img-control-wrap js-img-control-wrap\">\n<div class=\"c-img-control-wrap__inner js-img-control-wrap__inner\"><img loading=\"lazy\" decoding=\"async\" class=\"alignnone size-medium wp-image-128674\" src=\"http:\/\/wp.kristdemokraterna.se\/vasternorrland\/files\/2018\/10\/henrik-sendelbach.jpg\" alt=\"\" width=\"276\" height=\"300\" \/><\/div>\n<\/div>\n<div class=\"u-soft\">\n<ul class=\"o-bare-list o-bare-list--spaced\/2\">\n<li>\n<ul class=\"o-bare-list\">\n<li class=\"u-brand-font u-txt-bold\">Henrik Sendelbach<\/li>\n<li class=\"u-txt-xs u-txt-zeta\">Politisk sekreterare<\/li>\n<\/ul>\n<\/li>\n<li>\n<ul class=\"o-bare-list o-bare-list--spaced\/2\">\n<li>\n<ul class=\"o-bare-list\">\n<li class=\"u-brand-font u-txt-xs\"><strong>E-post:<\/strong><\/li>\n<li class=\"u-txt-brand u-txt-xs\"><a href=\"mailto:henrik.sendelbach@kristdemokraterna.se\">henrik.sendelbach@kristdemokraterna.se<\/a><\/li>\n<\/ul>\n<\/li>\n<li>\n<ul class=\"o-bare-list\">\n<li class=\"u-brand-font u-txt-xs\"><strong>Telefon:<\/strong><\/li>\n<li class=\"u-txt-brand u-txt-xs\"><a href=\"tel:072-527 21 32\">072-527 21 32<\/a><\/li>\n<\/ul>\n<\/li>\n<\/ul>\n<\/li>\n<\/ul>\n<\/div>\n<\/div>\n<\/li>\n<\/ul>\n<\/section>\n<\/li>\n<\/ul>\n<\/li>\n<\/ul>\n<\/li>\n<\/ul>\n","protected":false},"excerpt":{"rendered":"<p>\u00c4r du journalist och vill komma i kontakt med v\u00e5r partiledare eller n\u00e5gon av v\u00e5ra riksdagsledam\u00f6ter? Beh\u00f6ver du hj\u00e4lp med n\u00e5got annat \u00e4rende som har med Kristdemokraterna att g\u00f6ra? D\u00e5 \u00e4r du v\u00e4lkommen att kontakta oss. Britt-Mari Brynielsson Partidistriktsordf\u00f6rande E-post: britt-mari.brynielsson@kristdemokraterna.se Telefon: 070-539 10 70 Mona Hammarstedt Gruppledare i regionfullm\u00e4ktige E-post: mona.hammarstedt@kristdemokraterna.se Telefon: 070-398 17 <a class=\"read-more-link\" href=\"https:\/\/wp.kristdemokraterna.se\/vasternorrland\/media\/\">Read More<\/a><\/p>\n","protected":false},"author":787,"featured_media":0,"parent":0,"menu_order":0,"comment_status":"closed","ping_status":"closed","template":"","meta":{"_acf_changed":false,"footnotes":""},"class_list":["post-128648","page","type-page","status-publish","hentry"],"acf":[],"yoast_head":"<!-- This site is optimized with the Yoast SEO plugin v27.3 - https:\/\/yoast.com\/product\/yoast-seo-wordpress\/ -->\n<title>Media | KD V\u00e4sternorrland<\/title>\n<meta name=\"robots\" content=\"index, follow, max-snippet:-1, max-image-preview:large, max-video-preview:-1\" \/>\n<link rel=\"canonical\" href=\"https:\/\/wp.kristdemokraterna.se\/vasternorrland\/media\/\" \/>\n<meta property=\"og:locale\" content=\"sv_SE\" \/>\n<meta property=\"og:type\" content=\"article\" \/>\n<meta property=\"og:title\" content=\"Media | KD V\u00e4sternorrland\" \/>\n<meta property=\"og:description\" content=\"\u00c4r du journalist och vill komma i kontakt med v\u00e5r partiledare eller n\u00e5gon av v\u00e5ra riksdagsledam\u00f6ter? Beh\u00f6ver du hj\u00e4lp med n\u00e5got annat \u00e4rende som har med Kristdemokraterna att g\u00f6ra? D\u00e5 \u00e4r du v\u00e4lkommen att kontakta oss. Britt-Mari Brynielsson Partidistriktsordf\u00f6rande E-post: britt-mari.brynielsson@kristdemokraterna.se Telefon: 070-539 10 70 Mona Hammarstedt Gruppledare i regionfullm\u00e4ktige E-post: mona.hammarstedt@kristdemokraterna.se Telefon: 070-398 17 Read More\" \/>\n<meta property=\"og:url\" content=\"https:\/\/wp.kristdemokraterna.se\/vasternorrland\/media\/\" \/>\n<meta property=\"og:site_name\" content=\"KD V\u00e4sternorrland\" \/>\n<meta property=\"article:publisher\" content=\"https:\/\/www.facebook.com\/kdrvn\/\" \/>\n<meta property=\"article:modified_time\" content=\"2018-12-20T09:26:24+00:00\" \/>\n<meta property=\"og:image\" content=\"http:\/\/wp.kristdemokraterna.se\/vasternorrland\/files\/2018\/09\/placeholder-kd-276x300.jpg\" \/>\n<meta name=\"twitter:card\" content=\"summary_large_image\" \/>\n<script type=\"application\/ld+json\" class=\"yoast-schema-graph\">{\"@context\":\"https:\\\/\\\/schema.org\",\"@graph\":[{\"@type\":\"WebPage\",\"@id\":\"https:\\\/\\\/wp.kristdemokraterna.se\\\/vasternorrland\\\/media\\\/\",\"url\":\"https:\\\/\\\/wp.kristdemokraterna.se\\\/vasternorrland\\\/media\\\/\",\"name\":\"Media | KD V\u00e4sternorrland\",\"isPartOf\":{\"@id\":\"https:\\\/\\\/wp.kristdemokraterna.se\\\/vasternorrland\\\/#website\"},\"primaryImageOfPage\":{\"@id\":\"https:\\\/\\\/wp.kristdemokraterna.se\\\/vasternorrland\\\/media\\\/#primaryimage\"},\"image\":{\"@id\":\"https:\\\/\\\/wp.kristdemokraterna.se\\\/vasternorrland\\\/media\\\/#primaryimage\"},\"thumbnailUrl\":\"http:\\\/\\\/wp.kristdemokraterna.se\\\/vasternorrland\\\/files\\\/2018\\\/09\\\/placeholder-kd-276x300.jpg\",\"datePublished\":\"2018-09-08T17:00:46+00:00\",\"dateModified\":\"2018-12-20T09:26:24+00:00\",\"breadcrumb\":{\"@id\":\"https:\\\/\\\/wp.kristdemokraterna.se\\\/vasternorrland\\\/media\\\/#breadcrumb\"},\"inLanguage\":\"sv-SE\",\"potentialAction\":[{\"@type\":\"ReadAction\",\"target\":[\"https:\\\/\\\/wp.kristdemokraterna.se\\\/vasternorrland\\\/media\\\/\"]}]},{\"@type\":\"ImageObject\",\"inLanguage\":\"sv-SE\",\"@id\":\"https:\\\/\\\/wp.kristdemokraterna.se\\\/vasternorrland\\\/media\\\/#primaryimage\",\"url\":\"https:\\\/\\\/wp.kristdemokraterna.se\\\/vasternorrland\\\/files\\\/2018\\\/09\\\/placeholder-kd.jpg\",\"contentUrl\":\"https:\\\/\\\/wp.kristdemokraterna.se\\\/vasternorrland\\\/files\\\/2018\\\/09\\\/placeholder-kd.jpg\",\"width\":680,\"height\":740},{\"@type\":\"BreadcrumbList\",\"@id\":\"https:\\\/\\\/wp.kristdemokraterna.se\\\/vasternorrland\\\/media\\\/#breadcrumb\",\"itemListElement\":[{\"@type\":\"ListItem\",\"position\":1,\"name\":\"Hem\",\"item\":\"https:\\\/\\\/wp.kristdemokraterna.se\\\/vasternorrland\\\/\"},{\"@type\":\"ListItem\",\"position\":2,\"name\":\"Media\"}]},{\"@type\":\"WebSite\",\"@id\":\"https:\\\/\\\/wp.kristdemokraterna.se\\\/vasternorrland\\\/#website\",\"url\":\"https:\\\/\\\/wp.kristdemokraterna.se\\\/vasternorrland\\\/\",\"name\":\"KD V\u00e4sternorrland\",\"description\":\"V\u00e5rda v\u00e5rden - utveckla prim\u00e4rv\u00e5rden\",\"inLanguage\":\"sv-SE\"}]}<\/script>\n<!-- \/ Yoast SEO plugin. -->","yoast_head_json":{"title":"Media | KD V\u00e4sternorrland","robots":{"index":"index","follow":"follow","max-snippet":"max-snippet:-1","max-image-preview":"max-image-preview:large","max-video-preview":"max-video-preview:-1"},"canonical":"https:\/\/wp.kristdemokraterna.se\/vasternorrland\/media\/","og_locale":"sv_SE","og_type":"article","og_title":"Media | KD V\u00e4sternorrland","og_description":"\u00c4r du journalist och vill komma i kontakt med v\u00e5r partiledare eller n\u00e5gon av v\u00e5ra riksdagsledam\u00f6ter? Beh\u00f6ver du hj\u00e4lp med n\u00e5got annat \u00e4rende som har med Kristdemokraterna att g\u00f6ra? D\u00e5 \u00e4r du v\u00e4lkommen att kontakta oss. Britt-Mari Brynielsson Partidistriktsordf\u00f6rande E-post: britt-mari.brynielsson@kristdemokraterna.se Telefon: 070-539 10 70 Mona Hammarstedt Gruppledare i regionfullm\u00e4ktige E-post: mona.hammarstedt@kristdemokraterna.se Telefon: 070-398 17 Read More","og_url":"https:\/\/wp.kristdemokraterna.se\/vasternorrland\/media\/","og_site_name":"KD V\u00e4sternorrland","article_publisher":"https:\/\/www.facebook.com\/kdrvn\/","article_modified_time":"2018-12-20T09:26:24+00:00","og_image":[{"url":"http:\/\/wp.kristdemokraterna.se\/vasternorrland\/files\/2018\/09\/placeholder-kd-276x300.jpg","type":"","width":"","height":""}],"twitter_card":"summary_large_image","schema":{"@context":"https:\/\/schema.org","@graph":[{"@type":"WebPage","@id":"https:\/\/wp.kristdemokraterna.se\/vasternorrland\/media\/","url":"https:\/\/wp.kristdemokraterna.se\/vasternorrland\/media\/","name":"Media | KD V\u00e4sternorrland","isPartOf":{"@id":"https:\/\/wp.kristdemokraterna.se\/vasternorrland\/#website"},"primaryImageOfPage":{"@id":"https:\/\/wp.kristdemokraterna.se\/vasternorrland\/media\/#primaryimage"},"image":{"@id":"https:\/\/wp.kristdemokraterna.se\/vasternorrland\/media\/#primaryimage"},"thumbnailUrl":"http:\/\/wp.kristdemokraterna.se\/vasternorrland\/files\/2018\/09\/placeholder-kd-276x300.jpg","datePublished":"2018-09-08T17:00:46+00:00","dateModified":"2018-12-20T09:26:24+00:00","breadcrumb":{"@id":"https:\/\/wp.kristdemokraterna.se\/vasternorrland\/media\/#breadcrumb"},"inLanguage":"sv-SE","potentialAction":[{"@type":"ReadAction","target":["https:\/\/wp.kristdemokraterna.se\/vasternorrland\/media\/"]}]},{"@type":"ImageObject","inLanguage":"sv-SE","@id":"https:\/\/wp.kristdemokraterna.se\/vasternorrland\/media\/#primaryimage","url":"https:\/\/wp.kristdemokraterna.se\/vasternorrland\/files\/2018\/09\/placeholder-kd.jpg","contentUrl":"https:\/\/wp.kristdemokraterna.se\/vasternorrland\/files\/2018\/09\/placeholder-kd.jpg","width":680,"height":740},{"@type":"BreadcrumbList","@id":"https:\/\/wp.kristdemokraterna.se\/vasternorrland\/media\/#breadcrumb","itemListElement":[{"@type":"ListItem","position":1,"name":"Hem","item":"https:\/\/wp.kristdemokraterna.se\/vasternorrland\/"},{"@type":"ListItem","position":2,"name":"Media"}]},{"@type":"WebSite","@id":"https:\/\/wp.kristdemokraterna.se\/vasternorrland\/#website","url":"https:\/\/wp.kristdemokraterna.se\/vasternorrland\/","name":"KD V\u00e4sternorrland","description":"V\u00e5rda v\u00e5rden - utveckla prim\u00e4rv\u00e5rden","inLanguage":"sv-SE"}]}},"_links":{"self":[{"href":"https:\/\/wp.kristdemokraterna.se\/vasternorrland\/wp-json\/wp\/v2\/pages\/128648","targetHints":{"allow":["GET"]}}],"collection":[{"href":"https:\/\/wp.kristdemokraterna.se\/vasternorrland\/wp-json\/wp\/v2\/pages"}],"about":[{"href":"https:\/\/wp.kristdemokraterna.se\/vasternorrland\/wp-json\/wp\/v2\/types\/page"}],"author":[{"embeddable":true,"href":"https:\/\/wp.kristdemokraterna.se\/vasternorrland\/wp-json\/wp\/v2\/users\/787"}],"replies":[{"embeddable":true,"href":"https:\/\/wp.kristdemokraterna.se\/vasternorrland\/wp-json\/wp\/v2\/comments?post=128648"}],"version-history":[{"count":47,"href":"https:\/\/wp.kristdemokraterna.se\/vasternorrland\/wp-json\/wp\/v2\/pages\/128648\/revisions"}],"predecessor-version":[{"id":153855,"href":"https:\/\/wp.kristdemokraterna.se\/vasternorrland\/wp-json\/wp\/v2\/pages\/128648\/revisions\/153855"}],"wp:attachment":[{"href":"https:\/\/wp.kristdemokraterna.se\/vasternorrland\/wp-json\/wp\/v2\/media?parent=128648"}],"curies":[{"name":"wp","href":"https:\/\/api.w.org\/{rel}","templated":true}]}}