{"id":128937,"date":"2018-09-09T15:43:01","date_gmt":"2018-09-09T13:43:01","guid":{"rendered":"http:\/\/wp.kristdemokraterna.se\/vasternorrland\/?page_id=128937"},"modified":"2018-10-09T13:13:15","modified_gmt":"2018-10-09T11:13:15","slug":"valsedlar-2010-landstingsfullmaktige-vasternorrland","status":"publish","type":"page","link":"https:\/\/wp.kristdemokraterna.se\/vasternorrland\/tidigare-val\/valet-2010\/valsedlar-2010-landstingsfullmaktige-vasternorrland\/","title":{"rendered":"Valsedlar 2010 Landstingsfullm\u00e4ktige V\u00e4sternorrland"},"content":{"rendered":"<h2>Medelpad<\/h2>\n<ol>\n<li>Mona Hammarstedt, 60 \u00e5r, Leg Tandsk\u00f6terska, Fr\u00e4nsta<\/li>\n<li>Roger Boork, 36 \u00e5r, F\u00f6retagare, Bergeforsen<\/li>\n<li>Lena Nordin, 57 \u00e5r, Socionom, Sundsvall<\/li>\n<li>Hans Brynielsson, 55 \u00e5r, Avdelningsassistent, Kvissleby<\/li>\n<li>Berit Andersson, 77 \u00e5r, Pension\u00e4r, Sundsvall<\/li>\n<li>Christer R\u00f6sth, 34 \u00e5r, F\u00f6retagare, Sundsvall<\/li>\n<li>Bertil H\u00f6rnqvist, 56 \u00e5r, Regionchef, Sundsvall<\/li>\n<li>Britt-Mari Brynielsson, 53 \u00e5r, Dagbarnv\u00e5rdare, Kvissleby<\/li>\n<li>Viktor Bengtson, 35 \u00e5r, Ekonom, Timr\u00e5<\/li>\n<li>Gunilla Thornberg, 37 \u00e5r, Farmaceut, Fr\u00e4nsta<\/li>\n<li>Kjell Grip, 52 \u00e5r, Utbildningssamordnare, Fr\u00e4nsta<\/li>\n<li>Diana Pettersson, 51 \u00e5r, F\u00f6retagare, S\u00f6r\u00e5ker<\/li>\n<li>Lars Holmgren, 58 \u00e5r, Marknadsekonom, Sundsvall<\/li>\n<li>Gunn Thornberg, 73 \u00e5r, Pension\u00e4r, Fr\u00e4nsta<\/li>\n<li>Jan-Erik Sj\u00f6str\u00f6m, 71 \u00e5r, Pension\u00e4r, Timr\u00e5<\/li>\n<li>Tomas Svedberg, 43 \u00e5r, F\u00f6rs\u00e4ljningschef, Sundsvall<\/li>\n<\/ol>\n<div class=\"fot\"><\/div>\n<div class=\"valsedel\">\n<div class=\"definitiv\">\n<div class=\"huvud\">\n<h2>\u00c5ngermanland<\/h2>\n<\/div>\n<div class=\"kropp\">\n<ol>\n<li>Sverker \u00c5gren, 57 \u00e5r, Socionom, H\u00e4rn\u00f6sand<\/li>\n<li>Maude Westman, 66 \u00e5r, Undersk\u00f6terska, \u00d6verh\u00f6rn\u00e4s<\/li>\n<li>Hans Wikstr\u00f6m, 45 \u00e5r, Tillf. rektor, H\u00e4rn\u00f6sand<\/li>\n<li>Mona Lundqvist, 65 \u00e5r, Sj\u00e4levad<\/li>\n<li>Ingemar Wiklander, 61\u00e5r, Arbetsf\u00f6rmedlare, H\u00e4rn\u00f6sand<\/li>\n<li>Hanna Sydhage, 25 \u00e5r, \u00d6rnsk\u00f6ldsvik<\/li>\n<li>G\u00f6ran Solsj\u00f6, 51 \u00e5r, Pastor, Ramsele<\/li>\n<li>Birgitta Sedin, 53 \u00e5r, Omr\u00e5deschef, Sidensj\u00f6<\/li>\n<li>Jan Erik \u00c5gren, 66 \u00e5r, Prost, tidigare riksdagsledamot, Ramsele<\/li>\n<li>Agnetha Nordin, 52 \u00e5r, Spr\u00e5kl\u00e4rare, \u00d6rnsk\u00f6ldsvik<\/li>\n<li>Per Sundin, 60 \u00e5r, Civilingeng\u00f6r, \u00d6rnsk\u00f6ldsvik<\/li>\n<li>Kay Lundgren, 69 \u00e5r, Arn\u00e4svall<\/li>\n<li>Thord Carlsson, 71 \u00e5r, Sollefte\u00e5<\/li>\n<li>Gunl\u00f6g Jacobsson, 54 \u00e5r, Sollefte\u00e5<\/li>\n<li>Marie Jonzon, 51 \u00e5r, \u00d6verh\u00f6rn\u00e4s<\/li>\n<li>Margareta H\u00f6gberg, 58 \u00e5r, Diakoniassistent, Kramfors<\/li>\n<li>Curt Eriksson, 66 \u00e5r, F\u00f6retagare, \u00d6rnsk\u00f6ldsvik<\/li>\n<li>Marianne Quarfordt, 62 \u00e5r, \u00d6verh\u00f6rn\u00e4s<\/li>\n<li>G\u00f6ran Brorsson, 58 \u00e5r, Speciall\u00e4rare, \u00d6rnsk\u00f6ldsvik<\/li>\n<li>Solveig Hamrin, 60 \u00e5r, H\u00e4rn\u00f6sand<\/li>\n<li>Michal Zakolski, 59 \u00e5r, Kurator, Bredbyn<\/li>\n<\/ol>\n<\/div>\n<\/div>\n<\/div>\n","protected":false},"excerpt":{"rendered":"<p>Medelpad Mona Hammarstedt, 60 \u00e5r, Leg Tandsk\u00f6terska, Fr\u00e4nsta Roger Boork, 36 \u00e5r, F\u00f6retagare, Bergeforsen Lena Nordin, 57 \u00e5r, Socionom, Sundsvall Hans Brynielsson, 55 \u00e5r, Avdelningsassistent, Kvissleby Berit Andersson, 77 \u00e5r, Pension\u00e4r, Sundsvall Christer R\u00f6sth, 34 \u00e5r, F\u00f6retagare, Sundsvall Bertil H\u00f6rnqvist, 56 \u00e5r, Regionchef, Sundsvall Britt-Mari Brynielsson, 53 \u00e5r, Dagbarnv\u00e5rdare, Kvissleby Viktor Bengtson, 35 \u00e5r, Ekonom, <a class=\"read-more-link\" href=\"https:\/\/wp.kristdemokraterna.se\/vasternorrland\/tidigare-val\/valet-2010\/valsedlar-2010-landstingsfullmaktige-vasternorrland\/\">Read More<\/a><\/p>\n","protected":false},"author":787,"featured_media":0,"parent":136273,"menu_order":0,"comment_status":"closed","ping_status":"closed","template":"","meta":{"_acf_changed":false,"footnotes":""},"class_list":["post-128937","page","type-page","status-publish","hentry"],"acf":[],"yoast_head":"<!-- This site is optimized with the Yoast SEO plugin v27.3 - https:\/\/yoast.com\/product\/yoast-seo-wordpress\/ -->\n<title>Valsedlar 2010 Landstingsfullm\u00e4ktige V\u00e4sternorrland | KD V\u00e4sternorrland<\/title>\n<meta name=\"robots\" content=\"index, follow, max-snippet:-1, max-image-preview:large, max-video-preview:-1\" \/>\n<link rel=\"canonical\" href=\"https:\/\/wp.kristdemokraterna.se\/vasternorrland\/tidigare-val\/valet-2010\/valsedlar-2010-landstingsfullmaktige-vasternorrland\/\" \/>\n<meta property=\"og:locale\" content=\"sv_SE\" \/>\n<meta property=\"og:type\" content=\"article\" \/>\n<meta property=\"og:title\" content=\"Valsedlar 2010 Landstingsfullm\u00e4ktige V\u00e4sternorrland | KD V\u00e4sternorrland\" \/>\n<meta property=\"og:description\" content=\"Medelpad Mona Hammarstedt, 60 \u00e5r, Leg Tandsk\u00f6terska, Fr\u00e4nsta Roger Boork, 36 \u00e5r, F\u00f6retagare, Bergeforsen Lena Nordin, 57 \u00e5r, Socionom, Sundsvall Hans Brynielsson, 55 \u00e5r, Avdelningsassistent, Kvissleby Berit Andersson, 77 \u00e5r, Pension\u00e4r, Sundsvall Christer R\u00f6sth, 34 \u00e5r, F\u00f6retagare, Sundsvall Bertil H\u00f6rnqvist, 56 \u00e5r, Regionchef, Sundsvall Britt-Mari Brynielsson, 53 \u00e5r, Dagbarnv\u00e5rdare, Kvissleby Viktor Bengtson, 35 \u00e5r, Ekonom, Read More\" \/>\n<meta property=\"og:url\" content=\"https:\/\/wp.kristdemokraterna.se\/vasternorrland\/tidigare-val\/valet-2010\/valsedlar-2010-landstingsfullmaktige-vasternorrland\/\" \/>\n<meta property=\"og:site_name\" content=\"KD V\u00e4sternorrland\" \/>\n<meta property=\"article:publisher\" content=\"https:\/\/www.facebook.com\/kdrvn\/\" \/>\n<meta property=\"article:modified_time\" content=\"2018-10-09T11:13:15+00:00\" \/>\n<meta name=\"twitter:card\" content=\"summary_large_image\" \/>\n<meta name=\"twitter:label1\" content=\"Ber\u00e4knad l\u00e4stid\" \/>\n\t<meta name=\"twitter:data1\" content=\"1 minut\" \/>\n<script type=\"application\/ld+json\" class=\"yoast-schema-graph\">{\"@context\":\"https:\\\/\\\/schema.org\",\"@graph\":[{\"@type\":\"WebPage\",\"@id\":\"https:\\\/\\\/wp.kristdemokraterna.se\\\/vasternorrland\\\/tidigare-val\\\/valet-2010\\\/valsedlar-2010-landstingsfullmaktige-vasternorrland\\\/\",\"url\":\"https:\\\/\\\/wp.kristdemokraterna.se\\\/vasternorrland\\\/tidigare-val\\\/valet-2010\\\/valsedlar-2010-landstingsfullmaktige-vasternorrland\\\/\",\"name\":\"Valsedlar 2010 Landstingsfullm\u00e4ktige V\u00e4sternorrland | KD V\u00e4sternorrland\",\"isPartOf\":{\"@id\":\"https:\\\/\\\/wp.kristdemokraterna.se\\\/vasternorrland\\\/#website\"},\"datePublished\":\"2018-09-09T13:43:01+00:00\",\"dateModified\":\"2018-10-09T11:13:15+00:00\",\"breadcrumb\":{\"@id\":\"https:\\\/\\\/wp.kristdemokraterna.se\\\/vasternorrland\\\/tidigare-val\\\/valet-2010\\\/valsedlar-2010-landstingsfullmaktige-vasternorrland\\\/#breadcrumb\"},\"inLanguage\":\"sv-SE\",\"potentialAction\":[{\"@type\":\"ReadAction\",\"target\":[\"https:\\\/\\\/wp.kristdemokraterna.se\\\/vasternorrland\\\/tidigare-val\\\/valet-2010\\\/valsedlar-2010-landstingsfullmaktige-vasternorrland\\\/\"]}]},{\"@type\":\"BreadcrumbList\",\"@id\":\"https:\\\/\\\/wp.kristdemokraterna.se\\\/vasternorrland\\\/tidigare-val\\\/valet-2010\\\/valsedlar-2010-landstingsfullmaktige-vasternorrland\\\/#breadcrumb\",\"itemListElement\":[{\"@type\":\"ListItem\",\"position\":1,\"name\":\"Hem\",\"item\":\"https:\\\/\\\/wp.kristdemokraterna.se\\\/vasternorrland\\\/\"},{\"@type\":\"ListItem\",\"position\":2,\"name\":\"Tidigare val\",\"item\":\"https:\\\/\\\/wp.kristdemokraterna.se\\\/vasternorrland\\\/tidigare-val\\\/\"},{\"@type\":\"ListItem\",\"position\":3,\"name\":\"Valet 2010\",\"item\":\"https:\\\/\\\/wp.kristdemokraterna.se\\\/vasternorrland\\\/tidigare-val\\\/valet-2010\\\/\"},{\"@type\":\"ListItem\",\"position\":4,\"name\":\"Valsedlar 2010 Landstingsfullm\u00e4ktige V\u00e4sternorrland\"}]},{\"@type\":\"WebSite\",\"@id\":\"https:\\\/\\\/wp.kristdemokraterna.se\\\/vasternorrland\\\/#website\",\"url\":\"https:\\\/\\\/wp.kristdemokraterna.se\\\/vasternorrland\\\/\",\"name\":\"KD V\u00e4sternorrland\",\"description\":\"V\u00e5rda v\u00e5rden - utveckla prim\u00e4rv\u00e5rden\",\"inLanguage\":\"sv-SE\"}]}<\/script>\n<!-- \/ Yoast SEO plugin. -->","yoast_head_json":{"title":"Valsedlar 2010 Landstingsfullm\u00e4ktige V\u00e4sternorrland | KD V\u00e4sternorrland","robots":{"index":"index","follow":"follow","max-snippet":"max-snippet:-1","max-image-preview":"max-image-preview:large","max-video-preview":"max-video-preview:-1"},"canonical":"https:\/\/wp.kristdemokraterna.se\/vasternorrland\/tidigare-val\/valet-2010\/valsedlar-2010-landstingsfullmaktige-vasternorrland\/","og_locale":"sv_SE","og_type":"article","og_title":"Valsedlar 2010 Landstingsfullm\u00e4ktige V\u00e4sternorrland | KD V\u00e4sternorrland","og_description":"Medelpad Mona Hammarstedt, 60 \u00e5r, Leg Tandsk\u00f6terska, Fr\u00e4nsta Roger Boork, 36 \u00e5r, F\u00f6retagare, Bergeforsen Lena Nordin, 57 \u00e5r, Socionom, Sundsvall Hans Brynielsson, 55 \u00e5r, Avdelningsassistent, Kvissleby Berit Andersson, 77 \u00e5r, Pension\u00e4r, Sundsvall Christer R\u00f6sth, 34 \u00e5r, F\u00f6retagare, Sundsvall Bertil H\u00f6rnqvist, 56 \u00e5r, Regionchef, Sundsvall Britt-Mari Brynielsson, 53 \u00e5r, Dagbarnv\u00e5rdare, Kvissleby Viktor Bengtson, 35 \u00e5r, Ekonom, Read More","og_url":"https:\/\/wp.kristdemokraterna.se\/vasternorrland\/tidigare-val\/valet-2010\/valsedlar-2010-landstingsfullmaktige-vasternorrland\/","og_site_name":"KD V\u00e4sternorrland","article_publisher":"https:\/\/www.facebook.com\/kdrvn\/","article_modified_time":"2018-10-09T11:13:15+00:00","twitter_card":"summary_large_image","twitter_misc":{"Ber\u00e4knad l\u00e4stid":"1 minut"},"schema":{"@context":"https:\/\/schema.org","@graph":[{"@type":"WebPage","@id":"https:\/\/wp.kristdemokraterna.se\/vasternorrland\/tidigare-val\/valet-2010\/valsedlar-2010-landstingsfullmaktige-vasternorrland\/","url":"https:\/\/wp.kristdemokraterna.se\/vasternorrland\/tidigare-val\/valet-2010\/valsedlar-2010-landstingsfullmaktige-vasternorrland\/","name":"Valsedlar 2010 Landstingsfullm\u00e4ktige V\u00e4sternorrland | KD V\u00e4sternorrland","isPartOf":{"@id":"https:\/\/wp.kristdemokraterna.se\/vasternorrland\/#website"},"datePublished":"2018-09-09T13:43:01+00:00","dateModified":"2018-10-09T11:13:15+00:00","breadcrumb":{"@id":"https:\/\/wp.kristdemokraterna.se\/vasternorrland\/tidigare-val\/valet-2010\/valsedlar-2010-landstingsfullmaktige-vasternorrland\/#breadcrumb"},"inLanguage":"sv-SE","potentialAction":[{"@type":"ReadAction","target":["https:\/\/wp.kristdemokraterna.se\/vasternorrland\/tidigare-val\/valet-2010\/valsedlar-2010-landstingsfullmaktige-vasternorrland\/"]}]},{"@type":"BreadcrumbList","@id":"https:\/\/wp.kristdemokraterna.se\/vasternorrland\/tidigare-val\/valet-2010\/valsedlar-2010-landstingsfullmaktige-vasternorrland\/#breadcrumb","itemListElement":[{"@type":"ListItem","position":1,"name":"Hem","item":"https:\/\/wp.kristdemokraterna.se\/vasternorrland\/"},{"@type":"ListItem","position":2,"name":"Tidigare val","item":"https:\/\/wp.kristdemokraterna.se\/vasternorrland\/tidigare-val\/"},{"@type":"ListItem","position":3,"name":"Valet 2010","item":"https:\/\/wp.kristdemokraterna.se\/vasternorrland\/tidigare-val\/valet-2010\/"},{"@type":"ListItem","position":4,"name":"Valsedlar 2010 Landstingsfullm\u00e4ktige V\u00e4sternorrland"}]},{"@type":"WebSite","@id":"https:\/\/wp.kristdemokraterna.se\/vasternorrland\/#website","url":"https:\/\/wp.kristdemokraterna.se\/vasternorrland\/","name":"KD V\u00e4sternorrland","description":"V\u00e5rda v\u00e5rden - utveckla prim\u00e4rv\u00e5rden","inLanguage":"sv-SE"}]}},"_links":{"self":[{"href":"https:\/\/wp.kristdemokraterna.se\/vasternorrland\/wp-json\/wp\/v2\/pages\/128937","targetHints":{"allow":["GET"]}}],"collection":[{"href":"https:\/\/wp.kristdemokraterna.se\/vasternorrland\/wp-json\/wp\/v2\/pages"}],"about":[{"href":"https:\/\/wp.kristdemokraterna.se\/vasternorrland\/wp-json\/wp\/v2\/types\/page"}],"author":[{"embeddable":true,"href":"https:\/\/wp.kristdemokraterna.se\/vasternorrland\/wp-json\/wp\/v2\/users\/787"}],"replies":[{"embeddable":true,"href":"https:\/\/wp.kristdemokraterna.se\/vasternorrland\/wp-json\/wp\/v2\/comments?post=128937"}],"version-history":[{"count":1,"href":"https:\/\/wp.kristdemokraterna.se\/vasternorrland\/wp-json\/wp\/v2\/pages\/128937\/revisions"}],"predecessor-version":[{"id":128938,"href":"https:\/\/wp.kristdemokraterna.se\/vasternorrland\/wp-json\/wp\/v2\/pages\/128937\/revisions\/128938"}],"up":[{"embeddable":true,"href":"https:\/\/wp.kristdemokraterna.se\/vasternorrland\/wp-json\/wp\/v2\/pages\/136273"}],"wp:attachment":[{"href":"https:\/\/wp.kristdemokraterna.se\/vasternorrland\/wp-json\/wp\/v2\/media?parent=128937"}],"curies":[{"name":"wp","href":"https:\/\/api.w.org\/{rel}","templated":true}]}}