{"id":128939,"date":"2018-09-09T15:46:22","date_gmt":"2018-09-09T13:46:22","guid":{"rendered":"http:\/\/wp.kristdemokraterna.se\/vasternorrland\/?page_id=128939"},"modified":"2018-10-09T13:21:41","modified_gmt":"2018-10-09T11:21:41","slug":"valmanifest-2014-2018-landstinget-vasternorrland","status":"publish","type":"page","link":"https:\/\/wp.kristdemokraterna.se\/vasternorrland\/tidigare-val\/valet-2014\/valmanifest-2014-2018-landstinget-vasternorrland\/","title":{"rendered":"Valmanifest 2014-2018 Landstinget V\u00e4sternorrland"},"content":{"rendered":"<p><span style=\"color: #000000\">H\u00e4r kan du l\u00e4sa vad Kristdemokraterna V\u00e4sternorrland driver f\u00f6r politik i landstinget:\u00a0<\/span><\/p>\n<p><a href=\"http:\/\/wp.kristdemokraterna.se\/vasternorrland\/files\/2014\/09\/valmanifest_2014.pdf\" target=\"_blank\" rel=\"noopener\"><img loading=\"lazy\" decoding=\"async\" class=\"alignnone size-large wp-image-279\" src=\"http:\/\/wp.kristdemokraterna.se\/vasternorrland\/files\/2014\/09\/valmanifest-387x540.jpg\" alt=\"Valmanifest\" width=\"387\" height=\"540\" srcset=\"https:\/\/wp.kristdemokraterna.se\/vasternorrland\/files\/2014\/09\/valmanifest-387x540.jpg 387w, https:\/\/wp.kristdemokraterna.se\/vasternorrland\/files\/2014\/09\/valmanifest-215x300.jpg 215w, https:\/\/wp.kristdemokraterna.se\/vasternorrland\/files\/2014\/09\/valmanifest-248x346.jpg 248w, https:\/\/wp.kristdemokraterna.se\/vasternorrland\/files\/2014\/09\/valmanifest-80x112.jpg 80w, https:\/\/wp.kristdemokraterna.se\/vasternorrland\/files\/2014\/09\/valmanifest.jpg 1299w\" sizes=\"auto, (max-width: 387px) 100vw, 387px\" \/><\/a><\/p>\n<p><span style=\"color: #000000\"><a href=\"http:\/\/wp.kristdemokraterna.se\/vasternorrland\/files\/2014\/09\/valmanifest_2014.pdf\">Valmanifest LVN 2014<\/a><\/span><\/p>\n","protected":false},"excerpt":{"rendered":"<p>H\u00e4r kan du l\u00e4sa vad Kristdemokraterna V\u00e4sternorrland driver f\u00f6r politik i landstinget:\u00a0 Valmanifest LVN 2014<\/p>\n","protected":false},"author":787,"featured_media":0,"parent":136277,"menu_order":0,"comment_status":"closed","ping_status":"closed","template":"","meta":{"_acf_changed":false,"footnotes":""},"class_list":["post-128939","page","type-page","status-publish","hentry"],"acf":[],"yoast_head":"<!-- This site is optimized with the Yoast SEO plugin v27.4 - https:\/\/yoast.com\/product\/yoast-seo-wordpress\/ -->\n<title>Valmanifest 2014-2018 Landstinget V\u00e4sternorrland | KD V\u00e4sternorrland<\/title>\n<meta name=\"robots\" content=\"index, follow, max-snippet:-1, max-image-preview:large, max-video-preview:-1\" \/>\n<link rel=\"canonical\" href=\"https:\/\/wp.kristdemokraterna.se\/vasternorrland\/tidigare-val\/valet-2014\/valmanifest-2014-2018-landstinget-vasternorrland\/\" \/>\n<meta property=\"og:locale\" content=\"sv_SE\" \/>\n<meta property=\"og:type\" content=\"article\" \/>\n<meta property=\"og:title\" content=\"Valmanifest 2014-2018 Landstinget V\u00e4sternorrland | KD V\u00e4sternorrland\" \/>\n<meta property=\"og:description\" content=\"H\u00e4r kan du l\u00e4sa vad Kristdemokraterna V\u00e4sternorrland driver f\u00f6r politik i landstinget:\u00a0 Valmanifest LVN 2014\" \/>\n<meta property=\"og:url\" content=\"https:\/\/wp.kristdemokraterna.se\/vasternorrland\/tidigare-val\/valet-2014\/valmanifest-2014-2018-landstinget-vasternorrland\/\" \/>\n<meta property=\"og:site_name\" content=\"KD V\u00e4sternorrland\" \/>\n<meta property=\"article:publisher\" content=\"https:\/\/www.facebook.com\/kdrvn\/\" \/>\n<meta property=\"article:modified_time\" content=\"2018-10-09T11:21:41+00:00\" \/>\n<meta property=\"og:image\" content=\"http:\/\/wp.kristdemokraterna.se\/vasternorrland\/files\/2014\/09\/valmanifest-387x540.jpg\" \/>\n<meta name=\"twitter:card\" content=\"summary_large_image\" \/>\n<script type=\"application\/ld+json\" class=\"yoast-schema-graph\">{\"@context\":\"https:\\\/\\\/schema.org\",\"@graph\":[{\"@type\":\"WebPage\",\"@id\":\"https:\\\/\\\/wp.kristdemokraterna.se\\\/vasternorrland\\\/tidigare-val\\\/valet-2014\\\/valmanifest-2014-2018-landstinget-vasternorrland\\\/\",\"url\":\"https:\\\/\\\/wp.kristdemokraterna.se\\\/vasternorrland\\\/tidigare-val\\\/valet-2014\\\/valmanifest-2014-2018-landstinget-vasternorrland\\\/\",\"name\":\"Valmanifest 2014-2018 Landstinget V\u00e4sternorrland | KD V\u00e4sternorrland\",\"isPartOf\":{\"@id\":\"https:\\\/\\\/wp.kristdemokraterna.se\\\/vasternorrland\\\/#website\"},\"primaryImageOfPage\":{\"@id\":\"https:\\\/\\\/wp.kristdemokraterna.se\\\/vasternorrland\\\/tidigare-val\\\/valet-2014\\\/valmanifest-2014-2018-landstinget-vasternorrland\\\/#primaryimage\"},\"image\":{\"@id\":\"https:\\\/\\\/wp.kristdemokraterna.se\\\/vasternorrland\\\/tidigare-val\\\/valet-2014\\\/valmanifest-2014-2018-landstinget-vasternorrland\\\/#primaryimage\"},\"thumbnailUrl\":\"http:\\\/\\\/wp.kristdemokraterna.se\\\/vasternorrland\\\/files\\\/2014\\\/09\\\/valmanifest-387x540.jpg\",\"datePublished\":\"2018-09-09T13:46:22+00:00\",\"dateModified\":\"2018-10-09T11:21:41+00:00\",\"breadcrumb\":{\"@id\":\"https:\\\/\\\/wp.kristdemokraterna.se\\\/vasternorrland\\\/tidigare-val\\\/valet-2014\\\/valmanifest-2014-2018-landstinget-vasternorrland\\\/#breadcrumb\"},\"inLanguage\":\"sv-SE\",\"potentialAction\":[{\"@type\":\"ReadAction\",\"target\":[\"https:\\\/\\\/wp.kristdemokraterna.se\\\/vasternorrland\\\/tidigare-val\\\/valet-2014\\\/valmanifest-2014-2018-landstinget-vasternorrland\\\/\"]}]},{\"@type\":\"ImageObject\",\"inLanguage\":\"sv-SE\",\"@id\":\"https:\\\/\\\/wp.kristdemokraterna.se\\\/vasternorrland\\\/tidigare-val\\\/valet-2014\\\/valmanifest-2014-2018-landstinget-vasternorrland\\\/#primaryimage\",\"url\":\"https:\\\/\\\/wp.kristdemokraterna.se\\\/vasternorrland\\\/files\\\/2014\\\/09\\\/valmanifest.jpg\",\"contentUrl\":\"https:\\\/\\\/wp.kristdemokraterna.se\\\/vasternorrland\\\/files\\\/2014\\\/09\\\/valmanifest.jpg\",\"width\":1299,\"height\":1812},{\"@type\":\"BreadcrumbList\",\"@id\":\"https:\\\/\\\/wp.kristdemokraterna.se\\\/vasternorrland\\\/tidigare-val\\\/valet-2014\\\/valmanifest-2014-2018-landstinget-vasternorrland\\\/#breadcrumb\",\"itemListElement\":[{\"@type\":\"ListItem\",\"position\":1,\"name\":\"Hem\",\"item\":\"https:\\\/\\\/wp.kristdemokraterna.se\\\/vasternorrland\\\/\"},{\"@type\":\"ListItem\",\"position\":2,\"name\":\"Tidigare val\",\"item\":\"https:\\\/\\\/wp.kristdemokraterna.se\\\/vasternorrland\\\/tidigare-val\\\/\"},{\"@type\":\"ListItem\",\"position\":3,\"name\":\"Valet 2014\",\"item\":\"https:\\\/\\\/wp.kristdemokraterna.se\\\/vasternorrland\\\/tidigare-val\\\/valet-2014\\\/\"},{\"@type\":\"ListItem\",\"position\":4,\"name\":\"Valmanifest 2014-2018 Landstinget V\u00e4sternorrland\"}]},{\"@type\":\"WebSite\",\"@id\":\"https:\\\/\\\/wp.kristdemokraterna.se\\\/vasternorrland\\\/#website\",\"url\":\"https:\\\/\\\/wp.kristdemokraterna.se\\\/vasternorrland\\\/\",\"name\":\"KD V\u00e4sternorrland\",\"description\":\"V\u00e5rda v\u00e5rden - utveckla prim\u00e4rv\u00e5rden\",\"inLanguage\":\"sv-SE\"}]}<\/script>\n<!-- \/ Yoast SEO plugin. -->","yoast_head_json":{"title":"Valmanifest 2014-2018 Landstinget V\u00e4sternorrland | KD V\u00e4sternorrland","robots":{"index":"index","follow":"follow","max-snippet":"max-snippet:-1","max-image-preview":"max-image-preview:large","max-video-preview":"max-video-preview:-1"},"canonical":"https:\/\/wp.kristdemokraterna.se\/vasternorrland\/tidigare-val\/valet-2014\/valmanifest-2014-2018-landstinget-vasternorrland\/","og_locale":"sv_SE","og_type":"article","og_title":"Valmanifest 2014-2018 Landstinget V\u00e4sternorrland | KD V\u00e4sternorrland","og_description":"H\u00e4r kan du l\u00e4sa vad Kristdemokraterna V\u00e4sternorrland driver f\u00f6r politik i landstinget:\u00a0 Valmanifest LVN 2014","og_url":"https:\/\/wp.kristdemokraterna.se\/vasternorrland\/tidigare-val\/valet-2014\/valmanifest-2014-2018-landstinget-vasternorrland\/","og_site_name":"KD V\u00e4sternorrland","article_publisher":"https:\/\/www.facebook.com\/kdrvn\/","article_modified_time":"2018-10-09T11:21:41+00:00","og_image":[{"url":"http:\/\/wp.kristdemokraterna.se\/vasternorrland\/files\/2014\/09\/valmanifest-387x540.jpg","type":"","width":"","height":""}],"twitter_card":"summary_large_image","schema":{"@context":"https:\/\/schema.org","@graph":[{"@type":"WebPage","@id":"https:\/\/wp.kristdemokraterna.se\/vasternorrland\/tidigare-val\/valet-2014\/valmanifest-2014-2018-landstinget-vasternorrland\/","url":"https:\/\/wp.kristdemokraterna.se\/vasternorrland\/tidigare-val\/valet-2014\/valmanifest-2014-2018-landstinget-vasternorrland\/","name":"Valmanifest 2014-2018 Landstinget V\u00e4sternorrland | KD V\u00e4sternorrland","isPartOf":{"@id":"https:\/\/wp.kristdemokraterna.se\/vasternorrland\/#website"},"primaryImageOfPage":{"@id":"https:\/\/wp.kristdemokraterna.se\/vasternorrland\/tidigare-val\/valet-2014\/valmanifest-2014-2018-landstinget-vasternorrland\/#primaryimage"},"image":{"@id":"https:\/\/wp.kristdemokraterna.se\/vasternorrland\/tidigare-val\/valet-2014\/valmanifest-2014-2018-landstinget-vasternorrland\/#primaryimage"},"thumbnailUrl":"http:\/\/wp.kristdemokraterna.se\/vasternorrland\/files\/2014\/09\/valmanifest-387x540.jpg","datePublished":"2018-09-09T13:46:22+00:00","dateModified":"2018-10-09T11:21:41+00:00","breadcrumb":{"@id":"https:\/\/wp.kristdemokraterna.se\/vasternorrland\/tidigare-val\/valet-2014\/valmanifest-2014-2018-landstinget-vasternorrland\/#breadcrumb"},"inLanguage":"sv-SE","potentialAction":[{"@type":"ReadAction","target":["https:\/\/wp.kristdemokraterna.se\/vasternorrland\/tidigare-val\/valet-2014\/valmanifest-2014-2018-landstinget-vasternorrland\/"]}]},{"@type":"ImageObject","inLanguage":"sv-SE","@id":"https:\/\/wp.kristdemokraterna.se\/vasternorrland\/tidigare-val\/valet-2014\/valmanifest-2014-2018-landstinget-vasternorrland\/#primaryimage","url":"https:\/\/wp.kristdemokraterna.se\/vasternorrland\/files\/2014\/09\/valmanifest.jpg","contentUrl":"https:\/\/wp.kristdemokraterna.se\/vasternorrland\/files\/2014\/09\/valmanifest.jpg","width":1299,"height":1812},{"@type":"BreadcrumbList","@id":"https:\/\/wp.kristdemokraterna.se\/vasternorrland\/tidigare-val\/valet-2014\/valmanifest-2014-2018-landstinget-vasternorrland\/#breadcrumb","itemListElement":[{"@type":"ListItem","position":1,"name":"Hem","item":"https:\/\/wp.kristdemokraterna.se\/vasternorrland\/"},{"@type":"ListItem","position":2,"name":"Tidigare val","item":"https:\/\/wp.kristdemokraterna.se\/vasternorrland\/tidigare-val\/"},{"@type":"ListItem","position":3,"name":"Valet 2014","item":"https:\/\/wp.kristdemokraterna.se\/vasternorrland\/tidigare-val\/valet-2014\/"},{"@type":"ListItem","position":4,"name":"Valmanifest 2014-2018 Landstinget V\u00e4sternorrland"}]},{"@type":"WebSite","@id":"https:\/\/wp.kristdemokraterna.se\/vasternorrland\/#website","url":"https:\/\/wp.kristdemokraterna.se\/vasternorrland\/","name":"KD V\u00e4sternorrland","description":"V\u00e5rda v\u00e5rden - utveckla prim\u00e4rv\u00e5rden","inLanguage":"sv-SE"}]}},"_links":{"self":[{"href":"https:\/\/wp.kristdemokraterna.se\/vasternorrland\/wp-json\/wp\/v2\/pages\/128939","targetHints":{"allow":["GET"]}}],"collection":[{"href":"https:\/\/wp.kristdemokraterna.se\/vasternorrland\/wp-json\/wp\/v2\/pages"}],"about":[{"href":"https:\/\/wp.kristdemokraterna.se\/vasternorrland\/wp-json\/wp\/v2\/types\/page"}],"author":[{"embeddable":true,"href":"https:\/\/wp.kristdemokraterna.se\/vasternorrland\/wp-json\/wp\/v2\/users\/787"}],"replies":[{"embeddable":true,"href":"https:\/\/wp.kristdemokraterna.se\/vasternorrland\/wp-json\/wp\/v2\/comments?post=128939"}],"version-history":[{"count":1,"href":"https:\/\/wp.kristdemokraterna.se\/vasternorrland\/wp-json\/wp\/v2\/pages\/128939\/revisions"}],"predecessor-version":[{"id":128940,"href":"https:\/\/wp.kristdemokraterna.se\/vasternorrland\/wp-json\/wp\/v2\/pages\/128939\/revisions\/128940"}],"up":[{"embeddable":true,"href":"https:\/\/wp.kristdemokraterna.se\/vasternorrland\/wp-json\/wp\/v2\/pages\/136277"}],"wp:attachment":[{"href":"https:\/\/wp.kristdemokraterna.se\/vasternorrland\/wp-json\/wp\/v2\/media?parent=128939"}],"curies":[{"name":"wp","href":"https:\/\/api.w.org\/{rel}","templated":true}]}}