{"id":128951,"date":"2018-09-09T16:09:19","date_gmt":"2018-09-09T14:09:19","guid":{"rendered":"http:\/\/wp.kristdemokraterna.se\/vasternorrland\/?page_id=128951"},"modified":"2018-12-20T10:26:58","modified_gmt":"2018-12-20T09:26:58","slug":"logotyp","status":"publish","type":"page","link":"https:\/\/wp.kristdemokraterna.se\/vasternorrland\/media\/logotyp\/","title":{"rendered":"Logotyp"},"content":{"rendered":"<ul class=\"c-ui-list c-ui-list--alpha u-hard--bottom u-clean--top u-clean--bottom\">\n<li style=\"list-style-type: none\">\n<ul class=\"c-ui-list c-ui-list--alpha u-hard--bottom u-clean--top u-clean--bottom\">\n<li class=\"u-hard--sides u-hard--bottom\">\n<section>\n<h1>Kristdemokraternas logotype<\/h1>\n<p>Efter drygt 20 \u00e5r med samma grafiska profil har vi f\u00f6rnyat v\u00e5r grafiska profil. Vi \u00e4r s\u00e5klart fortfarande Kristdemokraterna, med v\u00e5r kristna m\u00e4nniskosyn och v\u00e4rdegrund, men vi har bytt v\u00e5r logotyp och har f\u00f6rnyat v\u00e5r visuella framtoning. Genom v\u00e5r nya logotyp f\u00f6rmedlar vi snabbt och sj\u00e4lvklart att det \u00e4r vi, Kristdemokrater som \u00e4r avs\u00e4ndare. V\u00e5r nya logotyp \u00e4r stilren, tidl\u00f6s och modern.<\/p>\n<div class=\"o-section u-hard--top\">\n<ul class=\"o-grid o-grid--matrix\">\n<li class=\"o-grid__item u-1\/2@xxs-up\">\n<div class=\"u-push-half--bottom\">\n<div class=\"c-img-control-wrap js-img-control-wrap\">\n<div class=\"c-img-control-wrap__inner js-img-control-wrap__inner\"><img decoding=\"async\" class=\"alignnone size-medium wp-image-128686\" src=\"https:\/\/kristdemokraterna.se\/wp-content\/uploads\/2017\/04\/KD_STANDARD_CMYK.jpg\" alt=\"\" width=\"200\" \/><\/div>\n<\/div>\n<\/div>\n<p><a class=\"u-txt-beta u-txt-bold\" href=\"https:\/\/kristdemokraterna.se\/wp-content\/uploads\/2017\/04\/KD_STANDARD_CMYK.jpg\"><br \/>\nLadda ner logotyp<br \/>\n<\/a><\/li>\n<\/ul>\n<\/div>\n<\/section>\n<\/li>\n<li class=\"u-hard--sides\"><a class=\"c-svg-icon c-svg-icon--box-arrow\" href=\"https:\/\/kristdemokraterna.se\/wp-content\/uploads\/2017\/04\/KD_STANDARD_CMYK-1.zip\"><br \/>\n<strong style=\"color: #ffffff;background-color: #005f9c\">&gt;<\/strong><strong> H\u00e4r kan du ladda ner v\u00e5r logotype f\u00f6r tryck <\/strong><br \/>\n<\/a><\/li>\n<\/ul>\n<\/li>\n<\/ul>\n<ul class=\"c-ui-list c-ui-list--alpha u-hard--bottom u-clean--top u-clean--bottom\">\n<li class=\"u-hard--sides\">\n<section>\n<ul class=\"c-ui-list u-clean--top u-clean--bottom u-hard--ends\">\n<li class=\"u-hard--sides\">\n<h1>H\u00e4r finner du de typsnitt Kristdemokraterna anv\u00e4nder i sin kommunikation<\/h1>\n<\/li>\n<li class=\"u-hard--sides\">\n<h2 class=\"u-base-font\">Akrobat<\/h2>\n<\/li>\n<li class=\"u-hard--sides u-akrobat-font u-txt-bold u-txt-xxl\">AaBbCcDdEeFfGgHhIiJjKkLlMmNnOoPpQqRrSsTtUuVvWwXxYyZz\u00c5\u00e5\u00c4\u00e4\u00d6\u00f6<\/li>\n<li class=\"u-hard--sides\">\n<h2>Arial<\/h2>\n<\/li>\n<li class=\"u-hard--sides u-txt-bold u-txt-xxl u-arial-font\">AaBbCcDdEeFfGgHhIiJjKkLlMmNnOoPpQqRrSsTtUuVvWwXxYyZz\u00c5\u00e5\u00c4\u00e4\u00d6\u00f6<\/li>\n<li class=\"u-hard--sides\">\n<h2>Georgia<\/h2>\n<\/li>\n<li class=\"u-hard--sides u-txt-bold u-txt-xxl u-gorgia-font\">AaBbCcDdEeFfGgHhIiJjKkLlMmNnOoPpQqRrSsTtUuVvWwXxYyZz\u00c5\u00e5\u00c4\u00e4\u00d6\u00f6<\/li>\n<\/ul>\n<\/section>\n<\/li>\n<\/ul>\n","protected":false},"excerpt":{"rendered":"<p>Kristdemokraternas logotype Efter drygt 20 \u00e5r med samma grafiska profil har vi f\u00f6rnyat v\u00e5r grafiska profil. Vi \u00e4r s\u00e5klart fortfarande Kristdemokraterna, med v\u00e5r kristna m\u00e4nniskosyn och v\u00e4rdegrund, men vi har bytt v\u00e5r logotyp och har f\u00f6rnyat v\u00e5r visuella framtoning. Genom v\u00e5r nya logotyp f\u00f6rmedlar vi snabbt och sj\u00e4lvklart att det \u00e4r vi, Kristdemokrater som \u00e4r <a class=\"read-more-link\" href=\"https:\/\/wp.kristdemokraterna.se\/vasternorrland\/media\/logotyp\/\">Read More<\/a><\/p>\n","protected":false},"author":787,"featured_media":0,"parent":128648,"menu_order":0,"comment_status":"closed","ping_status":"closed","template":"","meta":{"_acf_changed":false,"footnotes":""},"class_list":["post-128951","page","type-page","status-publish","hentry"],"acf":[],"yoast_head":"<!-- This site is optimized with the Yoast SEO plugin v27.3 - https:\/\/yoast.com\/product\/yoast-seo-wordpress\/ -->\n<title>Logotyp | KD V\u00e4sternorrland<\/title>\n<meta name=\"robots\" content=\"index, follow, max-snippet:-1, max-image-preview:large, max-video-preview:-1\" \/>\n<link rel=\"canonical\" href=\"https:\/\/wp.kristdemokraterna.se\/vasternorrland\/media\/logotyp\/\" \/>\n<meta property=\"og:locale\" content=\"sv_SE\" \/>\n<meta property=\"og:type\" content=\"article\" \/>\n<meta property=\"og:title\" content=\"Logotyp | KD V\u00e4sternorrland\" \/>\n<meta property=\"og:description\" content=\"Kristdemokraternas logotype Efter drygt 20 \u00e5r med samma grafiska profil har vi f\u00f6rnyat v\u00e5r grafiska profil. Vi \u00e4r s\u00e5klart fortfarande Kristdemokraterna, med v\u00e5r kristna m\u00e4nniskosyn och v\u00e4rdegrund, men vi har bytt v\u00e5r logotyp och har f\u00f6rnyat v\u00e5r visuella framtoning. Genom v\u00e5r nya logotyp f\u00f6rmedlar vi snabbt och sj\u00e4lvklart att det \u00e4r vi, Kristdemokrater som \u00e4r Read More\" \/>\n<meta property=\"og:url\" content=\"https:\/\/wp.kristdemokraterna.se\/vasternorrland\/media\/logotyp\/\" \/>\n<meta property=\"og:site_name\" content=\"KD V\u00e4sternorrland\" \/>\n<meta property=\"article:publisher\" content=\"https:\/\/www.facebook.com\/kdrvn\/\" \/>\n<meta property=\"article:modified_time\" content=\"2018-12-20T09:26:58+00:00\" \/>\n<meta property=\"og:image\" content=\"https:\/\/kristdemokraterna.se\/wp-content\/uploads\/2017\/04\/KD_STANDARD_CMYK.jpg\" \/>\n<meta name=\"twitter:card\" content=\"summary_large_image\" \/>\n<meta name=\"twitter:label1\" content=\"Ber\u00e4knad l\u00e4stid\" \/>\n\t<meta name=\"twitter:data1\" content=\"1 minut\" \/>\n<script type=\"application\/ld+json\" class=\"yoast-schema-graph\">{\"@context\":\"https:\\\/\\\/schema.org\",\"@graph\":[{\"@type\":\"WebPage\",\"@id\":\"https:\\\/\\\/wp.kristdemokraterna.se\\\/vasternorrland\\\/media\\\/logotyp\\\/\",\"url\":\"https:\\\/\\\/wp.kristdemokraterna.se\\\/vasternorrland\\\/media\\\/logotyp\\\/\",\"name\":\"Logotyp | KD V\u00e4sternorrland\",\"isPartOf\":{\"@id\":\"https:\\\/\\\/wp.kristdemokraterna.se\\\/vasternorrland\\\/#website\"},\"primaryImageOfPage\":{\"@id\":\"https:\\\/\\\/wp.kristdemokraterna.se\\\/vasternorrland\\\/media\\\/logotyp\\\/#primaryimage\"},\"image\":{\"@id\":\"https:\\\/\\\/wp.kristdemokraterna.se\\\/vasternorrland\\\/media\\\/logotyp\\\/#primaryimage\"},\"thumbnailUrl\":\"https:\\\/\\\/kristdemokraterna.se\\\/wp-content\\\/uploads\\\/2017\\\/04\\\/KD_STANDARD_CMYK.jpg\",\"datePublished\":\"2018-09-09T14:09:19+00:00\",\"dateModified\":\"2018-12-20T09:26:58+00:00\",\"breadcrumb\":{\"@id\":\"https:\\\/\\\/wp.kristdemokraterna.se\\\/vasternorrland\\\/media\\\/logotyp\\\/#breadcrumb\"},\"inLanguage\":\"sv-SE\",\"potentialAction\":[{\"@type\":\"ReadAction\",\"target\":[\"https:\\\/\\\/wp.kristdemokraterna.se\\\/vasternorrland\\\/media\\\/logotyp\\\/\"]}]},{\"@type\":\"ImageObject\",\"inLanguage\":\"sv-SE\",\"@id\":\"https:\\\/\\\/wp.kristdemokraterna.se\\\/vasternorrland\\\/media\\\/logotyp\\\/#primaryimage\",\"url\":\"https:\\\/\\\/kristdemokraterna.se\\\/wp-content\\\/uploads\\\/2017\\\/04\\\/KD_STANDARD_CMYK.jpg\",\"contentUrl\":\"https:\\\/\\\/kristdemokraterna.se\\\/wp-content\\\/uploads\\\/2017\\\/04\\\/KD_STANDARD_CMYK.jpg\"},{\"@type\":\"BreadcrumbList\",\"@id\":\"https:\\\/\\\/wp.kristdemokraterna.se\\\/vasternorrland\\\/media\\\/logotyp\\\/#breadcrumb\",\"itemListElement\":[{\"@type\":\"ListItem\",\"position\":1,\"name\":\"Hem\",\"item\":\"https:\\\/\\\/wp.kristdemokraterna.se\\\/vasternorrland\\\/\"},{\"@type\":\"ListItem\",\"position\":2,\"name\":\"Media\",\"item\":\"https:\\\/\\\/wp.kristdemokraterna.se\\\/vasternorrland\\\/media\\\/\"},{\"@type\":\"ListItem\",\"position\":3,\"name\":\"Logotyp\"}]},{\"@type\":\"WebSite\",\"@id\":\"https:\\\/\\\/wp.kristdemokraterna.se\\\/vasternorrland\\\/#website\",\"url\":\"https:\\\/\\\/wp.kristdemokraterna.se\\\/vasternorrland\\\/\",\"name\":\"KD V\u00e4sternorrland\",\"description\":\"V\u00e5rda v\u00e5rden - utveckla prim\u00e4rv\u00e5rden\",\"inLanguage\":\"sv-SE\"}]}<\/script>\n<!-- \/ Yoast SEO plugin. -->","yoast_head_json":{"title":"Logotyp | KD V\u00e4sternorrland","robots":{"index":"index","follow":"follow","max-snippet":"max-snippet:-1","max-image-preview":"max-image-preview:large","max-video-preview":"max-video-preview:-1"},"canonical":"https:\/\/wp.kristdemokraterna.se\/vasternorrland\/media\/logotyp\/","og_locale":"sv_SE","og_type":"article","og_title":"Logotyp | KD V\u00e4sternorrland","og_description":"Kristdemokraternas logotype Efter drygt 20 \u00e5r med samma grafiska profil har vi f\u00f6rnyat v\u00e5r grafiska profil. Vi \u00e4r s\u00e5klart fortfarande Kristdemokraterna, med v\u00e5r kristna m\u00e4nniskosyn och v\u00e4rdegrund, men vi har bytt v\u00e5r logotyp och har f\u00f6rnyat v\u00e5r visuella framtoning. Genom v\u00e5r nya logotyp f\u00f6rmedlar vi snabbt och sj\u00e4lvklart att det \u00e4r vi, Kristdemokrater som \u00e4r Read More","og_url":"https:\/\/wp.kristdemokraterna.se\/vasternorrland\/media\/logotyp\/","og_site_name":"KD V\u00e4sternorrland","article_publisher":"https:\/\/www.facebook.com\/kdrvn\/","article_modified_time":"2018-12-20T09:26:58+00:00","og_image":[{"url":"https:\/\/kristdemokraterna.se\/wp-content\/uploads\/2017\/04\/KD_STANDARD_CMYK.jpg","type":"","width":"","height":""}],"twitter_card":"summary_large_image","twitter_misc":{"Ber\u00e4knad l\u00e4stid":"1 minut"},"schema":{"@context":"https:\/\/schema.org","@graph":[{"@type":"WebPage","@id":"https:\/\/wp.kristdemokraterna.se\/vasternorrland\/media\/logotyp\/","url":"https:\/\/wp.kristdemokraterna.se\/vasternorrland\/media\/logotyp\/","name":"Logotyp | KD V\u00e4sternorrland","isPartOf":{"@id":"https:\/\/wp.kristdemokraterna.se\/vasternorrland\/#website"},"primaryImageOfPage":{"@id":"https:\/\/wp.kristdemokraterna.se\/vasternorrland\/media\/logotyp\/#primaryimage"},"image":{"@id":"https:\/\/wp.kristdemokraterna.se\/vasternorrland\/media\/logotyp\/#primaryimage"},"thumbnailUrl":"https:\/\/kristdemokraterna.se\/wp-content\/uploads\/2017\/04\/KD_STANDARD_CMYK.jpg","datePublished":"2018-09-09T14:09:19+00:00","dateModified":"2018-12-20T09:26:58+00:00","breadcrumb":{"@id":"https:\/\/wp.kristdemokraterna.se\/vasternorrland\/media\/logotyp\/#breadcrumb"},"inLanguage":"sv-SE","potentialAction":[{"@type":"ReadAction","target":["https:\/\/wp.kristdemokraterna.se\/vasternorrland\/media\/logotyp\/"]}]},{"@type":"ImageObject","inLanguage":"sv-SE","@id":"https:\/\/wp.kristdemokraterna.se\/vasternorrland\/media\/logotyp\/#primaryimage","url":"https:\/\/kristdemokraterna.se\/wp-content\/uploads\/2017\/04\/KD_STANDARD_CMYK.jpg","contentUrl":"https:\/\/kristdemokraterna.se\/wp-content\/uploads\/2017\/04\/KD_STANDARD_CMYK.jpg"},{"@type":"BreadcrumbList","@id":"https:\/\/wp.kristdemokraterna.se\/vasternorrland\/media\/logotyp\/#breadcrumb","itemListElement":[{"@type":"ListItem","position":1,"name":"Hem","item":"https:\/\/wp.kristdemokraterna.se\/vasternorrland\/"},{"@type":"ListItem","position":2,"name":"Media","item":"https:\/\/wp.kristdemokraterna.se\/vasternorrland\/media\/"},{"@type":"ListItem","position":3,"name":"Logotyp"}]},{"@type":"WebSite","@id":"https:\/\/wp.kristdemokraterna.se\/vasternorrland\/#website","url":"https:\/\/wp.kristdemokraterna.se\/vasternorrland\/","name":"KD V\u00e4sternorrland","description":"V\u00e5rda v\u00e5rden - utveckla prim\u00e4rv\u00e5rden","inLanguage":"sv-SE"}]}},"_links":{"self":[{"href":"https:\/\/wp.kristdemokraterna.se\/vasternorrland\/wp-json\/wp\/v2\/pages\/128951","targetHints":{"allow":["GET"]}}],"collection":[{"href":"https:\/\/wp.kristdemokraterna.se\/vasternorrland\/wp-json\/wp\/v2\/pages"}],"about":[{"href":"https:\/\/wp.kristdemokraterna.se\/vasternorrland\/wp-json\/wp\/v2\/types\/page"}],"author":[{"embeddable":true,"href":"https:\/\/wp.kristdemokraterna.se\/vasternorrland\/wp-json\/wp\/v2\/users\/787"}],"replies":[{"embeddable":true,"href":"https:\/\/wp.kristdemokraterna.se\/vasternorrland\/wp-json\/wp\/v2\/comments?post=128951"}],"version-history":[{"count":3,"href":"https:\/\/wp.kristdemokraterna.se\/vasternorrland\/wp-json\/wp\/v2\/pages\/128951\/revisions"}],"predecessor-version":[{"id":128954,"href":"https:\/\/wp.kristdemokraterna.se\/vasternorrland\/wp-json\/wp\/v2\/pages\/128951\/revisions\/128954"}],"up":[{"embeddable":true,"href":"https:\/\/wp.kristdemokraterna.se\/vasternorrland\/wp-json\/wp\/v2\/pages\/128648"}],"wp:attachment":[{"href":"https:\/\/wp.kristdemokraterna.se\/vasternorrland\/wp-json\/wp\/v2\/media?parent=128951"}],"curies":[{"name":"wp","href":"https:\/\/api.w.org\/{rel}","templated":true}]}}