{"id":128961,"date":"2018-09-09T16:29:24","date_gmt":"2018-09-09T14:29:24","guid":{"rendered":"http:\/\/wp.kristdemokraterna.se\/vasternorrland\/?page_id=128961"},"modified":"2018-10-12T09:46:35","modified_gmt":"2018-10-12T07:46:35","slug":"foretradare","status":"publish","type":"page","link":"https:\/\/wp.kristdemokraterna.se\/vasternorrland\/foretradare\/","title":{"rendered":"F\u00f6retr\u00e4dare"},"content":{"rendered":"<div id=\"mainContent\" class=\"c-page-content js-page-content\">\n<section class=\"o-section [ o-site-wrap o-site-wrap--padding ]\">\n<ul class=\"o-grid o-grid--equal-height o-grid--equal-height o-grid--matrix\">\n<li class=\"o-grid__item u-1\/2@xxs-up u-1\/3@sm-up u-1\/4@md-up\">\n<div class=\"o-flag u-fill-height\">\n<div class=\"o-flag__body\">\n<figure class=\"c-img-control-wrap u-center-block js-img-control-wrap u-push-half--bottom\">\n<div class=\"c-img-control-wrap__inner js-img-control-wrap__inner\"><img decoding=\"async\" class=\"alignnone size-medium wp-image-128964\" src=\"http:\/\/wp.kristdemokraterna.se\/vasternorrland\/files\/2018\/09\/kdfallback-300x164.jpg\" alt=\"\" width=\"200\" srcset=\"https:\/\/wp.kristdemokraterna.se\/vasternorrland\/files\/2018\/09\/kdfallback-300x164.jpg 300w, https:\/\/wp.kristdemokraterna.se\/vasternorrland\/files\/2018\/09\/kdfallback-365x200.jpg 365w, https:\/\/wp.kristdemokraterna.se\/vasternorrland\/files\/2018\/09\/kdfallback-370x203.jpg 370w, https:\/\/wp.kristdemokraterna.se\/vasternorrland\/files\/2018\/09\/kdfallback-450x247.jpg 450w, https:\/\/wp.kristdemokraterna.se\/vasternorrland\/files\/2018\/09\/kdfallback-280x153.jpg 280w, https:\/\/wp.kristdemokraterna.se\/vasternorrland\/files\/2018\/09\/kdfallback-340x186.jpg 340w, https:\/\/wp.kristdemokraterna.se\/vasternorrland\/files\/2018\/09\/kdfallback-200x110.jpg 200w, https:\/\/wp.kristdemokraterna.se\/vasternorrland\/files\/2018\/09\/kdfallback-102x56.jpg 102w, https:\/\/wp.kristdemokraterna.se\/vasternorrland\/files\/2018\/09\/kdfallback.jpg 478w\" sizes=\"(max-width: 300px) 100vw, 300px\" \/><\/div>\n<\/figure>\n<p>I distriktsstyrelsen<\/p>\n<\/div>\n<\/div>\n<\/li>\n<li class=\"o-grid__item u-1\/2@xxs-up u-1\/3@sm-up u-1\/4@md-up\">\n<div class=\"o-flag u-fill-height\">\n<div class=\"o-flag__body\">\n<figure class=\"c-img-control-wrap u-center-block js-img-control-wrap u-push-half--bottom\">\n<div class=\"c-img-control-wrap__inner js-img-control-wrap__inner\"><img decoding=\"async\" class=\"alignnone size-medium wp-image-128964\" src=\"http:\/\/wp.kristdemokraterna.se\/vasternorrland\/files\/2018\/09\/kdfallback-300x164.jpg\" alt=\"\" width=\"200\" srcset=\"https:\/\/wp.kristdemokraterna.se\/vasternorrland\/files\/2018\/09\/kdfallback-300x164.jpg 300w, https:\/\/wp.kristdemokraterna.se\/vasternorrland\/files\/2018\/09\/kdfallback-365x200.jpg 365w, https:\/\/wp.kristdemokraterna.se\/vasternorrland\/files\/2018\/09\/kdfallback-370x203.jpg 370w, https:\/\/wp.kristdemokraterna.se\/vasternorrland\/files\/2018\/09\/kdfallback-450x247.jpg 450w, https:\/\/wp.kristdemokraterna.se\/vasternorrland\/files\/2018\/09\/kdfallback-280x153.jpg 280w, https:\/\/wp.kristdemokraterna.se\/vasternorrland\/files\/2018\/09\/kdfallback-340x186.jpg 340w, https:\/\/wp.kristdemokraterna.se\/vasternorrland\/files\/2018\/09\/kdfallback-200x110.jpg 200w, https:\/\/wp.kristdemokraterna.se\/vasternorrland\/files\/2018\/09\/kdfallback-102x56.jpg 102w, https:\/\/wp.kristdemokraterna.se\/vasternorrland\/files\/2018\/09\/kdfallback.jpg 478w\" sizes=\"(max-width: 300px) 100vw, 300px\" \/><\/div>\n<\/figure>\n<p>I regionen<\/p>\n<\/div>\n<\/div>\n<\/li>\n<li class=\"o-grid__item u-1\/2@xxs-up u-1\/3@sm-up u-1\/4@md-up\">\n<div class=\"o-flag u-fill-height\">\n<div class=\"o-flag__body\">\n<figure class=\"c-img-control-wrap u-center-block js-img-control-wrap u-push-half--bottom\">\n<div class=\"c-img-control-wrap__inner js-img-control-wrap__inner\"><img decoding=\"async\" class=\"alignnone size-medium wp-image-128964\" src=\"http:\/\/wp.kristdemokraterna.se\/vasternorrland\/files\/2018\/09\/kdfallback-300x164.jpg\" alt=\"\" width=\"200\" srcset=\"https:\/\/wp.kristdemokraterna.se\/vasternorrland\/files\/2018\/09\/kdfallback-300x164.jpg 300w, https:\/\/wp.kristdemokraterna.se\/vasternorrland\/files\/2018\/09\/kdfallback-365x200.jpg 365w, https:\/\/wp.kristdemokraterna.se\/vasternorrland\/files\/2018\/09\/kdfallback-370x203.jpg 370w, https:\/\/wp.kristdemokraterna.se\/vasternorrland\/files\/2018\/09\/kdfallback-450x247.jpg 450w, https:\/\/wp.kristdemokraterna.se\/vasternorrland\/files\/2018\/09\/kdfallback-280x153.jpg 280w, https:\/\/wp.kristdemokraterna.se\/vasternorrland\/files\/2018\/09\/kdfallback-340x186.jpg 340w, https:\/\/wp.kristdemokraterna.se\/vasternorrland\/files\/2018\/09\/kdfallback-200x110.jpg 200w, https:\/\/wp.kristdemokraterna.se\/vasternorrland\/files\/2018\/09\/kdfallback-102x56.jpg 102w, https:\/\/wp.kristdemokraterna.se\/vasternorrland\/files\/2018\/09\/kdfallback.jpg 478w\" sizes=\"(max-width: 300px) 100vw, 300px\" \/><\/div>\n<\/figure>\n<p>KD lokalt<\/p>\n<\/div>\n<\/div>\n<\/li>\n<\/ul>\n<\/section>\n<p>&nbsp;<\/p>\n<\/div>\n","protected":false},"excerpt":{"rendered":"<p>I distriktsstyrelsen I regionen KD lokalt &nbsp;<\/p>\n","protected":false},"author":787,"featured_media":0,"parent":0,"menu_order":0,"comment_status":"closed","ping_status":"closed","template":"","meta":{"_acf_changed":false,"footnotes":""},"class_list":["post-128961","page","type-page","status-publish","hentry"],"acf":[],"yoast_head":"<!-- This site is optimized with the Yoast SEO plugin v27.3 - https:\/\/yoast.com\/product\/yoast-seo-wordpress\/ -->\n<title>F\u00f6retr\u00e4dare | KD V\u00e4sternorrland<\/title>\n<meta name=\"robots\" content=\"index, follow, max-snippet:-1, max-image-preview:large, max-video-preview:-1\" \/>\n<link rel=\"canonical\" href=\"https:\/\/wp.kristdemokraterna.se\/vasternorrland\/foretradare\/\" \/>\n<meta property=\"og:locale\" content=\"sv_SE\" \/>\n<meta property=\"og:type\" content=\"article\" \/>\n<meta property=\"og:title\" content=\"F\u00f6retr\u00e4dare | KD V\u00e4sternorrland\" \/>\n<meta property=\"og:description\" content=\"I distriktsstyrelsen I regionen KD lokalt &nbsp;\" \/>\n<meta property=\"og:url\" content=\"https:\/\/wp.kristdemokraterna.se\/vasternorrland\/foretradare\/\" \/>\n<meta property=\"og:site_name\" content=\"KD V\u00e4sternorrland\" \/>\n<meta property=\"article:publisher\" content=\"https:\/\/www.facebook.com\/kdrvn\/\" \/>\n<meta property=\"article:modified_time\" content=\"2018-10-12T07:46:35+00:00\" \/>\n<meta property=\"og:image\" content=\"http:\/\/wp.kristdemokraterna.se\/vasternorrland\/files\/2018\/09\/kdfallback-300x164.jpg\" \/>\n<meta name=\"twitter:card\" content=\"summary_large_image\" \/>\n<script type=\"application\/ld+json\" class=\"yoast-schema-graph\">{\"@context\":\"https:\\\/\\\/schema.org\",\"@graph\":[{\"@type\":\"WebPage\",\"@id\":\"https:\\\/\\\/wp.kristdemokraterna.se\\\/vasternorrland\\\/foretradare\\\/\",\"url\":\"https:\\\/\\\/wp.kristdemokraterna.se\\\/vasternorrland\\\/foretradare\\\/\",\"name\":\"F\u00f6retr\u00e4dare | KD V\u00e4sternorrland\",\"isPartOf\":{\"@id\":\"https:\\\/\\\/wp.kristdemokraterna.se\\\/vasternorrland\\\/#website\"},\"primaryImageOfPage\":{\"@id\":\"https:\\\/\\\/wp.kristdemokraterna.se\\\/vasternorrland\\\/foretradare\\\/#primaryimage\"},\"image\":{\"@id\":\"https:\\\/\\\/wp.kristdemokraterna.se\\\/vasternorrland\\\/foretradare\\\/#primaryimage\"},\"thumbnailUrl\":\"http:\\\/\\\/wp.kristdemokraterna.se\\\/vasternorrland\\\/files\\\/2018\\\/09\\\/kdfallback-300x164.jpg\",\"datePublished\":\"2018-09-09T14:29:24+00:00\",\"dateModified\":\"2018-10-12T07:46:35+00:00\",\"breadcrumb\":{\"@id\":\"https:\\\/\\\/wp.kristdemokraterna.se\\\/vasternorrland\\\/foretradare\\\/#breadcrumb\"},\"inLanguage\":\"sv-SE\",\"potentialAction\":[{\"@type\":\"ReadAction\",\"target\":[\"https:\\\/\\\/wp.kristdemokraterna.se\\\/vasternorrland\\\/foretradare\\\/\"]}]},{\"@type\":\"ImageObject\",\"inLanguage\":\"sv-SE\",\"@id\":\"https:\\\/\\\/wp.kristdemokraterna.se\\\/vasternorrland\\\/foretradare\\\/#primaryimage\",\"url\":\"https:\\\/\\\/wp.kristdemokraterna.se\\\/vasternorrland\\\/files\\\/2018\\\/09\\\/kdfallback.jpg\",\"contentUrl\":\"https:\\\/\\\/wp.kristdemokraterna.se\\\/vasternorrland\\\/files\\\/2018\\\/09\\\/kdfallback.jpg\",\"width\":478,\"height\":262},{\"@type\":\"BreadcrumbList\",\"@id\":\"https:\\\/\\\/wp.kristdemokraterna.se\\\/vasternorrland\\\/foretradare\\\/#breadcrumb\",\"itemListElement\":[{\"@type\":\"ListItem\",\"position\":1,\"name\":\"Hem\",\"item\":\"https:\\\/\\\/wp.kristdemokraterna.se\\\/vasternorrland\\\/\"},{\"@type\":\"ListItem\",\"position\":2,\"name\":\"F\u00f6retr\u00e4dare\"}]},{\"@type\":\"WebSite\",\"@id\":\"https:\\\/\\\/wp.kristdemokraterna.se\\\/vasternorrland\\\/#website\",\"url\":\"https:\\\/\\\/wp.kristdemokraterna.se\\\/vasternorrland\\\/\",\"name\":\"KD V\u00e4sternorrland\",\"description\":\"V\u00e5rda v\u00e5rden - utveckla prim\u00e4rv\u00e5rden\",\"inLanguage\":\"sv-SE\"}]}<\/script>\n<!-- \/ Yoast SEO plugin. -->","yoast_head_json":{"title":"F\u00f6retr\u00e4dare | KD V\u00e4sternorrland","robots":{"index":"index","follow":"follow","max-snippet":"max-snippet:-1","max-image-preview":"max-image-preview:large","max-video-preview":"max-video-preview:-1"},"canonical":"https:\/\/wp.kristdemokraterna.se\/vasternorrland\/foretradare\/","og_locale":"sv_SE","og_type":"article","og_title":"F\u00f6retr\u00e4dare | KD V\u00e4sternorrland","og_description":"I distriktsstyrelsen I regionen KD lokalt &nbsp;","og_url":"https:\/\/wp.kristdemokraterna.se\/vasternorrland\/foretradare\/","og_site_name":"KD V\u00e4sternorrland","article_publisher":"https:\/\/www.facebook.com\/kdrvn\/","article_modified_time":"2018-10-12T07:46:35+00:00","og_image":[{"url":"http:\/\/wp.kristdemokraterna.se\/vasternorrland\/files\/2018\/09\/kdfallback-300x164.jpg","type":"","width":"","height":""}],"twitter_card":"summary_large_image","schema":{"@context":"https:\/\/schema.org","@graph":[{"@type":"WebPage","@id":"https:\/\/wp.kristdemokraterna.se\/vasternorrland\/foretradare\/","url":"https:\/\/wp.kristdemokraterna.se\/vasternorrland\/foretradare\/","name":"F\u00f6retr\u00e4dare | KD V\u00e4sternorrland","isPartOf":{"@id":"https:\/\/wp.kristdemokraterna.se\/vasternorrland\/#website"},"primaryImageOfPage":{"@id":"https:\/\/wp.kristdemokraterna.se\/vasternorrland\/foretradare\/#primaryimage"},"image":{"@id":"https:\/\/wp.kristdemokraterna.se\/vasternorrland\/foretradare\/#primaryimage"},"thumbnailUrl":"http:\/\/wp.kristdemokraterna.se\/vasternorrland\/files\/2018\/09\/kdfallback-300x164.jpg","datePublished":"2018-09-09T14:29:24+00:00","dateModified":"2018-10-12T07:46:35+00:00","breadcrumb":{"@id":"https:\/\/wp.kristdemokraterna.se\/vasternorrland\/foretradare\/#breadcrumb"},"inLanguage":"sv-SE","potentialAction":[{"@type":"ReadAction","target":["https:\/\/wp.kristdemokraterna.se\/vasternorrland\/foretradare\/"]}]},{"@type":"ImageObject","inLanguage":"sv-SE","@id":"https:\/\/wp.kristdemokraterna.se\/vasternorrland\/foretradare\/#primaryimage","url":"https:\/\/wp.kristdemokraterna.se\/vasternorrland\/files\/2018\/09\/kdfallback.jpg","contentUrl":"https:\/\/wp.kristdemokraterna.se\/vasternorrland\/files\/2018\/09\/kdfallback.jpg","width":478,"height":262},{"@type":"BreadcrumbList","@id":"https:\/\/wp.kristdemokraterna.se\/vasternorrland\/foretradare\/#breadcrumb","itemListElement":[{"@type":"ListItem","position":1,"name":"Hem","item":"https:\/\/wp.kristdemokraterna.se\/vasternorrland\/"},{"@type":"ListItem","position":2,"name":"F\u00f6retr\u00e4dare"}]},{"@type":"WebSite","@id":"https:\/\/wp.kristdemokraterna.se\/vasternorrland\/#website","url":"https:\/\/wp.kristdemokraterna.se\/vasternorrland\/","name":"KD V\u00e4sternorrland","description":"V\u00e5rda v\u00e5rden - utveckla prim\u00e4rv\u00e5rden","inLanguage":"sv-SE"}]}},"_links":{"self":[{"href":"https:\/\/wp.kristdemokraterna.se\/vasternorrland\/wp-json\/wp\/v2\/pages\/128961","targetHints":{"allow":["GET"]}}],"collection":[{"href":"https:\/\/wp.kristdemokraterna.se\/vasternorrland\/wp-json\/wp\/v2\/pages"}],"about":[{"href":"https:\/\/wp.kristdemokraterna.se\/vasternorrland\/wp-json\/wp\/v2\/types\/page"}],"author":[{"embeddable":true,"href":"https:\/\/wp.kristdemokraterna.se\/vasternorrland\/wp-json\/wp\/v2\/users\/787"}],"replies":[{"embeddable":true,"href":"https:\/\/wp.kristdemokraterna.se\/vasternorrland\/wp-json\/wp\/v2\/comments?post=128961"}],"version-history":[{"count":10,"href":"https:\/\/wp.kristdemokraterna.se\/vasternorrland\/wp-json\/wp\/v2\/pages\/128961\/revisions"}],"predecessor-version":[{"id":128972,"href":"https:\/\/wp.kristdemokraterna.se\/vasternorrland\/wp-json\/wp\/v2\/pages\/128961\/revisions\/128972"}],"wp:attachment":[{"href":"https:\/\/wp.kristdemokraterna.se\/vasternorrland\/wp-json\/wp\/v2\/media?parent=128961"}],"curies":[{"name":"wp","href":"https:\/\/api.w.org\/{rel}","templated":true}]}}