{"id":135465,"date":"1988-03-06T18:07:46","date_gmt":"1988-03-06T17:07:46","guid":{"rendered":"http:\/\/wp.kristdemokraterna.se\/vasternorrland\/?page_id=135465"},"modified":"2019-09-17T13:09:34","modified_gmt":"2019-09-17T11:09:34","slug":"kds-lansprogram-infor-valet-1998","status":"publish","type":"page","link":"https:\/\/wp.kristdemokraterna.se\/vasternorrland\/tidigare-val\/valet-1988\/kds-lansprogram-infor-valet-1998\/","title":{"rendered":"KdS l\u00e4nsprogram inf\u00f6r valet 1988"},"content":{"rendered":"<p>10 punkter f\u00f6r utveckling av V\u00e4sternorrland<\/p>\n<h2>Inledning<\/h2>\n<p>Utvecklingen i V\u00e4sternorrland har varit ogynnsam i flera decennier. Befolkningsutvecklingen fr\u00e5n 1955 &#8211; 87 visar att l\u00e4net f\u00f6rlorat \u00f6ver 20 000 innev\u00e5nare. H\u00e5rdast drabbade \u00e4r l\u00e4nets inlandskommuner \u00c5nge och Sollefte\u00e5. Utvecklingen i kustomr\u00e5dena kompenserade l\u00e4nge avflyttningen fr\u00e5n inlandet, men de senaste \u00e5rens statistik visar att inte heller l\u00e4nets kustst\u00e4der l\u00e4ngre f\u00f6rm\u00e5r beh\u00e5lla sin befolkning. En liten men gl\u00e4djande befolknings\u00f6kning har skett under b\u00f6rjan av 1988, men kan \u00e4nnu inte tolkas som ett trendbrott.<\/p>\n<p>Utvecklingen leder till en rad sv\u00e5righeter: Minskat underlag f\u00f6r kommersiell och offentlig service, f\u00f6rs\u00e4mrat skatteunderlag, brist p\u00e5 utbildad arbetskraft, m m. Att komma tillr\u00e4tta med denna utveckling kr\u00e4ver stora resursinsatser av aktiva och driftiga m\u00e4nniskor samt kapital.<\/p>\n<p>Flyttlassen fr\u00e5n v\u00e5rt l\u00e4n m\u00e5ste hejdas. Den \u00f6verhettning som nu pr\u00e4glar storst\u00e4derna i mellersta och s\u00f6dra Sverige skapar stora problem. Milj\u00f6f\u00f6roreningar, bostadsbrist och sociala problem \u00f6kar starkt.<\/p>\n<p>Hela den samh\u00e4llsekonomiska utvecklingen tyder p\u00e5 att den regionala obalansen kommer att tillta, om inte energiska styrmedel och stimulans\u00e5tg\u00e4rder s\u00e4tts in. Det som tidigare huvudsakligen var glesbygds- och inre norrlands problem, kommer annars att bli mera \u00e4n halva landets problem. D\u00e4rf\u00f6r kr\u00e4ver KdS en aktiv regionalpolitik f\u00f6r att r\u00e4dda inte bara V\u00e4sternorrland utan hela regioner fr\u00e5n utarmning och samh\u00e4llelig obalans.<\/p>\n<h2>1. Utveckla l\u00e4nets egna tillg\u00e5ngar<\/h2>\n<p>Till grund f\u00f6r l\u00e4nets utveckling ska v\u00e5ra egna tillg\u00e5ngar ligga. Det g\u00e4ller skogen, kraften, havet och jorden. Utifr\u00e5n dessa tillg\u00e5ngar ska en kunskaps- och tj\u00e4nsteorienterad utveckling stimuleras. V\u00e4sternorrland \u00e4r ett starkt l\u00e4n som l\u00e4mnar bidrag till hela landets f\u00f6rs\u00f6rjning. F\u00e5r vi bara beh\u00e5lla en r\u00e4ttvis andel av v\u00e4rdet p\u00e5 v\u00e5ra naturtillg\u00e5ngar, kan vi vara optimistiska inf\u00f6r framtiden.<\/p>\n<p>KdS kr\u00e4ver \u00f6kade statliga anslag till L\u00e4nsstyrelsen f\u00f6r regionala utvecklingsinsatser.<\/p>\n<h2>2. Bra kommunikationer<\/h2>\n<p>I V\u00e4sternorrland m\u00e5ste s\u00e5v\u00e4l v\u00e4gar som j\u00e4rnv\u00e4gar rustas upp f\u00f6r att kunna m\u00f6ta framtidens behov av ett v\u00e4l fungerande kommunikationsn\u00e4t. KdS anser att persontrafik ska beh\u00e5llas p\u00e5 de nuvarande elektrifierade banorna. Snabbt\u00e5g mellan Stockholm &#8211; H\u00e4rn\u00f6sand ska snarast inf\u00f6ras. KdS f\u00f6rordar en ny bro \u00f6ver \u00c5ngerman\u00e4lven vid Veta.<\/p>\n<p>Inrikesflyget har utvecklats positivt under \u00e5ttiotalet och kommer att vara mycket betydelsefullt f\u00f6r l\u00e4nets l\u00e5ngv\u00e4ga kommunikationer f\u00f6r \u00f6versk\u00e5dlig tid. Kramfors flygplats m\u00e5ste garanteras del i det statliga resultatutj\u00e4mningssystemet.<\/p>\n<h2>3. Kunskapsuppbyggnad &#8211; Livsmedelstekniskt centrum i Sundsvall<\/h2>\n<p>V\u00e4sternorrland m\u00e5ste forts\u00e4tta uppbyggnaden av h\u00f6gskoleutbildning. Den industritekniska utvecklingen \u00e4r avg\u00f6rande f\u00f6r l\u00e4nets framtida utvecklingsm\u00f6jligheter. KdS anser att Sundsvall b\u00f6r bli Norrlands nya centrum f\u00f6r livsmedelsteknisk utbildning (civilingenj\u00f6rsniv\u00e5) inom ramen f\u00f6r den industritekniska h\u00f6gskolan. Forskarresurser m\u00e5ste tillf\u00f6ras h\u00f6gskolan. Detta skulle inneb\u00e4ra helt nya m\u00f6jligheter f\u00f6r hela Norrlands livsmedelsindustri och st\u00e4rka det norrl\u00e4ndska jordbrukets framtid. Produkter tillverkade av naturenligt odlade r\u00e5varor, m\u00e5ste ges goda utvecklingsm\u00f6jligheter.<\/p>\n<h2>4. M\u00e4nniskov\u00e4rdig milj\u00f6- och h\u00e4lsopolitik<\/h2>\n<p>V\u00e4sternorrland har allvarliga milj\u00f6problem som kr\u00e4ver stora insatser f\u00f6r att bem\u00e4stras. Den fortg\u00e5ende f\u00f6rsurningen \u00e4r ett v\u00e4xande hot mot s\u00e5v\u00e4l mark som vatten. Det radioaktiva nedfallet efter Tjernobylkatastrofen 1986 har helt \u00f6delagt insj\u00f6fisket f\u00f6r flera decennier fram\u00e5t. Jakten, b\u00e4r- och svampplockningen \u00e4r h\u00e5rt drabbat.<\/p>\n<p>Utsl\u00e4ppen av kv\u00e4ve m\u00e5ste minska med h\u00e4lften till 1995 (1980=100) och svavlet med 90 %. Det kr\u00e4ver bl a att all tung eldningsolja ers\u00e4tts med svavelfattig (ca 0,2 %) olja. KdS anser att de tunga industrier som finns efter l\u00e4nets kuster snabbt m\u00e5ste minska utsl\u00e4ppen av fr\u00e4mst klor och kvicksilver. Hagraf i H\u00e4rn\u00f6sand m\u00e5ste kraftigt minska sina utsl\u00e4pp om verksamheten ska f\u00e5 finnas kvar. KdS anser att all sopf\u00f6rbr\u00e4nning i l\u00e4net ska upph\u00f6ra inom ett \u00e5r.<\/p>\n<p>Kalkning av mark och vatten m\u00e5ste intensifieras. KdS f\u00f6resl\u00e5r att bidrag utg\u00e5r med 95 % av kostnaden samt att st\u00f6rre resurser satsas p\u00e5 information och r\u00e5dgivning.<\/p>\n<h2>5. Kultur som utvecklar<\/h2>\n<p>Kultur \u00e4r en n\u00f6dv\u00e4ndig och v\u00e4rdefull del av en god samh\u00e4llsmilijl\u00f6. I V\u00e4sternorrland har vi ett rikt kulturliv, d\u00e4r olika grupper och akt\u00f6rer samverkar. N\u00e4r det kommersiella utbudet v\u00e4xer, kr\u00e4vs en \u00e4nnu starkare satsning p\u00e5 kulturaktiviteter f\u00f6r att v\u00e4rna om l\u00e4nets kulturarv och s\u00e4rart. KdS anser att kulturutbudet ska vara allsidigt f\u00f6r att ge goda villkor f\u00f6r ut\u00f6varna. Reglerna f\u00f6r kulturarbetarnas skatter och sociala avgifter m\u00e5ste f\u00f6renklas. KdS vill ocks\u00e5 utveckla det nordiska kulturutbytet.<\/p>\n<p>De kommunala musikskolorna ska ge undervisning till alla som vill ut\u00f6va musik. Intr\u00e4deskrav f\u00e5r inte hindra en bred rekrytering.<\/p>\n<h2>6. V\u00e4lkomna invandrare<\/h2>\n<p>KdS i V\u00e4sternorrlands l\u00e4n v\u00e4lkomnar invandrare och flyktingar. De m\u00e5nga flyktingar som s\u00f6ker sig till v\u00e5rt l\u00e4n inneb\u00e4r ett viktigt tillskott av kreativitet och kunskap. Dessutom inneb\u00e4r det ett befolkningstillskott. KdS f\u00f6resl\u00e5r att l\u00e4nets kommuner g\u00e5r samman i ett invandrarprojekt f\u00f6r att skapa de b\u00e4sta m\u00f6jliga f\u00f6rh\u00e5llanden f\u00f6r invandrare och flyktingar. I projektet ska \u00e4ven folkr\u00f6relserna erbjudas delta.<\/p>\n<h2>7. \u00c5terb\u00e4ring p\u00e5 el-produktion<\/h2>\n<p>En av l\u00e4nets st\u00f6rsta tillg\u00e5ngar \u00e4r vattenkraften och den elkraftsproduktion som den ger. KdS anser att min. 1 \u00f6re per producerad kWh ska stanna i l\u00e4net. De stora resurser som d\u00e5 skulle tillf\u00f6ras l\u00e4net, b\u00f6r anv\u00e4ndas till att investera i ny syssels\u00e4ttningsskapande industri.<\/p>\n<h2>8. Satsa p\u00e5 Mittstad!<\/h2>\n<p>En avg\u00f6rande fr\u00e5ga f\u00f6r l\u00e4nets fortsatta utveckling, \u00e4r utvecklingen om Sundsvall-Timr\u00e5-H\u00e4rn\u00f6sand-regionen. KdS \u00e4r positiv till kraftfulla sastsningar inom detta omr\u00e5de, Mittstad, f\u00f6r att f\u00e5 en stark och utvecklingsbar region i mellannorrland. Med goda kommunikationer, en utvecklad h\u00f6gskola, rikt kulturliv, h\u00f6gt utvecklad industriell teknik \u00e4r omr\u00e5det en tillg\u00e5ng som b\u00f6r utnyttjas till gagn f\u00f6r hela V\u00e4sternorrland.<\/p>\n<h2>9. Giftfritt jordbruk<\/h2>\n<p>L\u00e4nets produktiva jordbruksmark b\u00f6r anv\u00e4ndas till en ekologisk balanserad produktion av livsmedel. KdS har utarbetat ett program f\u00f6r en total \u00f6verg\u00e5ng bort fr\u00e5n kemikaliejordbruket. Det kan ske utan att den enskilde jordbrukaren drabbas ekonomiskt. KdS anser att jordbruksmark som inte anv\u00e4nds till livsmedelsproduktion, inte ska till\u00e5tas ligga i tr\u00e4da, utan anv\u00e4ndas f\u00f6r alternativa produkter.<\/p>\n<p>V\u00e4sternorrlands l\u00e4n b\u00f6r vara sj\u00e4lvf\u00f6rs\u00f6rjande p\u00e5 viktiga baslivsmedel som mj\u00f6lkprodukter, foderspannm\u00e5l, potatis och rotsaker.<\/p>\n<h2>10. V\u00e4sternorrland utan droger<\/h2>\n<p>KdS f\u00f6r en aktiv kamp f\u00f6r ett samh\u00e4lle utan droger. Landstingets m\u00e5ls\u00e4ttning att s\u00e4nka alkoholkonsumtionen med 30 % mellan 1986-1995 \u00e4r en stor utmaning f\u00f6r alla. N\u00e5r vi det m\u00e5let kan vi r\u00e4kna med b\u00e4ttre h\u00e4lsa, minskat antal trafikolyckor, f\u00e4rre sj\u00e4lvmord, f\u00e4rre splittrade hem m m. Det skulle betyda en b\u00e4ttre h\u00e4lsa och h\u00f6gre livskvalit\u00e9 f\u00f6r alla! KdS anser att det f\u00f6rebyggande arbetet i framf\u00f6r allt skolan m\u00e5ste bli mer aktivt. Kommuner och landsting b\u00f6r inf\u00f6ra ett s\u00e4rskilt bidrag till f\u00f6reningar och organisationer som bedriver enbart drogfri verksamhet.<\/p>\n","protected":false},"excerpt":{"rendered":"<p>10 punkter f\u00f6r utveckling av V\u00e4sternorrland Inledning Utvecklingen i V\u00e4sternorrland har varit ogynnsam i flera decennier. Befolkningsutvecklingen fr\u00e5n 1955 &#8211; 87 visar att l\u00e4net f\u00f6rlorat \u00f6ver 20 000 innev\u00e5nare. H\u00e5rdast drabbade \u00e4r l\u00e4nets inlandskommuner \u00c5nge och Sollefte\u00e5. Utvecklingen i kustomr\u00e5dena kompenserade l\u00e4nge avflyttningen fr\u00e5n inlandet, men de senaste \u00e5rens statistik visar att inte heller l\u00e4nets <a class=\"read-more-link\" href=\"https:\/\/wp.kristdemokraterna.se\/vasternorrland\/tidigare-val\/valet-1988\/kds-lansprogram-infor-valet-1998\/\">Read More<\/a><\/p>\n","protected":false},"author":787,"featured_media":0,"parent":220363,"menu_order":1988,"comment_status":"closed","ping_status":"closed","template":"","meta":{"_acf_changed":false,"footnotes":""},"class_list":["post-135465","page","type-page","status-publish","hentry"],"acf":[],"yoast_head":"<!-- This site is optimized with the Yoast SEO plugin v27.5 - https:\/\/yoast.com\/product\/yoast-seo-wordpress\/ -->\n<title>KdS l\u00e4nsprogram inf\u00f6r valet 1988 | KD V\u00e4sternorrland<\/title>\n<meta name=\"robots\" content=\"index, follow, max-snippet:-1, max-image-preview:large, max-video-preview:-1\" \/>\n<link rel=\"canonical\" href=\"https:\/\/wp.kristdemokraterna.se\/vasternorrland\/tidigare-val\/valet-1988\/kds-lansprogram-infor-valet-1998\/\" \/>\n<meta property=\"og:locale\" content=\"sv_SE\" \/>\n<meta property=\"og:type\" content=\"article\" \/>\n<meta property=\"og:title\" content=\"KdS l\u00e4nsprogram inf\u00f6r valet 1988 | KD V\u00e4sternorrland\" \/>\n<meta property=\"og:description\" content=\"10 punkter f\u00f6r utveckling av V\u00e4sternorrland Inledning Utvecklingen i V\u00e4sternorrland har varit ogynnsam i flera decennier. Befolkningsutvecklingen fr\u00e5n 1955 &#8211; 87 visar att l\u00e4net f\u00f6rlorat \u00f6ver 20 000 innev\u00e5nare. H\u00e5rdast drabbade \u00e4r l\u00e4nets inlandskommuner \u00c5nge och Sollefte\u00e5. Utvecklingen i kustomr\u00e5dena kompenserade l\u00e4nge avflyttningen fr\u00e5n inlandet, men de senaste \u00e5rens statistik visar att inte heller l\u00e4nets Read More\" \/>\n<meta property=\"og:url\" content=\"https:\/\/wp.kristdemokraterna.se\/vasternorrland\/tidigare-val\/valet-1988\/kds-lansprogram-infor-valet-1998\/\" \/>\n<meta property=\"og:site_name\" content=\"KD V\u00e4sternorrland\" \/>\n<meta property=\"article:publisher\" content=\"https:\/\/www.facebook.com\/kdrvn\/\" \/>\n<meta property=\"article:modified_time\" content=\"2019-09-17T11:09:34+00:00\" \/>\n<meta name=\"twitter:card\" content=\"summary_large_image\" \/>\n<meta name=\"twitter:label1\" content=\"Ber\u00e4knad l\u00e4stid\" \/>\n\t<meta name=\"twitter:data1\" content=\"6 minuter\" \/>\n<script type=\"application\/ld+json\" class=\"yoast-schema-graph\">{\"@context\":\"https:\\\/\\\/schema.org\",\"@graph\":[{\"@type\":\"WebPage\",\"@id\":\"https:\\\/\\\/wp.kristdemokraterna.se\\\/vasternorrland\\\/tidigare-val\\\/valet-1988\\\/kds-lansprogram-infor-valet-1998\\\/\",\"url\":\"https:\\\/\\\/wp.kristdemokraterna.se\\\/vasternorrland\\\/tidigare-val\\\/valet-1988\\\/kds-lansprogram-infor-valet-1998\\\/\",\"name\":\"KdS l\u00e4nsprogram inf\u00f6r valet 1988 | KD V\u00e4sternorrland\",\"isPartOf\":{\"@id\":\"https:\\\/\\\/wp.kristdemokraterna.se\\\/vasternorrland\\\/#website\"},\"datePublished\":\"1988-03-06T17:07:46+00:00\",\"dateModified\":\"2019-09-17T11:09:34+00:00\",\"breadcrumb\":{\"@id\":\"https:\\\/\\\/wp.kristdemokraterna.se\\\/vasternorrland\\\/tidigare-val\\\/valet-1988\\\/kds-lansprogram-infor-valet-1998\\\/#breadcrumb\"},\"inLanguage\":\"sv-SE\",\"potentialAction\":[{\"@type\":\"ReadAction\",\"target\":[\"https:\\\/\\\/wp.kristdemokraterna.se\\\/vasternorrland\\\/tidigare-val\\\/valet-1988\\\/kds-lansprogram-infor-valet-1998\\\/\"]}]},{\"@type\":\"BreadcrumbList\",\"@id\":\"https:\\\/\\\/wp.kristdemokraterna.se\\\/vasternorrland\\\/tidigare-val\\\/valet-1988\\\/kds-lansprogram-infor-valet-1998\\\/#breadcrumb\",\"itemListElement\":[{\"@type\":\"ListItem\",\"position\":1,\"name\":\"Hem\",\"item\":\"https:\\\/\\\/wp.kristdemokraterna.se\\\/vasternorrland\\\/\"},{\"@type\":\"ListItem\",\"position\":2,\"name\":\"Tidigare val\",\"item\":\"https:\\\/\\\/wp.kristdemokraterna.se\\\/vasternorrland\\\/tidigare-val\\\/\"},{\"@type\":\"ListItem\",\"position\":3,\"name\":\"Valet 1988\",\"item\":\"https:\\\/\\\/wp.kristdemokraterna.se\\\/vasternorrland\\\/tidigare-val\\\/valet-1988\\\/\"},{\"@type\":\"ListItem\",\"position\":4,\"name\":\"KdS l\u00e4nsprogram inf\u00f6r valet 1988\"}]},{\"@type\":\"WebSite\",\"@id\":\"https:\\\/\\\/wp.kristdemokraterna.se\\\/vasternorrland\\\/#website\",\"url\":\"https:\\\/\\\/wp.kristdemokraterna.se\\\/vasternorrland\\\/\",\"name\":\"KD V\u00e4sternorrland\",\"description\":\"V\u00e5rda v\u00e5rden - utveckla prim\u00e4rv\u00e5rden\",\"inLanguage\":\"sv-SE\"}]}<\/script>\n<!-- \/ Yoast SEO plugin. -->","yoast_head_json":{"title":"KdS l\u00e4nsprogram inf\u00f6r valet 1988 | KD V\u00e4sternorrland","robots":{"index":"index","follow":"follow","max-snippet":"max-snippet:-1","max-image-preview":"max-image-preview:large","max-video-preview":"max-video-preview:-1"},"canonical":"https:\/\/wp.kristdemokraterna.se\/vasternorrland\/tidigare-val\/valet-1988\/kds-lansprogram-infor-valet-1998\/","og_locale":"sv_SE","og_type":"article","og_title":"KdS l\u00e4nsprogram inf\u00f6r valet 1988 | KD V\u00e4sternorrland","og_description":"10 punkter f\u00f6r utveckling av V\u00e4sternorrland Inledning Utvecklingen i V\u00e4sternorrland har varit ogynnsam i flera decennier. Befolkningsutvecklingen fr\u00e5n 1955 &#8211; 87 visar att l\u00e4net f\u00f6rlorat \u00f6ver 20 000 innev\u00e5nare. H\u00e5rdast drabbade \u00e4r l\u00e4nets inlandskommuner \u00c5nge och Sollefte\u00e5. Utvecklingen i kustomr\u00e5dena kompenserade l\u00e4nge avflyttningen fr\u00e5n inlandet, men de senaste \u00e5rens statistik visar att inte heller l\u00e4nets Read More","og_url":"https:\/\/wp.kristdemokraterna.se\/vasternorrland\/tidigare-val\/valet-1988\/kds-lansprogram-infor-valet-1998\/","og_site_name":"KD V\u00e4sternorrland","article_publisher":"https:\/\/www.facebook.com\/kdrvn\/","article_modified_time":"2019-09-17T11:09:34+00:00","twitter_card":"summary_large_image","twitter_misc":{"Ber\u00e4knad l\u00e4stid":"6 minuter"},"schema":{"@context":"https:\/\/schema.org","@graph":[{"@type":"WebPage","@id":"https:\/\/wp.kristdemokraterna.se\/vasternorrland\/tidigare-val\/valet-1988\/kds-lansprogram-infor-valet-1998\/","url":"https:\/\/wp.kristdemokraterna.se\/vasternorrland\/tidigare-val\/valet-1988\/kds-lansprogram-infor-valet-1998\/","name":"KdS l\u00e4nsprogram inf\u00f6r valet 1988 | KD V\u00e4sternorrland","isPartOf":{"@id":"https:\/\/wp.kristdemokraterna.se\/vasternorrland\/#website"},"datePublished":"1988-03-06T17:07:46+00:00","dateModified":"2019-09-17T11:09:34+00:00","breadcrumb":{"@id":"https:\/\/wp.kristdemokraterna.se\/vasternorrland\/tidigare-val\/valet-1988\/kds-lansprogram-infor-valet-1998\/#breadcrumb"},"inLanguage":"sv-SE","potentialAction":[{"@type":"ReadAction","target":["https:\/\/wp.kristdemokraterna.se\/vasternorrland\/tidigare-val\/valet-1988\/kds-lansprogram-infor-valet-1998\/"]}]},{"@type":"BreadcrumbList","@id":"https:\/\/wp.kristdemokraterna.se\/vasternorrland\/tidigare-val\/valet-1988\/kds-lansprogram-infor-valet-1998\/#breadcrumb","itemListElement":[{"@type":"ListItem","position":1,"name":"Hem","item":"https:\/\/wp.kristdemokraterna.se\/vasternorrland\/"},{"@type":"ListItem","position":2,"name":"Tidigare val","item":"https:\/\/wp.kristdemokraterna.se\/vasternorrland\/tidigare-val\/"},{"@type":"ListItem","position":3,"name":"Valet 1988","item":"https:\/\/wp.kristdemokraterna.se\/vasternorrland\/tidigare-val\/valet-1988\/"},{"@type":"ListItem","position":4,"name":"KdS l\u00e4nsprogram inf\u00f6r valet 1988"}]},{"@type":"WebSite","@id":"https:\/\/wp.kristdemokraterna.se\/vasternorrland\/#website","url":"https:\/\/wp.kristdemokraterna.se\/vasternorrland\/","name":"KD V\u00e4sternorrland","description":"V\u00e5rda v\u00e5rden - utveckla prim\u00e4rv\u00e5rden","inLanguage":"sv-SE"}]}},"_links":{"self":[{"href":"https:\/\/wp.kristdemokraterna.se\/vasternorrland\/wp-json\/wp\/v2\/pages\/135465","targetHints":{"allow":["GET"]}}],"collection":[{"href":"https:\/\/wp.kristdemokraterna.se\/vasternorrland\/wp-json\/wp\/v2\/pages"}],"about":[{"href":"https:\/\/wp.kristdemokraterna.se\/vasternorrland\/wp-json\/wp\/v2\/types\/page"}],"author":[{"embeddable":true,"href":"https:\/\/wp.kristdemokraterna.se\/vasternorrland\/wp-json\/wp\/v2\/users\/787"}],"replies":[{"embeddable":true,"href":"https:\/\/wp.kristdemokraterna.se\/vasternorrland\/wp-json\/wp\/v2\/comments?post=135465"}],"version-history":[{"count":9,"href":"https:\/\/wp.kristdemokraterna.se\/vasternorrland\/wp-json\/wp\/v2\/pages\/135465\/revisions"}],"predecessor-version":[{"id":156165,"href":"https:\/\/wp.kristdemokraterna.se\/vasternorrland\/wp-json\/wp\/v2\/pages\/135465\/revisions\/156165"}],"up":[{"embeddable":true,"href":"https:\/\/wp.kristdemokraterna.se\/vasternorrland\/wp-json\/wp\/v2\/pages\/220363"}],"wp:attachment":[{"href":"https:\/\/wp.kristdemokraterna.se\/vasternorrland\/wp-json\/wp\/v2\/media?parent=135465"}],"curies":[{"name":"wp","href":"https:\/\/api.w.org\/{rel}","templated":true}]}}