{"id":149663,"date":"2018-11-29T11:04:33","date_gmt":"2018-11-29T10:04:33","guid":{"rendered":"http:\/\/wp.kristdemokraterna.se\/vasternorrland\/?page_id=149663"},"modified":"2020-03-26T20:22:43","modified_gmt":"2020-03-26T19:22:43","slug":"i-styrelsen-namnder-2019-2022","status":"publish","type":"page","link":"https:\/\/wp.kristdemokraterna.se\/vasternorrland\/foretradare\/i-styrelsen-namnder-2019-2022\/","title":{"rendered":"I styrelsen\/n\u00e4mnder 2019-2022"},"content":{"rendered":"<p>Ledam\u00f6ter och ers\u00e4ttare i Regionstyrelsen, n\u00e4mnder och andra uppdrag d\u00e4r personerna \u00e4r valda f\u00f6r perioden 1 januari 2019 till 31 december 2022.<\/p>\n<p>I Region V\u00e4sternorrland samverkar vi med Centerpartiet och Sjukv\u00e5rdspartiet V\u00e4sternorrland i opposition.<\/p>\n<h2>Valberedningen<\/h2>\n<ul>\n<li>Mona Hammarstedt, ledamot<\/li>\n<li>Henrik Sendelbach, ers\u00e4ttare<\/li>\n<\/ul>\n<h2>Regionstyrelsen<\/h2>\n<ul>\n<li>Mona Hammarstedt, ledamot (ledamot i V\u00e5rdvalsutskottet, ers\u00e4ttare i Finansutskottet)<\/li>\n<li>Bo Grafstr\u00f6m, ers\u00e4ttare (ledamot i Personalpolitiska och allm\u00e4nna utskottet, ers\u00e4ttare i Regionala utvecklingsutskottet)<\/li>\n<\/ul>\n<h2>H\u00e4lso- och sjukv\u00e5rdsn\u00e4mnden<\/h2>\n<ul>\n<li>Michal Zakolski, ledamot (ledamot i V\u00e4lf\u00e4rds- och samverkansutskottet)<\/li>\n<li>Carl-Olof Svensson, ers\u00e4ttare (ers\u00e4ttare i H\u00e4lso- och sjukv\u00e5rdsutskottet)<\/li>\n<\/ul>\n<h2>N\u00e4mnden f\u00f6r h\u00e5llbar utveckling<\/h2>\n<ul>\n<li>Joachim Jonsson, 2:e vice ordf\u00f6rande (ledamot i n\u00e4mndens arbetsutskott, ledamot i R\u00e5det f\u00f6r j\u00e4mst\u00e4lldhet\/j\u00e4mlikhet och folkh\u00e4lsa samt ers\u00e4ttare i Regionala samverkansr\u00e5det)<\/li>\n<li>Hans Brynielsson, ers\u00e4ttare<\/li>\n<\/ul>\n<h2>Patientn\u00e4mnden &#8211; Etisk n\u00e4mnd<\/h2>\n<ul>\n<li>Maria Borgehammar, ers\u00e4ttare<\/li>\n<\/ul>\n<h2>Beredningen f\u00f6r medborgardialog<\/h2>\n<ul>\n<li>G\u00f6ran Brorsson, ledamot<\/li>\n<\/ul>\n<h2>Regionens revisorer<\/h2>\n<ul>\n<li>Ingemar Wiklander, ledamot (\u00e4r \u00e4ven revisor i Scenkonst V\u00e4sternorrland AB)<\/li>\n<\/ul>\n<h2>Kommunalf\u00f6rbundet Kollektivtrafikmyndigheten i V\u00e4sternorrlands l\u00e4n (KTM)<\/h2>\n<ul>\n<li>Henrik Sendelbach, vice ordf\u00f6rande (ordf\u00f6rande i Bussgods V\u00e4sternorrland AB, ledamot i Norrt\u00e5g AB:s \u00e4garr\u00e5d samt ers\u00e4ttare i Nya Ostkustbanan AB:s \u00e4garforum och Partnerskapet Atlantbanan)<\/li>\n<\/ul>\n<h2>Landstingens \u00f6msesidiga f\u00f6rs\u00e4kringbolag (L\u00d6F)<\/h2>\n<ul>\n<li>Emil Esping, ombud<\/li>\n<\/ul>\n<h2>Mittnordenkommitt\u00e9n<\/h2>\n<ul>\n<li>Bo Grafstr\u00f6m, ledamot<\/li>\n<\/ul>\n<h2>Samordningsf\u00f6rbundet \u00c5nge<\/h2>\n<ul>\n<li>Mona Hammarstedt, ers\u00e4ttare<\/li>\n<\/ul>\n<h2>Stiftelsen L\u00e4nsmuseet V\u00e4sternorrland<\/h2>\n<ul>\n<li>Joachim Jonsson, ers\u00e4ttare<\/li>\n<\/ul>\n<h2>Stiftelsen\u00a0Pensionskassan\u00a0f\u00f6r\u00a0bev\u00e4ringsmanskap\u00a0och afskedade b\u00e5tm\u00e4n med deras enkor och barn inom Westernorrlands l\u00e4n<\/h2>\n<ul>\n<li>Mona Lundqvist, ledamot<\/li>\n<\/ul>\n<h2>V\u00e4sternorrlands trafiks\u00e4kerhetsf\u00f6rbund (NTF)<\/h2>\n<ul>\n<li>Gunl\u00f6g Jacobsson, ledamot<\/li>\n<\/ul>\n<h2>Viltf\u00f6rvaltningsdelegationen<\/h2>\n<ul>\n<li>S\u00f6ren \u00d6dmark, ers\u00e4ttare<\/li>\n<\/ul>\n<h2>\u00d6vervakningsn\u00e4mnden<\/h2>\n<ul>\n<li>Mona Lundqvist, ers\u00e4ttare<\/li>\n<\/ul>\n<h2>Jurym\u00e4n i tryckfrihetsm\u00e5l<\/h2>\n<ul>\n<li>G\u00f6ran Brorsson, juryman i f\u00f6rsta gruppen<\/li>\n<li>Kenneth H\u00f6gberg, juryman i f\u00f6rsta gruppen<\/li>\n<li>Malin Skarin, juryman i andra gruppen<\/li>\n<\/ul>\n","protected":false},"excerpt":{"rendered":"<p>Ledam\u00f6ter och ers\u00e4ttare i Regionstyrelsen, n\u00e4mnder och andra uppdrag d\u00e4r personerna \u00e4r valda f\u00f6r perioden 1 januari 2019 till 31 december 2022. I Region V\u00e4sternorrland samverkar vi med Centerpartiet och Sjukv\u00e5rdspartiet V\u00e4sternorrland i opposition. Valberedningen Mona Hammarstedt, ledamot Henrik Sendelbach, ers\u00e4ttare Regionstyrelsen Mona Hammarstedt, ledamot (ledamot i V\u00e5rdvalsutskottet, ers\u00e4ttare i Finansutskottet) Bo Grafstr\u00f6m, ers\u00e4ttare (ledamot <a class=\"read-more-link\" href=\"https:\/\/wp.kristdemokraterna.se\/vasternorrland\/foretradare\/i-styrelsen-namnder-2019-2022\/\">Read More<\/a><\/p>\n","protected":false},"author":787,"featured_media":0,"parent":128961,"menu_order":2019,"comment_status":"closed","ping_status":"closed","template":"","meta":{"_acf_changed":false,"footnotes":""},"class_list":["post-149663","page","type-page","status-publish","hentry"],"acf":[],"yoast_head":"<!-- This site is optimized with the Yoast SEO plugin v27.3 - https:\/\/yoast.com\/product\/yoast-seo-wordpress\/ -->\n<title>I styrelsen\/n\u00e4mnder 2019-2022 | KD V\u00e4sternorrland<\/title>\n<meta name=\"robots\" content=\"index, follow, max-snippet:-1, max-image-preview:large, max-video-preview:-1\" \/>\n<link rel=\"canonical\" href=\"https:\/\/wp.kristdemokraterna.se\/vasternorrland\/foretradare\/i-styrelsen-namnder-2019-2022\/\" \/>\n<meta property=\"og:locale\" content=\"sv_SE\" \/>\n<meta property=\"og:type\" content=\"article\" \/>\n<meta property=\"og:title\" content=\"I styrelsen\/n\u00e4mnder 2019-2022 | KD V\u00e4sternorrland\" \/>\n<meta property=\"og:description\" content=\"Ledam\u00f6ter och ers\u00e4ttare i Regionstyrelsen, n\u00e4mnder och andra uppdrag d\u00e4r personerna \u00e4r valda f\u00f6r perioden 1 januari 2019 till 31 december 2022. I Region V\u00e4sternorrland samverkar vi med Centerpartiet och Sjukv\u00e5rdspartiet V\u00e4sternorrland i opposition. Valberedningen Mona Hammarstedt, ledamot Henrik Sendelbach, ers\u00e4ttare Regionstyrelsen Mona Hammarstedt, ledamot (ledamot i V\u00e5rdvalsutskottet, ers\u00e4ttare i Finansutskottet) Bo Grafstr\u00f6m, ers\u00e4ttare (ledamot Read More\" \/>\n<meta property=\"og:url\" content=\"https:\/\/wp.kristdemokraterna.se\/vasternorrland\/foretradare\/i-styrelsen-namnder-2019-2022\/\" \/>\n<meta property=\"og:site_name\" content=\"KD V\u00e4sternorrland\" \/>\n<meta property=\"article:publisher\" content=\"https:\/\/www.facebook.com\/kdrvn\/\" \/>\n<meta property=\"article:modified_time\" content=\"2020-03-26T19:22:43+00:00\" \/>\n<meta name=\"twitter:card\" content=\"summary_large_image\" \/>\n<meta name=\"twitter:label1\" content=\"Ber\u00e4knad l\u00e4stid\" \/>\n\t<meta name=\"twitter:data1\" content=\"2 minuter\" \/>\n<script type=\"application\/ld+json\" class=\"yoast-schema-graph\">{\"@context\":\"https:\\\/\\\/schema.org\",\"@graph\":[{\"@type\":\"WebPage\",\"@id\":\"https:\\\/\\\/wp.kristdemokraterna.se\\\/vasternorrland\\\/foretradare\\\/i-styrelsen-namnder-2019-2022\\\/\",\"url\":\"https:\\\/\\\/wp.kristdemokraterna.se\\\/vasternorrland\\\/foretradare\\\/i-styrelsen-namnder-2019-2022\\\/\",\"name\":\"I styrelsen\\\/n\u00e4mnder 2019-2022 | KD V\u00e4sternorrland\",\"isPartOf\":{\"@id\":\"https:\\\/\\\/wp.kristdemokraterna.se\\\/vasternorrland\\\/#website\"},\"datePublished\":\"2018-11-29T10:04:33+00:00\",\"dateModified\":\"2020-03-26T19:22:43+00:00\",\"breadcrumb\":{\"@id\":\"https:\\\/\\\/wp.kristdemokraterna.se\\\/vasternorrland\\\/foretradare\\\/i-styrelsen-namnder-2019-2022\\\/#breadcrumb\"},\"inLanguage\":\"sv-SE\",\"potentialAction\":[{\"@type\":\"ReadAction\",\"target\":[\"https:\\\/\\\/wp.kristdemokraterna.se\\\/vasternorrland\\\/foretradare\\\/i-styrelsen-namnder-2019-2022\\\/\"]}]},{\"@type\":\"BreadcrumbList\",\"@id\":\"https:\\\/\\\/wp.kristdemokraterna.se\\\/vasternorrland\\\/foretradare\\\/i-styrelsen-namnder-2019-2022\\\/#breadcrumb\",\"itemListElement\":[{\"@type\":\"ListItem\",\"position\":1,\"name\":\"Hem\",\"item\":\"https:\\\/\\\/wp.kristdemokraterna.se\\\/vasternorrland\\\/\"},{\"@type\":\"ListItem\",\"position\":2,\"name\":\"F\u00f6retr\u00e4dare\",\"item\":\"https:\\\/\\\/wp.kristdemokraterna.se\\\/vasternorrland\\\/foretradare\\\/\"},{\"@type\":\"ListItem\",\"position\":3,\"name\":\"I styrelsen\\\/n\u00e4mnder 2019-2022\"}]},{\"@type\":\"WebSite\",\"@id\":\"https:\\\/\\\/wp.kristdemokraterna.se\\\/vasternorrland\\\/#website\",\"url\":\"https:\\\/\\\/wp.kristdemokraterna.se\\\/vasternorrland\\\/\",\"name\":\"KD V\u00e4sternorrland\",\"description\":\"V\u00e5rda v\u00e5rden - utveckla prim\u00e4rv\u00e5rden\",\"inLanguage\":\"sv-SE\"}]}<\/script>\n<!-- \/ Yoast SEO plugin. -->","yoast_head_json":{"title":"I styrelsen\/n\u00e4mnder 2019-2022 | KD V\u00e4sternorrland","robots":{"index":"index","follow":"follow","max-snippet":"max-snippet:-1","max-image-preview":"max-image-preview:large","max-video-preview":"max-video-preview:-1"},"canonical":"https:\/\/wp.kristdemokraterna.se\/vasternorrland\/foretradare\/i-styrelsen-namnder-2019-2022\/","og_locale":"sv_SE","og_type":"article","og_title":"I styrelsen\/n\u00e4mnder 2019-2022 | KD V\u00e4sternorrland","og_description":"Ledam\u00f6ter och ers\u00e4ttare i Regionstyrelsen, n\u00e4mnder och andra uppdrag d\u00e4r personerna \u00e4r valda f\u00f6r perioden 1 januari 2019 till 31 december 2022. I Region V\u00e4sternorrland samverkar vi med Centerpartiet och Sjukv\u00e5rdspartiet V\u00e4sternorrland i opposition. Valberedningen Mona Hammarstedt, ledamot Henrik Sendelbach, ers\u00e4ttare Regionstyrelsen Mona Hammarstedt, ledamot (ledamot i V\u00e5rdvalsutskottet, ers\u00e4ttare i Finansutskottet) Bo Grafstr\u00f6m, ers\u00e4ttare (ledamot Read More","og_url":"https:\/\/wp.kristdemokraterna.se\/vasternorrland\/foretradare\/i-styrelsen-namnder-2019-2022\/","og_site_name":"KD V\u00e4sternorrland","article_publisher":"https:\/\/www.facebook.com\/kdrvn\/","article_modified_time":"2020-03-26T19:22:43+00:00","twitter_card":"summary_large_image","twitter_misc":{"Ber\u00e4knad l\u00e4stid":"2 minuter"},"schema":{"@context":"https:\/\/schema.org","@graph":[{"@type":"WebPage","@id":"https:\/\/wp.kristdemokraterna.se\/vasternorrland\/foretradare\/i-styrelsen-namnder-2019-2022\/","url":"https:\/\/wp.kristdemokraterna.se\/vasternorrland\/foretradare\/i-styrelsen-namnder-2019-2022\/","name":"I styrelsen\/n\u00e4mnder 2019-2022 | KD V\u00e4sternorrland","isPartOf":{"@id":"https:\/\/wp.kristdemokraterna.se\/vasternorrland\/#website"},"datePublished":"2018-11-29T10:04:33+00:00","dateModified":"2020-03-26T19:22:43+00:00","breadcrumb":{"@id":"https:\/\/wp.kristdemokraterna.se\/vasternorrland\/foretradare\/i-styrelsen-namnder-2019-2022\/#breadcrumb"},"inLanguage":"sv-SE","potentialAction":[{"@type":"ReadAction","target":["https:\/\/wp.kristdemokraterna.se\/vasternorrland\/foretradare\/i-styrelsen-namnder-2019-2022\/"]}]},{"@type":"BreadcrumbList","@id":"https:\/\/wp.kristdemokraterna.se\/vasternorrland\/foretradare\/i-styrelsen-namnder-2019-2022\/#breadcrumb","itemListElement":[{"@type":"ListItem","position":1,"name":"Hem","item":"https:\/\/wp.kristdemokraterna.se\/vasternorrland\/"},{"@type":"ListItem","position":2,"name":"F\u00f6retr\u00e4dare","item":"https:\/\/wp.kristdemokraterna.se\/vasternorrland\/foretradare\/"},{"@type":"ListItem","position":3,"name":"I styrelsen\/n\u00e4mnder 2019-2022"}]},{"@type":"WebSite","@id":"https:\/\/wp.kristdemokraterna.se\/vasternorrland\/#website","url":"https:\/\/wp.kristdemokraterna.se\/vasternorrland\/","name":"KD V\u00e4sternorrland","description":"V\u00e5rda v\u00e5rden - utveckla prim\u00e4rv\u00e5rden","inLanguage":"sv-SE"}]}},"_links":{"self":[{"href":"https:\/\/wp.kristdemokraterna.se\/vasternorrland\/wp-json\/wp\/v2\/pages\/149663","targetHints":{"allow":["GET"]}}],"collection":[{"href":"https:\/\/wp.kristdemokraterna.se\/vasternorrland\/wp-json\/wp\/v2\/pages"}],"about":[{"href":"https:\/\/wp.kristdemokraterna.se\/vasternorrland\/wp-json\/wp\/v2\/types\/page"}],"author":[{"embeddable":true,"href":"https:\/\/wp.kristdemokraterna.se\/vasternorrland\/wp-json\/wp\/v2\/users\/787"}],"replies":[{"embeddable":true,"href":"https:\/\/wp.kristdemokraterna.se\/vasternorrland\/wp-json\/wp\/v2\/comments?post=149663"}],"version-history":[{"count":8,"href":"https:\/\/wp.kristdemokraterna.se\/vasternorrland\/wp-json\/wp\/v2\/pages\/149663\/revisions"}],"predecessor-version":[{"id":261329,"href":"https:\/\/wp.kristdemokraterna.se\/vasternorrland\/wp-json\/wp\/v2\/pages\/149663\/revisions\/261329"}],"up":[{"embeddable":true,"href":"https:\/\/wp.kristdemokraterna.se\/vasternorrland\/wp-json\/wp\/v2\/pages\/128961"}],"wp:attachment":[{"href":"https:\/\/wp.kristdemokraterna.se\/vasternorrland\/wp-json\/wp\/v2\/media?parent=149663"}],"curies":[{"name":"wp","href":"https:\/\/api.w.org\/{rel}","templated":true}]}}