{"id":149698,"date":"2018-12-03T13:30:12","date_gmt":"2018-12-03T12:30:12","guid":{"rendered":"http:\/\/wp.kristdemokraterna.se\/vasternorrland\/?page_id=149698"},"modified":"2021-05-27T19:27:19","modified_gmt":"2021-05-27T17:27:19","slug":"regionbudgetar","status":"publish","type":"page","link":"https:\/\/wp.kristdemokraterna.se\/vasternorrland\/var-politik\/regionbudgetar\/","title":{"rendered":"Regionbudgetar"},"content":{"rendered":"<p>H\u00e4r hittar du Kristdemokraternas f\u00f6rslag till budgetar i Region V\u00e4sternorrland, tidigare Landstinget V\u00e4sternorrland.<\/p>\n<ul>\n<li>Kristdemokraternas f\u00f6rslag till budget 2021 samt plan 2022-2023<\/li>\n<li><a href=\"http:\/\/wp.kristdemokraterna.se\/vasternorrland\/kristdemokraternas-forslag-till-budget-2020-samt-plan-2021-2022\/\">Kristdemokraternas f\u00f6rslag till budget 2020 samt plan 2021-2022<\/a><\/li>\n<li><a href=\"http:\/\/wp.kristdemokraterna.se\/vasternorrland\/budget-2019-samt-ekonomisk-plan-2020-2021\/\">Kristdemokraternas f\u00f6rslag till budget 2019 samt plan 2020-2021<\/a><\/li>\n<li>Alliansens (M, C, L, KD) f\u00f6rslag till budget 2018 samt plan 2019-2020<\/li>\n<li>Budget 2017<\/li>\n<li>Budget 2016<\/li>\n<li>Budget 2015<\/li>\n<li>Budget 2014<\/li>\n<li>Budget 2013<\/li>\n<li>Budget 2012<\/li>\n<li>Budget 2011<\/li>\n<li><a href=\"https:\/\/wp.kristdemokraterna.se\/vasternorrland\/budget-2010-samt-ekonomisk-plan-2011-2012\/\">Budget 2010 samt ekonomisk plan 2011-2012<\/a> (M, C, SJVP, KD, FP och MP)<\/li>\n<li>Budget 2009<\/li>\n<li>Budget 2008<\/li>\n<li><a href=\"https:\/\/wp.kristdemokraterna.se\/vasternorrland\/budget-2006-samt-ekonomisk-plan-2007-2008\/\">Budget 2006 samt ekonomisk plan 2007-2008<\/a> (C, FP, KD, SJVP och MP)<\/li>\n<li>Budget 2005<\/li>\n<li><a href=\"https:\/\/wp.kristdemokraterna.se\/vasternorrland\/vardalliansens-budgetforslag-for-2004\/\">V\u00e5rdalliansens (C, FP, SJVP, KD, MP) f\u00f6rslag till budget 2004<\/a><\/li>\n<\/ul>\n","protected":false},"excerpt":{"rendered":"<p>H\u00e4r hittar du Kristdemokraternas f\u00f6rslag till budgetar i Region V\u00e4sternorrland, tidigare Landstinget V\u00e4sternorrland. Kristdemokraternas f\u00f6rslag till budget 2021 samt plan 2022-2023 Kristdemokraternas f\u00f6rslag till budget 2020 samt plan 2021-2022 Kristdemokraternas f\u00f6rslag till budget 2019 samt plan 2020-2021 Alliansens (M, C, L, KD) f\u00f6rslag till budget 2018 samt plan 2019-2020 Budget 2017 Budget 2016 Budget 2015 <a class=\"read-more-link\" href=\"https:\/\/wp.kristdemokraterna.se\/vasternorrland\/var-politik\/regionbudgetar\/\">Read More<\/a><\/p>\n","protected":false},"author":787,"featured_media":0,"parent":119034,"menu_order":6,"comment_status":"closed","ping_status":"closed","template":"","meta":{"_acf_changed":false,"footnotes":""},"class_list":["post-149698","page","type-page","status-publish","hentry"],"acf":[],"yoast_head":"<!-- This site is optimized with the Yoast SEO plugin v27.3 - https:\/\/yoast.com\/product\/yoast-seo-wordpress\/ -->\n<title>Regionbudgetar | KD V\u00e4sternorrland<\/title>\n<meta name=\"robots\" content=\"index, follow, max-snippet:-1, max-image-preview:large, max-video-preview:-1\" \/>\n<link rel=\"canonical\" href=\"https:\/\/wp.kristdemokraterna.se\/vasternorrland\/var-politik\/regionbudgetar\/\" \/>\n<meta property=\"og:locale\" content=\"sv_SE\" \/>\n<meta property=\"og:type\" content=\"article\" \/>\n<meta property=\"og:title\" content=\"Regionbudgetar | KD V\u00e4sternorrland\" \/>\n<meta property=\"og:description\" content=\"H\u00e4r hittar du Kristdemokraternas f\u00f6rslag till budgetar i Region V\u00e4sternorrland, tidigare Landstinget V\u00e4sternorrland. Kristdemokraternas f\u00f6rslag till budget 2021 samt plan 2022-2023 Kristdemokraternas f\u00f6rslag till budget 2020 samt plan 2021-2022 Kristdemokraternas f\u00f6rslag till budget 2019 samt plan 2020-2021 Alliansens (M, C, L, KD) f\u00f6rslag till budget 2018 samt plan 2019-2020 Budget 2017 Budget 2016 Budget 2015 Read More\" \/>\n<meta property=\"og:url\" content=\"https:\/\/wp.kristdemokraterna.se\/vasternorrland\/var-politik\/regionbudgetar\/\" \/>\n<meta property=\"og:site_name\" content=\"KD V\u00e4sternorrland\" \/>\n<meta property=\"article:publisher\" content=\"https:\/\/www.facebook.com\/kdrvn\/\" \/>\n<meta property=\"article:modified_time\" content=\"2021-05-27T17:27:19+00:00\" \/>\n<meta name=\"twitter:card\" content=\"summary_large_image\" \/>\n<meta name=\"twitter:label1\" content=\"Ber\u00e4knad l\u00e4stid\" \/>\n\t<meta name=\"twitter:data1\" content=\"1 minut\" \/>\n<script type=\"application\/ld+json\" class=\"yoast-schema-graph\">{\"@context\":\"https:\\\/\\\/schema.org\",\"@graph\":[{\"@type\":\"WebPage\",\"@id\":\"https:\\\/\\\/wp.kristdemokraterna.se\\\/vasternorrland\\\/var-politik\\\/regionbudgetar\\\/\",\"url\":\"https:\\\/\\\/wp.kristdemokraterna.se\\\/vasternorrland\\\/var-politik\\\/regionbudgetar\\\/\",\"name\":\"Regionbudgetar | KD V\u00e4sternorrland\",\"isPartOf\":{\"@id\":\"https:\\\/\\\/wp.kristdemokraterna.se\\\/vasternorrland\\\/#website\"},\"datePublished\":\"2018-12-03T12:30:12+00:00\",\"dateModified\":\"2021-05-27T17:27:19+00:00\",\"breadcrumb\":{\"@id\":\"https:\\\/\\\/wp.kristdemokraterna.se\\\/vasternorrland\\\/var-politik\\\/regionbudgetar\\\/#breadcrumb\"},\"inLanguage\":\"sv-SE\",\"potentialAction\":[{\"@type\":\"ReadAction\",\"target\":[\"https:\\\/\\\/wp.kristdemokraterna.se\\\/vasternorrland\\\/var-politik\\\/regionbudgetar\\\/\"]}]},{\"@type\":\"BreadcrumbList\",\"@id\":\"https:\\\/\\\/wp.kristdemokraterna.se\\\/vasternorrland\\\/var-politik\\\/regionbudgetar\\\/#breadcrumb\",\"itemListElement\":[{\"@type\":\"ListItem\",\"position\":1,\"name\":\"Hem\",\"item\":\"https:\\\/\\\/wp.kristdemokraterna.se\\\/vasternorrland\\\/\"},{\"@type\":\"ListItem\",\"position\":2,\"name\":\"V\u00e5r politik\",\"item\":\"https:\\\/\\\/wp.kristdemokraterna.se\\\/vasternorrland\\\/var-politik\\\/\"},{\"@type\":\"ListItem\",\"position\":3,\"name\":\"Regionbudgetar\"}]},{\"@type\":\"WebSite\",\"@id\":\"https:\\\/\\\/wp.kristdemokraterna.se\\\/vasternorrland\\\/#website\",\"url\":\"https:\\\/\\\/wp.kristdemokraterna.se\\\/vasternorrland\\\/\",\"name\":\"KD V\u00e4sternorrland\",\"description\":\"V\u00e5rda v\u00e5rden - utveckla prim\u00e4rv\u00e5rden\",\"inLanguage\":\"sv-SE\"}]}<\/script>\n<!-- \/ Yoast SEO plugin. -->","yoast_head_json":{"title":"Regionbudgetar | KD V\u00e4sternorrland","robots":{"index":"index","follow":"follow","max-snippet":"max-snippet:-1","max-image-preview":"max-image-preview:large","max-video-preview":"max-video-preview:-1"},"canonical":"https:\/\/wp.kristdemokraterna.se\/vasternorrland\/var-politik\/regionbudgetar\/","og_locale":"sv_SE","og_type":"article","og_title":"Regionbudgetar | KD V\u00e4sternorrland","og_description":"H\u00e4r hittar du Kristdemokraternas f\u00f6rslag till budgetar i Region V\u00e4sternorrland, tidigare Landstinget V\u00e4sternorrland. Kristdemokraternas f\u00f6rslag till budget 2021 samt plan 2022-2023 Kristdemokraternas f\u00f6rslag till budget 2020 samt plan 2021-2022 Kristdemokraternas f\u00f6rslag till budget 2019 samt plan 2020-2021 Alliansens (M, C, L, KD) f\u00f6rslag till budget 2018 samt plan 2019-2020 Budget 2017 Budget 2016 Budget 2015 Read More","og_url":"https:\/\/wp.kristdemokraterna.se\/vasternorrland\/var-politik\/regionbudgetar\/","og_site_name":"KD V\u00e4sternorrland","article_publisher":"https:\/\/www.facebook.com\/kdrvn\/","article_modified_time":"2021-05-27T17:27:19+00:00","twitter_card":"summary_large_image","twitter_misc":{"Ber\u00e4knad l\u00e4stid":"1 minut"},"schema":{"@context":"https:\/\/schema.org","@graph":[{"@type":"WebPage","@id":"https:\/\/wp.kristdemokraterna.se\/vasternorrland\/var-politik\/regionbudgetar\/","url":"https:\/\/wp.kristdemokraterna.se\/vasternorrland\/var-politik\/regionbudgetar\/","name":"Regionbudgetar | KD V\u00e4sternorrland","isPartOf":{"@id":"https:\/\/wp.kristdemokraterna.se\/vasternorrland\/#website"},"datePublished":"2018-12-03T12:30:12+00:00","dateModified":"2021-05-27T17:27:19+00:00","breadcrumb":{"@id":"https:\/\/wp.kristdemokraterna.se\/vasternorrland\/var-politik\/regionbudgetar\/#breadcrumb"},"inLanguage":"sv-SE","potentialAction":[{"@type":"ReadAction","target":["https:\/\/wp.kristdemokraterna.se\/vasternorrland\/var-politik\/regionbudgetar\/"]}]},{"@type":"BreadcrumbList","@id":"https:\/\/wp.kristdemokraterna.se\/vasternorrland\/var-politik\/regionbudgetar\/#breadcrumb","itemListElement":[{"@type":"ListItem","position":1,"name":"Hem","item":"https:\/\/wp.kristdemokraterna.se\/vasternorrland\/"},{"@type":"ListItem","position":2,"name":"V\u00e5r politik","item":"https:\/\/wp.kristdemokraterna.se\/vasternorrland\/var-politik\/"},{"@type":"ListItem","position":3,"name":"Regionbudgetar"}]},{"@type":"WebSite","@id":"https:\/\/wp.kristdemokraterna.se\/vasternorrland\/#website","url":"https:\/\/wp.kristdemokraterna.se\/vasternorrland\/","name":"KD V\u00e4sternorrland","description":"V\u00e5rda v\u00e5rden - utveckla prim\u00e4rv\u00e5rden","inLanguage":"sv-SE"}]}},"_links":{"self":[{"href":"https:\/\/wp.kristdemokraterna.se\/vasternorrland\/wp-json\/wp\/v2\/pages\/149698","targetHints":{"allow":["GET"]}}],"collection":[{"href":"https:\/\/wp.kristdemokraterna.se\/vasternorrland\/wp-json\/wp\/v2\/pages"}],"about":[{"href":"https:\/\/wp.kristdemokraterna.se\/vasternorrland\/wp-json\/wp\/v2\/types\/page"}],"author":[{"embeddable":true,"href":"https:\/\/wp.kristdemokraterna.se\/vasternorrland\/wp-json\/wp\/v2\/users\/787"}],"replies":[{"embeddable":true,"href":"https:\/\/wp.kristdemokraterna.se\/vasternorrland\/wp-json\/wp\/v2\/comments?post=149698"}],"version-history":[{"count":8,"href":"https:\/\/wp.kristdemokraterna.se\/vasternorrland\/wp-json\/wp\/v2\/pages\/149698\/revisions"}],"predecessor-version":[{"id":351949,"href":"https:\/\/wp.kristdemokraterna.se\/vasternorrland\/wp-json\/wp\/v2\/pages\/149698\/revisions\/351949"}],"up":[{"embeddable":true,"href":"https:\/\/wp.kristdemokraterna.se\/vasternorrland\/wp-json\/wp\/v2\/pages\/119034"}],"wp:attachment":[{"href":"https:\/\/wp.kristdemokraterna.se\/vasternorrland\/wp-json\/wp\/v2\/media?parent=149698"}],"curies":[{"name":"wp","href":"https:\/\/api.w.org\/{rel}","templated":true}]}}