{"id":149713,"date":"2017-04-06T13:41:52","date_gmt":"2017-04-06T11:41:52","guid":{"rendered":"http:\/\/wp.kristdemokraterna.se\/vasternorrland\/?page_id=149713"},"modified":"2020-05-10T16:02:28","modified_gmt":"2020-05-10T14:02:28","slug":"regionplan-2018-2020","status":"publish","type":"page","link":"https:\/\/wp.kristdemokraterna.se\/vasternorrland\/var-politik\/regionplaner\/regionplan-2018-2020\/","title":{"rendered":"Regionplan 2018-2020"},"content":{"rendered":"<p>Kristdemokraternas regionplan 2018-2020 har inriktningen att f\u00f6rverkliga landstingets vision \u2013 Liv och h\u00e4lsa i V\u00e4sternorrland.<\/p>\n<p>Ett l\u00e4n pr\u00e4glat av goda arbets-, utbildnings- och utvecklingsm\u00f6jligheter, en tillg\u00e4nglig kollektivtrafik, ett rikt kulturliv och ett starkt civilsamh\u00e4lle skapar f\u00f6ruts\u00e4ttningar f\u00f6r ett socialt och ekologiskt h\u00e5llbart samh\u00e4lle.<\/p>\n<h2>F\u00f6rnyelse och l\u00e5ngsiktighet<\/h2>\n<p>M\u00e5let \u00e4r att Landstinget V\u00e4sternorrland genom f\u00f6rnyelse och l\u00e5ngsiktighet under planperioden f\u00e5r ordning p\u00e5 ekonomin. Med respekt, gott bem\u00f6tande samt f\u00f6rb\u00e4ttrad intern och extern kommunikation och dialog \u00e5teruppr\u00e4ttas f\u00f6rtroendet hos s\u00e5v\u00e4l l\u00e4nets inv\u00e5nare som landstingets medarbetare.<\/p>\n<p>Landstingets verksamhet best\u00e5r av tre omr\u00e5den \u2013 h\u00e4lso- och sjukv\u00e5rd, tandv\u00e5rd och regional utveckling. Alla omr\u00e5den har stor betydelse f\u00f6r m\u00e4nniskors livskvalitet och h\u00e4lsa liksom f\u00f6r l\u00e4nets attraktivitet och utveckling.<\/p>\n<p>Inom hela landstinget ska det arbetas f\u00f6r en v\u00e4l fungerande verksamhet som ger god h\u00e4lsa och v\u00e5rd p\u00e5 lika villkor hela befolkningen. V\u00e5rden ska ges med respekt f\u00f6r alla m\u00e4nniskors lika v\u00e4rde och f\u00f6r den enskilda m\u00e4nniskans v\u00e4rdighet. Den med st\u00f6rst behov av h\u00e4lso- och sjukv\u00e5rd ska ges f\u00f6retr\u00e4de till v\u00e5rden.<\/p>\n<p>Under f\u00f6reg\u00e5ende mandatperiod inleddes ett arbete f\u00f6r att g\u00f6ra V\u00e4sternorrland till en av landets b\u00e4st utvecklade regioner f\u00f6r h\u00e5llbar och klimatanpassad utveckling i samverkan mellan offentlig och privat sektor. Det \u00e4r viktigt att arbetet med detta inte stannar av utan forts\u00e4tter. Den \u00e4r d\u00e4rf\u00f6r viktigt att se till att den nya Milj\u00f6- och energiplanens m\u00e5l uppn\u00e5s.<\/p>\n<h2>Ett aktivt folkh\u00e4lsoarbete<\/h2>\n<p>Ett aktivt folkh\u00e4lsoarbete och tidiga insatser inte minst n\u00e4r det g\u00e4ller psykisk oh\u00e4lsa l\u00e4gger en stark grund f\u00f6r att inv\u00e5narna i V\u00e4sternorrlands l\u00e4n ska f\u00e5 leva ett bra liv och med god h\u00e4lsa l\u00e5ngt upp i \u00e5ren. En satsning p\u00e5 f\u00f6rebyggande arbete g\u00f6r inte bara att befolkningens h\u00e4lsa f\u00f6rb\u00e4ttras utan inneb\u00e4r ocks\u00e5 att kostnads\u00f6kningstrycket minskar.<\/p>\n<h2>\u00c5teruppbyggt f\u00f6rtroende<\/h2>\n<p>En av de st\u00f6rsta utmaningarna som landstinget st\u00e5r inf\u00f6r \u00e4r hur man ska klara av kompetensf\u00f6rs\u00f6rjningen och minska behovet av inhyrd personal (stafetter). Med ett \u00e5teruppbyggt f\u00f6rtroende och en m\u00e5linriktad personalpolitik kan vi minska behovet av inhyrd personal (stafetter) och f\u00e5 r\u00e4tt kompetens p\u00e5 r\u00e4tt plats.<\/p>\n<p>Mona Hammarstedt<br \/>\nGruppledare<br \/>\nKristdemokraterna<\/p>\n<p>F\u00f6r att l\u00e4sa hela v\u00e5rt f\u00f6rslag till regionplan, ladda ner pdf-dokumentetet:\u00a0<a href=\"http:\/\/wp.kristdemokraterna.se\/vasternorrland\/files\/2016\/03\/regionplan-2018-2020-kristdemokraterna.pdf\">Regionplan 2018-2020 Kristdemokraterna<\/a><\/p>\n","protected":false},"excerpt":{"rendered":"<p>Kristdemokraternas regionplan 2018-2020 har inriktningen att f\u00f6rverkliga landstingets vision \u2013 Liv och h\u00e4lsa i V\u00e4sternorrland. Ett l\u00e4n pr\u00e4glat av goda arbets-, utbildnings- och utvecklingsm\u00f6jligheter, en tillg\u00e4nglig kollektivtrafik, ett rikt kulturliv och ett starkt civilsamh\u00e4lle skapar f\u00f6ruts\u00e4ttningar f\u00f6r ett socialt och ekologiskt h\u00e5llbart samh\u00e4lle. F\u00f6rnyelse och l\u00e5ngsiktighet M\u00e5let \u00e4r att Landstinget V\u00e4sternorrland genom f\u00f6rnyelse och l\u00e5ngsiktighet <a class=\"read-more-link\" href=\"https:\/\/wp.kristdemokraterna.se\/vasternorrland\/var-politik\/regionplaner\/regionplan-2018-2020\/\">Read More<\/a><\/p>\n","protected":false},"author":787,"featured_media":0,"parent":149701,"menu_order":2018,"comment_status":"closed","ping_status":"closed","template":"","meta":{"_acf_changed":false,"footnotes":""},"class_list":["post-149713","page","type-page","status-publish","hentry"],"acf":[],"yoast_head":"<!-- This site is optimized with the Yoast SEO plugin v27.3 - https:\/\/yoast.com\/product\/yoast-seo-wordpress\/ -->\n<title>Regionplan 2018-2020 | KD V\u00e4sternorrland<\/title>\n<meta name=\"robots\" content=\"index, follow, max-snippet:-1, max-image-preview:large, max-video-preview:-1\" \/>\n<link rel=\"canonical\" href=\"https:\/\/wp.kristdemokraterna.se\/vasternorrland\/var-politik\/regionplaner\/regionplan-2018-2020\/\" \/>\n<meta property=\"og:locale\" content=\"sv_SE\" \/>\n<meta property=\"og:type\" content=\"article\" \/>\n<meta property=\"og:title\" content=\"Regionplan 2018-2020 | KD V\u00e4sternorrland\" \/>\n<meta property=\"og:description\" content=\"Kristdemokraternas regionplan 2018-2020 har inriktningen att f\u00f6rverkliga landstingets vision \u2013 Liv och h\u00e4lsa i V\u00e4sternorrland. Ett l\u00e4n pr\u00e4glat av goda arbets-, utbildnings- och utvecklingsm\u00f6jligheter, en tillg\u00e4nglig kollektivtrafik, ett rikt kulturliv och ett starkt civilsamh\u00e4lle skapar f\u00f6ruts\u00e4ttningar f\u00f6r ett socialt och ekologiskt h\u00e5llbart samh\u00e4lle. F\u00f6rnyelse och l\u00e5ngsiktighet M\u00e5let \u00e4r att Landstinget V\u00e4sternorrland genom f\u00f6rnyelse och l\u00e5ngsiktighet Read More\" \/>\n<meta property=\"og:url\" content=\"https:\/\/wp.kristdemokraterna.se\/vasternorrland\/var-politik\/regionplaner\/regionplan-2018-2020\/\" \/>\n<meta property=\"og:site_name\" content=\"KD V\u00e4sternorrland\" \/>\n<meta property=\"article:publisher\" content=\"https:\/\/www.facebook.com\/kdrvn\/\" \/>\n<meta property=\"article:modified_time\" content=\"2020-05-10T14:02:28+00:00\" \/>\n<meta name=\"twitter:card\" content=\"summary_large_image\" \/>\n<meta name=\"twitter:label1\" content=\"Ber\u00e4knad l\u00e4stid\" \/>\n\t<meta name=\"twitter:data1\" content=\"2 minuter\" \/>\n<script type=\"application\/ld+json\" class=\"yoast-schema-graph\">{\"@context\":\"https:\\\/\\\/schema.org\",\"@graph\":[{\"@type\":\"WebPage\",\"@id\":\"https:\\\/\\\/wp.kristdemokraterna.se\\\/vasternorrland\\\/var-politik\\\/regionplaner\\\/regionplan-2018-2020\\\/\",\"url\":\"https:\\\/\\\/wp.kristdemokraterna.se\\\/vasternorrland\\\/var-politik\\\/regionplaner\\\/regionplan-2018-2020\\\/\",\"name\":\"Regionplan 2018-2020 | KD V\u00e4sternorrland\",\"isPartOf\":{\"@id\":\"https:\\\/\\\/wp.kristdemokraterna.se\\\/vasternorrland\\\/#website\"},\"datePublished\":\"2017-04-06T11:41:52+00:00\",\"dateModified\":\"2020-05-10T14:02:28+00:00\",\"breadcrumb\":{\"@id\":\"https:\\\/\\\/wp.kristdemokraterna.se\\\/vasternorrland\\\/var-politik\\\/regionplaner\\\/regionplan-2018-2020\\\/#breadcrumb\"},\"inLanguage\":\"sv-SE\",\"potentialAction\":[{\"@type\":\"ReadAction\",\"target\":[\"https:\\\/\\\/wp.kristdemokraterna.se\\\/vasternorrland\\\/var-politik\\\/regionplaner\\\/regionplan-2018-2020\\\/\"]}]},{\"@type\":\"BreadcrumbList\",\"@id\":\"https:\\\/\\\/wp.kristdemokraterna.se\\\/vasternorrland\\\/var-politik\\\/regionplaner\\\/regionplan-2018-2020\\\/#breadcrumb\",\"itemListElement\":[{\"@type\":\"ListItem\",\"position\":1,\"name\":\"Hem\",\"item\":\"https:\\\/\\\/wp.kristdemokraterna.se\\\/vasternorrland\\\/\"},{\"@type\":\"ListItem\",\"position\":2,\"name\":\"V\u00e5r politik\",\"item\":\"https:\\\/\\\/wp.kristdemokraterna.se\\\/vasternorrland\\\/var-politik\\\/\"},{\"@type\":\"ListItem\",\"position\":3,\"name\":\"Regionplaner\",\"item\":\"https:\\\/\\\/wp.kristdemokraterna.se\\\/vasternorrland\\\/var-politik\\\/regionplaner\\\/\"},{\"@type\":\"ListItem\",\"position\":4,\"name\":\"Regionplan 2018-2020\"}]},{\"@type\":\"WebSite\",\"@id\":\"https:\\\/\\\/wp.kristdemokraterna.se\\\/vasternorrland\\\/#website\",\"url\":\"https:\\\/\\\/wp.kristdemokraterna.se\\\/vasternorrland\\\/\",\"name\":\"KD V\u00e4sternorrland\",\"description\":\"V\u00e5rda v\u00e5rden - utveckla prim\u00e4rv\u00e5rden\",\"inLanguage\":\"sv-SE\"}]}<\/script>\n<!-- \/ Yoast SEO plugin. -->","yoast_head_json":{"title":"Regionplan 2018-2020 | KD V\u00e4sternorrland","robots":{"index":"index","follow":"follow","max-snippet":"max-snippet:-1","max-image-preview":"max-image-preview:large","max-video-preview":"max-video-preview:-1"},"canonical":"https:\/\/wp.kristdemokraterna.se\/vasternorrland\/var-politik\/regionplaner\/regionplan-2018-2020\/","og_locale":"sv_SE","og_type":"article","og_title":"Regionplan 2018-2020 | KD V\u00e4sternorrland","og_description":"Kristdemokraternas regionplan 2018-2020 har inriktningen att f\u00f6rverkliga landstingets vision \u2013 Liv och h\u00e4lsa i V\u00e4sternorrland. Ett l\u00e4n pr\u00e4glat av goda arbets-, utbildnings- och utvecklingsm\u00f6jligheter, en tillg\u00e4nglig kollektivtrafik, ett rikt kulturliv och ett starkt civilsamh\u00e4lle skapar f\u00f6ruts\u00e4ttningar f\u00f6r ett socialt och ekologiskt h\u00e5llbart samh\u00e4lle. F\u00f6rnyelse och l\u00e5ngsiktighet M\u00e5let \u00e4r att Landstinget V\u00e4sternorrland genom f\u00f6rnyelse och l\u00e5ngsiktighet Read More","og_url":"https:\/\/wp.kristdemokraterna.se\/vasternorrland\/var-politik\/regionplaner\/regionplan-2018-2020\/","og_site_name":"KD V\u00e4sternorrland","article_publisher":"https:\/\/www.facebook.com\/kdrvn\/","article_modified_time":"2020-05-10T14:02:28+00:00","twitter_card":"summary_large_image","twitter_misc":{"Ber\u00e4knad l\u00e4stid":"2 minuter"},"schema":{"@context":"https:\/\/schema.org","@graph":[{"@type":"WebPage","@id":"https:\/\/wp.kristdemokraterna.se\/vasternorrland\/var-politik\/regionplaner\/regionplan-2018-2020\/","url":"https:\/\/wp.kristdemokraterna.se\/vasternorrland\/var-politik\/regionplaner\/regionplan-2018-2020\/","name":"Regionplan 2018-2020 | KD V\u00e4sternorrland","isPartOf":{"@id":"https:\/\/wp.kristdemokraterna.se\/vasternorrland\/#website"},"datePublished":"2017-04-06T11:41:52+00:00","dateModified":"2020-05-10T14:02:28+00:00","breadcrumb":{"@id":"https:\/\/wp.kristdemokraterna.se\/vasternorrland\/var-politik\/regionplaner\/regionplan-2018-2020\/#breadcrumb"},"inLanguage":"sv-SE","potentialAction":[{"@type":"ReadAction","target":["https:\/\/wp.kristdemokraterna.se\/vasternorrland\/var-politik\/regionplaner\/regionplan-2018-2020\/"]}]},{"@type":"BreadcrumbList","@id":"https:\/\/wp.kristdemokraterna.se\/vasternorrland\/var-politik\/regionplaner\/regionplan-2018-2020\/#breadcrumb","itemListElement":[{"@type":"ListItem","position":1,"name":"Hem","item":"https:\/\/wp.kristdemokraterna.se\/vasternorrland\/"},{"@type":"ListItem","position":2,"name":"V\u00e5r politik","item":"https:\/\/wp.kristdemokraterna.se\/vasternorrland\/var-politik\/"},{"@type":"ListItem","position":3,"name":"Regionplaner","item":"https:\/\/wp.kristdemokraterna.se\/vasternorrland\/var-politik\/regionplaner\/"},{"@type":"ListItem","position":4,"name":"Regionplan 2018-2020"}]},{"@type":"WebSite","@id":"https:\/\/wp.kristdemokraterna.se\/vasternorrland\/#website","url":"https:\/\/wp.kristdemokraterna.se\/vasternorrland\/","name":"KD V\u00e4sternorrland","description":"V\u00e5rda v\u00e5rden - utveckla prim\u00e4rv\u00e5rden","inLanguage":"sv-SE"}]}},"_links":{"self":[{"href":"https:\/\/wp.kristdemokraterna.se\/vasternorrland\/wp-json\/wp\/v2\/pages\/149713","targetHints":{"allow":["GET"]}}],"collection":[{"href":"https:\/\/wp.kristdemokraterna.se\/vasternorrland\/wp-json\/wp\/v2\/pages"}],"about":[{"href":"https:\/\/wp.kristdemokraterna.se\/vasternorrland\/wp-json\/wp\/v2\/types\/page"}],"author":[{"embeddable":true,"href":"https:\/\/wp.kristdemokraterna.se\/vasternorrland\/wp-json\/wp\/v2\/users\/787"}],"replies":[{"embeddable":true,"href":"https:\/\/wp.kristdemokraterna.se\/vasternorrland\/wp-json\/wp\/v2\/comments?post=149713"}],"version-history":[{"count":2,"href":"https:\/\/wp.kristdemokraterna.se\/vasternorrland\/wp-json\/wp\/v2\/pages\/149713\/revisions"}],"predecessor-version":[{"id":149719,"href":"https:\/\/wp.kristdemokraterna.se\/vasternorrland\/wp-json\/wp\/v2\/pages\/149713\/revisions\/149719"}],"up":[{"embeddable":true,"href":"https:\/\/wp.kristdemokraterna.se\/vasternorrland\/wp-json\/wp\/v2\/pages\/149701"}],"wp:attachment":[{"href":"https:\/\/wp.kristdemokraterna.se\/vasternorrland\/wp-json\/wp\/v2\/media?parent=149713"}],"curies":[{"name":"wp","href":"https:\/\/api.w.org\/{rel}","templated":true}]}}