{"id":149734,"date":"2012-08-06T14:29:55","date_gmt":"2012-08-06T12:29:55","guid":{"rendered":"http:\/\/wp.kristdemokraterna.se\/vasternorrland\/?page_id=149734"},"modified":"2020-05-10T16:01:50","modified_gmt":"2020-05-10T14:01:50","slug":"landstingsplan-2013-2015","status":"publish","type":"page","link":"https:\/\/wp.kristdemokraterna.se\/vasternorrland\/var-politik\/regionplaner\/landstingsplan-2013-2015\/","title":{"rendered":"Landstingsplan 2013-2015"},"content":{"rendered":"<p>Landstingsplanen f\u00f6r \u00e5ren 2013\u20132015 har inriktningen att f\u00f6rverkliga landstingets vision:\u00a0Liv och h\u00e4lsa i V\u00e4sternorrland<\/p>\n<p>Landstingets verksamhet best\u00e5r av tre omr\u00e5den \u2013 h\u00e4lso- och sjukv\u00e5rd, tandv\u00e5rd och regional utveckling. Alla omr\u00e5den har stor betydelse f\u00f6r m\u00e4nniskors livskvalitet och h\u00e4lsa, liksom f\u00f6r l\u00e4nets attraktivitet och utveckling. Inom hela landstinget arbetar vi f\u00f6r att beh\u00e5lla en v\u00e4l fungerande verksamhet och samtidigt st\u00e4ndigt f\u00f6rb\u00e4ttra och f\u00f6rnya den med utg\u00e5ngspunkt i medborgarnas behov.<\/p>\n<p>Ett l\u00e4n pr\u00e4glat av m\u00e5ngfald, med bra milj\u00f6, goda arbets-, utbildnings- och utvecklingsm\u00f6jligheter, omfattande kollektivtrafik, utbyggd infrastruktur och ett rikt kulturliv \u00e4r attraktivt och skapar f\u00f6ruts\u00e4ttningar f\u00f6r en god h\u00e4lsa och ett bra liv. Det f\u00e5r m\u00e4nniskor att s\u00f6ka sig till l\u00e4net f\u00f6r arbete och utbildning. Landstinget st\u00f6der aktivt projekt och organisationer som bidrar till l\u00e4nets tillv\u00e4xt.<\/p>\n<p>V\u00e4sternorrland ska ha som m\u00e5l att vara en av landets b\u00e4st utvecklade regioner f\u00f6r h\u00e5llbar och klimatanpassad utveckling i samverkan mellan offentlig och privat sektor. Det \u00e4r angel\u00e4get att planenligt genomf\u00f6ra de m\u00e5l som \u00e4r fastlagda i landstingets Milj\u00f6- och energiplan. Inte minst viktigt \u00e4r det att utbilda de egna medarbetarna och d\u00e4rmed h\u00f6ja kompetensen och motivationen kring h\u00e5llbarhetsfr\u00e5gor.<\/p>\n<p>M\u00e5let f\u00f6r h\u00e4lso- och sjukv\u00e5rden \u00e4r en god h\u00e4lsa och v\u00e5rd p\u00e5 lika villkor f\u00f6r hela befolkningen. V\u00e5rden ska ges med respekt f\u00f6r alla m\u00e4nniskors lika v\u00e4rde och f\u00f6r den enskilda m\u00e4nniskans v\u00e4rdighet. Den som har st\u00f6rst behov av h\u00e4lso- och sjukv\u00e5rd ska ges f\u00f6retr\u00e4de till v\u00e5rden.<\/p>\n<p>Medborgarna i V\u00e4sternorrland ska erbjudas en grundtrygghet vid sjukdom och skada genom en god h\u00e4lso- och sjukv\u00e5rd som ges i tid och som \u00e4r kunskapsbaserad, \u00e4ndam\u00e5lsenlig, s\u00e4ker, patientfokuserad, effektiv, j\u00e4mlik, j\u00e4mst\u00e4lld och h\u00e4lsoinriktad. H\u00e4lso- och sjukv\u00e5rden ska vara l\u00e4ttillg\u00e4nglig f\u00f6r alla l\u00e4nsinv\u00e5nare. Den enskilda medborgaren ska ges m\u00f6jlighet till valfrihet och kontinuitet i v\u00e5rden.<\/p>\n<p>Nya diagnostekniker, behandlingsmetoder och l\u00e4kemedel medf\u00f6r att allt fler kan f\u00e5 behandling, vilket leder till ett \u00f6kande behov av h\u00e4lso- och sjukv\u00e5rdsresurser. Landstinget ska med hj\u00e4lp av en god ekonomisk hush\u00e5llning klara denna utveckling. H\u00e4lsofr\u00e4mjande insatser ska, utifr\u00e5n en helhetssyn, genomsyra h\u00e4lso- och sjukv\u00e5rden och vara en sj\u00e4lvklar del i all v\u00e5rd och behandling. Fr\u00e5gor om levnadsvanor och livsstil ska ing\u00e5 naturligt i varje patientm\u00f6te.<\/p>\n<p>F\u00f6r att fr\u00e4mja folkh\u00e4lsan kr\u00e4vs \u00e4ven att landstinget samverkar med l\u00e4nets kommuner, myndigheter och det civila samh\u00e4llet. Inte minst betydelsefullt \u00e4r de m\u00e5nga ideella insatser som g\u00f6rs inom omr\u00e5det.<\/p>\n<p>F\u00f6rm\u00e5gan att samverka \u00e4r avg\u00f6rande f\u00f6r resultatet. Det \u00e4r d\u00e4rf\u00f6r viktigt att utveckla samverkan s\u00e5 att patienten f\u00e5r den v\u00e5rd som kr\u00e4vs, sett ur ett helhetsperspektiv, oberoende av v\u00e5rdform och huvudmannagr\u00e4nser. Varje verksamhet har en\u00a0skyldighet att g\u00f6ra b\u00e4sta m\u00f6jliga i\u00a0 kontakterna med patienter och n\u00e4rst\u00e5ende, att underl\u00e4tta f\u00f6r n\u00e4sta steg i v\u00e5rdprocessen och att \u00e5terkoppla till f\u00f6reg\u00e5ende steg.<\/p>\n<p>V\u00c5RDALLIANSEN V\u00c4STERNORRLAND<br \/>\nModeraterna, Sjukv\u00e5rdspartiet, Centerpartiet,\u00a0Folkpartiet Liberalerna, Milj\u00f6partiet de gr\u00f6na, Kristdemokraterna<\/p>\n<p>F\u00f6r att l\u00e4sa V\u00e5rdalliansens hela f\u00f6rslag till landstingsplan, ladda ner pdf-dokumentetet:\u00a0<a href=\"http:\/\/wp.kristdemokraterna.se\/vasternorrland\/files\/2018\/08\/landstingsplan-2013-2015.pdf\">Landstingsplan 2013-2015<\/a><\/p>\n","protected":false},"excerpt":{"rendered":"<p>Landstingsplanen f\u00f6r \u00e5ren 2013\u20132015 har inriktningen att f\u00f6rverkliga landstingets vision:\u00a0Liv och h\u00e4lsa i V\u00e4sternorrland Landstingets verksamhet best\u00e5r av tre omr\u00e5den \u2013 h\u00e4lso- och sjukv\u00e5rd, tandv\u00e5rd och regional utveckling. Alla omr\u00e5den har stor betydelse f\u00f6r m\u00e4nniskors livskvalitet och h\u00e4lsa, liksom f\u00f6r l\u00e4nets attraktivitet och utveckling. Inom hela landstinget arbetar vi f\u00f6r att beh\u00e5lla en v\u00e4l fungerande <a class=\"read-more-link\" href=\"https:\/\/wp.kristdemokraterna.se\/vasternorrland\/var-politik\/regionplaner\/landstingsplan-2013-2015\/\">Read More<\/a><\/p>\n","protected":false},"author":787,"featured_media":0,"parent":149701,"menu_order":2013,"comment_status":"closed","ping_status":"closed","template":"","meta":{"_acf_changed":false,"footnotes":""},"class_list":["post-149734","page","type-page","status-publish","hentry"],"acf":[],"yoast_head":"<!-- This site is optimized with the Yoast SEO plugin v27.3 - https:\/\/yoast.com\/product\/yoast-seo-wordpress\/ -->\n<title>Landstingsplan 2013-2015 | KD V\u00e4sternorrland<\/title>\n<meta name=\"robots\" content=\"index, follow, max-snippet:-1, max-image-preview:large, max-video-preview:-1\" \/>\n<link rel=\"canonical\" href=\"https:\/\/wp.kristdemokraterna.se\/vasternorrland\/var-politik\/regionplaner\/landstingsplan-2013-2015\/\" \/>\n<meta property=\"og:locale\" content=\"sv_SE\" \/>\n<meta property=\"og:type\" content=\"article\" \/>\n<meta property=\"og:title\" content=\"Landstingsplan 2013-2015 | KD V\u00e4sternorrland\" \/>\n<meta property=\"og:description\" content=\"Landstingsplanen f\u00f6r \u00e5ren 2013\u20132015 har inriktningen att f\u00f6rverkliga landstingets vision:\u00a0Liv och h\u00e4lsa i V\u00e4sternorrland Landstingets verksamhet best\u00e5r av tre omr\u00e5den \u2013 h\u00e4lso- och sjukv\u00e5rd, tandv\u00e5rd och regional utveckling. Alla omr\u00e5den har stor betydelse f\u00f6r m\u00e4nniskors livskvalitet och h\u00e4lsa, liksom f\u00f6r l\u00e4nets attraktivitet och utveckling. Inom hela landstinget arbetar vi f\u00f6r att beh\u00e5lla en v\u00e4l fungerande Read More\" \/>\n<meta property=\"og:url\" content=\"https:\/\/wp.kristdemokraterna.se\/vasternorrland\/var-politik\/regionplaner\/landstingsplan-2013-2015\/\" \/>\n<meta property=\"og:site_name\" content=\"KD V\u00e4sternorrland\" \/>\n<meta property=\"article:publisher\" content=\"https:\/\/www.facebook.com\/kdrvn\/\" \/>\n<meta property=\"article:modified_time\" content=\"2020-05-10T14:01:50+00:00\" \/>\n<meta name=\"twitter:card\" content=\"summary_large_image\" \/>\n<meta name=\"twitter:label1\" content=\"Ber\u00e4knad l\u00e4stid\" \/>\n\t<meta name=\"twitter:data1\" content=\"3 minuter\" \/>\n<script type=\"application\/ld+json\" class=\"yoast-schema-graph\">{\"@context\":\"https:\\\/\\\/schema.org\",\"@graph\":[{\"@type\":\"WebPage\",\"@id\":\"https:\\\/\\\/wp.kristdemokraterna.se\\\/vasternorrland\\\/var-politik\\\/regionplaner\\\/landstingsplan-2013-2015\\\/\",\"url\":\"https:\\\/\\\/wp.kristdemokraterna.se\\\/vasternorrland\\\/var-politik\\\/regionplaner\\\/landstingsplan-2013-2015\\\/\",\"name\":\"Landstingsplan 2013-2015 | KD V\u00e4sternorrland\",\"isPartOf\":{\"@id\":\"https:\\\/\\\/wp.kristdemokraterna.se\\\/vasternorrland\\\/#website\"},\"datePublished\":\"2012-08-06T12:29:55+00:00\",\"dateModified\":\"2020-05-10T14:01:50+00:00\",\"breadcrumb\":{\"@id\":\"https:\\\/\\\/wp.kristdemokraterna.se\\\/vasternorrland\\\/var-politik\\\/regionplaner\\\/landstingsplan-2013-2015\\\/#breadcrumb\"},\"inLanguage\":\"sv-SE\",\"potentialAction\":[{\"@type\":\"ReadAction\",\"target\":[\"https:\\\/\\\/wp.kristdemokraterna.se\\\/vasternorrland\\\/var-politik\\\/regionplaner\\\/landstingsplan-2013-2015\\\/\"]}]},{\"@type\":\"BreadcrumbList\",\"@id\":\"https:\\\/\\\/wp.kristdemokraterna.se\\\/vasternorrland\\\/var-politik\\\/regionplaner\\\/landstingsplan-2013-2015\\\/#breadcrumb\",\"itemListElement\":[{\"@type\":\"ListItem\",\"position\":1,\"name\":\"Hem\",\"item\":\"https:\\\/\\\/wp.kristdemokraterna.se\\\/vasternorrland\\\/\"},{\"@type\":\"ListItem\",\"position\":2,\"name\":\"V\u00e5r politik\",\"item\":\"https:\\\/\\\/wp.kristdemokraterna.se\\\/vasternorrland\\\/var-politik\\\/\"},{\"@type\":\"ListItem\",\"position\":3,\"name\":\"Regionplaner\",\"item\":\"https:\\\/\\\/wp.kristdemokraterna.se\\\/vasternorrland\\\/var-politik\\\/regionplaner\\\/\"},{\"@type\":\"ListItem\",\"position\":4,\"name\":\"Landstingsplan 2013-2015\"}]},{\"@type\":\"WebSite\",\"@id\":\"https:\\\/\\\/wp.kristdemokraterna.se\\\/vasternorrland\\\/#website\",\"url\":\"https:\\\/\\\/wp.kristdemokraterna.se\\\/vasternorrland\\\/\",\"name\":\"KD V\u00e4sternorrland\",\"description\":\"V\u00e5rda v\u00e5rden - utveckla prim\u00e4rv\u00e5rden\",\"inLanguage\":\"sv-SE\"}]}<\/script>\n<!-- \/ Yoast SEO plugin. -->","yoast_head_json":{"title":"Landstingsplan 2013-2015 | KD V\u00e4sternorrland","robots":{"index":"index","follow":"follow","max-snippet":"max-snippet:-1","max-image-preview":"max-image-preview:large","max-video-preview":"max-video-preview:-1"},"canonical":"https:\/\/wp.kristdemokraterna.se\/vasternorrland\/var-politik\/regionplaner\/landstingsplan-2013-2015\/","og_locale":"sv_SE","og_type":"article","og_title":"Landstingsplan 2013-2015 | KD V\u00e4sternorrland","og_description":"Landstingsplanen f\u00f6r \u00e5ren 2013\u20132015 har inriktningen att f\u00f6rverkliga landstingets vision:\u00a0Liv och h\u00e4lsa i V\u00e4sternorrland Landstingets verksamhet best\u00e5r av tre omr\u00e5den \u2013 h\u00e4lso- och sjukv\u00e5rd, tandv\u00e5rd och regional utveckling. Alla omr\u00e5den har stor betydelse f\u00f6r m\u00e4nniskors livskvalitet och h\u00e4lsa, liksom f\u00f6r l\u00e4nets attraktivitet och utveckling. Inom hela landstinget arbetar vi f\u00f6r att beh\u00e5lla en v\u00e4l fungerande Read More","og_url":"https:\/\/wp.kristdemokraterna.se\/vasternorrland\/var-politik\/regionplaner\/landstingsplan-2013-2015\/","og_site_name":"KD V\u00e4sternorrland","article_publisher":"https:\/\/www.facebook.com\/kdrvn\/","article_modified_time":"2020-05-10T14:01:50+00:00","twitter_card":"summary_large_image","twitter_misc":{"Ber\u00e4knad l\u00e4stid":"3 minuter"},"schema":{"@context":"https:\/\/schema.org","@graph":[{"@type":"WebPage","@id":"https:\/\/wp.kristdemokraterna.se\/vasternorrland\/var-politik\/regionplaner\/landstingsplan-2013-2015\/","url":"https:\/\/wp.kristdemokraterna.se\/vasternorrland\/var-politik\/regionplaner\/landstingsplan-2013-2015\/","name":"Landstingsplan 2013-2015 | KD V\u00e4sternorrland","isPartOf":{"@id":"https:\/\/wp.kristdemokraterna.se\/vasternorrland\/#website"},"datePublished":"2012-08-06T12:29:55+00:00","dateModified":"2020-05-10T14:01:50+00:00","breadcrumb":{"@id":"https:\/\/wp.kristdemokraterna.se\/vasternorrland\/var-politik\/regionplaner\/landstingsplan-2013-2015\/#breadcrumb"},"inLanguage":"sv-SE","potentialAction":[{"@type":"ReadAction","target":["https:\/\/wp.kristdemokraterna.se\/vasternorrland\/var-politik\/regionplaner\/landstingsplan-2013-2015\/"]}]},{"@type":"BreadcrumbList","@id":"https:\/\/wp.kristdemokraterna.se\/vasternorrland\/var-politik\/regionplaner\/landstingsplan-2013-2015\/#breadcrumb","itemListElement":[{"@type":"ListItem","position":1,"name":"Hem","item":"https:\/\/wp.kristdemokraterna.se\/vasternorrland\/"},{"@type":"ListItem","position":2,"name":"V\u00e5r politik","item":"https:\/\/wp.kristdemokraterna.se\/vasternorrland\/var-politik\/"},{"@type":"ListItem","position":3,"name":"Regionplaner","item":"https:\/\/wp.kristdemokraterna.se\/vasternorrland\/var-politik\/regionplaner\/"},{"@type":"ListItem","position":4,"name":"Landstingsplan 2013-2015"}]},{"@type":"WebSite","@id":"https:\/\/wp.kristdemokraterna.se\/vasternorrland\/#website","url":"https:\/\/wp.kristdemokraterna.se\/vasternorrland\/","name":"KD V\u00e4sternorrland","description":"V\u00e5rda v\u00e5rden - utveckla prim\u00e4rv\u00e5rden","inLanguage":"sv-SE"}]}},"_links":{"self":[{"href":"https:\/\/wp.kristdemokraterna.se\/vasternorrland\/wp-json\/wp\/v2\/pages\/149734","targetHints":{"allow":["GET"]}}],"collection":[{"href":"https:\/\/wp.kristdemokraterna.se\/vasternorrland\/wp-json\/wp\/v2\/pages"}],"about":[{"href":"https:\/\/wp.kristdemokraterna.se\/vasternorrland\/wp-json\/wp\/v2\/types\/page"}],"author":[{"embeddable":true,"href":"https:\/\/wp.kristdemokraterna.se\/vasternorrland\/wp-json\/wp\/v2\/users\/787"}],"replies":[{"embeddable":true,"href":"https:\/\/wp.kristdemokraterna.se\/vasternorrland\/wp-json\/wp\/v2\/comments?post=149734"}],"version-history":[{"count":1,"href":"https:\/\/wp.kristdemokraterna.se\/vasternorrland\/wp-json\/wp\/v2\/pages\/149734\/revisions"}],"predecessor-version":[{"id":149735,"href":"https:\/\/wp.kristdemokraterna.se\/vasternorrland\/wp-json\/wp\/v2\/pages\/149734\/revisions\/149735"}],"up":[{"embeddable":true,"href":"https:\/\/wp.kristdemokraterna.se\/vasternorrland\/wp-json\/wp\/v2\/pages\/149701"}],"wp:attachment":[{"href":"https:\/\/wp.kristdemokraterna.se\/vasternorrland\/wp-json\/wp\/v2\/media?parent=149734"}],"curies":[{"name":"wp","href":"https:\/\/api.w.org\/{rel}","templated":true}]}}