{"id":149737,"date":"2010-08-06T14:31:16","date_gmt":"2010-08-06T12:31:16","guid":{"rendered":"http:\/\/wp.kristdemokraterna.se\/vasternorrland\/?page_id=149737"},"modified":"2020-05-10T16:01:42","modified_gmt":"2020-05-10T14:01:42","slug":"landstingsplan-2011-2013","status":"publish","type":"page","link":"https:\/\/wp.kristdemokraterna.se\/vasternorrland\/var-politik\/regionplaner\/landstingsplan-2011-2013\/","title":{"rendered":"Landstingsplan 2011\u20102013"},"content":{"rendered":"<h2>Inledning<\/h2>\n<p>Landstinget \u00e4gs av medborgarna, lyder under kommunallagen och verkar i medborgarnas tj\u00e4nst.<\/p>\n<p>Landstingets h\u00f6gsta beslutande organ, landstingsfullm\u00e4ktige, v\u00e4ljs i allm\u00e4nna val. Fullm\u00e4ktige v\u00e4ljer landstingsstyrelse med samma partipolitiska sammans\u00e4ttning som fullm\u00e4ktige. Styrelsens uppgift \u00e4r att se till att landstinget utf\u00f6r sina uppgifter och verkst\u00e4ller fullm\u00e4ktiges beslut. F\u00f6r detta anlitar landstinget s\u00e5v\u00e4l egna anst\u00e4llda som externa akt\u00f6rer. Oavsett vilka som utf\u00f6r tj\u00e4nsterna, \u00e4r det landstingsstyrets skyldighet att se till att all verksamhet bedrivs inom ramen f\u00f6r g\u00e4llande lagar och f\u00f6rordningar, att all verksamhet bedrivs s\u00e5 kostnadseffektivt som m\u00f6jligt och att all verksamhet h\u00e5ller h\u00f6g kvalitet.<\/p>\n<h2>Vision och verksamhetsid\u00e9<\/h2>\n<p>Genom att f\u00f6rebygga oh\u00e4lsa, erbjuda h\u00f6gkvalitativ sjukv\u00e5rd i god tid, minska sjukfr\u00e5nvaron i befolkningen, st\u00f6dja utbildning och forskning, skapa en b\u00e4ttre kollektivtrafik, bidra till ett rikt kulturliv och vara en central akt\u00f6r i regional utveckling, vill landstinget medverka till att g\u00f6ra V\u00e4sternorrland till ett l\u00e4n pr\u00e4glat av framg\u00e5ng och livskraft.<\/p>\n<p>Landstingets styre och verksamhet bygger p\u00e5 frihet, r\u00e4ttvisa, j\u00e4mlikhet, solidaritet och demokrati:<\/p>\n<ul>\n<li>Alla ska ha r\u00e4tt till god v\u00e5rd och frihet att v\u00e4lja v\u00e5rdgivare.<\/li>\n<li>F\u00f6rdelningen av sjukv\u00e5rdsresurser till befolkningen ska vara rimlig och r\u00e4ttvis. Nuvarande skillnader i v\u00e4ntetider till specialistv\u00e5rd ska j\u00e4mnas ut.<\/li>\n<li>I V\u00e4sternorrland ska h\u00e4lso- och sjukv\u00e5rden bli j\u00e4mlik och j\u00e4mst\u00e4lld<\/li>\n<li>Solidaritet med framtida generationer ska r\u00e5da, vilket omfattar s\u00e5v\u00e4l en l\u00e5ngsiktigt h\u00e5llbar ekonomi som en l\u00e5ngsiktigt h\u00e5llbar milj\u00f6.<\/li>\n<li>Demokrati, \u00f6ppenhet och transparens ska r\u00e5da i landstingets s\u00e4tt att styra och prioritera.<\/li>\n<\/ul>\n<p>Hans Hedlund, Centerpartiet<br \/>\nUlla Norgren, Folkpartiet Liberalerna<br \/>\nJacomina Beertema, Moderaterna<br \/>\nRoy Resare, Milj\u00f6partiet de gr\u00f6na<br \/>\nMona Hammarstedt, Kristdemokraterna<\/p>\n<p>F\u00f6r att l\u00e4sa hela v\u00e5rt gemensamma f\u00f6rslag till landstingsplan, ladda ner pdf-dokumentetet:\u00a0<a href=\"http:\/\/wp.kristdemokraterna.se\/vasternorrland\/files\/2016\/03\/landstingsplan-2011-2013-c-kd-l-m-och-mp.pdf\">Landstingsplan 2011-2013, C, KD, L, M och MP<\/a><\/p>\n","protected":false},"excerpt":{"rendered":"<p>Inledning Landstinget \u00e4gs av medborgarna, lyder under kommunallagen och verkar i medborgarnas tj\u00e4nst. Landstingets h\u00f6gsta beslutande organ, landstingsfullm\u00e4ktige, v\u00e4ljs i allm\u00e4nna val. Fullm\u00e4ktige v\u00e4ljer landstingsstyrelse med samma partipolitiska sammans\u00e4ttning som fullm\u00e4ktige. Styrelsens uppgift \u00e4r att se till att landstinget utf\u00f6r sina uppgifter och verkst\u00e4ller fullm\u00e4ktiges beslut. F\u00f6r detta anlitar landstinget s\u00e5v\u00e4l egna anst\u00e4llda som externa <a class=\"read-more-link\" href=\"https:\/\/wp.kristdemokraterna.se\/vasternorrland\/var-politik\/regionplaner\/landstingsplan-2011-2013\/\">Read More<\/a><\/p>\n","protected":false},"author":787,"featured_media":0,"parent":149701,"menu_order":2011,"comment_status":"closed","ping_status":"closed","template":"","meta":{"_acf_changed":false,"footnotes":""},"class_list":["post-149737","page","type-page","status-publish","hentry"],"acf":[],"yoast_head":"<!-- This site is optimized with the Yoast SEO plugin v27.3 - https:\/\/yoast.com\/product\/yoast-seo-wordpress\/ -->\n<title>Landstingsplan 2011\u20102013 | KD V\u00e4sternorrland<\/title>\n<meta name=\"robots\" content=\"index, follow, max-snippet:-1, max-image-preview:large, max-video-preview:-1\" \/>\n<link rel=\"canonical\" href=\"https:\/\/wp.kristdemokraterna.se\/vasternorrland\/var-politik\/regionplaner\/landstingsplan-2011-2013\/\" \/>\n<meta property=\"og:locale\" content=\"sv_SE\" \/>\n<meta property=\"og:type\" content=\"article\" \/>\n<meta property=\"og:title\" content=\"Landstingsplan 2011\u20102013 | KD V\u00e4sternorrland\" \/>\n<meta property=\"og:description\" content=\"Inledning Landstinget \u00e4gs av medborgarna, lyder under kommunallagen och verkar i medborgarnas tj\u00e4nst. Landstingets h\u00f6gsta beslutande organ, landstingsfullm\u00e4ktige, v\u00e4ljs i allm\u00e4nna val. Fullm\u00e4ktige v\u00e4ljer landstingsstyrelse med samma partipolitiska sammans\u00e4ttning som fullm\u00e4ktige. Styrelsens uppgift \u00e4r att se till att landstinget utf\u00f6r sina uppgifter och verkst\u00e4ller fullm\u00e4ktiges beslut. F\u00f6r detta anlitar landstinget s\u00e5v\u00e4l egna anst\u00e4llda som externa Read More\" \/>\n<meta property=\"og:url\" content=\"https:\/\/wp.kristdemokraterna.se\/vasternorrland\/var-politik\/regionplaner\/landstingsplan-2011-2013\/\" \/>\n<meta property=\"og:site_name\" content=\"KD V\u00e4sternorrland\" \/>\n<meta property=\"article:publisher\" content=\"https:\/\/www.facebook.com\/kdrvn\/\" \/>\n<meta property=\"article:modified_time\" content=\"2020-05-10T14:01:42+00:00\" \/>\n<meta name=\"twitter:card\" content=\"summary_large_image\" \/>\n<meta name=\"twitter:label1\" content=\"Ber\u00e4knad l\u00e4stid\" \/>\n\t<meta name=\"twitter:data1\" content=\"2 minuter\" \/>\n<script type=\"application\/ld+json\" class=\"yoast-schema-graph\">{\"@context\":\"https:\\\/\\\/schema.org\",\"@graph\":[{\"@type\":\"WebPage\",\"@id\":\"https:\\\/\\\/wp.kristdemokraterna.se\\\/vasternorrland\\\/var-politik\\\/regionplaner\\\/landstingsplan-2011-2013\\\/\",\"url\":\"https:\\\/\\\/wp.kristdemokraterna.se\\\/vasternorrland\\\/var-politik\\\/regionplaner\\\/landstingsplan-2011-2013\\\/\",\"name\":\"Landstingsplan 2011\u20102013 | KD V\u00e4sternorrland\",\"isPartOf\":{\"@id\":\"https:\\\/\\\/wp.kristdemokraterna.se\\\/vasternorrland\\\/#website\"},\"datePublished\":\"2010-08-06T12:31:16+00:00\",\"dateModified\":\"2020-05-10T14:01:42+00:00\",\"breadcrumb\":{\"@id\":\"https:\\\/\\\/wp.kristdemokraterna.se\\\/vasternorrland\\\/var-politik\\\/regionplaner\\\/landstingsplan-2011-2013\\\/#breadcrumb\"},\"inLanguage\":\"sv-SE\",\"potentialAction\":[{\"@type\":\"ReadAction\",\"target\":[\"https:\\\/\\\/wp.kristdemokraterna.se\\\/vasternorrland\\\/var-politik\\\/regionplaner\\\/landstingsplan-2011-2013\\\/\"]}]},{\"@type\":\"BreadcrumbList\",\"@id\":\"https:\\\/\\\/wp.kristdemokraterna.se\\\/vasternorrland\\\/var-politik\\\/regionplaner\\\/landstingsplan-2011-2013\\\/#breadcrumb\",\"itemListElement\":[{\"@type\":\"ListItem\",\"position\":1,\"name\":\"Hem\",\"item\":\"https:\\\/\\\/wp.kristdemokraterna.se\\\/vasternorrland\\\/\"},{\"@type\":\"ListItem\",\"position\":2,\"name\":\"V\u00e5r politik\",\"item\":\"https:\\\/\\\/wp.kristdemokraterna.se\\\/vasternorrland\\\/var-politik\\\/\"},{\"@type\":\"ListItem\",\"position\":3,\"name\":\"Regionplaner\",\"item\":\"https:\\\/\\\/wp.kristdemokraterna.se\\\/vasternorrland\\\/var-politik\\\/regionplaner\\\/\"},{\"@type\":\"ListItem\",\"position\":4,\"name\":\"Landstingsplan 2011\u20102013\"}]},{\"@type\":\"WebSite\",\"@id\":\"https:\\\/\\\/wp.kristdemokraterna.se\\\/vasternorrland\\\/#website\",\"url\":\"https:\\\/\\\/wp.kristdemokraterna.se\\\/vasternorrland\\\/\",\"name\":\"KD V\u00e4sternorrland\",\"description\":\"V\u00e5rda v\u00e5rden - utveckla prim\u00e4rv\u00e5rden\",\"inLanguage\":\"sv-SE\"}]}<\/script>\n<!-- \/ Yoast SEO plugin. -->","yoast_head_json":{"title":"Landstingsplan 2011\u20102013 | KD V\u00e4sternorrland","robots":{"index":"index","follow":"follow","max-snippet":"max-snippet:-1","max-image-preview":"max-image-preview:large","max-video-preview":"max-video-preview:-1"},"canonical":"https:\/\/wp.kristdemokraterna.se\/vasternorrland\/var-politik\/regionplaner\/landstingsplan-2011-2013\/","og_locale":"sv_SE","og_type":"article","og_title":"Landstingsplan 2011\u20102013 | KD V\u00e4sternorrland","og_description":"Inledning Landstinget \u00e4gs av medborgarna, lyder under kommunallagen och verkar i medborgarnas tj\u00e4nst. Landstingets h\u00f6gsta beslutande organ, landstingsfullm\u00e4ktige, v\u00e4ljs i allm\u00e4nna val. Fullm\u00e4ktige v\u00e4ljer landstingsstyrelse med samma partipolitiska sammans\u00e4ttning som fullm\u00e4ktige. Styrelsens uppgift \u00e4r att se till att landstinget utf\u00f6r sina uppgifter och verkst\u00e4ller fullm\u00e4ktiges beslut. F\u00f6r detta anlitar landstinget s\u00e5v\u00e4l egna anst\u00e4llda som externa Read More","og_url":"https:\/\/wp.kristdemokraterna.se\/vasternorrland\/var-politik\/regionplaner\/landstingsplan-2011-2013\/","og_site_name":"KD V\u00e4sternorrland","article_publisher":"https:\/\/www.facebook.com\/kdrvn\/","article_modified_time":"2020-05-10T14:01:42+00:00","twitter_card":"summary_large_image","twitter_misc":{"Ber\u00e4knad l\u00e4stid":"2 minuter"},"schema":{"@context":"https:\/\/schema.org","@graph":[{"@type":"WebPage","@id":"https:\/\/wp.kristdemokraterna.se\/vasternorrland\/var-politik\/regionplaner\/landstingsplan-2011-2013\/","url":"https:\/\/wp.kristdemokraterna.se\/vasternorrland\/var-politik\/regionplaner\/landstingsplan-2011-2013\/","name":"Landstingsplan 2011\u20102013 | KD V\u00e4sternorrland","isPartOf":{"@id":"https:\/\/wp.kristdemokraterna.se\/vasternorrland\/#website"},"datePublished":"2010-08-06T12:31:16+00:00","dateModified":"2020-05-10T14:01:42+00:00","breadcrumb":{"@id":"https:\/\/wp.kristdemokraterna.se\/vasternorrland\/var-politik\/regionplaner\/landstingsplan-2011-2013\/#breadcrumb"},"inLanguage":"sv-SE","potentialAction":[{"@type":"ReadAction","target":["https:\/\/wp.kristdemokraterna.se\/vasternorrland\/var-politik\/regionplaner\/landstingsplan-2011-2013\/"]}]},{"@type":"BreadcrumbList","@id":"https:\/\/wp.kristdemokraterna.se\/vasternorrland\/var-politik\/regionplaner\/landstingsplan-2011-2013\/#breadcrumb","itemListElement":[{"@type":"ListItem","position":1,"name":"Hem","item":"https:\/\/wp.kristdemokraterna.se\/vasternorrland\/"},{"@type":"ListItem","position":2,"name":"V\u00e5r politik","item":"https:\/\/wp.kristdemokraterna.se\/vasternorrland\/var-politik\/"},{"@type":"ListItem","position":3,"name":"Regionplaner","item":"https:\/\/wp.kristdemokraterna.se\/vasternorrland\/var-politik\/regionplaner\/"},{"@type":"ListItem","position":4,"name":"Landstingsplan 2011\u20102013"}]},{"@type":"WebSite","@id":"https:\/\/wp.kristdemokraterna.se\/vasternorrland\/#website","url":"https:\/\/wp.kristdemokraterna.se\/vasternorrland\/","name":"KD V\u00e4sternorrland","description":"V\u00e5rda v\u00e5rden - utveckla prim\u00e4rv\u00e5rden","inLanguage":"sv-SE"}]}},"_links":{"self":[{"href":"https:\/\/wp.kristdemokraterna.se\/vasternorrland\/wp-json\/wp\/v2\/pages\/149737","targetHints":{"allow":["GET"]}}],"collection":[{"href":"https:\/\/wp.kristdemokraterna.se\/vasternorrland\/wp-json\/wp\/v2\/pages"}],"about":[{"href":"https:\/\/wp.kristdemokraterna.se\/vasternorrland\/wp-json\/wp\/v2\/types\/page"}],"author":[{"embeddable":true,"href":"https:\/\/wp.kristdemokraterna.se\/vasternorrland\/wp-json\/wp\/v2\/users\/787"}],"replies":[{"embeddable":true,"href":"https:\/\/wp.kristdemokraterna.se\/vasternorrland\/wp-json\/wp\/v2\/comments?post=149737"}],"version-history":[{"count":1,"href":"https:\/\/wp.kristdemokraterna.se\/vasternorrland\/wp-json\/wp\/v2\/pages\/149737\/revisions"}],"predecessor-version":[{"id":149738,"href":"https:\/\/wp.kristdemokraterna.se\/vasternorrland\/wp-json\/wp\/v2\/pages\/149737\/revisions\/149738"}],"up":[{"embeddable":true,"href":"https:\/\/wp.kristdemokraterna.se\/vasternorrland\/wp-json\/wp\/v2\/pages\/149701"}],"wp:attachment":[{"href":"https:\/\/wp.kristdemokraterna.se\/vasternorrland\/wp-json\/wp\/v2\/media?parent=149737"}],"curies":[{"name":"wp","href":"https:\/\/api.w.org\/{rel}","templated":true}]}}