{"id":149743,"date":"2008-01-29T14:35:43","date_gmt":"2008-01-29T13:35:43","guid":{"rendered":"http:\/\/wp.kristdemokraterna.se\/vasternorrland\/?page_id=149743"},"modified":"2020-05-10T16:01:30","modified_gmt":"2020-05-10T14:01:30","slug":"landstingsplan-2009-2011","status":"publish","type":"page","link":"https:\/\/wp.kristdemokraterna.se\/vasternorrland\/var-politik\/regionplaner\/landstingsplan-2009-2011\/","title":{"rendered":"Landstingsplan 2009-2011"},"content":{"rendered":"<p>Gemensam landstingsplan 2009 \u2013 2011 f\u00f6r de sex oppositionspartierna 2008-01-29<\/p>\n<h2>Inledning<\/h2>\n<p>Landstingets fr\u00e4msta uppgift \u00e4r att erbjuda l\u00e4nsinv\u00e5narna en god h\u00e4lso- och sjukv\u00e5rd inom rimligt avst\u00e5nd och tid och p\u00e5 lika villkor f\u00f6r alla som bor i l\u00e4net. H\u00e4lso- och sjukv\u00e5rden genomg\u00e5r en snabb vetenskaplig och teknisk utveckling som kr\u00e4ver allt mer ekonomiska resurser. F\u00f6r att kunna ta del av den utvecklingen kr\u00e4vs ekonomiska marginaler. Landstinget st\u00f6rsta utmaning \u00e4r d\u00e4rf\u00f6r att organisera och rationalisera f\u00f6r att p\u00e5 s\u00e5 s\u00e4tt f\u00e5 en v\u00e4lfungerande sammanh\u00e5llen v\u00e5rdkedja och en kostnadseffektiv produktion. Landstinget b\u00f6r ocks\u00e5 ta fram en analys som kan anv\u00e4ndas som underlag f\u00f6r en politisk diskussion om Landstingets framtida utvecklingsf\u00f6ruts\u00e4ttningar.<\/p>\n<p>Landstinget har ocks\u00e5 ett stort ansvar f\u00f6r l\u00e4nets utveckling. Det regionala perspektivet \u00e4r en viktig del i samh\u00e4llsutvecklingen. Landstinget, som \u00e4r en av l\u00e4nets st\u00f6rsta akt\u00f6rer har stor betydelse f\u00f6r tillv\u00e4xt och utveckling genom att verksamheten \u00e4r spridd \u00f6ver hela l\u00e4net. P\u00e5 sm\u00e5 orter kan landstingets verksamhet ha en avg\u00f6rande betydelse f\u00f6r bygdens framtid. Det regionala utvecklingsarbetet kr\u00e4ver samverkan med andra akt\u00f6rer som kommuner, l\u00e4nsstyrelse och statliga myndigheter, bl a f\u00f6r att p\u00e5 olika s\u00e4tt f\u00f6rmera de medel som avs\u00e4tts genom gemensamma projekt. Det \u00e4r viktigt att ocks\u00e5 n\u00e4ringslivet b\u00e5de l\u00e4nsvis och lokalt knyts till detta samarbete. Vi vill st\u00e4rka de f\u00f6rtroendevaldas roll inom l\u00e4nsutvecklingen och d\u00e4rigenom samla, effektivisera och demokratisera l\u00e4nets styrning.<\/p>\n<p>F\u00f6r att trygga en god h\u00e4lso- och sjukv\u00e5rd nu och i framtiden m\u00e5ste de ekonomiska ramarna h\u00e5llas. Landstingets politiska majoritet har under m\u00e5nga \u00e5r underl\u00e5tit att styra kostnadsutvecklingen. Det \u00e4r oacceptabelt att v\u00e5rt landsting har h\u00f6gre kostnader utan att ge b\u00e4ttre v\u00e5rd \u00e4n andra landsting. Situationen kr\u00e4ver b\u00e4ttre analyser. Det \u00e4r helt uteslutet med ytterligare skatteh\u00f6jningar! Erfarenheten visar att dessa \u00f6kar kostnaderna och g\u00f6r l\u00e4net mindre attraktivt att arbeta och bo i.<\/p>\n<p>Moderaternas, centerpartiets, sjukv\u00e5rdspartiets, kristdemokraternas, folkpartiets och milj\u00f6partiets f\u00f6retr\u00e4dare i landstinget V\u00e4sternorrland har d\u00e4rf\u00f6r enats om en gemensam landstingsplan som inneb\u00e4r en l\u00e5ngsiktigt h\u00e5llbar politik f\u00f6r framtidens v\u00e5rd och l\u00e4nets utveckling.<\/p>\n<p>F\u00f6r att l\u00e4sa hela v\u00e5rt gemensamma f\u00f6rslag till landstingsplan, ladda ner pdf-dokumentetet:\u00a0<a href=\"http:\/\/wp.kristdemokraterna.se\/vasternorrland\/files\/2018\/08\/landstingsplan-2009-2011-oppositionen.pdf\">Landstingsplan 2009-2011 oppositionen<\/a><\/p>\n","protected":false},"excerpt":{"rendered":"<p>Gemensam landstingsplan 2009 \u2013 2011 f\u00f6r de sex oppositionspartierna 2008-01-29 Inledning Landstingets fr\u00e4msta uppgift \u00e4r att erbjuda l\u00e4nsinv\u00e5narna en god h\u00e4lso- och sjukv\u00e5rd inom rimligt avst\u00e5nd och tid och p\u00e5 lika villkor f\u00f6r alla som bor i l\u00e4net. H\u00e4lso- och sjukv\u00e5rden genomg\u00e5r en snabb vetenskaplig och teknisk utveckling som kr\u00e4ver allt mer ekonomiska resurser. F\u00f6r <a class=\"read-more-link\" href=\"https:\/\/wp.kristdemokraterna.se\/vasternorrland\/var-politik\/regionplaner\/landstingsplan-2009-2011\/\">Read More<\/a><\/p>\n","protected":false},"author":787,"featured_media":0,"parent":149701,"menu_order":2009,"comment_status":"closed","ping_status":"closed","template":"","meta":{"_acf_changed":false,"footnotes":""},"class_list":["post-149743","page","type-page","status-publish","hentry"],"acf":[],"yoast_head":"<!-- This site is optimized with the Yoast SEO plugin v27.3 - https:\/\/yoast.com\/product\/yoast-seo-wordpress\/ -->\n<title>Landstingsplan 2009-2011 | KD V\u00e4sternorrland<\/title>\n<meta name=\"robots\" content=\"index, follow, max-snippet:-1, max-image-preview:large, max-video-preview:-1\" \/>\n<link rel=\"canonical\" href=\"https:\/\/wp.kristdemokraterna.se\/vasternorrland\/var-politik\/regionplaner\/landstingsplan-2009-2011\/\" \/>\n<meta property=\"og:locale\" content=\"sv_SE\" \/>\n<meta property=\"og:type\" content=\"article\" \/>\n<meta property=\"og:title\" content=\"Landstingsplan 2009-2011 | KD V\u00e4sternorrland\" \/>\n<meta property=\"og:description\" content=\"Gemensam landstingsplan 2009 \u2013 2011 f\u00f6r de sex oppositionspartierna 2008-01-29 Inledning Landstingets fr\u00e4msta uppgift \u00e4r att erbjuda l\u00e4nsinv\u00e5narna en god h\u00e4lso- och sjukv\u00e5rd inom rimligt avst\u00e5nd och tid och p\u00e5 lika villkor f\u00f6r alla som bor i l\u00e4net. H\u00e4lso- och sjukv\u00e5rden genomg\u00e5r en snabb vetenskaplig och teknisk utveckling som kr\u00e4ver allt mer ekonomiska resurser. F\u00f6r Read More\" \/>\n<meta property=\"og:url\" content=\"https:\/\/wp.kristdemokraterna.se\/vasternorrland\/var-politik\/regionplaner\/landstingsplan-2009-2011\/\" \/>\n<meta property=\"og:site_name\" content=\"KD V\u00e4sternorrland\" \/>\n<meta property=\"article:publisher\" content=\"https:\/\/www.facebook.com\/kdrvn\/\" \/>\n<meta property=\"article:modified_time\" content=\"2020-05-10T14:01:30+00:00\" \/>\n<meta name=\"twitter:card\" content=\"summary_large_image\" \/>\n<meta name=\"twitter:label1\" content=\"Ber\u00e4knad l\u00e4stid\" \/>\n\t<meta name=\"twitter:data1\" content=\"2 minuter\" \/>\n<script type=\"application\/ld+json\" class=\"yoast-schema-graph\">{\"@context\":\"https:\\\/\\\/schema.org\",\"@graph\":[{\"@type\":\"WebPage\",\"@id\":\"https:\\\/\\\/wp.kristdemokraterna.se\\\/vasternorrland\\\/var-politik\\\/regionplaner\\\/landstingsplan-2009-2011\\\/\",\"url\":\"https:\\\/\\\/wp.kristdemokraterna.se\\\/vasternorrland\\\/var-politik\\\/regionplaner\\\/landstingsplan-2009-2011\\\/\",\"name\":\"Landstingsplan 2009-2011 | KD V\u00e4sternorrland\",\"isPartOf\":{\"@id\":\"https:\\\/\\\/wp.kristdemokraterna.se\\\/vasternorrland\\\/#website\"},\"datePublished\":\"2008-01-29T13:35:43+00:00\",\"dateModified\":\"2020-05-10T14:01:30+00:00\",\"breadcrumb\":{\"@id\":\"https:\\\/\\\/wp.kristdemokraterna.se\\\/vasternorrland\\\/var-politik\\\/regionplaner\\\/landstingsplan-2009-2011\\\/#breadcrumb\"},\"inLanguage\":\"sv-SE\",\"potentialAction\":[{\"@type\":\"ReadAction\",\"target\":[\"https:\\\/\\\/wp.kristdemokraterna.se\\\/vasternorrland\\\/var-politik\\\/regionplaner\\\/landstingsplan-2009-2011\\\/\"]}]},{\"@type\":\"BreadcrumbList\",\"@id\":\"https:\\\/\\\/wp.kristdemokraterna.se\\\/vasternorrland\\\/var-politik\\\/regionplaner\\\/landstingsplan-2009-2011\\\/#breadcrumb\",\"itemListElement\":[{\"@type\":\"ListItem\",\"position\":1,\"name\":\"Hem\",\"item\":\"https:\\\/\\\/wp.kristdemokraterna.se\\\/vasternorrland\\\/\"},{\"@type\":\"ListItem\",\"position\":2,\"name\":\"V\u00e5r politik\",\"item\":\"https:\\\/\\\/wp.kristdemokraterna.se\\\/vasternorrland\\\/var-politik\\\/\"},{\"@type\":\"ListItem\",\"position\":3,\"name\":\"Regionplaner\",\"item\":\"https:\\\/\\\/wp.kristdemokraterna.se\\\/vasternorrland\\\/var-politik\\\/regionplaner\\\/\"},{\"@type\":\"ListItem\",\"position\":4,\"name\":\"Landstingsplan 2009-2011\"}]},{\"@type\":\"WebSite\",\"@id\":\"https:\\\/\\\/wp.kristdemokraterna.se\\\/vasternorrland\\\/#website\",\"url\":\"https:\\\/\\\/wp.kristdemokraterna.se\\\/vasternorrland\\\/\",\"name\":\"KD V\u00e4sternorrland\",\"description\":\"V\u00e5rda v\u00e5rden - utveckla prim\u00e4rv\u00e5rden\",\"inLanguage\":\"sv-SE\"}]}<\/script>\n<!-- \/ Yoast SEO plugin. -->","yoast_head_json":{"title":"Landstingsplan 2009-2011 | KD V\u00e4sternorrland","robots":{"index":"index","follow":"follow","max-snippet":"max-snippet:-1","max-image-preview":"max-image-preview:large","max-video-preview":"max-video-preview:-1"},"canonical":"https:\/\/wp.kristdemokraterna.se\/vasternorrland\/var-politik\/regionplaner\/landstingsplan-2009-2011\/","og_locale":"sv_SE","og_type":"article","og_title":"Landstingsplan 2009-2011 | KD V\u00e4sternorrland","og_description":"Gemensam landstingsplan 2009 \u2013 2011 f\u00f6r de sex oppositionspartierna 2008-01-29 Inledning Landstingets fr\u00e4msta uppgift \u00e4r att erbjuda l\u00e4nsinv\u00e5narna en god h\u00e4lso- och sjukv\u00e5rd inom rimligt avst\u00e5nd och tid och p\u00e5 lika villkor f\u00f6r alla som bor i l\u00e4net. H\u00e4lso- och sjukv\u00e5rden genomg\u00e5r en snabb vetenskaplig och teknisk utveckling som kr\u00e4ver allt mer ekonomiska resurser. F\u00f6r Read More","og_url":"https:\/\/wp.kristdemokraterna.se\/vasternorrland\/var-politik\/regionplaner\/landstingsplan-2009-2011\/","og_site_name":"KD V\u00e4sternorrland","article_publisher":"https:\/\/www.facebook.com\/kdrvn\/","article_modified_time":"2020-05-10T14:01:30+00:00","twitter_card":"summary_large_image","twitter_misc":{"Ber\u00e4knad l\u00e4stid":"2 minuter"},"schema":{"@context":"https:\/\/schema.org","@graph":[{"@type":"WebPage","@id":"https:\/\/wp.kristdemokraterna.se\/vasternorrland\/var-politik\/regionplaner\/landstingsplan-2009-2011\/","url":"https:\/\/wp.kristdemokraterna.se\/vasternorrland\/var-politik\/regionplaner\/landstingsplan-2009-2011\/","name":"Landstingsplan 2009-2011 | KD V\u00e4sternorrland","isPartOf":{"@id":"https:\/\/wp.kristdemokraterna.se\/vasternorrland\/#website"},"datePublished":"2008-01-29T13:35:43+00:00","dateModified":"2020-05-10T14:01:30+00:00","breadcrumb":{"@id":"https:\/\/wp.kristdemokraterna.se\/vasternorrland\/var-politik\/regionplaner\/landstingsplan-2009-2011\/#breadcrumb"},"inLanguage":"sv-SE","potentialAction":[{"@type":"ReadAction","target":["https:\/\/wp.kristdemokraterna.se\/vasternorrland\/var-politik\/regionplaner\/landstingsplan-2009-2011\/"]}]},{"@type":"BreadcrumbList","@id":"https:\/\/wp.kristdemokraterna.se\/vasternorrland\/var-politik\/regionplaner\/landstingsplan-2009-2011\/#breadcrumb","itemListElement":[{"@type":"ListItem","position":1,"name":"Hem","item":"https:\/\/wp.kristdemokraterna.se\/vasternorrland\/"},{"@type":"ListItem","position":2,"name":"V\u00e5r politik","item":"https:\/\/wp.kristdemokraterna.se\/vasternorrland\/var-politik\/"},{"@type":"ListItem","position":3,"name":"Regionplaner","item":"https:\/\/wp.kristdemokraterna.se\/vasternorrland\/var-politik\/regionplaner\/"},{"@type":"ListItem","position":4,"name":"Landstingsplan 2009-2011"}]},{"@type":"WebSite","@id":"https:\/\/wp.kristdemokraterna.se\/vasternorrland\/#website","url":"https:\/\/wp.kristdemokraterna.se\/vasternorrland\/","name":"KD V\u00e4sternorrland","description":"V\u00e5rda v\u00e5rden - utveckla prim\u00e4rv\u00e5rden","inLanguage":"sv-SE"}]}},"_links":{"self":[{"href":"https:\/\/wp.kristdemokraterna.se\/vasternorrland\/wp-json\/wp\/v2\/pages\/149743","targetHints":{"allow":["GET"]}}],"collection":[{"href":"https:\/\/wp.kristdemokraterna.se\/vasternorrland\/wp-json\/wp\/v2\/pages"}],"about":[{"href":"https:\/\/wp.kristdemokraterna.se\/vasternorrland\/wp-json\/wp\/v2\/types\/page"}],"author":[{"embeddable":true,"href":"https:\/\/wp.kristdemokraterna.se\/vasternorrland\/wp-json\/wp\/v2\/users\/787"}],"replies":[{"embeddable":true,"href":"https:\/\/wp.kristdemokraterna.se\/vasternorrland\/wp-json\/wp\/v2\/comments?post=149743"}],"version-history":[{"count":1,"href":"https:\/\/wp.kristdemokraterna.se\/vasternorrland\/wp-json\/wp\/v2\/pages\/149743\/revisions"}],"predecessor-version":[{"id":149744,"href":"https:\/\/wp.kristdemokraterna.se\/vasternorrland\/wp-json\/wp\/v2\/pages\/149743\/revisions\/149744"}],"up":[{"embeddable":true,"href":"https:\/\/wp.kristdemokraterna.se\/vasternorrland\/wp-json\/wp\/v2\/pages\/149701"}],"wp:attachment":[{"href":"https:\/\/wp.kristdemokraterna.se\/vasternorrland\/wp-json\/wp\/v2\/media?parent=149743"}],"curies":[{"name":"wp","href":"https:\/\/api.w.org\/{rel}","templated":true}]}}