{"id":167261,"date":"2019-02-13T11:37:14","date_gmt":"2019-02-13T10:37:14","guid":{"rendered":"http:\/\/wp.kristdemokraterna.se\/vasternorrland\/?page_id=167261"},"modified":"2020-02-11T12:31:51","modified_gmt":"2020-02-11T11:31:51","slug":"bilder","status":"publish","type":"page","link":"https:\/\/wp.kristdemokraterna.se\/vasternorrland\/media\/bilder\/","title":{"rendered":"Bilder"},"content":{"rendered":"<h2>Egna bilder<\/h2>\n<p>Bilder markerade med Foto: Kristdemokraterna V\u00e4sternorrland f\u00e5r inte anv\u00e4ndas utanf\u00f6r webbplatsen. F\u00f6r bilder som \u00e4r sl\u00e4ppta av fotografen under Creative Commons st\u00e5r licens inom parentes l\u00e4ngst ned i varje artikel alternativt intill bilden.<\/p>\n<h2>Bilder fr\u00e5n Pixabay<\/h2>\n<p>Bilder fr\u00e5n <a href=\"https:\/\/pixabay.com\/sv\/\">Pixabay<\/a> \u00e4r fria att anv\u00e4nda och sl\u00e4ppta under <a href=\"https:\/\/pixabay.com\/sv\/service\/license\/\">Pixabay License<\/a>.<\/p>\n<h2>Bilder fr\u00e5n Pxhere<\/h2>\n<p>Bilder fr\u00e5n <a href=\"https:\/\/pxhere.com\">Pxhere<\/a> \u00e4r fria att anv\u00e4nda och sl\u00e4ppta under <a href=\"https:\/\/creativecommons.org\/publicdomain\/zero\/1.0\/deed.sv\">Creative Commons Zero 1.0<\/a>.<\/p>\n<h2>Bilder fr\u00e5n Wikimedia Commons<\/h2>\n<p>N\u00e5gra f\u00e5 p\u00e5 v\u00e5r webbplats \u00e4r fr\u00e5n <a href=\"https:\/\/commons.wikimedia.org\/wiki\/Main_Page?uselang=sv\">Wikimedia Commons<\/a>. Precis som f\u00f6r \u00f6vriga bilder st\u00e5r information om licens f\u00f6r anv\u00e4ndning av respektive bild i varje artikel.<\/p>\n","protected":false},"excerpt":{"rendered":"<p>Egna bilder Bilder markerade med Foto: Kristdemokraterna V\u00e4sternorrland f\u00e5r inte anv\u00e4ndas utanf\u00f6r webbplatsen. F\u00f6r bilder som \u00e4r sl\u00e4ppta av fotografen under Creative Commons st\u00e5r licens inom parentes l\u00e4ngst ned i varje artikel alternativt intill bilden. Bilder fr\u00e5n Pixabay Bilder fr\u00e5n Pixabay \u00e4r fria att anv\u00e4nda och sl\u00e4ppta under Pixabay License. Bilder fr\u00e5n Pxhere Bilder fr\u00e5n <a class=\"read-more-link\" href=\"https:\/\/wp.kristdemokraterna.se\/vasternorrland\/media\/bilder\/\">Read More<\/a><\/p>\n","protected":false},"author":787,"featured_media":0,"parent":128648,"menu_order":0,"comment_status":"closed","ping_status":"closed","template":"page-full.php","meta":{"_acf_changed":false,"footnotes":""},"class_list":["post-167261","page","type-page","status-publish","hentry"],"acf":[],"yoast_head":"<!-- This site is optimized with the Yoast SEO plugin v27.4 - https:\/\/yoast.com\/product\/yoast-seo-wordpress\/ -->\n<title>Bilder | KD V\u00e4sternorrland<\/title>\n<meta name=\"robots\" content=\"index, follow, max-snippet:-1, max-image-preview:large, max-video-preview:-1\" \/>\n<link rel=\"canonical\" href=\"https:\/\/wp.kristdemokraterna.se\/vasternorrland\/media\/bilder\/\" \/>\n<meta property=\"og:locale\" content=\"sv_SE\" \/>\n<meta property=\"og:type\" content=\"article\" \/>\n<meta property=\"og:title\" content=\"Bilder | KD V\u00e4sternorrland\" \/>\n<meta property=\"og:description\" content=\"Egna bilder Bilder markerade med Foto: Kristdemokraterna V\u00e4sternorrland f\u00e5r inte anv\u00e4ndas utanf\u00f6r webbplatsen. F\u00f6r bilder som \u00e4r sl\u00e4ppta av fotografen under Creative Commons st\u00e5r licens inom parentes l\u00e4ngst ned i varje artikel alternativt intill bilden. Bilder fr\u00e5n Pixabay Bilder fr\u00e5n Pixabay \u00e4r fria att anv\u00e4nda och sl\u00e4ppta under Pixabay License. Bilder fr\u00e5n Pxhere Bilder fr\u00e5n Read More\" \/>\n<meta property=\"og:url\" content=\"https:\/\/wp.kristdemokraterna.se\/vasternorrland\/media\/bilder\/\" \/>\n<meta property=\"og:site_name\" content=\"KD V\u00e4sternorrland\" \/>\n<meta property=\"article:publisher\" content=\"https:\/\/www.facebook.com\/kdrvn\/\" \/>\n<meta property=\"article:modified_time\" content=\"2020-02-11T11:31:51+00:00\" \/>\n<meta name=\"twitter:card\" content=\"summary_large_image\" \/>\n<meta name=\"twitter:label1\" content=\"Ber\u00e4knad l\u00e4stid\" \/>\n\t<meta name=\"twitter:data1\" content=\"1 minut\" \/>\n<script type=\"application\/ld+json\" class=\"yoast-schema-graph\">{\"@context\":\"https:\\\/\\\/schema.org\",\"@graph\":[{\"@type\":\"WebPage\",\"@id\":\"https:\\\/\\\/wp.kristdemokraterna.se\\\/vasternorrland\\\/media\\\/bilder\\\/\",\"url\":\"https:\\\/\\\/wp.kristdemokraterna.se\\\/vasternorrland\\\/media\\\/bilder\\\/\",\"name\":\"Bilder | KD V\u00e4sternorrland\",\"isPartOf\":{\"@id\":\"https:\\\/\\\/wp.kristdemokraterna.se\\\/vasternorrland\\\/#website\"},\"datePublished\":\"2019-02-13T10:37:14+00:00\",\"dateModified\":\"2020-02-11T11:31:51+00:00\",\"breadcrumb\":{\"@id\":\"https:\\\/\\\/wp.kristdemokraterna.se\\\/vasternorrland\\\/media\\\/bilder\\\/#breadcrumb\"},\"inLanguage\":\"sv-SE\",\"potentialAction\":[{\"@type\":\"ReadAction\",\"target\":[\"https:\\\/\\\/wp.kristdemokraterna.se\\\/vasternorrland\\\/media\\\/bilder\\\/\"]}]},{\"@type\":\"BreadcrumbList\",\"@id\":\"https:\\\/\\\/wp.kristdemokraterna.se\\\/vasternorrland\\\/media\\\/bilder\\\/#breadcrumb\",\"itemListElement\":[{\"@type\":\"ListItem\",\"position\":1,\"name\":\"Hem\",\"item\":\"https:\\\/\\\/wp.kristdemokraterna.se\\\/vasternorrland\\\/\"},{\"@type\":\"ListItem\",\"position\":2,\"name\":\"Media\",\"item\":\"https:\\\/\\\/wp.kristdemokraterna.se\\\/vasternorrland\\\/media\\\/\"},{\"@type\":\"ListItem\",\"position\":3,\"name\":\"Bilder\"}]},{\"@type\":\"WebSite\",\"@id\":\"https:\\\/\\\/wp.kristdemokraterna.se\\\/vasternorrland\\\/#website\",\"url\":\"https:\\\/\\\/wp.kristdemokraterna.se\\\/vasternorrland\\\/\",\"name\":\"KD V\u00e4sternorrland\",\"description\":\"V\u00e5rda v\u00e5rden - utveckla prim\u00e4rv\u00e5rden\",\"inLanguage\":\"sv-SE\"}]}<\/script>\n<!-- \/ Yoast SEO plugin. -->","yoast_head_json":{"title":"Bilder | KD V\u00e4sternorrland","robots":{"index":"index","follow":"follow","max-snippet":"max-snippet:-1","max-image-preview":"max-image-preview:large","max-video-preview":"max-video-preview:-1"},"canonical":"https:\/\/wp.kristdemokraterna.se\/vasternorrland\/media\/bilder\/","og_locale":"sv_SE","og_type":"article","og_title":"Bilder | KD V\u00e4sternorrland","og_description":"Egna bilder Bilder markerade med Foto: Kristdemokraterna V\u00e4sternorrland f\u00e5r inte anv\u00e4ndas utanf\u00f6r webbplatsen. F\u00f6r bilder som \u00e4r sl\u00e4ppta av fotografen under Creative Commons st\u00e5r licens inom parentes l\u00e4ngst ned i varje artikel alternativt intill bilden. Bilder fr\u00e5n Pixabay Bilder fr\u00e5n Pixabay \u00e4r fria att anv\u00e4nda och sl\u00e4ppta under Pixabay License. Bilder fr\u00e5n Pxhere Bilder fr\u00e5n Read More","og_url":"https:\/\/wp.kristdemokraterna.se\/vasternorrland\/media\/bilder\/","og_site_name":"KD V\u00e4sternorrland","article_publisher":"https:\/\/www.facebook.com\/kdrvn\/","article_modified_time":"2020-02-11T11:31:51+00:00","twitter_card":"summary_large_image","twitter_misc":{"Ber\u00e4knad l\u00e4stid":"1 minut"},"schema":{"@context":"https:\/\/schema.org","@graph":[{"@type":"WebPage","@id":"https:\/\/wp.kristdemokraterna.se\/vasternorrland\/media\/bilder\/","url":"https:\/\/wp.kristdemokraterna.se\/vasternorrland\/media\/bilder\/","name":"Bilder | KD V\u00e4sternorrland","isPartOf":{"@id":"https:\/\/wp.kristdemokraterna.se\/vasternorrland\/#website"},"datePublished":"2019-02-13T10:37:14+00:00","dateModified":"2020-02-11T11:31:51+00:00","breadcrumb":{"@id":"https:\/\/wp.kristdemokraterna.se\/vasternorrland\/media\/bilder\/#breadcrumb"},"inLanguage":"sv-SE","potentialAction":[{"@type":"ReadAction","target":["https:\/\/wp.kristdemokraterna.se\/vasternorrland\/media\/bilder\/"]}]},{"@type":"BreadcrumbList","@id":"https:\/\/wp.kristdemokraterna.se\/vasternorrland\/media\/bilder\/#breadcrumb","itemListElement":[{"@type":"ListItem","position":1,"name":"Hem","item":"https:\/\/wp.kristdemokraterna.se\/vasternorrland\/"},{"@type":"ListItem","position":2,"name":"Media","item":"https:\/\/wp.kristdemokraterna.se\/vasternorrland\/media\/"},{"@type":"ListItem","position":3,"name":"Bilder"}]},{"@type":"WebSite","@id":"https:\/\/wp.kristdemokraterna.se\/vasternorrland\/#website","url":"https:\/\/wp.kristdemokraterna.se\/vasternorrland\/","name":"KD V\u00e4sternorrland","description":"V\u00e5rda v\u00e5rden - utveckla prim\u00e4rv\u00e5rden","inLanguage":"sv-SE"}]}},"_links":{"self":[{"href":"https:\/\/wp.kristdemokraterna.se\/vasternorrland\/wp-json\/wp\/v2\/pages\/167261","targetHints":{"allow":["GET"]}}],"collection":[{"href":"https:\/\/wp.kristdemokraterna.se\/vasternorrland\/wp-json\/wp\/v2\/pages"}],"about":[{"href":"https:\/\/wp.kristdemokraterna.se\/vasternorrland\/wp-json\/wp\/v2\/types\/page"}],"author":[{"embeddable":true,"href":"https:\/\/wp.kristdemokraterna.se\/vasternorrland\/wp-json\/wp\/v2\/users\/787"}],"replies":[{"embeddable":true,"href":"https:\/\/wp.kristdemokraterna.se\/vasternorrland\/wp-json\/wp\/v2\/comments?post=167261"}],"version-history":[{"count":21,"href":"https:\/\/wp.kristdemokraterna.se\/vasternorrland\/wp-json\/wp\/v2\/pages\/167261\/revisions"}],"predecessor-version":[{"id":242982,"href":"https:\/\/wp.kristdemokraterna.se\/vasternorrland\/wp-json\/wp\/v2\/pages\/167261\/revisions\/242982"}],"up":[{"embeddable":true,"href":"https:\/\/wp.kristdemokraterna.se\/vasternorrland\/wp-json\/wp\/v2\/pages\/128648"}],"wp:attachment":[{"href":"https:\/\/wp.kristdemokraterna.se\/vasternorrland\/wp-json\/wp\/v2\/media?parent=167261"}],"curies":[{"name":"wp","href":"https:\/\/api.w.org\/{rel}","templated":true}]}}