{"id":179254,"date":"2019-04-16T16:00:39","date_gmt":"2019-04-16T14:00:39","guid":{"rendered":"http:\/\/wp.kristdemokraterna.se\/vasternorrland\/?page_id=179254"},"modified":"2020-11-14T17:38:04","modified_gmt":"2020-11-14T16:38:04","slug":"specialistvard","status":"publish","type":"page","link":"https:\/\/wp.kristdemokraterna.se\/vasternorrland\/var-politik\/politikomraden\/specialistvard\/","title":{"rendered":"Specialistv\u00e5rd"},"content":{"rendered":"<h2>Specialistv\u00e5rd A-\u00d6<\/h2>\n<p><a href=\"http:\/\/wp.kristdemokraterna.se\/vasternorrland\/etiketter\/akutmottagning\/\">akutmottagning<\/a>\u00a0\u00b7 <a href=\"http:\/\/wp.kristdemokraterna.se\/vasternorrland\/etiketter\/ambulans\/\">ambulans<\/a>\u00a0\u00b7 <a href=\"http:\/\/wp.kristdemokraterna.se\/vasternorrland\/etiketter\/bb\/\">bb<\/a>\u00a0\u00b7 <a href=\"http:\/\/wp.kristdemokraterna.se\/vasternorrland\/etiketter\/bup\/\">barn- och ungdomspsykiatri (bup)<\/a>\u00a0\u00b7 <a href=\"http:\/\/wp.kristdemokraterna.se\/vasternorrland\/etiketter\/cancervard\/\">cancerv\u00e5rd<\/a>\u00a0\u00b7 <a href=\"http:\/\/wp.kristdemokraterna.se\/vasternorrland\/etiketter\/donationsregistret\/\">donationsregistret<\/a>\u00a0\u00b7 <a href=\"http:\/\/wp.kristdemokraterna.se\/vasternorrland\/etiketter\/endometrios\/\">endometrios<\/a>\u00a0\u00b7 <a href=\"http:\/\/wp.kristdemokraterna.se\/vasternorrland\/etiketter\/geriatrik\/\">geriatrik<\/a>\u00a0\u00b7 <a href=\"http:\/\/wp.kristdemokraterna.se\/vasternorrland\/etiketter\/hud\/\">hud<\/a>\u00a0\u00b7 <a href=\"http:\/\/wp.kristdemokraterna.se\/vasternorrland\/etiketter\/hypertyreos\/\">hypertyreos<\/a>\u00a0\u00b7 <a href=\"http:\/\/wp.kristdemokraterna.se\/vasternorrland\/etiketter\/hypotyreos\/\">hypotyreos<\/a>\u00a0\u00b7 <a href=\"http:\/\/wp.kristdemokraterna.se\/vasternorrland\/etiketter\/infektion\/\">infektion<\/a>\u00a0\u00b7 <a href=\"http:\/\/wp.kristdemokraterna.se\/vasternorrland\/etiketter\/intensivvard\/\">intensivv\u00e5rd<\/a>\u00a0\u00b7 <a href=\"http:\/\/wp.kristdemokraterna.se\/vasternorrland\/etiketter\/iktyos\/\">iktyos<\/a>\u00a0\u00b7 <a href=\"http:\/\/wp.kristdemokraterna.se\/vasternorrland\/etiketter\/kardiologi\/\">kardiologi<\/a>\u00a0\u00b7 <a href=\"http:\/\/wp.kristdemokraterna.se\/vasternorrland\/etiketter\/kirurgi\/\">kirurgi<\/a>\u00a0\u00b7 <a href=\"http:\/\/wp.kristdemokraterna.se\/vasternorrland\/etiketter\/klinisk-fysiologi\/\">klinisk fysiologi<\/a>\u00a0\u00b7 <a href=\"http:\/\/wp.kristdemokraterna.se\/vasternorrland\/etiketter\/ktc\/\">Kliniskt tr\u00e4ningscentrum (KTC)<\/a>\u00a0\u00b7 <a href=\"http:\/\/wp.kristdemokraterna.se\/vasternorrland\/etiketter\/kvinnosjukvard\/\">kvinnosjukv\u00e5rd<\/a>\u00a0\u00b7 <a href=\"http:\/\/wp.kristdemokraterna.se\/vasternorrland\/etiketter\/labmedicin\/\">labmedicin<\/a>\u00a0\u00b7 <a href=\"http:\/\/wp.kristdemokraterna.se\/vasternorrland\/etiketter\/lungmedicin\/\">lungmedicin<\/a>\u00a0\u00b7 <a href=\"http:\/\/wp.kristdemokraterna.se\/vasternorrland\/etiketter\/mammografi\/\">mammografi<\/a>\u00a0\u00b7 <a href=\"http:\/\/wp.kristdemokraterna.se\/vasternorrland\/etiketter\/medicin\/\">medicin<\/a>\u00a0\u00b7 <a href=\"http:\/\/wp.kristdemokraterna.se\/vasternorrland\/etiketter\/neurologi\/\">neurologi<\/a>\u00a0\u00b7 <a href=\"http:\/\/wp.kristdemokraterna.se\/vasternorrland\/etiketter\/onkologi\/\">onkologi<\/a>\u00a0\u00b7 <a href=\"http:\/\/wp.kristdemokraterna.se\/vasternorrland\/etiketter\/operation\/\">operation<\/a>\u00a0\u00b7 <a href=\"http:\/\/wp.kristdemokraterna.se\/vasternorrland\/etiketter\/ortopedi\/\">ortopedi<\/a>\u00a0\u00b7 <a href=\"http:\/\/wp.kristdemokraterna.se\/vasternorrland\/etiketter\/patientsakerhet\/\">patients\u00e4kerhet<\/a>\u00a0\u00b7 <a href=\"http:\/\/wp.kristdemokraterna.se\/vasternorrland\/etiketter\/psykiatri\/\">psykiatri<\/a>\u00a0\u00b7 <a href=\"http:\/\/wp.kristdemokraterna.se\/vasternorrland\/etiketter\/rehabilitering\/\">rehabilitering<\/a>\u00a0\u00b7 <a href=\"http:\/\/wp.kristdemokraterna.se\/vasternorrland\/etiketter\/screening\/\">screening<\/a>\u00a0\u00b7 <a href=\"http:\/\/wp.kristdemokraterna.se\/vasternorrland\/etiketter\/solleftea-sjukhus\/\">Sollefte\u00e5 sjukhus<\/a>\u00a0\u00b7 <a href=\"http:\/\/wp.kristdemokraterna.se\/vasternorrland\/etiketter\/sundsvalls-sjukhus\/\">Sundsvalls sjukhus<\/a>\u00a0\u00b7 <a href=\"http:\/\/wp.kristdemokraterna.se\/vasternorrland\/etiketter\/transplantation\/\">transplantation<\/a>\u00a0\u00b7 \u00a0\u00b7 <a href=\"http:\/\/wp.kristdemokraterna.se\/vasternorrland\/etiketter\/ogon\/\">\u00f6gon<\/a>\u00a0\u00b7 <a href=\"http:\/\/wp.kristdemokraterna.se\/vasternorrland\/etiketter\/ornskoldsviks-sjukhus\/\">\u00d6rnsk\u00f6ldsviks sjukhus<\/a>\u00a0\u00b7<\/p>\n","protected":false},"excerpt":{"rendered":"<p>Specialistv\u00e5rd A-\u00d6 akutmottagning\u00a0\u00b7 ambulans\u00a0\u00b7 bb\u00a0\u00b7 barn- och ungdomspsykiatri (bup)\u00a0\u00b7 cancerv\u00e5rd\u00a0\u00b7 donationsregistret\u00a0\u00b7 endometrios\u00a0\u00b7 geriatrik\u00a0\u00b7 hud\u00a0\u00b7 hypertyreos\u00a0\u00b7 hypotyreos\u00a0\u00b7 infektion\u00a0\u00b7 intensivv\u00e5rd\u00a0\u00b7 iktyos\u00a0\u00b7 kardiologi\u00a0\u00b7 kirurgi\u00a0\u00b7 klinisk fysiologi\u00a0\u00b7 Kliniskt tr\u00e4ningscentrum (KTC)\u00a0\u00b7 kvinnosjukv\u00e5rd\u00a0\u00b7 labmedicin\u00a0\u00b7 lungmedicin\u00a0\u00b7 mammografi\u00a0\u00b7 medicin\u00a0\u00b7 neurologi\u00a0\u00b7 onkologi\u00a0\u00b7 operation\u00a0\u00b7 ortopedi\u00a0\u00b7 patients\u00e4kerhet\u00a0\u00b7 psykiatri\u00a0\u00b7 rehabilitering\u00a0\u00b7 screening\u00a0\u00b7 Sollefte\u00e5 sjukhus\u00a0\u00b7 Sundsvalls sjukhus\u00a0\u00b7 transplantation\u00a0\u00b7 \u00a0\u00b7 \u00f6gon\u00a0\u00b7 \u00d6rnsk\u00f6ldsviks sjukhus\u00a0\u00b7<\/p>\n","protected":false},"author":787,"featured_media":0,"parent":179725,"menu_order":19,"comment_status":"closed","ping_status":"closed","template":"index.php","meta":{"_acf_changed":false,"footnotes":""},"class_list":["post-179254","page","type-page","status-publish","hentry"],"acf":[],"yoast_head":"<!-- This site is optimized with the Yoast SEO plugin v27.3 - https:\/\/yoast.com\/product\/yoast-seo-wordpress\/ -->\n<title>Specialistv\u00e5rd | KD V\u00e4sternorrland<\/title>\n<meta name=\"robots\" content=\"index, follow, max-snippet:-1, max-image-preview:large, max-video-preview:-1\" \/>\n<link rel=\"canonical\" href=\"https:\/\/wp.kristdemokraterna.se\/vasternorrland\/var-politik\/politikomraden\/specialistvard\/\" \/>\n<meta property=\"og:locale\" content=\"sv_SE\" \/>\n<meta property=\"og:type\" content=\"article\" \/>\n<meta property=\"og:title\" content=\"Specialistv\u00e5rd | KD V\u00e4sternorrland\" \/>\n<meta property=\"og:description\" content=\"Specialistv\u00e5rd A-\u00d6 akutmottagning\u00a0\u00b7 ambulans\u00a0\u00b7 bb\u00a0\u00b7 barn- och ungdomspsykiatri (bup)\u00a0\u00b7 cancerv\u00e5rd\u00a0\u00b7 donationsregistret\u00a0\u00b7 endometrios\u00a0\u00b7 geriatrik\u00a0\u00b7 hud\u00a0\u00b7 hypertyreos\u00a0\u00b7 hypotyreos\u00a0\u00b7 infektion\u00a0\u00b7 intensivv\u00e5rd\u00a0\u00b7 iktyos\u00a0\u00b7 kardiologi\u00a0\u00b7 kirurgi\u00a0\u00b7 klinisk fysiologi\u00a0\u00b7 Kliniskt tr\u00e4ningscentrum (KTC)\u00a0\u00b7 kvinnosjukv\u00e5rd\u00a0\u00b7 labmedicin\u00a0\u00b7 lungmedicin\u00a0\u00b7 mammografi\u00a0\u00b7 medicin\u00a0\u00b7 neurologi\u00a0\u00b7 onkologi\u00a0\u00b7 operation\u00a0\u00b7 ortopedi\u00a0\u00b7 patients\u00e4kerhet\u00a0\u00b7 psykiatri\u00a0\u00b7 rehabilitering\u00a0\u00b7 screening\u00a0\u00b7 Sollefte\u00e5 sjukhus\u00a0\u00b7 Sundsvalls sjukhus\u00a0\u00b7 transplantation\u00a0\u00b7 \u00a0\u00b7 \u00f6gon\u00a0\u00b7 \u00d6rnsk\u00f6ldsviks sjukhus\u00a0\u00b7\" \/>\n<meta property=\"og:url\" content=\"https:\/\/wp.kristdemokraterna.se\/vasternorrland\/var-politik\/politikomraden\/specialistvard\/\" \/>\n<meta property=\"og:site_name\" content=\"KD V\u00e4sternorrland\" \/>\n<meta property=\"article:publisher\" content=\"https:\/\/www.facebook.com\/kdrvn\/\" \/>\n<meta property=\"article:modified_time\" content=\"2020-11-14T16:38:04+00:00\" \/>\n<meta name=\"twitter:card\" content=\"summary_large_image\" \/>\n<script type=\"application\/ld+json\" class=\"yoast-schema-graph\">{\"@context\":\"https:\\\/\\\/schema.org\",\"@graph\":[{\"@type\":\"WebPage\",\"@id\":\"https:\\\/\\\/wp.kristdemokraterna.se\\\/vasternorrland\\\/var-politik\\\/politikomraden\\\/specialistvard\\\/\",\"url\":\"https:\\\/\\\/wp.kristdemokraterna.se\\\/vasternorrland\\\/var-politik\\\/politikomraden\\\/specialistvard\\\/\",\"name\":\"Specialistv\u00e5rd | KD V\u00e4sternorrland\",\"isPartOf\":{\"@id\":\"https:\\\/\\\/wp.kristdemokraterna.se\\\/vasternorrland\\\/#website\"},\"datePublished\":\"2019-04-16T14:00:39+00:00\",\"dateModified\":\"2020-11-14T16:38:04+00:00\",\"breadcrumb\":{\"@id\":\"https:\\\/\\\/wp.kristdemokraterna.se\\\/vasternorrland\\\/var-politik\\\/politikomraden\\\/specialistvard\\\/#breadcrumb\"},\"inLanguage\":\"sv-SE\",\"potentialAction\":[{\"@type\":\"ReadAction\",\"target\":[\"https:\\\/\\\/wp.kristdemokraterna.se\\\/vasternorrland\\\/var-politik\\\/politikomraden\\\/specialistvard\\\/\"]}]},{\"@type\":\"BreadcrumbList\",\"@id\":\"https:\\\/\\\/wp.kristdemokraterna.se\\\/vasternorrland\\\/var-politik\\\/politikomraden\\\/specialistvard\\\/#breadcrumb\",\"itemListElement\":[{\"@type\":\"ListItem\",\"position\":1,\"name\":\"Hem\",\"item\":\"https:\\\/\\\/wp.kristdemokraterna.se\\\/vasternorrland\\\/\"},{\"@type\":\"ListItem\",\"position\":2,\"name\":\"V\u00e5r politik\",\"item\":\"https:\\\/\\\/wp.kristdemokraterna.se\\\/vasternorrland\\\/var-politik\\\/\"},{\"@type\":\"ListItem\",\"position\":3,\"name\":\"Politikomr\u00e5den\",\"item\":\"https:\\\/\\\/wp.kristdemokraterna.se\\\/vasternorrland\\\/var-politik\\\/politikomraden\\\/\"},{\"@type\":\"ListItem\",\"position\":4,\"name\":\"Specialistv\u00e5rd\"}]},{\"@type\":\"WebSite\",\"@id\":\"https:\\\/\\\/wp.kristdemokraterna.se\\\/vasternorrland\\\/#website\",\"url\":\"https:\\\/\\\/wp.kristdemokraterna.se\\\/vasternorrland\\\/\",\"name\":\"KD V\u00e4sternorrland\",\"description\":\"V\u00e5rda v\u00e5rden - utveckla prim\u00e4rv\u00e5rden\",\"inLanguage\":\"sv-SE\"}]}<\/script>\n<!-- \/ Yoast SEO plugin. -->","yoast_head_json":{"title":"Specialistv\u00e5rd | KD V\u00e4sternorrland","robots":{"index":"index","follow":"follow","max-snippet":"max-snippet:-1","max-image-preview":"max-image-preview:large","max-video-preview":"max-video-preview:-1"},"canonical":"https:\/\/wp.kristdemokraterna.se\/vasternorrland\/var-politik\/politikomraden\/specialistvard\/","og_locale":"sv_SE","og_type":"article","og_title":"Specialistv\u00e5rd | KD V\u00e4sternorrland","og_description":"Specialistv\u00e5rd A-\u00d6 akutmottagning\u00a0\u00b7 ambulans\u00a0\u00b7 bb\u00a0\u00b7 barn- och ungdomspsykiatri (bup)\u00a0\u00b7 cancerv\u00e5rd\u00a0\u00b7 donationsregistret\u00a0\u00b7 endometrios\u00a0\u00b7 geriatrik\u00a0\u00b7 hud\u00a0\u00b7 hypertyreos\u00a0\u00b7 hypotyreos\u00a0\u00b7 infektion\u00a0\u00b7 intensivv\u00e5rd\u00a0\u00b7 iktyos\u00a0\u00b7 kardiologi\u00a0\u00b7 kirurgi\u00a0\u00b7 klinisk fysiologi\u00a0\u00b7 Kliniskt tr\u00e4ningscentrum (KTC)\u00a0\u00b7 kvinnosjukv\u00e5rd\u00a0\u00b7 labmedicin\u00a0\u00b7 lungmedicin\u00a0\u00b7 mammografi\u00a0\u00b7 medicin\u00a0\u00b7 neurologi\u00a0\u00b7 onkologi\u00a0\u00b7 operation\u00a0\u00b7 ortopedi\u00a0\u00b7 patients\u00e4kerhet\u00a0\u00b7 psykiatri\u00a0\u00b7 rehabilitering\u00a0\u00b7 screening\u00a0\u00b7 Sollefte\u00e5 sjukhus\u00a0\u00b7 Sundsvalls sjukhus\u00a0\u00b7 transplantation\u00a0\u00b7 \u00a0\u00b7 \u00f6gon\u00a0\u00b7 \u00d6rnsk\u00f6ldsviks sjukhus\u00a0\u00b7","og_url":"https:\/\/wp.kristdemokraterna.se\/vasternorrland\/var-politik\/politikomraden\/specialistvard\/","og_site_name":"KD V\u00e4sternorrland","article_publisher":"https:\/\/www.facebook.com\/kdrvn\/","article_modified_time":"2020-11-14T16:38:04+00:00","twitter_card":"summary_large_image","schema":{"@context":"https:\/\/schema.org","@graph":[{"@type":"WebPage","@id":"https:\/\/wp.kristdemokraterna.se\/vasternorrland\/var-politik\/politikomraden\/specialistvard\/","url":"https:\/\/wp.kristdemokraterna.se\/vasternorrland\/var-politik\/politikomraden\/specialistvard\/","name":"Specialistv\u00e5rd | KD V\u00e4sternorrland","isPartOf":{"@id":"https:\/\/wp.kristdemokraterna.se\/vasternorrland\/#website"},"datePublished":"2019-04-16T14:00:39+00:00","dateModified":"2020-11-14T16:38:04+00:00","breadcrumb":{"@id":"https:\/\/wp.kristdemokraterna.se\/vasternorrland\/var-politik\/politikomraden\/specialistvard\/#breadcrumb"},"inLanguage":"sv-SE","potentialAction":[{"@type":"ReadAction","target":["https:\/\/wp.kristdemokraterna.se\/vasternorrland\/var-politik\/politikomraden\/specialistvard\/"]}]},{"@type":"BreadcrumbList","@id":"https:\/\/wp.kristdemokraterna.se\/vasternorrland\/var-politik\/politikomraden\/specialistvard\/#breadcrumb","itemListElement":[{"@type":"ListItem","position":1,"name":"Hem","item":"https:\/\/wp.kristdemokraterna.se\/vasternorrland\/"},{"@type":"ListItem","position":2,"name":"V\u00e5r politik","item":"https:\/\/wp.kristdemokraterna.se\/vasternorrland\/var-politik\/"},{"@type":"ListItem","position":3,"name":"Politikomr\u00e5den","item":"https:\/\/wp.kristdemokraterna.se\/vasternorrland\/var-politik\/politikomraden\/"},{"@type":"ListItem","position":4,"name":"Specialistv\u00e5rd"}]},{"@type":"WebSite","@id":"https:\/\/wp.kristdemokraterna.se\/vasternorrland\/#website","url":"https:\/\/wp.kristdemokraterna.se\/vasternorrland\/","name":"KD V\u00e4sternorrland","description":"V\u00e5rda v\u00e5rden - utveckla prim\u00e4rv\u00e5rden","inLanguage":"sv-SE"}]}},"_links":{"self":[{"href":"https:\/\/wp.kristdemokraterna.se\/vasternorrland\/wp-json\/wp\/v2\/pages\/179254","targetHints":{"allow":["GET"]}}],"collection":[{"href":"https:\/\/wp.kristdemokraterna.se\/vasternorrland\/wp-json\/wp\/v2\/pages"}],"about":[{"href":"https:\/\/wp.kristdemokraterna.se\/vasternorrland\/wp-json\/wp\/v2\/types\/page"}],"author":[{"embeddable":true,"href":"https:\/\/wp.kristdemokraterna.se\/vasternorrland\/wp-json\/wp\/v2\/users\/787"}],"replies":[{"embeddable":true,"href":"https:\/\/wp.kristdemokraterna.se\/vasternorrland\/wp-json\/wp\/v2\/comments?post=179254"}],"version-history":[{"count":17,"href":"https:\/\/wp.kristdemokraterna.se\/vasternorrland\/wp-json\/wp\/v2\/pages\/179254\/revisions"}],"predecessor-version":[{"id":200293,"href":"https:\/\/wp.kristdemokraterna.se\/vasternorrland\/wp-json\/wp\/v2\/pages\/179254\/revisions\/200293"}],"up":[{"embeddable":true,"href":"https:\/\/wp.kristdemokraterna.se\/vasternorrland\/wp-json\/wp\/v2\/pages\/179725"}],"wp:attachment":[{"href":"https:\/\/wp.kristdemokraterna.se\/vasternorrland\/wp-json\/wp\/v2\/media?parent=179254"}],"curies":[{"name":"wp","href":"https:\/\/api.w.org\/{rel}","templated":true}]}}