{"id":179738,"date":"2019-04-16T19:00:51","date_gmt":"2019-04-16T17:00:51","guid":{"rendered":"http:\/\/wp.kristdemokraterna.se\/vasternorrland\/?page_id=179738"},"modified":"2020-05-10T17:47:38","modified_gmt":"2020-05-10T15:47:38","slug":"vardval","status":"publish","type":"page","link":"https:\/\/wp.kristdemokraterna.se\/vasternorrland\/var-politik\/politikomraden\/vardval\/","title":{"rendered":"V\u00e5rdval"},"content":{"rendered":"<p><img decoding=\"async\" class=\"alignnone size-full wp-image-199987\" src=\"http:\/\/wp.kristdemokraterna.se\/vasternorrland\/files\/2019\/06\/vardval-regelbok-2019.jpg\" alt=\"\" width=\"100%\" height=\"100%\" srcset=\"https:\/\/wp.kristdemokraterna.se\/vasternorrland\/files\/2019\/06\/vardval-regelbok-2019.jpg 1920w, https:\/\/wp.kristdemokraterna.se\/vasternorrland\/files\/2019\/06\/vardval-regelbok-2019-300x169.jpg 300w, https:\/\/wp.kristdemokraterna.se\/vasternorrland\/files\/2019\/06\/vardval-regelbok-2019-768x432.jpg 768w, https:\/\/wp.kristdemokraterna.se\/vasternorrland\/files\/2019\/06\/vardval-regelbok-2019-540x304.jpg 540w, https:\/\/wp.kristdemokraterna.se\/vasternorrland\/files\/2019\/06\/vardval-regelbok-2019-356x200.jpg 356w, https:\/\/wp.kristdemokraterna.se\/vasternorrland\/files\/2019\/06\/vardval-regelbok-2019-370x208.jpg 370w, https:\/\/wp.kristdemokraterna.se\/vasternorrland\/files\/2019\/06\/vardval-regelbok-2019-770x433.jpg 770w, https:\/\/wp.kristdemokraterna.se\/vasternorrland\/files\/2019\/06\/vardval-regelbok-2019-450x253.jpg 450w, https:\/\/wp.kristdemokraterna.se\/vasternorrland\/files\/2019\/06\/vardval-regelbok-2019-280x158.jpg 280w, https:\/\/wp.kristdemokraterna.se\/vasternorrland\/files\/2019\/06\/vardval-regelbok-2019-340x191.jpg 340w, https:\/\/wp.kristdemokraterna.se\/vasternorrland\/files\/2019\/06\/vardval-regelbok-2019-200x113.jpg 200w, https:\/\/wp.kristdemokraterna.se\/vasternorrland\/files\/2019\/06\/vardval-regelbok-2019-100x56.jpg 100w\" sizes=\"(max-width: 1920px) 100vw, 1920px\" \/>V\u00e5rdval V\u00e4sternorrland inf\u00f6rdes i januari 2010. Det \u00e4r en lagstadgad reform som \u00f6kar patientens valfrihet.<a href=\"#_ftn1\" name=\"_ftnref1\">[1]<\/a><\/p>\n<p>Det har hj\u00e4lpt till att korta v\u00e5rdk\u00f6erna och patienterna har i st\u00f6rre utstr\u00e4ckning m\u00f6jligheten att sj\u00e4lva v\u00e4lja n\u00e4r, var och hur de vill tr\u00e4ffa sin l\u00e4kare.<\/p>\n<p>Utf\u00f6rare erbjuder prim\u00e4rv\u00e5rd utifr\u00e5n f\u00f6ruts\u00e4ttningar som fastst\u00e4lls av politiken i den s\u00e5 kallade Regel-boken. V\u00e5rdvalsreformen har skapat m\u00f6jlighet f\u00f6r patienter att v\u00e4lja bort den v\u00e5rdgivare som inte h\u00e5ller m\u00e5ttet och att v\u00e4lja en utf\u00f6rare som kanske ligger n\u00e4rmare jobbet snarare \u00e4n inom ett visst geografiskt omr\u00e5de kring din bostadsort. Det g\u00f6r att patienten i st\u00f6rre utstr\u00e4ckning har m\u00f6jlighet att sj\u00e4lv v\u00e4lja n\u00e4r, var och hur de vill tr\u00e4ffa sin l\u00e4kare.<\/p>\n<p>Med v\u00e5rdval ges \u00e4ven medarbetare inom v\u00e5rden m\u00f6jlighet att v\u00e4lja arbetsgivare. Detta s\u00e4tter press p\u00e5 arbetsmilj\u00f6arbetet inom Region V\u00e4sternorrland egna verksamhet.<\/p>\n<p>Patienternas valfrihet och formerna f\u00f6r det fria v\u00e5rdvalet ska v\u00e4rnas och utvecklas. Kristdemokraterna vill d\u00e4rf\u00f6r<\/p>\n<ul>\n<li><b><u>att<\/u><\/b> regionen ska b\u00f6rja inf\u00f6ra v\u00e5rdval \u00e4ven f\u00f6r den \u00f6ppna specialistv\u00e5rden i syfte att st\u00e4rka prim\u00e4rv\u00e5rden.<\/li>\n<\/ul>\n<p><a href=\"#_ftnref1\" name=\"_ftn1\">[1]<\/a> <em>Lag (2008:962) om valfrihetssystem<\/em><\/p>\n<p><strong>Senaste inl\u00e4ggen om v\u00e5rdval:<\/strong><br \/>\n<ul class = \"posts-by-tag-list\"><li class=\"posts-by-tag-item alla inl\u00e4gg kriminella upphandling v\u00e4lf\u00e4rdsbrott v\u00e4lf\u00e4rdsbrottslighet v\u00e5rdval\" id=\"posts-by-tag-item-352432\"><a class = \"posts-by-tag-item-title\" href=\"https:\/\/wp.kristdemokraterna.se\/vasternorrland\/hur-motverkar-regionen-valfardsbrottslighet\/\">Hur motverkar regionen v\u00e4lf\u00e4rdsbrottslighet<\/a> <small>Posted on: 30 oktober 2023<\/small><\/li><li class=\"posts-by-tag-item alla inl\u00e4gg BUP debattartikel j\u00e4mlik v\u00e5rd livsstilssjukdomar Liza-Maria Norlin Mona Hammarstedt \u00f6verg\u00e5ng psykisk oh\u00e4lsa reskostnader uppskjuten v\u00e5rd valfrihet v\u00e4ntetider v\u00e5rdf\u00f6rmedling v\u00e5rdk\u00f6er v\u00e5rdval\" id=\"posts-by-tag-item-352078\"><a class = \"posts-by-tag-item-title\" href=\"https:\/\/wp.kristdemokraterna.se\/vasternorrland\/vardkoerna-maste-kortas\/\">V\u00e5rdk\u00f6erna m\u00e5ste kortas!<\/a> <small>Posted on: 7 oktober 2021<\/small><\/li><li class=\"posts-by-tag-item alla inl\u00e4gg Henrik Sendelbach Liberalerna Moderaterna Mona Hammarstedt prim\u00e4rv\u00e5rd psykisk h\u00e4lsa Socialdemokraterna v\u00e5rdval\" id=\"posts-by-tag-item-350048\"><a class = \"posts-by-tag-item-title\" href=\"https:\/\/wp.kristdemokraterna.se\/vasternorrland\/utoka-vardvalet-for-invanarnas-basta\/\">Ut\u00f6ka v\u00e5rdvalet f\u00f6r inv\u00e5narnas b\u00e4sta<\/a> <small>Posted on: 2 mars 2021<\/small><\/li><li class=\"posts-by-tag-item alla inl\u00e4gg Calle Svensson fast l\u00e4karkontakt hyrpersonal landsbygd listningsstopp listningstak Michal Zakolski omlistning prim\u00e4rv\u00e5rd v\u00e5rdval\" id=\"posts-by-tag-item-252845\"><a class = \"posts-by-tag-item-title\" href=\"https:\/\/wp.kristdemokraterna.se\/vasternorrland\/yttrande-over-remiss-digifysiskt-vardval\/\">Yttrande \u00f6ver remiss Digifysiskt v\u00e5rdval<\/a> <small>Posted on: 28 januari 2020<\/small><\/li><li class=\"posts-by-tag-item alla inl\u00e4gg H\u00e4lsocentralen Gilleberget listningsstopp Mona Hammarstedt patients\u00e4kerhet prim\u00e4rv\u00e5rd trygghet v\u00e5rdval\" id=\"posts-by-tag-item-242708\"><a class = \"posts-by-tag-item-title\" href=\"https:\/\/wp.kristdemokraterna.se\/vasternorrland\/patientsakerheten-maste-ga-fore-regelboken-for-vardvalet\/\">Patients\u00e4kerheten m\u00e5ste g\u00e5 f\u00f6re regelboken f\u00f6r v\u00e5rdvalet<\/a> <small>Posted on: 16 december 2019<\/small><\/li><li class=\"posts-by-tag-item alla inl\u00e4gg Bo Grafstr\u00f6m interpellation prim\u00e4rv\u00e5rd v\u00e5rdval Voon\" id=\"posts-by-tag-item-177720\"><a class = \"posts-by-tag-item-title\" href=\"https:\/\/wp.kristdemokraterna.se\/vasternorrland\/hur-val-fungerar-primarvarden-i-solleftea-idag\/\">Interpellation: Hur v\u00e4l fungerar prim\u00e4rv\u00e5rden i Sollefte\u00e5 idag?<\/a> <small>Posted on: 23 januari 2019<\/small><\/li><li class=\"posts-by-tag-item alla inl\u00e4gg kapitering pressmeddelande Sollefte\u00e5 v\u00e5rdval Voon\" id=\"posts-by-tag-item-142333\"><a class = \"posts-by-tag-item-title\" href=\"https:\/\/wp.kristdemokraterna.se\/vasternorrland\/kd-kraver-oversyn-over-vardvalets-kapiteringssystem\/\">KD kr\u00e4ver \u00f6versyn \u00f6ver v\u00e5rdvalets kapiteringssystem<\/a> <small>Posted on: 3 november 2018<\/small><\/li><li class=\"posts-by-tag-item alla inl\u00e4gg listning prim\u00e4rv\u00e5rd Sollefte\u00e5 v\u00e4lf\u00e4rdssveket v\u00e5rdval Voon\" id=\"posts-by-tag-item-140590\"><a class = \"posts-by-tag-item-title\" href=\"https:\/\/wp.kristdemokraterna.se\/vasternorrland\/voon-narmre-konkurs-majoriteten-vagrade-lyfta-fragan-om-anstand\/\">VOON n\u00e4rmre konkurs - majoriteten v\u00e4grade lyfta fr\u00e5gan om anst\u00e5nd<\/a> <small>Posted on: 27 oktober 2018<\/small><\/li><li class=\"posts-by-tag-item alla inl\u00e4gg fotv\u00e5rd fysioterapeut Mona Hammarstedt motion prim\u00e4rv\u00e5rd v\u00e5rdval\" id=\"posts-by-tag-item-180367\"><a class = \"posts-by-tag-item-title\" href=\"https:\/\/wp.kristdemokraterna.se\/vasternorrland\/utokat-vardval-for-en-starkt-primarvard\/\">Motion: Ut\u00f6kat v\u00e5rdval f\u00f6r en st\u00e4rkt prim\u00e4rv\u00e5rd<\/a> <small>Posted on: 25 oktober 2018<\/small><\/li><li class=\"posts-by-tag-item alla inl\u00e4gg del\u00e5rsrapport motion s\u00e4ngtv\u00e4tt ungdomsmottagning v\u00e5rdval\" id=\"posts-by-tag-item-140160\"><a class = \"posts-by-tag-item-title\" href=\"https:\/\/wp.kristdemokraterna.se\/vasternorrland\/forsta-regionfullmaktige-med-nya-gruppen\/\">F\u00f6rsta regionfullm\u00e4ktige med nya gruppen<\/a> <small>Posted on: 25 oktober 2018<\/small><\/li><\/ul>F\u00f6r samtliga inl\u00e4gg om v\u00e5rdval, se <a href=\"http:\/\/wp.kristdemokraterna.se\/vasternorrland\/etiketter\/vardval\/\">h\u00e4r<\/a><\/p>\n","protected":false},"excerpt":{"rendered":"<p>V\u00e5rdval V\u00e4sternorrland inf\u00f6rdes i januari 2010. Det \u00e4r en lagstadgad reform som \u00f6kar patientens valfrihet.[1] Det har hj\u00e4lpt till att korta v\u00e5rdk\u00f6erna och patienterna har i st\u00f6rre utstr\u00e4ckning m\u00f6jligheten att sj\u00e4lva v\u00e4lja n\u00e4r, var och hur de vill tr\u00e4ffa sin l\u00e4kare. Utf\u00f6rare erbjuder prim\u00e4rv\u00e5rd utifr\u00e5n f\u00f6ruts\u00e4ttningar som fastst\u00e4lls av politiken i den s\u00e5 kallade Regel-boken. <a class=\"read-more-link\" href=\"https:\/\/wp.kristdemokraterna.se\/vasternorrland\/var-politik\/politikomraden\/vardval\/\">Read More<\/a><\/p>\n","protected":false},"author":787,"featured_media":0,"parent":179725,"menu_order":23,"comment_status":"closed","ping_status":"closed","template":"","meta":{"_acf_changed":false,"footnotes":""},"class_list":["post-179738","page","type-page","status-publish","hentry"],"acf":[],"yoast_head":"<!-- This site is optimized with the Yoast SEO plugin v27.3 - https:\/\/yoast.com\/product\/yoast-seo-wordpress\/ -->\n<title>V\u00e5rdval | KD V\u00e4sternorrland<\/title>\n<meta name=\"robots\" content=\"index, follow, max-snippet:-1, max-image-preview:large, max-video-preview:-1\" \/>\n<link rel=\"canonical\" href=\"https:\/\/wp.kristdemokraterna.se\/vasternorrland\/var-politik\/politikomraden\/vardval\/\" \/>\n<meta property=\"og:locale\" content=\"sv_SE\" \/>\n<meta property=\"og:type\" content=\"article\" \/>\n<meta property=\"og:title\" content=\"V\u00e5rdval | KD V\u00e4sternorrland\" \/>\n<meta property=\"og:description\" content=\"V\u00e5rdval V\u00e4sternorrland inf\u00f6rdes i januari 2010. Det \u00e4r en lagstadgad reform som \u00f6kar patientens valfrihet.[1] Det har hj\u00e4lpt till att korta v\u00e5rdk\u00f6erna och patienterna har i st\u00f6rre utstr\u00e4ckning m\u00f6jligheten att sj\u00e4lva v\u00e4lja n\u00e4r, var och hur de vill tr\u00e4ffa sin l\u00e4kare. Utf\u00f6rare erbjuder prim\u00e4rv\u00e5rd utifr\u00e5n f\u00f6ruts\u00e4ttningar som fastst\u00e4lls av politiken i den s\u00e5 kallade Regel-boken. Read More\" \/>\n<meta property=\"og:url\" content=\"https:\/\/wp.kristdemokraterna.se\/vasternorrland\/var-politik\/politikomraden\/vardval\/\" \/>\n<meta property=\"og:site_name\" content=\"KD V\u00e4sternorrland\" \/>\n<meta property=\"article:publisher\" content=\"https:\/\/www.facebook.com\/kdrvn\/\" \/>\n<meta property=\"article:modified_time\" content=\"2020-05-10T15:47:38+00:00\" \/>\n<meta property=\"og:image\" content=\"http:\/\/wp.kristdemokraterna.se\/vasternorrland\/files\/2019\/06\/vardval-regelbok-2019.jpg\" \/>\n<meta name=\"twitter:card\" content=\"summary_large_image\" \/>\n<meta name=\"twitter:label1\" content=\"Ber\u00e4knad l\u00e4stid\" \/>\n\t<meta name=\"twitter:data1\" content=\"1 minut\" \/>\n<script type=\"application\/ld+json\" class=\"yoast-schema-graph\">{\"@context\":\"https:\\\/\\\/schema.org\",\"@graph\":[{\"@type\":\"WebPage\",\"@id\":\"https:\\\/\\\/wp.kristdemokraterna.se\\\/vasternorrland\\\/var-politik\\\/politikomraden\\\/vardval\\\/\",\"url\":\"https:\\\/\\\/wp.kristdemokraterna.se\\\/vasternorrland\\\/var-politik\\\/politikomraden\\\/vardval\\\/\",\"name\":\"V\u00e5rdval | KD V\u00e4sternorrland\",\"isPartOf\":{\"@id\":\"https:\\\/\\\/wp.kristdemokraterna.se\\\/vasternorrland\\\/#website\"},\"primaryImageOfPage\":{\"@id\":\"https:\\\/\\\/wp.kristdemokraterna.se\\\/vasternorrland\\\/var-politik\\\/politikomraden\\\/vardval\\\/#primaryimage\"},\"image\":{\"@id\":\"https:\\\/\\\/wp.kristdemokraterna.se\\\/vasternorrland\\\/var-politik\\\/politikomraden\\\/vardval\\\/#primaryimage\"},\"thumbnailUrl\":\"http:\\\/\\\/wp.kristdemokraterna.se\\\/vasternorrland\\\/files\\\/2019\\\/06\\\/vardval-regelbok-2019.jpg\",\"datePublished\":\"2019-04-16T17:00:51+00:00\",\"dateModified\":\"2020-05-10T15:47:38+00:00\",\"breadcrumb\":{\"@id\":\"https:\\\/\\\/wp.kristdemokraterna.se\\\/vasternorrland\\\/var-politik\\\/politikomraden\\\/vardval\\\/#breadcrumb\"},\"inLanguage\":\"sv-SE\",\"potentialAction\":[{\"@type\":\"ReadAction\",\"target\":[\"https:\\\/\\\/wp.kristdemokraterna.se\\\/vasternorrland\\\/var-politik\\\/politikomraden\\\/vardval\\\/\"]}]},{\"@type\":\"ImageObject\",\"inLanguage\":\"sv-SE\",\"@id\":\"https:\\\/\\\/wp.kristdemokraterna.se\\\/vasternorrland\\\/var-politik\\\/politikomraden\\\/vardval\\\/#primaryimage\",\"url\":\"https:\\\/\\\/wp.kristdemokraterna.se\\\/vasternorrland\\\/files\\\/2019\\\/06\\\/vardval-regelbok-2019.jpg\",\"contentUrl\":\"https:\\\/\\\/wp.kristdemokraterna.se\\\/vasternorrland\\\/files\\\/2019\\\/06\\\/vardval-regelbok-2019.jpg\",\"width\":1920,\"height\":1080},{\"@type\":\"BreadcrumbList\",\"@id\":\"https:\\\/\\\/wp.kristdemokraterna.se\\\/vasternorrland\\\/var-politik\\\/politikomraden\\\/vardval\\\/#breadcrumb\",\"itemListElement\":[{\"@type\":\"ListItem\",\"position\":1,\"name\":\"Hem\",\"item\":\"https:\\\/\\\/wp.kristdemokraterna.se\\\/vasternorrland\\\/\"},{\"@type\":\"ListItem\",\"position\":2,\"name\":\"V\u00e5r politik\",\"item\":\"https:\\\/\\\/wp.kristdemokraterna.se\\\/vasternorrland\\\/var-politik\\\/\"},{\"@type\":\"ListItem\",\"position\":3,\"name\":\"Politikomr\u00e5den\",\"item\":\"https:\\\/\\\/wp.kristdemokraterna.se\\\/vasternorrland\\\/var-politik\\\/politikomraden\\\/\"},{\"@type\":\"ListItem\",\"position\":4,\"name\":\"V\u00e5rdval\"}]},{\"@type\":\"WebSite\",\"@id\":\"https:\\\/\\\/wp.kristdemokraterna.se\\\/vasternorrland\\\/#website\",\"url\":\"https:\\\/\\\/wp.kristdemokraterna.se\\\/vasternorrland\\\/\",\"name\":\"KD V\u00e4sternorrland\",\"description\":\"V\u00e5rda v\u00e5rden - utveckla prim\u00e4rv\u00e5rden\",\"inLanguage\":\"sv-SE\"}]}<\/script>\n<!-- \/ Yoast SEO plugin. -->","yoast_head_json":{"title":"V\u00e5rdval | KD V\u00e4sternorrland","robots":{"index":"index","follow":"follow","max-snippet":"max-snippet:-1","max-image-preview":"max-image-preview:large","max-video-preview":"max-video-preview:-1"},"canonical":"https:\/\/wp.kristdemokraterna.se\/vasternorrland\/var-politik\/politikomraden\/vardval\/","og_locale":"sv_SE","og_type":"article","og_title":"V\u00e5rdval | KD V\u00e4sternorrland","og_description":"V\u00e5rdval V\u00e4sternorrland inf\u00f6rdes i januari 2010. Det \u00e4r en lagstadgad reform som \u00f6kar patientens valfrihet.[1] Det har hj\u00e4lpt till att korta v\u00e5rdk\u00f6erna och patienterna har i st\u00f6rre utstr\u00e4ckning m\u00f6jligheten att sj\u00e4lva v\u00e4lja n\u00e4r, var och hur de vill tr\u00e4ffa sin l\u00e4kare. Utf\u00f6rare erbjuder prim\u00e4rv\u00e5rd utifr\u00e5n f\u00f6ruts\u00e4ttningar som fastst\u00e4lls av politiken i den s\u00e5 kallade Regel-boken. Read More","og_url":"https:\/\/wp.kristdemokraterna.se\/vasternorrland\/var-politik\/politikomraden\/vardval\/","og_site_name":"KD V\u00e4sternorrland","article_publisher":"https:\/\/www.facebook.com\/kdrvn\/","article_modified_time":"2020-05-10T15:47:38+00:00","og_image":[{"url":"http:\/\/wp.kristdemokraterna.se\/vasternorrland\/files\/2019\/06\/vardval-regelbok-2019.jpg","type":"","width":"","height":""}],"twitter_card":"summary_large_image","twitter_misc":{"Ber\u00e4knad l\u00e4stid":"1 minut"},"schema":{"@context":"https:\/\/schema.org","@graph":[{"@type":"WebPage","@id":"https:\/\/wp.kristdemokraterna.se\/vasternorrland\/var-politik\/politikomraden\/vardval\/","url":"https:\/\/wp.kristdemokraterna.se\/vasternorrland\/var-politik\/politikomraden\/vardval\/","name":"V\u00e5rdval | KD V\u00e4sternorrland","isPartOf":{"@id":"https:\/\/wp.kristdemokraterna.se\/vasternorrland\/#website"},"primaryImageOfPage":{"@id":"https:\/\/wp.kristdemokraterna.se\/vasternorrland\/var-politik\/politikomraden\/vardval\/#primaryimage"},"image":{"@id":"https:\/\/wp.kristdemokraterna.se\/vasternorrland\/var-politik\/politikomraden\/vardval\/#primaryimage"},"thumbnailUrl":"http:\/\/wp.kristdemokraterna.se\/vasternorrland\/files\/2019\/06\/vardval-regelbok-2019.jpg","datePublished":"2019-04-16T17:00:51+00:00","dateModified":"2020-05-10T15:47:38+00:00","breadcrumb":{"@id":"https:\/\/wp.kristdemokraterna.se\/vasternorrland\/var-politik\/politikomraden\/vardval\/#breadcrumb"},"inLanguage":"sv-SE","potentialAction":[{"@type":"ReadAction","target":["https:\/\/wp.kristdemokraterna.se\/vasternorrland\/var-politik\/politikomraden\/vardval\/"]}]},{"@type":"ImageObject","inLanguage":"sv-SE","@id":"https:\/\/wp.kristdemokraterna.se\/vasternorrland\/var-politik\/politikomraden\/vardval\/#primaryimage","url":"https:\/\/wp.kristdemokraterna.se\/vasternorrland\/files\/2019\/06\/vardval-regelbok-2019.jpg","contentUrl":"https:\/\/wp.kristdemokraterna.se\/vasternorrland\/files\/2019\/06\/vardval-regelbok-2019.jpg","width":1920,"height":1080},{"@type":"BreadcrumbList","@id":"https:\/\/wp.kristdemokraterna.se\/vasternorrland\/var-politik\/politikomraden\/vardval\/#breadcrumb","itemListElement":[{"@type":"ListItem","position":1,"name":"Hem","item":"https:\/\/wp.kristdemokraterna.se\/vasternorrland\/"},{"@type":"ListItem","position":2,"name":"V\u00e5r politik","item":"https:\/\/wp.kristdemokraterna.se\/vasternorrland\/var-politik\/"},{"@type":"ListItem","position":3,"name":"Politikomr\u00e5den","item":"https:\/\/wp.kristdemokraterna.se\/vasternorrland\/var-politik\/politikomraden\/"},{"@type":"ListItem","position":4,"name":"V\u00e5rdval"}]},{"@type":"WebSite","@id":"https:\/\/wp.kristdemokraterna.se\/vasternorrland\/#website","url":"https:\/\/wp.kristdemokraterna.se\/vasternorrland\/","name":"KD V\u00e4sternorrland","description":"V\u00e5rda v\u00e5rden - utveckla prim\u00e4rv\u00e5rden","inLanguage":"sv-SE"}]}},"_links":{"self":[{"href":"https:\/\/wp.kristdemokraterna.se\/vasternorrland\/wp-json\/wp\/v2\/pages\/179738","targetHints":{"allow":["GET"]}}],"collection":[{"href":"https:\/\/wp.kristdemokraterna.se\/vasternorrland\/wp-json\/wp\/v2\/pages"}],"about":[{"href":"https:\/\/wp.kristdemokraterna.se\/vasternorrland\/wp-json\/wp\/v2\/types\/page"}],"author":[{"embeddable":true,"href":"https:\/\/wp.kristdemokraterna.se\/vasternorrland\/wp-json\/wp\/v2\/users\/787"}],"replies":[{"embeddable":true,"href":"https:\/\/wp.kristdemokraterna.se\/vasternorrland\/wp-json\/wp\/v2\/comments?post=179738"}],"version-history":[{"count":7,"href":"https:\/\/wp.kristdemokraterna.se\/vasternorrland\/wp-json\/wp\/v2\/pages\/179738\/revisions"}],"predecessor-version":[{"id":265880,"href":"https:\/\/wp.kristdemokraterna.se\/vasternorrland\/wp-json\/wp\/v2\/pages\/179738\/revisions\/265880"}],"up":[{"embeddable":true,"href":"https:\/\/wp.kristdemokraterna.se\/vasternorrland\/wp-json\/wp\/v2\/pages\/179725"}],"wp:attachment":[{"href":"https:\/\/wp.kristdemokraterna.se\/vasternorrland\/wp-json\/wp\/v2\/media?parent=179738"}],"curies":[{"name":"wp","href":"https:\/\/api.w.org\/{rel}","templated":true}]}}