{"id":179753,"date":"2019-04-16T05:00:30","date_gmt":"2019-04-16T03:00:30","guid":{"rendered":"http:\/\/wp.kristdemokraterna.se\/vasternorrland\/?page_id=179753"},"modified":"2020-11-18T15:01:45","modified_gmt":"2020-11-18T14:01:45","slug":"folkhalsa","status":"publish","type":"page","link":"https:\/\/wp.kristdemokraterna.se\/vasternorrland\/var-politik\/politikomraden\/folkhalsa\/","title":{"rendered":"Folkh\u00e4lsa"},"content":{"rendered":"<p><img decoding=\"async\" class=\"size-full wp-image-199957\" src=\"http:\/\/wp.kristdemokraterna.se\/vasternorrland\/files\/2019\/06\/folkhalsa-rokning-your-life.jpg\" alt=\"\" width=\"100%\" height=\"100%\" srcset=\"https:\/\/wp.kristdemokraterna.se\/vasternorrland\/files\/2019\/06\/folkhalsa-rokning-your-life.jpg 1920w, https:\/\/wp.kristdemokraterna.se\/vasternorrland\/files\/2019\/06\/folkhalsa-rokning-your-life-300x169.jpg 300w, https:\/\/wp.kristdemokraterna.se\/vasternorrland\/files\/2019\/06\/folkhalsa-rokning-your-life-768x432.jpg 768w, https:\/\/wp.kristdemokraterna.se\/vasternorrland\/files\/2019\/06\/folkhalsa-rokning-your-life-540x304.jpg 540w, https:\/\/wp.kristdemokraterna.se\/vasternorrland\/files\/2019\/06\/folkhalsa-rokning-your-life-356x200.jpg 356w, https:\/\/wp.kristdemokraterna.se\/vasternorrland\/files\/2019\/06\/folkhalsa-rokning-your-life-370x208.jpg 370w, https:\/\/wp.kristdemokraterna.se\/vasternorrland\/files\/2019\/06\/folkhalsa-rokning-your-life-770x433.jpg 770w, https:\/\/wp.kristdemokraterna.se\/vasternorrland\/files\/2019\/06\/folkhalsa-rokning-your-life-450x253.jpg 450w, https:\/\/wp.kristdemokraterna.se\/vasternorrland\/files\/2019\/06\/folkhalsa-rokning-your-life-280x158.jpg 280w, https:\/\/wp.kristdemokraterna.se\/vasternorrland\/files\/2019\/06\/folkhalsa-rokning-your-life-340x191.jpg 340w, https:\/\/wp.kristdemokraterna.se\/vasternorrland\/files\/2019\/06\/folkhalsa-rokning-your-life-200x113.jpg 200w, https:\/\/wp.kristdemokraterna.se\/vasternorrland\/files\/2019\/06\/folkhalsa-rokning-your-life-100x56.jpg 100w\" sizes=\"(max-width: 1920px) 100vw, 1920px\" \/><\/p>\n<p>F\u00f6r att minska trycket p\u00e5 v\u00e5rden n\u00e4r gruppen \u00e4ldre blir allt st\u00f6rre s\u00e5 \u00e4r ett strukturerat och l\u00e5ngsiktigt arbete f\u00f6r b\u00e4ttre folkh\u00e4lsa av mycket stor betydelse. F\u00e5r vi till ett friskare V\u00e4sternorrland avlastar vi v\u00e5rden i l\u00e4net. Detta inneb\u00e4r i f\u00f6rl\u00e4ngningen att tillg\u00e4ngligheten till den \u00f6vriga v\u00e5rden \u00f6kar. D\u00e4rf\u00f6r ska folkh\u00e4lsan vara ett prioriterat omr\u00e5de i Region V\u00e4sternorrland, exempelvis \u00e4r h\u00e4lsosamtalen som utf\u00f6rs i prim\u00e4rv\u00e5rden viktiga.<\/p>\n<h2>\u00d6ster\u00e5sen<\/h2>\n<p>En annan viktig pusselbit f\u00f6r att fr\u00e4mja folkh\u00e4lsan i l\u00e4net \u00e4r Livsstilsmedicin \u00d6ster\u00e5sen. Genom att ha fokus p\u00e5 livsstilsfr\u00e5gor i livets alla skeenden, med rehabilitering och konkreta insatser f\u00e5r vi ett friskare V\u00e4sternorrland. Med ett v\u00e4l fungerande arbete med livsstilsfr\u00e5gor kan vi f\u00e5 ner andelen inv\u00e5nare med livsstilssjukdomar s\u00e5som astma, cancer, diabetes, hj\u00e4rt-k\u00e4rl-sjukdomar samt KOL, stroke och tandlossning<\/p>\n<p><strong>Senaste inl\u00e4ggen om folkh\u00e4lsa:<\/strong><br \/>\n<ul class = \"posts-by-tag-list\"><li class=\"posts-by-tag-item alla inl\u00e4gg arbetsmilj\u00f6 budget Covid-19 ekonomi ekonomi\/skatter folkh\u00e4lsa IVO kulturarv ledning\/styrning Mona Hammarstedt oppositionen personal psykisk h\u00e4lsa\" id=\"posts-by-tag-item-328236\"><a class = \"posts-by-tag-item-title\" href=\"https:\/\/wp.kristdemokraterna.se\/vasternorrland\/visst-finns-det-ett-gott-alternativ-till-s-m-l-i-regionen\/\">Visst finns det ett gott alternativ till S, M, L i regionen<\/a> <small>Posted on: 30 november 2020<\/small><\/li><li class=\"posts-by-tag-item folkh\u00e4lsa Mona Hammarstedt \u00d6ster\u00e5sen yrkande\" id=\"posts-by-tag-item-316724\"><a class = \"posts-by-tag-item-title\" href=\"https:\/\/wp.kristdemokraterna.se\/vasternorrland\/gor-osterasen-till-vasternorrlands-centrum-for-folkhalsa\/\">\u00d6ster\u00e5sen ska vara l\u00e4nets centrum f\u00f6r folkh\u00e4lsa<\/a> <small>Posted on: 14 oktober 2020<\/small><\/li><li class=\"posts-by-tag-item alla inl\u00e4gg budget ekonomi ekonomi\/skatter folkh\u00e4lsa fr\u00e5ga ledning\/styrning Liberalerna Moderaterna \u00d6ster\u00e5sen regionplan Socialdemokraterna\" id=\"posts-by-tag-item-306553\"><a class = \"posts-by-tag-item-title\" href=\"https:\/\/wp.kristdemokraterna.se\/vasternorrland\/vad-vill-ni-i-majoriteten-ge-osterasen-for-framtid\/\">Vad vill ni i majoriteten ge \u00d6ster\u00e5sen f\u00f6r framtid?<\/a> <small>Posted on: 3 september 2020<\/small><\/li><li class=\"posts-by-tag-item akutmottagning \u00e4ldre alla inl\u00e4gg civilsamh\u00e4lle ekonomi ekonomi\/skatter folkh\u00e4lsa Joachim Jonsson m\u00e5lbild Mona Hammarstedt prim\u00e4rv\u00e5rd samverkan specialistv\u00e5rd tandv\u00e5rd\" id=\"posts-by-tag-item-287046\"><a class = \"posts-by-tag-item-title\" href=\"https:\/\/wp.kristdemokraterna.se\/vasternorrland\/regionens-nya-malbild-ett-sjalvmal-over-en-misslyckad-politik\/\">Regionens nya m\u00e5lbild \u2013 ett sj\u00e4lvm\u00e5l \u00f6ver en misslyckad politik<\/a> <small>Posted on: 17 juni 2020<\/small><\/li><li class=\"posts-by-tag-item akutmottagning alla inl\u00e4gg \u00e5terremiss folkh\u00e4lsa m\u00e5lbild prim\u00e4rv\u00e5rd regionfullm\u00e4ktige samverkan specialistv\u00e5rd yrkande\" id=\"posts-by-tag-item-287014\"><a class = \"posts-by-tag-item-title\" href=\"https:\/\/wp.kristdemokraterna.se\/vasternorrland\/aterremissyrkande-malbild-for-halso-och-sjukvardens-utveckling-i-region-vasternorrland\/\">\u00c5terremissyrkande M\u00e5lbild f\u00f6r h\u00e4lso- och sjukv\u00e5rdens utveckling i Region V\u00e4sternorrland<\/a> <small>Posted on: 4 juni 2020<\/small><\/li><li class=\"posts-by-tag-item alla inl\u00e4gg cancer Covid-19 ensamhet folkh\u00e4lsa Henrik Sendelbach hj\u00e4rtinfarkt Joachim Jonsson KOL MHFA Mona Hammarstedt prim\u00e4rv\u00e5rd psykiatri sj\u00e4lvmord specialistv\u00e5rd stroke ungdomsmottagning\" id=\"posts-by-tag-item-275434\"><a class = \"posts-by-tag-item-title\" href=\"https:\/\/wp.kristdemokraterna.se\/vasternorrland\/hjalp-varden-i-framtiden-satsa-pa-folkhalsa-nu\/\">Hj\u00e4lp v\u00e5rden i framtiden \u2013 satsa p\u00e5 folkh\u00e4lsa nu!<\/a> <small>Posted on: 3 maj 2020<\/small><\/li><li class=\"posts-by-tag-item \u00c5dalsbanan alla inl\u00e4gg arbetsmilj\u00f6 arbetsvillkor bemanning Covid-19 folkh\u00e4lsa hyrpersonal infrastruktur Joachim Jonsson kompetensf\u00f6rs\u00f6rjning ledning\/styrning Mittbanan Mona Hammarstedt Oskustbanan personal prim\u00e4rv\u00e5rd regional utveckling rekrytering v\u00e5rdk\u00f6er\" id=\"posts-by-tag-item-276187\"><a class = \"posts-by-tag-item-title\" href=\"https:\/\/wp.kristdemokraterna.se\/vasternorrland\/det-saknas-politiskt-ledarskap-i-regionen\/\">Det saknas politiskt ledarskap i Regionen<\/a> <small>Posted on: 2 maj 2020<\/small><\/li><li class=\"posts-by-tag-item alla inl\u00e4gg civilsamh\u00e4lle folkh\u00e4lsa Henrik Sendelbach interpellationsdebatt L\u00e4ns\u00f6verenskommelsen Mellannorrlands hospice palliativ v\u00e5rd PTSD samverkan Sverker \u00c5gren V\u00e5rsta diakonig\u00e5rd\" id=\"posts-by-tag-item-260201\"><a class = \"posts-by-tag-item-title\" href=\"https:\/\/wp.kristdemokraterna.se\/vasternorrland\/osakert-om-lansoverenskommelsens-framtid\/\">Os\u00e4kert om L\u00e4ns\u00f6verenskommelsens framtid<\/a> <small>Posted on: 1 mars 2020<\/small><\/li><li class=\"posts-by-tag-item akutmottagning akutsjukhus alla inl\u00e4gg arbetsmilj\u00f6 arbetsvillkor barn och unga barnav\u00e5rdscentral bemanning centralisering civilsamh\u00e4lle demografi dialog ekonomi ekonomi\/skatter familj familjecentral fast l\u00e4karkontakt folkh\u00e4lsa geriatrik H\u00e4rn\u00f6sands sjukhus helhetsperspektiv hyrpersonal j\u00e4mlik v\u00e5rd kompetens kompetensf\u00f6rs\u00f6rjning kontinuitet m\u00e5lbild nationella riktlinjer patients\u00e4kerhet personal personcentrerad v\u00e5rd prim\u00e4rv\u00e5rd psykiatri psykisk oh\u00e4lsa regional utveckling revisionsintervall samverkan sjukskrivning specialistv\u00e5rd tandv\u00e5rd tillg\u00e4nglighet utbudsf\u00f6r\u00e4ndring\" id=\"posts-by-tag-item-259992\"><a class = \"posts-by-tag-item-title\" href=\"https:\/\/wp.kristdemokraterna.se\/vasternorrland\/inspel-till-en-ny-malbild-i-region-vasternorrland\/\">Inspel till en ny m\u00e5lbild i Region V\u00e4sternorrland<\/a> <small>Posted on: 25 februari 2020<\/small><\/li><li class=\"posts-by-tag-item alla inl\u00e4gg Carl-Olof Svensson folkh\u00e4lsa G\u00f6ran Brorsson Henrik Sendelbach Joachim Jonsson Mona Hammarstedt studiebes\u00f6k ungdomsmottagning\" id=\"posts-by-tag-item-256280\"><a class = \"posts-by-tag-item-title\" href=\"https:\/\/wp.kristdemokraterna.se\/vasternorrland\/kd-besokte-ungdomsmottagningen-i-sundsvall\/\">KD bes\u00f6kte ungdomsmottagningen i Sundsvall<\/a> <small>Posted on: 10 februari 2020<\/small><\/li><\/ul>F\u00f6r samtliga inl\u00e4gg om folkh\u00e4lsa, se <a href=\"http:\/\/wp.kristdemokraterna.se\/vasternorrland\/etiketter\/folkhalsa\/\">h\u00e4r<\/a><\/p>\n<hr \/>\n<p><em>Bilden \u00f6verst: R\u00f6kning &#8211; ditt liv. Foto fr\u00e5n <a href=\"https:\/\/pxhere.com\/sv\/photo\/1153724\">Pxhere.<\/a>c<a href=\"https:\/\/pxhere.com\/sv\/photo\/1153724\">om<\/a> (<a href=\"https:\/\/creativecommons.org\/publicdomain\/zero\/1.0\/deed.sv\">CC0 1.0<\/a>).<\/em><\/p>\n","protected":false},"excerpt":{"rendered":"<p>F\u00f6r att minska trycket p\u00e5 v\u00e5rden n\u00e4r gruppen \u00e4ldre blir allt st\u00f6rre s\u00e5 \u00e4r ett strukturerat och l\u00e5ngsiktigt arbete f\u00f6r b\u00e4ttre folkh\u00e4lsa av mycket stor betydelse. F\u00e5r vi till ett friskare V\u00e4sternorrland avlastar vi v\u00e5rden i l\u00e4net. Detta inneb\u00e4r i f\u00f6rl\u00e4ngningen att tillg\u00e4ngligheten till den \u00f6vriga v\u00e5rden \u00f6kar. D\u00e4rf\u00f6r ska folkh\u00e4lsan vara ett prioriterat omr\u00e5de <a class=\"read-more-link\" href=\"https:\/\/wp.kristdemokraterna.se\/vasternorrland\/var-politik\/politikomraden\/folkhalsa\/\">Read More<\/a><\/p>\n","protected":false},"author":787,"featured_media":0,"parent":179725,"menu_order":4,"comment_status":"closed","ping_status":"closed","template":"index.php","meta":{"_acf_changed":false,"footnotes":""},"class_list":["post-179753","page","type-page","status-publish","hentry"],"acf":[],"yoast_head":"<!-- This site is optimized with the Yoast SEO plugin v27.3 - https:\/\/yoast.com\/product\/yoast-seo-wordpress\/ -->\n<title>Folkh\u00e4lsa | KD V\u00e4sternorrland<\/title>\n<meta name=\"robots\" content=\"index, follow, max-snippet:-1, max-image-preview:large, max-video-preview:-1\" \/>\n<link rel=\"canonical\" href=\"https:\/\/wp.kristdemokraterna.se\/vasternorrland\/var-politik\/politikomraden\/folkhalsa\/\" \/>\n<meta property=\"og:locale\" content=\"sv_SE\" \/>\n<meta property=\"og:type\" content=\"article\" \/>\n<meta property=\"og:title\" content=\"Folkh\u00e4lsa | KD V\u00e4sternorrland\" \/>\n<meta property=\"og:description\" content=\"F\u00f6r att minska trycket p\u00e5 v\u00e5rden n\u00e4r gruppen \u00e4ldre blir allt st\u00f6rre s\u00e5 \u00e4r ett strukturerat och l\u00e5ngsiktigt arbete f\u00f6r b\u00e4ttre folkh\u00e4lsa av mycket stor betydelse. F\u00e5r vi till ett friskare V\u00e4sternorrland avlastar vi v\u00e5rden i l\u00e4net. Detta inneb\u00e4r i f\u00f6rl\u00e4ngningen att tillg\u00e4ngligheten till den \u00f6vriga v\u00e5rden \u00f6kar. D\u00e4rf\u00f6r ska folkh\u00e4lsan vara ett prioriterat omr\u00e5de Read More\" \/>\n<meta property=\"og:url\" content=\"https:\/\/wp.kristdemokraterna.se\/vasternorrland\/var-politik\/politikomraden\/folkhalsa\/\" \/>\n<meta property=\"og:site_name\" content=\"KD V\u00e4sternorrland\" \/>\n<meta property=\"article:publisher\" content=\"https:\/\/www.facebook.com\/kdrvn\/\" \/>\n<meta property=\"article:modified_time\" content=\"2020-11-18T14:01:45+00:00\" \/>\n<meta property=\"og:image\" content=\"http:\/\/wp.kristdemokraterna.se\/vasternorrland\/files\/2019\/06\/folkhalsa-rokning-your-life.jpg\" \/>\n<meta name=\"twitter:card\" content=\"summary_large_image\" \/>\n<meta name=\"twitter:label1\" content=\"Ber\u00e4knad l\u00e4stid\" \/>\n\t<meta name=\"twitter:data1\" content=\"1 minut\" \/>\n<script type=\"application\/ld+json\" class=\"yoast-schema-graph\">{\"@context\":\"https:\\\/\\\/schema.org\",\"@graph\":[{\"@type\":\"WebPage\",\"@id\":\"https:\\\/\\\/wp.kristdemokraterna.se\\\/vasternorrland\\\/var-politik\\\/politikomraden\\\/folkhalsa\\\/\",\"url\":\"https:\\\/\\\/wp.kristdemokraterna.se\\\/vasternorrland\\\/var-politik\\\/politikomraden\\\/folkhalsa\\\/\",\"name\":\"Folkh\u00e4lsa | KD V\u00e4sternorrland\",\"isPartOf\":{\"@id\":\"https:\\\/\\\/wp.kristdemokraterna.se\\\/vasternorrland\\\/#website\"},\"primaryImageOfPage\":{\"@id\":\"https:\\\/\\\/wp.kristdemokraterna.se\\\/vasternorrland\\\/var-politik\\\/politikomraden\\\/folkhalsa\\\/#primaryimage\"},\"image\":{\"@id\":\"https:\\\/\\\/wp.kristdemokraterna.se\\\/vasternorrland\\\/var-politik\\\/politikomraden\\\/folkhalsa\\\/#primaryimage\"},\"thumbnailUrl\":\"http:\\\/\\\/wp.kristdemokraterna.se\\\/vasternorrland\\\/files\\\/2019\\\/06\\\/folkhalsa-rokning-your-life.jpg\",\"datePublished\":\"2019-04-16T03:00:30+00:00\",\"dateModified\":\"2020-11-18T14:01:45+00:00\",\"breadcrumb\":{\"@id\":\"https:\\\/\\\/wp.kristdemokraterna.se\\\/vasternorrland\\\/var-politik\\\/politikomraden\\\/folkhalsa\\\/#breadcrumb\"},\"inLanguage\":\"sv-SE\",\"potentialAction\":[{\"@type\":\"ReadAction\",\"target\":[\"https:\\\/\\\/wp.kristdemokraterna.se\\\/vasternorrland\\\/var-politik\\\/politikomraden\\\/folkhalsa\\\/\"]}]},{\"@type\":\"ImageObject\",\"inLanguage\":\"sv-SE\",\"@id\":\"https:\\\/\\\/wp.kristdemokraterna.se\\\/vasternorrland\\\/var-politik\\\/politikomraden\\\/folkhalsa\\\/#primaryimage\",\"url\":\"http:\\\/\\\/wp.kristdemokraterna.se\\\/vasternorrland\\\/files\\\/2019\\\/06\\\/folkhalsa-rokning-your-life.jpg\",\"contentUrl\":\"http:\\\/\\\/wp.kristdemokraterna.se\\\/vasternorrland\\\/files\\\/2019\\\/06\\\/folkhalsa-rokning-your-life.jpg\"},{\"@type\":\"BreadcrumbList\",\"@id\":\"https:\\\/\\\/wp.kristdemokraterna.se\\\/vasternorrland\\\/var-politik\\\/politikomraden\\\/folkhalsa\\\/#breadcrumb\",\"itemListElement\":[{\"@type\":\"ListItem\",\"position\":1,\"name\":\"Hem\",\"item\":\"https:\\\/\\\/wp.kristdemokraterna.se\\\/vasternorrland\\\/\"},{\"@type\":\"ListItem\",\"position\":2,\"name\":\"V\u00e5r politik\",\"item\":\"https:\\\/\\\/wp.kristdemokraterna.se\\\/vasternorrland\\\/var-politik\\\/\"},{\"@type\":\"ListItem\",\"position\":3,\"name\":\"Politikomr\u00e5den\",\"item\":\"https:\\\/\\\/wp.kristdemokraterna.se\\\/vasternorrland\\\/var-politik\\\/politikomraden\\\/\"},{\"@type\":\"ListItem\",\"position\":4,\"name\":\"Folkh\u00e4lsa\"}]},{\"@type\":\"WebSite\",\"@id\":\"https:\\\/\\\/wp.kristdemokraterna.se\\\/vasternorrland\\\/#website\",\"url\":\"https:\\\/\\\/wp.kristdemokraterna.se\\\/vasternorrland\\\/\",\"name\":\"KD V\u00e4sternorrland\",\"description\":\"V\u00e5rda v\u00e5rden - utveckla prim\u00e4rv\u00e5rden\",\"inLanguage\":\"sv-SE\"}]}<\/script>\n<!-- \/ Yoast SEO plugin. -->","yoast_head_json":{"title":"Folkh\u00e4lsa | KD V\u00e4sternorrland","robots":{"index":"index","follow":"follow","max-snippet":"max-snippet:-1","max-image-preview":"max-image-preview:large","max-video-preview":"max-video-preview:-1"},"canonical":"https:\/\/wp.kristdemokraterna.se\/vasternorrland\/var-politik\/politikomraden\/folkhalsa\/","og_locale":"sv_SE","og_type":"article","og_title":"Folkh\u00e4lsa | KD V\u00e4sternorrland","og_description":"F\u00f6r att minska trycket p\u00e5 v\u00e5rden n\u00e4r gruppen \u00e4ldre blir allt st\u00f6rre s\u00e5 \u00e4r ett strukturerat och l\u00e5ngsiktigt arbete f\u00f6r b\u00e4ttre folkh\u00e4lsa av mycket stor betydelse. F\u00e5r vi till ett friskare V\u00e4sternorrland avlastar vi v\u00e5rden i l\u00e4net. Detta inneb\u00e4r i f\u00f6rl\u00e4ngningen att tillg\u00e4ngligheten till den \u00f6vriga v\u00e5rden \u00f6kar. D\u00e4rf\u00f6r ska folkh\u00e4lsan vara ett prioriterat omr\u00e5de Read More","og_url":"https:\/\/wp.kristdemokraterna.se\/vasternorrland\/var-politik\/politikomraden\/folkhalsa\/","og_site_name":"KD V\u00e4sternorrland","article_publisher":"https:\/\/www.facebook.com\/kdrvn\/","article_modified_time":"2020-11-18T14:01:45+00:00","og_image":[{"url":"http:\/\/wp.kristdemokraterna.se\/vasternorrland\/files\/2019\/06\/folkhalsa-rokning-your-life.jpg","type":"","width":"","height":""}],"twitter_card":"summary_large_image","twitter_misc":{"Ber\u00e4knad l\u00e4stid":"1 minut"},"schema":{"@context":"https:\/\/schema.org","@graph":[{"@type":"WebPage","@id":"https:\/\/wp.kristdemokraterna.se\/vasternorrland\/var-politik\/politikomraden\/folkhalsa\/","url":"https:\/\/wp.kristdemokraterna.se\/vasternorrland\/var-politik\/politikomraden\/folkhalsa\/","name":"Folkh\u00e4lsa | KD V\u00e4sternorrland","isPartOf":{"@id":"https:\/\/wp.kristdemokraterna.se\/vasternorrland\/#website"},"primaryImageOfPage":{"@id":"https:\/\/wp.kristdemokraterna.se\/vasternorrland\/var-politik\/politikomraden\/folkhalsa\/#primaryimage"},"image":{"@id":"https:\/\/wp.kristdemokraterna.se\/vasternorrland\/var-politik\/politikomraden\/folkhalsa\/#primaryimage"},"thumbnailUrl":"http:\/\/wp.kristdemokraterna.se\/vasternorrland\/files\/2019\/06\/folkhalsa-rokning-your-life.jpg","datePublished":"2019-04-16T03:00:30+00:00","dateModified":"2020-11-18T14:01:45+00:00","breadcrumb":{"@id":"https:\/\/wp.kristdemokraterna.se\/vasternorrland\/var-politik\/politikomraden\/folkhalsa\/#breadcrumb"},"inLanguage":"sv-SE","potentialAction":[{"@type":"ReadAction","target":["https:\/\/wp.kristdemokraterna.se\/vasternorrland\/var-politik\/politikomraden\/folkhalsa\/"]}]},{"@type":"ImageObject","inLanguage":"sv-SE","@id":"https:\/\/wp.kristdemokraterna.se\/vasternorrland\/var-politik\/politikomraden\/folkhalsa\/#primaryimage","url":"http:\/\/wp.kristdemokraterna.se\/vasternorrland\/files\/2019\/06\/folkhalsa-rokning-your-life.jpg","contentUrl":"http:\/\/wp.kristdemokraterna.se\/vasternorrland\/files\/2019\/06\/folkhalsa-rokning-your-life.jpg"},{"@type":"BreadcrumbList","@id":"https:\/\/wp.kristdemokraterna.se\/vasternorrland\/var-politik\/politikomraden\/folkhalsa\/#breadcrumb","itemListElement":[{"@type":"ListItem","position":1,"name":"Hem","item":"https:\/\/wp.kristdemokraterna.se\/vasternorrland\/"},{"@type":"ListItem","position":2,"name":"V\u00e5r politik","item":"https:\/\/wp.kristdemokraterna.se\/vasternorrland\/var-politik\/"},{"@type":"ListItem","position":3,"name":"Politikomr\u00e5den","item":"https:\/\/wp.kristdemokraterna.se\/vasternorrland\/var-politik\/politikomraden\/"},{"@type":"ListItem","position":4,"name":"Folkh\u00e4lsa"}]},{"@type":"WebSite","@id":"https:\/\/wp.kristdemokraterna.se\/vasternorrland\/#website","url":"https:\/\/wp.kristdemokraterna.se\/vasternorrland\/","name":"KD V\u00e4sternorrland","description":"V\u00e5rda v\u00e5rden - utveckla prim\u00e4rv\u00e5rden","inLanguage":"sv-SE"}]}},"_links":{"self":[{"href":"https:\/\/wp.kristdemokraterna.se\/vasternorrland\/wp-json\/wp\/v2\/pages\/179753","targetHints":{"allow":["GET"]}}],"collection":[{"href":"https:\/\/wp.kristdemokraterna.se\/vasternorrland\/wp-json\/wp\/v2\/pages"}],"about":[{"href":"https:\/\/wp.kristdemokraterna.se\/vasternorrland\/wp-json\/wp\/v2\/types\/page"}],"author":[{"embeddable":true,"href":"https:\/\/wp.kristdemokraterna.se\/vasternorrland\/wp-json\/wp\/v2\/users\/787"}],"replies":[{"embeddable":true,"href":"https:\/\/wp.kristdemokraterna.se\/vasternorrland\/wp-json\/wp\/v2\/comments?post=179753"}],"version-history":[{"count":6,"href":"https:\/\/wp.kristdemokraterna.se\/vasternorrland\/wp-json\/wp\/v2\/pages\/179753\/revisions"}],"predecessor-version":[{"id":324912,"href":"https:\/\/wp.kristdemokraterna.se\/vasternorrland\/wp-json\/wp\/v2\/pages\/179753\/revisions\/324912"}],"up":[{"embeddable":true,"href":"https:\/\/wp.kristdemokraterna.se\/vasternorrland\/wp-json\/wp\/v2\/pages\/179725"}],"wp:attachment":[{"href":"https:\/\/wp.kristdemokraterna.se\/vasternorrland\/wp-json\/wp\/v2\/media?parent=179753"}],"curies":[{"name":"wp","href":"https:\/\/api.w.org\/{rel}","templated":true}]}}