{"id":179985,"date":"2019-04-16T08:00:35","date_gmt":"2019-04-16T06:00:35","guid":{"rendered":"http:\/\/wp.kristdemokraterna.se\/vasternorrland\/?page_id=179985"},"modified":"2019-06-26T15:14:11","modified_gmt":"2019-06-26T13:14:11","slug":"kultur","status":"publish","type":"page","link":"https:\/\/wp.kristdemokraterna.se\/vasternorrland\/var-politik\/politikomraden\/kultur\/","title":{"rendered":"Kultur"},"content":{"rendered":"<p><img decoding=\"async\" class=\"size-full wp-image-199944\" src=\"http:\/\/wp.kristdemokraterna.se\/vasternorrland\/files\/2019\/06\/kultur-sundsvalls-teater.jpg\" alt=\"\" width=\"100%\" height=\"100%\" srcset=\"https:\/\/wp.kristdemokraterna.se\/vasternorrland\/files\/2019\/06\/kultur-sundsvalls-teater.jpg 1920w, https:\/\/wp.kristdemokraterna.se\/vasternorrland\/files\/2019\/06\/kultur-sundsvalls-teater-300x169.jpg 300w, https:\/\/wp.kristdemokraterna.se\/vasternorrland\/files\/2019\/06\/kultur-sundsvalls-teater-768x432.jpg 768w, https:\/\/wp.kristdemokraterna.se\/vasternorrland\/files\/2019\/06\/kultur-sundsvalls-teater-540x304.jpg 540w, https:\/\/wp.kristdemokraterna.se\/vasternorrland\/files\/2019\/06\/kultur-sundsvalls-teater-356x200.jpg 356w, https:\/\/wp.kristdemokraterna.se\/vasternorrland\/files\/2019\/06\/kultur-sundsvalls-teater-370x208.jpg 370w, https:\/\/wp.kristdemokraterna.se\/vasternorrland\/files\/2019\/06\/kultur-sundsvalls-teater-770x433.jpg 770w, https:\/\/wp.kristdemokraterna.se\/vasternorrland\/files\/2019\/06\/kultur-sundsvalls-teater-450x253.jpg 450w, https:\/\/wp.kristdemokraterna.se\/vasternorrland\/files\/2019\/06\/kultur-sundsvalls-teater-280x158.jpg 280w, https:\/\/wp.kristdemokraterna.se\/vasternorrland\/files\/2019\/06\/kultur-sundsvalls-teater-340x191.jpg 340w, https:\/\/wp.kristdemokraterna.se\/vasternorrland\/files\/2019\/06\/kultur-sundsvalls-teater-200x113.jpg 200w, https:\/\/wp.kristdemokraterna.se\/vasternorrland\/files\/2019\/06\/kultur-sundsvalls-teater-100x56.jpg 100w\" sizes=\"(max-width: 1920px) 100vw, 1920px\" \/><\/p>\n<p>Kultur \u00e4r v\u00e4rdeskapande, h\u00e4lsofr\u00e4mjande och rehabiliterande. Den har betydelse f\u00f6r att g\u00f6ra l\u00e4net attraktivt och fr\u00e4mjar den regionala tillv\u00e4xten!<\/p>\n<p>Kulturplanen f\u00f6r V\u00e4sternorrland \u00e4r styrande f\u00f6r regionens insatser och uppf\u00f6ljning g\u00f6rs gemensamt i l\u00e4net via bland annat Kulturforum. Centralt i regionens uppdrag \u00e4r att m\u00f6jligg\u00f6ra ett basutbud av kultur i hela l\u00e4net.<br \/>\nBarns och ungas delaktighet i kulturlivet ska fortsatt prioriteras liksom att ge personer med funktionsneds\u00e4ttning \u00f6kade m\u00f6jligheter att b\u00e5de att ta del av och sj\u00e4lva ut\u00f6va kultur.<\/p>\n<p><strong>Senaste inl\u00e4ggen om kultur:<\/strong><br \/>\n<ul class = \"posts-by-tag-list\"><li class=\"posts-by-tag-item f\u00f6rs\u00e4kring interpellation Joachim Jonsson kultur V\u00e4sternorrlands museum\" id=\"posts-by-tag-item-321089\"><a class = \"posts-by-tag-item-title\" href=\"https:\/\/wp.kristdemokraterna.se\/vasternorrland\/interpellation-vasternorrlands-museum\/\">Interpellation: V\u00e4sternorrlands museum<\/a> <small>Posted on: 3 november 2020<\/small><\/li><li class=\"posts-by-tag-item alla inl\u00e4gg bio film kultur Leif Jacobsson Liza-Maria Norlin moms\" id=\"posts-by-tag-item-294495\"><a class = \"posts-by-tag-item-title\" href=\"https:\/\/wp.kristdemokraterna.se\/vasternorrland\/sank-biomomsen-film-ar-kultur-inget-annat\/\">S\u00e4nk biomomsen \u2013 film \u00e4r kultur, inget annat<\/a> <small>Posted on: 11 april 2017<\/small><\/li><li class=\"posts-by-tag-item alla inl\u00e4gg debattartikel G\u00f6ran Solsj\u00f6 Gunl\u00f6g Jacobsson h\u00e4rn\u00f6sand kultur kulturarv L\u00e4nsmuseet Sollefte\u00e5 Textilarkivet\" id=\"posts-by-tag-item-293639\"><a class = \"posts-by-tag-item-title\" href=\"https:\/\/wp.kristdemokraterna.se\/vasternorrland\/har-vi-rad-att-forlora-annu-en-kulturskatt\/\">Har vi r\u00e5d att f\u00f6rlora \u00e4nnu en kulturskatt?<\/a> <small>Posted on: 4 februari 2017<\/small><\/li><li class=\"posts-by-tag-item alla inl\u00e4gg folkh\u00e4lsa fysisk aktivitet interpellationssvar kultur Mona Hammarstedt pilotprojekt recept regionfullm\u00e4ktige\" id=\"posts-by-tag-item-120241\"><a class = \"posts-by-tag-item-title\" href=\"https:\/\/wp.kristdemokraterna.se\/vasternorrland\/pilotprojektet-kultur-pa-recept-glomdes-medvetet-bort\/\">Pilotprojektet Kultur p\u00e5 recept gl\u00f6mdes (medvetet?) bort<\/a> <small>Posted on: 27 november 2016<\/small><\/li><li class=\"posts-by-tag-item alla inl\u00e4gg fysisk aktivitet interpellation kultur Mona Hammarstedt recept recept\/l\u00e4kemedel\" id=\"posts-by-tag-item-180012\"><a class = \"posts-by-tag-item-title\" href=\"https:\/\/wp.kristdemokraterna.se\/vasternorrland\/fysisk-aktivitet-och-kultur-pa-recept\/\">Interpellation: Fysisk aktivitet och kultur p\u00e5 recept<\/a> <small>Posted on: 5 september 2016<\/small><\/li><li class=\"posts-by-tag-item alla inl\u00e4gg dialog ekonomi ekonomi\/skatter insatsplan kultur Mona Hammarstedt omtag patientavgift personal pressmeddelande skatteh\u00f6jning skatter utbildning\" id=\"posts-by-tag-item-120554\"><a class = \"posts-by-tag-item-title\" href=\"https:\/\/wp.kristdemokraterna.se\/vasternorrland\/70-ore-behovs-for-ekonomi-i-balans\/\">70 \u00f6re beh\u00f6vs f\u00f6r ekonomi i balans!<\/a> <small>Posted on: 28 oktober 2015<\/small><\/li><li class=\"posts-by-tag-item alla inl\u00e4gg ins\u00e4ndare kultur kulturplan Scenkonst V\u00e4sternorrland Sverker \u00c5gren\" id=\"posts-by-tag-item-142649\"><a class = \"posts-by-tag-item-title\" href=\"https:\/\/wp.kristdemokraterna.se\/vasternorrland\/vi-satsar-pa-scenkonstbolaget\/\">Vi satsar p\u00e5 Scenkonstbolaget<\/a> <small>Posted on: 1 april 2014<\/small><\/li><li class=\"posts-by-tag-item alla inl\u00e4gg bes\u00f6k G\u00f6ran Solsj\u00f6 Gunl\u00f6g Jacobsson kultur prim\u00e4rv\u00e5rd Sollefte\u00e5 Sverker \u00c5gren\" id=\"posts-by-tag-item-120127\"><a class = \"posts-by-tag-item-title\" href=\"https:\/\/wp.kristdemokraterna.se\/vasternorrland\/barn-och-ungas-villkor-satter-agendan\/\">Barn och ungas villkor s\u00e4tter agendan<\/a> <small>Posted on: 18 juni 2013<\/small><\/li><li class=\"posts-by-tag-item kultur kulturarv kulturplan L\u00e4nsmuseet Murberget Sverker \u00c5gren\" id=\"posts-by-tag-item-142677\"><a class = \"posts-by-tag-item-title\" href=\"https:\/\/wp.kristdemokraterna.se\/vasternorrland\/murberget-en-relevant-kraft-for-hela-vasternorrland\/\">Murberget, en relevant kraft f\u00f6r hela V\u00e4sternorrland!<\/a> <small>Posted on: 22 juni 2012<\/small><\/li><li class=\"posts-by-tag-item akutmottagning \u00e4ldreomsorg alkohol alla inl\u00e4gg allergi ambulans anh\u00f6rigst\u00f6d arbetsmilj\u00f6 arbetsvillkor \u00e5tervinning bist\u00e5nd buller BUP BVC cancer civilsamh\u00e4lle decentralisering demokrati diabetes d\u00f6dshj\u00e4lp droger ekonomi ekonomi\/skatter etik etik och j\u00e4mlikhet familj familjel\u00e4kare flykting folkh\u00e4lsa Folktandv\u00e5rden f\u00f6rebyggande v\u00e5rd forskning f\u00f6rvaltarskap funktionsneds\u00e4ttning geriatrik helhetssyn hemsjukv\u00e5rd hj\u00e4lpmedel h\u00f6gkostnadsskydd hospice incest invandrare j\u00e4mlikhet karies kostnadskontroll kultur kvalitet kvicksilver m\u00e4nniskov\u00e4rde migration milj\u00f6 och energi missbruk missbruksv\u00e5rd onkologi operation \u00f6vergrepp palliativ v\u00e5rd personal preventivmedel prim\u00e4rv\u00e5rd psykiatri psykisk oh\u00e4lsa rehabilitering r\u00f6kning samverkan Sjukhuskyrkan skatteh\u00f6jning skatter skatteutj\u00e4mningssystem sm\u00e4rtlindring snusning solidaritet specialistv\u00e5rd STD st\u00f6dsamtal stress subsidiraritetsprincipen tandhygienist tandlossning tandv\u00e5rd trygghet ungdomsmottagning universitet utbildning valfrihet\" id=\"posts-by-tag-item-314931\"><a class = \"posts-by-tag-item-title\" href=\"https:\/\/wp.kristdemokraterna.se\/vasternorrland\/kds-vasternorrlands-halso-amp-sjukvardspolitiska-handlingsprogram-1995-1998\/\">KdS V\u00e4sternorrlands H\u00e4lso- &amp; sjukv\u00e5rdspolitiska handlingsprogram 1995-1998<\/a> <small>Posted on: 1 oktober 1994<\/small><\/li><\/ul>F\u00f6r samtliga inl\u00e4gg om kultur, se <a href=\"http:\/\/wp.kristdemokraterna.se\/vasternorrland\/etiketter\/kultur\/\">h\u00e4r<\/a><\/p>\n<hr \/>\n<p><em>Bilden \u00f6verst: Sundsvalls teater. Foto av Hans Lindqvist p\u00e5 Wikimedia Commons (<a href=\"https:\/\/en.wikipedia.org\/wiki\/Public-domain-equivalent_license\">Public Domain<\/a>).<\/em><\/p>\n","protected":false},"excerpt":{"rendered":"<p>Kultur \u00e4r v\u00e4rdeskapande, h\u00e4lsofr\u00e4mjande och rehabiliterande. Den har betydelse f\u00f6r att g\u00f6ra l\u00e4net attraktivt och fr\u00e4mjar den regionala tillv\u00e4xten! Kulturplanen f\u00f6r V\u00e4sternorrland \u00e4r styrande f\u00f6r regionens insatser och uppf\u00f6ljning g\u00f6rs gemensamt i l\u00e4net via bland annat Kulturforum. Centralt i regionens uppdrag \u00e4r att m\u00f6jligg\u00f6ra ett basutbud av kultur i hela l\u00e4net. Barns och ungas delaktighet <a class=\"read-more-link\" href=\"https:\/\/wp.kristdemokraterna.se\/vasternorrland\/var-politik\/politikomraden\/kultur\/\">Read More<\/a><\/p>\n","protected":false},"author":787,"featured_media":0,"parent":179725,"menu_order":8,"comment_status":"closed","ping_status":"closed","template":"","meta":{"_acf_changed":false,"footnotes":""},"class_list":["post-179985","page","type-page","status-publish","hentry"],"acf":[],"yoast_head":"<!-- This site is optimized with the Yoast SEO plugin v27.4 - https:\/\/yoast.com\/product\/yoast-seo-wordpress\/ -->\n<title>Kultur | KD V\u00e4sternorrland<\/title>\n<meta name=\"robots\" content=\"index, follow, max-snippet:-1, max-image-preview:large, max-video-preview:-1\" \/>\n<link rel=\"canonical\" href=\"https:\/\/wp.kristdemokraterna.se\/vasternorrland\/var-politik\/politikomraden\/kultur\/\" \/>\n<meta property=\"og:locale\" content=\"sv_SE\" \/>\n<meta property=\"og:type\" content=\"article\" \/>\n<meta property=\"og:title\" content=\"Kultur | KD V\u00e4sternorrland\" \/>\n<meta property=\"og:description\" content=\"Kultur \u00e4r v\u00e4rdeskapande, h\u00e4lsofr\u00e4mjande och rehabiliterande. Den har betydelse f\u00f6r att g\u00f6ra l\u00e4net attraktivt och fr\u00e4mjar den regionala tillv\u00e4xten! Kulturplanen f\u00f6r V\u00e4sternorrland \u00e4r styrande f\u00f6r regionens insatser och uppf\u00f6ljning g\u00f6rs gemensamt i l\u00e4net via bland annat Kulturforum. Centralt i regionens uppdrag \u00e4r att m\u00f6jligg\u00f6ra ett basutbud av kultur i hela l\u00e4net. Barns och ungas delaktighet Read More\" \/>\n<meta property=\"og:url\" content=\"https:\/\/wp.kristdemokraterna.se\/vasternorrland\/var-politik\/politikomraden\/kultur\/\" \/>\n<meta property=\"og:site_name\" content=\"KD V\u00e4sternorrland\" \/>\n<meta property=\"article:publisher\" content=\"https:\/\/www.facebook.com\/kdrvn\/\" \/>\n<meta property=\"article:modified_time\" content=\"2019-06-26T13:14:11+00:00\" \/>\n<meta property=\"og:image\" content=\"http:\/\/wp.kristdemokraterna.se\/vasternorrland\/files\/2019\/06\/kultur-sundsvalls-teater.jpg\" \/>\n<meta name=\"twitter:card\" content=\"summary_large_image\" \/>\n<meta name=\"twitter:label1\" content=\"Ber\u00e4knad l\u00e4stid\" \/>\n\t<meta name=\"twitter:data1\" content=\"1 minut\" \/>\n<script type=\"application\/ld+json\" class=\"yoast-schema-graph\">{\"@context\":\"https:\\\/\\\/schema.org\",\"@graph\":[{\"@type\":\"WebPage\",\"@id\":\"https:\\\/\\\/wp.kristdemokraterna.se\\\/vasternorrland\\\/var-politik\\\/politikomraden\\\/kultur\\\/\",\"url\":\"https:\\\/\\\/wp.kristdemokraterna.se\\\/vasternorrland\\\/var-politik\\\/politikomraden\\\/kultur\\\/\",\"name\":\"Kultur | KD V\u00e4sternorrland\",\"isPartOf\":{\"@id\":\"https:\\\/\\\/wp.kristdemokraterna.se\\\/vasternorrland\\\/#website\"},\"primaryImageOfPage\":{\"@id\":\"https:\\\/\\\/wp.kristdemokraterna.se\\\/vasternorrland\\\/var-politik\\\/politikomraden\\\/kultur\\\/#primaryimage\"},\"image\":{\"@id\":\"https:\\\/\\\/wp.kristdemokraterna.se\\\/vasternorrland\\\/var-politik\\\/politikomraden\\\/kultur\\\/#primaryimage\"},\"thumbnailUrl\":\"http:\\\/\\\/wp.kristdemokraterna.se\\\/vasternorrland\\\/files\\\/2019\\\/06\\\/kultur-sundsvalls-teater.jpg\",\"datePublished\":\"2019-04-16T06:00:35+00:00\",\"dateModified\":\"2019-06-26T13:14:11+00:00\",\"breadcrumb\":{\"@id\":\"https:\\\/\\\/wp.kristdemokraterna.se\\\/vasternorrland\\\/var-politik\\\/politikomraden\\\/kultur\\\/#breadcrumb\"},\"inLanguage\":\"sv-SE\",\"potentialAction\":[{\"@type\":\"ReadAction\",\"target\":[\"https:\\\/\\\/wp.kristdemokraterna.se\\\/vasternorrland\\\/var-politik\\\/politikomraden\\\/kultur\\\/\"]}]},{\"@type\":\"ImageObject\",\"inLanguage\":\"sv-SE\",\"@id\":\"https:\\\/\\\/wp.kristdemokraterna.se\\\/vasternorrland\\\/var-politik\\\/politikomraden\\\/kultur\\\/#primaryimage\",\"url\":\"https:\\\/\\\/wp.kristdemokraterna.se\\\/vasternorrland\\\/files\\\/2019\\\/06\\\/kultur-sundsvalls-teater.jpg\",\"contentUrl\":\"https:\\\/\\\/wp.kristdemokraterna.se\\\/vasternorrland\\\/files\\\/2019\\\/06\\\/kultur-sundsvalls-teater.jpg\",\"width\":1920,\"height\":1080,\"caption\":\"Bilden \u00f6verst: Sundsvalls teater. Foto av Hans Lindqvist p\u00e5 Wikimedia Commons.\"},{\"@type\":\"BreadcrumbList\",\"@id\":\"https:\\\/\\\/wp.kristdemokraterna.se\\\/vasternorrland\\\/var-politik\\\/politikomraden\\\/kultur\\\/#breadcrumb\",\"itemListElement\":[{\"@type\":\"ListItem\",\"position\":1,\"name\":\"Hem\",\"item\":\"https:\\\/\\\/wp.kristdemokraterna.se\\\/vasternorrland\\\/\"},{\"@type\":\"ListItem\",\"position\":2,\"name\":\"V\u00e5r politik\",\"item\":\"https:\\\/\\\/wp.kristdemokraterna.se\\\/vasternorrland\\\/var-politik\\\/\"},{\"@type\":\"ListItem\",\"position\":3,\"name\":\"Politikomr\u00e5den\",\"item\":\"https:\\\/\\\/wp.kristdemokraterna.se\\\/vasternorrland\\\/var-politik\\\/politikomraden\\\/\"},{\"@type\":\"ListItem\",\"position\":4,\"name\":\"Kultur\"}]},{\"@type\":\"WebSite\",\"@id\":\"https:\\\/\\\/wp.kristdemokraterna.se\\\/vasternorrland\\\/#website\",\"url\":\"https:\\\/\\\/wp.kristdemokraterna.se\\\/vasternorrland\\\/\",\"name\":\"KD V\u00e4sternorrland\",\"description\":\"V\u00e5rda v\u00e5rden - utveckla prim\u00e4rv\u00e5rden\",\"inLanguage\":\"sv-SE\"}]}<\/script>\n<!-- \/ Yoast SEO plugin. -->","yoast_head_json":{"title":"Kultur | KD V\u00e4sternorrland","robots":{"index":"index","follow":"follow","max-snippet":"max-snippet:-1","max-image-preview":"max-image-preview:large","max-video-preview":"max-video-preview:-1"},"canonical":"https:\/\/wp.kristdemokraterna.se\/vasternorrland\/var-politik\/politikomraden\/kultur\/","og_locale":"sv_SE","og_type":"article","og_title":"Kultur | KD V\u00e4sternorrland","og_description":"Kultur \u00e4r v\u00e4rdeskapande, h\u00e4lsofr\u00e4mjande och rehabiliterande. Den har betydelse f\u00f6r att g\u00f6ra l\u00e4net attraktivt och fr\u00e4mjar den regionala tillv\u00e4xten! Kulturplanen f\u00f6r V\u00e4sternorrland \u00e4r styrande f\u00f6r regionens insatser och uppf\u00f6ljning g\u00f6rs gemensamt i l\u00e4net via bland annat Kulturforum. Centralt i regionens uppdrag \u00e4r att m\u00f6jligg\u00f6ra ett basutbud av kultur i hela l\u00e4net. Barns och ungas delaktighet Read More","og_url":"https:\/\/wp.kristdemokraterna.se\/vasternorrland\/var-politik\/politikomraden\/kultur\/","og_site_name":"KD V\u00e4sternorrland","article_publisher":"https:\/\/www.facebook.com\/kdrvn\/","article_modified_time":"2019-06-26T13:14:11+00:00","og_image":[{"url":"http:\/\/wp.kristdemokraterna.se\/vasternorrland\/files\/2019\/06\/kultur-sundsvalls-teater.jpg","type":"","width":"","height":""}],"twitter_card":"summary_large_image","twitter_misc":{"Ber\u00e4knad l\u00e4stid":"1 minut"},"schema":{"@context":"https:\/\/schema.org","@graph":[{"@type":"WebPage","@id":"https:\/\/wp.kristdemokraterna.se\/vasternorrland\/var-politik\/politikomraden\/kultur\/","url":"https:\/\/wp.kristdemokraterna.se\/vasternorrland\/var-politik\/politikomraden\/kultur\/","name":"Kultur | KD V\u00e4sternorrland","isPartOf":{"@id":"https:\/\/wp.kristdemokraterna.se\/vasternorrland\/#website"},"primaryImageOfPage":{"@id":"https:\/\/wp.kristdemokraterna.se\/vasternorrland\/var-politik\/politikomraden\/kultur\/#primaryimage"},"image":{"@id":"https:\/\/wp.kristdemokraterna.se\/vasternorrland\/var-politik\/politikomraden\/kultur\/#primaryimage"},"thumbnailUrl":"http:\/\/wp.kristdemokraterna.se\/vasternorrland\/files\/2019\/06\/kultur-sundsvalls-teater.jpg","datePublished":"2019-04-16T06:00:35+00:00","dateModified":"2019-06-26T13:14:11+00:00","breadcrumb":{"@id":"https:\/\/wp.kristdemokraterna.se\/vasternorrland\/var-politik\/politikomraden\/kultur\/#breadcrumb"},"inLanguage":"sv-SE","potentialAction":[{"@type":"ReadAction","target":["https:\/\/wp.kristdemokraterna.se\/vasternorrland\/var-politik\/politikomraden\/kultur\/"]}]},{"@type":"ImageObject","inLanguage":"sv-SE","@id":"https:\/\/wp.kristdemokraterna.se\/vasternorrland\/var-politik\/politikomraden\/kultur\/#primaryimage","url":"https:\/\/wp.kristdemokraterna.se\/vasternorrland\/files\/2019\/06\/kultur-sundsvalls-teater.jpg","contentUrl":"https:\/\/wp.kristdemokraterna.se\/vasternorrland\/files\/2019\/06\/kultur-sundsvalls-teater.jpg","width":1920,"height":1080,"caption":"Bilden \u00f6verst: Sundsvalls teater. Foto av Hans Lindqvist p\u00e5 Wikimedia Commons."},{"@type":"BreadcrumbList","@id":"https:\/\/wp.kristdemokraterna.se\/vasternorrland\/var-politik\/politikomraden\/kultur\/#breadcrumb","itemListElement":[{"@type":"ListItem","position":1,"name":"Hem","item":"https:\/\/wp.kristdemokraterna.se\/vasternorrland\/"},{"@type":"ListItem","position":2,"name":"V\u00e5r politik","item":"https:\/\/wp.kristdemokraterna.se\/vasternorrland\/var-politik\/"},{"@type":"ListItem","position":3,"name":"Politikomr\u00e5den","item":"https:\/\/wp.kristdemokraterna.se\/vasternorrland\/var-politik\/politikomraden\/"},{"@type":"ListItem","position":4,"name":"Kultur"}]},{"@type":"WebSite","@id":"https:\/\/wp.kristdemokraterna.se\/vasternorrland\/#website","url":"https:\/\/wp.kristdemokraterna.se\/vasternorrland\/","name":"KD V\u00e4sternorrland","description":"V\u00e5rda v\u00e5rden - utveckla prim\u00e4rv\u00e5rden","inLanguage":"sv-SE"}]}},"_links":{"self":[{"href":"https:\/\/wp.kristdemokraterna.se\/vasternorrland\/wp-json\/wp\/v2\/pages\/179985","targetHints":{"allow":["GET"]}}],"collection":[{"href":"https:\/\/wp.kristdemokraterna.se\/vasternorrland\/wp-json\/wp\/v2\/pages"}],"about":[{"href":"https:\/\/wp.kristdemokraterna.se\/vasternorrland\/wp-json\/wp\/v2\/types\/page"}],"author":[{"embeddable":true,"href":"https:\/\/wp.kristdemokraterna.se\/vasternorrland\/wp-json\/wp\/v2\/users\/787"}],"replies":[{"embeddable":true,"href":"https:\/\/wp.kristdemokraterna.se\/vasternorrland\/wp-json\/wp\/v2\/comments?post=179985"}],"version-history":[{"count":4,"href":"https:\/\/wp.kristdemokraterna.se\/vasternorrland\/wp-json\/wp\/v2\/pages\/179985\/revisions"}],"predecessor-version":[{"id":200282,"href":"https:\/\/wp.kristdemokraterna.se\/vasternorrland\/wp-json\/wp\/v2\/pages\/179985\/revisions\/200282"}],"up":[{"embeddable":true,"href":"https:\/\/wp.kristdemokraterna.se\/vasternorrland\/wp-json\/wp\/v2\/pages\/179725"}],"wp:attachment":[{"href":"https:\/\/wp.kristdemokraterna.se\/vasternorrland\/wp-json\/wp\/v2\/media?parent=179985"}],"curies":[{"name":"wp","href":"https:\/\/api.w.org\/{rel}","templated":true}]}}