{"id":180365,"date":"2019-04-16T17:00:54","date_gmt":"2019-04-16T15:00:54","guid":{"rendered":"http:\/\/wp.kristdemokraterna.se\/vasternorrland\/?page_id=180365"},"modified":"2020-05-10T17:47:20","modified_gmt":"2020-05-10T15:47:20","slug":"tandvard","status":"publish","type":"page","link":"https:\/\/wp.kristdemokraterna.se\/vasternorrland\/var-politik\/politikomraden\/tandvard\/","title":{"rendered":"Tandv\u00e5rd"},"content":{"rendered":"<p><img decoding=\"async\" class=\"size-full wp-image-198446\" src=\"http:\/\/wp.kristdemokraterna.se\/vasternorrland\/files\/2019\/06\/tandvard-tandlakare.jpg\" alt=\"\" width=\"100%\" height=\"100%\" srcset=\"https:\/\/wp.kristdemokraterna.se\/vasternorrland\/files\/2019\/06\/tandvard-tandlakare.jpg 1920w, https:\/\/wp.kristdemokraterna.se\/vasternorrland\/files\/2019\/06\/tandvard-tandlakare-300x169.jpg 300w, https:\/\/wp.kristdemokraterna.se\/vasternorrland\/files\/2019\/06\/tandvard-tandlakare-768x432.jpg 768w, https:\/\/wp.kristdemokraterna.se\/vasternorrland\/files\/2019\/06\/tandvard-tandlakare-540x304.jpg 540w, https:\/\/wp.kristdemokraterna.se\/vasternorrland\/files\/2019\/06\/tandvard-tandlakare-356x200.jpg 356w, https:\/\/wp.kristdemokraterna.se\/vasternorrland\/files\/2019\/06\/tandvard-tandlakare-370x208.jpg 370w, https:\/\/wp.kristdemokraterna.se\/vasternorrland\/files\/2019\/06\/tandvard-tandlakare-770x433.jpg 770w, https:\/\/wp.kristdemokraterna.se\/vasternorrland\/files\/2019\/06\/tandvard-tandlakare-450x253.jpg 450w, https:\/\/wp.kristdemokraterna.se\/vasternorrland\/files\/2019\/06\/tandvard-tandlakare-280x158.jpg 280w, https:\/\/wp.kristdemokraterna.se\/vasternorrland\/files\/2019\/06\/tandvard-tandlakare-340x191.jpg 340w, https:\/\/wp.kristdemokraterna.se\/vasternorrland\/files\/2019\/06\/tandvard-tandlakare-200x113.jpg 200w, https:\/\/wp.kristdemokraterna.se\/vasternorrland\/files\/2019\/06\/tandvard-tandlakare-100x56.jpg 100w\" sizes=\"(max-width: 1920px) 100vw, 1920px\" \/><\/p>\n<p>Det finns ett samband mellan tandh\u00e4lsa och allm\u00e4n h\u00e4lsa. D\u00e4rf\u00f6r \u00e4r det h\u00e4lsofr\u00e4mjande och f\u00f6rebyggande arbetet viktigt f\u00f6r samtliga patientgrupper. F\u00f6r barntandv\u00e5rden har Folktandv\u00e5rden ett s\u00e4rskilt ansvar, likas\u00e5 f\u00f6r bed\u00f6mningstandv\u00e5rd och n\u00f6dv\u00e4ndig tandv\u00e5rd.<\/p>\n<p>F\u00f6r att \u00f6ka tillg\u00e4ngligheten i inlandet finns en mobil tandv\u00e5rdsklinik.<\/p>\n<p>Den upps\u00f6kande verksamheten f\u00f6r den \u00e4ldre generationen beh\u00f6ver f\u00f6rst\u00e4rkas med satsningar p\u00e5 geriatrisk l\u00e4karkompetens.<\/p>\n<p>Vidare beh\u00f6ver en \u00f6versyn g\u00f6ras av Frisktandv\u00e5rden, f\u00f6r att s\u00e4kra en likv\u00e4rdig v\u00e5rd oavsett om man har ett frisktandv\u00e5rdsavtal eller valt att st\u00e5 utanf\u00f6r detta.<\/p>\n<p><strong>Senaste inl\u00e4ggen om tandv\u00e5rd:<\/strong><br \/>\n<ul class = \"posts-by-tag-list\"><li class=\"posts-by-tag-item alla inl\u00e4gg barn och unga Folktandv\u00e5rden ins\u00e4ndare Mona Hammarstedt nationella riktlinjer revisionsintervall Socialstyrelsen tandv\u00e5rd\" id=\"posts-by-tag-item-352367\"><a class = \"posts-by-tag-item-title\" href=\"https:\/\/wp.kristdemokraterna.se\/vasternorrland\/spara-inte-in-pa-barnen\/\">Spara inte in p\u00e5 barnen!<\/a> <small>Posted on: 19 december 2022<\/small><\/li><li class=\"posts-by-tag-item \u00e4ldre alla inl\u00e4gg Covid-19 Ebba Busch h\u00f6gkostnadsskydd Jakob Forssmed Mona Hammarstedt Polina Jansson Larson tandv\u00e5rd\" id=\"posts-by-tag-item-352309\"><a class = \"posts-by-tag-item-title\" href=\"https:\/\/wp.kristdemokraterna.se\/vasternorrland\/kd-alla-aldre-ska-ha-rad-att-ga-till-tandlakaren\/\">KD: Alla \u00e4ldre ska ha r\u00e5d att g\u00e5 till tandl\u00e4karen<\/a> <small>Posted on: 3 juli 2022<\/small><\/li><li class=\"posts-by-tag-item alla inl\u00e4gg interpellation k\u00f6rf\u00f6rbud Mona Hammarstedt tandv\u00e5rd tandv\u00e5rdsbuss\" id=\"posts-by-tag-item-352248\"><a class = \"posts-by-tag-item-title\" href=\"https:\/\/wp.kristdemokraterna.se\/vasternorrland\/mobil-tandvardsklinik-pa-gang-nu-eller-aldrig\/\">Mobil tandv\u00e5rdsklinik - P\u00e5 g\u00e5ng nu eller aldrig?<\/a> <small>Posted on: 25 januari 2022<\/small><\/li><li class=\"posts-by-tag-item akutmottagning \u00e4ldre alla inl\u00e4gg civilsamh\u00e4lle ekonomi ekonomi\/skatter folkh\u00e4lsa Joachim Jonsson m\u00e5lbild Mona Hammarstedt prim\u00e4rv\u00e5rd samverkan specialistv\u00e5rd tandv\u00e5rd\" id=\"posts-by-tag-item-287046\"><a class = \"posts-by-tag-item-title\" href=\"https:\/\/wp.kristdemokraterna.se\/vasternorrland\/regionens-nya-malbild-ett-sjalvmal-over-en-misslyckad-politik\/\">Regionens nya m\u00e5lbild \u2013 ett sj\u00e4lvm\u00e5l \u00f6ver en misslyckad politik<\/a> <small>Posted on: 17 juni 2020<\/small><\/li><li class=\"posts-by-tag-item \u00e4ldre alla inl\u00e4gg Covid-19 prim\u00e4rv\u00e5rd specialistv\u00e5rd tandv\u00e5rd\" id=\"posts-by-tag-item-286531\"><a class = \"posts-by-tag-item-title\" href=\"https:\/\/wp.kristdemokraterna.se\/vasternorrland\/tillsatt-en-coronakommission-i-vasternorrland\/\">Tills\u00e4tt en Coronakommission i V\u00e4sternorrland<\/a> <small>Posted on: 13 juni 2020<\/small><\/li><li class=\"posts-by-tag-item akutmottagning akutsjukhus alla inl\u00e4gg arbetsmilj\u00f6 arbetsvillkor barn och unga barnav\u00e5rdscentral bemanning centralisering civilsamh\u00e4lle demografi dialog ekonomi ekonomi\/skatter familj familjecentral fast l\u00e4karkontakt folkh\u00e4lsa geriatrik H\u00e4rn\u00f6sands sjukhus helhetsperspektiv hyrpersonal j\u00e4mlik v\u00e5rd kompetens kompetensf\u00f6rs\u00f6rjning kontinuitet m\u00e5lbild nationella riktlinjer patients\u00e4kerhet personal personcentrerad v\u00e5rd prim\u00e4rv\u00e5rd psykiatri psykisk oh\u00e4lsa regional utveckling revisionsintervall samverkan sjukskrivning specialistv\u00e5rd tandv\u00e5rd tillg\u00e4nglighet utbudsf\u00f6r\u00e4ndring\" id=\"posts-by-tag-item-259992\"><a class = \"posts-by-tag-item-title\" href=\"https:\/\/wp.kristdemokraterna.se\/vasternorrland\/inspel-till-en-ny-malbild-i-region-vasternorrland\/\">Inspel till en ny m\u00e5lbild i Region V\u00e4sternorrland<\/a> <small>Posted on: 25 februari 2020<\/small><\/li><li class=\"posts-by-tag-item \u00e4ldre alla inl\u00e4gg \u00c5nge barn och unga Folktandv\u00e5rden Folktandv\u00e5rden \u00c5nge Folktandv\u00e5rden Fr\u00e4nsta f\u00f6rebyggande v\u00e5rd Fr\u00e4nsta frisktandv\u00e5rd ins\u00e4ndare munh\u00e4lsa Sundsvall tandv\u00e5rd tandv\u00e5rdsf\u00f6rs\u00e4kring\" id=\"posts-by-tag-item-163223\"><a class = \"posts-by-tag-item-title\" href=\"https:\/\/wp.kristdemokraterna.se\/vasternorrland\/frisktandvardens-baksida-angebor-hanvisas-till-sundsvall\/\">Frisktandv\u00e5rdens baksida \u2013 \u00c5ngebor h\u00e4nvisas till Sundsvall<\/a> <small>Posted on: 25 januari 2019<\/small><\/li><li class=\"posts-by-tag-item alla inl\u00e4gg centralisering Folktandv\u00e5rden Folktandv\u00e5rden \u00c5nge Folktandv\u00e5rden Fr\u00e4nsta frisktandv\u00e5rd interpellation Mona Hammarstedt tandv\u00e5rd\" id=\"posts-by-tag-item-177714\"><a class = \"posts-by-tag-item-title\" href=\"https:\/\/wp.kristdemokraterna.se\/vasternorrland\/frisktandvardens-baksida\/\">Interpellation: Frisktandv\u00e5rdens baksida<\/a> <small>Posted on: 25 januari 2019<\/small><\/li><li class=\"posts-by-tag-item \u00e4ldre alla inl\u00e4gg funktionshinder reservation tandv\u00e5rd tandv\u00e5rdsst\u00f6d\" id=\"posts-by-tag-item-160666\"><a class = \"posts-by-tag-item-title\" href=\"https:\/\/wp.kristdemokraterna.se\/vasternorrland\/reducera-inte-tandvardsstodet-till-aldre-och-funktionshindrade\/\">Reducera inte tandv\u00e5rdsst\u00f6det till \u00e4ldre och funktionshindrade<\/a> <small>Posted on: 17 januari 2019<\/small><\/li><li class=\"posts-by-tag-item alla inl\u00e4gg Mittuniversitetet motionsbeslut tandhygienist tandv\u00e5rd uppdragsutbildning\" id=\"posts-by-tag-item-119231\"><a class = \"posts-by-tag-item-title\" href=\"https:\/\/wp.kristdemokraterna.se\/vasternorrland\/tandhygienistutbildning-i-vasternorrland-blir-inte-av\/\">Det blir ingen tandhygienistutbildning i V\u00e4sternorrland<\/a> <small>Posted on: 21 juni 2018<\/small><\/li><\/ul>F\u00f6r samtliga inl\u00e4gg om tandv\u00e5rd, se <a href=\"http:\/\/wp.kristdemokraterna.se\/vasternorrland\/etiketter\/tandvard\/\">h\u00e4r<\/a><\/p>\n<hr \/>\n<p>Bilden \u00f6verst av JOSEPH SHOHMELIAN fr\u00e5n Pixabay.<\/p>\n","protected":false},"excerpt":{"rendered":"<p>Det finns ett samband mellan tandh\u00e4lsa och allm\u00e4n h\u00e4lsa. D\u00e4rf\u00f6r \u00e4r det h\u00e4lsofr\u00e4mjande och f\u00f6rebyggande arbetet viktigt f\u00f6r samtliga patientgrupper. F\u00f6r barntandv\u00e5rden har Folktandv\u00e5rden ett s\u00e4rskilt ansvar, likas\u00e5 f\u00f6r bed\u00f6mningstandv\u00e5rd och n\u00f6dv\u00e4ndig tandv\u00e5rd. F\u00f6r att \u00f6ka tillg\u00e4ngligheten i inlandet finns en mobil tandv\u00e5rdsklinik. Den upps\u00f6kande verksamheten f\u00f6r den \u00e4ldre generationen beh\u00f6ver f\u00f6rst\u00e4rkas med satsningar p\u00e5 <a class=\"read-more-link\" href=\"https:\/\/wp.kristdemokraterna.se\/vasternorrland\/var-politik\/politikomraden\/tandvard\/\">Read More<\/a><\/p>\n","protected":false},"author":787,"featured_media":0,"parent":179725,"menu_order":20,"comment_status":"closed","ping_status":"closed","template":"","meta":{"_acf_changed":false,"footnotes":""},"class_list":["post-180365","page","type-page","status-publish","hentry"],"acf":[],"yoast_head":"<!-- This site is optimized with the Yoast SEO plugin v27.3 - https:\/\/yoast.com\/product\/yoast-seo-wordpress\/ -->\n<title>Tandv\u00e5rd | KD V\u00e4sternorrland<\/title>\n<meta name=\"robots\" content=\"index, follow, max-snippet:-1, max-image-preview:large, max-video-preview:-1\" \/>\n<link rel=\"canonical\" href=\"https:\/\/wp.kristdemokraterna.se\/vasternorrland\/var-politik\/politikomraden\/tandvard\/\" \/>\n<meta property=\"og:locale\" content=\"sv_SE\" \/>\n<meta property=\"og:type\" content=\"article\" \/>\n<meta property=\"og:title\" content=\"Tandv\u00e5rd | KD V\u00e4sternorrland\" \/>\n<meta property=\"og:description\" content=\"Det finns ett samband mellan tandh\u00e4lsa och allm\u00e4n h\u00e4lsa. D\u00e4rf\u00f6r \u00e4r det h\u00e4lsofr\u00e4mjande och f\u00f6rebyggande arbetet viktigt f\u00f6r samtliga patientgrupper. F\u00f6r barntandv\u00e5rden har Folktandv\u00e5rden ett s\u00e4rskilt ansvar, likas\u00e5 f\u00f6r bed\u00f6mningstandv\u00e5rd och n\u00f6dv\u00e4ndig tandv\u00e5rd. F\u00f6r att \u00f6ka tillg\u00e4ngligheten i inlandet finns en mobil tandv\u00e5rdsklinik. Den upps\u00f6kande verksamheten f\u00f6r den \u00e4ldre generationen beh\u00f6ver f\u00f6rst\u00e4rkas med satsningar p\u00e5 Read More\" \/>\n<meta property=\"og:url\" content=\"https:\/\/wp.kristdemokraterna.se\/vasternorrland\/var-politik\/politikomraden\/tandvard\/\" \/>\n<meta property=\"og:site_name\" content=\"KD V\u00e4sternorrland\" \/>\n<meta property=\"article:publisher\" content=\"https:\/\/www.facebook.com\/kdrvn\/\" \/>\n<meta property=\"article:modified_time\" content=\"2020-05-10T15:47:20+00:00\" \/>\n<meta property=\"og:image\" content=\"http:\/\/wp.kristdemokraterna.se\/vasternorrland\/files\/2019\/06\/tandvard-tandlakare.jpg\" \/>\n<meta name=\"twitter:card\" content=\"summary_large_image\" \/>\n<meta name=\"twitter:label1\" content=\"Ber\u00e4knad l\u00e4stid\" \/>\n\t<meta name=\"twitter:data1\" content=\"1 minut\" \/>\n<script type=\"application\/ld+json\" class=\"yoast-schema-graph\">{\"@context\":\"https:\\\/\\\/schema.org\",\"@graph\":[{\"@type\":\"WebPage\",\"@id\":\"https:\\\/\\\/wp.kristdemokraterna.se\\\/vasternorrland\\\/var-politik\\\/politikomraden\\\/tandvard\\\/\",\"url\":\"https:\\\/\\\/wp.kristdemokraterna.se\\\/vasternorrland\\\/var-politik\\\/politikomraden\\\/tandvard\\\/\",\"name\":\"Tandv\u00e5rd | KD V\u00e4sternorrland\",\"isPartOf\":{\"@id\":\"https:\\\/\\\/wp.kristdemokraterna.se\\\/vasternorrland\\\/#website\"},\"primaryImageOfPage\":{\"@id\":\"https:\\\/\\\/wp.kristdemokraterna.se\\\/vasternorrland\\\/var-politik\\\/politikomraden\\\/tandvard\\\/#primaryimage\"},\"image\":{\"@id\":\"https:\\\/\\\/wp.kristdemokraterna.se\\\/vasternorrland\\\/var-politik\\\/politikomraden\\\/tandvard\\\/#primaryimage\"},\"thumbnailUrl\":\"http:\\\/\\\/wp.kristdemokraterna.se\\\/vasternorrland\\\/files\\\/2019\\\/06\\\/tandvard-tandlakare.jpg\",\"datePublished\":\"2019-04-16T15:00:54+00:00\",\"dateModified\":\"2020-05-10T15:47:20+00:00\",\"breadcrumb\":{\"@id\":\"https:\\\/\\\/wp.kristdemokraterna.se\\\/vasternorrland\\\/var-politik\\\/politikomraden\\\/tandvard\\\/#breadcrumb\"},\"inLanguage\":\"sv-SE\",\"potentialAction\":[{\"@type\":\"ReadAction\",\"target\":[\"https:\\\/\\\/wp.kristdemokraterna.se\\\/vasternorrland\\\/var-politik\\\/politikomraden\\\/tandvard\\\/\"]}]},{\"@type\":\"ImageObject\",\"inLanguage\":\"sv-SE\",\"@id\":\"https:\\\/\\\/wp.kristdemokraterna.se\\\/vasternorrland\\\/var-politik\\\/politikomraden\\\/tandvard\\\/#primaryimage\",\"url\":\"https:\\\/\\\/wp.kristdemokraterna.se\\\/vasternorrland\\\/files\\\/2019\\\/06\\\/tandvard-tandlakare.jpg\",\"contentUrl\":\"https:\\\/\\\/wp.kristdemokraterna.se\\\/vasternorrland\\\/files\\\/2019\\\/06\\\/tandvard-tandlakare.jpg\",\"width\":1920,\"height\":1080,\"caption\":\"Bilden \u00f6verst av JOSEPH SHOHMELIAN fr\u00e5n Pixabay (Pixabay License).\"},{\"@type\":\"BreadcrumbList\",\"@id\":\"https:\\\/\\\/wp.kristdemokraterna.se\\\/vasternorrland\\\/var-politik\\\/politikomraden\\\/tandvard\\\/#breadcrumb\",\"itemListElement\":[{\"@type\":\"ListItem\",\"position\":1,\"name\":\"Hem\",\"item\":\"https:\\\/\\\/wp.kristdemokraterna.se\\\/vasternorrland\\\/\"},{\"@type\":\"ListItem\",\"position\":2,\"name\":\"V\u00e5r politik\",\"item\":\"https:\\\/\\\/wp.kristdemokraterna.se\\\/vasternorrland\\\/var-politik\\\/\"},{\"@type\":\"ListItem\",\"position\":3,\"name\":\"Politikomr\u00e5den\",\"item\":\"https:\\\/\\\/wp.kristdemokraterna.se\\\/vasternorrland\\\/var-politik\\\/politikomraden\\\/\"},{\"@type\":\"ListItem\",\"position\":4,\"name\":\"Tandv\u00e5rd\"}]},{\"@type\":\"WebSite\",\"@id\":\"https:\\\/\\\/wp.kristdemokraterna.se\\\/vasternorrland\\\/#website\",\"url\":\"https:\\\/\\\/wp.kristdemokraterna.se\\\/vasternorrland\\\/\",\"name\":\"KD V\u00e4sternorrland\",\"description\":\"V\u00e5rda v\u00e5rden - utveckla prim\u00e4rv\u00e5rden\",\"inLanguage\":\"sv-SE\"}]}<\/script>\n<!-- \/ Yoast SEO plugin. -->","yoast_head_json":{"title":"Tandv\u00e5rd | KD V\u00e4sternorrland","robots":{"index":"index","follow":"follow","max-snippet":"max-snippet:-1","max-image-preview":"max-image-preview:large","max-video-preview":"max-video-preview:-1"},"canonical":"https:\/\/wp.kristdemokraterna.se\/vasternorrland\/var-politik\/politikomraden\/tandvard\/","og_locale":"sv_SE","og_type":"article","og_title":"Tandv\u00e5rd | KD V\u00e4sternorrland","og_description":"Det finns ett samband mellan tandh\u00e4lsa och allm\u00e4n h\u00e4lsa. D\u00e4rf\u00f6r \u00e4r det h\u00e4lsofr\u00e4mjande och f\u00f6rebyggande arbetet viktigt f\u00f6r samtliga patientgrupper. F\u00f6r barntandv\u00e5rden har Folktandv\u00e5rden ett s\u00e4rskilt ansvar, likas\u00e5 f\u00f6r bed\u00f6mningstandv\u00e5rd och n\u00f6dv\u00e4ndig tandv\u00e5rd. F\u00f6r att \u00f6ka tillg\u00e4ngligheten i inlandet finns en mobil tandv\u00e5rdsklinik. Den upps\u00f6kande verksamheten f\u00f6r den \u00e4ldre generationen beh\u00f6ver f\u00f6rst\u00e4rkas med satsningar p\u00e5 Read More","og_url":"https:\/\/wp.kristdemokraterna.se\/vasternorrland\/var-politik\/politikomraden\/tandvard\/","og_site_name":"KD V\u00e4sternorrland","article_publisher":"https:\/\/www.facebook.com\/kdrvn\/","article_modified_time":"2020-05-10T15:47:20+00:00","og_image":[{"url":"http:\/\/wp.kristdemokraterna.se\/vasternorrland\/files\/2019\/06\/tandvard-tandlakare.jpg","type":"","width":"","height":""}],"twitter_card":"summary_large_image","twitter_misc":{"Ber\u00e4knad l\u00e4stid":"1 minut"},"schema":{"@context":"https:\/\/schema.org","@graph":[{"@type":"WebPage","@id":"https:\/\/wp.kristdemokraterna.se\/vasternorrland\/var-politik\/politikomraden\/tandvard\/","url":"https:\/\/wp.kristdemokraterna.se\/vasternorrland\/var-politik\/politikomraden\/tandvard\/","name":"Tandv\u00e5rd | KD V\u00e4sternorrland","isPartOf":{"@id":"https:\/\/wp.kristdemokraterna.se\/vasternorrland\/#website"},"primaryImageOfPage":{"@id":"https:\/\/wp.kristdemokraterna.se\/vasternorrland\/var-politik\/politikomraden\/tandvard\/#primaryimage"},"image":{"@id":"https:\/\/wp.kristdemokraterna.se\/vasternorrland\/var-politik\/politikomraden\/tandvard\/#primaryimage"},"thumbnailUrl":"http:\/\/wp.kristdemokraterna.se\/vasternorrland\/files\/2019\/06\/tandvard-tandlakare.jpg","datePublished":"2019-04-16T15:00:54+00:00","dateModified":"2020-05-10T15:47:20+00:00","breadcrumb":{"@id":"https:\/\/wp.kristdemokraterna.se\/vasternorrland\/var-politik\/politikomraden\/tandvard\/#breadcrumb"},"inLanguage":"sv-SE","potentialAction":[{"@type":"ReadAction","target":["https:\/\/wp.kristdemokraterna.se\/vasternorrland\/var-politik\/politikomraden\/tandvard\/"]}]},{"@type":"ImageObject","inLanguage":"sv-SE","@id":"https:\/\/wp.kristdemokraterna.se\/vasternorrland\/var-politik\/politikomraden\/tandvard\/#primaryimage","url":"https:\/\/wp.kristdemokraterna.se\/vasternorrland\/files\/2019\/06\/tandvard-tandlakare.jpg","contentUrl":"https:\/\/wp.kristdemokraterna.se\/vasternorrland\/files\/2019\/06\/tandvard-tandlakare.jpg","width":1920,"height":1080,"caption":"Bilden \u00f6verst av JOSEPH SHOHMELIAN fr\u00e5n Pixabay (Pixabay License)."},{"@type":"BreadcrumbList","@id":"https:\/\/wp.kristdemokraterna.se\/vasternorrland\/var-politik\/politikomraden\/tandvard\/#breadcrumb","itemListElement":[{"@type":"ListItem","position":1,"name":"Hem","item":"https:\/\/wp.kristdemokraterna.se\/vasternorrland\/"},{"@type":"ListItem","position":2,"name":"V\u00e5r politik","item":"https:\/\/wp.kristdemokraterna.se\/vasternorrland\/var-politik\/"},{"@type":"ListItem","position":3,"name":"Politikomr\u00e5den","item":"https:\/\/wp.kristdemokraterna.se\/vasternorrland\/var-politik\/politikomraden\/"},{"@type":"ListItem","position":4,"name":"Tandv\u00e5rd"}]},{"@type":"WebSite","@id":"https:\/\/wp.kristdemokraterna.se\/vasternorrland\/#website","url":"https:\/\/wp.kristdemokraterna.se\/vasternorrland\/","name":"KD V\u00e4sternorrland","description":"V\u00e5rda v\u00e5rden - utveckla prim\u00e4rv\u00e5rden","inLanguage":"sv-SE"}]}},"_links":{"self":[{"href":"https:\/\/wp.kristdemokraterna.se\/vasternorrland\/wp-json\/wp\/v2\/pages\/180365","targetHints":{"allow":["GET"]}}],"collection":[{"href":"https:\/\/wp.kristdemokraterna.se\/vasternorrland\/wp-json\/wp\/v2\/pages"}],"about":[{"href":"https:\/\/wp.kristdemokraterna.se\/vasternorrland\/wp-json\/wp\/v2\/types\/page"}],"author":[{"embeddable":true,"href":"https:\/\/wp.kristdemokraterna.se\/vasternorrland\/wp-json\/wp\/v2\/users\/787"}],"replies":[{"embeddable":true,"href":"https:\/\/wp.kristdemokraterna.se\/vasternorrland\/wp-json\/wp\/v2\/comments?post=180365"}],"version-history":[{"count":3,"href":"https:\/\/wp.kristdemokraterna.se\/vasternorrland\/wp-json\/wp\/v2\/pages\/180365\/revisions"}],"predecessor-version":[{"id":200296,"href":"https:\/\/wp.kristdemokraterna.se\/vasternorrland\/wp-json\/wp\/v2\/pages\/180365\/revisions\/200296"}],"up":[{"embeddable":true,"href":"https:\/\/wp.kristdemokraterna.se\/vasternorrland\/wp-json\/wp\/v2\/pages\/179725"}],"wp:attachment":[{"href":"https:\/\/wp.kristdemokraterna.se\/vasternorrland\/wp-json\/wp\/v2\/media?parent=180365"}],"curies":[{"name":"wp","href":"https:\/\/api.w.org\/{rel}","templated":true}]}}