{"id":180371,"date":"2019-04-16T09:00:41","date_gmt":"2019-04-16T07:00:41","guid":{"rendered":"http:\/\/wp.kristdemokraterna.se\/vasternorrland\/?page_id=180371"},"modified":"2020-05-10T17:43:08","modified_gmt":"2020-05-10T15:43:08","slug":"miljo-och-energi","status":"publish","type":"page","link":"https:\/\/wp.kristdemokraterna.se\/vasternorrland\/var-politik\/politikomraden\/miljo-och-energi\/","title":{"rendered":"Milj\u00f6 och energi"},"content":{"rendered":"<p><img decoding=\"async\" class=\"size-full wp-image-199955\" src=\"http:\/\/wp.kristdemokraterna.se\/vasternorrland\/files\/2019\/06\/energi-namforsens-kraftstation.jpg\" alt=\"\" width=\"100%\" height=\"100%\" srcset=\"https:\/\/wp.kristdemokraterna.se\/vasternorrland\/files\/2019\/06\/energi-namforsens-kraftstation.jpg 540w, https:\/\/wp.kristdemokraterna.se\/vasternorrland\/files\/2019\/06\/energi-namforsens-kraftstation-300x169.jpg 300w, https:\/\/wp.kristdemokraterna.se\/vasternorrland\/files\/2019\/06\/energi-namforsens-kraftstation-355x200.jpg 355w, https:\/\/wp.kristdemokraterna.se\/vasternorrland\/files\/2019\/06\/energi-namforsens-kraftstation-370x208.jpg 370w, https:\/\/wp.kristdemokraterna.se\/vasternorrland\/files\/2019\/06\/energi-namforsens-kraftstation-450x253.jpg 450w, https:\/\/wp.kristdemokraterna.se\/vasternorrland\/files\/2019\/06\/energi-namforsens-kraftstation-280x158.jpg 280w, https:\/\/wp.kristdemokraterna.se\/vasternorrland\/files\/2019\/06\/energi-namforsens-kraftstation-340x191.jpg 340w, https:\/\/wp.kristdemokraterna.se\/vasternorrland\/files\/2019\/06\/energi-namforsens-kraftstation-200x113.jpg 200w, https:\/\/wp.kristdemokraterna.se\/vasternorrland\/files\/2019\/06\/energi-namforsens-kraftstation-99x56.jpg 99w\" sizes=\"(max-width: 540px) 100vw, 540px\" \/><\/p>\n<p>Region V\u00e4sternorrland ska verka f\u00f6r en h\u00e5llbar utveckling, med detta menas att man l\u00e5ngsiktigt vill bevara jordens, vattnets och \u00f6vriga ekosystemets produktionsf\u00f6rm\u00e5ga och att minska den negativa p\u00e5verkan p\u00e5 naturen och m\u00e4nniskors h\u00e4lsa.<\/p>\n<p>Regionens m\u00e5l \u00e4r att v\u00e4rlden ska kunna l\u00e4mnas till kommande generationer i ett b\u00e4ttre skick \u00e4n vi sj\u00e4lva fick ta emot den. Det \u00e4r d\u00e4rf\u00f6r viktigt att satsa resurser p\u00e5 forskning och utveckling av f\u00f6rnybara drivmedel och energik\u00e4llor.<\/p>\n<p><strong>Senaste inl\u00e4ggen om milj\u00f6 och energi:<\/strong><ul class = \"posts-by-tag-list\"><li class=\"posts-by-tag-item alla inl\u00e4gg Camilla Brodin energi fossilfritt k\u00e4rnkraft milj\u00f6 och energi S\u00f6ren \u00d6dmark\" id=\"posts-by-tag-item-352153\"><a class = \"posts-by-tag-item-title\" href=\"https:\/\/wp.kristdemokraterna.se\/vasternorrland\/vi-vill-se-en-fardplan-for-framtidens-karnkraft\/\">Vi vill se en f\u00e4rdplan f\u00f6r framtidens k\u00e4rnkraft<\/a> <small>Posted on: 3 november 2021<\/small><\/li><li class=\"posts-by-tag-item alla inl\u00e4gg effektbrist elproduktion energi Ingemar Wiklander k\u00e4rnkraft milj\u00f6 och energi vattenkraft\" id=\"posts-by-tag-item-345015\"><a class = \"posts-by-tag-item-title\" href=\"https:\/\/wp.kristdemokraterna.se\/vasternorrland\/hog-tid-att-prioritera-elforsorjningen\/\">H\u00f6g tid att prioritera elf\u00f6rs\u00f6rjningen<\/a> <small>Posted on: 9 februari 2021<\/small><\/li><li class=\"posts-by-tag-item civilsamh\u00e4lle h\u00e5llbarhet H\u00e5llbarhetsplan milj\u00f6 och energi samverkan\" id=\"posts-by-tag-item-278092\"><a class = \"posts-by-tag-item-title\" href=\"https:\/\/wp.kristdemokraterna.se\/vasternorrland\/ny-hallbarhetsplan-antagen-i-regionen\/\">Ny h\u00e5llbarhetsplan antagen i regionen<\/a> <small>Posted on: 28 februari 2020<\/small><\/li><li class=\"posts-by-tag-item alla inl\u00e4gg elmarknad eln\u00e4t energif\u00f6rs\u00f6rjning f\u00f6rsvar milj\u00f6 och energi Mona Hammarstedt\" id=\"posts-by-tag-item-254410\"><a class = \"posts-by-tag-item-title\" href=\"https:\/\/wp.kristdemokraterna.se\/vasternorrland\/en-elmarknadsreform-loser-inte-vasternorrlands-utmaningar-pa-elmarknaden\/\">En elmarknadsreform l\u00f6ser inte V\u00e4sternorrlands utmaningar p\u00e5 elmarknaden<\/a> <small>Posted on: 3 februari 2020<\/small><\/li><li class=\"posts-by-tag-item alla inl\u00e4gg debattartikel Kjell-Arne Ottosson landsbygd Liza-Maria Norlin Magnus Oscarsson milj\u00f6 och energi nyckelbiotop skog skogs\u00e4gare Skogsstyrelsen\" id=\"posts-by-tag-item-293458\"><a class = \"posts-by-tag-item-title\" href=\"https:\/\/wp.kristdemokraterna.se\/vasternorrland\/skogsagare-som-fatt-sin-mark-nyckelbiotopsklasssad-maste-erbjudas-ersattning\/\">Skogs\u00e4gare som f\u00e5tt sin mark nyckelbiotopsklasssad m\u00e5ste erbjudas ers\u00e4ttning<\/a> <small>Posted on: 4 augusti 2019<\/small><\/li><li class=\"posts-by-tag-item alla inl\u00e4gg f\u00f6rvaltarskap Kjell-Arne Ottosson landsbygd Liza-Maria Norlin Magnus Oscarsson milj\u00f6 och energi nyckelbiotop skog skogsbruk\" id=\"posts-by-tag-item-296003\"><a class = \"posts-by-tag-item-title\" href=\"https:\/\/wp.kristdemokraterna.se\/vasternorrland\/vi-forbrukar-inte-vi-brukar\/\">Vi f\u00f6rbrukar inte - vi brukar<\/a> <small>Posted on: 20 juli 2019<\/small><\/li><li class=\"posts-by-tag-item \u00e4gander\u00e4tt alla inl\u00e4gg debattartikel Kjell-Arne Ottosson koldioxid landsbygd Liza-Maria Norlin Magnus Oscarsson milj\u00f6 och energi nyckelbiotop reservat skog skogs\u00e4gare\" id=\"posts-by-tag-item-293455\"><a class = \"posts-by-tag-item-title\" href=\"https:\/\/wp.kristdemokraterna.se\/vasternorrland\/staten-struntar-i-skogsagarnas-aganderatt\/\">Staten struntar i skogs\u00e4garnas \u00e4gander\u00e4tt<\/a> <small>Posted on: 18 juli 2019<\/small><\/li><li class=\"posts-by-tag-item \u00e4ldre \u00e4ldreboende \u00e4ldreboendebristen alla inl\u00e4gg ansvar barn och unga bist\u00e5nd budget cancer ekonomi elcykel familj f\u00f6rskola f\u00f6rsvar f\u00f6rvaltarskap fritidspeng Henrik Sendelbach infrastruktur ins\u00e4ndare klimatbist\u00e5nd k\u00f6miljard kulturskola landsbygd medm\u00e4nsklighet milj\u00f6 och energi polis psykiatri skatter solidaritet specialistv\u00e5rd statsbidrag suicidprevention trygghet v\u00e4lf\u00e4rdsl\u00f6ftet\" id=\"posts-by-tag-item-153969\"><a class = \"posts-by-tag-item-title\" href=\"https:\/\/wp.kristdemokraterna.se\/vasternorrland\/valfardssveket-ersatts-med-valfardsloftet\/\">M och KD:s budget infriar v\u00e4lf\u00e4rdsl\u00f6ftet<\/a> <small>Posted on: 20 december 2018<\/small><\/li><li class=\"posts-by-tag-item alla inl\u00e4gg \u00e5tervinning ekonomi\/skatter energiskatt eng\u00e5ngsartiklar kemikalieskatt koldioxidskatt Lars-Axel Nordell milj\u00f6 och energi OECD Per Sundin plast plastp\u00e5sar skatter skattev\u00e4xling torv\" id=\"posts-by-tag-item-293664\"><a class = \"posts-by-tag-item-title\" href=\"https:\/\/wp.kristdemokraterna.se\/vasternorrland\/hoj-skatten-pa-det-som-skadar-var-miljo\/\">H\u00f6j skatten p\u00e5 det som skadar v\u00e5r milj\u00f6<\/a> <small>Posted on: 27 november 2016<\/small><\/li><li class=\"posts-by-tag-item alla inl\u00e4gg Elisabeth Walfridsson fattigdom import kaffe milj\u00f6 milj\u00f6 och energi olja\" id=\"posts-by-tag-item-294870\"><a class = \"posts-by-tag-item-title\" href=\"https:\/\/wp.kristdemokraterna.se\/vasternorrland\/ditt-val-kan-gora-stor-skillnad\/\">Ditt val kan g\u00f6ra stor skillnad<\/a> <small>Posted on: 23 maj 2014<\/small><\/li><\/ul><br \/>\nF\u00f6r samtliga inl\u00e4gg om milj\u00f6 och energi, se <a href=\"http:\/\/wp.kristdemokraterna.se\/vasternorrland\/etiketter\/miljo-och-energi\/\">h\u00e4r<\/a><\/p>\n<hr \/>\n<p>Bilden \u00f6verst: N\u00e4mforsens kraftverk. Foto av Gabriel Hildebrand \/ Riksantikvarie\u00e4mbetet (<a href=\"https:\/\/creativecommons.org\/licenses\/by\/2.5\/deed.sv\">CC-BY 2.5<\/a>).<\/p>\n","protected":false},"excerpt":{"rendered":"<p>Region V\u00e4sternorrland ska verka f\u00f6r en h\u00e5llbar utveckling, med detta menas att man l\u00e5ngsiktigt vill bevara jordens, vattnets och \u00f6vriga ekosystemets produktionsf\u00f6rm\u00e5ga och att minska den negativa p\u00e5verkan p\u00e5 naturen och m\u00e4nniskors h\u00e4lsa. Regionens m\u00e5l \u00e4r att v\u00e4rlden ska kunna l\u00e4mnas till kommande generationer i ett b\u00e4ttre skick \u00e4n vi sj\u00e4lva fick ta emot den. <a class=\"read-more-link\" href=\"https:\/\/wp.kristdemokraterna.se\/vasternorrland\/var-politik\/politikomraden\/miljo-och-energi\/\">Read More<\/a><\/p>\n","protected":false},"author":787,"featured_media":0,"parent":179725,"menu_order":11,"comment_status":"closed","ping_status":"closed","template":"","meta":{"_acf_changed":false,"footnotes":""},"class_list":["post-180371","page","type-page","status-publish","hentry"],"acf":[],"yoast_head":"<!-- This site is optimized with the Yoast SEO plugin v27.3 - https:\/\/yoast.com\/product\/yoast-seo-wordpress\/ -->\n<title>Milj\u00f6 och energi | KD V\u00e4sternorrland<\/title>\n<meta name=\"robots\" content=\"index, follow, max-snippet:-1, max-image-preview:large, max-video-preview:-1\" \/>\n<link rel=\"canonical\" href=\"https:\/\/wp.kristdemokraterna.se\/vasternorrland\/var-politik\/politikomraden\/miljo-och-energi\/\" \/>\n<meta property=\"og:locale\" content=\"sv_SE\" \/>\n<meta property=\"og:type\" content=\"article\" \/>\n<meta property=\"og:title\" content=\"Milj\u00f6 och energi | KD V\u00e4sternorrland\" \/>\n<meta property=\"og:description\" content=\"Region V\u00e4sternorrland ska verka f\u00f6r en h\u00e5llbar utveckling, med detta menas att man l\u00e5ngsiktigt vill bevara jordens, vattnets och \u00f6vriga ekosystemets produktionsf\u00f6rm\u00e5ga och att minska den negativa p\u00e5verkan p\u00e5 naturen och m\u00e4nniskors h\u00e4lsa. Regionens m\u00e5l \u00e4r att v\u00e4rlden ska kunna l\u00e4mnas till kommande generationer i ett b\u00e4ttre skick \u00e4n vi sj\u00e4lva fick ta emot den. Read More\" \/>\n<meta property=\"og:url\" content=\"https:\/\/wp.kristdemokraterna.se\/vasternorrland\/var-politik\/politikomraden\/miljo-och-energi\/\" \/>\n<meta property=\"og:site_name\" content=\"KD V\u00e4sternorrland\" \/>\n<meta property=\"article:publisher\" content=\"https:\/\/www.facebook.com\/kdrvn\/\" \/>\n<meta property=\"article:modified_time\" content=\"2020-05-10T15:43:08+00:00\" \/>\n<meta property=\"og:image\" content=\"http:\/\/wp.kristdemokraterna.se\/vasternorrland\/files\/2019\/06\/energi-namforsens-kraftstation.jpg\" \/>\n<meta name=\"twitter:card\" content=\"summary_large_image\" \/>\n<meta name=\"twitter:label1\" content=\"Ber\u00e4knad l\u00e4stid\" \/>\n\t<meta name=\"twitter:data1\" content=\"1 minut\" \/>\n<script type=\"application\/ld+json\" class=\"yoast-schema-graph\">{\"@context\":\"https:\\\/\\\/schema.org\",\"@graph\":[{\"@type\":\"WebPage\",\"@id\":\"https:\\\/\\\/wp.kristdemokraterna.se\\\/vasternorrland\\\/var-politik\\\/politikomraden\\\/miljo-och-energi\\\/\",\"url\":\"https:\\\/\\\/wp.kristdemokraterna.se\\\/vasternorrland\\\/var-politik\\\/politikomraden\\\/miljo-och-energi\\\/\",\"name\":\"Milj\u00f6 och energi | KD V\u00e4sternorrland\",\"isPartOf\":{\"@id\":\"https:\\\/\\\/wp.kristdemokraterna.se\\\/vasternorrland\\\/#website\"},\"primaryImageOfPage\":{\"@id\":\"https:\\\/\\\/wp.kristdemokraterna.se\\\/vasternorrland\\\/var-politik\\\/politikomraden\\\/miljo-och-energi\\\/#primaryimage\"},\"image\":{\"@id\":\"https:\\\/\\\/wp.kristdemokraterna.se\\\/vasternorrland\\\/var-politik\\\/politikomraden\\\/miljo-och-energi\\\/#primaryimage\"},\"thumbnailUrl\":\"http:\\\/\\\/wp.kristdemokraterna.se\\\/vasternorrland\\\/files\\\/2019\\\/06\\\/energi-namforsens-kraftstation.jpg\",\"datePublished\":\"2019-04-16T07:00:41+00:00\",\"dateModified\":\"2020-05-10T15:43:08+00:00\",\"breadcrumb\":{\"@id\":\"https:\\\/\\\/wp.kristdemokraterna.se\\\/vasternorrland\\\/var-politik\\\/politikomraden\\\/miljo-och-energi\\\/#breadcrumb\"},\"inLanguage\":\"sv-SE\",\"potentialAction\":[{\"@type\":\"ReadAction\",\"target\":[\"https:\\\/\\\/wp.kristdemokraterna.se\\\/vasternorrland\\\/var-politik\\\/politikomraden\\\/miljo-och-energi\\\/\"]}]},{\"@type\":\"ImageObject\",\"inLanguage\":\"sv-SE\",\"@id\":\"https:\\\/\\\/wp.kristdemokraterna.se\\\/vasternorrland\\\/var-politik\\\/politikomraden\\\/miljo-och-energi\\\/#primaryimage\",\"url\":\"https:\\\/\\\/wp.kristdemokraterna.se\\\/vasternorrland\\\/files\\\/2019\\\/06\\\/energi-namforsens-kraftstation.jpg\",\"contentUrl\":\"https:\\\/\\\/wp.kristdemokraterna.se\\\/vasternorrland\\\/files\\\/2019\\\/06\\\/energi-namforsens-kraftstation.jpg\",\"width\":540,\"height\":304,\"caption\":\"Bilden \u00f6verst: N\u00e4mforsens kraftverk. Foto av Gabriel Hildebrand \\\/ Riksantikvarie\u00e4mbetet (CC-BY 2.5).\"},{\"@type\":\"BreadcrumbList\",\"@id\":\"https:\\\/\\\/wp.kristdemokraterna.se\\\/vasternorrland\\\/var-politik\\\/politikomraden\\\/miljo-och-energi\\\/#breadcrumb\",\"itemListElement\":[{\"@type\":\"ListItem\",\"position\":1,\"name\":\"Hem\",\"item\":\"https:\\\/\\\/wp.kristdemokraterna.se\\\/vasternorrland\\\/\"},{\"@type\":\"ListItem\",\"position\":2,\"name\":\"V\u00e5r politik\",\"item\":\"https:\\\/\\\/wp.kristdemokraterna.se\\\/vasternorrland\\\/var-politik\\\/\"},{\"@type\":\"ListItem\",\"position\":3,\"name\":\"Politikomr\u00e5den\",\"item\":\"https:\\\/\\\/wp.kristdemokraterna.se\\\/vasternorrland\\\/var-politik\\\/politikomraden\\\/\"},{\"@type\":\"ListItem\",\"position\":4,\"name\":\"Milj\u00f6 och energi\"}]},{\"@type\":\"WebSite\",\"@id\":\"https:\\\/\\\/wp.kristdemokraterna.se\\\/vasternorrland\\\/#website\",\"url\":\"https:\\\/\\\/wp.kristdemokraterna.se\\\/vasternorrland\\\/\",\"name\":\"KD V\u00e4sternorrland\",\"description\":\"V\u00e5rda v\u00e5rden - utveckla prim\u00e4rv\u00e5rden\",\"inLanguage\":\"sv-SE\"}]}<\/script>\n<!-- \/ Yoast SEO plugin. -->","yoast_head_json":{"title":"Milj\u00f6 och energi | KD V\u00e4sternorrland","robots":{"index":"index","follow":"follow","max-snippet":"max-snippet:-1","max-image-preview":"max-image-preview:large","max-video-preview":"max-video-preview:-1"},"canonical":"https:\/\/wp.kristdemokraterna.se\/vasternorrland\/var-politik\/politikomraden\/miljo-och-energi\/","og_locale":"sv_SE","og_type":"article","og_title":"Milj\u00f6 och energi | KD V\u00e4sternorrland","og_description":"Region V\u00e4sternorrland ska verka f\u00f6r en h\u00e5llbar utveckling, med detta menas att man l\u00e5ngsiktigt vill bevara jordens, vattnets och \u00f6vriga ekosystemets produktionsf\u00f6rm\u00e5ga och att minska den negativa p\u00e5verkan p\u00e5 naturen och m\u00e4nniskors h\u00e4lsa. Regionens m\u00e5l \u00e4r att v\u00e4rlden ska kunna l\u00e4mnas till kommande generationer i ett b\u00e4ttre skick \u00e4n vi sj\u00e4lva fick ta emot den. Read More","og_url":"https:\/\/wp.kristdemokraterna.se\/vasternorrland\/var-politik\/politikomraden\/miljo-och-energi\/","og_site_name":"KD V\u00e4sternorrland","article_publisher":"https:\/\/www.facebook.com\/kdrvn\/","article_modified_time":"2020-05-10T15:43:08+00:00","og_image":[{"url":"http:\/\/wp.kristdemokraterna.se\/vasternorrland\/files\/2019\/06\/energi-namforsens-kraftstation.jpg","type":"","width":"","height":""}],"twitter_card":"summary_large_image","twitter_misc":{"Ber\u00e4knad l\u00e4stid":"1 minut"},"schema":{"@context":"https:\/\/schema.org","@graph":[{"@type":"WebPage","@id":"https:\/\/wp.kristdemokraterna.se\/vasternorrland\/var-politik\/politikomraden\/miljo-och-energi\/","url":"https:\/\/wp.kristdemokraterna.se\/vasternorrland\/var-politik\/politikomraden\/miljo-och-energi\/","name":"Milj\u00f6 och energi | KD V\u00e4sternorrland","isPartOf":{"@id":"https:\/\/wp.kristdemokraterna.se\/vasternorrland\/#website"},"primaryImageOfPage":{"@id":"https:\/\/wp.kristdemokraterna.se\/vasternorrland\/var-politik\/politikomraden\/miljo-och-energi\/#primaryimage"},"image":{"@id":"https:\/\/wp.kristdemokraterna.se\/vasternorrland\/var-politik\/politikomraden\/miljo-och-energi\/#primaryimage"},"thumbnailUrl":"http:\/\/wp.kristdemokraterna.se\/vasternorrland\/files\/2019\/06\/energi-namforsens-kraftstation.jpg","datePublished":"2019-04-16T07:00:41+00:00","dateModified":"2020-05-10T15:43:08+00:00","breadcrumb":{"@id":"https:\/\/wp.kristdemokraterna.se\/vasternorrland\/var-politik\/politikomraden\/miljo-och-energi\/#breadcrumb"},"inLanguage":"sv-SE","potentialAction":[{"@type":"ReadAction","target":["https:\/\/wp.kristdemokraterna.se\/vasternorrland\/var-politik\/politikomraden\/miljo-och-energi\/"]}]},{"@type":"ImageObject","inLanguage":"sv-SE","@id":"https:\/\/wp.kristdemokraterna.se\/vasternorrland\/var-politik\/politikomraden\/miljo-och-energi\/#primaryimage","url":"https:\/\/wp.kristdemokraterna.se\/vasternorrland\/files\/2019\/06\/energi-namforsens-kraftstation.jpg","contentUrl":"https:\/\/wp.kristdemokraterna.se\/vasternorrland\/files\/2019\/06\/energi-namforsens-kraftstation.jpg","width":540,"height":304,"caption":"Bilden \u00f6verst: N\u00e4mforsens kraftverk. Foto av Gabriel Hildebrand \/ Riksantikvarie\u00e4mbetet (CC-BY 2.5)."},{"@type":"BreadcrumbList","@id":"https:\/\/wp.kristdemokraterna.se\/vasternorrland\/var-politik\/politikomraden\/miljo-och-energi\/#breadcrumb","itemListElement":[{"@type":"ListItem","position":1,"name":"Hem","item":"https:\/\/wp.kristdemokraterna.se\/vasternorrland\/"},{"@type":"ListItem","position":2,"name":"V\u00e5r politik","item":"https:\/\/wp.kristdemokraterna.se\/vasternorrland\/var-politik\/"},{"@type":"ListItem","position":3,"name":"Politikomr\u00e5den","item":"https:\/\/wp.kristdemokraterna.se\/vasternorrland\/var-politik\/politikomraden\/"},{"@type":"ListItem","position":4,"name":"Milj\u00f6 och energi"}]},{"@type":"WebSite","@id":"https:\/\/wp.kristdemokraterna.se\/vasternorrland\/#website","url":"https:\/\/wp.kristdemokraterna.se\/vasternorrland\/","name":"KD V\u00e4sternorrland","description":"V\u00e5rda v\u00e5rden - utveckla prim\u00e4rv\u00e5rden","inLanguage":"sv-SE"}]}},"_links":{"self":[{"href":"https:\/\/wp.kristdemokraterna.se\/vasternorrland\/wp-json\/wp\/v2\/pages\/180371","targetHints":{"allow":["GET"]}}],"collection":[{"href":"https:\/\/wp.kristdemokraterna.se\/vasternorrland\/wp-json\/wp\/v2\/pages"}],"about":[{"href":"https:\/\/wp.kristdemokraterna.se\/vasternorrland\/wp-json\/wp\/v2\/types\/page"}],"author":[{"embeddable":true,"href":"https:\/\/wp.kristdemokraterna.se\/vasternorrland\/wp-json\/wp\/v2\/users\/787"}],"replies":[{"embeddable":true,"href":"https:\/\/wp.kristdemokraterna.se\/vasternorrland\/wp-json\/wp\/v2\/comments?post=180371"}],"version-history":[{"count":4,"href":"https:\/\/wp.kristdemokraterna.se\/vasternorrland\/wp-json\/wp\/v2\/pages\/180371\/revisions"}],"predecessor-version":[{"id":200283,"href":"https:\/\/wp.kristdemokraterna.se\/vasternorrland\/wp-json\/wp\/v2\/pages\/180371\/revisions\/200283"}],"up":[{"embeddable":true,"href":"https:\/\/wp.kristdemokraterna.se\/vasternorrland\/wp-json\/wp\/v2\/pages\/179725"}],"wp:attachment":[{"href":"https:\/\/wp.kristdemokraterna.se\/vasternorrland\/wp-json\/wp\/v2\/media?parent=180371"}],"curies":[{"name":"wp","href":"https:\/\/api.w.org\/{rel}","templated":true}]}}