{"id":180541,"date":"2019-04-16T03:00:29","date_gmt":"2019-04-16T01:00:29","guid":{"rendered":"http:\/\/wp.kristdemokraterna.se\/vasternorrland\/?page_id=180541"},"modified":"2021-11-17T15:14:28","modified_gmt":"2021-11-17T14:14:28","slug":"ekonomi-skatter","status":"publish","type":"page","link":"https:\/\/wp.kristdemokraterna.se\/vasternorrland\/var-politik\/politikomraden\/ekonomi-skatter\/","title":{"rendered":"Ekonomi\/skatter"},"content":{"rendered":"<p><img decoding=\"async\" class=\"size-full wp-image-198415\" src=\"http:\/\/wp.kristdemokraterna.se\/vasternorrland\/files\/2019\/06\/ekonomi-pengar.jpg\" alt=\"\" width=\"100%\" height=\"100%\" srcset=\"https:\/\/wp.kristdemokraterna.se\/vasternorrland\/files\/2019\/06\/ekonomi-pengar.jpg 1920w, https:\/\/wp.kristdemokraterna.se\/vasternorrland\/files\/2019\/06\/ekonomi-pengar-300x169.jpg 300w, https:\/\/wp.kristdemokraterna.se\/vasternorrland\/files\/2019\/06\/ekonomi-pengar-768x432.jpg 768w, https:\/\/wp.kristdemokraterna.se\/vasternorrland\/files\/2019\/06\/ekonomi-pengar-540x304.jpg 540w, https:\/\/wp.kristdemokraterna.se\/vasternorrland\/files\/2019\/06\/ekonomi-pengar-356x200.jpg 356w, https:\/\/wp.kristdemokraterna.se\/vasternorrland\/files\/2019\/06\/ekonomi-pengar-370x208.jpg 370w, https:\/\/wp.kristdemokraterna.se\/vasternorrland\/files\/2019\/06\/ekonomi-pengar-770x433.jpg 770w, https:\/\/wp.kristdemokraterna.se\/vasternorrland\/files\/2019\/06\/ekonomi-pengar-450x253.jpg 450w, https:\/\/wp.kristdemokraterna.se\/vasternorrland\/files\/2019\/06\/ekonomi-pengar-280x158.jpg 280w, https:\/\/wp.kristdemokraterna.se\/vasternorrland\/files\/2019\/06\/ekonomi-pengar-340x191.jpg 340w, https:\/\/wp.kristdemokraterna.se\/vasternorrland\/files\/2019\/06\/ekonomi-pengar-200x113.jpg 200w, https:\/\/wp.kristdemokraterna.se\/vasternorrland\/files\/2019\/06\/ekonomi-pengar-100x56.jpg 100w\" sizes=\"(max-width: 1920px) 100vw, 1920px\" \/><\/p>\n<h2>God ekonomisk hush\u00e5llning<\/h2>\n<p>God ekonomisk hush\u00e5llning handlar inte bara om pengar utan \u00e4ven att fr\u00e4mja en ekologiskt och socialt h\u00e5llbar utveckling. Ansvarstagandet f\u00f6r regionens ekonomi, milj\u00f6 och resursanv\u00e4ndning \u00e4r att ta ansvar f\u00f6r kommande generationer med en social dimension som inrymmer skilda saker s\u00e5som etiska aspekter, j\u00e4mst\u00e4lldhet, kultur, folkh\u00e4lsa och arbetsmilj\u00f6. D\u00e4rf\u00f6r \u00e4r samtliga strategiska m\u00e5l i regionplanen viktiga f\u00f6r att l\u00e5ngsiktigt skapa en god ekonomisk hush\u00e5llning.<\/p>\n<p>P\u00e5 kort sikt handlar det d\u00e4remot i stora drag om en tydlig ekonomistyrning och budgetdisciplin, n\u00e5got som fr\u00e4mjas av ett engagerat ledarskap och ett systematiskt arbetsmilj\u00f6arbete.<\/p>\n<h2>Kostnadseffektivitet<\/h2>\n<p>Ers\u00e4ttningssystemet f\u00f6r det f\u00f6rebyggande arbetet beh\u00f6ver utvecklas. Det g\u00e4ller s\u00e5v\u00e4l prim\u00e4r prevention (f\u00f6rebyggande av sjukdomar) som sekund\u00e4r prevention (f\u00f6rebyggande av komplikationer till befintlig sjukdom). Inom tandv\u00e5rden fr\u00e4mjas transparens och kostnadsneutralitet mellan regionens v\u00e5rd och privata akt\u00f6rer.<\/p>\n<p>F\u00f6r lokaler ska regionen forts\u00e4tta att minska andelen vakanta lokaler och kontinuerligt se \u00f6ver behovet av lokalyta i syfte att om m\u00f6jligt f\u00e5 ner totalytan ytterligare. Investeringar i ny- och ombyggnader ska ha som m\u00e5l att antingen leda till b\u00e4ttre arbetsmilj\u00f6, l\u00e4gre driftkostnader och\/eller \u00f6kade int\u00e4kter. Inom kulturomr\u00e5det beh\u00f6ver samarbetet med l\u00e4nets kommuner och med de andra norrlandstingen bli tydligare och b\u00e4ttre, bland annat betr\u00e4ffande de l\u00e5ngsiktiga ekonomiska f\u00f6ruts\u00e4ttningarna.<\/p>\n<h2>Ekonomi i balans<\/h2>\n<p>Regionen ska ha en ekonomi i balans p\u00e5 kort s\u00e5v\u00e4l p\u00e5 l\u00e5ng sikt. F\u00f6r att klara detta ska det finnas ett aktivt arbete f\u00f6r kostnadskontroll och \u00f6kad kostnadsmedvetenhet. Arbetet med effektiviseringar beh\u00f6ver intensifieras och en \u00f6versyn beh\u00f6vs f\u00f6r att se om det finns verksamheter l\u00e4mpliga att l\u00e4gga ut p\u00e5 entreprenad.<\/p>\n<h2>F\u00f6rvaltarskap<\/h2>\n<p>F\u00f6r att \u00e4ven kommande generationer ska f\u00e5 en god sjukv\u00e5rd b\u00f6r cirka 150 miljoner kronor \u00e5rligen avs\u00e4ttas f\u00f6r att t\u00e4cka pensionsskuldens f\u00f6r\u00e4ndring. Detta m\u00e5l f\u00f6r f\u00f6rst\u00e4rkning av pensionsavs\u00e4ttningarna klaras under planperioden under f\u00f6ruts\u00e4ttning att verksamheten klaras inom givna budgetramar. Upphandlingsenheten f\u00e5r en tydligare roll i upphandlingsprocessen och det tydligg\u00f6rs f\u00f6r verksamheterna vem och vilka som f\u00e5r upphandla vilka produkter och tj\u00e4nster. Dokumenten i upphandlingsprocessen ska vara kvalitetss\u00e4krade. Gjorda ink\u00f6p ska f\u00f6ljas upp och kontrolleras. Fr\u00e5n alla verksamheter kr\u00e4vs trohet mot ing\u00e5ngna avtal. Besparingspotentialen till f\u00f6ljd av b\u00e4ttre kompetens och kvalitet i upphandlingsprocessen \u00e4r betydande. Investeringar ska granskas systematiskt mot behov och l\u00e5ngsiktigt v\u00e4rde kontra driftkostnads\u00f6kning. Byggprojekten prioriteras efter angel\u00e4genhets- och nyttograd. Projekt f\u00e5r inte startas innan prioriteringen har genomf\u00f6rts.<\/p>\n<p><strong>Senaste inl\u00e4ggen om ekonomi:<\/strong><br \/>\n<ul class = \"posts-by-tag-list\"><li class=\"posts-by-tag-item alla inl\u00e4gg arbetsmilj\u00f6 arbetsvillkor bemanning budget ekonomi ekonomi\/skatter friskv\u00e5rdsbidrag kompetens personal sjuksk\u00f6terska specialitsjuksk\u00f6terska trivselpeng utbildning utvecklingssk\u00f6terska val 2026\" id=\"posts-by-tag-item-352357\"><a class = \"posts-by-tag-item-title\" href=\"https:\/\/wp.kristdemokraterna.se\/vasternorrland\/det-behovs-ett-annat-ledarskap\/\">Det beh\u00f6vs ett annat ledarskap<\/a> <small>Posted on: 4 december 2022<\/small><\/li><li class=\"posts-by-tag-item alla inl\u00e4gg ekonomi ekonomi\/skatter fastighetsunderh\u00e5ll h\u00e4rn\u00f6sand Henrik Sendelbach interpellation Regionens Hus\" id=\"posts-by-tag-item-351819\"><a class = \"posts-by-tag-item-title\" href=\"https:\/\/wp.kristdemokraterna.se\/vasternorrland\/det-eftersatta-underhallet-av-regionens-fastigheter\/\">Det eftersatta underh\u00e5llet av regionens fastigheter<\/a> <small>Posted on: 3 maj 2021<\/small><\/li><li class=\"posts-by-tag-item alla inl\u00e4gg ambulans ekonomi Henrik Sendelbach interpellation specialistv\u00e5rd Svenskt Ambulansflyg\" id=\"posts-by-tag-item-351816\"><a class = \"posts-by-tag-item-title\" href=\"https:\/\/wp.kristdemokraterna.se\/vasternorrland\/kostnaden-for-svenskt-ambulansflyg\/\">Kostnaden f\u00f6r svenskt ambulansflyg<\/a> <small>Posted on: 6 april 2021<\/small><\/li><li class=\"posts-by-tag-item alla inl\u00e4gg centralisering ekonomi ekonomi\/skatter f\u00f6retagande Henrik Sendelbach hyrpersonal lyssna n\u00e4ringsliv\/arbete n\u00e4tl\u00e4kare personal sammanh\u00e5llning skatter v\u00e4lf\u00e4rd\" id=\"posts-by-tag-item-351712\"><a class = \"posts-by-tag-item-title\" href=\"https:\/\/wp.kristdemokraterna.se\/vasternorrland\/natlakarna-behovs-for-valfarden\/\">N\u00e4tl\u00e4karna beh\u00f6vs f\u00f6r v\u00e4lf\u00e4rden!<\/a> <small>Posted on: 1 april 2021<\/small><\/li><li class=\"posts-by-tag-item alla inl\u00e4gg ansvar ekonomi ekonomi\/skatter ledarskap ledning\/styrning Liberalerna Moderaterna Mona Hammarstedt prim\u00e4rv\u00e5rd Socialdemokraterna\" id=\"posts-by-tag-item-346924\"><a class = \"posts-by-tag-item-title\" href=\"https:\/\/wp.kristdemokraterna.se\/vasternorrland\/hur-lange-finns-den-politiska-majoriteten-s-m-l-i-region-vasternorrland\/\">Hur l\u00e4nge finns den politiska majoriteten (S, M, L) i Region V\u00e4sternorrland?<\/a> <small>Posted on: 17 februari 2021<\/small><\/li><li class=\"posts-by-tag-item \u00c4landsbro alla inl\u00e4gg Bj\u00e4sta budget buss Docksta ekonomi ekonomi\/skatter h\u00e4rn\u00f6sand kollektivtrafik Kramfors nedl\u00e4ggning \u00d6rnsk\u00f6ldsvik skattev\u00e4xling Ull\u00e5nger\" id=\"posts-by-tag-item-328724\"><a class = \"posts-by-tag-item-title\" href=\"https:\/\/wp.kristdemokraterna.se\/vasternorrland\/linje-50-hotas-av-nedlaggning\/\">Linje 50 hotas av nedl\u00e4ggning!<\/a> <small>Posted on: 2 december 2020<\/small><\/li><li class=\"posts-by-tag-item alla inl\u00e4gg budget centralisering ekonomi ekonomi\/skatter prim\u00e4rv\u00e5rd ungdomsmottagning\" id=\"posts-by-tag-item-328728\"><a class = \"posts-by-tag-item-title\" href=\"https:\/\/wp.kristdemokraterna.se\/vasternorrland\/kd-prioriterar-primarvarden-i-arets-budget\/\">KD prioriterar prim\u00e4rv\u00e5rden i \u00e5rets budget<\/a> <small>Posted on: 1 december 2020<\/small><\/li><li class=\"posts-by-tag-item alla inl\u00e4gg arbetsmilj\u00f6 budget Covid-19 ekonomi ekonomi\/skatter folkh\u00e4lsa IVO kulturarv ledning\/styrning Mona Hammarstedt oppositionen personal psykisk h\u00e4lsa\" id=\"posts-by-tag-item-328236\"><a class = \"posts-by-tag-item-title\" href=\"https:\/\/wp.kristdemokraterna.se\/vasternorrland\/visst-finns-det-ett-gott-alternativ-till-s-m-l-i-regionen\/\">Visst finns det ett gott alternativ till S, M, L i regionen<\/a> <small>Posted on: 30 november 2020<\/small><\/li><li class=\"posts-by-tag-item alla inl\u00e4gg ansvar arbetsmilj\u00f6 arbetsvillkor debattartikel ekonomi ekonomi\/skatter Henrik Sendelbach hyrpersonal Mona Hammarstedt omorganisation personal produktivitet sparpaket tillg\u00e4nglighet\" id=\"posts-by-tag-item-312063\"><a class = \"posts-by-tag-item-title\" href=\"https:\/\/wp.kristdemokraterna.se\/vasternorrland\/vi-vet-hur-det-har-gatt-med-tidigare-sparpaket\/\">Vi vet hur det har g\u00e5tt med tidigare \"sparpaket\"<\/a> <small>Posted on: 26 september 2020<\/small><\/li><li class=\"posts-by-tag-item administration alla inl\u00e4gg ekonomi ekonomi\/skatter god och n\u00e4ra v\u00e5rd n\u00e4rsjukv\u00e5rd \u00d6ster\u00e5sen prim\u00e4rv\u00e5rd samverkan specialistv\u00e5rd Sverigedemokraterna\" id=\"posts-by-tag-item-311594\"><a class = \"posts-by-tag-item-title\" href=\"https:\/\/wp.kristdemokraterna.se\/vasternorrland\/sammandrag-av-regionfullmaktige-23-september-2020\/\">Sammandrag av Regionfullm\u00e4ktige 23 september 2020<\/a> <small>Posted on: 23 september 2020<\/small><\/li><\/ul>F\u00f6r samtliga inl\u00e4gg om ekonomi, se <a href=\"http:\/\/wp.kristdemokraterna.se\/vasternorrland\/etiketter\/ekonomi-skatter\/\">h\u00e4r<\/a><\/p>\n<hr \/>\n<p><em>Bilden \u00f6verst av Christoph Meinersmann fr\u00e5n Pixabay.<\/em><\/p>\n","protected":false},"excerpt":{"rendered":"<p>God ekonomisk hush\u00e5llning God ekonomisk hush\u00e5llning handlar inte bara om pengar utan \u00e4ven att fr\u00e4mja en ekologiskt och socialt h\u00e5llbar utveckling. Ansvarstagandet f\u00f6r regionens ekonomi, milj\u00f6 och resursanv\u00e4ndning \u00e4r att ta ansvar f\u00f6r kommande generationer med en social dimension som inrymmer skilda saker s\u00e5som etiska aspekter, j\u00e4mst\u00e4lldhet, kultur, folkh\u00e4lsa och arbetsmilj\u00f6. D\u00e4rf\u00f6r \u00e4r samtliga strategiska <a class=\"read-more-link\" href=\"https:\/\/wp.kristdemokraterna.se\/vasternorrland\/var-politik\/politikomraden\/ekonomi-skatter\/\">Read More<\/a><\/p>\n","protected":false},"author":787,"featured_media":0,"parent":179725,"menu_order":3,"comment_status":"closed","ping_status":"closed","template":"index.php","meta":{"_acf_changed":false,"footnotes":""},"class_list":["post-180541","page","type-page","status-publish","hentry"],"acf":[],"yoast_head":"<!-- This site is optimized with the Yoast SEO plugin v27.3 - https:\/\/yoast.com\/product\/yoast-seo-wordpress\/ -->\n<title>Ekonomi\/skatter | KD V\u00e4sternorrland<\/title>\n<meta name=\"robots\" content=\"index, follow, max-snippet:-1, max-image-preview:large, max-video-preview:-1\" \/>\n<link rel=\"canonical\" href=\"https:\/\/wp.kristdemokraterna.se\/vasternorrland\/var-politik\/politikomraden\/ekonomi-skatter\/\" \/>\n<meta property=\"og:locale\" content=\"sv_SE\" \/>\n<meta property=\"og:type\" content=\"article\" \/>\n<meta property=\"og:title\" content=\"Ekonomi\/skatter | KD V\u00e4sternorrland\" \/>\n<meta property=\"og:description\" content=\"God ekonomisk hush\u00e5llning God ekonomisk hush\u00e5llning handlar inte bara om pengar utan \u00e4ven att fr\u00e4mja en ekologiskt och socialt h\u00e5llbar utveckling. Ansvarstagandet f\u00f6r regionens ekonomi, milj\u00f6 och resursanv\u00e4ndning \u00e4r att ta ansvar f\u00f6r kommande generationer med en social dimension som inrymmer skilda saker s\u00e5som etiska aspekter, j\u00e4mst\u00e4lldhet, kultur, folkh\u00e4lsa och arbetsmilj\u00f6. D\u00e4rf\u00f6r \u00e4r samtliga strategiska Read More\" \/>\n<meta property=\"og:url\" content=\"https:\/\/wp.kristdemokraterna.se\/vasternorrland\/var-politik\/politikomraden\/ekonomi-skatter\/\" \/>\n<meta property=\"og:site_name\" content=\"KD V\u00e4sternorrland\" \/>\n<meta property=\"article:publisher\" content=\"https:\/\/www.facebook.com\/kdrvn\/\" \/>\n<meta property=\"article:modified_time\" content=\"2021-11-17T14:14:28+00:00\" \/>\n<meta property=\"og:image\" content=\"http:\/\/wp.kristdemokraterna.se\/vasternorrland\/files\/2019\/06\/ekonomi-pengar.jpg\" \/>\n<meta name=\"twitter:card\" content=\"summary_large_image\" \/>\n<meta name=\"twitter:label1\" content=\"Ber\u00e4knad l\u00e4stid\" \/>\n\t<meta name=\"twitter:data1\" content=\"2 minuter\" \/>\n<script type=\"application\/ld+json\" class=\"yoast-schema-graph\">{\"@context\":\"https:\\\/\\\/schema.org\",\"@graph\":[{\"@type\":\"WebPage\",\"@id\":\"https:\\\/\\\/wp.kristdemokraterna.se\\\/vasternorrland\\\/var-politik\\\/politikomraden\\\/ekonomi-skatter\\\/\",\"url\":\"https:\\\/\\\/wp.kristdemokraterna.se\\\/vasternorrland\\\/var-politik\\\/politikomraden\\\/ekonomi-skatter\\\/\",\"name\":\"Ekonomi\\\/skatter | KD V\u00e4sternorrland\",\"isPartOf\":{\"@id\":\"https:\\\/\\\/wp.kristdemokraterna.se\\\/vasternorrland\\\/#website\"},\"primaryImageOfPage\":{\"@id\":\"https:\\\/\\\/wp.kristdemokraterna.se\\\/vasternorrland\\\/var-politik\\\/politikomraden\\\/ekonomi-skatter\\\/#primaryimage\"},\"image\":{\"@id\":\"https:\\\/\\\/wp.kristdemokraterna.se\\\/vasternorrland\\\/var-politik\\\/politikomraden\\\/ekonomi-skatter\\\/#primaryimage\"},\"thumbnailUrl\":\"http:\\\/\\\/wp.kristdemokraterna.se\\\/vasternorrland\\\/files\\\/2019\\\/06\\\/ekonomi-pengar.jpg\",\"datePublished\":\"2019-04-16T01:00:29+00:00\",\"dateModified\":\"2021-11-17T14:14:28+00:00\",\"breadcrumb\":{\"@id\":\"https:\\\/\\\/wp.kristdemokraterna.se\\\/vasternorrland\\\/var-politik\\\/politikomraden\\\/ekonomi-skatter\\\/#breadcrumb\"},\"inLanguage\":\"sv-SE\",\"potentialAction\":[{\"@type\":\"ReadAction\",\"target\":[\"https:\\\/\\\/wp.kristdemokraterna.se\\\/vasternorrland\\\/var-politik\\\/politikomraden\\\/ekonomi-skatter\\\/\"]}]},{\"@type\":\"ImageObject\",\"inLanguage\":\"sv-SE\",\"@id\":\"https:\\\/\\\/wp.kristdemokraterna.se\\\/vasternorrland\\\/var-politik\\\/politikomraden\\\/ekonomi-skatter\\\/#primaryimage\",\"url\":\"https:\\\/\\\/wp.kristdemokraterna.se\\\/vasternorrland\\\/files\\\/2019\\\/06\\\/ekonomi-pengar.jpg\",\"contentUrl\":\"https:\\\/\\\/wp.kristdemokraterna.se\\\/vasternorrland\\\/files\\\/2019\\\/06\\\/ekonomi-pengar.jpg\",\"width\":1920,\"height\":1080,\"caption\":\"Bilden \u00f6verst av Christoph Meinersmann fr\u00e5n Pixabay (Pixabay License).\"},{\"@type\":\"BreadcrumbList\",\"@id\":\"https:\\\/\\\/wp.kristdemokraterna.se\\\/vasternorrland\\\/var-politik\\\/politikomraden\\\/ekonomi-skatter\\\/#breadcrumb\",\"itemListElement\":[{\"@type\":\"ListItem\",\"position\":1,\"name\":\"Hem\",\"item\":\"https:\\\/\\\/wp.kristdemokraterna.se\\\/vasternorrland\\\/\"},{\"@type\":\"ListItem\",\"position\":2,\"name\":\"V\u00e5r politik\",\"item\":\"https:\\\/\\\/wp.kristdemokraterna.se\\\/vasternorrland\\\/var-politik\\\/\"},{\"@type\":\"ListItem\",\"position\":3,\"name\":\"Politikomr\u00e5den\",\"item\":\"https:\\\/\\\/wp.kristdemokraterna.se\\\/vasternorrland\\\/var-politik\\\/politikomraden\\\/\"},{\"@type\":\"ListItem\",\"position\":4,\"name\":\"Ekonomi\\\/skatter\"}]},{\"@type\":\"WebSite\",\"@id\":\"https:\\\/\\\/wp.kristdemokraterna.se\\\/vasternorrland\\\/#website\",\"url\":\"https:\\\/\\\/wp.kristdemokraterna.se\\\/vasternorrland\\\/\",\"name\":\"KD V\u00e4sternorrland\",\"description\":\"V\u00e5rda v\u00e5rden - utveckla prim\u00e4rv\u00e5rden\",\"inLanguage\":\"sv-SE\"}]}<\/script>\n<!-- \/ Yoast SEO plugin. -->","yoast_head_json":{"title":"Ekonomi\/skatter | KD V\u00e4sternorrland","robots":{"index":"index","follow":"follow","max-snippet":"max-snippet:-1","max-image-preview":"max-image-preview:large","max-video-preview":"max-video-preview:-1"},"canonical":"https:\/\/wp.kristdemokraterna.se\/vasternorrland\/var-politik\/politikomraden\/ekonomi-skatter\/","og_locale":"sv_SE","og_type":"article","og_title":"Ekonomi\/skatter | KD V\u00e4sternorrland","og_description":"God ekonomisk hush\u00e5llning God ekonomisk hush\u00e5llning handlar inte bara om pengar utan \u00e4ven att fr\u00e4mja en ekologiskt och socialt h\u00e5llbar utveckling. Ansvarstagandet f\u00f6r regionens ekonomi, milj\u00f6 och resursanv\u00e4ndning \u00e4r att ta ansvar f\u00f6r kommande generationer med en social dimension som inrymmer skilda saker s\u00e5som etiska aspekter, j\u00e4mst\u00e4lldhet, kultur, folkh\u00e4lsa och arbetsmilj\u00f6. D\u00e4rf\u00f6r \u00e4r samtliga strategiska Read More","og_url":"https:\/\/wp.kristdemokraterna.se\/vasternorrland\/var-politik\/politikomraden\/ekonomi-skatter\/","og_site_name":"KD V\u00e4sternorrland","article_publisher":"https:\/\/www.facebook.com\/kdrvn\/","article_modified_time":"2021-11-17T14:14:28+00:00","og_image":[{"url":"http:\/\/wp.kristdemokraterna.se\/vasternorrland\/files\/2019\/06\/ekonomi-pengar.jpg","type":"","width":"","height":""}],"twitter_card":"summary_large_image","twitter_misc":{"Ber\u00e4knad l\u00e4stid":"2 minuter"},"schema":{"@context":"https:\/\/schema.org","@graph":[{"@type":"WebPage","@id":"https:\/\/wp.kristdemokraterna.se\/vasternorrland\/var-politik\/politikomraden\/ekonomi-skatter\/","url":"https:\/\/wp.kristdemokraterna.se\/vasternorrland\/var-politik\/politikomraden\/ekonomi-skatter\/","name":"Ekonomi\/skatter | KD V\u00e4sternorrland","isPartOf":{"@id":"https:\/\/wp.kristdemokraterna.se\/vasternorrland\/#website"},"primaryImageOfPage":{"@id":"https:\/\/wp.kristdemokraterna.se\/vasternorrland\/var-politik\/politikomraden\/ekonomi-skatter\/#primaryimage"},"image":{"@id":"https:\/\/wp.kristdemokraterna.se\/vasternorrland\/var-politik\/politikomraden\/ekonomi-skatter\/#primaryimage"},"thumbnailUrl":"http:\/\/wp.kristdemokraterna.se\/vasternorrland\/files\/2019\/06\/ekonomi-pengar.jpg","datePublished":"2019-04-16T01:00:29+00:00","dateModified":"2021-11-17T14:14:28+00:00","breadcrumb":{"@id":"https:\/\/wp.kristdemokraterna.se\/vasternorrland\/var-politik\/politikomraden\/ekonomi-skatter\/#breadcrumb"},"inLanguage":"sv-SE","potentialAction":[{"@type":"ReadAction","target":["https:\/\/wp.kristdemokraterna.se\/vasternorrland\/var-politik\/politikomraden\/ekonomi-skatter\/"]}]},{"@type":"ImageObject","inLanguage":"sv-SE","@id":"https:\/\/wp.kristdemokraterna.se\/vasternorrland\/var-politik\/politikomraden\/ekonomi-skatter\/#primaryimage","url":"https:\/\/wp.kristdemokraterna.se\/vasternorrland\/files\/2019\/06\/ekonomi-pengar.jpg","contentUrl":"https:\/\/wp.kristdemokraterna.se\/vasternorrland\/files\/2019\/06\/ekonomi-pengar.jpg","width":1920,"height":1080,"caption":"Bilden \u00f6verst av Christoph Meinersmann fr\u00e5n Pixabay (Pixabay License)."},{"@type":"BreadcrumbList","@id":"https:\/\/wp.kristdemokraterna.se\/vasternorrland\/var-politik\/politikomraden\/ekonomi-skatter\/#breadcrumb","itemListElement":[{"@type":"ListItem","position":1,"name":"Hem","item":"https:\/\/wp.kristdemokraterna.se\/vasternorrland\/"},{"@type":"ListItem","position":2,"name":"V\u00e5r politik","item":"https:\/\/wp.kristdemokraterna.se\/vasternorrland\/var-politik\/"},{"@type":"ListItem","position":3,"name":"Politikomr\u00e5den","item":"https:\/\/wp.kristdemokraterna.se\/vasternorrland\/var-politik\/politikomraden\/"},{"@type":"ListItem","position":4,"name":"Ekonomi\/skatter"}]},{"@type":"WebSite","@id":"https:\/\/wp.kristdemokraterna.se\/vasternorrland\/#website","url":"https:\/\/wp.kristdemokraterna.se\/vasternorrland\/","name":"KD V\u00e4sternorrland","description":"V\u00e5rda v\u00e5rden - utveckla prim\u00e4rv\u00e5rden","inLanguage":"sv-SE"}]}},"_links":{"self":[{"href":"https:\/\/wp.kristdemokraterna.se\/vasternorrland\/wp-json\/wp\/v2\/pages\/180541","targetHints":{"allow":["GET"]}}],"collection":[{"href":"https:\/\/wp.kristdemokraterna.se\/vasternorrland\/wp-json\/wp\/v2\/pages"}],"about":[{"href":"https:\/\/wp.kristdemokraterna.se\/vasternorrland\/wp-json\/wp\/v2\/types\/page"}],"author":[{"embeddable":true,"href":"https:\/\/wp.kristdemokraterna.se\/vasternorrland\/wp-json\/wp\/v2\/users\/787"}],"replies":[{"embeddable":true,"href":"https:\/\/wp.kristdemokraterna.se\/vasternorrland\/wp-json\/wp\/v2\/comments?post=180541"}],"version-history":[{"count":9,"href":"https:\/\/wp.kristdemokraterna.se\/vasternorrland\/wp-json\/wp\/v2\/pages\/180541\/revisions"}],"predecessor-version":[{"id":352183,"href":"https:\/\/wp.kristdemokraterna.se\/vasternorrland\/wp-json\/wp\/v2\/pages\/180541\/revisions\/352183"}],"up":[{"embeddable":true,"href":"https:\/\/wp.kristdemokraterna.se\/vasternorrland\/wp-json\/wp\/v2\/pages\/179725"}],"wp:attachment":[{"href":"https:\/\/wp.kristdemokraterna.se\/vasternorrland\/wp-json\/wp\/v2\/media?parent=180541"}],"curies":[{"name":"wp","href":"https:\/\/api.w.org\/{rel}","templated":true}]}}