{"id":180926,"date":"2019-04-16T14:00:06","date_gmt":"2019-04-16T12:00:06","guid":{"rendered":"http:\/\/wp.kristdemokraterna.se\/vasternorrland\/?page_id=180926"},"modified":"2020-05-10T17:43:35","modified_gmt":"2020-05-10T15:43:35","slug":"psykiatri","status":"publish","type":"page","link":"https:\/\/wp.kristdemokraterna.se\/vasternorrland\/var-politik\/politikomraden\/psykiatri\/","title":{"rendered":"Psykiatri"},"content":{"rendered":"<p><img decoding=\"async\" class=\"wp-image-198437 size-full\" src=\"http:\/\/wp.kristdemokraterna.se\/vasternorrland\/files\/2019\/06\/psykiatri-kbt.jpg\" alt=\"\" width=\"100%\" height=\"100%\" srcset=\"https:\/\/wp.kristdemokraterna.se\/vasternorrland\/files\/2019\/06\/psykiatri-kbt.jpg 1920w, https:\/\/wp.kristdemokraterna.se\/vasternorrland\/files\/2019\/06\/psykiatri-kbt-300x169.jpg 300w, https:\/\/wp.kristdemokraterna.se\/vasternorrland\/files\/2019\/06\/psykiatri-kbt-768x432.jpg 768w, https:\/\/wp.kristdemokraterna.se\/vasternorrland\/files\/2019\/06\/psykiatri-kbt-540x304.jpg 540w, https:\/\/wp.kristdemokraterna.se\/vasternorrland\/files\/2019\/06\/psykiatri-kbt-356x200.jpg 356w, https:\/\/wp.kristdemokraterna.se\/vasternorrland\/files\/2019\/06\/psykiatri-kbt-370x208.jpg 370w, https:\/\/wp.kristdemokraterna.se\/vasternorrland\/files\/2019\/06\/psykiatri-kbt-770x433.jpg 770w, https:\/\/wp.kristdemokraterna.se\/vasternorrland\/files\/2019\/06\/psykiatri-kbt-450x253.jpg 450w, https:\/\/wp.kristdemokraterna.se\/vasternorrland\/files\/2019\/06\/psykiatri-kbt-280x158.jpg 280w, https:\/\/wp.kristdemokraterna.se\/vasternorrland\/files\/2019\/06\/psykiatri-kbt-340x191.jpg 340w, https:\/\/wp.kristdemokraterna.se\/vasternorrland\/files\/2019\/06\/psykiatri-kbt-200x113.jpg 200w, https:\/\/wp.kristdemokraterna.se\/vasternorrland\/files\/2019\/06\/psykiatri-kbt-100x56.jpg 100w\" sizes=\"(max-width: 1920px) 100vw, 1920px\" \/><\/p>\n<h2>Psykisk h\u00e4lsa<\/h2>\n<p>Den psykiska oh\u00e4lsan har de senaste \u00e5rtiondena \u00f6kat kraftigt, bland annat har andelen flickor som lider av oro och nedst\u00e4mdhet f\u00f6rdubblats sedan 1980-talet. Det \u00e4r ocks\u00e5 vanligare att ungdomar har sv\u00e5rt att sova eller har v\u00e4rk.<\/p>\n<p>Tidiga insatser och god tillg\u00e4nglighet till f\u00f6rsta linjens psykiatriska v\u00e5rd och den specialiserade ungdomspsykiatrin \u00e4r d\u00e4rf\u00f6r viktiga f\u00f6r barn och ungdomar. Inte minst f\u00f6r att f\u00f6rhindra utveckling av allvarligare problematik och minska antalet elever som inte fullf\u00f6ljer sin skolg\u00e5ng. Ett intensifierat arbete mot sj\u00e4lvskadebeteende, sj\u00e4lvmordsf\u00f6rs\u00f6k och sj\u00e4lvmord beh\u00f6vs.<\/p>\n<p>Unders\u00f6kningar visar att tre av fyra i Sverige har sj\u00e4lv upplevt eller vet n\u00e5gon som lever med psykisk oh\u00e4lsa. Trots detta diskrimineras m\u00e5nga m\u00e4nniskor dagligen. M\u00e4nniskor med psykisk oh\u00e4lsa har ocks\u00e5 sv\u00e5rare att s\u00f6ka v\u00e5rd vilket leder till h\u00f6gre d\u00f6dlighet i folksjukdomar s\u00e5som cancer, hj\u00e4rtinfarkter och stroke. Psykisk oh\u00e4lsa kan ocks\u00e5 leda till sj\u00e4lvmordsf\u00f6rs\u00f6k och sj\u00e4lvmord.<\/p>\n<p>Regionen ska d\u00e4rf\u00f6r vara med och etablera ett utbildningsprogram i F\u00f6rsta hj\u00e4lpen till psykisk h\u00e4lsa (MHFA) i V\u00e4sternorrlands l\u00e4n och att detta drivs och utvecklas i n\u00e4ra samr\u00e5d med l\u00e4nets kommuner och ber\u00f6rda organisationer.<\/p>\n<h2>Ofrivillig ensamhet<\/h2>\n<p>Vi vill att regionen erk\u00e4nner ofrivillig ensamhet som ett samh\u00e4llsproblem. Ber\u00e4kningar visar att ensamhet 2017 medf\u00f6rde extra v\u00e5rd- och omsorgskostnader i Sverige om drygt 12 miljarder kronor i form av fler v\u00e5rdbes\u00f6k och oplanerade inskrivningar vid slutenv\u00e5rd.<\/p>\n<p>Utifr\u00e5n V\u00e4sternorrlands befolkningsunderlag skulle detta ge oss merkostnader om 290 miljoner kronor \u2013 \u00e5rligen. Det \u00e4r d\u00e4rf\u00f6r h\u00f6g tid att vi tar oss an detta.<\/p>\n<p>Civilsamh\u00e4llet m\u00e5ste nu st\u00e4rkas, g\u00e4rna med st\u00f6d av kommunerna, f\u00f6r att f\u00e5 till fler sociala m\u00f6tesplatser och aktiviteter runt om i l\u00e4net. Vidare ska social aktivitet p\u00e5 recept pr\u00f6vas och utv\u00e4rderas.<\/p>\n<p>Vid sidan om dessa \u00e5tg\u00e4rder ska regionen ta fram en mer l\u00e5ngsiktig strategi f\u00f6r arbetet mot ofrivillig ensamhet.<\/p>\n<h2>R\u00e4ttspsykiatrisk v\u00e5rd<\/h2>\n<p>R\u00e4ttspsykiatriska regionkliniken i Sundsvall bedriver h\u00f6gspecialiserad v\u00e5rd f\u00f6r patienter som av domstol \u00f6verl\u00e4mnats till r\u00e4ttspsykiatrisk v\u00e5rd eller patienter med behov av psykiatrisk slutenv\u00e5rd.<\/p>\n<p>Regionens m\u00e5ls\u00e4ttning ska vara att kliniken ska forts\u00e4tta vara en av landets fr\u00e4msta kliniker inom sitt omr\u00e5de.<\/p>\n<p><strong>Senaste inl\u00e4ggen om psykiatri:<\/strong><br \/>\n<ul class = \"posts-by-tag-list\"><li class=\"posts-by-tag-item barn och unga BUP psykiatri psykisk h\u00e4lsa v\u00e5rdgaranti\" id=\"posts-by-tag-item-352341\"><a class = \"posts-by-tag-item-title\" href=\"https:\/\/wp.kristdemokraterna.se\/vasternorrland\/kd-kommer-fortsatta-att-slass-for-varje-barns-ratt-att-ma-bra\/\">Vi kommer forts\u00e4tta att sl\u00e5ss f\u00f6r varje barns r\u00e4tt att m\u00e5 bra<\/a> <small>Posted on: 5 augusti 2022<\/small><\/li><li class=\"posts-by-tag-item alla inl\u00e4gg etik och j\u00e4mlikhet interpellation j\u00e4mlik v\u00e5rd Mona Hammarstedt psykiatri specialistv\u00e5rd v\u00e4ntetider v\u00e5rdk\u00f6er\" id=\"posts-by-tag-item-352068\"><a class = \"posts-by-tag-item-title\" href=\"https:\/\/wp.kristdemokraterna.se\/vasternorrland\/ar-det-har-tillganglig-och-nara-vard\/\">Interpellation: \u00c4r det h\u00e4r tillg\u00e4nglig och n\u00e4ra v\u00e5rd<\/a> <small>Posted on: 1 oktober 2021<\/small><\/li><li class=\"posts-by-tag-item alla inl\u00e4gg asyls\u00f6kande Berit Andersson depression flyktingar interpellation migrationsverket psykiatri\" id=\"posts-by-tag-item-351763\"><a class = \"posts-by-tag-item-title\" href=\"https:\/\/wp.kristdemokraterna.se\/vasternorrland\/koerna-till-psykiatrin\/\">K\u00f6erna till psykiatrin<\/a> <small>Posted on: 6 maj 2021<\/small><\/li><li class=\"posts-by-tag-item alla inl\u00e4gg kontinuitet Michal Zakolski nedl\u00e4ggning \u00d6rnsk\u00f6ldsviks sjukhus pressmeddelande psykiatri SPOT-team\" id=\"posts-by-tag-item-341562\"><a class = \"posts-by-tag-item-title\" href=\"https:\/\/wp.kristdemokraterna.se\/vasternorrland\/forbattrad-psykvard-till-samma-kostnad-istallet-for-nedlaggning-i-ornskoldsvik\/\">F\u00f6rb\u00e4ttrad psykv\u00e5rd till samma kostnad ist\u00e4llet f\u00f6r nedl\u00e4ggning i \u00d6rnsk\u00f6ldsvik<\/a> <small>Posted on: 26 januari 2021<\/small><\/li><li class=\"posts-by-tag-item alla inl\u00e4gg cancer Covid-19 ensamhet folkh\u00e4lsa Henrik Sendelbach hj\u00e4rtinfarkt Joachim Jonsson KOL MHFA Mona Hammarstedt prim\u00e4rv\u00e5rd psykiatri sj\u00e4lvmord specialistv\u00e5rd stroke ungdomsmottagning\" id=\"posts-by-tag-item-275434\"><a class = \"posts-by-tag-item-title\" href=\"https:\/\/wp.kristdemokraterna.se\/vasternorrland\/hjalp-varden-i-framtiden-satsa-pa-folkhalsa-nu\/\">Hj\u00e4lp v\u00e5rden i framtiden \u2013 satsa p\u00e5 folkh\u00e4lsa nu!<\/a> <small>Posted on: 3 maj 2020<\/small><\/li><li class=\"posts-by-tag-item akutmottagning akutsjukhus alla inl\u00e4gg arbetsmilj\u00f6 arbetsvillkor barn och unga barnav\u00e5rdscentral bemanning centralisering civilsamh\u00e4lle demografi dialog ekonomi ekonomi\/skatter familj familjecentral fast l\u00e4karkontakt folkh\u00e4lsa geriatrik H\u00e4rn\u00f6sands sjukhus helhetsperspektiv hyrpersonal j\u00e4mlik v\u00e5rd kompetens kompetensf\u00f6rs\u00f6rjning kontinuitet m\u00e5lbild nationella riktlinjer patients\u00e4kerhet personal personcentrerad v\u00e5rd prim\u00e4rv\u00e5rd psykiatri psykisk oh\u00e4lsa regional utveckling revisionsintervall samverkan sjukskrivning specialistv\u00e5rd tandv\u00e5rd tillg\u00e4nglighet utbudsf\u00f6r\u00e4ndring\" id=\"posts-by-tag-item-259992\"><a class = \"posts-by-tag-item-title\" href=\"https:\/\/wp.kristdemokraterna.se\/vasternorrland\/inspel-till-en-ny-malbild-i-region-vasternorrland\/\">Inspel till en ny m\u00e5lbild i Region V\u00e4sternorrland<\/a> <small>Posted on: 25 februari 2020<\/small><\/li><li class=\"posts-by-tag-item \u00e4ldre alla inl\u00e4gg ekonomi\/skatter H\u00e4lsocentralen Nacksta ins\u00e4ndare Mona Hammarstedt prim\u00e4rv\u00e5rd psykiatri riksdagen specialistv\u00e5rd statsbidrag tillg\u00e4nglighet ungdomsmottagning\" id=\"posts-by-tag-item-258321\"><a class = \"posts-by-tag-item-title\" href=\"https:\/\/wp.kristdemokraterna.se\/vasternorrland\/54-miljoner-extra-till-region-vasternorrland-pengarna-ska-ga-till-varden\/\">54 miljoner extra till Region V\u00e4sternorrland \u2013 Pengarna ska g\u00e5 till v\u00e5rden!<\/a> <small>Posted on: 20 februari 2020<\/small><\/li><li class=\"posts-by-tag-item alla inl\u00e4gg f\u00f6rsta linjens ansvar prim\u00e4rv\u00e5rd psykiatri specialistv\u00e5rd\" id=\"posts-by-tag-item-242694\"><a class = \"posts-by-tag-item-title\" href=\"https:\/\/wp.kristdemokraterna.se\/vasternorrland\/forsta-linjens-ansvar-vard-for-barn-och-unga\/\">F\u00f6rsta linjens ansvar v\u00e5rd f\u00f6r barn och unga<\/a> <small>Posted on: 17 december 2019<\/small><\/li><li class=\"posts-by-tag-item \u00e4ldre \u00e4ldresamtal alla inl\u00e4gg ekonomi ekonomi\/skatter elevh\u00e4lsan ensamhet folkh\u00e4lsa Joachim Jonsson psykiatri recept specialistv\u00e5rd\" id=\"posts-by-tag-item-233935\"><a class = \"posts-by-tag-item-title\" href=\"https:\/\/wp.kristdemokraterna.se\/vasternorrland\/ofrivillig-ensamhet-ett-samhallsproblem-som-vi-maste-ta-itu-med\/\">Ofrivillig ensamhet - ett samh\u00e4llsproblem som vi m\u00e5ste ta itu med<\/a> <small>Posted on: 8 november 2019<\/small><\/li><li class=\"posts-by-tag-item alla inl\u00e4gg barn- och ungdomsmottagning prim\u00e4rv\u00e5rd psykiatri psykisk oh\u00e4lsa specialistv\u00e5rd\" id=\"posts-by-tag-item-228683\"><a class = \"posts-by-tag-item-title\" href=\"https:\/\/wp.kristdemokraterna.se\/vasternorrland\/motion-forsta-linjens-ansvar-for-barn-och-ungas-psykiska-halsa\/\">\u00d6verf\u00f6r f\u00f6rsta linjens ansvar f\u00f6r barn och ungas psykiska h\u00e4lsa<\/a> <small>Posted on: 21 oktober 2019<\/small><\/li><\/ul>F\u00f6r samtliga inl\u00e4gg om psykiatri, se <a href=\"http:\/\/wp.kristdemokraterna.se\/vasternorrland\/etiketter\/psykiatri\/\">h\u00e4r<\/a><\/p>\n<hr \/>\n<p><em>Bilden \u00f6verst av 3D Animation Production Company fr\u00e5n Pixabay.<\/em><\/p>\n","protected":false},"excerpt":{"rendered":"<p>Psykisk h\u00e4lsa Den psykiska oh\u00e4lsan har de senaste \u00e5rtiondena \u00f6kat kraftigt, bland annat har andelen flickor som lider av oro och nedst\u00e4mdhet f\u00f6rdubblats sedan 1980-talet. Det \u00e4r ocks\u00e5 vanligare att ungdomar har sv\u00e5rt att sova eller har v\u00e4rk. Tidiga insatser och god tillg\u00e4nglighet till f\u00f6rsta linjens psykiatriska v\u00e5rd och den specialiserade ungdomspsykiatrin \u00e4r d\u00e4rf\u00f6r viktiga <a class=\"read-more-link\" href=\"https:\/\/wp.kristdemokraterna.se\/vasternorrland\/var-politik\/politikomraden\/psykiatri\/\">Read More<\/a><\/p>\n","protected":false},"author":787,"featured_media":0,"parent":179725,"menu_order":15,"comment_status":"closed","ping_status":"closed","template":"","meta":{"_acf_changed":false,"footnotes":""},"class_list":["post-180926","page","type-page","status-publish","hentry"],"acf":[],"yoast_head":"<!-- This site is optimized with the Yoast SEO plugin v27.4 - https:\/\/yoast.com\/product\/yoast-seo-wordpress\/ -->\n<title>Psykiatri | KD V\u00e4sternorrland<\/title>\n<meta name=\"robots\" content=\"index, follow, max-snippet:-1, max-image-preview:large, max-video-preview:-1\" \/>\n<link rel=\"canonical\" href=\"https:\/\/wp.kristdemokraterna.se\/vasternorrland\/var-politik\/politikomraden\/psykiatri\/\" \/>\n<meta property=\"og:locale\" content=\"sv_SE\" \/>\n<meta property=\"og:type\" content=\"article\" \/>\n<meta property=\"og:title\" content=\"Psykiatri | KD V\u00e4sternorrland\" \/>\n<meta property=\"og:description\" content=\"Psykisk h\u00e4lsa Den psykiska oh\u00e4lsan har de senaste \u00e5rtiondena \u00f6kat kraftigt, bland annat har andelen flickor som lider av oro och nedst\u00e4mdhet f\u00f6rdubblats sedan 1980-talet. Det \u00e4r ocks\u00e5 vanligare att ungdomar har sv\u00e5rt att sova eller har v\u00e4rk. Tidiga insatser och god tillg\u00e4nglighet till f\u00f6rsta linjens psykiatriska v\u00e5rd och den specialiserade ungdomspsykiatrin \u00e4r d\u00e4rf\u00f6r viktiga Read More\" \/>\n<meta property=\"og:url\" content=\"https:\/\/wp.kristdemokraterna.se\/vasternorrland\/var-politik\/politikomraden\/psykiatri\/\" \/>\n<meta property=\"og:site_name\" content=\"KD V\u00e4sternorrland\" \/>\n<meta property=\"article:publisher\" content=\"https:\/\/www.facebook.com\/kdrvn\/\" \/>\n<meta property=\"article:modified_time\" content=\"2020-05-10T15:43:35+00:00\" \/>\n<meta property=\"og:image\" content=\"http:\/\/wp.kristdemokraterna.se\/vasternorrland\/files\/2019\/06\/psykiatri-kbt.jpg\" \/>\n<meta name=\"twitter:card\" content=\"summary_large_image\" \/>\n<meta name=\"twitter:label1\" content=\"Ber\u00e4knad l\u00e4stid\" \/>\n\t<meta name=\"twitter:data1\" content=\"2 minuter\" \/>\n<script type=\"application\/ld+json\" class=\"yoast-schema-graph\">{\"@context\":\"https:\\\/\\\/schema.org\",\"@graph\":[{\"@type\":\"WebPage\",\"@id\":\"https:\\\/\\\/wp.kristdemokraterna.se\\\/vasternorrland\\\/var-politik\\\/politikomraden\\\/psykiatri\\\/\",\"url\":\"https:\\\/\\\/wp.kristdemokraterna.se\\\/vasternorrland\\\/var-politik\\\/politikomraden\\\/psykiatri\\\/\",\"name\":\"Psykiatri | KD V\u00e4sternorrland\",\"isPartOf\":{\"@id\":\"https:\\\/\\\/wp.kristdemokraterna.se\\\/vasternorrland\\\/#website\"},\"primaryImageOfPage\":{\"@id\":\"https:\\\/\\\/wp.kristdemokraterna.se\\\/vasternorrland\\\/var-politik\\\/politikomraden\\\/psykiatri\\\/#primaryimage\"},\"image\":{\"@id\":\"https:\\\/\\\/wp.kristdemokraterna.se\\\/vasternorrland\\\/var-politik\\\/politikomraden\\\/psykiatri\\\/#primaryimage\"},\"thumbnailUrl\":\"http:\\\/\\\/wp.kristdemokraterna.se\\\/vasternorrland\\\/files\\\/2019\\\/06\\\/psykiatri-kbt.jpg\",\"datePublished\":\"2019-04-16T12:00:06+00:00\",\"dateModified\":\"2020-05-10T15:43:35+00:00\",\"breadcrumb\":{\"@id\":\"https:\\\/\\\/wp.kristdemokraterna.se\\\/vasternorrland\\\/var-politik\\\/politikomraden\\\/psykiatri\\\/#breadcrumb\"},\"inLanguage\":\"sv-SE\",\"potentialAction\":[{\"@type\":\"ReadAction\",\"target\":[\"https:\\\/\\\/wp.kristdemokraterna.se\\\/vasternorrland\\\/var-politik\\\/politikomraden\\\/psykiatri\\\/\"]}]},{\"@type\":\"ImageObject\",\"inLanguage\":\"sv-SE\",\"@id\":\"https:\\\/\\\/wp.kristdemokraterna.se\\\/vasternorrland\\\/var-politik\\\/politikomraden\\\/psykiatri\\\/#primaryimage\",\"url\":\"https:\\\/\\\/wp.kristdemokraterna.se\\\/vasternorrland\\\/files\\\/2019\\\/06\\\/psykiatri-kbt.jpg\",\"contentUrl\":\"https:\\\/\\\/wp.kristdemokraterna.se\\\/vasternorrland\\\/files\\\/2019\\\/06\\\/psykiatri-kbt.jpg\",\"width\":1920,\"height\":1080,\"caption\":\"Bilden \u00f6verst av 3D Animation Production Company fr\u00e5n Pixabay (Pixabay License).\"},{\"@type\":\"BreadcrumbList\",\"@id\":\"https:\\\/\\\/wp.kristdemokraterna.se\\\/vasternorrland\\\/var-politik\\\/politikomraden\\\/psykiatri\\\/#breadcrumb\",\"itemListElement\":[{\"@type\":\"ListItem\",\"position\":1,\"name\":\"Hem\",\"item\":\"https:\\\/\\\/wp.kristdemokraterna.se\\\/vasternorrland\\\/\"},{\"@type\":\"ListItem\",\"position\":2,\"name\":\"V\u00e5r politik\",\"item\":\"https:\\\/\\\/wp.kristdemokraterna.se\\\/vasternorrland\\\/var-politik\\\/\"},{\"@type\":\"ListItem\",\"position\":3,\"name\":\"Politikomr\u00e5den\",\"item\":\"https:\\\/\\\/wp.kristdemokraterna.se\\\/vasternorrland\\\/var-politik\\\/politikomraden\\\/\"},{\"@type\":\"ListItem\",\"position\":4,\"name\":\"Psykiatri\"}]},{\"@type\":\"WebSite\",\"@id\":\"https:\\\/\\\/wp.kristdemokraterna.se\\\/vasternorrland\\\/#website\",\"url\":\"https:\\\/\\\/wp.kristdemokraterna.se\\\/vasternorrland\\\/\",\"name\":\"KD V\u00e4sternorrland\",\"description\":\"V\u00e5rda v\u00e5rden - utveckla prim\u00e4rv\u00e5rden\",\"inLanguage\":\"sv-SE\"}]}<\/script>\n<!-- \/ Yoast SEO plugin. -->","yoast_head_json":{"title":"Psykiatri | KD V\u00e4sternorrland","robots":{"index":"index","follow":"follow","max-snippet":"max-snippet:-1","max-image-preview":"max-image-preview:large","max-video-preview":"max-video-preview:-1"},"canonical":"https:\/\/wp.kristdemokraterna.se\/vasternorrland\/var-politik\/politikomraden\/psykiatri\/","og_locale":"sv_SE","og_type":"article","og_title":"Psykiatri | KD V\u00e4sternorrland","og_description":"Psykisk h\u00e4lsa Den psykiska oh\u00e4lsan har de senaste \u00e5rtiondena \u00f6kat kraftigt, bland annat har andelen flickor som lider av oro och nedst\u00e4mdhet f\u00f6rdubblats sedan 1980-talet. Det \u00e4r ocks\u00e5 vanligare att ungdomar har sv\u00e5rt att sova eller har v\u00e4rk. Tidiga insatser och god tillg\u00e4nglighet till f\u00f6rsta linjens psykiatriska v\u00e5rd och den specialiserade ungdomspsykiatrin \u00e4r d\u00e4rf\u00f6r viktiga Read More","og_url":"https:\/\/wp.kristdemokraterna.se\/vasternorrland\/var-politik\/politikomraden\/psykiatri\/","og_site_name":"KD V\u00e4sternorrland","article_publisher":"https:\/\/www.facebook.com\/kdrvn\/","article_modified_time":"2020-05-10T15:43:35+00:00","og_image":[{"url":"http:\/\/wp.kristdemokraterna.se\/vasternorrland\/files\/2019\/06\/psykiatri-kbt.jpg","type":"","width":"","height":""}],"twitter_card":"summary_large_image","twitter_misc":{"Ber\u00e4knad l\u00e4stid":"2 minuter"},"schema":{"@context":"https:\/\/schema.org","@graph":[{"@type":"WebPage","@id":"https:\/\/wp.kristdemokraterna.se\/vasternorrland\/var-politik\/politikomraden\/psykiatri\/","url":"https:\/\/wp.kristdemokraterna.se\/vasternorrland\/var-politik\/politikomraden\/psykiatri\/","name":"Psykiatri | KD V\u00e4sternorrland","isPartOf":{"@id":"https:\/\/wp.kristdemokraterna.se\/vasternorrland\/#website"},"primaryImageOfPage":{"@id":"https:\/\/wp.kristdemokraterna.se\/vasternorrland\/var-politik\/politikomraden\/psykiatri\/#primaryimage"},"image":{"@id":"https:\/\/wp.kristdemokraterna.se\/vasternorrland\/var-politik\/politikomraden\/psykiatri\/#primaryimage"},"thumbnailUrl":"http:\/\/wp.kristdemokraterna.se\/vasternorrland\/files\/2019\/06\/psykiatri-kbt.jpg","datePublished":"2019-04-16T12:00:06+00:00","dateModified":"2020-05-10T15:43:35+00:00","breadcrumb":{"@id":"https:\/\/wp.kristdemokraterna.se\/vasternorrland\/var-politik\/politikomraden\/psykiatri\/#breadcrumb"},"inLanguage":"sv-SE","potentialAction":[{"@type":"ReadAction","target":["https:\/\/wp.kristdemokraterna.se\/vasternorrland\/var-politik\/politikomraden\/psykiatri\/"]}]},{"@type":"ImageObject","inLanguage":"sv-SE","@id":"https:\/\/wp.kristdemokraterna.se\/vasternorrland\/var-politik\/politikomraden\/psykiatri\/#primaryimage","url":"https:\/\/wp.kristdemokraterna.se\/vasternorrland\/files\/2019\/06\/psykiatri-kbt.jpg","contentUrl":"https:\/\/wp.kristdemokraterna.se\/vasternorrland\/files\/2019\/06\/psykiatri-kbt.jpg","width":1920,"height":1080,"caption":"Bilden \u00f6verst av 3D Animation Production Company fr\u00e5n Pixabay (Pixabay License)."},{"@type":"BreadcrumbList","@id":"https:\/\/wp.kristdemokraterna.se\/vasternorrland\/var-politik\/politikomraden\/psykiatri\/#breadcrumb","itemListElement":[{"@type":"ListItem","position":1,"name":"Hem","item":"https:\/\/wp.kristdemokraterna.se\/vasternorrland\/"},{"@type":"ListItem","position":2,"name":"V\u00e5r politik","item":"https:\/\/wp.kristdemokraterna.se\/vasternorrland\/var-politik\/"},{"@type":"ListItem","position":3,"name":"Politikomr\u00e5den","item":"https:\/\/wp.kristdemokraterna.se\/vasternorrland\/var-politik\/politikomraden\/"},{"@type":"ListItem","position":4,"name":"Psykiatri"}]},{"@type":"WebSite","@id":"https:\/\/wp.kristdemokraterna.se\/vasternorrland\/#website","url":"https:\/\/wp.kristdemokraterna.se\/vasternorrland\/","name":"KD V\u00e4sternorrland","description":"V\u00e5rda v\u00e5rden - utveckla prim\u00e4rv\u00e5rden","inLanguage":"sv-SE"}]}},"_links":{"self":[{"href":"https:\/\/wp.kristdemokraterna.se\/vasternorrland\/wp-json\/wp\/v2\/pages\/180926","targetHints":{"allow":["GET"]}}],"collection":[{"href":"https:\/\/wp.kristdemokraterna.se\/vasternorrland\/wp-json\/wp\/v2\/pages"}],"about":[{"href":"https:\/\/wp.kristdemokraterna.se\/vasternorrland\/wp-json\/wp\/v2\/types\/page"}],"author":[{"embeddable":true,"href":"https:\/\/wp.kristdemokraterna.se\/vasternorrland\/wp-json\/wp\/v2\/users\/787"}],"replies":[{"embeddable":true,"href":"https:\/\/wp.kristdemokraterna.se\/vasternorrland\/wp-json\/wp\/v2\/comments?post=180926"}],"version-history":[{"count":4,"href":"https:\/\/wp.kristdemokraterna.se\/vasternorrland\/wp-json\/wp\/v2\/pages\/180926\/revisions"}],"predecessor-version":[{"id":200290,"href":"https:\/\/wp.kristdemokraterna.se\/vasternorrland\/wp-json\/wp\/v2\/pages\/180926\/revisions\/200290"}],"up":[{"embeddable":true,"href":"https:\/\/wp.kristdemokraterna.se\/vasternorrland\/wp-json\/wp\/v2\/pages\/179725"}],"wp:attachment":[{"href":"https:\/\/wp.kristdemokraterna.se\/vasternorrland\/wp-json\/wp\/v2\/media?parent=180926"}],"curies":[{"name":"wp","href":"https:\/\/api.w.org\/{rel}","templated":true}]}}