{"id":182939,"date":"2019-04-16T18:00:52","date_gmt":"2019-04-16T16:00:52","guid":{"rendered":"http:\/\/wp.kristdemokraterna.se\/vasternorrland\/?page_id=182939"},"modified":"2020-05-10T17:46:13","modified_gmt":"2020-05-10T15:46:13","slug":"utbildning","status":"publish","type":"page","link":"https:\/\/wp.kristdemokraterna.se\/vasternorrland\/var-politik\/politikomraden\/utbildning\/","title":{"rendered":"Utbildning"},"content":{"rendered":"<p><img decoding=\"async\" class=\"size-full wp-image-198469\" src=\"http:\/\/wp.kristdemokraterna.se\/vasternorrland\/files\/2019\/06\/utbildning-forelasning.jpg\" alt=\"\" width=\"100%\" height=\"100%\" srcset=\"https:\/\/wp.kristdemokraterna.se\/vasternorrland\/files\/2019\/06\/utbildning-forelasning.jpg 1920w, https:\/\/wp.kristdemokraterna.se\/vasternorrland\/files\/2019\/06\/utbildning-forelasning-300x169.jpg 300w, https:\/\/wp.kristdemokraterna.se\/vasternorrland\/files\/2019\/06\/utbildning-forelasning-768x432.jpg 768w, https:\/\/wp.kristdemokraterna.se\/vasternorrland\/files\/2019\/06\/utbildning-forelasning-540x304.jpg 540w, https:\/\/wp.kristdemokraterna.se\/vasternorrland\/files\/2019\/06\/utbildning-forelasning-356x200.jpg 356w, https:\/\/wp.kristdemokraterna.se\/vasternorrland\/files\/2019\/06\/utbildning-forelasning-370x208.jpg 370w, https:\/\/wp.kristdemokraterna.se\/vasternorrland\/files\/2019\/06\/utbildning-forelasning-770x433.jpg 770w, https:\/\/wp.kristdemokraterna.se\/vasternorrland\/files\/2019\/06\/utbildning-forelasning-450x253.jpg 450w, https:\/\/wp.kristdemokraterna.se\/vasternorrland\/files\/2019\/06\/utbildning-forelasning-280x158.jpg 280w, https:\/\/wp.kristdemokraterna.se\/vasternorrland\/files\/2019\/06\/utbildning-forelasning-340x191.jpg 340w, https:\/\/wp.kristdemokraterna.se\/vasternorrland\/files\/2019\/06\/utbildning-forelasning-200x113.jpg 200w, https:\/\/wp.kristdemokraterna.se\/vasternorrland\/files\/2019\/06\/utbildning-forelasning-100x56.jpg 100w\" sizes=\"(max-width: 1920px) 100vw, 1920px\" \/><\/p>\n<p>F\u00f6r en del bristyrken, exempelvis tandv\u00e5rdspersonal och biomedicinska analytiker beh\u00f6ver regionen ta en mycket mer aktiv del i tillskapandet av uppdragsutbildningar p\u00e5 Mittuniversitetet.<\/p>\n<p>Den regionaliserade l\u00e4karutbildningen ger en god rekryteringsm\u00f6jlighet. Viktigt \u00e4r att kandidaterna knyts till regionen efter genomg\u00e5ngen utbildning.<\/p>\n<p>Det \u00e4r en stor kompetensbrist inom v\u00e5rden samtidigt kommer allt fler asyls\u00f6kande med v\u00e5rdutbildning. Regionen ska skapa praktikplatser f\u00f6r dessa f\u00f6r att underl\u00e4tta och skynda p\u00e5 integrationen.<\/p>\n<p>\/Utdrag ur Kristdemokraternas f\u00f6rslag till regionplan 2020-2022<\/p>\n<p><strong>Senaste inl\u00e4ggen om utbildning:<\/strong><br \/>\n<ul class = \"posts-by-tag-list\"><li class=\"posts-by-tag-item alla inl\u00e4gg folkh\u00f6gskola fortbildning Henrik Sendelbach hyrpersonal kompetensf\u00f6rs\u00f6rjning Mittuniversitetet motion undersk\u00f6terska utbildning yrkesh\u00f6gskola\" id=\"posts-by-tag-item-352514\"><a class = \"posts-by-tag-item-title\" href=\"https:\/\/wp.kristdemokraterna.se\/vasternorrland\/forandra-utbildningsutbudet-for-att-sakra-kompetensforsorjningen-i-region-vasternorrland\/\">F\u00f6r\u00e4ndra utbildningsutbudet f\u00f6r att s\u00e4kra kompetensf\u00f6rs\u00f6rjningen i Region V\u00e4sternorrland<\/a> <small>Posted on: 19 juni 2024<\/small><\/li><li class=\"posts-by-tag-item alla inl\u00e4gg arbetsmilj\u00f6 arbetsvillkor bemanning budget ekonomi ekonomi\/skatter friskv\u00e5rdsbidrag kompetens personal sjuksk\u00f6terska specialitsjuksk\u00f6terska trivselpeng utbildning utvecklingssk\u00f6terska val 2026\" id=\"posts-by-tag-item-352357\"><a class = \"posts-by-tag-item-title\" href=\"https:\/\/wp.kristdemokraterna.se\/vasternorrland\/det-behovs-ett-annat-ledarskap\/\">Det beh\u00f6vs ett annat ledarskap<\/a> <small>Posted on: 4 december 2022<\/small><\/li><li class=\"posts-by-tag-item alla inl\u00e4gg barn och unga Covid-19 Maria Borgehammar skola utbildning\" id=\"posts-by-tag-item-352018\"><a class = \"posts-by-tag-item-title\" href=\"https:\/\/wp.kristdemokraterna.se\/vasternorrland\/infor-covid-snabbtester-for-elever-12-ar-och-uppat\/\">Inf\u00f6r covid-snabbtester f\u00f6r elever 12 \u00e5r och upp\u00e5t<\/a> <small>Posted on: 23 augusti 2021<\/small><\/li><li class=\"posts-by-tag-item forskning interpellationssvar universitet utbildning\" id=\"posts-by-tag-item-352104\"><a class = \"posts-by-tag-item-title\" href=\"https:\/\/wp.kristdemokraterna.se\/vasternorrland\/interpellationssvar-regionens-samverkan-med-mittuniversitetet\/\">Interpellationssvar: Regionens samverkan med Mittuniversitetet<\/a> <small>Posted on: 24 juni 2021<\/small><\/li><li class=\"posts-by-tag-item alla inl\u00e4gg Henrik Sendelbach interpellation Mittuniversitetet samverkan utbildning\" id=\"posts-by-tag-item-351812\"><a class = \"posts-by-tag-item-title\" href=\"https:\/\/wp.kristdemokraterna.se\/vasternorrland\/regionens-samverkan-med-mittuniversitetet\/\">Regionens samverkan med Mittuniversitetet<\/a> <small>Posted on: 6 maj 2021<\/small><\/li><li class=\"posts-by-tag-item alla inl\u00e4gg arbetsmilj\u00f6 arbetsschema arbetsvillkor kompetensv\u00e4xling l\u00e4nsklinik ledning\/styrning l\u00f6neutveckling omorganisation personal utbildning v\u00e5rdn\u00e4ra service\" id=\"posts-by-tag-item-256314\"><a class = \"posts-by-tag-item-title\" href=\"https:\/\/wp.kristdemokraterna.se\/vasternorrland\/kd-och-c-motte-vardforbundet\/\">KD m\u00f6tte V\u00e5rdf\u00f6rbundet<\/a> <small>Posted on: 23 september 2019<\/small><\/li><li class=\"posts-by-tag-item \u00e4ldre alla inl\u00e4gg Mona Hammarstedt motion tandhygienist tandv\u00e5rd utbildning\" id=\"posts-by-tag-item-183357\"><a class = \"posts-by-tag-item-title\" href=\"https:\/\/wp.kristdemokraterna.se\/vasternorrland\/motion-starta-tandhygienistutbildning\/\">Motion: Starta tandhygienistutbildning<\/a> <small>Posted on: 13 februari 2017<\/small><\/li><li class=\"posts-by-tag-item alla inl\u00e4gg f\u00f6rsta hj\u00e4lpen till psykisk h\u00e4lsa MHFA Mona Hammarstedt motion psykisk oh\u00e4lsa utbildning\" id=\"posts-by-tag-item-120222\"><a class = \"posts-by-tag-item-title\" href=\"https:\/\/wp.kristdemokraterna.se\/vasternorrland\/motion-forsta-hjalpen-till-psykisk-halsa\/\">Motion: F\u00f6rsta hj\u00e4lpen till psykisk h\u00e4lsa<\/a> <small>Posted on: 31 augusti 2016<\/small><\/li><li class=\"posts-by-tag-item alla inl\u00e4gg AT-l\u00e4kare Mona Hammarstedt svar p\u00e5 fr\u00e5ga utbildning\" id=\"posts-by-tag-item-218662\"><a class = \"posts-by-tag-item-title\" href=\"https:\/\/wp.kristdemokraterna.se\/vasternorrland\/svar-pa-fraga-om-utbildning-av-at-lakare\/\">Svar p\u00e5 fr\u00e5ga om utbildning av AT-l\u00e4kare<\/a> <small>Posted on: 29 juni 2016<\/small><\/li><li class=\"posts-by-tag-item alla inl\u00e4gg AT-l\u00e4kare fr\u00e5ga Mona Hammarstedt utbildning\" id=\"posts-by-tag-item-218648\"><a class = \"posts-by-tag-item-title\" href=\"https:\/\/wp.kristdemokraterna.se\/vasternorrland\/fraga-utbildning-av-at-lakare\/\">Fr\u00e5ga: Utbildning av AT-l\u00e4kare<\/a> <small>Posted on: 20 juni 2016<\/small><\/li><\/ul>F\u00f6r samtliga inl\u00e4gg om utbildning, se <a href=\"http:\/\/wp.kristdemokraterna.se\/vasternorrland\/etiketter\/utbildning\/\">h\u00e4r<\/a><\/p>\n<hr \/>\n<p>Bilden \u00f6verst av Nikolay Georgiev fr\u00e5n Pixabay.<\/p>\n","protected":false},"excerpt":{"rendered":"<p>F\u00f6r en del bristyrken, exempelvis tandv\u00e5rdspersonal och biomedicinska analytiker beh\u00f6ver regionen ta en mycket mer aktiv del i tillskapandet av uppdragsutbildningar p\u00e5 Mittuniversitetet. Den regionaliserade l\u00e4karutbildningen ger en god rekryteringsm\u00f6jlighet. Viktigt \u00e4r att kandidaterna knyts till regionen efter genomg\u00e5ngen utbildning. Det \u00e4r en stor kompetensbrist inom v\u00e5rden samtidigt kommer allt fler asyls\u00f6kande med v\u00e5rdutbildning. Regionen <a class=\"read-more-link\" href=\"https:\/\/wp.kristdemokraterna.se\/vasternorrland\/var-politik\/politikomraden\/utbildning\/\">Read More<\/a><\/p>\n","protected":false},"author":787,"featured_media":0,"parent":179725,"menu_order":22,"comment_status":"closed","ping_status":"closed","template":"","meta":{"_acf_changed":false,"footnotes":""},"class_list":["post-182939","page","type-page","status-publish","hentry"],"acf":[],"yoast_head":"<!-- This site is optimized with the Yoast SEO plugin v27.3 - https:\/\/yoast.com\/product\/yoast-seo-wordpress\/ -->\n<title>Utbildning | KD V\u00e4sternorrland<\/title>\n<meta name=\"robots\" content=\"index, follow, max-snippet:-1, max-image-preview:large, max-video-preview:-1\" \/>\n<link rel=\"canonical\" href=\"https:\/\/wp.kristdemokraterna.se\/vasternorrland\/var-politik\/politikomraden\/utbildning\/\" \/>\n<meta property=\"og:locale\" content=\"sv_SE\" \/>\n<meta property=\"og:type\" content=\"article\" \/>\n<meta property=\"og:title\" content=\"Utbildning | KD V\u00e4sternorrland\" \/>\n<meta property=\"og:description\" content=\"F\u00f6r en del bristyrken, exempelvis tandv\u00e5rdspersonal och biomedicinska analytiker beh\u00f6ver regionen ta en mycket mer aktiv del i tillskapandet av uppdragsutbildningar p\u00e5 Mittuniversitetet. Den regionaliserade l\u00e4karutbildningen ger en god rekryteringsm\u00f6jlighet. Viktigt \u00e4r att kandidaterna knyts till regionen efter genomg\u00e5ngen utbildning. Det \u00e4r en stor kompetensbrist inom v\u00e5rden samtidigt kommer allt fler asyls\u00f6kande med v\u00e5rdutbildning. Regionen Read More\" \/>\n<meta property=\"og:url\" content=\"https:\/\/wp.kristdemokraterna.se\/vasternorrland\/var-politik\/politikomraden\/utbildning\/\" \/>\n<meta property=\"og:site_name\" content=\"KD V\u00e4sternorrland\" \/>\n<meta property=\"article:publisher\" content=\"https:\/\/www.facebook.com\/kdrvn\/\" \/>\n<meta property=\"article:modified_time\" content=\"2020-05-10T15:46:13+00:00\" \/>\n<meta property=\"og:image\" content=\"http:\/\/wp.kristdemokraterna.se\/vasternorrland\/files\/2019\/06\/utbildning-forelasning.jpg\" \/>\n<meta name=\"twitter:card\" content=\"summary_large_image\" \/>\n<meta name=\"twitter:label1\" content=\"Ber\u00e4knad l\u00e4stid\" \/>\n\t<meta name=\"twitter:data1\" content=\"1 minut\" \/>\n<script type=\"application\/ld+json\" class=\"yoast-schema-graph\">{\"@context\":\"https:\\\/\\\/schema.org\",\"@graph\":[{\"@type\":\"WebPage\",\"@id\":\"https:\\\/\\\/wp.kristdemokraterna.se\\\/vasternorrland\\\/var-politik\\\/politikomraden\\\/utbildning\\\/\",\"url\":\"https:\\\/\\\/wp.kristdemokraterna.se\\\/vasternorrland\\\/var-politik\\\/politikomraden\\\/utbildning\\\/\",\"name\":\"Utbildning | KD V\u00e4sternorrland\",\"isPartOf\":{\"@id\":\"https:\\\/\\\/wp.kristdemokraterna.se\\\/vasternorrland\\\/#website\"},\"primaryImageOfPage\":{\"@id\":\"https:\\\/\\\/wp.kristdemokraterna.se\\\/vasternorrland\\\/var-politik\\\/politikomraden\\\/utbildning\\\/#primaryimage\"},\"image\":{\"@id\":\"https:\\\/\\\/wp.kristdemokraterna.se\\\/vasternorrland\\\/var-politik\\\/politikomraden\\\/utbildning\\\/#primaryimage\"},\"thumbnailUrl\":\"http:\\\/\\\/wp.kristdemokraterna.se\\\/vasternorrland\\\/files\\\/2019\\\/06\\\/utbildning-forelasning.jpg\",\"datePublished\":\"2019-04-16T16:00:52+00:00\",\"dateModified\":\"2020-05-10T15:46:13+00:00\",\"breadcrumb\":{\"@id\":\"https:\\\/\\\/wp.kristdemokraterna.se\\\/vasternorrland\\\/var-politik\\\/politikomraden\\\/utbildning\\\/#breadcrumb\"},\"inLanguage\":\"sv-SE\",\"potentialAction\":[{\"@type\":\"ReadAction\",\"target\":[\"https:\\\/\\\/wp.kristdemokraterna.se\\\/vasternorrland\\\/var-politik\\\/politikomraden\\\/utbildning\\\/\"]}]},{\"@type\":\"ImageObject\",\"inLanguage\":\"sv-SE\",\"@id\":\"https:\\\/\\\/wp.kristdemokraterna.se\\\/vasternorrland\\\/var-politik\\\/politikomraden\\\/utbildning\\\/#primaryimage\",\"url\":\"https:\\\/\\\/wp.kristdemokraterna.se\\\/vasternorrland\\\/files\\\/2019\\\/06\\\/utbildning-forelasning.jpg\",\"contentUrl\":\"https:\\\/\\\/wp.kristdemokraterna.se\\\/vasternorrland\\\/files\\\/2019\\\/06\\\/utbildning-forelasning.jpg\",\"width\":1920,\"height\":1080,\"caption\":\"Bilden \u00f6verst av Nikolay Georgiev fr\u00e5n Pixabay (Pixabay License).\"},{\"@type\":\"BreadcrumbList\",\"@id\":\"https:\\\/\\\/wp.kristdemokraterna.se\\\/vasternorrland\\\/var-politik\\\/politikomraden\\\/utbildning\\\/#breadcrumb\",\"itemListElement\":[{\"@type\":\"ListItem\",\"position\":1,\"name\":\"Hem\",\"item\":\"https:\\\/\\\/wp.kristdemokraterna.se\\\/vasternorrland\\\/\"},{\"@type\":\"ListItem\",\"position\":2,\"name\":\"V\u00e5r politik\",\"item\":\"https:\\\/\\\/wp.kristdemokraterna.se\\\/vasternorrland\\\/var-politik\\\/\"},{\"@type\":\"ListItem\",\"position\":3,\"name\":\"Politikomr\u00e5den\",\"item\":\"https:\\\/\\\/wp.kristdemokraterna.se\\\/vasternorrland\\\/var-politik\\\/politikomraden\\\/\"},{\"@type\":\"ListItem\",\"position\":4,\"name\":\"Utbildning\"}]},{\"@type\":\"WebSite\",\"@id\":\"https:\\\/\\\/wp.kristdemokraterna.se\\\/vasternorrland\\\/#website\",\"url\":\"https:\\\/\\\/wp.kristdemokraterna.se\\\/vasternorrland\\\/\",\"name\":\"KD V\u00e4sternorrland\",\"description\":\"V\u00e5rda v\u00e5rden - utveckla prim\u00e4rv\u00e5rden\",\"inLanguage\":\"sv-SE\"}]}<\/script>\n<!-- \/ Yoast SEO plugin. -->","yoast_head_json":{"title":"Utbildning | KD V\u00e4sternorrland","robots":{"index":"index","follow":"follow","max-snippet":"max-snippet:-1","max-image-preview":"max-image-preview:large","max-video-preview":"max-video-preview:-1"},"canonical":"https:\/\/wp.kristdemokraterna.se\/vasternorrland\/var-politik\/politikomraden\/utbildning\/","og_locale":"sv_SE","og_type":"article","og_title":"Utbildning | KD V\u00e4sternorrland","og_description":"F\u00f6r en del bristyrken, exempelvis tandv\u00e5rdspersonal och biomedicinska analytiker beh\u00f6ver regionen ta en mycket mer aktiv del i tillskapandet av uppdragsutbildningar p\u00e5 Mittuniversitetet. Den regionaliserade l\u00e4karutbildningen ger en god rekryteringsm\u00f6jlighet. Viktigt \u00e4r att kandidaterna knyts till regionen efter genomg\u00e5ngen utbildning. Det \u00e4r en stor kompetensbrist inom v\u00e5rden samtidigt kommer allt fler asyls\u00f6kande med v\u00e5rdutbildning. Regionen Read More","og_url":"https:\/\/wp.kristdemokraterna.se\/vasternorrland\/var-politik\/politikomraden\/utbildning\/","og_site_name":"KD V\u00e4sternorrland","article_publisher":"https:\/\/www.facebook.com\/kdrvn\/","article_modified_time":"2020-05-10T15:46:13+00:00","og_image":[{"url":"http:\/\/wp.kristdemokraterna.se\/vasternorrland\/files\/2019\/06\/utbildning-forelasning.jpg","type":"","width":"","height":""}],"twitter_card":"summary_large_image","twitter_misc":{"Ber\u00e4knad l\u00e4stid":"1 minut"},"schema":{"@context":"https:\/\/schema.org","@graph":[{"@type":"WebPage","@id":"https:\/\/wp.kristdemokraterna.se\/vasternorrland\/var-politik\/politikomraden\/utbildning\/","url":"https:\/\/wp.kristdemokraterna.se\/vasternorrland\/var-politik\/politikomraden\/utbildning\/","name":"Utbildning | KD V\u00e4sternorrland","isPartOf":{"@id":"https:\/\/wp.kristdemokraterna.se\/vasternorrland\/#website"},"primaryImageOfPage":{"@id":"https:\/\/wp.kristdemokraterna.se\/vasternorrland\/var-politik\/politikomraden\/utbildning\/#primaryimage"},"image":{"@id":"https:\/\/wp.kristdemokraterna.se\/vasternorrland\/var-politik\/politikomraden\/utbildning\/#primaryimage"},"thumbnailUrl":"http:\/\/wp.kristdemokraterna.se\/vasternorrland\/files\/2019\/06\/utbildning-forelasning.jpg","datePublished":"2019-04-16T16:00:52+00:00","dateModified":"2020-05-10T15:46:13+00:00","breadcrumb":{"@id":"https:\/\/wp.kristdemokraterna.se\/vasternorrland\/var-politik\/politikomraden\/utbildning\/#breadcrumb"},"inLanguage":"sv-SE","potentialAction":[{"@type":"ReadAction","target":["https:\/\/wp.kristdemokraterna.se\/vasternorrland\/var-politik\/politikomraden\/utbildning\/"]}]},{"@type":"ImageObject","inLanguage":"sv-SE","@id":"https:\/\/wp.kristdemokraterna.se\/vasternorrland\/var-politik\/politikomraden\/utbildning\/#primaryimage","url":"https:\/\/wp.kristdemokraterna.se\/vasternorrland\/files\/2019\/06\/utbildning-forelasning.jpg","contentUrl":"https:\/\/wp.kristdemokraterna.se\/vasternorrland\/files\/2019\/06\/utbildning-forelasning.jpg","width":1920,"height":1080,"caption":"Bilden \u00f6verst av Nikolay Georgiev fr\u00e5n Pixabay (Pixabay License)."},{"@type":"BreadcrumbList","@id":"https:\/\/wp.kristdemokraterna.se\/vasternorrland\/var-politik\/politikomraden\/utbildning\/#breadcrumb","itemListElement":[{"@type":"ListItem","position":1,"name":"Hem","item":"https:\/\/wp.kristdemokraterna.se\/vasternorrland\/"},{"@type":"ListItem","position":2,"name":"V\u00e5r politik","item":"https:\/\/wp.kristdemokraterna.se\/vasternorrland\/var-politik\/"},{"@type":"ListItem","position":3,"name":"Politikomr\u00e5den","item":"https:\/\/wp.kristdemokraterna.se\/vasternorrland\/var-politik\/politikomraden\/"},{"@type":"ListItem","position":4,"name":"Utbildning"}]},{"@type":"WebSite","@id":"https:\/\/wp.kristdemokraterna.se\/vasternorrland\/#website","url":"https:\/\/wp.kristdemokraterna.se\/vasternorrland\/","name":"KD V\u00e4sternorrland","description":"V\u00e5rda v\u00e5rden - utveckla prim\u00e4rv\u00e5rden","inLanguage":"sv-SE"}]}},"_links":{"self":[{"href":"https:\/\/wp.kristdemokraterna.se\/vasternorrland\/wp-json\/wp\/v2\/pages\/182939","targetHints":{"allow":["GET"]}}],"collection":[{"href":"https:\/\/wp.kristdemokraterna.se\/vasternorrland\/wp-json\/wp\/v2\/pages"}],"about":[{"href":"https:\/\/wp.kristdemokraterna.se\/vasternorrland\/wp-json\/wp\/v2\/types\/page"}],"author":[{"embeddable":true,"href":"https:\/\/wp.kristdemokraterna.se\/vasternorrland\/wp-json\/wp\/v2\/users\/787"}],"replies":[{"embeddable":true,"href":"https:\/\/wp.kristdemokraterna.se\/vasternorrland\/wp-json\/wp\/v2\/comments?post=182939"}],"version-history":[{"count":4,"href":"https:\/\/wp.kristdemokraterna.se\/vasternorrland\/wp-json\/wp\/v2\/pages\/182939\/revisions"}],"predecessor-version":[{"id":200310,"href":"https:\/\/wp.kristdemokraterna.se\/vasternorrland\/wp-json\/wp\/v2\/pages\/182939\/revisions\/200310"}],"up":[{"embeddable":true,"href":"https:\/\/wp.kristdemokraterna.se\/vasternorrland\/wp-json\/wp\/v2\/pages\/179725"}],"wp:attachment":[{"href":"https:\/\/wp.kristdemokraterna.se\/vasternorrland\/wp-json\/wp\/v2\/media?parent=182939"}],"curies":[{"name":"wp","href":"https:\/\/api.w.org\/{rel}","templated":true}]}}