{"id":182945,"date":"2019-04-16T06:00:04","date_gmt":"2019-04-16T04:00:04","guid":{"rendered":"http:\/\/wp.kristdemokraterna.se\/vasternorrland\/?page_id=182945"},"modified":"2021-05-24T10:29:05","modified_gmt":"2021-05-24T08:29:05","slug":"etik-och-jamlikhet","status":"publish","type":"page","link":"https:\/\/wp.kristdemokraterna.se\/vasternorrland\/var-politik\/politikomraden\/etik-och-jamlikhet\/","title":{"rendered":"Etik och j\u00e4mlikhet"},"content":{"rendered":"<p>M\u00e4nniskan \u00e4r ett m\u00e5l i sig. Ingen annan m\u00e4nniska f\u00e5r \u00e4ga henne eller p\u00e5 ett kr\u00e4nkande s\u00e4tt anv\u00e4nda henne som ett medel. Denna m\u00e4nniskosyn brukar beskrivas som att m\u00e4nniskan \u00e4r en person, vilket inneb\u00e4r att varje m\u00e4nniska \u00e4r en unik och oers\u00e4ttlig individ och har samma absoluta och okr\u00e4nkbara v\u00e4rde oavsett k\u00f6n, \u00e5lder, social position, funktionsvariationer, sexuell identitet, etnisk eller religi\u00f6s tillh\u00f6righet.<\/p>\n<h3>J\u00e4mst\u00e4lldhet<\/h3>\n<p>Grunden f\u00f6r j\u00e4mst\u00e4lldhet mellan kvinnor och m\u00e4n \u00e4r alla m\u00e4nniskors lika absoluta och okr\u00e4nkbara v\u00e4rde. Kvinnor och m\u00e4n ska ha likv\u00e4rdiga f\u00f6ruts\u00e4ttningar och villkor f\u00f6r att kunna utveckla sin fulla potential. J\u00e4mst\u00e4lldhet \u00e4r att m\u00e4nniskor, oavsett k\u00f6n, har makt att forma sitt liv utifr\u00e5n sina egna \u00f6nskem\u00e5l. Det \u00e4r en viktig uppgift att undanr\u00f6ja traditionella f\u00f6rest\u00e4llningar, f\u00f6rdomar, strukturer och juridiska hinder som<br \/>\nf\u00f6rsv\u00e5rar och f\u00f6rhindrar j\u00e4mst\u00e4lldhet mellan kvinnor och m\u00e4n. Detta g\u00e4ller familjeliv, arbetsliv och samh\u00e4llslivet i \u00f6vrigt. Det handlar inte bara om lagstiftning utan \u00e4ven om opinionsbildning och attitydf\u00f6r\u00e4ndringar.<\/p>\n<p>utan \u00e4r till del en f\u00f6ljd av samh\u00e4llets beredvillighet och f\u00f6rm\u00e5ga att g\u00e5 m\u00e4nniskor med funktionsneds\u00e4ttning till m\u00f6tes. Funktionsneds\u00e4ttningen blir i sj\u00e4lva verket ett handikapp f\u00f6r den enskilde f\u00f6rst n\u00e4r samh\u00e4llet inte f\u00f6rm\u00e5r att kompensera bristerna. Personer med funktionsneds\u00e4ttning riskerar att i olika sammanhang bli negativt s\u00e4rbehandlade.<\/p>\n<p>\/Texterna ovan \u00e4r utdrag ur <a href=\"https:\/\/www.kd.nu\/principprogram.pdf\">Kristdemokraternas principprogram<\/a><\/p>\n<hr \/>\n<p><em>Bilden till v\u00e4nster av <a href=\"https:\/\/pixabay.com\/sv\/users\/uslikajme-4989876\/?utm_source=link-attribution&amp;utm_medium=referral&amp;utm_campaign=image&amp;utm_content=2196594\">Selver U\u010danbarli\u0107<\/a> fr\u00e5n <a href=\"https:\/\/pixabay.com\/sv\/photos\/kvinnor-j\u00e4mst\u00e4lldhet-2196594\/\">Pixabay<\/a> (<a href=\"https:\/\/pixabay.com\/sv\/service\/license\/\">Pixabay License<\/a>).<\/em><\/p>\n<p><strong>Senaste inl\u00e4ggen om j\u00e4mlikhet:<\/strong><br \/>\n<ul class = \"posts-by-tag-list\"><li class=\"posts-by-tag-item alla inl\u00e4gg BUP etik och j\u00e4mlikhet f\u00f6rsta hj\u00e4lpen till psykisk h\u00e4lsa interpellationsdebatt j\u00e4mlikhet MHFA Mona Hammarstedt psykiatri psykisk oh\u00e4lsa specialistv\u00e5rd YAM\" id=\"posts-by-tag-item-119502\"><a class = \"posts-by-tag-item-title\" href=\"https:\/\/wp.kristdemokraterna.se\/vasternorrland\/ingen-jamlik-vard-for-de-med-psykiska-problem\/\">Ingen j\u00e4mlik v\u00e5rd f\u00f6r de med psykiska problem<\/a> <small>Posted on: 26 april 2018<\/small><\/li><li class=\"posts-by-tag-item alla inl\u00e4gg etik och j\u00e4mlikhet interpellationsdebatt j\u00e4mlikhet Mona Hammarstedt v\u00e4rdighet\" id=\"posts-by-tag-item-119838\"><a class = \"posts-by-tag-item-title\" href=\"https:\/\/wp.kristdemokraterna.se\/vasternorrland\/vardighet-i-varden-maste-prioriteras-hogre\/\">V\u00e4rdighet i v\u00e5rden m\u00e5ste prioriteras h\u00f6gre<\/a> <small>Posted on: 30 november 2017<\/small><\/li><li class=\"posts-by-tag-item alla inl\u00e4gg etik och j\u00e4mlikhet hj\u00e4lpmedel interpellation j\u00e4mlikhet Mona Hammarstedt\" id=\"posts-by-tag-item-180696\"><a class = \"posts-by-tag-item-title\" href=\"https:\/\/wp.kristdemokraterna.se\/vasternorrland\/hjalpmedel-till-behovande\/\">Interpellation: Hj\u00e4lpmedel till beh\u00f6vande<\/a> <small>Posted on: 13 november 2017<\/small><\/li><li class=\"posts-by-tag-item alla inl\u00e4gg etik och j\u00e4mlikhet funktionshinder hj\u00e4lpmedel j\u00e4mlikhet Mona Hammarstedt motionsyttrande Sverker \u00c5gren\" id=\"posts-by-tag-item-139491\"><a class = \"posts-by-tag-item-title\" href=\"https:\/\/wp.kristdemokraterna.se\/vasternorrland\/yttrande-over-motion-om-forbattrad-service-vid-skador-och-fel-pa-hjalpmedel-hjalpmedelsakut\/\">Yttrande \u00f6ver motion om f\u00f6rb\u00e4ttrad service vid skador och fel p\u00e5 hj\u00e4lpmedel \u2013 hj\u00e4lpmedelsakut<\/a> <small>Posted on: 22 oktober 2010<\/small><\/li><li class=\"posts-by-tag-item alla inl\u00e4gg hj\u00e4lpmedel j\u00e4mlikhet Mona Hammarstedt motionsbeslut Sverker \u00c5gren\" id=\"posts-by-tag-item-139478\"><a class = \"posts-by-tag-item-title\" href=\"https:\/\/wp.kristdemokraterna.se\/vasternorrland\/hjalpmedelsakut-inget-for-majoriteten\/\">Hj\u00e4lpmedelsakut inget f\u00f6r majoriteten<\/a> <small>Posted on: 22 oktober 2010<\/small><\/li><li class=\"posts-by-tag-item alla inl\u00e4gg Berit Andersson etik och j\u00e4mlikhet hj\u00e4lpmedel j\u00e4mlikhet motionsbeslut\" id=\"posts-by-tag-item-139235\"><a class = \"posts-by-tag-item-title\" href=\"https:\/\/wp.kristdemokraterna.se\/vasternorrland\/forslag-om-hjalpmedelsakut-aterremitterades\/\">F\u00f6rslag om hj\u00e4lpmedelsakut \u00e5terremitterades<\/a> <small>Posted on: 21 oktober 2009<\/small><\/li><li class=\"posts-by-tag-item barn barn och unga ekonomi ekonomi\/skatter interpellationssvar j\u00e4mlikhet skulds\u00e4ttning\" id=\"posts-by-tag-item-139198\"><a class = \"posts-by-tag-item-title\" href=\"https:\/\/wp.kristdemokraterna.se\/vasternorrland\/svar-pa-interpellation-om-skuldsatta-barn\/\">Svar p\u00e5 interpellation om skuldsatta barn<\/a> <small>Posted on: 30 april 2009<\/small><\/li><li class=\"posts-by-tag-item etik och j\u00e4mlikhet hj\u00e4lpmedel j\u00e4mlikhet Mona Hammarstedt motion Sverker \u00c5gren\" id=\"posts-by-tag-item-139489\"><a class = \"posts-by-tag-item-title\" href=\"https:\/\/wp.kristdemokraterna.se\/vasternorrland\/motion-forbattrad-service-vid-skador-och-fel-pa-hjalpmedel-hjalpmedelsakut\/\">Motion: F\u00f6rb\u00e4ttrad service vid skador och fel p\u00e5 hj\u00e4lpmedel - Hj\u00e4lpmedelsakut<\/a> <small>Posted on: 28 april 2009<\/small><\/li><li class=\"posts-by-tag-item alla inl\u00e4gg barn och unga diskriminering etik och j\u00e4mlikhet j\u00e4mlikhet j\u00e4mst\u00e4lldhet Liza-Maria Norlin v\u00e5rdnadsbidrag\" id=\"posts-by-tag-item-294963\"><a class = \"posts-by-tag-item-title\" href=\"https:\/\/wp.kristdemokraterna.se\/vasternorrland\/lyft-blicken-och-ge-barnen-det-de-behover\/\">Lyft blicken och ge barnen det de beh\u00f6ver<\/a> <small>Posted on: 6 november 2008<\/small><\/li><li class=\"posts-by-tag-item alla inl\u00e4gg asyls\u00f6kande etik och j\u00e4mlikhet flykting G\u00f6ran Sydhage invandring j\u00e4mlikhet migration\" id=\"posts-by-tag-item-142727\"><a class = \"posts-by-tag-item-title\" href=\"https:\/\/wp.kristdemokraterna.se\/vasternorrland\/alla-ar-vi-medmanniskor\/\">Alla \u00e4r vi medm\u00e4nniskor<\/a> <small>Posted on: 24 juli 2008<\/small><\/li><\/ul>F\u00f6r samtliga inl\u00e4gg om j\u00e4mlikhet, se <a href=\"http:\/\/wp.kristdemokraterna.se\/vasternorrland\/etiketter\/jamlikhet\/\">h\u00e4r<\/a><\/p>\n<hr \/>\n","protected":false},"excerpt":{"rendered":"<p>M\u00e4nniskan \u00e4r ett m\u00e5l i sig. Ingen annan m\u00e4nniska f\u00e5r \u00e4ga henne eller p\u00e5 ett kr\u00e4nkande s\u00e4tt anv\u00e4nda henne som ett medel. Denna m\u00e4nniskosyn brukar beskrivas som att m\u00e4nniskan \u00e4r en person, vilket inneb\u00e4r att varje m\u00e4nniska \u00e4r en unik och oers\u00e4ttlig individ och har samma absoluta och okr\u00e4nkbara v\u00e4rde oavsett k\u00f6n, \u00e5lder, social position, <a class=\"read-more-link\" href=\"https:\/\/wp.kristdemokraterna.se\/vasternorrland\/var-politik\/politikomraden\/etik-och-jamlikhet\/\">Read More<\/a><\/p>\n","protected":false},"author":787,"featured_media":0,"parent":179725,"menu_order":6,"comment_status":"closed","ping_status":"closed","template":"index.php","meta":{"_acf_changed":false,"footnotes":""},"class_list":["post-182945","page","type-page","status-publish","hentry"],"acf":[],"yoast_head":"<!-- This site is optimized with the Yoast SEO plugin v27.4 - https:\/\/yoast.com\/product\/yoast-seo-wordpress\/ -->\n<title>Etik och j\u00e4mlikhet | KD V\u00e4sternorrland<\/title>\n<meta name=\"robots\" content=\"index, follow, max-snippet:-1, max-image-preview:large, max-video-preview:-1\" \/>\n<link rel=\"canonical\" href=\"https:\/\/wp.kristdemokraterna.se\/vasternorrland\/var-politik\/politikomraden\/etik-och-jamlikhet\/\" \/>\n<meta property=\"og:locale\" content=\"sv_SE\" \/>\n<meta property=\"og:type\" content=\"article\" \/>\n<meta property=\"og:title\" content=\"Etik och j\u00e4mlikhet | KD V\u00e4sternorrland\" \/>\n<meta property=\"og:description\" content=\"M\u00e4nniskan \u00e4r ett m\u00e5l i sig. Ingen annan m\u00e4nniska f\u00e5r \u00e4ga henne eller p\u00e5 ett kr\u00e4nkande s\u00e4tt anv\u00e4nda henne som ett medel. Denna m\u00e4nniskosyn brukar beskrivas som att m\u00e4nniskan \u00e4r en person, vilket inneb\u00e4r att varje m\u00e4nniska \u00e4r en unik och oers\u00e4ttlig individ och har samma absoluta och okr\u00e4nkbara v\u00e4rde oavsett k\u00f6n, \u00e5lder, social position, Read More\" \/>\n<meta property=\"og:url\" content=\"https:\/\/wp.kristdemokraterna.se\/vasternorrland\/var-politik\/politikomraden\/etik-och-jamlikhet\/\" \/>\n<meta property=\"og:site_name\" content=\"KD V\u00e4sternorrland\" \/>\n<meta property=\"article:publisher\" content=\"https:\/\/www.facebook.com\/kdrvn\/\" \/>\n<meta property=\"article:modified_time\" content=\"2021-05-24T08:29:05+00:00\" \/>\n<meta name=\"twitter:card\" content=\"summary_large_image\" \/>\n<meta name=\"twitter:label1\" content=\"Ber\u00e4knad l\u00e4stid\" \/>\n\t<meta name=\"twitter:data1\" content=\"2 minuter\" \/>\n<script type=\"application\/ld+json\" class=\"yoast-schema-graph\">{\"@context\":\"https:\\\/\\\/schema.org\",\"@graph\":[{\"@type\":\"WebPage\",\"@id\":\"https:\\\/\\\/wp.kristdemokraterna.se\\\/vasternorrland\\\/var-politik\\\/politikomraden\\\/etik-och-jamlikhet\\\/\",\"url\":\"https:\\\/\\\/wp.kristdemokraterna.se\\\/vasternorrland\\\/var-politik\\\/politikomraden\\\/etik-och-jamlikhet\\\/\",\"name\":\"Etik och j\u00e4mlikhet | KD V\u00e4sternorrland\",\"isPartOf\":{\"@id\":\"https:\\\/\\\/wp.kristdemokraterna.se\\\/vasternorrland\\\/#website\"},\"datePublished\":\"2019-04-16T04:00:04+00:00\",\"dateModified\":\"2021-05-24T08:29:05+00:00\",\"breadcrumb\":{\"@id\":\"https:\\\/\\\/wp.kristdemokraterna.se\\\/vasternorrland\\\/var-politik\\\/politikomraden\\\/etik-och-jamlikhet\\\/#breadcrumb\"},\"inLanguage\":\"sv-SE\",\"potentialAction\":[{\"@type\":\"ReadAction\",\"target\":[\"https:\\\/\\\/wp.kristdemokraterna.se\\\/vasternorrland\\\/var-politik\\\/politikomraden\\\/etik-och-jamlikhet\\\/\"]}]},{\"@type\":\"BreadcrumbList\",\"@id\":\"https:\\\/\\\/wp.kristdemokraterna.se\\\/vasternorrland\\\/var-politik\\\/politikomraden\\\/etik-och-jamlikhet\\\/#breadcrumb\",\"itemListElement\":[{\"@type\":\"ListItem\",\"position\":1,\"name\":\"Hem\",\"item\":\"https:\\\/\\\/wp.kristdemokraterna.se\\\/vasternorrland\\\/\"},{\"@type\":\"ListItem\",\"position\":2,\"name\":\"V\u00e5r politik\",\"item\":\"https:\\\/\\\/wp.kristdemokraterna.se\\\/vasternorrland\\\/var-politik\\\/\"},{\"@type\":\"ListItem\",\"position\":3,\"name\":\"Politikomr\u00e5den\",\"item\":\"https:\\\/\\\/wp.kristdemokraterna.se\\\/vasternorrland\\\/var-politik\\\/politikomraden\\\/\"},{\"@type\":\"ListItem\",\"position\":4,\"name\":\"Etik och j\u00e4mlikhet\"}]},{\"@type\":\"WebSite\",\"@id\":\"https:\\\/\\\/wp.kristdemokraterna.se\\\/vasternorrland\\\/#website\",\"url\":\"https:\\\/\\\/wp.kristdemokraterna.se\\\/vasternorrland\\\/\",\"name\":\"KD V\u00e4sternorrland\",\"description\":\"V\u00e5rda v\u00e5rden - utveckla prim\u00e4rv\u00e5rden\",\"inLanguage\":\"sv-SE\"}]}<\/script>\n<!-- \/ Yoast SEO plugin. -->","yoast_head_json":{"title":"Etik och j\u00e4mlikhet | KD V\u00e4sternorrland","robots":{"index":"index","follow":"follow","max-snippet":"max-snippet:-1","max-image-preview":"max-image-preview:large","max-video-preview":"max-video-preview:-1"},"canonical":"https:\/\/wp.kristdemokraterna.se\/vasternorrland\/var-politik\/politikomraden\/etik-och-jamlikhet\/","og_locale":"sv_SE","og_type":"article","og_title":"Etik och j\u00e4mlikhet | KD V\u00e4sternorrland","og_description":"M\u00e4nniskan \u00e4r ett m\u00e5l i sig. Ingen annan m\u00e4nniska f\u00e5r \u00e4ga henne eller p\u00e5 ett kr\u00e4nkande s\u00e4tt anv\u00e4nda henne som ett medel. Denna m\u00e4nniskosyn brukar beskrivas som att m\u00e4nniskan \u00e4r en person, vilket inneb\u00e4r att varje m\u00e4nniska \u00e4r en unik och oers\u00e4ttlig individ och har samma absoluta och okr\u00e4nkbara v\u00e4rde oavsett k\u00f6n, \u00e5lder, social position, Read More","og_url":"https:\/\/wp.kristdemokraterna.se\/vasternorrland\/var-politik\/politikomraden\/etik-och-jamlikhet\/","og_site_name":"KD V\u00e4sternorrland","article_publisher":"https:\/\/www.facebook.com\/kdrvn\/","article_modified_time":"2021-05-24T08:29:05+00:00","twitter_card":"summary_large_image","twitter_misc":{"Ber\u00e4knad l\u00e4stid":"2 minuter"},"schema":{"@context":"https:\/\/schema.org","@graph":[{"@type":"WebPage","@id":"https:\/\/wp.kristdemokraterna.se\/vasternorrland\/var-politik\/politikomraden\/etik-och-jamlikhet\/","url":"https:\/\/wp.kristdemokraterna.se\/vasternorrland\/var-politik\/politikomraden\/etik-och-jamlikhet\/","name":"Etik och j\u00e4mlikhet | KD V\u00e4sternorrland","isPartOf":{"@id":"https:\/\/wp.kristdemokraterna.se\/vasternorrland\/#website"},"datePublished":"2019-04-16T04:00:04+00:00","dateModified":"2021-05-24T08:29:05+00:00","breadcrumb":{"@id":"https:\/\/wp.kristdemokraterna.se\/vasternorrland\/var-politik\/politikomraden\/etik-och-jamlikhet\/#breadcrumb"},"inLanguage":"sv-SE","potentialAction":[{"@type":"ReadAction","target":["https:\/\/wp.kristdemokraterna.se\/vasternorrland\/var-politik\/politikomraden\/etik-och-jamlikhet\/"]}]},{"@type":"BreadcrumbList","@id":"https:\/\/wp.kristdemokraterna.se\/vasternorrland\/var-politik\/politikomraden\/etik-och-jamlikhet\/#breadcrumb","itemListElement":[{"@type":"ListItem","position":1,"name":"Hem","item":"https:\/\/wp.kristdemokraterna.se\/vasternorrland\/"},{"@type":"ListItem","position":2,"name":"V\u00e5r politik","item":"https:\/\/wp.kristdemokraterna.se\/vasternorrland\/var-politik\/"},{"@type":"ListItem","position":3,"name":"Politikomr\u00e5den","item":"https:\/\/wp.kristdemokraterna.se\/vasternorrland\/var-politik\/politikomraden\/"},{"@type":"ListItem","position":4,"name":"Etik och j\u00e4mlikhet"}]},{"@type":"WebSite","@id":"https:\/\/wp.kristdemokraterna.se\/vasternorrland\/#website","url":"https:\/\/wp.kristdemokraterna.se\/vasternorrland\/","name":"KD V\u00e4sternorrland","description":"V\u00e5rda v\u00e5rden - utveckla prim\u00e4rv\u00e5rden","inLanguage":"sv-SE"}]}},"_links":{"self":[{"href":"https:\/\/wp.kristdemokraterna.se\/vasternorrland\/wp-json\/wp\/v2\/pages\/182945","targetHints":{"allow":["GET"]}}],"collection":[{"href":"https:\/\/wp.kristdemokraterna.se\/vasternorrland\/wp-json\/wp\/v2\/pages"}],"about":[{"href":"https:\/\/wp.kristdemokraterna.se\/vasternorrland\/wp-json\/wp\/v2\/types\/page"}],"author":[{"embeddable":true,"href":"https:\/\/wp.kristdemokraterna.se\/vasternorrland\/wp-json\/wp\/v2\/users\/787"}],"replies":[{"embeddable":true,"href":"https:\/\/wp.kristdemokraterna.se\/vasternorrland\/wp-json\/wp\/v2\/comments?post=182945"}],"version-history":[{"count":17,"href":"https:\/\/wp.kristdemokraterna.se\/vasternorrland\/wp-json\/wp\/v2\/pages\/182945\/revisions"}],"predecessor-version":[{"id":351897,"href":"https:\/\/wp.kristdemokraterna.se\/vasternorrland\/wp-json\/wp\/v2\/pages\/182945\/revisions\/351897"}],"up":[{"embeddable":true,"href":"https:\/\/wp.kristdemokraterna.se\/vasternorrland\/wp-json\/wp\/v2\/pages\/179725"}],"wp:attachment":[{"href":"https:\/\/wp.kristdemokraterna.se\/vasternorrland\/wp-json\/wp\/v2\/media?parent=182945"}],"curies":[{"name":"wp","href":"https:\/\/api.w.org\/{rel}","templated":true}]}}