{"id":183137,"date":"2019-04-16T02:00:46","date_gmt":"2019-04-16T00:00:46","guid":{"rendered":"http:\/\/wp.kristdemokraterna.se\/vasternorrland\/?page_id=183137"},"modified":"2020-11-14T17:35:47","modified_gmt":"2020-11-14T16:35:47","slug":"digitalisering","status":"publish","type":"page","link":"https:\/\/wp.kristdemokraterna.se\/vasternorrland\/var-politik\/politikomraden\/digitalisering\/","title":{"rendered":"Digitalisering\/IT"},"content":{"rendered":"<p>Digitalisering (digital transformation) beh\u00f6vs inte minst utifr\u00e5n de demografiska f\u00f6r\u00e4ndringarnas p\u00e5verkan p\u00e5 kostnadsutvecklingen f\u00f6r v\u00e5rden. Det g\u00f6r v\u00e5rden mer tillg\u00e4nglig f\u00f6r inv\u00e5narna oberoende av var i l\u00e4net de befinner sig, minskar behovet av resor och f\u00f6rkortar b\u00e5de v\u00e4ntan och v\u00e5rdtiden f\u00f6r patienter.<\/p>\n<p>&nbsp;<\/p>\n<p>V\u00e4sternorrland ligger p\u00e5 m\u00e5nga omr\u00e5den efter inom den digitala transformationen av h\u00e4lso- och sjukv\u00e5rden. Det finns d\u00e4rf\u00f6r stora m\u00f6jligheter f\u00f6r l\u00e4net att utveckla den medicinska v\u00e5rden p\u00e5 distans, e-h\u00e4lsan.<\/p>\n<h2>Virtuell ungdomsmottagning<\/h2>\n<p>Stora avst\u00e5nd kan vara ett hinder f\u00f6r ungdomar att s\u00f6ka sig till ungdomsmottagningar. Ett s\u00e4tt att g\u00f6ra ungdomsmottagningen mer tillg\u00e4nglig kan vara att erbjuda en virtuell ungdomsmottagning. En virtuell ungdomsmottagning \u00e4r en ungdomsmottagning, d\u00e4r man i en app p\u00e5 sin mobil eller surfplatta, via en videol\u00e4nk kan tr\u00e4ffa personal p\u00e5 mottagningar runt om i regionen.<\/p>\n<p>P\u00e5 detta s\u00e4tt kan man, precis som p\u00e5 ungdomsmottagningen i sin hemkommun, prata och f\u00e5 r\u00e5d i fr\u00e5gor som handlar om kroppen, sex och preventivmedel eller f\u00e5 samtala med n\u00e5gon om man m\u00e5r d\u00e5ligt. Detta borde Region V\u00e4sternorrland vara med och inf\u00f6ra.<\/p>\n<h2>Kognitiv beteendeterapi via Internet<\/h2>\n<p>V\u00e4sterbottens l\u00e4ns landsting har i september 2016 inf\u00f6rt en ny behandlingsmetod f\u00f6r patienter med \u00e5ngest och depression via internet \u2013 iKBT. Projektet \u00e4r nu avslutat och iKBT \u00e4r operativt som en alternativ behandlingsform inom prim\u00e4rv\u00e5rden i V\u00e4sterbotten.<\/p>\n<p>Behandlarna har ca 100 p\u00e5g\u00e5ende \u00e4renden just nu, inom ramen f\u00f6r tv\u00e5 olika behandlingsprogram \/ Nedst\u00e4mdhet och depression samt \u00c5ngest och oro. Vi tycker att V\u00e4sterbottens iKBT- behandling \u00e4r ett bra exempel som V\u00e4sternorrland ska ta efter.<\/p>\n<p><strong>Senaste inl\u00e4ggen om digitalisering:<\/strong><br \/>\n<ul class = \"posts-by-tag-list\"><li class=\"posts-by-tag-item alla inl\u00e4gg digitalisering interpellation KBT Michal Zakolski psykiatri specialistv\u00e5rd\" id=\"posts-by-tag-item-176861\"><a class = \"posts-by-tag-item-title\" href=\"https:\/\/wp.kristdemokraterna.se\/vasternorrland\/kognitiv-beteendeterapi\/\">Interpellation: Kognitiv beteendeterapi<\/a> <small>Posted on: 20 mars 2019<\/small><\/li><li class=\"posts-by-tag-item alla inl\u00e4gg behandlingsprogram digitalisering KBT Michal Zakolski motion psykiatri psykoterapi specialistv\u00e5rd\" id=\"posts-by-tag-item-177685\"><a class = \"posts-by-tag-item-title\" href=\"https:\/\/wp.kristdemokraterna.se\/vasternorrland\/kbt-via-internet\/\">Motion: Kognitiv beteendeterapi via Internet<\/a> <small>Posted on: 15 januari 2019<\/small><\/li><li class=\"posts-by-tag-item alla inl\u00e4gg digitalisering Mona Hammarstedt motion specialistv\u00e5rd ungdomsmottagning\" id=\"posts-by-tag-item-183109\"><a class = \"posts-by-tag-item-title\" href=\"https:\/\/wp.kristdemokraterna.se\/vasternorrland\/motion-virtuell-ungdomsmottagning\/\">Motion: Virtuell ungdomsmottagning<\/a> <small>Posted on: 25 oktober 2018<\/small><\/li><li class=\"posts-by-tag-item alla inl\u00e4gg digitalisering Digitaliseringsstrategi e-h\u00e4lsa ungdomsmottagning\" id=\"posts-by-tag-item-278129\"><a class = \"posts-by-tag-item-title\" href=\"https:\/\/wp.kristdemokraterna.se\/vasternorrland\/digitalisering-viktigt-for-att-bromsa-kostnadsutvecklingen\/\">Digitalisering viktigt f\u00f6r att bromsa kostnadsutvcklingen<\/a> <small>Posted on: 25 september 2018<\/small><\/li><li class=\"posts-by-tag-item alla inl\u00e4gg demokrati dialog digitalisering inflytande motion Soledad Henriquez\" id=\"posts-by-tag-item-120411\"><a class = \"posts-by-tag-item-title\" href=\"https:\/\/wp.kristdemokraterna.se\/vasternorrland\/motion-lagg-ut-handlingarna-pa-webben\/\">Motion: L\u00e4gg ut handlingarna p\u00e5 webben<\/a> <small>Posted on: 18 mars 2016<\/small><\/li><li class=\"posts-by-tag-item alla inl\u00e4gg digitalisering Emil Sydhage Granloholms v\u00e5rdcentral H\u00e4lsocentralen Ankaret H\u00e4lsocentralen Bj\u00e4sta H\u00e4lsocentralen Bredbyn H\u00e4lsocentralen Domsj\u00f6 H\u00e4lsocentralen Granlo H\u00e4lsocentralen Gull\u00e4nget H\u00e4lsocentralen Husum-Treh\u00f6rningsj\u00f6 H\u00e4lsocentralen Kramfors H\u00e4lsocentralen Matfors H\u00e4lsocentralen Premicare Ljustadalen H\u00e4lsocentralen Sj\u00e4levad interpellationssvar l\u00e4kemedel Njurunda v\u00e5rdcentral prim\u00e4rv\u00e5rd recept Sundsvalls V\u00e5rdcentral Sk\u00f6nsmon V\u00e5rdcentralen Viken\" id=\"posts-by-tag-item-138475\"><a class = \"posts-by-tag-item-title\" href=\"https:\/\/wp.kristdemokraterna.se\/vasternorrland\/svar-pa-interpellation-om-e-recept-pa-lakemedel-kan-det-inte-anvandas-mer\/\">Svar p\u00e5 interpellation om e-recept p\u00e5 l\u00e4kemedel - kan det inte anv\u00e4ndas mer?<\/a> <small>Posted on: 16 juni 2005<\/small><\/li><li class=\"posts-by-tag-item alla inl\u00e4gg apotek digitalisering Emil Sydhage internet interpellation l\u00e4kemedel recept\" id=\"posts-by-tag-item-138473\"><a class = \"posts-by-tag-item-title\" href=\"https:\/\/wp.kristdemokraterna.se\/vasternorrland\/interpellation-e-recept-pa-lakemedel-kan-det-inte-anvandas-mer\/\">Interpellation: E-recept p\u00e5 l\u00e4kemedel - kan det inte anv\u00e4ndas mer?<\/a> <small>Posted on: 24 maj 2005<\/small><\/li><li class=\"posts-by-tag-item alla inl\u00e4gg digitalisering etik G\u00f6ran Sydhage motionsyttrande personnummer Sverker \u00c5gren\" id=\"posts-by-tag-item-136067\"><a class = \"posts-by-tag-item-title\" href=\"https:\/\/wp.kristdemokraterna.se\/vasternorrland\/yttrande-over-motion-minskad-anvandning-av-personnummer\/\">Yttrande \u00f6ver motion minskad anv\u00e4ndning av personnummer<\/a> <small>Posted on: 25 februari 1986<\/small><\/li><li class=\"posts-by-tag-item alla inl\u00e4gg digitalisering G\u00f6ran Sydhage motion personnummer Sverker \u00c5gren\" id=\"posts-by-tag-item-134924\"><a class = \"posts-by-tag-item-title\" href=\"https:\/\/wp.kristdemokraterna.se\/vasternorrland\/motion-minskad-anvandning-av-personnummer\/\">Motion: Minskad anv\u00e4ndning av personnummer<\/a> <small>Posted on: 15 februari 1986<\/small><\/li><\/ul>F\u00f6r samtliga inl\u00e4gg om digitalisering, se <a href=\"http:\/\/wp.kristdemokraterna.se\/vasternorrland\/etiketter\/digitalisering\/\">h\u00e4r<\/a><\/p>\n<hr \/>\n<p><em>Bilden \u00f6verst av Gerd Altmann fr\u00e5n Pixabay.<\/em><\/p>\n","protected":false},"excerpt":{"rendered":"<p>Digitalisering (digital transformation) beh\u00f6vs inte minst utifr\u00e5n de demografiska f\u00f6r\u00e4ndringarnas p\u00e5verkan p\u00e5 kostnadsutvecklingen f\u00f6r v\u00e5rden. Det g\u00f6r v\u00e5rden mer tillg\u00e4nglig f\u00f6r inv\u00e5narna oberoende av var i l\u00e4net de befinner sig, minskar behovet av resor och f\u00f6rkortar b\u00e5de v\u00e4ntan och v\u00e5rdtiden f\u00f6r patienter. &nbsp; V\u00e4sternorrland ligger p\u00e5 m\u00e5nga omr\u00e5den efter inom den digitala transformationen av h\u00e4lso- <a class=\"read-more-link\" href=\"https:\/\/wp.kristdemokraterna.se\/vasternorrland\/var-politik\/politikomraden\/digitalisering\/\">Read More<\/a><\/p>\n","protected":false},"author":787,"featured_media":0,"parent":179725,"menu_order":2,"comment_status":"closed","ping_status":"closed","template":"index.php","meta":{"_acf_changed":false,"footnotes":""},"class_list":["post-183137","page","type-page","status-publish","hentry"],"acf":[],"yoast_head":"<!-- This site is optimized with the Yoast SEO plugin v27.3 - https:\/\/yoast.com\/product\/yoast-seo-wordpress\/ -->\n<title>Digitalisering\/IT | KD V\u00e4sternorrland<\/title>\n<meta name=\"robots\" content=\"index, follow, max-snippet:-1, max-image-preview:large, max-video-preview:-1\" \/>\n<link rel=\"canonical\" href=\"https:\/\/wp.kristdemokraterna.se\/vasternorrland\/var-politik\/politikomraden\/digitalisering\/\" \/>\n<meta property=\"og:locale\" content=\"sv_SE\" \/>\n<meta property=\"og:type\" content=\"article\" \/>\n<meta property=\"og:title\" content=\"Digitalisering\/IT | KD V\u00e4sternorrland\" \/>\n<meta property=\"og:description\" content=\"Digitalisering (digital transformation) beh\u00f6vs inte minst utifr\u00e5n de demografiska f\u00f6r\u00e4ndringarnas p\u00e5verkan p\u00e5 kostnadsutvecklingen f\u00f6r v\u00e5rden. Det g\u00f6r v\u00e5rden mer tillg\u00e4nglig f\u00f6r inv\u00e5narna oberoende av var i l\u00e4net de befinner sig, minskar behovet av resor och f\u00f6rkortar b\u00e5de v\u00e4ntan och v\u00e5rdtiden f\u00f6r patienter. &nbsp; V\u00e4sternorrland ligger p\u00e5 m\u00e5nga omr\u00e5den efter inom den digitala transformationen av h\u00e4lso- Read More\" \/>\n<meta property=\"og:url\" content=\"https:\/\/wp.kristdemokraterna.se\/vasternorrland\/var-politik\/politikomraden\/digitalisering\/\" \/>\n<meta property=\"og:site_name\" content=\"KD V\u00e4sternorrland\" \/>\n<meta property=\"article:publisher\" content=\"https:\/\/www.facebook.com\/kdrvn\/\" \/>\n<meta property=\"article:modified_time\" content=\"2020-11-14T16:35:47+00:00\" \/>\n<meta name=\"twitter:card\" content=\"summary_large_image\" \/>\n<meta name=\"twitter:label1\" content=\"Ber\u00e4knad l\u00e4stid\" \/>\n\t<meta name=\"twitter:data1\" content=\"2 minuter\" \/>\n<script type=\"application\/ld+json\" class=\"yoast-schema-graph\">{\"@context\":\"https:\\\/\\\/schema.org\",\"@graph\":[{\"@type\":\"WebPage\",\"@id\":\"https:\\\/\\\/wp.kristdemokraterna.se\\\/vasternorrland\\\/var-politik\\\/politikomraden\\\/digitalisering\\\/\",\"url\":\"https:\\\/\\\/wp.kristdemokraterna.se\\\/vasternorrland\\\/var-politik\\\/politikomraden\\\/digitalisering\\\/\",\"name\":\"Digitalisering\\\/IT | KD V\u00e4sternorrland\",\"isPartOf\":{\"@id\":\"https:\\\/\\\/wp.kristdemokraterna.se\\\/vasternorrland\\\/#website\"},\"datePublished\":\"2019-04-16T00:00:46+00:00\",\"dateModified\":\"2020-11-14T16:35:47+00:00\",\"breadcrumb\":{\"@id\":\"https:\\\/\\\/wp.kristdemokraterna.se\\\/vasternorrland\\\/var-politik\\\/politikomraden\\\/digitalisering\\\/#breadcrumb\"},\"inLanguage\":\"sv-SE\",\"potentialAction\":[{\"@type\":\"ReadAction\",\"target\":[\"https:\\\/\\\/wp.kristdemokraterna.se\\\/vasternorrland\\\/var-politik\\\/politikomraden\\\/digitalisering\\\/\"]}]},{\"@type\":\"BreadcrumbList\",\"@id\":\"https:\\\/\\\/wp.kristdemokraterna.se\\\/vasternorrland\\\/var-politik\\\/politikomraden\\\/digitalisering\\\/#breadcrumb\",\"itemListElement\":[{\"@type\":\"ListItem\",\"position\":1,\"name\":\"Hem\",\"item\":\"https:\\\/\\\/wp.kristdemokraterna.se\\\/vasternorrland\\\/\"},{\"@type\":\"ListItem\",\"position\":2,\"name\":\"V\u00e5r politik\",\"item\":\"https:\\\/\\\/wp.kristdemokraterna.se\\\/vasternorrland\\\/var-politik\\\/\"},{\"@type\":\"ListItem\",\"position\":3,\"name\":\"Politikomr\u00e5den\",\"item\":\"https:\\\/\\\/wp.kristdemokraterna.se\\\/vasternorrland\\\/var-politik\\\/politikomraden\\\/\"},{\"@type\":\"ListItem\",\"position\":4,\"name\":\"Digitalisering\\\/IT\"}]},{\"@type\":\"WebSite\",\"@id\":\"https:\\\/\\\/wp.kristdemokraterna.se\\\/vasternorrland\\\/#website\",\"url\":\"https:\\\/\\\/wp.kristdemokraterna.se\\\/vasternorrland\\\/\",\"name\":\"KD V\u00e4sternorrland\",\"description\":\"V\u00e5rda v\u00e5rden - utveckla prim\u00e4rv\u00e5rden\",\"inLanguage\":\"sv-SE\"}]}<\/script>\n<!-- \/ Yoast SEO plugin. -->","yoast_head_json":{"title":"Digitalisering\/IT | KD V\u00e4sternorrland","robots":{"index":"index","follow":"follow","max-snippet":"max-snippet:-1","max-image-preview":"max-image-preview:large","max-video-preview":"max-video-preview:-1"},"canonical":"https:\/\/wp.kristdemokraterna.se\/vasternorrland\/var-politik\/politikomraden\/digitalisering\/","og_locale":"sv_SE","og_type":"article","og_title":"Digitalisering\/IT | KD V\u00e4sternorrland","og_description":"Digitalisering (digital transformation) beh\u00f6vs inte minst utifr\u00e5n de demografiska f\u00f6r\u00e4ndringarnas p\u00e5verkan p\u00e5 kostnadsutvecklingen f\u00f6r v\u00e5rden. Det g\u00f6r v\u00e5rden mer tillg\u00e4nglig f\u00f6r inv\u00e5narna oberoende av var i l\u00e4net de befinner sig, minskar behovet av resor och f\u00f6rkortar b\u00e5de v\u00e4ntan och v\u00e5rdtiden f\u00f6r patienter. &nbsp; V\u00e4sternorrland ligger p\u00e5 m\u00e5nga omr\u00e5den efter inom den digitala transformationen av h\u00e4lso- Read More","og_url":"https:\/\/wp.kristdemokraterna.se\/vasternorrland\/var-politik\/politikomraden\/digitalisering\/","og_site_name":"KD V\u00e4sternorrland","article_publisher":"https:\/\/www.facebook.com\/kdrvn\/","article_modified_time":"2020-11-14T16:35:47+00:00","twitter_card":"summary_large_image","twitter_misc":{"Ber\u00e4knad l\u00e4stid":"2 minuter"},"schema":{"@context":"https:\/\/schema.org","@graph":[{"@type":"WebPage","@id":"https:\/\/wp.kristdemokraterna.se\/vasternorrland\/var-politik\/politikomraden\/digitalisering\/","url":"https:\/\/wp.kristdemokraterna.se\/vasternorrland\/var-politik\/politikomraden\/digitalisering\/","name":"Digitalisering\/IT | KD V\u00e4sternorrland","isPartOf":{"@id":"https:\/\/wp.kristdemokraterna.se\/vasternorrland\/#website"},"datePublished":"2019-04-16T00:00:46+00:00","dateModified":"2020-11-14T16:35:47+00:00","breadcrumb":{"@id":"https:\/\/wp.kristdemokraterna.se\/vasternorrland\/var-politik\/politikomraden\/digitalisering\/#breadcrumb"},"inLanguage":"sv-SE","potentialAction":[{"@type":"ReadAction","target":["https:\/\/wp.kristdemokraterna.se\/vasternorrland\/var-politik\/politikomraden\/digitalisering\/"]}]},{"@type":"BreadcrumbList","@id":"https:\/\/wp.kristdemokraterna.se\/vasternorrland\/var-politik\/politikomraden\/digitalisering\/#breadcrumb","itemListElement":[{"@type":"ListItem","position":1,"name":"Hem","item":"https:\/\/wp.kristdemokraterna.se\/vasternorrland\/"},{"@type":"ListItem","position":2,"name":"V\u00e5r politik","item":"https:\/\/wp.kristdemokraterna.se\/vasternorrland\/var-politik\/"},{"@type":"ListItem","position":3,"name":"Politikomr\u00e5den","item":"https:\/\/wp.kristdemokraterna.se\/vasternorrland\/var-politik\/politikomraden\/"},{"@type":"ListItem","position":4,"name":"Digitalisering\/IT"}]},{"@type":"WebSite","@id":"https:\/\/wp.kristdemokraterna.se\/vasternorrland\/#website","url":"https:\/\/wp.kristdemokraterna.se\/vasternorrland\/","name":"KD V\u00e4sternorrland","description":"V\u00e5rda v\u00e5rden - utveckla prim\u00e4rv\u00e5rden","inLanguage":"sv-SE"}]}},"_links":{"self":[{"href":"https:\/\/wp.kristdemokraterna.se\/vasternorrland\/wp-json\/wp\/v2\/pages\/183137","targetHints":{"allow":["GET"]}}],"collection":[{"href":"https:\/\/wp.kristdemokraterna.se\/vasternorrland\/wp-json\/wp\/v2\/pages"}],"about":[{"href":"https:\/\/wp.kristdemokraterna.se\/vasternorrland\/wp-json\/wp\/v2\/types\/page"}],"author":[{"embeddable":true,"href":"https:\/\/wp.kristdemokraterna.se\/vasternorrland\/wp-json\/wp\/v2\/users\/787"}],"replies":[{"embeddable":true,"href":"https:\/\/wp.kristdemokraterna.se\/vasternorrland\/wp-json\/wp\/v2\/comments?post=183137"}],"version-history":[{"count":14,"href":"https:\/\/wp.kristdemokraterna.se\/vasternorrland\/wp-json\/wp\/v2\/pages\/183137\/revisions"}],"predecessor-version":[{"id":323170,"href":"https:\/\/wp.kristdemokraterna.se\/vasternorrland\/wp-json\/wp\/v2\/pages\/183137\/revisions\/323170"}],"up":[{"embeddable":true,"href":"https:\/\/wp.kristdemokraterna.se\/vasternorrland\/wp-json\/wp\/v2\/pages\/179725"}],"wp:attachment":[{"href":"https:\/\/wp.kristdemokraterna.se\/vasternorrland\/wp-json\/wp\/v2\/media?parent=183137"}],"curies":[{"name":"wp","href":"https:\/\/api.w.org\/{rel}","templated":true}]}}