{"id":183162,"date":"2019-04-16T12:00:49","date_gmt":"2019-04-16T10:00:49","guid":{"rendered":"http:\/\/wp.kristdemokraterna.se\/vasternorrland\/?page_id=183162"},"modified":"2020-05-10T17:46:19","modified_gmt":"2020-05-10T15:46:19","slug":"polis","status":"publish","type":"page","link":"https:\/\/wp.kristdemokraterna.se\/vasternorrland\/var-politik\/politikomraden\/polis\/","title":{"rendered":"Trygghet"},"content":{"rendered":"<p><img decoding=\"async\" class=\"size-full wp-image-199972\" src=\"http:\/\/wp.kristdemokraterna.se\/vasternorrland\/files\/2019\/06\/trygghet-polis.jpg\" alt=\"\" width=\"100%\" height=\"100%\" srcset=\"https:\/\/wp.kristdemokraterna.se\/vasternorrland\/files\/2019\/06\/trygghet-polis.jpg 540w, https:\/\/wp.kristdemokraterna.se\/vasternorrland\/files\/2019\/06\/trygghet-polis-300x169.jpg 300w, https:\/\/wp.kristdemokraterna.se\/vasternorrland\/files\/2019\/06\/trygghet-polis-355x200.jpg 355w, https:\/\/wp.kristdemokraterna.se\/vasternorrland\/files\/2019\/06\/trygghet-polis-370x208.jpg 370w, https:\/\/wp.kristdemokraterna.se\/vasternorrland\/files\/2019\/06\/trygghet-polis-450x253.jpg 450w, https:\/\/wp.kristdemokraterna.se\/vasternorrland\/files\/2019\/06\/trygghet-polis-280x158.jpg 280w, https:\/\/wp.kristdemokraterna.se\/vasternorrland\/files\/2019\/06\/trygghet-polis-340x191.jpg 340w, https:\/\/wp.kristdemokraterna.se\/vasternorrland\/files\/2019\/06\/trygghet-polis-200x113.jpg 200w, https:\/\/wp.kristdemokraterna.se\/vasternorrland\/files\/2019\/06\/trygghet-polis-99x56.jpg 99w\" sizes=\"(max-width: 540px) 100vw, 540px\" \/><br \/>\nAtt bygga ett samh\u00e4lle d\u00e4r alla trivs och k\u00e4nner delaktighet och trygghet kr\u00e4ver en vision om det goda\u00a0 samh\u00e4llet. Denna vision inneb\u00e4r att allt samh\u00e4llsbyggande ska ske utifr\u00e5n m\u00e4nniskans behov av de sm\u00e5 gemenskaperna. D\u00e4rf\u00f6r b\u00f6r planeringen p\u00e5 alla niv\u00e5er alltid ske utifr\u00e5n vad som \u00e4r bra f\u00f6r sm\u00e5 gemenskaper, och hur s\u00e5dana gemenskaper fr\u00e4mjas.<\/p>\n<p>V\u00e4lf\u00e4rdspolitiken ska vara generell i det avseendet att den ska ge en grundl\u00e4ggande trygghet f\u00f6r alla. Socialf\u00f6rs\u00e4kringssystemen ska vara utformade s\u00e5 att alla f\u00e5r en rimlig trygghet vid sjukdom, arbetsl\u00f6shet, arbetsskada och pension.<\/p>\n<h2>H\u00e4lso- och sjukv\u00e5rd<\/h2>\n<p>H\u00e4lso- och sjukv\u00e5rden ska utg\u00e5 fr\u00e5n att varje m\u00e4nniska \u00e4r unik och att alla m\u00e4nniskor har samma absoluta och okr\u00e4nkbara v\u00e4rde. Trygghet, tillit och sj\u00e4lvbest\u00e4mmande \u00e4r, ut\u00f6ver grundl\u00e4ggande v\u00e4rden som liv och h\u00e4lsa, viktiga v\u00e4rden i h\u00e4lso- och sjukv\u00e5rden.<\/p>\n<h2>Arbetsmarknad<\/h2>\n<p>God anst\u00e4llningstrygghet f\u00f6r alla arbetstagare ska efterstr\u00e4vas. Lagstiftning om anst\u00e4llningsskydd ska skapa rimlig trygghet f\u00f6r de anst\u00e4llda utan att leda till omotiverade tr\u00f6sklar in p\u00e5 arbetsmarknaden. Den enskildes trygghet ska i st\u00f6rsta m\u00f6jliga utstr\u00e4ckning tillgodoses vid nedl\u00e4ggning och omlokalisering av verksamhet. F\u00f6r att garantera alla som blir arbetsl\u00f6sa en<br \/>\ngrundl\u00e4ggande ekonomisk trygghet ska en allm\u00e4n obligatorisk arbetsl\u00f6shetsf\u00f6rs\u00e4kring finnas. Arbetsl\u00f6shetsf\u00f6rs\u00e4kringen b\u00f6r finansieras med egenavgifter och arbetsgivaravgifter.<\/p>\n<h2>Polis och r\u00e4ttsv\u00e4sende<\/h2>\n<p>Tilltron till r\u00e4ttssamh\u00e4llet bygger p\u00e5 att m\u00e4nniskorna kan f\u00f6rlita sig p\u00e5 att en effektiv brottsbek\u00e4mpning och<br \/>\nen fri och oberoende r\u00e4ttskipning ger trygghet f\u00f6r personlig integritet och egendom. Polisens uppgift \u00e4r att<br \/>\nf\u00f6rebygga brott, uppr\u00e4tth\u00e5lla ordning samt att utreda och beivra brott. N\u00e4ra och f\u00f6rtroendefulla kontakter<br \/>\nmellan polis och allm\u00e4nhet ska utg\u00f6ra grunden f\u00f6r ett bra polisi\u00e4rt arbete. Det ut\u00e5triktade brottsf\u00f6rebyggande<br \/>\narbetet \u00e4r viktigt och samarbetet med socialtj\u00e4nst och skola ska ges en h\u00f6g prioritet.<\/p>\n<p><strong>Senaste inl\u00e4ggen om trygghet:<\/strong><br \/>\n<ul class = \"posts-by-tag-list\"><li class=\"posts-by-tag-item alla inl\u00e4gg bemanning Henrik Sendelbach hyrpersonal interpellation IVO l\u00e5ngsiktighet patients\u00e4kerhet personal trygghet v\u00e5rdplatser\" id=\"posts-by-tag-item-352530\"><a class = \"posts-by-tag-item-title\" href=\"https:\/\/wp.kristdemokraterna.se\/vasternorrland\/patientsakerheten-vid-sundsvalls-sjukhus\/\">Patients\u00e4kerheten vid Sundsvalls sjukhus<\/a> <small>Posted on: 28 januari 2025<\/small><\/li><li class=\"posts-by-tag-item alla inl\u00e4gg H\u00f6gsta domstolen lag och r\u00e4tt Per Sundin resning trygghet Ulf-\u00c5ke Oldenborg\" id=\"posts-by-tag-item-352041\"><a class = \"posts-by-tag-item-title\" href=\"https:\/\/wp.kristdemokraterna.se\/vasternorrland\/lat-lagsamhallet-anvanda-dna-tekniken\/\">L\u00e5t lagsamh\u00e4llet anv\u00e4nda DNA-tekniken<\/a> <small>Posted on: 8 juni 2021<\/small><\/li><li class=\"posts-by-tag-item alla inl\u00e4gg civilsamh\u00e4lle Ett Sverige att lita p\u00e5 familj Ingemar Wiklander polis r\u00e4ttsv\u00e4sende samh\u00e4llsgemenskap trygghet\" id=\"posts-by-tag-item-351967\"><a class = \"posts-by-tag-item-title\" href=\"https:\/\/wp.kristdemokraterna.se\/vasternorrland\/vi-manniskor-behover-varandra\/\">Vi m\u00e4nniskor beh\u00f6ver varandra<\/a> <small>Posted on: 1 juni 2021<\/small><\/li><li class=\"posts-by-tag-item \u00e4ldreomsorg alla inl\u00e4gg arbete arbetsl\u00f6shet Covid-19 Emma Almroth Joachim Jonsson Liza-Maria Norlin n\u00e4ringsliv\/arbete trygghet v\u00e5rdf\u00f6rmedling v\u00e4rdighet v\u00e5rdk\u00f6er v\u00e5rdskuld\" id=\"posts-by-tag-item-319935\"><a class = \"posts-by-tag-item-title\" href=\"https:\/\/wp.kristdemokraterna.se\/vasternorrland\/sverige-fortjanar-battre-kd-s-reformer-skapar-trygghet-i-en-svar-tid\/\">Sverige f\u00f6rtj\u00e4nar b\u00e4ttre \u2013 KD:s reformer skapar trygghet i en sv\u00e5r tid<\/a> <small>Posted on: 26 oktober 2020<\/small><\/li><li class=\"posts-by-tag-item \u00e4ldre alla inl\u00e4gg bedr\u00e4geri brott Covid-19 Emma Almroth Liza-Maria Norlin polis samordningsnummer trygghet\" id=\"posts-by-tag-item-289371\"><a class = \"posts-by-tag-item-title\" href=\"https:\/\/wp.kristdemokraterna.se\/vasternorrland\/brott-mot-aldre-maste-prioriteras\/\">Brott mot \u00e4ldre m\u00e5ste prioriteras<\/a> <small>Posted on: 25 juni 2020<\/small><\/li><li class=\"posts-by-tag-item alla inl\u00e4gg Mona Hammarstedt patients\u00e4kerhet protokollsanteckning specialistv\u00e5rd trygghet\" id=\"posts-by-tag-item-242704\"><a class = \"posts-by-tag-item-title\" href=\"https:\/\/wp.kristdemokraterna.se\/vasternorrland\/inte-okej-bli-hemskickad-pa-natten\/\">Inte okej bli hemskickad p\u00e5 natten<\/a> <small>Posted on: 18 december 2019<\/small><\/li><li class=\"posts-by-tag-item alla inl\u00e4gg H\u00e4lsocentralen Gilleberget listningsstopp Mona Hammarstedt patients\u00e4kerhet prim\u00e4rv\u00e5rd trygghet v\u00e5rdval\" id=\"posts-by-tag-item-242708\"><a class = \"posts-by-tag-item-title\" href=\"https:\/\/wp.kristdemokraterna.se\/vasternorrland\/patientsakerheten-maste-ga-fore-regelboken-for-vardvalet\/\">Patients\u00e4kerheten m\u00e5ste g\u00e5 f\u00f6re regelboken f\u00f6r v\u00e5rdvalet<\/a> <small>Posted on: 16 december 2019<\/small><\/li><li class=\"posts-by-tag-item \u00e4ldre alla inl\u00e4gg Emil Esping Liza-Maria Norlin Mikael Oscarsson polis samordningsnummer st\u00f6ldligor trygghet tullverket\" id=\"posts-by-tag-item-251705\"><a class = \"posts-by-tag-item-title\" href=\"https:\/\/wp.kristdemokraterna.se\/vasternorrland\/stoppa-stoldligorna-sverige-maste-bli-ett-tryggare-land\/\">Stoppa st\u00f6ldligorna \u2013 Sverige m\u00e5ste ett tryggare land<\/a> <small>Posted on: 25 november 2019<\/small><\/li><li class=\"posts-by-tag-item alla inl\u00e4gg barnskyddsteam Mona Hammarstedt motion prim\u00e4rv\u00e5rd specialistv\u00e5rd trygghet\" id=\"posts-by-tag-item-234718\"><a class = \"posts-by-tag-item-title\" href=\"https:\/\/wp.kristdemokraterna.se\/vasternorrland\/inratta-barnskyddsteam\/\">Inr\u00e4tta barnskyddsteam<\/a> <small>Posted on: 14 november 2019<\/small><\/li><li class=\"posts-by-tag-item \u00e4ldreomsorg alla inl\u00e4gg debattartikel ekonomi\/skatter Henrik Sendelbach landsbygd Mona Hammarstedt skatter skola statsbidrag trygghet v\u00e4rnskatt\" id=\"posts-by-tag-item-233673\"><a class = \"posts-by-tag-item-title\" href=\"https:\/\/wp.kristdemokraterna.se\/vasternorrland\/kd-valjer-valfard-framfor-gratisavgifter-och-slopad-varnskatt\/\">KD v\u00e4ljer v\u00e4lf\u00e4rd framf\u00f6r gratisavgifter och slopad v\u00e4rnskatt<\/a> <small>Posted on: 10 november 2019<\/small><\/li><\/ul>F\u00f6r samtliga inl\u00e4gg om trygghet, se <a href=\"http:\/\/wp.kristdemokraterna.se\/vasternorrland\/etiketter\/trygghet\/\">h\u00e4r<\/a><\/p>\n<hr \/>\n<p>Bilden \u00f6verst. Polisbilar. Foto av Janee p\u00e5 Wikimedia Commons (<a href=\"https:\/\/creativecommons.org\/licenses\/by-sa\/3.0\/deed.sv\">CC-BY-SA 3.0<\/a>).<\/p>\n","protected":false},"excerpt":{"rendered":"<p>Att bygga ett samh\u00e4lle d\u00e4r alla trivs och k\u00e4nner delaktighet och trygghet kr\u00e4ver en vision om det goda\u00a0 samh\u00e4llet. Denna vision inneb\u00e4r att allt samh\u00e4llsbyggande ska ske utifr\u00e5n m\u00e4nniskans behov av de sm\u00e5 gemenskaperna. D\u00e4rf\u00f6r b\u00f6r planeringen p\u00e5 alla niv\u00e5er alltid ske utifr\u00e5n vad som \u00e4r bra f\u00f6r sm\u00e5 gemenskaper, och hur s\u00e5dana gemenskaper fr\u00e4mjas. <a class=\"read-more-link\" href=\"https:\/\/wp.kristdemokraterna.se\/vasternorrland\/var-politik\/politikomraden\/polis\/\">Read More<\/a><\/p>\n","protected":false},"author":787,"featured_media":0,"parent":179725,"menu_order":21,"comment_status":"closed","ping_status":"closed","template":"","meta":{"_acf_changed":false,"footnotes":""},"class_list":["post-183162","page","type-page","status-publish","hentry"],"acf":[],"yoast_head":"<!-- This site is optimized with the Yoast SEO plugin v27.4 - https:\/\/yoast.com\/product\/yoast-seo-wordpress\/ -->\n<title>Trygghet | KD V\u00e4sternorrland<\/title>\n<meta name=\"robots\" content=\"index, follow, max-snippet:-1, max-image-preview:large, max-video-preview:-1\" \/>\n<link rel=\"canonical\" href=\"https:\/\/wp.kristdemokraterna.se\/vasternorrland\/var-politik\/politikomraden\/polis\/\" \/>\n<meta property=\"og:locale\" content=\"sv_SE\" \/>\n<meta property=\"og:type\" content=\"article\" \/>\n<meta property=\"og:title\" content=\"Trygghet | KD V\u00e4sternorrland\" \/>\n<meta property=\"og:description\" content=\"Att bygga ett samh\u00e4lle d\u00e4r alla trivs och k\u00e4nner delaktighet och trygghet kr\u00e4ver en vision om det goda\u00a0 samh\u00e4llet. Denna vision inneb\u00e4r att allt samh\u00e4llsbyggande ska ske utifr\u00e5n m\u00e4nniskans behov av de sm\u00e5 gemenskaperna. D\u00e4rf\u00f6r b\u00f6r planeringen p\u00e5 alla niv\u00e5er alltid ske utifr\u00e5n vad som \u00e4r bra f\u00f6r sm\u00e5 gemenskaper, och hur s\u00e5dana gemenskaper fr\u00e4mjas. Read More\" \/>\n<meta property=\"og:url\" content=\"https:\/\/wp.kristdemokraterna.se\/vasternorrland\/var-politik\/politikomraden\/polis\/\" \/>\n<meta property=\"og:site_name\" content=\"KD V\u00e4sternorrland\" \/>\n<meta property=\"article:publisher\" content=\"https:\/\/www.facebook.com\/kdrvn\/\" \/>\n<meta property=\"article:modified_time\" content=\"2020-05-10T15:46:19+00:00\" \/>\n<meta property=\"og:image\" content=\"http:\/\/wp.kristdemokraterna.se\/vasternorrland\/files\/2019\/06\/trygghet-polis.jpg\" \/>\n<meta name=\"twitter:card\" content=\"summary_large_image\" \/>\n<meta name=\"twitter:label1\" content=\"Ber\u00e4knad l\u00e4stid\" \/>\n\t<meta name=\"twitter:data1\" content=\"2 minuter\" \/>\n<script type=\"application\/ld+json\" class=\"yoast-schema-graph\">{\"@context\":\"https:\\\/\\\/schema.org\",\"@graph\":[{\"@type\":\"WebPage\",\"@id\":\"https:\\\/\\\/wp.kristdemokraterna.se\\\/vasternorrland\\\/var-politik\\\/politikomraden\\\/polis\\\/\",\"url\":\"https:\\\/\\\/wp.kristdemokraterna.se\\\/vasternorrland\\\/var-politik\\\/politikomraden\\\/polis\\\/\",\"name\":\"Trygghet | KD V\u00e4sternorrland\",\"isPartOf\":{\"@id\":\"https:\\\/\\\/wp.kristdemokraterna.se\\\/vasternorrland\\\/#website\"},\"primaryImageOfPage\":{\"@id\":\"https:\\\/\\\/wp.kristdemokraterna.se\\\/vasternorrland\\\/var-politik\\\/politikomraden\\\/polis\\\/#primaryimage\"},\"image\":{\"@id\":\"https:\\\/\\\/wp.kristdemokraterna.se\\\/vasternorrland\\\/var-politik\\\/politikomraden\\\/polis\\\/#primaryimage\"},\"thumbnailUrl\":\"http:\\\/\\\/wp.kristdemokraterna.se\\\/vasternorrland\\\/files\\\/2019\\\/06\\\/trygghet-polis.jpg\",\"datePublished\":\"2019-04-16T10:00:49+00:00\",\"dateModified\":\"2020-05-10T15:46:19+00:00\",\"breadcrumb\":{\"@id\":\"https:\\\/\\\/wp.kristdemokraterna.se\\\/vasternorrland\\\/var-politik\\\/politikomraden\\\/polis\\\/#breadcrumb\"},\"inLanguage\":\"sv-SE\",\"potentialAction\":[{\"@type\":\"ReadAction\",\"target\":[\"https:\\\/\\\/wp.kristdemokraterna.se\\\/vasternorrland\\\/var-politik\\\/politikomraden\\\/polis\\\/\"]}]},{\"@type\":\"ImageObject\",\"inLanguage\":\"sv-SE\",\"@id\":\"https:\\\/\\\/wp.kristdemokraterna.se\\\/vasternorrland\\\/var-politik\\\/politikomraden\\\/polis\\\/#primaryimage\",\"url\":\"https:\\\/\\\/wp.kristdemokraterna.se\\\/vasternorrland\\\/files\\\/2019\\\/06\\\/trygghet-polis.jpg\",\"contentUrl\":\"https:\\\/\\\/wp.kristdemokraterna.se\\\/vasternorrland\\\/files\\\/2019\\\/06\\\/trygghet-polis.jpg\",\"width\":540,\"height\":304,\"caption\":\"Bilden \u00f6verst: Polisbilar. Foto av Janee p\u00e5 Wikimedia Commons (CC-BY-SA 3.0).\"},{\"@type\":\"BreadcrumbList\",\"@id\":\"https:\\\/\\\/wp.kristdemokraterna.se\\\/vasternorrland\\\/var-politik\\\/politikomraden\\\/polis\\\/#breadcrumb\",\"itemListElement\":[{\"@type\":\"ListItem\",\"position\":1,\"name\":\"Hem\",\"item\":\"https:\\\/\\\/wp.kristdemokraterna.se\\\/vasternorrland\\\/\"},{\"@type\":\"ListItem\",\"position\":2,\"name\":\"V\u00e5r politik\",\"item\":\"https:\\\/\\\/wp.kristdemokraterna.se\\\/vasternorrland\\\/var-politik\\\/\"},{\"@type\":\"ListItem\",\"position\":3,\"name\":\"Politikomr\u00e5den\",\"item\":\"https:\\\/\\\/wp.kristdemokraterna.se\\\/vasternorrland\\\/var-politik\\\/politikomraden\\\/\"},{\"@type\":\"ListItem\",\"position\":4,\"name\":\"Trygghet\"}]},{\"@type\":\"WebSite\",\"@id\":\"https:\\\/\\\/wp.kristdemokraterna.se\\\/vasternorrland\\\/#website\",\"url\":\"https:\\\/\\\/wp.kristdemokraterna.se\\\/vasternorrland\\\/\",\"name\":\"KD V\u00e4sternorrland\",\"description\":\"V\u00e5rda v\u00e5rden - utveckla prim\u00e4rv\u00e5rden\",\"inLanguage\":\"sv-SE\"}]}<\/script>\n<!-- \/ Yoast SEO plugin. -->","yoast_head_json":{"title":"Trygghet | KD V\u00e4sternorrland","robots":{"index":"index","follow":"follow","max-snippet":"max-snippet:-1","max-image-preview":"max-image-preview:large","max-video-preview":"max-video-preview:-1"},"canonical":"https:\/\/wp.kristdemokraterna.se\/vasternorrland\/var-politik\/politikomraden\/polis\/","og_locale":"sv_SE","og_type":"article","og_title":"Trygghet | KD V\u00e4sternorrland","og_description":"Att bygga ett samh\u00e4lle d\u00e4r alla trivs och k\u00e4nner delaktighet och trygghet kr\u00e4ver en vision om det goda\u00a0 samh\u00e4llet. Denna vision inneb\u00e4r att allt samh\u00e4llsbyggande ska ske utifr\u00e5n m\u00e4nniskans behov av de sm\u00e5 gemenskaperna. D\u00e4rf\u00f6r b\u00f6r planeringen p\u00e5 alla niv\u00e5er alltid ske utifr\u00e5n vad som \u00e4r bra f\u00f6r sm\u00e5 gemenskaper, och hur s\u00e5dana gemenskaper fr\u00e4mjas. Read More","og_url":"https:\/\/wp.kristdemokraterna.se\/vasternorrland\/var-politik\/politikomraden\/polis\/","og_site_name":"KD V\u00e4sternorrland","article_publisher":"https:\/\/www.facebook.com\/kdrvn\/","article_modified_time":"2020-05-10T15:46:19+00:00","og_image":[{"url":"http:\/\/wp.kristdemokraterna.se\/vasternorrland\/files\/2019\/06\/trygghet-polis.jpg","type":"","width":"","height":""}],"twitter_card":"summary_large_image","twitter_misc":{"Ber\u00e4knad l\u00e4stid":"2 minuter"},"schema":{"@context":"https:\/\/schema.org","@graph":[{"@type":"WebPage","@id":"https:\/\/wp.kristdemokraterna.se\/vasternorrland\/var-politik\/politikomraden\/polis\/","url":"https:\/\/wp.kristdemokraterna.se\/vasternorrland\/var-politik\/politikomraden\/polis\/","name":"Trygghet | KD V\u00e4sternorrland","isPartOf":{"@id":"https:\/\/wp.kristdemokraterna.se\/vasternorrland\/#website"},"primaryImageOfPage":{"@id":"https:\/\/wp.kristdemokraterna.se\/vasternorrland\/var-politik\/politikomraden\/polis\/#primaryimage"},"image":{"@id":"https:\/\/wp.kristdemokraterna.se\/vasternorrland\/var-politik\/politikomraden\/polis\/#primaryimage"},"thumbnailUrl":"http:\/\/wp.kristdemokraterna.se\/vasternorrland\/files\/2019\/06\/trygghet-polis.jpg","datePublished":"2019-04-16T10:00:49+00:00","dateModified":"2020-05-10T15:46:19+00:00","breadcrumb":{"@id":"https:\/\/wp.kristdemokraterna.se\/vasternorrland\/var-politik\/politikomraden\/polis\/#breadcrumb"},"inLanguage":"sv-SE","potentialAction":[{"@type":"ReadAction","target":["https:\/\/wp.kristdemokraterna.se\/vasternorrland\/var-politik\/politikomraden\/polis\/"]}]},{"@type":"ImageObject","inLanguage":"sv-SE","@id":"https:\/\/wp.kristdemokraterna.se\/vasternorrland\/var-politik\/politikomraden\/polis\/#primaryimage","url":"https:\/\/wp.kristdemokraterna.se\/vasternorrland\/files\/2019\/06\/trygghet-polis.jpg","contentUrl":"https:\/\/wp.kristdemokraterna.se\/vasternorrland\/files\/2019\/06\/trygghet-polis.jpg","width":540,"height":304,"caption":"Bilden \u00f6verst: Polisbilar. Foto av Janee p\u00e5 Wikimedia Commons (CC-BY-SA 3.0)."},{"@type":"BreadcrumbList","@id":"https:\/\/wp.kristdemokraterna.se\/vasternorrland\/var-politik\/politikomraden\/polis\/#breadcrumb","itemListElement":[{"@type":"ListItem","position":1,"name":"Hem","item":"https:\/\/wp.kristdemokraterna.se\/vasternorrland\/"},{"@type":"ListItem","position":2,"name":"V\u00e5r politik","item":"https:\/\/wp.kristdemokraterna.se\/vasternorrland\/var-politik\/"},{"@type":"ListItem","position":3,"name":"Politikomr\u00e5den","item":"https:\/\/wp.kristdemokraterna.se\/vasternorrland\/var-politik\/politikomraden\/"},{"@type":"ListItem","position":4,"name":"Trygghet"}]},{"@type":"WebSite","@id":"https:\/\/wp.kristdemokraterna.se\/vasternorrland\/#website","url":"https:\/\/wp.kristdemokraterna.se\/vasternorrland\/","name":"KD V\u00e4sternorrland","description":"V\u00e5rda v\u00e5rden - utveckla prim\u00e4rv\u00e5rden","inLanguage":"sv-SE"}]}},"_links":{"self":[{"href":"https:\/\/wp.kristdemokraterna.se\/vasternorrland\/wp-json\/wp\/v2\/pages\/183162","targetHints":{"allow":["GET"]}}],"collection":[{"href":"https:\/\/wp.kristdemokraterna.se\/vasternorrland\/wp-json\/wp\/v2\/pages"}],"about":[{"href":"https:\/\/wp.kristdemokraterna.se\/vasternorrland\/wp-json\/wp\/v2\/types\/page"}],"author":[{"embeddable":true,"href":"https:\/\/wp.kristdemokraterna.se\/vasternorrland\/wp-json\/wp\/v2\/users\/787"}],"replies":[{"embeddable":true,"href":"https:\/\/wp.kristdemokraterna.se\/vasternorrland\/wp-json\/wp\/v2\/comments?post=183162"}],"version-history":[{"count":4,"href":"https:\/\/wp.kristdemokraterna.se\/vasternorrland\/wp-json\/wp\/v2\/pages\/183162\/revisions"}],"predecessor-version":[{"id":200308,"href":"https:\/\/wp.kristdemokraterna.se\/vasternorrland\/wp-json\/wp\/v2\/pages\/183162\/revisions\/200308"}],"up":[{"embeddable":true,"href":"https:\/\/wp.kristdemokraterna.se\/vasternorrland\/wp-json\/wp\/v2\/pages\/179725"}],"wp:attachment":[{"href":"https:\/\/wp.kristdemokraterna.se\/vasternorrland\/wp-json\/wp\/v2\/media?parent=183162"}],"curies":[{"name":"wp","href":"https:\/\/api.w.org\/{rel}","templated":true}]}}