{"id":220358,"date":"2002-09-25T12:43:59","date_gmt":"2002-09-25T10:43:59","guid":{"rendered":"http:\/\/wp.kristdemokraterna.se\/vasternorrland\/?page_id=220358"},"modified":"2019-11-20T16:03:29","modified_gmt":"2019-11-20T15:03:29","slug":"valresultat-2002-landstingsfullmaktige","status":"publish","type":"page","link":"https:\/\/wp.kristdemokraterna.se\/vasternorrland\/tidigare-val\/valet-2002\/valresultat-2002-landstingsfullmaktige\/","title":{"rendered":"Valresultat 2002 Landstingsfullm\u00e4ktige"},"content":{"rendered":"<p>Slutgiltiga valresultatet f\u00f6r valet till landstingsfullm\u00e4ktige i V\u00e4sternorrlands l\u00e4n 2002.<\/p>\n<table width=\"800\">\n<tbody>\n<tr style=\"background-color: #e9e9e9\">\n<th style=\"border: 1px #aaa solid;padding: 0.3em\" colspan=\"2\" rowspan=\"2\">Parti<\/th>\n<th style=\"border: 1px #aaa solid;padding: 0.3em\" colspan=\"3\">R\u00f6ster<\/th>\n<th style=\"border: 1px #aaa solid;padding: 0.3em\" colspan=\"2\">Mandatf\u00f6rdelning<\/th>\n<\/tr>\n<tr style=\"background-color: #e9e9e9;border: 1px #aaa solid;padding: 0.3em\">\n<th style=\"border: 1px #aaa solid;padding: 0.3em\">Antal<\/th>\n<th style=\"border: 1px #aaa solid;padding: 0.3em\">%<\/th>\n<th style=\"text-align: center;border: 1px #aaa solid;padding: 0.3em\">+- %<\/th>\n<th style=\"text-align: center;border: 1px #aaa solid;padding: 0.3em\">Antal<\/th>\n<th style=\"text-align: center;border: 1px #aaa solid;padding: 0.3em\">+-<\/th>\n<\/tr>\n<tr>\n<td style=\"background-color: #ed1b34;border: 1px #aaa solid;padding: 0.3em\" width=\"10\"><\/td>\n<td style=\"border: 1px #aaa solid;padding: 0.3em\">Socialdemokraterna<\/td>\n<td style=\"text-align: right;border: 1px #aaa solid;padding: 0.3em\">68 601<\/td>\n<td style=\"text-align: right;border: 1px #aaa solid;padding: 0.3em\">46,1<\/td>\n<td style=\"text-align: right;border: 1px #aaa solid;padding: 0.3em\">+3,1<\/td>\n<td style=\"text-align: center\">37<\/td>\n<td style=\"text-align: center;border: 1px #aaa solid;padding: 0.3em\">+3<\/td>\n<\/tr>\n<tr>\n<td style=\"background-color: #016a3a;border: 1px #aaa solid;padding: 0.3em\" width=\"10\"><\/td>\n<td style=\"border: 1px #aaa solid;padding: 0.3em\">Centerpartiet<\/td>\n<td style=\"text-align: right;border: 1px #aaa solid;padding: 0.3em\">14 506<\/td>\n<td style=\"text-align: right;border: 1px #aaa solid;padding: 0.3em\">9,7<\/td>\n<td style=\"text-align: right;border: 1px #aaa solid;padding: 0.3em\">+2,3<\/td>\n<td style=\"text-align: center;border: 1px #aaa solid;padding: 0.3em\">8<\/td>\n<td style=\"text-align: center;border: 1px #aaa solid;padding: 0.3em\">+2<\/td>\n<\/tr>\n<tr>\n<td style=\"background-color: #0d9ddb;border: 1px #aaa solid;padding: 0.3em\" width=\"10\"><\/td>\n<td style=\"border: 1px #aaa solid;padding: 0.3em\">Moderaterna<\/td>\n<td style=\"text-align: right;border: 1px #aaa solid;padding: 0.3em\">13 965<\/td>\n<td style=\"text-align: right;border: 1px #aaa solid;padding: 0.3em\">9,4<\/td>\n<td style=\"text-align: right;border: 1px #aaa solid;padding: 0.3em\">-2,1<\/td>\n<td style=\"text-align: center;border: 1px #aaa solid;padding: 0.3em\">7<\/td>\n<td style=\"text-align: center;border: 1px #aaa solid;padding: 0.3em\">-2<\/td>\n<\/tr>\n<tr>\n<td style=\"background-color: #ed1c24;border: 1px #aaa solid;padding: 0.3em\" width=\"10\"><\/td>\n<td style=\"border: 1px #aaa solid;padding: 0.3em\">V\u00e4nsterpartiet<\/td>\n<td style=\"text-align: right;border: 1px #aaa solid;padding: 0.3em\">13 352<\/td>\n<td style=\"text-align: right;border: 1px #aaa solid;padding: 0.3em\">8,9<\/td>\n<td style=\"text-align: right;border: 1px #aaa solid;padding: 0.3em\">-3,1<\/td>\n<td style=\"text-align: center;border: 1px #aaa solid;padding: 0.3em\">7<\/td>\n<td style=\"text-align: center;border: 1px #aaa solid;padding: 0.3em\">-2<\/td>\n<\/tr>\n<tr>\n<td style=\"background-color: #006ab3;border: 1px #aaa solid;padding: 0.3em\" width=\"10\"><\/td>\n<td style=\"border: 1px #aaa solid;padding: 0.3em\">Folkpartiet Liberalerna<\/td>\n<td style=\"text-align: right;border: 1px #aaa solid;padding: 0.3em\">11 166<\/td>\n<td style=\"text-align: right;border: 1px #aaa solid;padding: 0.3em\">7,5<\/td>\n<td style=\"text-align: right;border: 1px #aaa solid;padding: 0.3em\">+3,5<\/td>\n<td style=\"text-align: center;border: 1px #aaa solid;padding: 0.3em\">6<\/td>\n<td style=\"text-align: center;border: 1px #aaa solid;padding: 0.3em\">+3<\/td>\n<\/tr>\n<tr>\n<td style=\"background-color: #005ea1;border: 1px #aaa solid;padding: 0.3em\" width=\"10\"><\/td>\n<td style=\"border: 1px #aaa solid;padding: 0.3em\">Kristdemokraterna<\/td>\n<td style=\"text-align: right;border: 1px #aaa solid;padding: 0.3em\">9 893<\/td>\n<td style=\"text-align: right;border: 1px #aaa solid;padding: 0.3em\">6,6<\/td>\n<td style=\"text-align: right;border: 1px #aaa solid;padding: 0.3em\">-0,9<\/td>\n<td style=\"text-align: center;border: 1px #aaa solid;padding: 0.3em\">5<\/td>\n<td style=\"text-align: center;border: 1px #aaa solid;padding: 0.3em\">-1<\/td>\n<\/tr>\n<tr>\n<td style=\"background-color: #f26522;border: 1px #aaa solid;padding: 0.3em\" width=\"10\"><\/td>\n<td style=\"border: 1px #aaa solid;padding: 0.3em\">Sjukv\u00e5rdspartiet &#8211; V\u00e4sternorrland<\/td>\n<td style=\"text-align: right;border: 1px #aaa solid;padding: 0.3em\">9 836<\/td>\n<td style=\"text-align: right;border: 1px #aaa solid;padding: 0.3em\">6,6<\/td>\n<td style=\"text-align: right;border: 1px #aaa solid;padding: 0.3em\">-2,8<\/td>\n<td style=\"text-align: center;border: 1px #aaa solid;padding: 0.3em\">5<\/td>\n<td style=\"text-align: center;border: 1px #aaa solid;padding: 0.3em\">-2<\/td>\n<\/tr>\n<tr>\n<td style=\"background-color: #53a045;border: 1px #aaa solid;padding: 0.3em\" width=\"10\"><\/td>\n<td style=\"border: 1px #aaa solid;padding: 0.3em\">Milj\u00f6partiet de Gr\u00f6na<\/td>\n<td style=\"text-align: right;border: 1px #aaa solid;padding: 0.3em\">4 671<\/td>\n<td style=\"text-align: right;border: 1px #aaa solid;padding: 0.3em\">3,1<\/td>\n<td style=\"text-align: right;border: 1px #aaa solid;padding: 0.3em\">-0,6<\/td>\n<td style=\"text-align: center;border: 1px #aaa solid;padding: 0.3em\">2<\/td>\n<td style=\"text-align: center;border: 1px #aaa solid;padding: 0.3em\">-1<\/td>\n<\/tr>\n<tr>\n<td style=\"background-color: #f3d823\" width=\"10\"><\/td>\n<td style=\"border: 1px #aaa solid;padding: 0.3em\">SPI<\/td>\n<td style=\"text-align: right;border: 1px #aaa solid;padding: 0.3em\">973<\/td>\n<td style=\"text-align: right;border: 1px #aaa solid;padding: 0.3em\">0,6<\/td>\n<td style=\"text-align: right;border: 1px #aaa solid;padding: 0.3em\">+0,6<\/td>\n<td style=\"text-align: center;border: 1px #aaa solid;padding: 0.3em\">0<\/td>\n<td style=\"text-align: center;border: 1px #aaa solid;padding: 0.3em\">0<\/td>\n<\/tr>\n<tr>\n<td style=\"background-color: #f8da2e;border: 1px #aaa solid;padding: 0.3em\" width=\"10\"><\/td>\n<td style=\"border: 1px #aaa solid;padding: 0.3em\">Sverigedemokraterna<\/td>\n<td style=\"text-align: right;border: 1px #aaa solid;padding: 0.3em\">965<\/td>\n<td style=\"text-align: right;border: 1px #aaa solid;padding: 0.3em\">0,6<\/td>\n<td style=\"text-align: right;border: 1px #aaa solid;padding: 0.3em\"><\/td>\n<td style=\"text-align: center;border: 1px #aaa solid;padding: 0.3em\">0<\/td>\n<td style=\"text-align: center;border: 1px #aaa solid;padding: 0.3em\">0<\/td>\n<\/tr>\n<tr>\n<td style=\"background-color: #f26522;border: 1px #aaa solid;padding: 0.3em\" width=\"10\"><\/td>\n<td style=\"border: 1px #aaa solid;padding: 0.3em\">Norrlandspartiet<\/td>\n<td style=\"text-align: right;border: 1px #aaa solid;padding: 0.3em\">296<\/td>\n<td style=\"text-align: right;border: 1px #aaa solid;padding: 0.3em\">0,2<\/td>\n<td style=\"text-align: right;border: 1px #aaa solid;padding: 0.3em\"><\/td>\n<td style=\"text-align: center;border: 1px #aaa solid;padding: 0.3em\">0<\/td>\n<td style=\"text-align: center;border: 1px #aaa solid;padding: 0.3em\">0<\/td>\n<\/tr>\n<tr>\n<td style=\"background-color: #e2021b;border: 1px #aaa solid;padding: 0.3em\" width=\"10\"><\/td>\n<td style=\"border: 1px #aaa solid;padding: 0.3em\">R\u00e4ttvisepartiet Socialisterna<\/td>\n<td style=\"text-align: right;border: 1px #aaa solid;padding: 0.3em\">161<\/td>\n<td style=\"text-align: right;border: 1px #aaa solid;padding: 0.3em\">0,1<\/td>\n<td style=\"text-align: right;border: 1px #aaa solid;padding: 0.3em\"><\/td>\n<td style=\"text-align: center;border: 1px #aaa solid;padding: 0.3em\">0<\/td>\n<td style=\"text-align: center;border: 1px #aaa solid;padding: 0.3em\">0<\/td>\n<\/tr>\n<tr>\n<td style=\"border: 1px #aaa solid;padding: 0.3em\" colspan=\"2\">R\u00f6ster p\u00e5 partier som inte best\u00e4llde valsedlar<\/td>\n<td style=\"text-align: right;border: 1px #aaa solid;padding: 0.3em\">153<\/td>\n<td style=\"text-align: right;border: 1px #aaa solid;padding: 0.3em\">0,1<\/td>\n<td style=\"text-align: right;border: 1px #aaa solid;padding: 0.3em\"><\/td>\n<td style=\"text-align: center;border: 1px #aaa solid;padding: 0.3em\">0<\/td>\n<td style=\"text-align: center;border: 1px #aaa solid;padding: 0.3em\">0<\/td>\n<\/tr>\n<tr>\n<th style=\"background-color: #e9e9e9;text-align: left;border: 1px #aaa solid;padding: 0.3em\" colspan=\"2\">Antal giltiga r\u00f6ster<\/th>\n<td style=\"background-color: #e9e9e9;text-align: right;border: 1px #aaa solid;padding: 0.3em\">148 538<\/td>\n<td style=\"background-color: #e9e9e9;text-align: right;border: 1px #aaa solid;padding: 0.3em\">100,00<\/td>\n<td style=\"background-color: #e9e9e9;text-align: right;border: 1px #aaa solid;padding: 0.3em\">\u2014<\/td>\n<td style=\"background-color: #e9e9e9;text-align: center;border: 1px #aaa solid;padding: 0.3em\">77<\/td>\n<td style=\"background-color: #e9e9e9;text-align: center;border: 1px #aaa solid;padding: 0.3em\">\u2014<\/td>\n<\/tr>\n<tr>\n<td style=\"border: 1px #aaa solid;padding: 0.3em\" colspan=\"2\">Ogiltiga r\u00f6ster<\/td>\n<td style=\"text-align: right;border: 1px #aaa solid;padding: 0.3em\">2 701<\/td>\n<td style=\"text-align: right;border: 1px #aaa solid;padding: 0.3em\">1,8<\/td>\n<td style=\"text-align: right;border: 1px #aaa solid;padding: 0.3em\"><\/td>\n<\/tr>\n<tr>\n<th style=\"background-color: #e9e9e9;text-align: left;border: 1px #aaa solid;padding: 0.3em\" colspan=\"2\">Totalt antal som r\u00f6stade<\/th>\n<td style=\"background-color: #e9e9e9;text-align: right;border: 1px #aaa solid;padding: 0.3em\">151 239<\/td>\n<td style=\"background-color: #e9e9e9;text-align: right;border: 1px #aaa solid;padding: 0.3em\">77,8<\/td>\n<td style=\"background-color: #e9e9e9;text-align: right;border: 1px #aaa solid;padding: 0.3em\">-1,6<\/td>\n<\/tr>\n<tr>\n<th style=\"background-color: #e9e9e9;text-align: left;border: 1px #aaa solid;padding: 0.3em\" colspan=\"2\">Totalt antal r\u00f6stber\u00e4ttigade<\/th>\n<td style=\"background-color: #e9e9e9;text-align: right;border: 1px #aaa solid;padding: 0.3em\">194 330<\/td>\n<\/tr>\n<\/tbody>\n<\/table>\n","protected":false},"excerpt":{"rendered":"<p>Slutgiltiga valresultatet f\u00f6r valet till landstingsfullm\u00e4ktige i V\u00e4sternorrlands l\u00e4n 2002. Parti R\u00f6ster Mandatf\u00f6rdelning Antal % +- % Antal +- Socialdemokraterna 68 601 46,1 +3,1 37 +3 Centerpartiet 14 506 9,7 +2,3 8 +2 Moderaterna 13 965 9,4 -2,1 7 -2 V\u00e4nsterpartiet 13 352 8,9 -3,1 7 -2 Folkpartiet Liberalerna 11 166 7,5 +3,5 6 +3 <a class=\"read-more-link\" href=\"https:\/\/wp.kristdemokraterna.se\/vasternorrland\/tidigare-val\/valet-2002\/valresultat-2002-landstingsfullmaktige\/\">Read More<\/a><\/p>\n","protected":false},"author":787,"featured_media":0,"parent":220360,"menu_order":2002,"comment_status":"closed","ping_status":"closed","template":"","meta":{"_acf_changed":false,"footnotes":""},"class_list":["post-220358","page","type-page","status-publish","hentry"],"acf":[],"yoast_head":"<!-- This site is optimized with the Yoast SEO plugin v27.3 - https:\/\/yoast.com\/product\/yoast-seo-wordpress\/ -->\n<title>Valresultat 2002 Landstingsfullm\u00e4ktige | KD V\u00e4sternorrland<\/title>\n<meta name=\"robots\" content=\"index, follow, max-snippet:-1, max-image-preview:large, max-video-preview:-1\" \/>\n<link rel=\"canonical\" href=\"https:\/\/wp.kristdemokraterna.se\/vasternorrland\/tidigare-val\/valet-2002\/valresultat-2002-landstingsfullmaktige\/\" \/>\n<meta property=\"og:locale\" content=\"sv_SE\" \/>\n<meta property=\"og:type\" content=\"article\" \/>\n<meta property=\"og:title\" content=\"Valresultat 2002 Landstingsfullm\u00e4ktige | KD V\u00e4sternorrland\" \/>\n<meta property=\"og:description\" content=\"Slutgiltiga valresultatet f\u00f6r valet till landstingsfullm\u00e4ktige i V\u00e4sternorrlands l\u00e4n 2002. Parti R\u00f6ster Mandatf\u00f6rdelning Antal % +- % Antal +- Socialdemokraterna 68 601 46,1 +3,1 37 +3 Centerpartiet 14 506 9,7 +2,3 8 +2 Moderaterna 13 965 9,4 -2,1 7 -2 V\u00e4nsterpartiet 13 352 8,9 -3,1 7 -2 Folkpartiet Liberalerna 11 166 7,5 +3,5 6 +3 Read More\" \/>\n<meta property=\"og:url\" content=\"https:\/\/wp.kristdemokraterna.se\/vasternorrland\/tidigare-val\/valet-2002\/valresultat-2002-landstingsfullmaktige\/\" \/>\n<meta property=\"og:site_name\" content=\"KD V\u00e4sternorrland\" \/>\n<meta property=\"article:publisher\" content=\"https:\/\/www.facebook.com\/kdrvn\/\" \/>\n<meta property=\"article:modified_time\" content=\"2019-11-20T15:03:29+00:00\" \/>\n<meta name=\"twitter:card\" content=\"summary_large_image\" \/>\n<script type=\"application\/ld+json\" class=\"yoast-schema-graph\">{\"@context\":\"https:\\\/\\\/schema.org\",\"@graph\":[{\"@type\":\"WebPage\",\"@id\":\"https:\\\/\\\/wp.kristdemokraterna.se\\\/vasternorrland\\\/tidigare-val\\\/valet-2002\\\/valresultat-2002-landstingsfullmaktige\\\/\",\"url\":\"https:\\\/\\\/wp.kristdemokraterna.se\\\/vasternorrland\\\/tidigare-val\\\/valet-2002\\\/valresultat-2002-landstingsfullmaktige\\\/\",\"name\":\"Valresultat 2002 Landstingsfullm\u00e4ktige | KD V\u00e4sternorrland\",\"isPartOf\":{\"@id\":\"https:\\\/\\\/wp.kristdemokraterna.se\\\/vasternorrland\\\/#website\"},\"datePublished\":\"2002-09-25T10:43:59+00:00\",\"dateModified\":\"2019-11-20T15:03:29+00:00\",\"breadcrumb\":{\"@id\":\"https:\\\/\\\/wp.kristdemokraterna.se\\\/vasternorrland\\\/tidigare-val\\\/valet-2002\\\/valresultat-2002-landstingsfullmaktige\\\/#breadcrumb\"},\"inLanguage\":\"sv-SE\",\"potentialAction\":[{\"@type\":\"ReadAction\",\"target\":[\"https:\\\/\\\/wp.kristdemokraterna.se\\\/vasternorrland\\\/tidigare-val\\\/valet-2002\\\/valresultat-2002-landstingsfullmaktige\\\/\"]}]},{\"@type\":\"BreadcrumbList\",\"@id\":\"https:\\\/\\\/wp.kristdemokraterna.se\\\/vasternorrland\\\/tidigare-val\\\/valet-2002\\\/valresultat-2002-landstingsfullmaktige\\\/#breadcrumb\",\"itemListElement\":[{\"@type\":\"ListItem\",\"position\":1,\"name\":\"Hem\",\"item\":\"https:\\\/\\\/wp.kristdemokraterna.se\\\/vasternorrland\\\/\"},{\"@type\":\"ListItem\",\"position\":2,\"name\":\"Tidigare val\",\"item\":\"https:\\\/\\\/wp.kristdemokraterna.se\\\/vasternorrland\\\/tidigare-val\\\/\"},{\"@type\":\"ListItem\",\"position\":3,\"name\":\"Valet 2002\",\"item\":\"https:\\\/\\\/wp.kristdemokraterna.se\\\/vasternorrland\\\/tidigare-val\\\/valet-2002\\\/\"},{\"@type\":\"ListItem\",\"position\":4,\"name\":\"Valresultat 2002 Landstingsfullm\u00e4ktige\"}]},{\"@type\":\"WebSite\",\"@id\":\"https:\\\/\\\/wp.kristdemokraterna.se\\\/vasternorrland\\\/#website\",\"url\":\"https:\\\/\\\/wp.kristdemokraterna.se\\\/vasternorrland\\\/\",\"name\":\"KD V\u00e4sternorrland\",\"description\":\"V\u00e5rda v\u00e5rden - utveckla prim\u00e4rv\u00e5rden\",\"inLanguage\":\"sv-SE\"}]}<\/script>\n<!-- \/ Yoast SEO plugin. -->","yoast_head_json":{"title":"Valresultat 2002 Landstingsfullm\u00e4ktige | KD V\u00e4sternorrland","robots":{"index":"index","follow":"follow","max-snippet":"max-snippet:-1","max-image-preview":"max-image-preview:large","max-video-preview":"max-video-preview:-1"},"canonical":"https:\/\/wp.kristdemokraterna.se\/vasternorrland\/tidigare-val\/valet-2002\/valresultat-2002-landstingsfullmaktige\/","og_locale":"sv_SE","og_type":"article","og_title":"Valresultat 2002 Landstingsfullm\u00e4ktige | KD V\u00e4sternorrland","og_description":"Slutgiltiga valresultatet f\u00f6r valet till landstingsfullm\u00e4ktige i V\u00e4sternorrlands l\u00e4n 2002. Parti R\u00f6ster Mandatf\u00f6rdelning Antal % +- % Antal +- Socialdemokraterna 68 601 46,1 +3,1 37 +3 Centerpartiet 14 506 9,7 +2,3 8 +2 Moderaterna 13 965 9,4 -2,1 7 -2 V\u00e4nsterpartiet 13 352 8,9 -3,1 7 -2 Folkpartiet Liberalerna 11 166 7,5 +3,5 6 +3 Read More","og_url":"https:\/\/wp.kristdemokraterna.se\/vasternorrland\/tidigare-val\/valet-2002\/valresultat-2002-landstingsfullmaktige\/","og_site_name":"KD V\u00e4sternorrland","article_publisher":"https:\/\/www.facebook.com\/kdrvn\/","article_modified_time":"2019-11-20T15:03:29+00:00","twitter_card":"summary_large_image","schema":{"@context":"https:\/\/schema.org","@graph":[{"@type":"WebPage","@id":"https:\/\/wp.kristdemokraterna.se\/vasternorrland\/tidigare-val\/valet-2002\/valresultat-2002-landstingsfullmaktige\/","url":"https:\/\/wp.kristdemokraterna.se\/vasternorrland\/tidigare-val\/valet-2002\/valresultat-2002-landstingsfullmaktige\/","name":"Valresultat 2002 Landstingsfullm\u00e4ktige | KD V\u00e4sternorrland","isPartOf":{"@id":"https:\/\/wp.kristdemokraterna.se\/vasternorrland\/#website"},"datePublished":"2002-09-25T10:43:59+00:00","dateModified":"2019-11-20T15:03:29+00:00","breadcrumb":{"@id":"https:\/\/wp.kristdemokraterna.se\/vasternorrland\/tidigare-val\/valet-2002\/valresultat-2002-landstingsfullmaktige\/#breadcrumb"},"inLanguage":"sv-SE","potentialAction":[{"@type":"ReadAction","target":["https:\/\/wp.kristdemokraterna.se\/vasternorrland\/tidigare-val\/valet-2002\/valresultat-2002-landstingsfullmaktige\/"]}]},{"@type":"BreadcrumbList","@id":"https:\/\/wp.kristdemokraterna.se\/vasternorrland\/tidigare-val\/valet-2002\/valresultat-2002-landstingsfullmaktige\/#breadcrumb","itemListElement":[{"@type":"ListItem","position":1,"name":"Hem","item":"https:\/\/wp.kristdemokraterna.se\/vasternorrland\/"},{"@type":"ListItem","position":2,"name":"Tidigare val","item":"https:\/\/wp.kristdemokraterna.se\/vasternorrland\/tidigare-val\/"},{"@type":"ListItem","position":3,"name":"Valet 2002","item":"https:\/\/wp.kristdemokraterna.se\/vasternorrland\/tidigare-val\/valet-2002\/"},{"@type":"ListItem","position":4,"name":"Valresultat 2002 Landstingsfullm\u00e4ktige"}]},{"@type":"WebSite","@id":"https:\/\/wp.kristdemokraterna.se\/vasternorrland\/#website","url":"https:\/\/wp.kristdemokraterna.se\/vasternorrland\/","name":"KD V\u00e4sternorrland","description":"V\u00e5rda v\u00e5rden - utveckla prim\u00e4rv\u00e5rden","inLanguage":"sv-SE"}]}},"_links":{"self":[{"href":"https:\/\/wp.kristdemokraterna.se\/vasternorrland\/wp-json\/wp\/v2\/pages\/220358","targetHints":{"allow":["GET"]}}],"collection":[{"href":"https:\/\/wp.kristdemokraterna.se\/vasternorrland\/wp-json\/wp\/v2\/pages"}],"about":[{"href":"https:\/\/wp.kristdemokraterna.se\/vasternorrland\/wp-json\/wp\/v2\/types\/page"}],"author":[{"embeddable":true,"href":"https:\/\/wp.kristdemokraterna.se\/vasternorrland\/wp-json\/wp\/v2\/users\/787"}],"replies":[{"embeddable":true,"href":"https:\/\/wp.kristdemokraterna.se\/vasternorrland\/wp-json\/wp\/v2\/comments?post=220358"}],"version-history":[{"count":1,"href":"https:\/\/wp.kristdemokraterna.se\/vasternorrland\/wp-json\/wp\/v2\/pages\/220358\/revisions"}],"predecessor-version":[{"id":220359,"href":"https:\/\/wp.kristdemokraterna.se\/vasternorrland\/wp-json\/wp\/v2\/pages\/220358\/revisions\/220359"}],"up":[{"embeddable":true,"href":"https:\/\/wp.kristdemokraterna.se\/vasternorrland\/wp-json\/wp\/v2\/pages\/220360"}],"wp:attachment":[{"href":"https:\/\/wp.kristdemokraterna.se\/vasternorrland\/wp-json\/wp\/v2\/media?parent=220358"}],"curies":[{"name":"wp","href":"https:\/\/api.w.org\/{rel}","templated":true}]}}