{"id":225424,"date":"2019-10-08T11:16:33","date_gmt":"2019-10-08T09:16:33","guid":{"rendered":"http:\/\/wp.kristdemokraterna.se\/vasternorrland\/?page_id=225424"},"modified":"2022-03-31T15:49:41","modified_gmt":"2022-03-31T13:49:41","slug":"partiavdelningar","status":"publish","type":"page","link":"https:\/\/wp.kristdemokraterna.se\/vasternorrland\/foretradare\/partiavdelningar\/","title":{"rendered":"Partiavdelningar"},"content":{"rendered":"<h2>Kristdemokraterna i H\u00e4rn\u00f6sand<\/h2>\n<p><strong>Ordf\u00f6rande: <\/strong>Christina \u00d6grim<strong><br \/>\nGruppledare:<\/strong> Ingemar Wiklander<\/p>\n<p><strong>L\u00e4s mer p\u00e5:<\/strong> <a href=\"https:\/\/wp.kristdemokraterna.se\/harnosand\">http:\/\/wp.kristdemokraterna.se\/harnosand<\/a><\/p>\n<h2>Kristdemokraterna i Kramfors\/H\u00f6ga kusten<\/h2>\n<p><strong>Ordf\u00f6rande: <\/strong>Eije \u00d6hman<strong><br \/>\nGruppledare:<\/strong> Bo Grafstr\u00f6m<\/p>\n<p><strong>L\u00e4s mer p\u00e5:<\/strong> <a href=\"https:\/\/wp.kristdemokraterna.se\/kramfors\">wp.kristdemokraterna.se\/kramfors<\/a><\/p>\n<h2>Kristdemokraterna i Sollefte\u00e5 &#8211; Ramsele<\/h2>\n<p><strong>Ordf\u00f6rande:<\/strong> Ronnie Larsson<\/p>\n<p><strong>L\u00e4s mer p\u00e5:<\/strong> <a href=\"https:\/\/wp.kristdemokraterna.se\/solleftea-ramsele\">wp.kristdemokraterna.se\/solleftea-ramsele<\/a><\/p>\n<h2>Kristdemokraterna i Sundsvall<\/h2>\n<p><strong>Ordf\u00f6rande: <\/strong>Ronja Strid<strong><br \/>\nGruppledare:<\/strong> Liza-Maria Norlin<\/p>\n<p><strong>L\u00e4s mer p\u00e5: <\/strong><a href=\"https:\/\/www.kdsundsvall.se\">www.kdsundsvall.se<\/a><\/p>\n<h2>Kristdemokraterna i Timr\u00e5<\/h2>\n<p><strong>Ordf\u00f6rande:<\/strong> Henrik Sendelbach<br \/>\n<strong>Gruppledare:<\/strong> Sven-\u00c5ke Jacobsson<\/p>\n<p><strong>L\u00e4s mer p\u00e5:<\/strong> <a href=\"https:\/\/wp.kristdemokraterna.se\/timra\">wp.kristdemokraterna.se\/timra<\/a><\/p>\n<h2>Kristdemokraterna i \u00c5nge<\/h2>\n<p><strong>Ordf\u00f6rande och gruppledare:<\/strong> Kjell Grip<\/p>\n<p><strong>L\u00e4s mer p\u00e5:<\/strong> <a href=\"http:\/\/wp.kristdemokraterna.se\/ange\">wp.kristdemokraterna.se\/ange<\/a><\/p>\n<h2>Kristdemokraterna i \u00d6rnsk\u00f6ldsvik<\/h2>\n<p><strong>Ordf\u00f6rande: <\/strong>Ulf-\u00c5ke Oldenborg<br \/>\n<strong>Gruppledare: <\/strong>Lars Eidenvall<\/p>\n<p><strong>L\u00e4s mer p\u00e5:<\/strong> <a href=\"http:\/\/wp.kristdemokraterna.se\/ornskoldsvik\">wp.kristdemokraterna.se\/ornskoldsvik<\/a><\/p>\n","protected":false},"excerpt":{"rendered":"<p>Kristdemokraterna i H\u00e4rn\u00f6sand Ordf\u00f6rande: Christina \u00d6grim Gruppledare: Ingemar Wiklander L\u00e4s mer p\u00e5: http:\/\/wp.kristdemokraterna.se\/harnosand Kristdemokraterna i Kramfors\/H\u00f6ga kusten Ordf\u00f6rande: Eije \u00d6hman Gruppledare: Bo Grafstr\u00f6m L\u00e4s mer p\u00e5: wp.kristdemokraterna.se\/kramfors Kristdemokraterna i Sollefte\u00e5 &#8211; Ramsele Ordf\u00f6rande: Ronnie Larsson L\u00e4s mer p\u00e5: wp.kristdemokraterna.se\/solleftea-ramsele Kristdemokraterna i Sundsvall Ordf\u00f6rande: Ronja Strid Gruppledare: Liza-Maria Norlin L\u00e4s mer p\u00e5: www.kdsundsvall.se Kristdemokraterna i Timr\u00e5 <a class=\"read-more-link\" href=\"https:\/\/wp.kristdemokraterna.se\/vasternorrland\/foretradare\/partiavdelningar\/\">Read More<\/a><\/p>\n","protected":false},"author":861,"featured_media":0,"parent":128961,"menu_order":0,"comment_status":"closed","ping_status":"closed","template":"page-full.php","meta":{"_acf_changed":false,"footnotes":""},"class_list":["post-225424","page","type-page","status-publish","hentry"],"acf":[],"yoast_head":"<!-- This site is optimized with the Yoast SEO plugin v27.4 - https:\/\/yoast.com\/product\/yoast-seo-wordpress\/ -->\n<title>Partiavdelningar | KD V\u00e4sternorrland<\/title>\n<meta name=\"robots\" content=\"index, follow, max-snippet:-1, max-image-preview:large, max-video-preview:-1\" \/>\n<link rel=\"canonical\" href=\"https:\/\/wp.kristdemokraterna.se\/vasternorrland\/foretradare\/partiavdelningar\/\" \/>\n<meta property=\"og:locale\" content=\"sv_SE\" \/>\n<meta property=\"og:type\" content=\"article\" \/>\n<meta property=\"og:title\" content=\"Partiavdelningar | KD V\u00e4sternorrland\" \/>\n<meta property=\"og:description\" content=\"Kristdemokraterna i H\u00e4rn\u00f6sand Ordf\u00f6rande: Christina \u00d6grim Gruppledare: Ingemar Wiklander L\u00e4s mer p\u00e5: http:\/\/wp.kristdemokraterna.se\/harnosand Kristdemokraterna i Kramfors\/H\u00f6ga kusten Ordf\u00f6rande: Eije \u00d6hman Gruppledare: Bo Grafstr\u00f6m L\u00e4s mer p\u00e5: wp.kristdemokraterna.se\/kramfors Kristdemokraterna i Sollefte\u00e5 &#8211; Ramsele Ordf\u00f6rande: Ronnie Larsson L\u00e4s mer p\u00e5: wp.kristdemokraterna.se\/solleftea-ramsele Kristdemokraterna i Sundsvall Ordf\u00f6rande: Ronja Strid Gruppledare: Liza-Maria Norlin L\u00e4s mer p\u00e5: www.kdsundsvall.se Kristdemokraterna i Timr\u00e5 Read More\" \/>\n<meta property=\"og:url\" content=\"https:\/\/wp.kristdemokraterna.se\/vasternorrland\/foretradare\/partiavdelningar\/\" \/>\n<meta property=\"og:site_name\" content=\"KD V\u00e4sternorrland\" \/>\n<meta property=\"article:publisher\" content=\"https:\/\/www.facebook.com\/kdrvn\/\" \/>\n<meta property=\"article:modified_time\" content=\"2022-03-31T13:49:41+00:00\" \/>\n<meta name=\"twitter:card\" content=\"summary_large_image\" \/>\n<meta name=\"twitter:label1\" content=\"Ber\u00e4knad l\u00e4stid\" \/>\n\t<meta name=\"twitter:data1\" content=\"1 minut\" \/>\n<script type=\"application\/ld+json\" class=\"yoast-schema-graph\">{\"@context\":\"https:\\\/\\\/schema.org\",\"@graph\":[{\"@type\":\"WebPage\",\"@id\":\"https:\\\/\\\/wp.kristdemokraterna.se\\\/vasternorrland\\\/foretradare\\\/partiavdelningar\\\/\",\"url\":\"https:\\\/\\\/wp.kristdemokraterna.se\\\/vasternorrland\\\/foretradare\\\/partiavdelningar\\\/\",\"name\":\"Partiavdelningar | KD V\u00e4sternorrland\",\"isPartOf\":{\"@id\":\"https:\\\/\\\/wp.kristdemokraterna.se\\\/vasternorrland\\\/#website\"},\"datePublished\":\"2019-10-08T09:16:33+00:00\",\"dateModified\":\"2022-03-31T13:49:41+00:00\",\"breadcrumb\":{\"@id\":\"https:\\\/\\\/wp.kristdemokraterna.se\\\/vasternorrland\\\/foretradare\\\/partiavdelningar\\\/#breadcrumb\"},\"inLanguage\":\"sv-SE\",\"potentialAction\":[{\"@type\":\"ReadAction\",\"target\":[\"https:\\\/\\\/wp.kristdemokraterna.se\\\/vasternorrland\\\/foretradare\\\/partiavdelningar\\\/\"]}]},{\"@type\":\"BreadcrumbList\",\"@id\":\"https:\\\/\\\/wp.kristdemokraterna.se\\\/vasternorrland\\\/foretradare\\\/partiavdelningar\\\/#breadcrumb\",\"itemListElement\":[{\"@type\":\"ListItem\",\"position\":1,\"name\":\"Hem\",\"item\":\"https:\\\/\\\/wp.kristdemokraterna.se\\\/vasternorrland\\\/\"},{\"@type\":\"ListItem\",\"position\":2,\"name\":\"F\u00f6retr\u00e4dare\",\"item\":\"https:\\\/\\\/wp.kristdemokraterna.se\\\/vasternorrland\\\/foretradare\\\/\"},{\"@type\":\"ListItem\",\"position\":3,\"name\":\"Partiavdelningar\"}]},{\"@type\":\"WebSite\",\"@id\":\"https:\\\/\\\/wp.kristdemokraterna.se\\\/vasternorrland\\\/#website\",\"url\":\"https:\\\/\\\/wp.kristdemokraterna.se\\\/vasternorrland\\\/\",\"name\":\"KD V\u00e4sternorrland\",\"description\":\"V\u00e5rda v\u00e5rden - utveckla prim\u00e4rv\u00e5rden\",\"inLanguage\":\"sv-SE\"}]}<\/script>\n<!-- \/ Yoast SEO plugin. -->","yoast_head_json":{"title":"Partiavdelningar | KD V\u00e4sternorrland","robots":{"index":"index","follow":"follow","max-snippet":"max-snippet:-1","max-image-preview":"max-image-preview:large","max-video-preview":"max-video-preview:-1"},"canonical":"https:\/\/wp.kristdemokraterna.se\/vasternorrland\/foretradare\/partiavdelningar\/","og_locale":"sv_SE","og_type":"article","og_title":"Partiavdelningar | KD V\u00e4sternorrland","og_description":"Kristdemokraterna i H\u00e4rn\u00f6sand Ordf\u00f6rande: Christina \u00d6grim Gruppledare: Ingemar Wiklander L\u00e4s mer p\u00e5: http:\/\/wp.kristdemokraterna.se\/harnosand Kristdemokraterna i Kramfors\/H\u00f6ga kusten Ordf\u00f6rande: Eije \u00d6hman Gruppledare: Bo Grafstr\u00f6m L\u00e4s mer p\u00e5: wp.kristdemokraterna.se\/kramfors Kristdemokraterna i Sollefte\u00e5 &#8211; Ramsele Ordf\u00f6rande: Ronnie Larsson L\u00e4s mer p\u00e5: wp.kristdemokraterna.se\/solleftea-ramsele Kristdemokraterna i Sundsvall Ordf\u00f6rande: Ronja Strid Gruppledare: Liza-Maria Norlin L\u00e4s mer p\u00e5: www.kdsundsvall.se Kristdemokraterna i Timr\u00e5 Read More","og_url":"https:\/\/wp.kristdemokraterna.se\/vasternorrland\/foretradare\/partiavdelningar\/","og_site_name":"KD V\u00e4sternorrland","article_publisher":"https:\/\/www.facebook.com\/kdrvn\/","article_modified_time":"2022-03-31T13:49:41+00:00","twitter_card":"summary_large_image","twitter_misc":{"Ber\u00e4knad l\u00e4stid":"1 minut"},"schema":{"@context":"https:\/\/schema.org","@graph":[{"@type":"WebPage","@id":"https:\/\/wp.kristdemokraterna.se\/vasternorrland\/foretradare\/partiavdelningar\/","url":"https:\/\/wp.kristdemokraterna.se\/vasternorrland\/foretradare\/partiavdelningar\/","name":"Partiavdelningar | KD V\u00e4sternorrland","isPartOf":{"@id":"https:\/\/wp.kristdemokraterna.se\/vasternorrland\/#website"},"datePublished":"2019-10-08T09:16:33+00:00","dateModified":"2022-03-31T13:49:41+00:00","breadcrumb":{"@id":"https:\/\/wp.kristdemokraterna.se\/vasternorrland\/foretradare\/partiavdelningar\/#breadcrumb"},"inLanguage":"sv-SE","potentialAction":[{"@type":"ReadAction","target":["https:\/\/wp.kristdemokraterna.se\/vasternorrland\/foretradare\/partiavdelningar\/"]}]},{"@type":"BreadcrumbList","@id":"https:\/\/wp.kristdemokraterna.se\/vasternorrland\/foretradare\/partiavdelningar\/#breadcrumb","itemListElement":[{"@type":"ListItem","position":1,"name":"Hem","item":"https:\/\/wp.kristdemokraterna.se\/vasternorrland\/"},{"@type":"ListItem","position":2,"name":"F\u00f6retr\u00e4dare","item":"https:\/\/wp.kristdemokraterna.se\/vasternorrland\/foretradare\/"},{"@type":"ListItem","position":3,"name":"Partiavdelningar"}]},{"@type":"WebSite","@id":"https:\/\/wp.kristdemokraterna.se\/vasternorrland\/#website","url":"https:\/\/wp.kristdemokraterna.se\/vasternorrland\/","name":"KD V\u00e4sternorrland","description":"V\u00e5rda v\u00e5rden - utveckla prim\u00e4rv\u00e5rden","inLanguage":"sv-SE"}]}},"_links":{"self":[{"href":"https:\/\/wp.kristdemokraterna.se\/vasternorrland\/wp-json\/wp\/v2\/pages\/225424","targetHints":{"allow":["GET"]}}],"collection":[{"href":"https:\/\/wp.kristdemokraterna.se\/vasternorrland\/wp-json\/wp\/v2\/pages"}],"about":[{"href":"https:\/\/wp.kristdemokraterna.se\/vasternorrland\/wp-json\/wp\/v2\/types\/page"}],"author":[{"embeddable":true,"href":"https:\/\/wp.kristdemokraterna.se\/vasternorrland\/wp-json\/wp\/v2\/users\/861"}],"replies":[{"embeddable":true,"href":"https:\/\/wp.kristdemokraterna.se\/vasternorrland\/wp-json\/wp\/v2\/comments?post=225424"}],"version-history":[{"count":9,"href":"https:\/\/wp.kristdemokraterna.se\/vasternorrland\/wp-json\/wp\/v2\/pages\/225424\/revisions"}],"predecessor-version":[{"id":352261,"href":"https:\/\/wp.kristdemokraterna.se\/vasternorrland\/wp-json\/wp\/v2\/pages\/225424\/revisions\/352261"}],"up":[{"embeddable":true,"href":"https:\/\/wp.kristdemokraterna.se\/vasternorrland\/wp-json\/wp\/v2\/pages\/128961"}],"wp:attachment":[{"href":"https:\/\/wp.kristdemokraterna.se\/vasternorrland\/wp-json\/wp\/v2\/media?parent=225424"}],"curies":[{"name":"wp","href":"https:\/\/api.w.org\/{rel}","templated":true}]}}