{"id":233039,"date":"2019-11-07T21:26:17","date_gmt":"2019-11-07T20:26:17","guid":{"rendered":"http:\/\/wp.kristdemokraterna.se\/vasternorrland\/?page_id=233039"},"modified":"2019-11-07T21:27:49","modified_gmt":"2019-11-07T20:27:49","slug":"senaste-inlaggen","status":"publish","type":"page","link":"https:\/\/wp.kristdemokraterna.se\/vasternorrland\/var-politik\/senaste-inlaggen\/","title":{"rendered":"Senaste inl\u00e4ggen"},"content":{"rendered":"<p><strong>Senaste inl\u00e4ggen p\u00e5 Kristdemokraterna i V\u00e4sternorrland:<\/strong><br \/>\n<ul class = \"posts-by-tag-list\"><li class=\"posts-by-tag-item alla inl\u00e4gg bemanning Henrik Sendelbach hyrpersonal interpellation IVO l\u00e5ngsiktighet patients\u00e4kerhet personal trygghet v\u00e5rdplatser\" id=\"posts-by-tag-item-352530\"><a class = \"posts-by-tag-item-title\" href=\"https:\/\/wp.kristdemokraterna.se\/vasternorrland\/patientsakerheten-vid-sundsvalls-sjukhus\/\">Patients\u00e4kerheten vid Sundsvalls sjukhus<\/a> <small>Posted on: 28 januari 2025<\/small><\/li><li class=\"posts-by-tag-item 6:6a-anm\u00e4lan alla inl\u00e4gg arbetsmilj\u00f6 arbetsvillkor bemanning Daniel Ekdahl hyrpersonal l\u00f6nesatsning Mona Hammarstedt Ob-till\u00e4gg personal stabsl\u00e4ge Sundsvalls sjukhus\" id=\"posts-by-tag-item-352522\"><a class = \"posts-by-tag-item-title\" href=\"https:\/\/wp.kristdemokraterna.se\/vasternorrland\/svart-lage-pa-sundsvalls-sjukhus-en-vardkris-vi-maste-losa\/\">Svart l\u00e4ge p\u00e5 Sundsvalls sjukhus \u2013 en v\u00e5rdkris vi m\u00e5ste l\u00f6sa<\/a> <small>Posted on: 18 december 2024<\/small><\/li><li class=\"posts-by-tag-item alla inl\u00e4gg folkh\u00f6gskola fortbildning Henrik Sendelbach hyrpersonal kompetensf\u00f6rs\u00f6rjning Mittuniversitetet motion undersk\u00f6terska utbildning yrkesh\u00f6gskola\" id=\"posts-by-tag-item-352514\"><a class = \"posts-by-tag-item-title\" href=\"https:\/\/wp.kristdemokraterna.se\/vasternorrland\/forandra-utbildningsutbudet-for-att-sakra-kompetensforsorjningen-i-region-vasternorrland\/\">F\u00f6r\u00e4ndra utbildningsutbudet f\u00f6r att s\u00e4kra kompetensf\u00f6rs\u00f6rjningen i Region V\u00e4sternorrland<\/a> <small>Posted on: 19 juni 2024<\/small><\/li><li class=\"posts-by-tag-item alla inl\u00e4gg arbetsmilj\u00f6 bemanning interpellation Maria Borgehammar patients\u00e4kerhet personal ransoneringsverktyg\" id=\"posts-by-tag-item-352511\"><a class = \"posts-by-tag-item-title\" href=\"https:\/\/wp.kristdemokraterna.se\/vasternorrland\/en-efterfragad-belysning-av-region-vasternorrlands-ransoneringsverktyg\/\">En efterfr\u00e5gad belysning av Region V\u00e4sternorrlands Ransoneringsverktyg<\/a> <small>Posted on: 18 juni 2024<\/small><\/li><li class=\"posts-by-tag-item alla inl\u00e4gg kriminella upphandling v\u00e4lf\u00e4rdsbrott v\u00e4lf\u00e4rdsbrottslighet v\u00e5rdval\" id=\"posts-by-tag-item-352432\"><a class = \"posts-by-tag-item-title\" href=\"https:\/\/wp.kristdemokraterna.se\/vasternorrland\/hur-motverkar-regionen-valfardsbrottslighet\/\">Hur motverkar regionen v\u00e4lf\u00e4rdsbrottslighet<\/a> <small>Posted on: 30 oktober 2023<\/small><\/li><li class=\"posts-by-tag-item alla inl\u00e4gg barnmorska bemanning hyrpersonal Maria Borgehammar Ob-till\u00e4gg personal sjuksk\u00f6terska Sk\u00e5ne undersk\u00f6terska\" id=\"posts-by-tag-item-352458\"><a class = \"posts-by-tag-item-title\" href=\"https:\/\/wp.kristdemokraterna.se\/vasternorrland\/infor-stopp-for-hyrpersonal-i-region-vasternorrland\/\">Inf\u00f6r stopp f\u00f6r hyrpersonal i Region V\u00e4sternorrland<\/a> <small>Posted on: 26 september 2023<\/small><\/li><li class=\"posts-by-tag-item alla inl\u00e4gg Henrik Sendelbach interpellation onkologi operation\" id=\"posts-by-tag-item-352474\"><a class = \"posts-by-tag-item-title\" href=\"https:\/\/wp.kristdemokraterna.se\/vasternorrland\/interpellation-planerade-operationer-stalls-in-under-sommaren\/\">Interpellation: Planerade operationer st\u00e4lls in under sommaren<\/a> <small>Posted on: 27 juni 2023<\/small><\/li><li class=\"posts-by-tag-item \u00e4ldre alla inl\u00e4gg Daniel Ekdahl fr\u00e5ga smittskydd vaccination\" id=\"posts-by-tag-item-352422\"><a class = \"posts-by-tag-item-title\" href=\"https:\/\/wp.kristdemokraterna.se\/vasternorrland\/interpellation-forlossningen-bb-och-barnavdelningen-i-ornskoldsvik-stanger-i-atta-dagar\/\">Fr\u00e5ga: Status ang\u00e5ende gratis vaccin mot pneumokocker<\/a> <small>Posted on: 12 juni 2023<\/small><\/li><li class=\"posts-by-tag-item alla inl\u00e4gg hyrpersonal interpellation Mona Hammarstedt staf v\u00e5rdk\u00f6er\" id=\"posts-by-tag-item-352420\"><a class = \"posts-by-tag-item-title\" href=\"https:\/\/wp.kristdemokraterna.se\/vasternorrland\/interpellation-okad-stafettnota-jamte-produktion-och-vardkoer\/\">Interpellation: \u00d6kad stafettnota j\u00e4mte produktion och v\u00e5rdk\u00f6er<\/a> <small>Posted on: 30 maj 2023<\/small><\/li><li class=\"posts-by-tag-item Acko Ankarberg Johansson alla inl\u00e4gg ansvar cancer debattartikel D\u00e9sir\u00e9e Pethrus Ebba Busch etik och j\u00e4mlikhet f\u00f6rlossning H\u00e5kan Kero Hans-Inge Smetana Henrik Sendelbach IVO j\u00e4mlik v\u00e5rd kompetensf\u00f6rs\u00f6rjning kvinnosjukv\u00e5rd Lars-Erik Olofsson patientorganisationer specialistv\u00e5rd\" id=\"posts-by-tag-item-352418\"><a class = \"posts-by-tag-item-title\" href=\"https:\/\/wp.kristdemokraterna.se\/vasternorrland\/nu-tar-vi-forsta-steget-mot-ett-okat-statligt-ansvar-for-varden\/\">Nu tar vi f\u00f6rsta steget mot ett \u00f6kat statligt ansvar f\u00f6r v\u00e5rden<\/a> <small>Posted on: 13 april 2023<\/small><\/li><\/ul>F\u00f6r samtliga inl\u00e4gg, se <a href=\"http:\/\/wp.kristdemokraterna.se\/vasternorrland\/etiketter\/alla-inlagg\/\">h\u00e4r<\/a><\/p>\n","protected":false},"excerpt":{"rendered":"<p>Senaste inl\u00e4ggen p\u00e5 Kristdemokraterna i V\u00e4sternorrland: F\u00f6r samtliga inl\u00e4gg, se h\u00e4r<\/p>\n","protected":false},"author":861,"featured_media":0,"parent":119034,"menu_order":8,"comment_status":"closed","ping_status":"closed","template":"","meta":{"_acf_changed":false,"footnotes":""},"class_list":["post-233039","page","type-page","status-publish","hentry"],"acf":[],"yoast_head":"<!-- This site is optimized with the Yoast SEO plugin v27.3 - https:\/\/yoast.com\/product\/yoast-seo-wordpress\/ -->\n<title>Senaste inl\u00e4ggen | KD V\u00e4sternorrland<\/title>\n<meta name=\"robots\" content=\"index, follow, max-snippet:-1, max-image-preview:large, max-video-preview:-1\" \/>\n<link rel=\"canonical\" href=\"https:\/\/wp.kristdemokraterna.se\/vasternorrland\/var-politik\/senaste-inlaggen\/\" \/>\n<meta property=\"og:locale\" content=\"sv_SE\" \/>\n<meta property=\"og:type\" content=\"article\" \/>\n<meta property=\"og:title\" content=\"Senaste inl\u00e4ggen | KD V\u00e4sternorrland\" \/>\n<meta property=\"og:description\" content=\"Senaste inl\u00e4ggen p\u00e5 Kristdemokraterna i V\u00e4sternorrland: F\u00f6r samtliga inl\u00e4gg, se h\u00e4r\" \/>\n<meta property=\"og:url\" content=\"https:\/\/wp.kristdemokraterna.se\/vasternorrland\/var-politik\/senaste-inlaggen\/\" \/>\n<meta property=\"og:site_name\" content=\"KD V\u00e4sternorrland\" \/>\n<meta property=\"article:publisher\" content=\"https:\/\/www.facebook.com\/kdrvn\/\" \/>\n<meta property=\"article:modified_time\" content=\"2019-11-07T20:27:49+00:00\" \/>\n<meta name=\"twitter:card\" content=\"summary_large_image\" \/>\n<script type=\"application\/ld+json\" class=\"yoast-schema-graph\">{\"@context\":\"https:\\\/\\\/schema.org\",\"@graph\":[{\"@type\":\"WebPage\",\"@id\":\"https:\\\/\\\/wp.kristdemokraterna.se\\\/vasternorrland\\\/var-politik\\\/senaste-inlaggen\\\/\",\"url\":\"https:\\\/\\\/wp.kristdemokraterna.se\\\/vasternorrland\\\/var-politik\\\/senaste-inlaggen\\\/\",\"name\":\"Senaste inl\u00e4ggen | KD V\u00e4sternorrland\",\"isPartOf\":{\"@id\":\"https:\\\/\\\/wp.kristdemokraterna.se\\\/vasternorrland\\\/#website\"},\"datePublished\":\"2019-11-07T20:26:17+00:00\",\"dateModified\":\"2019-11-07T20:27:49+00:00\",\"breadcrumb\":{\"@id\":\"https:\\\/\\\/wp.kristdemokraterna.se\\\/vasternorrland\\\/var-politik\\\/senaste-inlaggen\\\/#breadcrumb\"},\"inLanguage\":\"sv-SE\",\"potentialAction\":[{\"@type\":\"ReadAction\",\"target\":[\"https:\\\/\\\/wp.kristdemokraterna.se\\\/vasternorrland\\\/var-politik\\\/senaste-inlaggen\\\/\"]}]},{\"@type\":\"BreadcrumbList\",\"@id\":\"https:\\\/\\\/wp.kristdemokraterna.se\\\/vasternorrland\\\/var-politik\\\/senaste-inlaggen\\\/#breadcrumb\",\"itemListElement\":[{\"@type\":\"ListItem\",\"position\":1,\"name\":\"Hem\",\"item\":\"https:\\\/\\\/wp.kristdemokraterna.se\\\/vasternorrland\\\/\"},{\"@type\":\"ListItem\",\"position\":2,\"name\":\"V\u00e5r politik\",\"item\":\"https:\\\/\\\/wp.kristdemokraterna.se\\\/vasternorrland\\\/var-politik\\\/\"},{\"@type\":\"ListItem\",\"position\":3,\"name\":\"Senaste inl\u00e4ggen\"}]},{\"@type\":\"WebSite\",\"@id\":\"https:\\\/\\\/wp.kristdemokraterna.se\\\/vasternorrland\\\/#website\",\"url\":\"https:\\\/\\\/wp.kristdemokraterna.se\\\/vasternorrland\\\/\",\"name\":\"KD V\u00e4sternorrland\",\"description\":\"V\u00e5rda v\u00e5rden - utveckla prim\u00e4rv\u00e5rden\",\"inLanguage\":\"sv-SE\"}]}<\/script>\n<!-- \/ Yoast SEO plugin. -->","yoast_head_json":{"title":"Senaste inl\u00e4ggen | KD V\u00e4sternorrland","robots":{"index":"index","follow":"follow","max-snippet":"max-snippet:-1","max-image-preview":"max-image-preview:large","max-video-preview":"max-video-preview:-1"},"canonical":"https:\/\/wp.kristdemokraterna.se\/vasternorrland\/var-politik\/senaste-inlaggen\/","og_locale":"sv_SE","og_type":"article","og_title":"Senaste inl\u00e4ggen | KD V\u00e4sternorrland","og_description":"Senaste inl\u00e4ggen p\u00e5 Kristdemokraterna i V\u00e4sternorrland: F\u00f6r samtliga inl\u00e4gg, se h\u00e4r","og_url":"https:\/\/wp.kristdemokraterna.se\/vasternorrland\/var-politik\/senaste-inlaggen\/","og_site_name":"KD V\u00e4sternorrland","article_publisher":"https:\/\/www.facebook.com\/kdrvn\/","article_modified_time":"2019-11-07T20:27:49+00:00","twitter_card":"summary_large_image","schema":{"@context":"https:\/\/schema.org","@graph":[{"@type":"WebPage","@id":"https:\/\/wp.kristdemokraterna.se\/vasternorrland\/var-politik\/senaste-inlaggen\/","url":"https:\/\/wp.kristdemokraterna.se\/vasternorrland\/var-politik\/senaste-inlaggen\/","name":"Senaste inl\u00e4ggen | KD V\u00e4sternorrland","isPartOf":{"@id":"https:\/\/wp.kristdemokraterna.se\/vasternorrland\/#website"},"datePublished":"2019-11-07T20:26:17+00:00","dateModified":"2019-11-07T20:27:49+00:00","breadcrumb":{"@id":"https:\/\/wp.kristdemokraterna.se\/vasternorrland\/var-politik\/senaste-inlaggen\/#breadcrumb"},"inLanguage":"sv-SE","potentialAction":[{"@type":"ReadAction","target":["https:\/\/wp.kristdemokraterna.se\/vasternorrland\/var-politik\/senaste-inlaggen\/"]}]},{"@type":"BreadcrumbList","@id":"https:\/\/wp.kristdemokraterna.se\/vasternorrland\/var-politik\/senaste-inlaggen\/#breadcrumb","itemListElement":[{"@type":"ListItem","position":1,"name":"Hem","item":"https:\/\/wp.kristdemokraterna.se\/vasternorrland\/"},{"@type":"ListItem","position":2,"name":"V\u00e5r politik","item":"https:\/\/wp.kristdemokraterna.se\/vasternorrland\/var-politik\/"},{"@type":"ListItem","position":3,"name":"Senaste inl\u00e4ggen"}]},{"@type":"WebSite","@id":"https:\/\/wp.kristdemokraterna.se\/vasternorrland\/#website","url":"https:\/\/wp.kristdemokraterna.se\/vasternorrland\/","name":"KD V\u00e4sternorrland","description":"V\u00e5rda v\u00e5rden - utveckla prim\u00e4rv\u00e5rden","inLanguage":"sv-SE"}]}},"_links":{"self":[{"href":"https:\/\/wp.kristdemokraterna.se\/vasternorrland\/wp-json\/wp\/v2\/pages\/233039","targetHints":{"allow":["GET"]}}],"collection":[{"href":"https:\/\/wp.kristdemokraterna.se\/vasternorrland\/wp-json\/wp\/v2\/pages"}],"about":[{"href":"https:\/\/wp.kristdemokraterna.se\/vasternorrland\/wp-json\/wp\/v2\/types\/page"}],"author":[{"embeddable":true,"href":"https:\/\/wp.kristdemokraterna.se\/vasternorrland\/wp-json\/wp\/v2\/users\/861"}],"replies":[{"embeddable":true,"href":"https:\/\/wp.kristdemokraterna.se\/vasternorrland\/wp-json\/wp\/v2\/comments?post=233039"}],"version-history":[{"count":1,"href":"https:\/\/wp.kristdemokraterna.se\/vasternorrland\/wp-json\/wp\/v2\/pages\/233039\/revisions"}],"predecessor-version":[{"id":233040,"href":"https:\/\/wp.kristdemokraterna.se\/vasternorrland\/wp-json\/wp\/v2\/pages\/233039\/revisions\/233040"}],"up":[{"embeddable":true,"href":"https:\/\/wp.kristdemokraterna.se\/vasternorrland\/wp-json\/wp\/v2\/pages\/119034"}],"wp:attachment":[{"href":"https:\/\/wp.kristdemokraterna.se\/vasternorrland\/wp-json\/wp\/v2\/media?parent=233039"}],"curies":[{"name":"wp","href":"https:\/\/api.w.org\/{rel}","templated":true}]}}