{"id":236435,"date":"2019-11-21T14:57:39","date_gmt":"2019-11-21T13:57:39","guid":{"rendered":"http:\/\/wp.kristdemokraterna.se\/vasternorrland\/?page_id=236435"},"modified":"2019-11-21T15:03:15","modified_gmt":"2019-11-21T14:03:15","slug":"valresultat-1991-landstingsfullmaktige","status":"publish","type":"page","link":"https:\/\/wp.kristdemokraterna.se\/vasternorrland\/tidigare-val\/valresultat-1991-landstingsfullmaktige\/","title":{"rendered":"Valresultat 1991 Landstingsfullm\u00e4ktige"},"content":{"rendered":"<p>Slutgiltiga valresultatet f\u00f6r valet till landstingsfullm\u00e4ktige i V\u00e4sternorrlands l\u00e4n 1991.<\/p>\n<table width=\"800px\">\n<tbody>\n<tr style=\"background-color: #e9e9e9\">\n<th style=\"border: 1px #aaa solid;padding: 0.3em\" colspan=\"2\" rowspan=\"2\">Parti<\/th>\n<th style=\"border: 1px #aaa solid;padding: 0.3em\" colspan=\"3\">R\u00f6ster<\/th>\n<th style=\"border: 1px #aaa solid;padding: 0.3em\" colspan=\"2\">Mandatf\u00f6rdelning<\/th>\n<\/tr>\n<tr style=\"background-color: #e9e9e9;border: 1px #aaa solid;padding: 0.3em\">\n<th style=\"border: 1px #aaa solid;padding: 0.3em\">Antal<a href=\"#1\"><sup>1<\/sup><\/a><\/th>\n<th style=\"border: 1px #aaa solid;padding: 0.3em\">%<\/th>\n<th style=\"text-align: center;border: 1px #aaa solid;padding: 0.3em\">+- %<\/th>\n<th style=\"text-align: center;border: 1px #aaa solid;padding: 0.3em\">Antal<a href=\"#2\"><sup>2<\/sup><\/a><\/th>\n<th style=\"text-align: center;border: 1px #aaa solid;padding: 0.3em\">+-<\/th>\n<\/tr>\n<tr>\n<td style=\"background-color: #ed1b34;border: 1px solid #aaaaaa;padding: 0.3em;text-align: center\" width=\"10\"><\/td>\n<td style=\"border: 1px #aaa solid;padding: 0.3em\">Socialdemokraterna<\/td>\n<td style=\"text-align: right;border: 1px #aaa solid;padding: 0.3em\">81 859<\/td>\n<td style=\"text-align: right;border: 1px #aaa solid;padding: 0.3em\">43,68<\/td>\n<td style=\"text-align: right;border: 1px #aaa solid;padding: 0.3em\">-3,66<\/td>\n<td style=\"text-align: center\">37<\/td>\n<td style=\"text-align: center;border: 1px #aaa solid;padding: 0.3em\">-3<\/td>\n<\/tr>\n<tr>\n<td style=\"background-color: #0d9ddb;border: 1px solid #aaaaaa;padding: 0.3em;text-align: center\" width=\"10\"><\/td>\n<td style=\"border: 1px #aaa solid;padding: 0.3em\">Moderata Samlingspartiet<\/td>\n<td style=\"text-align: right;border: 1px #aaa solid;padding: 0.3em\">23 706<\/td>\n<td style=\"text-align: right;border: 1px #aaa solid;padding: 0.3em\">12,65<\/td>\n<td style=\"text-align: right;border: 1px #aaa solid;padding: 0.3em\">+4,05<\/td>\n<td style=\"text-align: center;border: 1px #aaa solid;padding: 0.3em\">11<\/td>\n<td style=\"text-align: center;border: 1px #aaa solid;padding: 0.3em\">+4<\/td>\n<\/tr>\n<tr>\n<td style=\"background-color: #016a3a;border: 1px solid #aaaaaa;padding: 0.3em;text-align: center\" width=\"10\"><\/td>\n<td style=\"border: 1px #aaa solid;padding: 0.3em\">Centern<\/td>\n<td style=\"text-align: right;border: 1px #aaa solid;padding: 0.3em\">23 024<\/td>\n<td style=\"text-align: right;border: 1px #aaa solid;padding: 0.3em\">12,29<\/td>\n<td style=\"text-align: right;border: 1px #aaa solid;padding: 0.3em\">-2,28<\/td>\n<td style=\"text-align: center;border: 1px #aaa solid;padding: 0.3em\">11<\/td>\n<td style=\"text-align: center;border: 1px #aaa solid;padding: 0.3em\">-1<\/td>\n<\/tr>\n<tr>\n<td style=\"background-color: #006ab3;border: 1px solid #aaaaaa;padding: 0.3em;text-align: center\" width=\"10\"><\/td>\n<td style=\"border: 1px #aaa solid;padding: 0.3em\">Folkpartiet liberalerna<\/td>\n<td style=\"text-align: right;border: 1px #aaa solid;padding: 0.3em\">14 630<\/td>\n<td style=\"text-align: right;border: 1px #aaa solid;padding: 0.3em\">7,81<\/td>\n<td style=\"text-align: right;border: 1px #aaa solid;padding: 0.3em\">-0,39<\/td>\n<td style=\"text-align: center;border: 1px #aaa solid;padding: 0.3em\">7<\/td>\n<td style=\"text-align: center;border: 1px #aaa solid;padding: 0.3em\">of\u00f6r.<\/td>\n<\/tr>\n<tr>\n<td style=\"background-color: #005ea1;border: 1px #aaa solid;padding: 0.3em\" width=\"10\"><\/td>\n<td style=\"border: 1px #aaa solid;padding: 0.3em\">Kristdemokratiska Samh\u00e4llspartiet<\/td>\n<td style=\"text-align: right;border: 1px #aaa solid;padding: 0.3em\">12 028<\/td>\n<td style=\"text-align: right;border: 1px #aaa solid;padding: 0.3em\">6,42<\/td>\n<td style=\"text-align: right;border: 1px #aaa solid;padding: 0.3em\">+2,82<\/td>\n<td style=\"text-align: center;border: 1px #aaa solid;padding: 0.3em\">5<\/td>\n<td style=\"text-align: center;border: 1px #aaa solid;padding: 0.3em\">+2<\/td>\n<\/tr>\n<tr>\n<td style=\"background-color: #ed1c24;border: 1px #aaa solid;padding: 0.3em\" width=\"10\"><\/td>\n<td style=\"border: 1px #aaa solid;padding: 0.3em\">V\u00e4nsterpartiet<\/td>\n<td style=\"text-align: right;border: 1px #aaa solid;padding: 0.3em\">8 537<\/td>\n<td style=\"text-align: right;border: 1px #aaa solid;padding: 0.3em\">4,56<\/td>\n<td style=\"text-align: right;border: 1px #aaa solid;padding: 0.3em\">-0,21<\/td>\n<td style=\"text-align: center;border: 1px #aaa solid;padding: 0.3em\">4<\/td>\n<td style=\"text-align: center;border: 1px #aaa solid;padding: 0.3em\">of\u00f6r.<\/td>\n<\/tr>\n<tr>\n<td style=\"background-color: #53a045;border: 1px #aaa solid;padding: 0.3em\" width=\"10\"><\/td>\n<td style=\"border: 1px #aaa solid;padding: 0.3em\">Milj\u00f6partiet de Gr\u00f6na<\/td>\n<td style=\"text-align: right;border: 1px #aaa solid;padding: 0.3em\">5 303<\/td>\n<td style=\"text-align: right;border: 1px #aaa solid;padding: 0.3em\">2,83<\/td>\n<td style=\"text-align: right;border: 1px #aaa solid;padding: 0.3em\">-2,10<\/td>\n<td style=\"text-align: center;border: 1px #aaa solid;padding: 0.3em\">2<\/td>\n<td style=\"text-align: center;border: 1px #aaa solid;padding: 0.3em\">-2<\/td>\n<\/tr>\n<tr>\n<td style=\"background-color: #ffffff;border: 1px #aaa solid;padding: 0.3em\" width=\"10\"><\/td>\n<td style=\"border: 1px #aaa solid;padding: 0.3em\">\u00d6vriga<\/td>\n<td style=\"text-align: right;border: 1px #aaa solid;padding: 0.3em\">2 368<\/td>\n<td style=\"text-align: right;border: 1px #aaa solid;padding: 0.3em\">1,26<\/td>\n<td style=\"text-align: right;border: 1px #aaa solid;padding: 0.3em\">+0,72<\/td>\n<td style=\"text-align: center;border: 1px #aaa solid;padding: 0.3em\">0<\/td>\n<td style=\"text-align: center;border: 1px #aaa solid;padding: 0.3em\">of\u00f6r.<\/td>\n<\/tr>\n<tr>\n<th style=\"background-color: #e9e9e9;text-align: left;border: 1px #aaa solid;padding: 0.3em\" colspan=\"2\">Antal giltiga r\u00f6ster<\/th>\n<td style=\"background-color: #e9e9e9;text-align: right;border: 1px #aaa solid;padding: 0.3em\">171 455<\/td>\n<td style=\"background-color: #e9e9e9;text-align: right;border: 1px #aaa solid;padding: 0.3em\">100,00<\/td>\n<td style=\"background-color: #e9e9e9;text-align: right;border: 1px #aaa solid;padding: 0.3em\">\u2014<\/td>\n<td style=\"background-color: #e9e9e9;text-align: center;border: 1px #aaa solid;padding: 0.3em\">77<\/td>\n<td style=\"background-color: #e9e9e9;text-align: center;border: 1px #aaa solid;padding: 0.3em\">of\u00f6r.<\/td>\n<\/tr>\n<tr>\n<td style=\"border: 1px #aaa solid;padding: 0.3em\" colspan=\"2\">Ogiltiga r\u00f6ster<\/td>\n<td style=\"text-align: right;border: 1px #aaa solid;padding: 0.3em\">2 592<\/td>\n<td style=\"text-align: right;border: 1px #aaa solid;padding: 0.3em\">1,49<\/td>\n<td style=\"text-align: right;border: 1px #aaa solid;padding: 0.3em\">+0,39<\/td>\n<\/tr>\n<tr>\n<th style=\"background-color: #e9e9e9;text-align: left;border: 1px #aaa solid;padding: 0.3em\" colspan=\"2\">Totalt antal som r\u00f6stade<\/th>\n<td style=\"background-color: #e9e9e9;text-align: right;border: 1px #aaa solid;padding: 0.3em\">174 047<\/td>\n<td style=\"background-color: #e9e9e9;text-align: right;border: 1px #aaa solid;padding: 0.3em\">84,85<\/td>\n<td style=\"background-color: #e9e9e9;text-align: right;border: 1px #aaa solid;padding: 0.3em\">-0,82<\/td>\n<\/tr>\n<tr>\n<th style=\"background-color: #e9e9e9;text-align: left;border: 1px #aaa solid;padding: 0.3em\" colspan=\"2\">Totalt antal r\u00f6stber\u00e4ttigade<\/th>\n<td style=\"background-color: #e9e9e9;text-align: right;border: 1px #aaa solid;padding: 0.3em\">205 132<\/td>\n<\/tr>\n<\/tbody>\n<\/table>\n<p><a id=\"1\"><\/a><sup>1<\/sup> <a href=\"http:\/\/share.scb.se\/ov9993\/data\/historisk%20statistik\/\/SOS%201911-\/Valstatistiken\/Allm%C3%A4nna%20valen%20(SOS)%201970-1998\/Valstatistik-Allmanna-valen-1991-Del-2-Kommunala-valen.pdf\">Allm\u00e4nna valen 1991. Del 2. Kommunala valen den 15 september 1991.<\/a>, sid. 188. SCB, \u00d6rebro: SCB-Tryck, 1992. ISBN 91-618-0509-2, ISSN 0347-8092.<br \/>\n<a id=\"2\"><\/a><sup>2<\/sup> <a href=\"http:\/\/share.scb.se\/ov9993\/data\/historisk%20statistik\/\/SOS%201911-\/Valstatistiken\/Allm%C3%A4nna%20valen%20(SOS)%201970-1998\/Valstatistik-Allmanna-valen-1991-Del-2-Kommunala-valen.pdf\">Allm\u00e4nna valen 1991. Del 2. Kommunala valen den 15 september 1991.<\/a>, sid. 232. SCB, \u00d6rebro: SCB-Tryck, 1992. ISBN 91-618-0509-2, ISSN 0347-8092.<\/p>\n","protected":false},"excerpt":{"rendered":"<p>Slutgiltiga valresultatet f\u00f6r valet till landstingsfullm\u00e4ktige i V\u00e4sternorrlands l\u00e4n 1991. Parti R\u00f6ster Mandatf\u00f6rdelning Antal1 % +- % Antal2 +- Socialdemokraterna 81 859 43,68 -3,66 37 -3 Moderata Samlingspartiet 23 706 12,65 +4,05 11 +4 Centern 23 024 12,29 -2,28 11 -1 Folkpartiet liberalerna 14 630 7,81 -0,39 7 of\u00f6r. Kristdemokratiska Samh\u00e4llspartiet 12 028 6,42 +2,82 <a class=\"read-more-link\" href=\"https:\/\/wp.kristdemokraterna.se\/vasternorrland\/tidigare-val\/valresultat-1991-landstingsfullmaktige\/\">Read More<\/a><\/p>\n","protected":false},"author":861,"featured_media":0,"parent":136268,"menu_order":1,"comment_status":"closed","ping_status":"closed","template":"","meta":{"_acf_changed":false,"footnotes":""},"class_list":["post-236435","page","type-page","status-publish","hentry"],"acf":[],"yoast_head":"<!-- This site is optimized with the Yoast SEO plugin v27.4 - https:\/\/yoast.com\/product\/yoast-seo-wordpress\/ -->\n<title>Valresultat 1991 Landstingsfullm\u00e4ktige | KD V\u00e4sternorrland<\/title>\n<meta name=\"robots\" content=\"index, follow, max-snippet:-1, max-image-preview:large, max-video-preview:-1\" \/>\n<link rel=\"canonical\" href=\"https:\/\/wp.kristdemokraterna.se\/vasternorrland\/tidigare-val\/valresultat-1991-landstingsfullmaktige\/\" \/>\n<meta property=\"og:locale\" content=\"sv_SE\" \/>\n<meta property=\"og:type\" content=\"article\" \/>\n<meta property=\"og:title\" content=\"Valresultat 1991 Landstingsfullm\u00e4ktige | KD V\u00e4sternorrland\" \/>\n<meta property=\"og:description\" content=\"Slutgiltiga valresultatet f\u00f6r valet till landstingsfullm\u00e4ktige i V\u00e4sternorrlands l\u00e4n 1991. Parti R\u00f6ster Mandatf\u00f6rdelning Antal1 % +- % Antal2 +- Socialdemokraterna 81 859 43,68 -3,66 37 -3 Moderata Samlingspartiet 23 706 12,65 +4,05 11 +4 Centern 23 024 12,29 -2,28 11 -1 Folkpartiet liberalerna 14 630 7,81 -0,39 7 of\u00f6r. Kristdemokratiska Samh\u00e4llspartiet 12 028 6,42 +2,82 Read More\" \/>\n<meta property=\"og:url\" content=\"https:\/\/wp.kristdemokraterna.se\/vasternorrland\/tidigare-val\/valresultat-1991-landstingsfullmaktige\/\" \/>\n<meta property=\"og:site_name\" content=\"KD V\u00e4sternorrland\" \/>\n<meta property=\"article:publisher\" content=\"https:\/\/www.facebook.com\/kdrvn\/\" \/>\n<meta property=\"article:modified_time\" content=\"2019-11-21T14:03:15+00:00\" \/>\n<meta name=\"twitter:card\" content=\"summary_large_image\" \/>\n<meta name=\"twitter:label1\" content=\"Ber\u00e4knad l\u00e4stid\" \/>\n\t<meta name=\"twitter:data1\" content=\"1 minut\" \/>\n<script type=\"application\/ld+json\" class=\"yoast-schema-graph\">{\"@context\":\"https:\\\/\\\/schema.org\",\"@graph\":[{\"@type\":\"WebPage\",\"@id\":\"https:\\\/\\\/wp.kristdemokraterna.se\\\/vasternorrland\\\/tidigare-val\\\/valresultat-1991-landstingsfullmaktige\\\/\",\"url\":\"https:\\\/\\\/wp.kristdemokraterna.se\\\/vasternorrland\\\/tidigare-val\\\/valresultat-1991-landstingsfullmaktige\\\/\",\"name\":\"Valresultat 1991 Landstingsfullm\u00e4ktige | KD V\u00e4sternorrland\",\"isPartOf\":{\"@id\":\"https:\\\/\\\/wp.kristdemokraterna.se\\\/vasternorrland\\\/#website\"},\"datePublished\":\"2019-11-21T13:57:39+00:00\",\"dateModified\":\"2019-11-21T14:03:15+00:00\",\"breadcrumb\":{\"@id\":\"https:\\\/\\\/wp.kristdemokraterna.se\\\/vasternorrland\\\/tidigare-val\\\/valresultat-1991-landstingsfullmaktige\\\/#breadcrumb\"},\"inLanguage\":\"sv-SE\",\"potentialAction\":[{\"@type\":\"ReadAction\",\"target\":[\"https:\\\/\\\/wp.kristdemokraterna.se\\\/vasternorrland\\\/tidigare-val\\\/valresultat-1991-landstingsfullmaktige\\\/\"]}]},{\"@type\":\"BreadcrumbList\",\"@id\":\"https:\\\/\\\/wp.kristdemokraterna.se\\\/vasternorrland\\\/tidigare-val\\\/valresultat-1991-landstingsfullmaktige\\\/#breadcrumb\",\"itemListElement\":[{\"@type\":\"ListItem\",\"position\":1,\"name\":\"Hem\",\"item\":\"https:\\\/\\\/wp.kristdemokraterna.se\\\/vasternorrland\\\/\"},{\"@type\":\"ListItem\",\"position\":2,\"name\":\"Tidigare val\",\"item\":\"https:\\\/\\\/wp.kristdemokraterna.se\\\/vasternorrland\\\/tidigare-val\\\/\"},{\"@type\":\"ListItem\",\"position\":3,\"name\":\"Valresultat 1991 Landstingsfullm\u00e4ktige\"}]},{\"@type\":\"WebSite\",\"@id\":\"https:\\\/\\\/wp.kristdemokraterna.se\\\/vasternorrland\\\/#website\",\"url\":\"https:\\\/\\\/wp.kristdemokraterna.se\\\/vasternorrland\\\/\",\"name\":\"KD V\u00e4sternorrland\",\"description\":\"V\u00e5rda v\u00e5rden - utveckla prim\u00e4rv\u00e5rden\",\"inLanguage\":\"sv-SE\"}]}<\/script>\n<!-- \/ Yoast SEO plugin. -->","yoast_head_json":{"title":"Valresultat 1991 Landstingsfullm\u00e4ktige | KD V\u00e4sternorrland","robots":{"index":"index","follow":"follow","max-snippet":"max-snippet:-1","max-image-preview":"max-image-preview:large","max-video-preview":"max-video-preview:-1"},"canonical":"https:\/\/wp.kristdemokraterna.se\/vasternorrland\/tidigare-val\/valresultat-1991-landstingsfullmaktige\/","og_locale":"sv_SE","og_type":"article","og_title":"Valresultat 1991 Landstingsfullm\u00e4ktige | KD V\u00e4sternorrland","og_description":"Slutgiltiga valresultatet f\u00f6r valet till landstingsfullm\u00e4ktige i V\u00e4sternorrlands l\u00e4n 1991. Parti R\u00f6ster Mandatf\u00f6rdelning Antal1 % +- % Antal2 +- Socialdemokraterna 81 859 43,68 -3,66 37 -3 Moderata Samlingspartiet 23 706 12,65 +4,05 11 +4 Centern 23 024 12,29 -2,28 11 -1 Folkpartiet liberalerna 14 630 7,81 -0,39 7 of\u00f6r. Kristdemokratiska Samh\u00e4llspartiet 12 028 6,42 +2,82 Read More","og_url":"https:\/\/wp.kristdemokraterna.se\/vasternorrland\/tidigare-val\/valresultat-1991-landstingsfullmaktige\/","og_site_name":"KD V\u00e4sternorrland","article_publisher":"https:\/\/www.facebook.com\/kdrvn\/","article_modified_time":"2019-11-21T14:03:15+00:00","twitter_card":"summary_large_image","twitter_misc":{"Ber\u00e4knad l\u00e4stid":"1 minut"},"schema":{"@context":"https:\/\/schema.org","@graph":[{"@type":"WebPage","@id":"https:\/\/wp.kristdemokraterna.se\/vasternorrland\/tidigare-val\/valresultat-1991-landstingsfullmaktige\/","url":"https:\/\/wp.kristdemokraterna.se\/vasternorrland\/tidigare-val\/valresultat-1991-landstingsfullmaktige\/","name":"Valresultat 1991 Landstingsfullm\u00e4ktige | KD V\u00e4sternorrland","isPartOf":{"@id":"https:\/\/wp.kristdemokraterna.se\/vasternorrland\/#website"},"datePublished":"2019-11-21T13:57:39+00:00","dateModified":"2019-11-21T14:03:15+00:00","breadcrumb":{"@id":"https:\/\/wp.kristdemokraterna.se\/vasternorrland\/tidigare-val\/valresultat-1991-landstingsfullmaktige\/#breadcrumb"},"inLanguage":"sv-SE","potentialAction":[{"@type":"ReadAction","target":["https:\/\/wp.kristdemokraterna.se\/vasternorrland\/tidigare-val\/valresultat-1991-landstingsfullmaktige\/"]}]},{"@type":"BreadcrumbList","@id":"https:\/\/wp.kristdemokraterna.se\/vasternorrland\/tidigare-val\/valresultat-1991-landstingsfullmaktige\/#breadcrumb","itemListElement":[{"@type":"ListItem","position":1,"name":"Hem","item":"https:\/\/wp.kristdemokraterna.se\/vasternorrland\/"},{"@type":"ListItem","position":2,"name":"Tidigare val","item":"https:\/\/wp.kristdemokraterna.se\/vasternorrland\/tidigare-val\/"},{"@type":"ListItem","position":3,"name":"Valresultat 1991 Landstingsfullm\u00e4ktige"}]},{"@type":"WebSite","@id":"https:\/\/wp.kristdemokraterna.se\/vasternorrland\/#website","url":"https:\/\/wp.kristdemokraterna.se\/vasternorrland\/","name":"KD V\u00e4sternorrland","description":"V\u00e5rda v\u00e5rden - utveckla prim\u00e4rv\u00e5rden","inLanguage":"sv-SE"}]}},"_links":{"self":[{"href":"https:\/\/wp.kristdemokraterna.se\/vasternorrland\/wp-json\/wp\/v2\/pages\/236435","targetHints":{"allow":["GET"]}}],"collection":[{"href":"https:\/\/wp.kristdemokraterna.se\/vasternorrland\/wp-json\/wp\/v2\/pages"}],"about":[{"href":"https:\/\/wp.kristdemokraterna.se\/vasternorrland\/wp-json\/wp\/v2\/types\/page"}],"author":[{"embeddable":true,"href":"https:\/\/wp.kristdemokraterna.se\/vasternorrland\/wp-json\/wp\/v2\/users\/861"}],"replies":[{"embeddable":true,"href":"https:\/\/wp.kristdemokraterna.se\/vasternorrland\/wp-json\/wp\/v2\/comments?post=236435"}],"version-history":[{"count":3,"href":"https:\/\/wp.kristdemokraterna.se\/vasternorrland\/wp-json\/wp\/v2\/pages\/236435\/revisions"}],"predecessor-version":[{"id":236448,"href":"https:\/\/wp.kristdemokraterna.se\/vasternorrland\/wp-json\/wp\/v2\/pages\/236435\/revisions\/236448"}],"up":[{"embeddable":true,"href":"https:\/\/wp.kristdemokraterna.se\/vasternorrland\/wp-json\/wp\/v2\/pages\/136268"}],"wp:attachment":[{"href":"https:\/\/wp.kristdemokraterna.se\/vasternorrland\/wp-json\/wp\/v2\/media?parent=236435"}],"curies":[{"name":"wp","href":"https:\/\/api.w.org\/{rel}","templated":true}]}}