{"id":252619,"date":"2020-01-27T11:27:51","date_gmt":"2020-01-27T10:27:51","guid":{"rendered":"http:\/\/wp.kristdemokraterna.se\/vasternorrland\/?page_id=252619"},"modified":"2020-05-10T17:42:28","modified_gmt":"2020-05-10T15:42:28","slug":"infrastruktur","status":"publish","type":"page","link":"https:\/\/wp.kristdemokraterna.se\/vasternorrland\/var-politik\/politikomraden\/infrastruktur\/","title":{"rendered":"Infrastruktur"},"content":{"rendered":"<p><img decoding=\"async\" class=\"size-full wp-image-198421\" src=\"http:\/\/wp.kristdemokraterna.se\/vasternorrland\/files\/2020\/01\/infrastruktur-hogakustenbron.jpg\" alt=\"\" width=\"100%\" height=\"100%\" \/><\/p>\n<p>F\u00f6rvaltarskapsprincipen inneb\u00e4r ett ansvar f\u00f6r medm\u00e4nniskor och milj\u00f6, men ocks\u00e5 ett ansvar att utveckla och f\u00f6rvalta de tillg\u00e5ngar som vi har. F\u00f6r ett glest befolkat land som Sverige med stora naturtillg\u00e5ngar och en utvecklad handel \u00e4r v\u00e4l utbyggda kommunikationer av st\u00f6rsta vikt. Ett v\u00e4l fungerande system av v\u00e4gar, j\u00e4rnv\u00e4gar, flygf\u00f6rbindelser, sj\u00f6fart samt tillf\u00f6rlitliga elektroniska kommunikationer med h\u00f6g prestanda \u00e4r en f\u00f6ruts\u00e4ttning f\u00f6r regional balans, ekonomisk utveckling och m\u00e4nsklig kontakt.<\/p>\n<p>Det offentliga samh\u00e4llet har ansvar f\u00f6r trafiksystemens utveckling och dess infrastruktur. Sj\u00e4lva trafiken b\u00f6r bedrivas i konkurrens. Staten har ansvar f\u00f6r att investeringsniv\u00e5n i kommunikationssystemens infrastruktur s\u00e5som v\u00e4gar, j\u00e4rnv\u00e4gar och elektroniska kommunikationskanaler h\u00e5lls p\u00e5 en l\u00e5ngsiktigt h\u00f6g niv\u00e5 s\u00e5 att ekonomisk utveckling och regional balans fr\u00e4mjas, bland annat genom att skapa f\u00f6ruts\u00e4ttningar f\u00f6r ett \u00f6kat bostadsbyggande och utvidgade arbetsmarknadsregioner. Ekonomiska och legala styrmedel ska utformas s\u00e5 att de samh\u00e4llsekonomiskt och milj\u00f6m\u00e4ssigt mest effektiva kommunikationssystemen stimuleras.<\/p>\n<p>\/Ur Kristdemokraternas principprogram &#8211; 5.3 Kommunikationer ss. 122-123.<\/p>\n<p><strong>Senaste inl\u00e4ggen om infrastruktur:<\/strong><br \/>\n<ul class = \"posts-by-tag-list\"><li class=\"posts-by-tag-item \u00c5dalsbanan alla inl\u00e4gg arbetsmilj\u00f6 arbetsvillkor bemanning Covid-19 folkh\u00e4lsa hyrpersonal infrastruktur Joachim Jonsson kompetensf\u00f6rs\u00f6rjning ledning\/styrning Mittbanan Mona Hammarstedt Oskustbanan personal prim\u00e4rv\u00e5rd regional utveckling rekrytering v\u00e5rdk\u00f6er\" id=\"posts-by-tag-item-276187\"><a class = \"posts-by-tag-item-title\" href=\"https:\/\/wp.kristdemokraterna.se\/vasternorrland\/det-saknas-politiskt-ledarskap-i-regionen\/\">Det saknas politiskt ledarskap i Regionen<\/a> <small>Posted on: 2 maj 2020<\/small><\/li><li class=\"posts-by-tag-item alla inl\u00e4gg debattartikel enskild v\u00e4g Gunl\u00f6g Jacobsson infrastruktur landsbygd Trafikverket\" id=\"posts-by-tag-item-252597\"><a class = \"posts-by-tag-item-title\" href=\"https:\/\/wp.kristdemokraterna.se\/vasternorrland\/varna-de-enskilda-vagarna\/\">V\u00e4rna de enskilda v\u00e4garna<\/a> <small>Posted on: 15 november 2019<\/small><\/li><li class=\"posts-by-tag-item \u00e4ldre \u00e4ldreboende \u00e4ldreboendebristen alla inl\u00e4gg ansvar barn och unga bist\u00e5nd budget cancer ekonomi elcykel familj f\u00f6rskola f\u00f6rsvar f\u00f6rvaltarskap fritidspeng Henrik Sendelbach infrastruktur ins\u00e4ndare klimatbist\u00e5nd k\u00f6miljard kulturskola landsbygd medm\u00e4nsklighet milj\u00f6 och energi polis psykiatri skatter solidaritet specialistv\u00e5rd statsbidrag suicidprevention trygghet v\u00e4lf\u00e4rdsl\u00f6ftet\" id=\"posts-by-tag-item-153969\"><a class = \"posts-by-tag-item-title\" href=\"https:\/\/wp.kristdemokraterna.se\/vasternorrland\/valfardssveket-ersatts-med-valfardsloftet\/\">M och KD:s budget infriar v\u00e4lf\u00e4rdsl\u00f6ftet<\/a> <small>Posted on: 20 december 2018<\/small><\/li><li class=\"posts-by-tag-item alla inl\u00e4gg barn och unga barnomsorg barnomsorgspeng BUP dubbelsp\u00e5r f\u00f6r\u00e4ldraf\u00f6rs\u00e4kring infrastruktur Ostkustbanan pension\u00e4rsskatten specialistv\u00e5rd v\u00e4lf\u00e4rdsl\u00f6ftet\" id=\"posts-by-tag-item-120598\"><a class = \"posts-by-tag-item-title\" href=\"https:\/\/wp.kristdemokraterna.se\/vasternorrland\/du-ska-kunna-lita-pa-sverige\/\">Du ska kunna lita p\u00e5 Sverige<\/a> <small>Posted on: 1 augusti 2018<\/small><\/li><li class=\"posts-by-tag-item alla inl\u00e4gg biobr\u00e4nsle infrastruktur koldioxid milj\u00f6 och energi Milj\u00f6partiet r\u00e4lsunderh\u00e5ll v\u00e4gunderh\u00e5ll\" id=\"posts-by-tag-item-295629\"><a class = \"posts-by-tag-item-title\" href=\"https:\/\/wp.kristdemokraterna.se\/vasternorrland\/tanka-bilen-med-allt-fran-biogas-etanol-till-el\/\">Tanka bilen med allt fr\u00e5n biogas, etanol till el<\/a> <small>Posted on: 14 april 2010<\/small><\/li><li class=\"posts-by-tag-item alla inl\u00e4gg flygplats infrastruktur Lars Lind\u00e9n Midlanda Sundsvall Timr\u00e5 Airport\" id=\"posts-by-tag-item-294975\"><a class = \"posts-by-tag-item-title\" href=\"https:\/\/wp.kristdemokraterna.se\/vasternorrland\/midlanda-behovs-som-nationellt-strategisk-flygplats\/\">Midlanda beh\u00f6vs som nationellt strategisk flygplats<\/a> <small>Posted on: 6 november 2008<\/small><\/li><li class=\"posts-by-tag-item alla inl\u00e4gg E4 infrastruktur Lars Lind\u00e9n Mats Odell Sundsvall\" id=\"posts-by-tag-item-343756\"><a class = \"posts-by-tag-item-title\" href=\"https:\/\/wp.kristdemokraterna.se\/vasternorrland\/nu-maste-nya-e4-sundsvall-bli-av\/\">Nu m\u00e5ste nya E4 Sundsvall bli av<\/a> <small>Posted on: 8 september 2008<\/small><\/li><li class=\"posts-by-tag-item alla inl\u00e4gg bredband budget enskild v\u00e4g infrastruktur j\u00e4rnv\u00e4g jobb klimatmiljard Lars Lind\u00e9n n\u00e4ringsliv\/arbete nystartsjobb tillv\u00e4xt v\u00e4gunderh\u00e5ll\" id=\"posts-by-tag-item-344020\"><a class = \"posts-by-tag-item-title\" href=\"https:\/\/wp.kristdemokraterna.se\/vasternorrland\/rekordstark-ekonomi-foljs-av-nya-reformer\/\">Rekordstark ekonomi f\u00f6ljs av nya reformer<\/a> <small>Posted on: 27 september 2007<\/small><\/li><\/ul>F\u00f6r samtliga inl\u00e4gg om infrastruktur, se <a href=\"http:\/\/wp.kristdemokraterna.se\/vasternorrland\/etiketter\/infrastruktur\/\">h\u00e4r<\/a><\/p>\n<hr \/>\n<p><em>Bilden \u00f6verst av pixel2013 fr\u00e5n Pixabay.<\/em><\/p>\n","protected":false},"excerpt":{"rendered":"<p>F\u00f6rvaltarskapsprincipen inneb\u00e4r ett ansvar f\u00f6r medm\u00e4nniskor och milj\u00f6, men ocks\u00e5 ett ansvar att utveckla och f\u00f6rvalta de tillg\u00e5ngar som vi har. F\u00f6r ett glest befolkat land som Sverige med stora naturtillg\u00e5ngar och en utvecklad handel \u00e4r v\u00e4l utbyggda kommunikationer av st\u00f6rsta vikt. Ett v\u00e4l fungerande system av v\u00e4gar, j\u00e4rnv\u00e4gar, flygf\u00f6rbindelser, sj\u00f6fart samt tillf\u00f6rlitliga elektroniska kommunikationer <a class=\"read-more-link\" href=\"https:\/\/wp.kristdemokraterna.se\/vasternorrland\/var-politik\/politikomraden\/infrastruktur\/\">Read More<\/a><\/p>\n","protected":false},"author":861,"featured_media":0,"parent":179725,"menu_order":5,"comment_status":"closed","ping_status":"closed","template":"","meta":{"_acf_changed":false,"footnotes":""},"class_list":["post-252619","page","type-page","status-publish","hentry"],"acf":[],"yoast_head":"<!-- This site is optimized with the Yoast SEO plugin v27.4 - https:\/\/yoast.com\/product\/yoast-seo-wordpress\/ -->\n<title>Infrastruktur | KD V\u00e4sternorrland<\/title>\n<meta name=\"robots\" content=\"index, follow, max-snippet:-1, max-image-preview:large, max-video-preview:-1\" \/>\n<link rel=\"canonical\" href=\"https:\/\/wp.kristdemokraterna.se\/vasternorrland\/var-politik\/politikomraden\/infrastruktur\/\" \/>\n<meta property=\"og:locale\" content=\"sv_SE\" \/>\n<meta property=\"og:type\" content=\"article\" \/>\n<meta property=\"og:title\" content=\"Infrastruktur | KD V\u00e4sternorrland\" \/>\n<meta property=\"og:description\" content=\"F\u00f6rvaltarskapsprincipen inneb\u00e4r ett ansvar f\u00f6r medm\u00e4nniskor och milj\u00f6, men ocks\u00e5 ett ansvar att utveckla och f\u00f6rvalta de tillg\u00e5ngar som vi har. F\u00f6r ett glest befolkat land som Sverige med stora naturtillg\u00e5ngar och en utvecklad handel \u00e4r v\u00e4l utbyggda kommunikationer av st\u00f6rsta vikt. Ett v\u00e4l fungerande system av v\u00e4gar, j\u00e4rnv\u00e4gar, flygf\u00f6rbindelser, sj\u00f6fart samt tillf\u00f6rlitliga elektroniska kommunikationer Read More\" \/>\n<meta property=\"og:url\" content=\"https:\/\/wp.kristdemokraterna.se\/vasternorrland\/var-politik\/politikomraden\/infrastruktur\/\" \/>\n<meta property=\"og:site_name\" content=\"KD V\u00e4sternorrland\" \/>\n<meta property=\"article:publisher\" content=\"https:\/\/www.facebook.com\/kdrvn\/\" \/>\n<meta property=\"article:modified_time\" content=\"2020-05-10T15:42:28+00:00\" \/>\n<meta property=\"og:image\" content=\"http:\/\/wp.kristdemokraterna.se\/vasternorrland\/files\/2020\/01\/infrastruktur-hogakustenbron.jpg\" \/>\n<meta name=\"twitter:card\" content=\"summary_large_image\" \/>\n<meta name=\"twitter:label1\" content=\"Ber\u00e4knad l\u00e4stid\" \/>\n\t<meta name=\"twitter:data1\" content=\"1 minut\" \/>\n<script type=\"application\/ld+json\" class=\"yoast-schema-graph\">{\"@context\":\"https:\\\/\\\/schema.org\",\"@graph\":[{\"@type\":\"WebPage\",\"@id\":\"https:\\\/\\\/wp.kristdemokraterna.se\\\/vasternorrland\\\/var-politik\\\/politikomraden\\\/infrastruktur\\\/\",\"url\":\"https:\\\/\\\/wp.kristdemokraterna.se\\\/vasternorrland\\\/var-politik\\\/politikomraden\\\/infrastruktur\\\/\",\"name\":\"Infrastruktur | KD V\u00e4sternorrland\",\"isPartOf\":{\"@id\":\"https:\\\/\\\/wp.kristdemokraterna.se\\\/vasternorrland\\\/#website\"},\"primaryImageOfPage\":{\"@id\":\"https:\\\/\\\/wp.kristdemokraterna.se\\\/vasternorrland\\\/var-politik\\\/politikomraden\\\/infrastruktur\\\/#primaryimage\"},\"image\":{\"@id\":\"https:\\\/\\\/wp.kristdemokraterna.se\\\/vasternorrland\\\/var-politik\\\/politikomraden\\\/infrastruktur\\\/#primaryimage\"},\"thumbnailUrl\":\"http:\\\/\\\/wp.kristdemokraterna.se\\\/vasternorrland\\\/files\\\/2020\\\/01\\\/infrastruktur-hogakustenbron.jpg\",\"datePublished\":\"2020-01-27T10:27:51+00:00\",\"dateModified\":\"2020-05-10T15:42:28+00:00\",\"breadcrumb\":{\"@id\":\"https:\\\/\\\/wp.kristdemokraterna.se\\\/vasternorrland\\\/var-politik\\\/politikomraden\\\/infrastruktur\\\/#breadcrumb\"},\"inLanguage\":\"sv-SE\",\"potentialAction\":[{\"@type\":\"ReadAction\",\"target\":[\"https:\\\/\\\/wp.kristdemokraterna.se\\\/vasternorrland\\\/var-politik\\\/politikomraden\\\/infrastruktur\\\/\"]}]},{\"@type\":\"ImageObject\",\"inLanguage\":\"sv-SE\",\"@id\":\"https:\\\/\\\/wp.kristdemokraterna.se\\\/vasternorrland\\\/var-politik\\\/politikomraden\\\/infrastruktur\\\/#primaryimage\",\"url\":\"https:\\\/\\\/wp.kristdemokraterna.se\\\/vasternorrland\\\/files\\\/2020\\\/01\\\/infrastruktur-hogakustenbron.jpg\",\"contentUrl\":\"https:\\\/\\\/wp.kristdemokraterna.se\\\/vasternorrland\\\/files\\\/2020\\\/01\\\/infrastruktur-hogakustenbron.jpg\",\"width\":1920,\"height\":1080,\"caption\":\"Bilden \u00f6verst: H\u00f6gakustenbron. Foto av Henrik Sendelbach (CC-BY-SA 4.0).\"},{\"@type\":\"BreadcrumbList\",\"@id\":\"https:\\\/\\\/wp.kristdemokraterna.se\\\/vasternorrland\\\/var-politik\\\/politikomraden\\\/infrastruktur\\\/#breadcrumb\",\"itemListElement\":[{\"@type\":\"ListItem\",\"position\":1,\"name\":\"Hem\",\"item\":\"https:\\\/\\\/wp.kristdemokraterna.se\\\/vasternorrland\\\/\"},{\"@type\":\"ListItem\",\"position\":2,\"name\":\"V\u00e5r politik\",\"item\":\"https:\\\/\\\/wp.kristdemokraterna.se\\\/vasternorrland\\\/var-politik\\\/\"},{\"@type\":\"ListItem\",\"position\":3,\"name\":\"Politikomr\u00e5den\",\"item\":\"https:\\\/\\\/wp.kristdemokraterna.se\\\/vasternorrland\\\/var-politik\\\/politikomraden\\\/\"},{\"@type\":\"ListItem\",\"position\":4,\"name\":\"Infrastruktur\"}]},{\"@type\":\"WebSite\",\"@id\":\"https:\\\/\\\/wp.kristdemokraterna.se\\\/vasternorrland\\\/#website\",\"url\":\"https:\\\/\\\/wp.kristdemokraterna.se\\\/vasternorrland\\\/\",\"name\":\"KD V\u00e4sternorrland\",\"description\":\"V\u00e5rda v\u00e5rden - utveckla prim\u00e4rv\u00e5rden\",\"inLanguage\":\"sv-SE\"}]}<\/script>\n<!-- \/ Yoast SEO plugin. -->","yoast_head_json":{"title":"Infrastruktur | KD V\u00e4sternorrland","robots":{"index":"index","follow":"follow","max-snippet":"max-snippet:-1","max-image-preview":"max-image-preview:large","max-video-preview":"max-video-preview:-1"},"canonical":"https:\/\/wp.kristdemokraterna.se\/vasternorrland\/var-politik\/politikomraden\/infrastruktur\/","og_locale":"sv_SE","og_type":"article","og_title":"Infrastruktur | KD V\u00e4sternorrland","og_description":"F\u00f6rvaltarskapsprincipen inneb\u00e4r ett ansvar f\u00f6r medm\u00e4nniskor och milj\u00f6, men ocks\u00e5 ett ansvar att utveckla och f\u00f6rvalta de tillg\u00e5ngar som vi har. F\u00f6r ett glest befolkat land som Sverige med stora naturtillg\u00e5ngar och en utvecklad handel \u00e4r v\u00e4l utbyggda kommunikationer av st\u00f6rsta vikt. Ett v\u00e4l fungerande system av v\u00e4gar, j\u00e4rnv\u00e4gar, flygf\u00f6rbindelser, sj\u00f6fart samt tillf\u00f6rlitliga elektroniska kommunikationer Read More","og_url":"https:\/\/wp.kristdemokraterna.se\/vasternorrland\/var-politik\/politikomraden\/infrastruktur\/","og_site_name":"KD V\u00e4sternorrland","article_publisher":"https:\/\/www.facebook.com\/kdrvn\/","article_modified_time":"2020-05-10T15:42:28+00:00","og_image":[{"url":"http:\/\/wp.kristdemokraterna.se\/vasternorrland\/files\/2020\/01\/infrastruktur-hogakustenbron.jpg","type":"","width":"","height":""}],"twitter_card":"summary_large_image","twitter_misc":{"Ber\u00e4knad l\u00e4stid":"1 minut"},"schema":{"@context":"https:\/\/schema.org","@graph":[{"@type":"WebPage","@id":"https:\/\/wp.kristdemokraterna.se\/vasternorrland\/var-politik\/politikomraden\/infrastruktur\/","url":"https:\/\/wp.kristdemokraterna.se\/vasternorrland\/var-politik\/politikomraden\/infrastruktur\/","name":"Infrastruktur | KD V\u00e4sternorrland","isPartOf":{"@id":"https:\/\/wp.kristdemokraterna.se\/vasternorrland\/#website"},"primaryImageOfPage":{"@id":"https:\/\/wp.kristdemokraterna.se\/vasternorrland\/var-politik\/politikomraden\/infrastruktur\/#primaryimage"},"image":{"@id":"https:\/\/wp.kristdemokraterna.se\/vasternorrland\/var-politik\/politikomraden\/infrastruktur\/#primaryimage"},"thumbnailUrl":"http:\/\/wp.kristdemokraterna.se\/vasternorrland\/files\/2020\/01\/infrastruktur-hogakustenbron.jpg","datePublished":"2020-01-27T10:27:51+00:00","dateModified":"2020-05-10T15:42:28+00:00","breadcrumb":{"@id":"https:\/\/wp.kristdemokraterna.se\/vasternorrland\/var-politik\/politikomraden\/infrastruktur\/#breadcrumb"},"inLanguage":"sv-SE","potentialAction":[{"@type":"ReadAction","target":["https:\/\/wp.kristdemokraterna.se\/vasternorrland\/var-politik\/politikomraden\/infrastruktur\/"]}]},{"@type":"ImageObject","inLanguage":"sv-SE","@id":"https:\/\/wp.kristdemokraterna.se\/vasternorrland\/var-politik\/politikomraden\/infrastruktur\/#primaryimage","url":"https:\/\/wp.kristdemokraterna.se\/vasternorrland\/files\/2020\/01\/infrastruktur-hogakustenbron.jpg","contentUrl":"https:\/\/wp.kristdemokraterna.se\/vasternorrland\/files\/2020\/01\/infrastruktur-hogakustenbron.jpg","width":1920,"height":1080,"caption":"Bilden \u00f6verst: H\u00f6gakustenbron. Foto av Henrik Sendelbach (CC-BY-SA 4.0)."},{"@type":"BreadcrumbList","@id":"https:\/\/wp.kristdemokraterna.se\/vasternorrland\/var-politik\/politikomraden\/infrastruktur\/#breadcrumb","itemListElement":[{"@type":"ListItem","position":1,"name":"Hem","item":"https:\/\/wp.kristdemokraterna.se\/vasternorrland\/"},{"@type":"ListItem","position":2,"name":"V\u00e5r politik","item":"https:\/\/wp.kristdemokraterna.se\/vasternorrland\/var-politik\/"},{"@type":"ListItem","position":3,"name":"Politikomr\u00e5den","item":"https:\/\/wp.kristdemokraterna.se\/vasternorrland\/var-politik\/politikomraden\/"},{"@type":"ListItem","position":4,"name":"Infrastruktur"}]},{"@type":"WebSite","@id":"https:\/\/wp.kristdemokraterna.se\/vasternorrland\/#website","url":"https:\/\/wp.kristdemokraterna.se\/vasternorrland\/","name":"KD V\u00e4sternorrland","description":"V\u00e5rda v\u00e5rden - utveckla prim\u00e4rv\u00e5rden","inLanguage":"sv-SE"}]}},"_links":{"self":[{"href":"https:\/\/wp.kristdemokraterna.se\/vasternorrland\/wp-json\/wp\/v2\/pages\/252619","targetHints":{"allow":["GET"]}}],"collection":[{"href":"https:\/\/wp.kristdemokraterna.se\/vasternorrland\/wp-json\/wp\/v2\/pages"}],"about":[{"href":"https:\/\/wp.kristdemokraterna.se\/vasternorrland\/wp-json\/wp\/v2\/types\/page"}],"author":[{"embeddable":true,"href":"https:\/\/wp.kristdemokraterna.se\/vasternorrland\/wp-json\/wp\/v2\/users\/861"}],"replies":[{"embeddable":true,"href":"https:\/\/wp.kristdemokraterna.se\/vasternorrland\/wp-json\/wp\/v2\/comments?post=252619"}],"version-history":[{"count":1,"href":"https:\/\/wp.kristdemokraterna.se\/vasternorrland\/wp-json\/wp\/v2\/pages\/252619\/revisions"}],"predecessor-version":[{"id":252620,"href":"https:\/\/wp.kristdemokraterna.se\/vasternorrland\/wp-json\/wp\/v2\/pages\/252619\/revisions\/252620"}],"up":[{"embeddable":true,"href":"https:\/\/wp.kristdemokraterna.se\/vasternorrland\/wp-json\/wp\/v2\/pages\/179725"}],"wp:attachment":[{"href":"https:\/\/wp.kristdemokraterna.se\/vasternorrland\/wp-json\/wp\/v2\/media?parent=252619"}],"curies":[{"name":"wp","href":"https:\/\/api.w.org\/{rel}","templated":true}]}}