{"id":261240,"date":"1970-10-02T16:17:26","date_gmt":"1970-10-02T15:17:26","guid":{"rendered":"http:\/\/wp.kristdemokraterna.se\/vasternorrland\/?page_id=261240"},"modified":"2020-05-24T11:48:55","modified_gmt":"2020-05-24T09:48:55","slug":"i-landstingsfullmaktige-1970-1973","status":"publish","type":"page","link":"https:\/\/wp.kristdemokraterna.se\/vasternorrland\/foretradare\/i-landstingsfullmaktige-1970-1973\/","title":{"rendered":"I landstinget 1970-1973"},"content":{"rendered":"<h2>Landstingsfullm\u00e4ktige<\/h2>\n<p>KDS ledam\u00f6ter och ers\u00e4ttare i landstingsfullm\u00e4ktige i V\u00e4sternorrlands l\u00e4n invalda mandatperioden 1970 till 1973.<\/p>\n<ul>\n<li>Ledamot: Eric Freij, lantbrukare, Husum, ledamot invald i \u00c5ngermanlands tredje valkrets<\/li>\n<li>Suppleant: Karl Fahlgren, f\u00f6rman, Gull\u00e4nget<\/li>\n<li>Suppleant: Bernt Bostr\u00f6m, kamrer, Domsj\u00f6verken<\/li>\n<\/ul>\n<h2>Valberedningen<\/h2>\n<p>&#8211; ingen representation-<\/p>\n<h2>Sjukv\u00e5rdsutskottet<\/h2>\n<p>&#8211; ingen representation-<\/p>\n<h2>Undervisningsutskottet<\/h2>\n<ul>\n<li>Eric Freij, ledamot<\/li>\n<\/ul>\n<h2>Finansutskottet<\/h2>\n<p>&#8211; ingen representation-<\/p>\n<h2>Allm\u00e4nna utskottet<\/h2>\n<p>&#8211; ingen representation-<\/p>\n<h2>F\u00f6rvaltningsutskottet<\/h2>\n<p>&#8211; ingen representation-<\/p>\n","protected":false},"excerpt":{"rendered":"<p>Landstingsfullm\u00e4ktige KDS ledam\u00f6ter och ers\u00e4ttare i landstingsfullm\u00e4ktige i V\u00e4sternorrlands l\u00e4n invalda mandatperioden 1970 till 1973. Ledamot: Eric Freij, lantbrukare, Husum, ledamot invald i \u00c5ngermanlands tredje valkrets Suppleant: Karl Fahlgren, f\u00f6rman, Gull\u00e4nget Suppleant: Bernt Bostr\u00f6m, kamrer, Domsj\u00f6verken Valberedningen &#8211; ingen representation- Sjukv\u00e5rdsutskottet &#8211; ingen representation- Undervisningsutskottet Eric Freij, ledamot Finansutskottet &#8211; ingen representation- Allm\u00e4nna utskottet &#8211; <a class=\"read-more-link\" href=\"https:\/\/wp.kristdemokraterna.se\/vasternorrland\/foretradare\/i-landstingsfullmaktige-1970-1973\/\">Read More<\/a><\/p>\n","protected":false},"author":861,"featured_media":0,"parent":128961,"menu_order":1971,"comment_status":"closed","ping_status":"closed","template":"","meta":{"_acf_changed":false,"footnotes":""},"class_list":["post-261240","page","type-page","status-publish","hentry"],"acf":[],"yoast_head":"<!-- This site is optimized with the Yoast SEO plugin v27.3 - https:\/\/yoast.com\/product\/yoast-seo-wordpress\/ -->\n<title>I landstinget 1970-1973 | KD V\u00e4sternorrland<\/title>\n<meta name=\"robots\" content=\"index, follow, max-snippet:-1, max-image-preview:large, max-video-preview:-1\" \/>\n<link rel=\"canonical\" href=\"https:\/\/wp.kristdemokraterna.se\/vasternorrland\/foretradare\/i-landstingsfullmaktige-1970-1973\/\" \/>\n<meta property=\"og:locale\" content=\"sv_SE\" \/>\n<meta property=\"og:type\" content=\"article\" \/>\n<meta property=\"og:title\" content=\"I landstinget 1970-1973 | KD V\u00e4sternorrland\" \/>\n<meta property=\"og:description\" content=\"Landstingsfullm\u00e4ktige KDS ledam\u00f6ter och ers\u00e4ttare i landstingsfullm\u00e4ktige i V\u00e4sternorrlands l\u00e4n invalda mandatperioden 1970 till 1973. Ledamot: Eric Freij, lantbrukare, Husum, ledamot invald i \u00c5ngermanlands tredje valkrets Suppleant: Karl Fahlgren, f\u00f6rman, Gull\u00e4nget Suppleant: Bernt Bostr\u00f6m, kamrer, Domsj\u00f6verken Valberedningen &#8211; ingen representation- Sjukv\u00e5rdsutskottet &#8211; ingen representation- Undervisningsutskottet Eric Freij, ledamot Finansutskottet &#8211; ingen representation- Allm\u00e4nna utskottet &#8211; Read More\" \/>\n<meta property=\"og:url\" content=\"https:\/\/wp.kristdemokraterna.se\/vasternorrland\/foretradare\/i-landstingsfullmaktige-1970-1973\/\" \/>\n<meta property=\"og:site_name\" content=\"KD V\u00e4sternorrland\" \/>\n<meta property=\"article:publisher\" content=\"https:\/\/www.facebook.com\/kdrvn\/\" \/>\n<meta property=\"article:modified_time\" content=\"2020-05-24T09:48:55+00:00\" \/>\n<meta name=\"twitter:card\" content=\"summary_large_image\" \/>\n<script type=\"application\/ld+json\" class=\"yoast-schema-graph\">{\"@context\":\"https:\\\/\\\/schema.org\",\"@graph\":[{\"@type\":\"WebPage\",\"@id\":\"https:\\\/\\\/wp.kristdemokraterna.se\\\/vasternorrland\\\/foretradare\\\/i-landstingsfullmaktige-1970-1973\\\/\",\"url\":\"https:\\\/\\\/wp.kristdemokraterna.se\\\/vasternorrland\\\/foretradare\\\/i-landstingsfullmaktige-1970-1973\\\/\",\"name\":\"I landstinget 1970-1973 | KD V\u00e4sternorrland\",\"isPartOf\":{\"@id\":\"https:\\\/\\\/wp.kristdemokraterna.se\\\/vasternorrland\\\/#website\"},\"datePublished\":\"1970-10-02T15:17:26+00:00\",\"dateModified\":\"2020-05-24T09:48:55+00:00\",\"breadcrumb\":{\"@id\":\"https:\\\/\\\/wp.kristdemokraterna.se\\\/vasternorrland\\\/foretradare\\\/i-landstingsfullmaktige-1970-1973\\\/#breadcrumb\"},\"inLanguage\":\"sv-SE\",\"potentialAction\":[{\"@type\":\"ReadAction\",\"target\":[\"https:\\\/\\\/wp.kristdemokraterna.se\\\/vasternorrland\\\/foretradare\\\/i-landstingsfullmaktige-1970-1973\\\/\"]}]},{\"@type\":\"BreadcrumbList\",\"@id\":\"https:\\\/\\\/wp.kristdemokraterna.se\\\/vasternorrland\\\/foretradare\\\/i-landstingsfullmaktige-1970-1973\\\/#breadcrumb\",\"itemListElement\":[{\"@type\":\"ListItem\",\"position\":1,\"name\":\"Hem\",\"item\":\"https:\\\/\\\/wp.kristdemokraterna.se\\\/vasternorrland\\\/\"},{\"@type\":\"ListItem\",\"position\":2,\"name\":\"F\u00f6retr\u00e4dare\",\"item\":\"https:\\\/\\\/wp.kristdemokraterna.se\\\/vasternorrland\\\/foretradare\\\/\"},{\"@type\":\"ListItem\",\"position\":3,\"name\":\"I landstinget 1970-1973\"}]},{\"@type\":\"WebSite\",\"@id\":\"https:\\\/\\\/wp.kristdemokraterna.se\\\/vasternorrland\\\/#website\",\"url\":\"https:\\\/\\\/wp.kristdemokraterna.se\\\/vasternorrland\\\/\",\"name\":\"KD V\u00e4sternorrland\",\"description\":\"V\u00e5rda v\u00e5rden - utveckla prim\u00e4rv\u00e5rden\",\"inLanguage\":\"sv-SE\"}]}<\/script>\n<!-- \/ Yoast SEO plugin. -->","yoast_head_json":{"title":"I landstinget 1970-1973 | KD V\u00e4sternorrland","robots":{"index":"index","follow":"follow","max-snippet":"max-snippet:-1","max-image-preview":"max-image-preview:large","max-video-preview":"max-video-preview:-1"},"canonical":"https:\/\/wp.kristdemokraterna.se\/vasternorrland\/foretradare\/i-landstingsfullmaktige-1970-1973\/","og_locale":"sv_SE","og_type":"article","og_title":"I landstinget 1970-1973 | KD V\u00e4sternorrland","og_description":"Landstingsfullm\u00e4ktige KDS ledam\u00f6ter och ers\u00e4ttare i landstingsfullm\u00e4ktige i V\u00e4sternorrlands l\u00e4n invalda mandatperioden 1970 till 1973. Ledamot: Eric Freij, lantbrukare, Husum, ledamot invald i \u00c5ngermanlands tredje valkrets Suppleant: Karl Fahlgren, f\u00f6rman, Gull\u00e4nget Suppleant: Bernt Bostr\u00f6m, kamrer, Domsj\u00f6verken Valberedningen &#8211; ingen representation- Sjukv\u00e5rdsutskottet &#8211; ingen representation- Undervisningsutskottet Eric Freij, ledamot Finansutskottet &#8211; ingen representation- Allm\u00e4nna utskottet &#8211; Read More","og_url":"https:\/\/wp.kristdemokraterna.se\/vasternorrland\/foretradare\/i-landstingsfullmaktige-1970-1973\/","og_site_name":"KD V\u00e4sternorrland","article_publisher":"https:\/\/www.facebook.com\/kdrvn\/","article_modified_time":"2020-05-24T09:48:55+00:00","twitter_card":"summary_large_image","schema":{"@context":"https:\/\/schema.org","@graph":[{"@type":"WebPage","@id":"https:\/\/wp.kristdemokraterna.se\/vasternorrland\/foretradare\/i-landstingsfullmaktige-1970-1973\/","url":"https:\/\/wp.kristdemokraterna.se\/vasternorrland\/foretradare\/i-landstingsfullmaktige-1970-1973\/","name":"I landstinget 1970-1973 | KD V\u00e4sternorrland","isPartOf":{"@id":"https:\/\/wp.kristdemokraterna.se\/vasternorrland\/#website"},"datePublished":"1970-10-02T15:17:26+00:00","dateModified":"2020-05-24T09:48:55+00:00","breadcrumb":{"@id":"https:\/\/wp.kristdemokraterna.se\/vasternorrland\/foretradare\/i-landstingsfullmaktige-1970-1973\/#breadcrumb"},"inLanguage":"sv-SE","potentialAction":[{"@type":"ReadAction","target":["https:\/\/wp.kristdemokraterna.se\/vasternorrland\/foretradare\/i-landstingsfullmaktige-1970-1973\/"]}]},{"@type":"BreadcrumbList","@id":"https:\/\/wp.kristdemokraterna.se\/vasternorrland\/foretradare\/i-landstingsfullmaktige-1970-1973\/#breadcrumb","itemListElement":[{"@type":"ListItem","position":1,"name":"Hem","item":"https:\/\/wp.kristdemokraterna.se\/vasternorrland\/"},{"@type":"ListItem","position":2,"name":"F\u00f6retr\u00e4dare","item":"https:\/\/wp.kristdemokraterna.se\/vasternorrland\/foretradare\/"},{"@type":"ListItem","position":3,"name":"I landstinget 1970-1973"}]},{"@type":"WebSite","@id":"https:\/\/wp.kristdemokraterna.se\/vasternorrland\/#website","url":"https:\/\/wp.kristdemokraterna.se\/vasternorrland\/","name":"KD V\u00e4sternorrland","description":"V\u00e5rda v\u00e5rden - utveckla prim\u00e4rv\u00e5rden","inLanguage":"sv-SE"}]}},"_links":{"self":[{"href":"https:\/\/wp.kristdemokraterna.se\/vasternorrland\/wp-json\/wp\/v2\/pages\/261240","targetHints":{"allow":["GET"]}}],"collection":[{"href":"https:\/\/wp.kristdemokraterna.se\/vasternorrland\/wp-json\/wp\/v2\/pages"}],"about":[{"href":"https:\/\/wp.kristdemokraterna.se\/vasternorrland\/wp-json\/wp\/v2\/types\/page"}],"author":[{"embeddable":true,"href":"https:\/\/wp.kristdemokraterna.se\/vasternorrland\/wp-json\/wp\/v2\/users\/861"}],"replies":[{"embeddable":true,"href":"https:\/\/wp.kristdemokraterna.se\/vasternorrland\/wp-json\/wp\/v2\/comments?post=261240"}],"version-history":[{"count":5,"href":"https:\/\/wp.kristdemokraterna.se\/vasternorrland\/wp-json\/wp\/v2\/pages\/261240\/revisions"}],"predecessor-version":[{"id":281625,"href":"https:\/\/wp.kristdemokraterna.se\/vasternorrland\/wp-json\/wp\/v2\/pages\/261240\/revisions\/281625"}],"up":[{"embeddable":true,"href":"https:\/\/wp.kristdemokraterna.se\/vasternorrland\/wp-json\/wp\/v2\/pages\/128961"}],"wp:attachment":[{"href":"https:\/\/wp.kristdemokraterna.se\/vasternorrland\/wp-json\/wp\/v2\/media?parent=261240"}],"curies":[{"name":"wp","href":"https:\/\/api.w.org\/{rel}","templated":true}]}}