{"id":261249,"date":"1985-10-02T16:26:51","date_gmt":"1985-10-02T15:26:51","guid":{"rendered":"http:\/\/wp.kristdemokraterna.se\/vasternorrland\/?page_id=261249"},"modified":"2020-03-26T20:23:19","modified_gmt":"2020-03-26T19:23:19","slug":"i-landstingsfullmaktige-1986-1988","status":"publish","type":"page","link":"https:\/\/wp.kristdemokraterna.se\/vasternorrland\/foretradare\/i-landstingsfullmaktige-1986-1988\/","title":{"rendered":"I landstingsfullm\u00e4ktige 1985-1988"},"content":{"rendered":"<p>KDS ledam\u00f6ter och ers\u00e4ttare i landstingsfullm\u00e4ktige i V\u00e4sternorrlands l\u00e4n invalda mandatperioden 1985 till 1988.<\/p>\n<h2>Ledam\u00f6ter<\/h2>\n<p>G\u00f6ran Sydhage, \u00d6rnsk\u00f6ldsvik, invald i \u00c5ngermanlands anddra valkrets<br \/>\nSverker \u00c5gren, Sollefte\u00e5, invald i \u00c5ngermanlands f\u00f6rsta valkrets<\/p>\n<h2>Suppleanter (ers\u00e4ttare):<\/h2>\n<p>Birgitta Bervelius, Domsj\u00f6<br \/>\nBo Abrahamsson, Sollefte\u00e5<br \/>\nG\u00f6ta Sahlman, H\u00e4rn\u00f6sand<br \/>\nHans Wallenberg, Bollstabruk<br \/>\nHarry \u00d6stman, Sj\u00e4levad<br \/>\nLars Lind\u00e9n, Timr\u00e5<\/p>\n","protected":false},"excerpt":{"rendered":"<p>KDS ledam\u00f6ter och ers\u00e4ttare i landstingsfullm\u00e4ktige i V\u00e4sternorrlands l\u00e4n invalda mandatperioden 1985 till 1988. Ledam\u00f6ter G\u00f6ran Sydhage, \u00d6rnsk\u00f6ldsvik, invald i \u00c5ngermanlands anddra valkrets Sverker \u00c5gren, Sollefte\u00e5, invald i \u00c5ngermanlands f\u00f6rsta valkrets Suppleanter (ers\u00e4ttare): Birgitta Bervelius, Domsj\u00f6 Bo Abrahamsson, Sollefte\u00e5 G\u00f6ta Sahlman, H\u00e4rn\u00f6sand Hans Wallenberg, Bollstabruk Harry \u00d6stman, Sj\u00e4levad Lars Lind\u00e9n, Timr\u00e5<\/p>\n","protected":false},"author":861,"featured_media":0,"parent":128961,"menu_order":1985,"comment_status":"closed","ping_status":"closed","template":"","meta":{"_acf_changed":false,"footnotes":""},"class_list":["post-261249","page","type-page","status-publish","hentry"],"acf":[],"yoast_head":"<!-- This site is optimized with the Yoast SEO plugin v27.3 - https:\/\/yoast.com\/product\/yoast-seo-wordpress\/ -->\n<title>I landstingsfullm\u00e4ktige 1985-1988 | KD V\u00e4sternorrland<\/title>\n<meta name=\"robots\" content=\"index, follow, max-snippet:-1, max-image-preview:large, max-video-preview:-1\" \/>\n<link rel=\"canonical\" href=\"https:\/\/wp.kristdemokraterna.se\/vasternorrland\/foretradare\/i-landstingsfullmaktige-1986-1988\/\" \/>\n<meta property=\"og:locale\" content=\"sv_SE\" \/>\n<meta property=\"og:type\" content=\"article\" \/>\n<meta property=\"og:title\" content=\"I landstingsfullm\u00e4ktige 1985-1988 | KD V\u00e4sternorrland\" \/>\n<meta property=\"og:description\" content=\"KDS ledam\u00f6ter och ers\u00e4ttare i landstingsfullm\u00e4ktige i V\u00e4sternorrlands l\u00e4n invalda mandatperioden 1985 till 1988. Ledam\u00f6ter G\u00f6ran Sydhage, \u00d6rnsk\u00f6ldsvik, invald i \u00c5ngermanlands anddra valkrets Sverker \u00c5gren, Sollefte\u00e5, invald i \u00c5ngermanlands f\u00f6rsta valkrets Suppleanter (ers\u00e4ttare): Birgitta Bervelius, Domsj\u00f6 Bo Abrahamsson, Sollefte\u00e5 G\u00f6ta Sahlman, H\u00e4rn\u00f6sand Hans Wallenberg, Bollstabruk Harry \u00d6stman, Sj\u00e4levad Lars Lind\u00e9n, Timr\u00e5\" \/>\n<meta property=\"og:url\" content=\"https:\/\/wp.kristdemokraterna.se\/vasternorrland\/foretradare\/i-landstingsfullmaktige-1986-1988\/\" \/>\n<meta property=\"og:site_name\" content=\"KD V\u00e4sternorrland\" \/>\n<meta property=\"article:publisher\" content=\"https:\/\/www.facebook.com\/kdrvn\/\" \/>\n<meta property=\"article:modified_time\" content=\"2020-03-26T19:23:19+00:00\" \/>\n<meta name=\"twitter:card\" content=\"summary_large_image\" \/>\n<script type=\"application\/ld+json\" class=\"yoast-schema-graph\">{\"@context\":\"https:\\\/\\\/schema.org\",\"@graph\":[{\"@type\":\"WebPage\",\"@id\":\"https:\\\/\\\/wp.kristdemokraterna.se\\\/vasternorrland\\\/foretradare\\\/i-landstingsfullmaktige-1986-1988\\\/\",\"url\":\"https:\\\/\\\/wp.kristdemokraterna.se\\\/vasternorrland\\\/foretradare\\\/i-landstingsfullmaktige-1986-1988\\\/\",\"name\":\"I landstingsfullm\u00e4ktige 1985-1988 | KD V\u00e4sternorrland\",\"isPartOf\":{\"@id\":\"https:\\\/\\\/wp.kristdemokraterna.se\\\/vasternorrland\\\/#website\"},\"datePublished\":\"1985-10-02T15:26:51+00:00\",\"dateModified\":\"2020-03-26T19:23:19+00:00\",\"breadcrumb\":{\"@id\":\"https:\\\/\\\/wp.kristdemokraterna.se\\\/vasternorrland\\\/foretradare\\\/i-landstingsfullmaktige-1986-1988\\\/#breadcrumb\"},\"inLanguage\":\"sv-SE\",\"potentialAction\":[{\"@type\":\"ReadAction\",\"target\":[\"https:\\\/\\\/wp.kristdemokraterna.se\\\/vasternorrland\\\/foretradare\\\/i-landstingsfullmaktige-1986-1988\\\/\"]}]},{\"@type\":\"BreadcrumbList\",\"@id\":\"https:\\\/\\\/wp.kristdemokraterna.se\\\/vasternorrland\\\/foretradare\\\/i-landstingsfullmaktige-1986-1988\\\/#breadcrumb\",\"itemListElement\":[{\"@type\":\"ListItem\",\"position\":1,\"name\":\"Hem\",\"item\":\"https:\\\/\\\/wp.kristdemokraterna.se\\\/vasternorrland\\\/\"},{\"@type\":\"ListItem\",\"position\":2,\"name\":\"F\u00f6retr\u00e4dare\",\"item\":\"https:\\\/\\\/wp.kristdemokraterna.se\\\/vasternorrland\\\/foretradare\\\/\"},{\"@type\":\"ListItem\",\"position\":3,\"name\":\"I landstingsfullm\u00e4ktige 1985-1988\"}]},{\"@type\":\"WebSite\",\"@id\":\"https:\\\/\\\/wp.kristdemokraterna.se\\\/vasternorrland\\\/#website\",\"url\":\"https:\\\/\\\/wp.kristdemokraterna.se\\\/vasternorrland\\\/\",\"name\":\"KD V\u00e4sternorrland\",\"description\":\"V\u00e5rda v\u00e5rden - utveckla prim\u00e4rv\u00e5rden\",\"inLanguage\":\"sv-SE\"}]}<\/script>\n<!-- \/ Yoast SEO plugin. -->","yoast_head_json":{"title":"I landstingsfullm\u00e4ktige 1985-1988 | KD V\u00e4sternorrland","robots":{"index":"index","follow":"follow","max-snippet":"max-snippet:-1","max-image-preview":"max-image-preview:large","max-video-preview":"max-video-preview:-1"},"canonical":"https:\/\/wp.kristdemokraterna.se\/vasternorrland\/foretradare\/i-landstingsfullmaktige-1986-1988\/","og_locale":"sv_SE","og_type":"article","og_title":"I landstingsfullm\u00e4ktige 1985-1988 | KD V\u00e4sternorrland","og_description":"KDS ledam\u00f6ter och ers\u00e4ttare i landstingsfullm\u00e4ktige i V\u00e4sternorrlands l\u00e4n invalda mandatperioden 1985 till 1988. Ledam\u00f6ter G\u00f6ran Sydhage, \u00d6rnsk\u00f6ldsvik, invald i \u00c5ngermanlands anddra valkrets Sverker \u00c5gren, Sollefte\u00e5, invald i \u00c5ngermanlands f\u00f6rsta valkrets Suppleanter (ers\u00e4ttare): Birgitta Bervelius, Domsj\u00f6 Bo Abrahamsson, Sollefte\u00e5 G\u00f6ta Sahlman, H\u00e4rn\u00f6sand Hans Wallenberg, Bollstabruk Harry \u00d6stman, Sj\u00e4levad Lars Lind\u00e9n, Timr\u00e5","og_url":"https:\/\/wp.kristdemokraterna.se\/vasternorrland\/foretradare\/i-landstingsfullmaktige-1986-1988\/","og_site_name":"KD V\u00e4sternorrland","article_publisher":"https:\/\/www.facebook.com\/kdrvn\/","article_modified_time":"2020-03-26T19:23:19+00:00","twitter_card":"summary_large_image","schema":{"@context":"https:\/\/schema.org","@graph":[{"@type":"WebPage","@id":"https:\/\/wp.kristdemokraterna.se\/vasternorrland\/foretradare\/i-landstingsfullmaktige-1986-1988\/","url":"https:\/\/wp.kristdemokraterna.se\/vasternorrland\/foretradare\/i-landstingsfullmaktige-1986-1988\/","name":"I landstingsfullm\u00e4ktige 1985-1988 | KD V\u00e4sternorrland","isPartOf":{"@id":"https:\/\/wp.kristdemokraterna.se\/vasternorrland\/#website"},"datePublished":"1985-10-02T15:26:51+00:00","dateModified":"2020-03-26T19:23:19+00:00","breadcrumb":{"@id":"https:\/\/wp.kristdemokraterna.se\/vasternorrland\/foretradare\/i-landstingsfullmaktige-1986-1988\/#breadcrumb"},"inLanguage":"sv-SE","potentialAction":[{"@type":"ReadAction","target":["https:\/\/wp.kristdemokraterna.se\/vasternorrland\/foretradare\/i-landstingsfullmaktige-1986-1988\/"]}]},{"@type":"BreadcrumbList","@id":"https:\/\/wp.kristdemokraterna.se\/vasternorrland\/foretradare\/i-landstingsfullmaktige-1986-1988\/#breadcrumb","itemListElement":[{"@type":"ListItem","position":1,"name":"Hem","item":"https:\/\/wp.kristdemokraterna.se\/vasternorrland\/"},{"@type":"ListItem","position":2,"name":"F\u00f6retr\u00e4dare","item":"https:\/\/wp.kristdemokraterna.se\/vasternorrland\/foretradare\/"},{"@type":"ListItem","position":3,"name":"I landstingsfullm\u00e4ktige 1985-1988"}]},{"@type":"WebSite","@id":"https:\/\/wp.kristdemokraterna.se\/vasternorrland\/#website","url":"https:\/\/wp.kristdemokraterna.se\/vasternorrland\/","name":"KD V\u00e4sternorrland","description":"V\u00e5rda v\u00e5rden - utveckla prim\u00e4rv\u00e5rden","inLanguage":"sv-SE"}]}},"_links":{"self":[{"href":"https:\/\/wp.kristdemokraterna.se\/vasternorrland\/wp-json\/wp\/v2\/pages\/261249","targetHints":{"allow":["GET"]}}],"collection":[{"href":"https:\/\/wp.kristdemokraterna.se\/vasternorrland\/wp-json\/wp\/v2\/pages"}],"about":[{"href":"https:\/\/wp.kristdemokraterna.se\/vasternorrland\/wp-json\/wp\/v2\/types\/page"}],"author":[{"embeddable":true,"href":"https:\/\/wp.kristdemokraterna.se\/vasternorrland\/wp-json\/wp\/v2\/users\/861"}],"replies":[{"embeddable":true,"href":"https:\/\/wp.kristdemokraterna.se\/vasternorrland\/wp-json\/wp\/v2\/comments?post=261249"}],"version-history":[{"count":4,"href":"https:\/\/wp.kristdemokraterna.se\/vasternorrland\/wp-json\/wp\/v2\/pages\/261249\/revisions"}],"predecessor-version":[{"id":261312,"href":"https:\/\/wp.kristdemokraterna.se\/vasternorrland\/wp-json\/wp\/v2\/pages\/261249\/revisions\/261312"}],"up":[{"embeddable":true,"href":"https:\/\/wp.kristdemokraterna.se\/vasternorrland\/wp-json\/wp\/v2\/pages\/128961"}],"wp:attachment":[{"href":"https:\/\/wp.kristdemokraterna.se\/vasternorrland\/wp-json\/wp\/v2\/media?parent=261249"}],"curies":[{"name":"wp","href":"https:\/\/api.w.org\/{rel}","templated":true}]}}