{"id":264165,"date":"2020-03-25T12:53:50","date_gmt":"2020-03-25T11:53:50","guid":{"rendered":"http:\/\/wp.kristdemokraterna.se\/vasternorrland\/?page_id=264165"},"modified":"2020-05-10T16:02:37","modified_gmt":"2020-05-10T14:02:37","slug":"regionplan-2021-2023-ett-vasternorrland-handlingskraft-livskraft-och-naturkraft","status":"publish","type":"page","link":"https:\/\/wp.kristdemokraterna.se\/vasternorrland\/var-politik\/regionplaner\/regionplan-2021-2023-ett-vasternorrland-handlingskraft-livskraft-och-naturkraft\/","title":{"rendered":"Regionplan 2021-2023 Ett V\u00e4sternorrland \u2013 Handlingskraft, livskraft och naturkraft"},"content":{"rendered":"<p>Kristdemokraternas regionplan f\u00f6r Region V\u00e4sternorrland 2021\u20132023 har inriktningen att f\u00f6rverkliga regionala utvecklingsstrategins vision: \u201dEtt V\u00e4sternorrland \u2013 Handlingskraft, livskraft och naturkraft\u201d.<\/p>\n<h2>Gemenskap och samanh\u00e5llning<\/h2>\n<p>Regionen har i \u00e5rtionden slitits itu av att man sett snett p\u00e5 varandra mellan inlandet och kusten och mellan Medelpad och \u00c5ngermanland. Det \u00e4r dags att vi \u00e4ndrar p\u00e5 detta.<\/p>\n<p>Hela regionen ska vara med n\u00e4r vi skapar utveckling. Det \u00e4r med gemensamma tag, respekt och ett helhetsperspektiv som vi m\u00f6ter framtiden positivt och kan skapa en regional vi-k\u00e4nsla som ger den handlingskraft regionen beh\u00f6ver.<\/p>\n<h2>Ett aktivt folkh\u00e4lsoarbete<\/h2>\n<p>Ett aktivt folkh\u00e4lsoarbete och tidiga insatser inte minst n\u00e4r det g\u00e4ller psykisk oh\u00e4lsa l\u00e4gger en stark grund f\u00f6r att l\u00e4nets inv\u00e5nare ska f\u00e5 leva ett bra liv och med god h\u00e4lsa l\u00e5ngt upp i \u00e5ren.<\/p>\n<p>En satsning p\u00e5 f\u00f6rebyggande arbete g\u00f6r inte bara att befolkningens h\u00e4lsa f\u00f6rb\u00e4ttras utan inneb\u00e4r ocks\u00e5 att kostnads\u00f6kningstrycket minskar.<\/p>\n<h2>V\u00e5rda v\u00e5rden \u2013 utveckla prim\u00e4rv\u00e5rden<\/h2>\n<p>V\u00e4sternorrland l\u00e4gger minst pengar per inv\u00e5nare i landet p\u00e5 prim\u00e4rv\u00e5rden. \u00c4nd\u00e5 f\u00f6rv\u00e4ntas prim\u00e4rv\u00e5rden vara f\u00f6rsta linjens v\u00e5rd \u00e4ven i v\u00e5rt l\u00e4n, framf\u00f6r allt f\u00f6r att avlasta specialistv\u00e5rden. F\u00f6r att den ska klara det m\u00e5ste vi satsa p\u00e5 prim\u00e4rv\u00e5rden.<br \/>\nDet ska ske genom \u00f6kade ekonomiska anslag men ocks\u00e5 genom att \u00f6verf\u00f6ra verksamheter fr\u00e5n specialistv\u00e5rden till prim\u00e4rv\u00e5rden.<br \/>\nAtt v\u00e5rda v\u00e5rden \u2013 det \u00e4r att utveckla prim\u00e4rv\u00e5rden.<\/p>\n<h2>F\u00f6rnyelse och l\u00e5ngsiktighet<\/h2>\n<p>M\u00e5let \u00e4r att Region V\u00e4sternorrland genom f\u00f6rnyelse och l\u00e5ngsiktighet under planperioden f\u00e5r ordning p\u00e5 ekonomin. Med respekt, gott bem\u00f6tande samt f\u00f6rb\u00e4ttrad intern och extern kommunikation och dialog \u00e5teruppr\u00e4ttas f\u00f6rtroendet hos s\u00e5v\u00e4l l\u00e4nets inv\u00e5nare som regionens medarbetare.<\/p>\n<h2>Ett livskraftigt V\u00e4sternorrland<\/h2>\n<p>V\u00e4sternorrlands arbete f\u00f6r en h\u00e5llbar och klimat-anpassad utveckling f\u00e5r inte stanna av utan m\u00e5ste forts\u00e4tta. Regionens nya h\u00e5llbarhetsplan med stark koppling till Agenda 2030 \u00e4r viktig f\u00f6r att uppn\u00e5 detta.<\/p>\n<h2>Tillitsbaserad styrning<\/h2>\n<p>Med ett \u00e5teruppbyggt f\u00f6rtroende och en m\u00e5linriktad personalpolitik kan vi minska dagens enorma behov av inhyrd personal (stafetter) och f\u00e5 r\u00e4tt kompetens p\u00e5 r\u00e4tt plats. Tillitsbaserad styrning ska d\u00e4rf\u00f6r successivt inf\u00f6ras i regionen.<\/p>\n<p><strong>Kristdemokraterna i Regionfullm\u00e4ktige:<\/strong><br \/>\nBo Grafstr\u00f6m, ledamot<br \/>\nCarl-Olof Svensson, ers\u00e4ttare<br \/>\nEmil Esping, ers\u00e4ttare<br \/>\nGunl\u00f6g Jacobsson, ers\u00e4ttare<br \/>\nG\u00f6ran Brorsson, ers\u00e4ttare<br \/>\nHenrik Sendelbach, ledamot och vice gruppledare<br \/>\nJoachim Jonsson, ledamot och 2:e vice ordf. N\u00e4mnden f\u00f6r h\u00e5llbar utveckling<br \/>\nMaria Borgehammar, ers\u00e4ttare<br \/>\nMichal Zakolski, ledamot<br \/>\nMona Hammarstedt, ledamot och gruppledare<\/p>\n<p>F\u00f6r att l\u00e4sa hela v\u00e5rt f\u00f6rslag till regionplan, ladda ner pdf-dokumentetet:\u00a0<a href=\"http:\/\/wp.kristdemokraterna.se\/vasternorrland\/kd-regionplan-2021-2023\/\">Regionplan 2021-2023 Kristdemokraterna<\/a><\/p>\n","protected":false},"excerpt":{"rendered":"<p>Kristdemokraternas regionplan f\u00f6r Region V\u00e4sternorrland 2021\u20132023 har inriktningen att f\u00f6rverkliga regionala utvecklingsstrategins vision: \u201dEtt V\u00e4sternorrland \u2013 Handlingskraft, livskraft och naturkraft\u201d. Gemenskap och samanh\u00e5llning Regionen har i \u00e5rtionden slitits itu av att man sett snett p\u00e5 varandra mellan inlandet och kusten och mellan Medelpad och \u00c5ngermanland. Det \u00e4r dags att vi \u00e4ndrar p\u00e5 detta. Hela regionen <a class=\"read-more-link\" href=\"https:\/\/wp.kristdemokraterna.se\/vasternorrland\/var-politik\/regionplaner\/regionplan-2021-2023-ett-vasternorrland-handlingskraft-livskraft-och-naturkraft\/\">Read More<\/a><\/p>\n","protected":false},"author":861,"featured_media":0,"parent":149701,"menu_order":2021,"comment_status":"closed","ping_status":"closed","template":"","meta":{"_acf_changed":false,"footnotes":""},"class_list":["post-264165","page","type-page","status-publish","hentry"],"acf":[],"yoast_head":"<!-- This site is optimized with the Yoast SEO plugin v27.3 - https:\/\/yoast.com\/product\/yoast-seo-wordpress\/ -->\n<title>Regionplan 2021-2023 Ett V\u00e4sternorrland \u2013 Handlingskraft, livskraft och naturkraft | KD V\u00e4sternorrland<\/title>\n<meta name=\"robots\" content=\"index, follow, max-snippet:-1, max-image-preview:large, max-video-preview:-1\" \/>\n<link rel=\"canonical\" href=\"https:\/\/wp.kristdemokraterna.se\/vasternorrland\/var-politik\/regionplaner\/regionplan-2021-2023-ett-vasternorrland-handlingskraft-livskraft-och-naturkraft\/\" \/>\n<meta property=\"og:locale\" content=\"sv_SE\" \/>\n<meta property=\"og:type\" content=\"article\" \/>\n<meta property=\"og:title\" content=\"Regionplan 2021-2023 Ett V\u00e4sternorrland \u2013 Handlingskraft, livskraft och naturkraft | KD V\u00e4sternorrland\" \/>\n<meta property=\"og:description\" content=\"Kristdemokraternas regionplan f\u00f6r Region V\u00e4sternorrland 2021\u20132023 har inriktningen att f\u00f6rverkliga regionala utvecklingsstrategins vision: \u201dEtt V\u00e4sternorrland \u2013 Handlingskraft, livskraft och naturkraft\u201d. Gemenskap och samanh\u00e5llning Regionen har i \u00e5rtionden slitits itu av att man sett snett p\u00e5 varandra mellan inlandet och kusten och mellan Medelpad och \u00c5ngermanland. Det \u00e4r dags att vi \u00e4ndrar p\u00e5 detta. Hela regionen Read More\" \/>\n<meta property=\"og:url\" content=\"https:\/\/wp.kristdemokraterna.se\/vasternorrland\/var-politik\/regionplaner\/regionplan-2021-2023-ett-vasternorrland-handlingskraft-livskraft-och-naturkraft\/\" \/>\n<meta property=\"og:site_name\" content=\"KD V\u00e4sternorrland\" \/>\n<meta property=\"article:publisher\" content=\"https:\/\/www.facebook.com\/kdrvn\/\" \/>\n<meta property=\"article:modified_time\" content=\"2020-05-10T14:02:37+00:00\" \/>\n<meta name=\"twitter:card\" content=\"summary_large_image\" \/>\n<meta name=\"twitter:label1\" content=\"Ber\u00e4knad l\u00e4stid\" \/>\n\t<meta name=\"twitter:data1\" content=\"2 minuter\" \/>\n<script type=\"application\/ld+json\" class=\"yoast-schema-graph\">{\"@context\":\"https:\\\/\\\/schema.org\",\"@graph\":[{\"@type\":\"WebPage\",\"@id\":\"https:\\\/\\\/wp.kristdemokraterna.se\\\/vasternorrland\\\/var-politik\\\/regionplaner\\\/regionplan-2021-2023-ett-vasternorrland-handlingskraft-livskraft-och-naturkraft\\\/\",\"url\":\"https:\\\/\\\/wp.kristdemokraterna.se\\\/vasternorrland\\\/var-politik\\\/regionplaner\\\/regionplan-2021-2023-ett-vasternorrland-handlingskraft-livskraft-och-naturkraft\\\/\",\"name\":\"Regionplan 2021-2023 Ett V\u00e4sternorrland \u2013 Handlingskraft, livskraft och naturkraft | KD V\u00e4sternorrland\",\"isPartOf\":{\"@id\":\"https:\\\/\\\/wp.kristdemokraterna.se\\\/vasternorrland\\\/#website\"},\"datePublished\":\"2020-03-25T11:53:50+00:00\",\"dateModified\":\"2020-05-10T14:02:37+00:00\",\"breadcrumb\":{\"@id\":\"https:\\\/\\\/wp.kristdemokraterna.se\\\/vasternorrland\\\/var-politik\\\/regionplaner\\\/regionplan-2021-2023-ett-vasternorrland-handlingskraft-livskraft-och-naturkraft\\\/#breadcrumb\"},\"inLanguage\":\"sv-SE\",\"potentialAction\":[{\"@type\":\"ReadAction\",\"target\":[\"https:\\\/\\\/wp.kristdemokraterna.se\\\/vasternorrland\\\/var-politik\\\/regionplaner\\\/regionplan-2021-2023-ett-vasternorrland-handlingskraft-livskraft-och-naturkraft\\\/\"]}]},{\"@type\":\"BreadcrumbList\",\"@id\":\"https:\\\/\\\/wp.kristdemokraterna.se\\\/vasternorrland\\\/var-politik\\\/regionplaner\\\/regionplan-2021-2023-ett-vasternorrland-handlingskraft-livskraft-och-naturkraft\\\/#breadcrumb\",\"itemListElement\":[{\"@type\":\"ListItem\",\"position\":1,\"name\":\"Hem\",\"item\":\"https:\\\/\\\/wp.kristdemokraterna.se\\\/vasternorrland\\\/\"},{\"@type\":\"ListItem\",\"position\":2,\"name\":\"V\u00e5r politik\",\"item\":\"https:\\\/\\\/wp.kristdemokraterna.se\\\/vasternorrland\\\/var-politik\\\/\"},{\"@type\":\"ListItem\",\"position\":3,\"name\":\"Regionplaner\",\"item\":\"https:\\\/\\\/wp.kristdemokraterna.se\\\/vasternorrland\\\/var-politik\\\/regionplaner\\\/\"},{\"@type\":\"ListItem\",\"position\":4,\"name\":\"Regionplan 2021-2023 Ett V\u00e4sternorrland \u2013 Handlingskraft, livskraft och naturkraft\"}]},{\"@type\":\"WebSite\",\"@id\":\"https:\\\/\\\/wp.kristdemokraterna.se\\\/vasternorrland\\\/#website\",\"url\":\"https:\\\/\\\/wp.kristdemokraterna.se\\\/vasternorrland\\\/\",\"name\":\"KD V\u00e4sternorrland\",\"description\":\"V\u00e5rda v\u00e5rden - utveckla prim\u00e4rv\u00e5rden\",\"inLanguage\":\"sv-SE\"}]}<\/script>\n<!-- \/ Yoast SEO plugin. -->","yoast_head_json":{"title":"Regionplan 2021-2023 Ett V\u00e4sternorrland \u2013 Handlingskraft, livskraft och naturkraft | KD V\u00e4sternorrland","robots":{"index":"index","follow":"follow","max-snippet":"max-snippet:-1","max-image-preview":"max-image-preview:large","max-video-preview":"max-video-preview:-1"},"canonical":"https:\/\/wp.kristdemokraterna.se\/vasternorrland\/var-politik\/regionplaner\/regionplan-2021-2023-ett-vasternorrland-handlingskraft-livskraft-och-naturkraft\/","og_locale":"sv_SE","og_type":"article","og_title":"Regionplan 2021-2023 Ett V\u00e4sternorrland \u2013 Handlingskraft, livskraft och naturkraft | KD V\u00e4sternorrland","og_description":"Kristdemokraternas regionplan f\u00f6r Region V\u00e4sternorrland 2021\u20132023 har inriktningen att f\u00f6rverkliga regionala utvecklingsstrategins vision: \u201dEtt V\u00e4sternorrland \u2013 Handlingskraft, livskraft och naturkraft\u201d. Gemenskap och samanh\u00e5llning Regionen har i \u00e5rtionden slitits itu av att man sett snett p\u00e5 varandra mellan inlandet och kusten och mellan Medelpad och \u00c5ngermanland. Det \u00e4r dags att vi \u00e4ndrar p\u00e5 detta. Hela regionen Read More","og_url":"https:\/\/wp.kristdemokraterna.se\/vasternorrland\/var-politik\/regionplaner\/regionplan-2021-2023-ett-vasternorrland-handlingskraft-livskraft-och-naturkraft\/","og_site_name":"KD V\u00e4sternorrland","article_publisher":"https:\/\/www.facebook.com\/kdrvn\/","article_modified_time":"2020-05-10T14:02:37+00:00","twitter_card":"summary_large_image","twitter_misc":{"Ber\u00e4knad l\u00e4stid":"2 minuter"},"schema":{"@context":"https:\/\/schema.org","@graph":[{"@type":"WebPage","@id":"https:\/\/wp.kristdemokraterna.se\/vasternorrland\/var-politik\/regionplaner\/regionplan-2021-2023-ett-vasternorrland-handlingskraft-livskraft-och-naturkraft\/","url":"https:\/\/wp.kristdemokraterna.se\/vasternorrland\/var-politik\/regionplaner\/regionplan-2021-2023-ett-vasternorrland-handlingskraft-livskraft-och-naturkraft\/","name":"Regionplan 2021-2023 Ett V\u00e4sternorrland \u2013 Handlingskraft, livskraft och naturkraft | KD V\u00e4sternorrland","isPartOf":{"@id":"https:\/\/wp.kristdemokraterna.se\/vasternorrland\/#website"},"datePublished":"2020-03-25T11:53:50+00:00","dateModified":"2020-05-10T14:02:37+00:00","breadcrumb":{"@id":"https:\/\/wp.kristdemokraterna.se\/vasternorrland\/var-politik\/regionplaner\/regionplan-2021-2023-ett-vasternorrland-handlingskraft-livskraft-och-naturkraft\/#breadcrumb"},"inLanguage":"sv-SE","potentialAction":[{"@type":"ReadAction","target":["https:\/\/wp.kristdemokraterna.se\/vasternorrland\/var-politik\/regionplaner\/regionplan-2021-2023-ett-vasternorrland-handlingskraft-livskraft-och-naturkraft\/"]}]},{"@type":"BreadcrumbList","@id":"https:\/\/wp.kristdemokraterna.se\/vasternorrland\/var-politik\/regionplaner\/regionplan-2021-2023-ett-vasternorrland-handlingskraft-livskraft-och-naturkraft\/#breadcrumb","itemListElement":[{"@type":"ListItem","position":1,"name":"Hem","item":"https:\/\/wp.kristdemokraterna.se\/vasternorrland\/"},{"@type":"ListItem","position":2,"name":"V\u00e5r politik","item":"https:\/\/wp.kristdemokraterna.se\/vasternorrland\/var-politik\/"},{"@type":"ListItem","position":3,"name":"Regionplaner","item":"https:\/\/wp.kristdemokraterna.se\/vasternorrland\/var-politik\/regionplaner\/"},{"@type":"ListItem","position":4,"name":"Regionplan 2021-2023 Ett V\u00e4sternorrland \u2013 Handlingskraft, livskraft och naturkraft"}]},{"@type":"WebSite","@id":"https:\/\/wp.kristdemokraterna.se\/vasternorrland\/#website","url":"https:\/\/wp.kristdemokraterna.se\/vasternorrland\/","name":"KD V\u00e4sternorrland","description":"V\u00e5rda v\u00e5rden - utveckla prim\u00e4rv\u00e5rden","inLanguage":"sv-SE"}]}},"_links":{"self":[{"href":"https:\/\/wp.kristdemokraterna.se\/vasternorrland\/wp-json\/wp\/v2\/pages\/264165","targetHints":{"allow":["GET"]}}],"collection":[{"href":"https:\/\/wp.kristdemokraterna.se\/vasternorrland\/wp-json\/wp\/v2\/pages"}],"about":[{"href":"https:\/\/wp.kristdemokraterna.se\/vasternorrland\/wp-json\/wp\/v2\/types\/page"}],"author":[{"embeddable":true,"href":"https:\/\/wp.kristdemokraterna.se\/vasternorrland\/wp-json\/wp\/v2\/users\/861"}],"replies":[{"embeddable":true,"href":"https:\/\/wp.kristdemokraterna.se\/vasternorrland\/wp-json\/wp\/v2\/comments?post=264165"}],"version-history":[{"count":1,"href":"https:\/\/wp.kristdemokraterna.se\/vasternorrland\/wp-json\/wp\/v2\/pages\/264165\/revisions"}],"predecessor-version":[{"id":278088,"href":"https:\/\/wp.kristdemokraterna.se\/vasternorrland\/wp-json\/wp\/v2\/pages\/264165\/revisions\/278088"}],"up":[{"embeddable":true,"href":"https:\/\/wp.kristdemokraterna.se\/vasternorrland\/wp-json\/wp\/v2\/pages\/149701"}],"wp:attachment":[{"href":"https:\/\/wp.kristdemokraterna.se\/vasternorrland\/wp-json\/wp\/v2\/media?parent=264165"}],"curies":[{"name":"wp","href":"https:\/\/api.w.org\/{rel}","templated":true}]}}