{"id":278155,"date":"2020-05-10T17:39:57","date_gmt":"2020-05-10T15:39:57","guid":{"rendered":"http:\/\/wp.kristdemokraterna.se\/vasternorrland\/?page_id=278155"},"modified":"2022-12-21T09:45:53","modified_gmt":"2022-12-21T08:45:53","slug":"landsbygd","status":"publish","type":"page","link":"https:\/\/wp.kristdemokraterna.se\/vasternorrland\/var-politik\/politikomraden\/landsbygd\/","title":{"rendered":"Landsbygd"},"content":{"rendered":"<p><img loading=\"lazy\" decoding=\"async\" class=\"size-full wp-image-198493\" src=\"http:\/\/wp.kristdemokraterna.se\/vasternorrland\/files\/2019\/06\/naringsliv-kor.jpg\" alt=\"\" width=\"1920\" height=\"1080\" srcset=\"https:\/\/wp.kristdemokraterna.se\/vasternorrland\/files\/2019\/06\/naringsliv-kor.jpg 1920w, https:\/\/wp.kristdemokraterna.se\/vasternorrland\/files\/2019\/06\/naringsliv-kor-300x169.jpg 300w, https:\/\/wp.kristdemokraterna.se\/vasternorrland\/files\/2019\/06\/naringsliv-kor-768x432.jpg 768w, https:\/\/wp.kristdemokraterna.se\/vasternorrland\/files\/2019\/06\/naringsliv-kor-540x304.jpg 540w, https:\/\/wp.kristdemokraterna.se\/vasternorrland\/files\/2019\/06\/naringsliv-kor-356x200.jpg 356w, https:\/\/wp.kristdemokraterna.se\/vasternorrland\/files\/2019\/06\/naringsliv-kor-370x208.jpg 370w, https:\/\/wp.kristdemokraterna.se\/vasternorrland\/files\/2019\/06\/naringsliv-kor-770x433.jpg 770w, https:\/\/wp.kristdemokraterna.se\/vasternorrland\/files\/2019\/06\/naringsliv-kor-450x253.jpg 450w, https:\/\/wp.kristdemokraterna.se\/vasternorrland\/files\/2019\/06\/naringsliv-kor-280x158.jpg 280w, https:\/\/wp.kristdemokraterna.se\/vasternorrland\/files\/2019\/06\/naringsliv-kor-340x191.jpg 340w, https:\/\/wp.kristdemokraterna.se\/vasternorrland\/files\/2019\/06\/naringsliv-kor-200x113.jpg 200w, https:\/\/wp.kristdemokraterna.se\/vasternorrland\/files\/2019\/06\/naringsliv-kor-100x56.jpg 100w\" sizes=\"auto, (max-width: 1920px) 100vw, 1920px\" \/><\/p>\n<h2><span style=\"font-size: 16px\">Jordbruk<\/span><\/h2>\n<p>F\u00f6rvaltarskapsprincipen ska vara v\u00e4gledande vid utformandet av en s\u00e4ker livsmedelsf\u00f6rs\u00f6rjning. Produktionen av livsmedel \u00e4r en basn\u00e4ring som m\u00e5ste v\u00e5rdas och utvecklas. Jordbrukspolitiken b\u00f6r utformas s\u00e5 att den skapar f\u00f6ruts\u00e4ttningar f\u00f6r n\u00e4rhet mellan producent och konsument. Detta minskar behovet av l\u00e5ngv\u00e4ga transporter. F\u00f6rsiktighetsprincipen v\u00e4gleder betr\u00e4ffande genetiskt modifierade livsmedel.<\/p>\n<p>Ur s\u00e5v\u00e4l ett globalt som nationellt perspektiv \u00e4r det l\u00e5ngsiktigt n\u00f6dv\u00e4ndigt att \u00e5kermarken i Sverige och \u00f6vriga Europa kan nyttjas f\u00f6r livsmedelsproduktion eller annan produktion som l\u00e4tt kan avbrytas och \u00e5terg\u00e5 till livsmedelsproduktion, som till exempel vid odling av energigr\u00f6dor.<\/p>\n<p>F\u00f6r en levande landsbygd \u00e4r ett livskraftigt jord och skogsbruk samt fiske och renn\u00e4ring av central betydelse. De har \u00e4ven en stor betydelse f\u00f6r syssels\u00e4ttning<br \/>\ni n\u00e4ringar som f\u00f6r\u00e4dlar och s\u00e4ljer r\u00e5varor. B\u00e4rkraftiga familjejordbruk b\u00f6r \u00e4ven i forts\u00e4ttningen vara basen i svenskt jordbruk. \u00c4ven differentierat landsbygdsf\u00f6retagande ska underl\u00e4ttas. Det \u00e4r n\u00f6dv\u00e4ndigt att dessa n\u00e4ringar ges likv\u00e4rdiga konkurrensvillkor gentemot andra l\u00e4nder.<\/p>\n<p>Kultur betyder ursprungligen \u201dodling\u201d. Det \u00e4r n\u00f6dv\u00e4ndigt att ta till vara den kultur- och milj\u00f6insats som\u00a0g\u00f6rs inom jordbruksn\u00e4ringen. En \u00f6verg\u00e5ng till mer milj\u00f6anpassade och h\u00e5llbara brukningsmetoder m\u00e5ste ske. Sverige b\u00f6r ta till vara sina mycket goda f\u00f6ruts\u00e4ttningar f\u00f6r milj\u00f6v\u00e4nlig och s\u00e4ker produktion av h\u00f6gkvalitativa livsmedel. Sverige ska aktivt verka f\u00f6r ett mer milj\u00f6anpassat jordbruk inom EU.<\/p>\n<h2>Renn\u00e4ring<\/h2>\n<p>Renn\u00e4ringen ska v\u00e4rnas eftersom den \u00e4r en betydelsefull del av samisk kultur samt viktig f\u00f6r syssels\u00e4ttning<br \/>\noch boende i Sveriges norra inland och fj\u00e4llv\u00e4rld.<\/p>\n<h2>Skogsbruk<\/h2>\n<p>Skogsbruket och den d\u00e4rmed sammanh\u00e4ngande f\u00f6r\u00e4dlingsindustrin \u00e4r sedan l\u00e4nge en viktig svensk basn\u00e4ring. F\u00f6r att svenskt skogsbruk och skogsindustri ska kunna utvecklas kr\u00e4vs \u00f6vergripande l\u00e5ngsiktiga och h\u00e5llbara spelregler som fr\u00e4mjar s\u00e5v\u00e4l produktions- som milj\u00f6m\u00e5l. Det \u00e4r angel\u00e4get att dessa m\u00e5l har samma prioritet och dignitet vid utformandet av den \u00f6vergripande skogspolitiken.<\/p>\n<h2>Jakt, fiske och viltv\u00e5rd<\/h2>\n<p>Jakt, fiske och viltv\u00e5rd \u00e4r en del i bevarandet av den biologiska m\u00e5ngfalden. F\u00f6rutom att de f\u00f6r m\u00e5nga m\u00e4nniskor \u00e4r en viktig del i rekreation och friluftsliv, \u00e4r de dessutom ett tydligt exempel p\u00e5 till\u00e4mpat f\u00f6rvaltarskap av naturliga resurser. Viltv\u00e5rd \u00e4r viktig f\u00f6r att undvika sjukdomar, trafikolyckor samt skador p\u00e5 jordbruksgr\u00f6dor och skog. Med utg\u00e5ngspunkt i ett principiellt st\u00f6d f\u00f6r den enskilda \u00e4gander\u00e4tten och generationers erfarenhet av enskilt \u00e4gande av skogs- och jordbruksmark som garant f\u00f6r gott och l\u00e5ngsiktigt f\u00f6rvaltarskap, b\u00f6r kopplingen mellan mark\u00e4gande och jakt- och fisker\u00e4tt finnas. Samtidigt \u00e4r det angel\u00e4get att det offentliga vidtar olika \u00e5tg\u00e4rder f\u00f6r att bereda markl\u00f6sa j\u00e4gare tillg\u00e5ng till jakt p\u00e5 offentligt \u00e4gd mark.<\/p>\n<p>Det ska finnas livskraftiga stammar av v\u00e5ra fyra stora rovdjur: bj\u00f6rn, lo, j\u00e4rv och varg. De ska f\u00f6rvaltas s\u00e5 att samexistens med andra intressen \u00e4r m\u00f6jlig. Det ska ocks\u00e5 finnas m\u00f6jlighet till skyddsjakt f\u00f6r att v\u00e4rna liv och egendom. En l\u00e5ngsiktigt h\u00e5llbar rovdjurspolitik m\u00e5ste utformas i samr\u00e5d med den ber\u00f6rda landsbygdsbefolkningen.<\/p>\n<p>\/Ur <a href=\"http:\/\/www.kd.nu\/principprogram\">Kristdemokraternas principprogram 2015<\/a> &#8211; 4.1 Familjen ss. 134-135 samt 6.3 Jakt, fiske och viltv\u00e5rd s. 144.<\/p>\n<p><strong>Senaste inl\u00e4ggen om landsbygd:<\/strong><br \/>\n<ul class = \"posts-by-tag-list\"><li class=\"posts-by-tag-item alla inl\u00e4gg ambulans glesbygd hj\u00e4rtstopp HLR IVPA landsbygd Mona Hammarstedt MSB r\u00e4ddningsstj\u00e4nst skyddsutrustning specialistv\u00e5rd\" id=\"posts-by-tag-item-346857\"><a class = \"posts-by-tag-item-title\" href=\"https:\/\/wp.kristdemokraterna.se\/vasternorrland\/i-vantan-pa-ambulans-ivpa\/\">I v\u00e4ntan p\u00e5 ambulans (IVPA)<\/a> <small>Posted on: 29 januari 2021<\/small><\/li><li class=\"posts-by-tag-item alla inl\u00e4gg antibiotika Danmark djurh\u00e5llning Europa Finland gris ins\u00e4ndare julbord julskinka klimatet landsbygd Magnus Oscarsson Mona Hammarstedt\" id=\"posts-by-tag-item-332675\"><a class = \"posts-by-tag-item-title\" href=\"https:\/\/wp.kristdemokraterna.se\/vasternorrland\/kanns-stolthet-over-din-skinka\/\">K\u00e4nns stolthet \u00f6ver din skinka?<\/a> <small>Posted on: 20 december 2020<\/small><\/li><li class=\"posts-by-tag-item alla inl\u00e4gg Calle Svensson fast l\u00e4karkontakt hyrpersonal landsbygd listningsstopp listningstak Michal Zakolski omlistning prim\u00e4rv\u00e5rd v\u00e5rdval\" id=\"posts-by-tag-item-252845\"><a class = \"posts-by-tag-item-title\" href=\"https:\/\/wp.kristdemokraterna.se\/vasternorrland\/yttrande-over-remiss-digifysiskt-vardval\/\">Yttrande \u00f6ver remiss Digifysiskt v\u00e5rdval<\/a> <small>Posted on: 28 januari 2020<\/small><\/li><li class=\"posts-by-tag-item alla inl\u00e4gg debattartikel enskild v\u00e4g Gunl\u00f6g Jacobsson infrastruktur landsbygd Trafikverket\" id=\"posts-by-tag-item-252597\"><a class = \"posts-by-tag-item-title\" href=\"https:\/\/wp.kristdemokraterna.se\/vasternorrland\/varna-de-enskilda-vagarna\/\">V\u00e4rna de enskilda v\u00e4garna<\/a> <small>Posted on: 15 november 2019<\/small><\/li><li class=\"posts-by-tag-item \u00e4ldreomsorg alla inl\u00e4gg debattartikel ekonomi\/skatter Henrik Sendelbach landsbygd Mona Hammarstedt skatter skola statsbidrag trygghet v\u00e4rnskatt\" id=\"posts-by-tag-item-233673\"><a class = \"posts-by-tag-item-title\" href=\"https:\/\/wp.kristdemokraterna.se\/vasternorrland\/kd-valjer-valfard-framfor-gratisavgifter-och-slopad-varnskatt\/\">KD v\u00e4ljer v\u00e4lf\u00e4rd framf\u00f6r gratisavgifter och slopad v\u00e4rnskatt<\/a> <small>Posted on: 10 november 2019<\/small><\/li><li class=\"posts-by-tag-item alla inl\u00e4gg landsbygd regional utveckling regional utvecklingsstrategi remissvar\" id=\"posts-by-tag-item-258724\"><a class = \"posts-by-tag-item-title\" href=\"https:\/\/wp.kristdemokraterna.se\/vasternorrland\/remisssvar-till-regional-utvecklingsstrategi-for-vasternorrland-2020-2030\/\">Remisssvar till Regional utvecklingsstrategi f\u00f6r V\u00e4sternorrland 2020-2030<\/a> <small>Posted on: 30 september 2019<\/small><\/li><li class=\"posts-by-tag-item alla inl\u00e4gg debattartikel Kjell-Arne Ottosson landsbygd Liza-Maria Norlin Magnus Oscarsson milj\u00f6 och energi nyckelbiotop skog skogs\u00e4gare Skogsstyrelsen\" id=\"posts-by-tag-item-293458\"><a class = \"posts-by-tag-item-title\" href=\"https:\/\/wp.kristdemokraterna.se\/vasternorrland\/skogsagare-som-fatt-sin-mark-nyckelbiotopsklasssad-maste-erbjudas-ersattning\/\">Skogs\u00e4gare som f\u00e5tt sin mark nyckelbiotopsklasssad m\u00e5ste erbjudas ers\u00e4ttning<\/a> <small>Posted on: 4 augusti 2019<\/small><\/li><li class=\"posts-by-tag-item alla inl\u00e4gg f\u00f6rvaltarskap Kjell-Arne Ottosson landsbygd Liza-Maria Norlin Magnus Oscarsson milj\u00f6 och energi nyckelbiotop skog skogsbruk\" id=\"posts-by-tag-item-296003\"><a class = \"posts-by-tag-item-title\" href=\"https:\/\/wp.kristdemokraterna.se\/vasternorrland\/vi-forbrukar-inte-vi-brukar\/\">Vi f\u00f6rbrukar inte - vi brukar<\/a> <small>Posted on: 20 juli 2019<\/small><\/li><li class=\"posts-by-tag-item \u00e4gander\u00e4tt alla inl\u00e4gg debattartikel Kjell-Arne Ottosson koldioxid landsbygd Liza-Maria Norlin Magnus Oscarsson milj\u00f6 och energi nyckelbiotop reservat skog skogs\u00e4gare\" id=\"posts-by-tag-item-293455\"><a class = \"posts-by-tag-item-title\" href=\"https:\/\/wp.kristdemokraterna.se\/vasternorrland\/staten-struntar-i-skogsagarnas-aganderatt\/\">Staten struntar i skogs\u00e4garnas \u00e4gander\u00e4tt<\/a> <small>Posted on: 18 juli 2019<\/small><\/li><li class=\"posts-by-tag-item alla inl\u00e4gg jakt landsbygd vapen vapen\u00e4gare vapendirektivet viltv\u00e5rd\" id=\"posts-by-tag-item-296015\"><a class = \"posts-by-tag-item-title\" href=\"https:\/\/wp.kristdemokraterna.se\/vasternorrland\/skot-jaktfragorna-nationellt\/\">Sk\u00f6t jaktfr\u00e5gorna nationellt<\/a> <small>Posted on: 23 maj 2019<\/small><\/li><\/ul>F\u00f6r samtliga inl\u00e4gg om landsbygd, se <a href=\"http:\/\/wp.kristdemokraterna.se\/vasternorrland\/etiketter\/landsbygd\/\">h\u00e4r<\/a><\/p>\n<hr \/>\n<p><em>Bilden \u00f6verst av <a href=\"https:\/\/pixabay.com\/sv\/users\/mathias_beckmann-782360\/\">Matthias_Beckmann<\/a> fr\u00e5n Pixabay (<a href=\"https:\/\/pixabay.com\/sv\/service\/license\/\">Pixabay License<\/a>).<\/em><\/p>\n","protected":false},"excerpt":{"rendered":"<p>Jordbruk F\u00f6rvaltarskapsprincipen ska vara v\u00e4gledande vid utformandet av en s\u00e4ker livsmedelsf\u00f6rs\u00f6rjning. Produktionen av livsmedel \u00e4r en basn\u00e4ring som m\u00e5ste v\u00e5rdas och utvecklas. Jordbrukspolitiken b\u00f6r utformas s\u00e5 att den skapar f\u00f6ruts\u00e4ttningar f\u00f6r n\u00e4rhet mellan producent och konsument. Detta minskar behovet av l\u00e5ngv\u00e4ga transporter. F\u00f6rsiktighetsprincipen v\u00e4gleder betr\u00e4ffande genetiskt modifierade livsmedel. Ur s\u00e5v\u00e4l ett globalt som nationellt perspektiv <a class=\"read-more-link\" href=\"https:\/\/wp.kristdemokraterna.se\/vasternorrland\/var-politik\/politikomraden\/landsbygd\/\">Read More<\/a><\/p>\n","protected":false},"author":861,"featured_media":0,"parent":179725,"menu_order":9,"comment_status":"closed","ping_status":"closed","template":"","meta":{"_acf_changed":false,"footnotes":""},"class_list":["post-278155","page","type-page","status-publish","hentry"],"acf":[],"yoast_head":"<!-- This site is optimized with the Yoast SEO plugin v27.4 - https:\/\/yoast.com\/product\/yoast-seo-wordpress\/ -->\n<title>Landsbygd | KD V\u00e4sternorrland<\/title>\n<meta name=\"robots\" content=\"index, follow, max-snippet:-1, max-image-preview:large, max-video-preview:-1\" \/>\n<link rel=\"canonical\" href=\"https:\/\/wp.kristdemokraterna.se\/vasternorrland\/var-politik\/politikomraden\/landsbygd\/\" \/>\n<meta property=\"og:locale\" content=\"sv_SE\" \/>\n<meta property=\"og:type\" content=\"article\" \/>\n<meta property=\"og:title\" content=\"Landsbygd | KD V\u00e4sternorrland\" \/>\n<meta property=\"og:description\" content=\"Jordbruk F\u00f6rvaltarskapsprincipen ska vara v\u00e4gledande vid utformandet av en s\u00e4ker livsmedelsf\u00f6rs\u00f6rjning. Produktionen av livsmedel \u00e4r en basn\u00e4ring som m\u00e5ste v\u00e5rdas och utvecklas. Jordbrukspolitiken b\u00f6r utformas s\u00e5 att den skapar f\u00f6ruts\u00e4ttningar f\u00f6r n\u00e4rhet mellan producent och konsument. Detta minskar behovet av l\u00e5ngv\u00e4ga transporter. F\u00f6rsiktighetsprincipen v\u00e4gleder betr\u00e4ffande genetiskt modifierade livsmedel. Ur s\u00e5v\u00e4l ett globalt som nationellt perspektiv Read More\" \/>\n<meta property=\"og:url\" content=\"https:\/\/wp.kristdemokraterna.se\/vasternorrland\/var-politik\/politikomraden\/landsbygd\/\" \/>\n<meta property=\"og:site_name\" content=\"KD V\u00e4sternorrland\" \/>\n<meta property=\"article:publisher\" content=\"https:\/\/www.facebook.com\/kdrvn\/\" \/>\n<meta property=\"article:modified_time\" content=\"2022-12-21T08:45:53+00:00\" \/>\n<meta property=\"og:image\" content=\"http:\/\/wp.kristdemokraterna.se\/vasternorrland\/files\/2019\/06\/naringsliv-kor.jpg\" \/>\n<meta name=\"twitter:card\" content=\"summary_large_image\" \/>\n<meta name=\"twitter:label1\" content=\"Ber\u00e4knad l\u00e4stid\" \/>\n\t<meta name=\"twitter:data1\" content=\"3 minuter\" \/>\n<script type=\"application\/ld+json\" class=\"yoast-schema-graph\">{\"@context\":\"https:\\\/\\\/schema.org\",\"@graph\":[{\"@type\":\"WebPage\",\"@id\":\"https:\\\/\\\/wp.kristdemokraterna.se\\\/vasternorrland\\\/var-politik\\\/politikomraden\\\/landsbygd\\\/\",\"url\":\"https:\\\/\\\/wp.kristdemokraterna.se\\\/vasternorrland\\\/var-politik\\\/politikomraden\\\/landsbygd\\\/\",\"name\":\"Landsbygd | KD V\u00e4sternorrland\",\"isPartOf\":{\"@id\":\"https:\\\/\\\/wp.kristdemokraterna.se\\\/vasternorrland\\\/#website\"},\"primaryImageOfPage\":{\"@id\":\"https:\\\/\\\/wp.kristdemokraterna.se\\\/vasternorrland\\\/var-politik\\\/politikomraden\\\/landsbygd\\\/#primaryimage\"},\"image\":{\"@id\":\"https:\\\/\\\/wp.kristdemokraterna.se\\\/vasternorrland\\\/var-politik\\\/politikomraden\\\/landsbygd\\\/#primaryimage\"},\"thumbnailUrl\":\"http:\\\/\\\/wp.kristdemokraterna.se\\\/vasternorrland\\\/files\\\/2019\\\/06\\\/naringsliv-kor.jpg\",\"datePublished\":\"2020-05-10T15:39:57+00:00\",\"dateModified\":\"2022-12-21T08:45:53+00:00\",\"breadcrumb\":{\"@id\":\"https:\\\/\\\/wp.kristdemokraterna.se\\\/vasternorrland\\\/var-politik\\\/politikomraden\\\/landsbygd\\\/#breadcrumb\"},\"inLanguage\":\"sv-SE\",\"potentialAction\":[{\"@type\":\"ReadAction\",\"target\":[\"https:\\\/\\\/wp.kristdemokraterna.se\\\/vasternorrland\\\/var-politik\\\/politikomraden\\\/landsbygd\\\/\"]}]},{\"@type\":\"ImageObject\",\"inLanguage\":\"sv-SE\",\"@id\":\"https:\\\/\\\/wp.kristdemokraterna.se\\\/vasternorrland\\\/var-politik\\\/politikomraden\\\/landsbygd\\\/#primaryimage\",\"url\":\"https:\\\/\\\/wp.kristdemokraterna.se\\\/vasternorrland\\\/files\\\/2019\\\/06\\\/naringsliv-kor.jpg\",\"contentUrl\":\"https:\\\/\\\/wp.kristdemokraterna.se\\\/vasternorrland\\\/files\\\/2019\\\/06\\\/naringsliv-kor.jpg\",\"width\":1920,\"height\":1080,\"caption\":\"Bilden \u00f6verst av Mathias_Beckmann fr\u00e5n Pixabay (Pixabay License).\"},{\"@type\":\"BreadcrumbList\",\"@id\":\"https:\\\/\\\/wp.kristdemokraterna.se\\\/vasternorrland\\\/var-politik\\\/politikomraden\\\/landsbygd\\\/#breadcrumb\",\"itemListElement\":[{\"@type\":\"ListItem\",\"position\":1,\"name\":\"Hem\",\"item\":\"https:\\\/\\\/wp.kristdemokraterna.se\\\/vasternorrland\\\/\"},{\"@type\":\"ListItem\",\"position\":2,\"name\":\"V\u00e5r politik\",\"item\":\"https:\\\/\\\/wp.kristdemokraterna.se\\\/vasternorrland\\\/var-politik\\\/\"},{\"@type\":\"ListItem\",\"position\":3,\"name\":\"Politikomr\u00e5den\",\"item\":\"https:\\\/\\\/wp.kristdemokraterna.se\\\/vasternorrland\\\/var-politik\\\/politikomraden\\\/\"},{\"@type\":\"ListItem\",\"position\":4,\"name\":\"Landsbygd\"}]},{\"@type\":\"WebSite\",\"@id\":\"https:\\\/\\\/wp.kristdemokraterna.se\\\/vasternorrland\\\/#website\",\"url\":\"https:\\\/\\\/wp.kristdemokraterna.se\\\/vasternorrland\\\/\",\"name\":\"KD V\u00e4sternorrland\",\"description\":\"V\u00e5rda v\u00e5rden - utveckla prim\u00e4rv\u00e5rden\",\"inLanguage\":\"sv-SE\"}]}<\/script>\n<!-- \/ Yoast SEO plugin. -->","yoast_head_json":{"title":"Landsbygd | KD V\u00e4sternorrland","robots":{"index":"index","follow":"follow","max-snippet":"max-snippet:-1","max-image-preview":"max-image-preview:large","max-video-preview":"max-video-preview:-1"},"canonical":"https:\/\/wp.kristdemokraterna.se\/vasternorrland\/var-politik\/politikomraden\/landsbygd\/","og_locale":"sv_SE","og_type":"article","og_title":"Landsbygd | KD V\u00e4sternorrland","og_description":"Jordbruk F\u00f6rvaltarskapsprincipen ska vara v\u00e4gledande vid utformandet av en s\u00e4ker livsmedelsf\u00f6rs\u00f6rjning. Produktionen av livsmedel \u00e4r en basn\u00e4ring som m\u00e5ste v\u00e5rdas och utvecklas. Jordbrukspolitiken b\u00f6r utformas s\u00e5 att den skapar f\u00f6ruts\u00e4ttningar f\u00f6r n\u00e4rhet mellan producent och konsument. Detta minskar behovet av l\u00e5ngv\u00e4ga transporter. F\u00f6rsiktighetsprincipen v\u00e4gleder betr\u00e4ffande genetiskt modifierade livsmedel. Ur s\u00e5v\u00e4l ett globalt som nationellt perspektiv Read More","og_url":"https:\/\/wp.kristdemokraterna.se\/vasternorrland\/var-politik\/politikomraden\/landsbygd\/","og_site_name":"KD V\u00e4sternorrland","article_publisher":"https:\/\/www.facebook.com\/kdrvn\/","article_modified_time":"2022-12-21T08:45:53+00:00","og_image":[{"url":"http:\/\/wp.kristdemokraterna.se\/vasternorrland\/files\/2019\/06\/naringsliv-kor.jpg","type":"","width":"","height":""}],"twitter_card":"summary_large_image","twitter_misc":{"Ber\u00e4knad l\u00e4stid":"3 minuter"},"schema":{"@context":"https:\/\/schema.org","@graph":[{"@type":"WebPage","@id":"https:\/\/wp.kristdemokraterna.se\/vasternorrland\/var-politik\/politikomraden\/landsbygd\/","url":"https:\/\/wp.kristdemokraterna.se\/vasternorrland\/var-politik\/politikomraden\/landsbygd\/","name":"Landsbygd | KD V\u00e4sternorrland","isPartOf":{"@id":"https:\/\/wp.kristdemokraterna.se\/vasternorrland\/#website"},"primaryImageOfPage":{"@id":"https:\/\/wp.kristdemokraterna.se\/vasternorrland\/var-politik\/politikomraden\/landsbygd\/#primaryimage"},"image":{"@id":"https:\/\/wp.kristdemokraterna.se\/vasternorrland\/var-politik\/politikomraden\/landsbygd\/#primaryimage"},"thumbnailUrl":"http:\/\/wp.kristdemokraterna.se\/vasternorrland\/files\/2019\/06\/naringsliv-kor.jpg","datePublished":"2020-05-10T15:39:57+00:00","dateModified":"2022-12-21T08:45:53+00:00","breadcrumb":{"@id":"https:\/\/wp.kristdemokraterna.se\/vasternorrland\/var-politik\/politikomraden\/landsbygd\/#breadcrumb"},"inLanguage":"sv-SE","potentialAction":[{"@type":"ReadAction","target":["https:\/\/wp.kristdemokraterna.se\/vasternorrland\/var-politik\/politikomraden\/landsbygd\/"]}]},{"@type":"ImageObject","inLanguage":"sv-SE","@id":"https:\/\/wp.kristdemokraterna.se\/vasternorrland\/var-politik\/politikomraden\/landsbygd\/#primaryimage","url":"https:\/\/wp.kristdemokraterna.se\/vasternorrland\/files\/2019\/06\/naringsliv-kor.jpg","contentUrl":"https:\/\/wp.kristdemokraterna.se\/vasternorrland\/files\/2019\/06\/naringsliv-kor.jpg","width":1920,"height":1080,"caption":"Bilden \u00f6verst av Mathias_Beckmann fr\u00e5n Pixabay (Pixabay License)."},{"@type":"BreadcrumbList","@id":"https:\/\/wp.kristdemokraterna.se\/vasternorrland\/var-politik\/politikomraden\/landsbygd\/#breadcrumb","itemListElement":[{"@type":"ListItem","position":1,"name":"Hem","item":"https:\/\/wp.kristdemokraterna.se\/vasternorrland\/"},{"@type":"ListItem","position":2,"name":"V\u00e5r politik","item":"https:\/\/wp.kristdemokraterna.se\/vasternorrland\/var-politik\/"},{"@type":"ListItem","position":3,"name":"Politikomr\u00e5den","item":"https:\/\/wp.kristdemokraterna.se\/vasternorrland\/var-politik\/politikomraden\/"},{"@type":"ListItem","position":4,"name":"Landsbygd"}]},{"@type":"WebSite","@id":"https:\/\/wp.kristdemokraterna.se\/vasternorrland\/#website","url":"https:\/\/wp.kristdemokraterna.se\/vasternorrland\/","name":"KD V\u00e4sternorrland","description":"V\u00e5rda v\u00e5rden - utveckla prim\u00e4rv\u00e5rden","inLanguage":"sv-SE"}]}},"_links":{"self":[{"href":"https:\/\/wp.kristdemokraterna.se\/vasternorrland\/wp-json\/wp\/v2\/pages\/278155","targetHints":{"allow":["GET"]}}],"collection":[{"href":"https:\/\/wp.kristdemokraterna.se\/vasternorrland\/wp-json\/wp\/v2\/pages"}],"about":[{"href":"https:\/\/wp.kristdemokraterna.se\/vasternorrland\/wp-json\/wp\/v2\/types\/page"}],"author":[{"embeddable":true,"href":"https:\/\/wp.kristdemokraterna.se\/vasternorrland\/wp-json\/wp\/v2\/users\/861"}],"replies":[{"embeddable":true,"href":"https:\/\/wp.kristdemokraterna.se\/vasternorrland\/wp-json\/wp\/v2\/comments?post=278155"}],"version-history":[{"count":2,"href":"https:\/\/wp.kristdemokraterna.se\/vasternorrland\/wp-json\/wp\/v2\/pages\/278155\/revisions"}],"predecessor-version":[{"id":352379,"href":"https:\/\/wp.kristdemokraterna.se\/vasternorrland\/wp-json\/wp\/v2\/pages\/278155\/revisions\/352379"}],"up":[{"embeddable":true,"href":"https:\/\/wp.kristdemokraterna.se\/vasternorrland\/wp-json\/wp\/v2\/pages\/179725"}],"wp:attachment":[{"href":"https:\/\/wp.kristdemokraterna.se\/vasternorrland\/wp-json\/wp\/v2\/media?parent=278155"}],"curies":[{"name":"wp","href":"https:\/\/api.w.org\/{rel}","templated":true}]}}