{"id":292431,"date":"1991-10-02T20:47:48","date_gmt":"1991-10-02T19:47:48","guid":{"rendered":"http:\/\/wp.kristdemokraterna.se\/vasternorrland\/?page_id=292431"},"modified":"2020-07-07T20:59:41","modified_gmt":"2020-07-07T18:59:41","slug":"i-landstingsfullmaktige-1991-1994","status":"publish","type":"page","link":"https:\/\/wp.kristdemokraterna.se\/vasternorrland\/foretradare\/i-landstingsfullmaktige-1991-1994\/","title":{"rendered":"I landstingsfullm\u00e4ktige 1991-1994"},"content":{"rendered":"<p>Kristdemokratiska Samh\u00e4llspartiet (KdS)\u00a0ledam\u00f6ter och ers\u00e4ttare i landstingsfullm\u00e4ktige i V\u00e4sternorrlands l\u00e4n invalda mandatperioden 1991 till 1994.<\/p>\n<h2>Ledam\u00f6ter<\/h2>\n<p>Berit Andersson<br \/>\nUlla Lindgren (vice gruppledare)<br \/>\nLouise L\u00f6nneborg-Parkman<br \/>\nHans Wallenberg<br \/>\nSverker \u00c5gren, Sollefte\u00e5 (gruppledare)<\/p>\n<h2>Ers\u00e4ttare<\/h2>\n<p>Fritz Hultgren<br \/>\nUlla-Britt Sundin<br \/>\nHans Brynielsson<\/p>\n","protected":false},"excerpt":{"rendered":"<p>Kristdemokratiska Samh\u00e4llspartiet (KdS)\u00a0ledam\u00f6ter och ers\u00e4ttare i landstingsfullm\u00e4ktige i V\u00e4sternorrlands l\u00e4n invalda mandatperioden 1991 till 1994. Ledam\u00f6ter Berit Andersson Ulla Lindgren (vice gruppledare) Louise L\u00f6nneborg-Parkman Hans Wallenberg Sverker \u00c5gren, Sollefte\u00e5 (gruppledare) Ers\u00e4ttare Fritz Hultgren Ulla-Britt Sundin Hans Brynielsson<\/p>\n","protected":false},"author":861,"featured_media":0,"parent":128961,"menu_order":1991,"comment_status":"closed","ping_status":"closed","template":"","meta":{"_acf_changed":false,"footnotes":""},"class_list":["post-292431","page","type-page","status-publish","hentry"],"acf":[],"yoast_head":"<!-- This site is optimized with the Yoast SEO plugin v27.3 - https:\/\/yoast.com\/product\/yoast-seo-wordpress\/ -->\n<title>I landstingsfullm\u00e4ktige 1991-1994 | KD V\u00e4sternorrland<\/title>\n<meta name=\"robots\" content=\"index, follow, max-snippet:-1, max-image-preview:large, max-video-preview:-1\" \/>\n<link rel=\"canonical\" href=\"https:\/\/wp.kristdemokraterna.se\/vasternorrland\/foretradare\/i-landstingsfullmaktige-1991-1994\/\" \/>\n<meta property=\"og:locale\" content=\"sv_SE\" \/>\n<meta property=\"og:type\" content=\"article\" \/>\n<meta property=\"og:title\" content=\"I landstingsfullm\u00e4ktige 1991-1994 | KD V\u00e4sternorrland\" \/>\n<meta property=\"og:description\" content=\"Kristdemokratiska Samh\u00e4llspartiet (KdS)\u00a0ledam\u00f6ter och ers\u00e4ttare i landstingsfullm\u00e4ktige i V\u00e4sternorrlands l\u00e4n invalda mandatperioden 1991 till 1994. Ledam\u00f6ter Berit Andersson Ulla Lindgren (vice gruppledare) Louise L\u00f6nneborg-Parkman Hans Wallenberg Sverker \u00c5gren, Sollefte\u00e5 (gruppledare) Ers\u00e4ttare Fritz Hultgren Ulla-Britt Sundin Hans Brynielsson\" \/>\n<meta property=\"og:url\" content=\"https:\/\/wp.kristdemokraterna.se\/vasternorrland\/foretradare\/i-landstingsfullmaktige-1991-1994\/\" \/>\n<meta property=\"og:site_name\" content=\"KD V\u00e4sternorrland\" \/>\n<meta property=\"article:publisher\" content=\"https:\/\/www.facebook.com\/kdrvn\/\" \/>\n<meta property=\"article:modified_time\" content=\"2020-07-07T18:59:41+00:00\" \/>\n<meta name=\"twitter:card\" content=\"summary_large_image\" \/>\n<script type=\"application\/ld+json\" class=\"yoast-schema-graph\">{\"@context\":\"https:\\\/\\\/schema.org\",\"@graph\":[{\"@type\":\"WebPage\",\"@id\":\"https:\\\/\\\/wp.kristdemokraterna.se\\\/vasternorrland\\\/foretradare\\\/i-landstingsfullmaktige-1991-1994\\\/\",\"url\":\"https:\\\/\\\/wp.kristdemokraterna.se\\\/vasternorrland\\\/foretradare\\\/i-landstingsfullmaktige-1991-1994\\\/\",\"name\":\"I landstingsfullm\u00e4ktige 1991-1994 | KD V\u00e4sternorrland\",\"isPartOf\":{\"@id\":\"https:\\\/\\\/wp.kristdemokraterna.se\\\/vasternorrland\\\/#website\"},\"datePublished\":\"1991-10-02T19:47:48+00:00\",\"dateModified\":\"2020-07-07T18:59:41+00:00\",\"breadcrumb\":{\"@id\":\"https:\\\/\\\/wp.kristdemokraterna.se\\\/vasternorrland\\\/foretradare\\\/i-landstingsfullmaktige-1991-1994\\\/#breadcrumb\"},\"inLanguage\":\"sv-SE\",\"potentialAction\":[{\"@type\":\"ReadAction\",\"target\":[\"https:\\\/\\\/wp.kristdemokraterna.se\\\/vasternorrland\\\/foretradare\\\/i-landstingsfullmaktige-1991-1994\\\/\"]}]},{\"@type\":\"BreadcrumbList\",\"@id\":\"https:\\\/\\\/wp.kristdemokraterna.se\\\/vasternorrland\\\/foretradare\\\/i-landstingsfullmaktige-1991-1994\\\/#breadcrumb\",\"itemListElement\":[{\"@type\":\"ListItem\",\"position\":1,\"name\":\"Hem\",\"item\":\"https:\\\/\\\/wp.kristdemokraterna.se\\\/vasternorrland\\\/\"},{\"@type\":\"ListItem\",\"position\":2,\"name\":\"F\u00f6retr\u00e4dare\",\"item\":\"https:\\\/\\\/wp.kristdemokraterna.se\\\/vasternorrland\\\/foretradare\\\/\"},{\"@type\":\"ListItem\",\"position\":3,\"name\":\"I landstingsfullm\u00e4ktige 1991-1994\"}]},{\"@type\":\"WebSite\",\"@id\":\"https:\\\/\\\/wp.kristdemokraterna.se\\\/vasternorrland\\\/#website\",\"url\":\"https:\\\/\\\/wp.kristdemokraterna.se\\\/vasternorrland\\\/\",\"name\":\"KD V\u00e4sternorrland\",\"description\":\"V\u00e5rda v\u00e5rden - utveckla prim\u00e4rv\u00e5rden\",\"inLanguage\":\"sv-SE\"}]}<\/script>\n<!-- \/ Yoast SEO plugin. -->","yoast_head_json":{"title":"I landstingsfullm\u00e4ktige 1991-1994 | KD V\u00e4sternorrland","robots":{"index":"index","follow":"follow","max-snippet":"max-snippet:-1","max-image-preview":"max-image-preview:large","max-video-preview":"max-video-preview:-1"},"canonical":"https:\/\/wp.kristdemokraterna.se\/vasternorrland\/foretradare\/i-landstingsfullmaktige-1991-1994\/","og_locale":"sv_SE","og_type":"article","og_title":"I landstingsfullm\u00e4ktige 1991-1994 | KD V\u00e4sternorrland","og_description":"Kristdemokratiska Samh\u00e4llspartiet (KdS)\u00a0ledam\u00f6ter och ers\u00e4ttare i landstingsfullm\u00e4ktige i V\u00e4sternorrlands l\u00e4n invalda mandatperioden 1991 till 1994. Ledam\u00f6ter Berit Andersson Ulla Lindgren (vice gruppledare) Louise L\u00f6nneborg-Parkman Hans Wallenberg Sverker \u00c5gren, Sollefte\u00e5 (gruppledare) Ers\u00e4ttare Fritz Hultgren Ulla-Britt Sundin Hans Brynielsson","og_url":"https:\/\/wp.kristdemokraterna.se\/vasternorrland\/foretradare\/i-landstingsfullmaktige-1991-1994\/","og_site_name":"KD V\u00e4sternorrland","article_publisher":"https:\/\/www.facebook.com\/kdrvn\/","article_modified_time":"2020-07-07T18:59:41+00:00","twitter_card":"summary_large_image","schema":{"@context":"https:\/\/schema.org","@graph":[{"@type":"WebPage","@id":"https:\/\/wp.kristdemokraterna.se\/vasternorrland\/foretradare\/i-landstingsfullmaktige-1991-1994\/","url":"https:\/\/wp.kristdemokraterna.se\/vasternorrland\/foretradare\/i-landstingsfullmaktige-1991-1994\/","name":"I landstingsfullm\u00e4ktige 1991-1994 | KD V\u00e4sternorrland","isPartOf":{"@id":"https:\/\/wp.kristdemokraterna.se\/vasternorrland\/#website"},"datePublished":"1991-10-02T19:47:48+00:00","dateModified":"2020-07-07T18:59:41+00:00","breadcrumb":{"@id":"https:\/\/wp.kristdemokraterna.se\/vasternorrland\/foretradare\/i-landstingsfullmaktige-1991-1994\/#breadcrumb"},"inLanguage":"sv-SE","potentialAction":[{"@type":"ReadAction","target":["https:\/\/wp.kristdemokraterna.se\/vasternorrland\/foretradare\/i-landstingsfullmaktige-1991-1994\/"]}]},{"@type":"BreadcrumbList","@id":"https:\/\/wp.kristdemokraterna.se\/vasternorrland\/foretradare\/i-landstingsfullmaktige-1991-1994\/#breadcrumb","itemListElement":[{"@type":"ListItem","position":1,"name":"Hem","item":"https:\/\/wp.kristdemokraterna.se\/vasternorrland\/"},{"@type":"ListItem","position":2,"name":"F\u00f6retr\u00e4dare","item":"https:\/\/wp.kristdemokraterna.se\/vasternorrland\/foretradare\/"},{"@type":"ListItem","position":3,"name":"I landstingsfullm\u00e4ktige 1991-1994"}]},{"@type":"WebSite","@id":"https:\/\/wp.kristdemokraterna.se\/vasternorrland\/#website","url":"https:\/\/wp.kristdemokraterna.se\/vasternorrland\/","name":"KD V\u00e4sternorrland","description":"V\u00e5rda v\u00e5rden - utveckla prim\u00e4rv\u00e5rden","inLanguage":"sv-SE"}]}},"_links":{"self":[{"href":"https:\/\/wp.kristdemokraterna.se\/vasternorrland\/wp-json\/wp\/v2\/pages\/292431","targetHints":{"allow":["GET"]}}],"collection":[{"href":"https:\/\/wp.kristdemokraterna.se\/vasternorrland\/wp-json\/wp\/v2\/pages"}],"about":[{"href":"https:\/\/wp.kristdemokraterna.se\/vasternorrland\/wp-json\/wp\/v2\/types\/page"}],"author":[{"embeddable":true,"href":"https:\/\/wp.kristdemokraterna.se\/vasternorrland\/wp-json\/wp\/v2\/users\/861"}],"replies":[{"embeddable":true,"href":"https:\/\/wp.kristdemokraterna.se\/vasternorrland\/wp-json\/wp\/v2\/comments?post=292431"}],"version-history":[{"count":1,"href":"https:\/\/wp.kristdemokraterna.se\/vasternorrland\/wp-json\/wp\/v2\/pages\/292431\/revisions"}],"predecessor-version":[{"id":292432,"href":"https:\/\/wp.kristdemokraterna.se\/vasternorrland\/wp-json\/wp\/v2\/pages\/292431\/revisions\/292432"}],"up":[{"embeddable":true,"href":"https:\/\/wp.kristdemokraterna.se\/vasternorrland\/wp-json\/wp\/v2\/pages\/128961"}],"wp:attachment":[{"href":"https:\/\/wp.kristdemokraterna.se\/vasternorrland\/wp-json\/wp\/v2\/media?parent=292431"}],"curies":[{"name":"wp","href":"https:\/\/api.w.org\/{rel}","templated":true}]}}