{"id":322758,"date":"2020-11-09T17:27:00","date_gmt":"2020-11-09T16:27:00","guid":{"rendered":"http:\/\/wp.kristdemokraterna.se\/vasternorrland\/?page_id=322758"},"modified":"2021-05-26T10:29:42","modified_gmt":"2021-05-26T08:29:42","slug":"bostad","status":"publish","type":"page","link":"https:\/\/wp.kristdemokraterna.se\/vasternorrland\/var-politik\/politikomraden\/bostad\/","title":{"rendered":"Bostad"},"content":{"rendered":"<p>Att ha n\u00e5gonstans att bo \u00e4r ett grundl\u00e4ggande behov hos m\u00e4nniskan. Stat och kommun m\u00e5ste d\u00e4rf\u00f6r trygga bostadsf\u00f6rs\u00f6rjningen \u00e5t alla, i olika \u00e5ldrar och med olika sociala och ekonomiska f\u00f6ruts\u00e4ttningar. Inte minst f\u00f6r barn och unga \u00e4r en god boendemilj\u00f6 av st\u00f6rsta vikt.<\/p>\n<p>M\u00e4nniskans n\u00e4rmilj\u00f6 \u00e4r av stor vikt f\u00f6r v\u00e5rt psykiska och fysiska v\u00e4lbefinnande. En trygg och estetiskt tilltalande n\u00e4rmilj\u00f6 \u00e4r viktig f\u00f6r att vi ska m\u00e5 v\u00e4l och utvecklas i positiv riktning. Ett samh\u00e4llsbyggande utifr\u00e5n en kristdemokratisk v\u00e4rdegrund inneb\u00e4r att planera f\u00f6r trygga och vackra milj\u00f6er d\u00e4r inv\u00e5narna sj\u00e4lva tar aktiv del i beslutsprocessen och k\u00e4nner sig delaktiga i skapandet av sina n\u00e4rmilj\u00f6er.<\/p>\n<p>V\u00e4rdefulla kultur- och naturmilj\u00f6er ska hanteras varsamt s\u00e5 att de p\u00e5 b\u00e4sta s\u00e4tt bevaras f\u00f6r framtiden, men ett riksintressesystem och strandskyddsregler f\u00e5r inte skapa on\u00f6diga hinder f\u00f6r bostadsbyggande och m\u00e4nniskors m\u00f6jlighet att nyttja sin egendom. Strandskyddsregler ska till\u00e4mpas lika d\u00e4r f\u00f6ruts\u00e4ttningarna \u00e4r lika.<\/p>\n<p>En god fysisk uppv\u00e4xtmilj\u00f6 b\u00f6r betonas som viktig faktor inom bostadspolitiken. En bra bostad och en god n\u00e4rmilj\u00f6 \u00e4r av grundl\u00e4ggande betydelse f\u00f6r v\u00e4lf\u00e4rden. Boendet ska underl\u00e4tta gemenskap och ett aktivt vardagsliv. Kommunerna ska ha det sociala ansvaret f\u00f6r att trygga bostadsf\u00f6rs\u00f6rjningen f\u00f6r sina inv\u00e5nare. Kr\u00e5ngel och on\u00f6diga regler f\u00e5r inte st\u00e5 i v\u00e4gen f\u00f6r en kommun att leva upp till sitt ansvar eller f\u00f6r enskildas m\u00f6jligheter att utveckla sitt boende.<\/p>\n<p>Inomhusmilj\u00f6n beh\u00f6ver s\u00e4rskilt uppm\u00e4rksammas i offentliga lokaler som skolor och gruppboenden men ocks\u00e5 i egna hem och hyresbost\u00e4der ge dem som s\u00e5 \u00f6nskar m\u00f6jlighet att \u00e4ga sin bostad.<\/p>\n<p>\/N\u00e5gra stycken ur Kristdemokraternas principprogram &#8211; 4.4. Boende och samh\u00e4llsbyggand ss. 100-104.<\/p>\n<p><strong>Senaste inl\u00e4ggen om bostad:<\/strong><br \/>\n<ul class = \"posts-by-tag-list\"><li class=\"posts-by-tag-item \u00e4garl\u00e4genhet alla inl\u00e4gg arbetsl\u00f6shet bosparande bostad bostadsbrist bostadsr\u00e4tt debattartikel hyresr\u00e4tt Liza-Maria Norlin migration miljonprogrammet Robin H\u00e5kansson startl\u00e5n\" id=\"posts-by-tag-item-296494\"><a class = \"posts-by-tag-item-title\" href=\"https:\/\/wp.kristdemokraterna.se\/vasternorrland\/underlatta-agandet-av-bostader\/\">Underl\u00e4tta \u00e4gandet av bost\u00e4der<\/a> <small>Posted on: 3 maj 2016<\/small><\/li><li class=\"posts-by-tag-item alla inl\u00e4gg bopriser bostad bostadskedja bostadskris Caroline Szyber Larry S\u00f6der Liza-Maria Norlin reavinstskatt\" id=\"posts-by-tag-item-296499\"><a class = \"posts-by-tag-item-title\" href=\"https:\/\/wp.kristdemokraterna.se\/vasternorrland\/bostadsmarknaden-behover-en-okad-rorlighet\/\">Bostadsmarknaden beh\u00f6ver en \u00f6kad r\u00f6rlighet<\/a> <small>Posted on: 19 mars 2016<\/small><\/li><\/ul>F\u00f6r samtliga inl\u00e4gg om bostad, se <a href=\"http:\/\/wp.kristdemokraterna.se\/vasternorrland\/etiketter\/bostad\/\">h\u00e4r<\/a><\/p>\n<hr \/>\n<p style=\"font-size: 1.5em\"><strong>Politikomr\u00e5den<\/strong><\/p>\n<table width=\"100%\">\n<tbody>\n<tr>\n<td><a href=\"http:\/\/wp.kristdemokraterna.se\/vasternorrland\/var-politik\/politikomraden\/barn-och-unga\/\">Barn och unga<\/a><\/td>\n<td><a href=\"http:\/\/wp.kristdemokraterna.se\/vasternorrland\/var-politik\/politikomraden\/bostad\/\">Bostad<\/a><\/td>\n<td><a href=\"http:\/\/wp.kristdemokraterna.se\/vasternorrland\/var-politik\/politikomraden\/digitalisering\/\">Digitalisering<\/a><\/td>\n<\/tr>\n<tr>\n<td><a href=\"http:\/\/wp.kristdemokraterna.se\/vasternorrland\/var-politik\/politikomraden\/ekonomi-skatter\/\">Ekonomi\/skatter<\/a><\/td>\n<td><a href=\"http:\/\/wp.kristdemokraterna.se\/vasternorrland\/var-politik\/politikomraden\/etik-och-jamlikhet\/\">Etik och j\u00e4mlikhet<\/a><\/td>\n<td><a href=\"http:\/\/wp.kristdemokraterna.se\/vasternorrland\/var-politik\/politikomraden\/infrastruktur\/\">Infrastruktur<\/a><\/td>\n<\/tr>\n<tr>\n<td><a href=\"http:\/\/wp.kristdemokraterna.se\/vasternorrland\/var-politik\/politikomraden\/kollektivtrafik\/\">Kollektivtrafik<\/a><\/td>\n<td><a href=\"http:\/\/wp.kristdemokraterna.se\/vasternorrland\/var-politik\/politikomraden\/kultur\/\">Kultur<\/a><\/td>\n<td><a href=\"http:\/\/wp.kristdemokraterna.se\/vasternorrland\/var-politik\/politikomraden\/landsbygd\/\">Landsbygd<\/a><\/td>\n<\/tr>\n<tr>\n<td><a href=\"http:\/\/wp.kristdemokraterna.se\/vasternorrland\/var-politik\/politikomraden\/ledning-styrning\/\">Ledning\/styrning<\/a><\/td>\n<td><a href=\"http:\/\/wp.kristdemokraterna.se\/vasternorrland\/var-politik\/politikomraden\/migration\/\">Migration<\/a><\/td>\n<td><a href=\"http:\/\/wp.kristdemokraterna.se\/vasternorrland\/var-politik\/politikomraden\/miljo-och-energi\/\">Milj\u00f6 och energi<\/a><\/td>\n<\/tr>\n<tr>\n<td><a href=\"http:\/\/wp.kristdemokraterna.se\/vasternorrland\/var-politik\/politikomraden\/naringsliv\/\">N\u00e4ringsliv\/arbete<\/a><\/td>\n<td><a href=\"http:\/\/wp.kristdemokraterna.se\/vasternorrland\/var-politik\/politikomraden\/personal\/\">Personal<\/a><\/td>\n<td><a href=\"http:\/\/wp.kristdemokraterna.se\/vasternorrland\/var-politik\/politikomraden\/samverkan\/\">Samverkan<\/a><\/td>\n<\/tr>\n<tr>\n<td><a href=\"http:\/\/wp.kristdemokraterna.se\/vasternorrland\/var-politik\/politikomraden\/polis\/\">Trygghet<\/a><\/td>\n<td><a href=\"http:\/\/wp.kristdemokraterna.se\/vasternorrland\/var-politik\/politikomraden\/utbildning\/\">Utbildning<\/a><\/td>\n<td><a href=\"http:\/\/wp.kristdemokraterna.se\/vasternorrland\/var-politik\/politikomraden\/aldre\/\">\u00c4ldre<\/a><\/td>\n<\/tr>\n<tr>\n<td style=\"text-align: left\" colspan=\"6\"><strong>H\u00e4lso- och sjukv\u00e5rd<\/strong><\/td>\n<\/tr>\n<tr>\n<td><a href=\"http:\/\/wp.kristdemokraterna.se\/vasternorrland\/var-politik\/politikomraden\/folkhalsa\/\">Folkh\u00e4lsa<\/a><\/td>\n<td><a href=\"http:\/\/wp.kristdemokraterna.se\/vasternorrland\/var-politik\/politikomraden\/primarvard\/\">Prim\u00e4rv\u00e5rd<\/a><\/td>\n<td><a href=\"http:\/\/wp.kristdemokraterna.se\/vasternorrland\/var-politik\/politikomraden\/specialistvard\/\">Specialistv\u00e5rd<\/a><\/td>\n<\/tr>\n<tr>\n<td><a href=\"http:\/\/wp.kristdemokraterna.se\/vasternorrland\/var-politik\/politikomraden\/recept-lakemedel\/\">Recept\/l\u00e4kemedel<\/a><\/td>\n<td><a href=\"http:\/\/wp.kristdemokraterna.se\/vasternorrland\/var-politik\/politikomraden\/tandvard\/\">Tandv\u00e5rd<\/a><\/td>\n<td><a href=\"http:\/\/wp.kristdemokraterna.se\/vasternorrland\/var-politik\/politikomraden\/vardval\/\">V\u00e5rdval<\/a><\/td>\n<\/tr>\n<\/tbody>\n<\/table>\n<p>F\u00f6lj oss g\u00e4rna p\u00e5 <a href=\"https:\/\/www.facebook.com\/KDvasternorrland\/\">Facebook<\/a>.<\/p>\n","protected":false},"excerpt":{"rendered":"<p>Att ha n\u00e5gonstans att bo \u00e4r ett grundl\u00e4ggande behov hos m\u00e4nniskan. Stat och kommun m\u00e5ste d\u00e4rf\u00f6r trygga bostadsf\u00f6rs\u00f6rjningen \u00e5t alla, i olika \u00e5ldrar och med olika sociala och ekonomiska f\u00f6ruts\u00e4ttningar. Inte minst f\u00f6r barn och unga \u00e4r en god boendemilj\u00f6 av st\u00f6rsta vikt. M\u00e4nniskans n\u00e4rmilj\u00f6 \u00e4r av stor vikt f\u00f6r v\u00e5rt psykiska och fysiska v\u00e4lbefinnande. <a class=\"read-more-link\" href=\"https:\/\/wp.kristdemokraterna.se\/vasternorrland\/var-politik\/politikomraden\/bostad\/\">Read More<\/a><\/p>\n","protected":false},"author":861,"featured_media":0,"parent":179725,"menu_order":0,"comment_status":"closed","ping_status":"closed","template":"index.php","meta":{"_acf_changed":false,"footnotes":""},"class_list":["post-322758","page","type-page","status-publish","hentry"],"acf":[],"yoast_head":"<!-- This site is optimized with the Yoast SEO plugin v27.4 - https:\/\/yoast.com\/product\/yoast-seo-wordpress\/ -->\n<title>Bostad | KD V\u00e4sternorrland<\/title>\n<meta name=\"robots\" content=\"index, follow, max-snippet:-1, max-image-preview:large, max-video-preview:-1\" \/>\n<link rel=\"canonical\" href=\"https:\/\/wp.kristdemokraterna.se\/vasternorrland\/var-politik\/politikomraden\/bostad\/\" \/>\n<meta property=\"og:locale\" content=\"sv_SE\" \/>\n<meta property=\"og:type\" content=\"article\" \/>\n<meta property=\"og:title\" content=\"Bostad | KD V\u00e4sternorrland\" \/>\n<meta property=\"og:description\" content=\"Att ha n\u00e5gonstans att bo \u00e4r ett grundl\u00e4ggande behov hos m\u00e4nniskan. Stat och kommun m\u00e5ste d\u00e4rf\u00f6r trygga bostadsf\u00f6rs\u00f6rjningen \u00e5t alla, i olika \u00e5ldrar och med olika sociala och ekonomiska f\u00f6ruts\u00e4ttningar. Inte minst f\u00f6r barn och unga \u00e4r en god boendemilj\u00f6 av st\u00f6rsta vikt. M\u00e4nniskans n\u00e4rmilj\u00f6 \u00e4r av stor vikt f\u00f6r v\u00e5rt psykiska och fysiska v\u00e4lbefinnande. Read More\" \/>\n<meta property=\"og:url\" content=\"https:\/\/wp.kristdemokraterna.se\/vasternorrland\/var-politik\/politikomraden\/bostad\/\" \/>\n<meta property=\"og:site_name\" content=\"KD V\u00e4sternorrland\" \/>\n<meta property=\"article:publisher\" content=\"https:\/\/www.facebook.com\/kdrvn\/\" \/>\n<meta property=\"article:modified_time\" content=\"2021-05-26T08:29:42+00:00\" \/>\n<meta name=\"twitter:card\" content=\"summary_large_image\" \/>\n<meta name=\"twitter:label1\" content=\"Ber\u00e4knad l\u00e4stid\" \/>\n\t<meta name=\"twitter:data1\" content=\"2 minuter\" \/>\n<script type=\"application\/ld+json\" class=\"yoast-schema-graph\">{\"@context\":\"https:\\\/\\\/schema.org\",\"@graph\":[{\"@type\":\"WebPage\",\"@id\":\"https:\\\/\\\/wp.kristdemokraterna.se\\\/vasternorrland\\\/var-politik\\\/politikomraden\\\/bostad\\\/\",\"url\":\"https:\\\/\\\/wp.kristdemokraterna.se\\\/vasternorrland\\\/var-politik\\\/politikomraden\\\/bostad\\\/\",\"name\":\"Bostad | KD V\u00e4sternorrland\",\"isPartOf\":{\"@id\":\"https:\\\/\\\/wp.kristdemokraterna.se\\\/vasternorrland\\\/#website\"},\"datePublished\":\"2020-11-09T16:27:00+00:00\",\"dateModified\":\"2021-05-26T08:29:42+00:00\",\"breadcrumb\":{\"@id\":\"https:\\\/\\\/wp.kristdemokraterna.se\\\/vasternorrland\\\/var-politik\\\/politikomraden\\\/bostad\\\/#breadcrumb\"},\"inLanguage\":\"sv-SE\",\"potentialAction\":[{\"@type\":\"ReadAction\",\"target\":[\"https:\\\/\\\/wp.kristdemokraterna.se\\\/vasternorrland\\\/var-politik\\\/politikomraden\\\/bostad\\\/\"]}]},{\"@type\":\"BreadcrumbList\",\"@id\":\"https:\\\/\\\/wp.kristdemokraterna.se\\\/vasternorrland\\\/var-politik\\\/politikomraden\\\/bostad\\\/#breadcrumb\",\"itemListElement\":[{\"@type\":\"ListItem\",\"position\":1,\"name\":\"Hem\",\"item\":\"https:\\\/\\\/wp.kristdemokraterna.se\\\/vasternorrland\\\/\"},{\"@type\":\"ListItem\",\"position\":2,\"name\":\"V\u00e5r politik\",\"item\":\"https:\\\/\\\/wp.kristdemokraterna.se\\\/vasternorrland\\\/var-politik\\\/\"},{\"@type\":\"ListItem\",\"position\":3,\"name\":\"Politikomr\u00e5den\",\"item\":\"https:\\\/\\\/wp.kristdemokraterna.se\\\/vasternorrland\\\/var-politik\\\/politikomraden\\\/\"},{\"@type\":\"ListItem\",\"position\":4,\"name\":\"Bostad\"}]},{\"@type\":\"WebSite\",\"@id\":\"https:\\\/\\\/wp.kristdemokraterna.se\\\/vasternorrland\\\/#website\",\"url\":\"https:\\\/\\\/wp.kristdemokraterna.se\\\/vasternorrland\\\/\",\"name\":\"KD V\u00e4sternorrland\",\"description\":\"V\u00e5rda v\u00e5rden - utveckla prim\u00e4rv\u00e5rden\",\"inLanguage\":\"sv-SE\"}]}<\/script>\n<!-- \/ Yoast SEO plugin. -->","yoast_head_json":{"title":"Bostad | KD V\u00e4sternorrland","robots":{"index":"index","follow":"follow","max-snippet":"max-snippet:-1","max-image-preview":"max-image-preview:large","max-video-preview":"max-video-preview:-1"},"canonical":"https:\/\/wp.kristdemokraterna.se\/vasternorrland\/var-politik\/politikomraden\/bostad\/","og_locale":"sv_SE","og_type":"article","og_title":"Bostad | KD V\u00e4sternorrland","og_description":"Att ha n\u00e5gonstans att bo \u00e4r ett grundl\u00e4ggande behov hos m\u00e4nniskan. Stat och kommun m\u00e5ste d\u00e4rf\u00f6r trygga bostadsf\u00f6rs\u00f6rjningen \u00e5t alla, i olika \u00e5ldrar och med olika sociala och ekonomiska f\u00f6ruts\u00e4ttningar. Inte minst f\u00f6r barn och unga \u00e4r en god boendemilj\u00f6 av st\u00f6rsta vikt. M\u00e4nniskans n\u00e4rmilj\u00f6 \u00e4r av stor vikt f\u00f6r v\u00e5rt psykiska och fysiska v\u00e4lbefinnande. Read More","og_url":"https:\/\/wp.kristdemokraterna.se\/vasternorrland\/var-politik\/politikomraden\/bostad\/","og_site_name":"KD V\u00e4sternorrland","article_publisher":"https:\/\/www.facebook.com\/kdrvn\/","article_modified_time":"2021-05-26T08:29:42+00:00","twitter_card":"summary_large_image","twitter_misc":{"Ber\u00e4knad l\u00e4stid":"2 minuter"},"schema":{"@context":"https:\/\/schema.org","@graph":[{"@type":"WebPage","@id":"https:\/\/wp.kristdemokraterna.se\/vasternorrland\/var-politik\/politikomraden\/bostad\/","url":"https:\/\/wp.kristdemokraterna.se\/vasternorrland\/var-politik\/politikomraden\/bostad\/","name":"Bostad | KD V\u00e4sternorrland","isPartOf":{"@id":"https:\/\/wp.kristdemokraterna.se\/vasternorrland\/#website"},"datePublished":"2020-11-09T16:27:00+00:00","dateModified":"2021-05-26T08:29:42+00:00","breadcrumb":{"@id":"https:\/\/wp.kristdemokraterna.se\/vasternorrland\/var-politik\/politikomraden\/bostad\/#breadcrumb"},"inLanguage":"sv-SE","potentialAction":[{"@type":"ReadAction","target":["https:\/\/wp.kristdemokraterna.se\/vasternorrland\/var-politik\/politikomraden\/bostad\/"]}]},{"@type":"BreadcrumbList","@id":"https:\/\/wp.kristdemokraterna.se\/vasternorrland\/var-politik\/politikomraden\/bostad\/#breadcrumb","itemListElement":[{"@type":"ListItem","position":1,"name":"Hem","item":"https:\/\/wp.kristdemokraterna.se\/vasternorrland\/"},{"@type":"ListItem","position":2,"name":"V\u00e5r politik","item":"https:\/\/wp.kristdemokraterna.se\/vasternorrland\/var-politik\/"},{"@type":"ListItem","position":3,"name":"Politikomr\u00e5den","item":"https:\/\/wp.kristdemokraterna.se\/vasternorrland\/var-politik\/politikomraden\/"},{"@type":"ListItem","position":4,"name":"Bostad"}]},{"@type":"WebSite","@id":"https:\/\/wp.kristdemokraterna.se\/vasternorrland\/#website","url":"https:\/\/wp.kristdemokraterna.se\/vasternorrland\/","name":"KD V\u00e4sternorrland","description":"V\u00e5rda v\u00e5rden - utveckla prim\u00e4rv\u00e5rden","inLanguage":"sv-SE"}]}},"_links":{"self":[{"href":"https:\/\/wp.kristdemokraterna.se\/vasternorrland\/wp-json\/wp\/v2\/pages\/322758","targetHints":{"allow":["GET"]}}],"collection":[{"href":"https:\/\/wp.kristdemokraterna.se\/vasternorrland\/wp-json\/wp\/v2\/pages"}],"about":[{"href":"https:\/\/wp.kristdemokraterna.se\/vasternorrland\/wp-json\/wp\/v2\/types\/page"}],"author":[{"embeddable":true,"href":"https:\/\/wp.kristdemokraterna.se\/vasternorrland\/wp-json\/wp\/v2\/users\/861"}],"replies":[{"embeddable":true,"href":"https:\/\/wp.kristdemokraterna.se\/vasternorrland\/wp-json\/wp\/v2\/comments?post=322758"}],"version-history":[{"count":12,"href":"https:\/\/wp.kristdemokraterna.se\/vasternorrland\/wp-json\/wp\/v2\/pages\/322758\/revisions"}],"predecessor-version":[{"id":351924,"href":"https:\/\/wp.kristdemokraterna.se\/vasternorrland\/wp-json\/wp\/v2\/pages\/322758\/revisions\/351924"}],"up":[{"embeddable":true,"href":"https:\/\/wp.kristdemokraterna.se\/vasternorrland\/wp-json\/wp\/v2\/pages\/179725"}],"wp:attachment":[{"href":"https:\/\/wp.kristdemokraterna.se\/vasternorrland\/wp-json\/wp\/v2\/media?parent=322758"}],"curies":[{"name":"wp","href":"https:\/\/api.w.org\/{rel}","templated":true}]}}