{"id":351965,"date":"2005-02-23T08:28:50","date_gmt":"2005-02-23T07:28:50","guid":{"rendered":"https:\/\/wp.kristdemokraterna.se\/vasternorrland\/?page_id=351965"},"modified":"2022-01-28T15:56:56","modified_gmt":"2022-01-28T14:56:56","slug":"landstingsplan-2006-2008-fornyelse-och-mangfald","status":"publish","type":"page","link":"https:\/\/wp.kristdemokraterna.se\/vasternorrland\/var-politik\/regionplaner\/landstingsplan-2006-2008-fornyelse-och-mangfald\/","title":{"rendered":"Landstingsplan 2006-2008 &#8211; F\u00f6rnyelse och m\u00e5ngfald"},"content":{"rendered":"<h1>V\u00e5rdalliansens fler\u00e5rsplan 2006-2008<\/h1>\n<h2>Inledning<\/h2>\n<p>Vi vill ge v\u00e4sternorrl\u00e4nningarna en bra h\u00e4lso- och sjukv\u00e5rd oavsett \u00e5lder och bos\u00e4ttningsort. Vi vill ocks\u00e5 att landstingets verksamheter ska kunna f\u00e5 drivas p\u00e5 entreprenad d\u00e4r s\u00e5 \u00e4r m\u00f6jligt och \u00f6nskv\u00e4rt. Landstingets hierarkiska organisation m\u00e5ste brytas och medarbetarna ges st\u00f6rre m\u00f6jligheter att ge v\u00e5rd efter de olika f\u00f6ruts\u00e4ttningar som finns p\u00e5 v\u00e5ra arbetsplatser.<\/p>\n<p>Landstingets fr\u00e4msta uppgift \u00e4r att ge l\u00e4nsinv\u00e5narna f\u00f6ruts\u00e4ttningar att kunna leva ett l\u00e5ngt och h\u00e4lsosamt liv. Landstingets viktigaste uppgift blir d\u00e5 att erbjuda m\u00f6jligheter f\u00f6r alla att sj\u00e4lv f\u00f6rebygga oh\u00e4lsa, folkh\u00e4lsoarbete, samt att erbjuda l\u00e4nsinv\u00e5narna en god h\u00e4lso- och sjukv\u00e5rd, inom rimligt avst\u00e5nd och tid samt p\u00e5 lika villkor f\u00f6r alla.<\/p>\n<p>F\u00f6r att l\u00e5ngsiktigt skapa f\u00f6ruts\u00e4ttningar f\u00f6r m\u00e4nniskor att bo och arbeta i l\u00e4net s\u00e5 har landstinget \u00e4ven en viktig roll inom l\u00e4nsutvecklingen. De senaste \u00e5rens ekonomiska kris har inneburit att landstinget tagit flera viktiga steg tillbaka n\u00e4r det g\u00e4ller att f\u00f6r\u00e4ndra l\u00e4nets styrning och ledning. Vi vill i samverkan med l\u00e4nets kommuner ge den direktvalda demokratiska f\u00f6rsamlingen, landstinget, ett vidgat uppdrag. V\u00e5rt m\u00e5l \u00e4r ett direktvalt regionfullm\u00e4ktige.<\/p>\n<p>F\u00f6r att trygga och s\u00e4kra v\u00e5rden i framtiden m\u00e5ste de tillg\u00e4ngliga ekonomiska ramarna h\u00e5llas. Socialdemokratin har nu i 12 \u00e5rs tid bedrivit en verksamhet som inte varit finansierad. Det har i sig f\u00f6rsv\u00e5rat en l\u00e5ngsiktig planering. Den socialdemokratiskt dominerade majoriteten har under l\u00e5ng tid ignorerat de varningar vi i v\u00e5rdalliansen utf\u00e4rdat och l\u00e4nge l\u00e5tit ekonomin vara underordnad verksamheten. S\u00e4rskilt anm\u00e4rkningsv\u00e4rt har den politik varit som inneb\u00e4r att int\u00e4kts\u00f6kningar under h\u00f6gkonjunkturer intecknats f\u00f6r \u00f6kad verksamhet, vilket medf\u00f6rt underskott och skatteh\u00f6jning i varje l\u00e5gkonjunktur. Detta har f\u00f6rst\u00e4rkts av den s.k. stabiliseringspolitiken som inneb\u00e4r att det offentliga ska satsa i l\u00e5gkonjunkturer i syfte att stimulera ekonomin s\u00e5 att l\u00e5gkonjunkturen mildras. Det har naturligtvis inte varit m\u00f6jligt att i motsvarande m\u00e5n h\u00e5lla tillbaka utgifterna n\u00e4r konjunkturen v\u00e4nt till det b\u00e4ttre &#8211; i den m\u00e5n det alls varit m\u00f6jligt att r\u00e4tt bed\u00f6ma om det f\u00f6r tillf\u00e4llet \u00e4r h\u00f6g- eller l\u00e5gkonjunktur.<\/p>\n<p>Helt enligt v\u00e5ra farh\u00e5gor s\u00e5 blev majoriteten till sist tvungen att genomf\u00f6ra den n\u00f6dbromsning vi varnat f\u00f6r och effekterna av detta kan vi nu se. Tre skatteh\u00f6jningar ligger bakom oss och betydande neddragningar av verksamheten har p\u00e5b\u00f6rjats och mer \u00e4r p\u00e5 v\u00e4g.<\/p>\n<p>D\u00e4rf\u00f6r \u00e4r det av st\u00f6rsta vikt att vara f\u00f6rsiktig med nya \u00e5taganden och investeringar. Det \u00e4r m\u00e4nniskor i v\u00e5rden som ger bot och lindring, inte byggnader och lokaler. Antagna m\u00e5l som \u00e4r kostnadsdrivande m\u00e5ste identifieras och ompr\u00f6vas. Landstingets statistik m\u00e5ste g\u00f6ra det m\u00f6jligt med j\u00e4mf\u00f6relser mellan olika v\u00e5rdinr\u00e4ttningar.<\/p>\n<p>De beslut som fattats om besparingar i hela verksamheten m\u00e5ste fullf\u00f6ljas f\u00f6r att skapa en ekonomi i balans. Vi m\u00e5ste ansvara f\u00f6r att verksamheten bedrivs med l\u00e5ngsiktig h\u00e5llbar utveckling som ml och inom givna ekonomiska ramar.<\/p>\n<p>Det \u00e4r ocks\u00e5 viktigt att inf\u00f6ra en betydligt starkare kostnadsstyrning i ekonomin. Vi f\u00f6resl\u00e5r att fler\u00e5rsplanens ber\u00e4knade totala utgifter utg\u00f6r \u00e5rliga utgiftstak som inte f\u00e5r \u00f6verskridas, oaktat om int\u00e4kterna av ena eller andra anledningen skulle bli h\u00f6gre \u00e4n tidigare f\u00f6rv\u00e4ntat. Det h\u00e4r f\u00f6ruts\u00e4tter ocks\u00e5 att tillr\u00e4ckliga ekonomiska marginaler finns under taken f\u00f6r att kunna hantera sv\u00e5rprognostiserade utgiftsf\u00f6r\u00e4ndringar.<br \/>\nTrots vissa f\u00f6rb\u00e4ttringar med olika former av samverkan s\u00e5v\u00e4l inom landstinget som mellan landstinget och kommunerna, s\u00e5 ser vi stora m\u00f6jligheter att uppn\u00e5 b\u00e5de effektiviseringar och f\u00f6rb\u00e4ttringar med ut\u00f6kad samverkan. Ett exempel \u00e4r att samordna jourlinjer f\u00f6r sjuksk\u00f6terskor i glesbygd f\u00f6r kommunal \u00e4ldrev\u00e5rd, ambulanssjukv\u00e5rd och v\u00e5rdcentral d\u00e4r detta \u00e4r m\u00f6jligt. Det finns ocks\u00e5 m\u00f6jligheter till ut\u00f6kad samverkan mellan omgivande landsting och staten (t.ex. f\u00f6rs\u00e4kringskassan).<\/p>\n<h2>Regional utveckling<\/h2>\n<p>Landstingets roll i den regionala utvecklingen m\u00e5ste st\u00e4rkas. Runt om i landet p\u00e5g\u00e5r en utveckling mot allt st\u00f6rre inflytande fr\u00e5n l\u00e4ns- och kommunpolitiker \u00f6ver det egna l\u00e4nets utveckling. F\u00f6rs\u00f6ket att skapa ett direktvalt regionfullm\u00e4ktige och f\u00f6rs\u00f6ket att f\u00e5 till st\u00e5nd ett regionalt samverkansorgan f\u00f6r kommunerna och landstinget i V\u00e4sternorrland har b\u00e5da havererat, de f\u00f6rtroendevalda har stigit tillbaka och l\u00e4mnat dessa fr\u00e5gor. Statens intentioner genom ansvarsutredningen tyder p\u00e5 \u00f6kad makt till staten. Vi kan inte v\u00e4nta och se vilka smulor som sl\u00e4ngs p\u00e5 v\u00e5rt bord utan vi m\u00e5ste agera. Vi vill att Landstinget tar initiativ till nya diskussioner med kommunerna i l\u00e4net ang\u00e5ende bildande av ett samverkansorgan.<\/p>\n<p>L\u00e4net har under l\u00e5ng tid minskat i befolkning. F\u00f6r tillf\u00e4llet har vi en stabilisering, men risken f\u00f6r ytterligare avfolkning \u00e4r stor. Syssels\u00e4ttningen i riket \u00e4r l\u00e5g och en h\u00f6gkonjunktur inom syssels\u00e4ttningsintensiva branscher (som i h\u00f6gre grad finns utanf\u00f6r v\u00e5rt l\u00e4n) kan orsaka \u00f6kad utflyttning. Nu aktuella statilga utlokaliseringar riskerar f\u00e5 negativa konsekvenser f\u00f6r V\u00e4sternorrland. En motverkande och positiv kraft \u00e4r naturligtvis bildandet av Mittuniversitetet som p\u00e5 sikt \u00f6kar regionens tillv\u00e4xtf\u00f6ruts\u00e4ttningar. Men vi beh\u00f6ver ocks\u00e5 bli effektivare inom den regionala utvecklingen \u00e4ven fr\u00e5n landstingets sida.<\/p>\n<p>L\u00e4net har sedan l\u00e4nge pr\u00e4glats av stora industrier med synnerligen liten avknoppning. Det har lett till m\u00e5nga strukturproblem. Ett alltf\u00f6r statiskt och f\u00f6rsiktigt f\u00f6rh\u00e5llande till mindre f\u00f6retag har lett till stelnande strukturer och en obefintlig f\u00f6rnyelse av offentlig sektor. Runt om oss, b\u00e5de i Sverige och utomland, p\u00e5g\u00e5r en mycket snabb f\u00f6rnyelse. V\u00e5rt internationella arbete m\u00e5ste vara inriktat p\u00e5 att ta tillvara de f\u00f6r\u00e4ndringar som sker och ta hem nya tankes\u00e4tt till l\u00e4net.<\/p>\n<p>Beslut som fatttas av Europeiska unionens olika institutioner har numera en mycket stor betydelse f\u00f6r utveckling och m\u00f6jligheter i V\u00e4sternorrlaand. Det g\u00e4ller s\u00e5v\u00e4l regelverk som hur budget utformas och anv\u00e4nds. Det finns d\u00e4rf\u00f6r starka sk\u00e4l att f\u00f6rdjupa och bredda landstingets engagemang \u00e4ven i dessa fr\u00e5gor.<\/p>\n<h2>H\u00e4lso- och sjukv\u00e5rd<\/h2>\n<p>F\u00e5 omr\u00e5den har en lika snabb vetenskaplig och teknisk utveckling som h\u00e4lso- och sjukv\u00e5rden. Det sker st\u00e4ndigt nya genombrott i behandlingar, liksom inom annan medicinsk utveckling. F\u00f6r att vi ska ha m\u00f6jlighet att f\u00e5 gl\u00e4dje av och delta i den utvecklingen kr\u00e4vs ekonomiska marginaler inom all verksamhet. I en fler\u00e5rsplan kan det vara sv\u00e5rt att t\u00e4cka in vilka nya behandlingar som kommer. D\u00e4rf\u00f6r m\u00e5ste det i ramarna till f\u00f6rvaltningarna finnas marginaler och beredskap till f\u00f6r\u00e4ndringar under \u00e5ret.<\/p>\n<p>Rutiner<br \/>\nUtvidgade<br \/>\nDen nyligen beslutade<br \/>\nPrim\u00e4rv\u00e5rdens roll<br \/>\n\u00d6ster\u00e5sens h\u00e4lsohem<br \/>\nPsykiatrin<br \/>\nRegionsjukv\u00e5rden<br \/>\nEntreprenader<br \/>\nTrots att fullm\u00e4ktige<br \/>\nEkonomi<br \/>\nUnder l\u00e5ng tid<br \/>\nDet som oroat oss<br \/>\nMed en v\u00e4xande andel<br \/>\nF\u00f6r att kunna frig\u00f6ra<br \/>\n2005 2006 2007 2008<br \/>\nH\u00e4lso- och sjukv\u00e5rd 4341,2 4323,1 4453,1 4594,9<br \/>\nvarav prim\u00e4rv\u00e5rd 1159,2 1129,1 1158,1 1189<br \/>\nvarav psykiatri 337,7 346,3 356,9 368,2<\/p>\n<p>Tandv\u00e5rd 98,8 101,2 104,3 107,4<\/p>\n<p>Regional utveckling 208,4 208,4 2012,6 2016,8<br \/>\nvarav kultur, utb, FoU 132,6 130 132,5 135<br \/>\nn\u00e4ringsliv, tillv, milj\u00f6 75,8 75,8 80,1 81,8<\/p>\n<p>Landsingsservice 159,6 163 167,9 172,9<br \/>\nLandstingsstyrelsen 190,3 213,3 217,6 221,9<br \/>\nLandstingsrevision 4,4 4,6 4,7 4,8<\/p>\n<p>Extra utrymme f\u00f6r utvecklingsinsatser 9,1 17,5 26,8<\/p>\n<p>Summa 5002,7 5022,7 5177,7 5345,5<br \/>\nSkillnaden mellan 2005 och 2006 beror i huvudsak p\u00e5 f\u00f6r\u00e4ndrade ramar f\u00f6r l\u00e4kemedelsbudgeten. Prim\u00e4rv\u00e5rdens l\u00e4kemedelsbudget minskar med 30 miljoner och \u00f6vrig f\u00f6r\u00e4ndring inom omr\u00e5det beror p\u00e5 \u00f6verf\u00f6ring till speciall\u00e4kemedel. Landstingsstyrelsens ramar \u00e4r i \u00f6vrig of\u00f6r\u00e4ndrade mellan 2005 och 2006.<\/p>\n<p>Med nuvarande l\u00e5ngsiktiga<br \/>\nLandstingets fortsatta arbete<br \/>\nInvesteringarna m\u00e5ste<\/p>\n<h2>Tabell 2. Investeringsplan<\/h2>\n<p>&nbsp;<\/p>\n<table>\n<tbody>\n<tr style=\"background-color:gray\">\n2004<strong>2005<\/strong><strong>2006<\/strong><strong>2007<\/strong><strong>2008<\/strong><strong>Totalt<\/strong><\/p>\n<tr>\n<td>Inventarier vid f\u00f6rvaltningarna<\/td>\n<td style=\"text-align: right\">80,3<\/td>\n<td style=\"text-align: right\">80,0<\/td>\n<td style=\"text-align: right\">80,0<\/td>\n<td style=\"text-align: right\">80,0<\/td>\n<td style=\"text-align: right\">80,0<\/td>\n<td style=\"text-align: right\">400,3<\/td>\n<\/tr>\n<tr>\n<td>Investeringsplan (exkl Hem-PC)<\/td>\n<td style=\"text-align: right\">49,7<\/td>\n<td style=\"text-align: right\">20,0<\/td>\n<td style=\"text-align: right\">20,0<\/td>\n<td style=\"text-align: right\">20,0<\/td>\n<td style=\"text-align: right\">20,0<\/td>\n<td style=\"text-align: right\">123,7<\/td>\n<\/tr>\n<tr>\n<td>Hem-PC<\/td>\n<td style=\"text-align: right\">&#8211;<\/td>\n<td style=\"text-align: right\">45,0<\/td>\n<td style=\"text-align: right\">&#8211;<\/td>\n<td style=\"text-align: right\">&#8211;<\/td>\n<td style=\"text-align: right\">&#8211;<\/td>\n<td style=\"text-align: right\">45,0<\/td>\n<\/tr>\n<tr>\n<td><strong>Summa<\/strong><\/td>\n<td style=\"text-align: right\"><strong>130,0<\/strong><\/td>\n<td style=\"text-align: right\"><strong>145,0<\/strong><\/td>\n<td style=\"text-align: right\"><strong>100,0<\/strong><\/td>\n<td style=\"text-align: right\"><strong>100,0<\/strong><\/td>\n<td style=\"text-align: right\"><strong>100,0<\/strong><\/td>\n<td style=\"text-align: right\"><strong>575,0<\/strong><\/td>\n<\/tr>\n<\/tbody>\n<\/table>\n<h2>Yrkanden<\/h2>\n<p>Med anledning av ovanst\u00e5ende yrkar vi att landstingsfullm\u00e4ktige beslutar att:<\/p>\n<ul>\n<li>Landstinget tar initiativ till att f\u00f6rverkliga tanken med samverkansorgan, med m\u00e5let att p\u00e5 sikt inf\u00f6ra ett direktvalt regionparlament.<\/li>\n<li>Samverkan mellan landstinget och kommunerna, mellan norrlandsl\u00e4nen samt med f\u00f6rs\u00e4kringskassan st\u00e4rks och genomsyrar all planering.<\/li>\n<li>Samordningen av<\/li>\n<li>Identifiering<\/li>\n<li>Alla v\u00e5rdcentraler<\/li>\n<li>Det ska tydligt framg\u00e5<\/li>\n<li>Budgetdisciplin<\/li>\n<li>Tomma lokaler<\/li>\n<li>Den l\u00e5ngsiktiga investeringsniv\u00e5n<\/li>\n<li>Verksamheten i Landstingsfastigheter<\/li>\n<li>En fortsatt ompr\u00f6vning g\u00f6rs<\/li>\n<li>Specifika produktionskostnader<\/li>\n<li>Kompetensnyttjandet kartl\u00e4ggs i verksamhetens olika delar. R\u00e4tt kompetens p\u00e5 r\u00e4tt niv\u00e5 f\u00f6r mer patienttid hos l\u00e4kare och sjuksk\u00f6terskor.<\/li>\n<li>En v\u00e4l fungerande n\u00e4rsjukv\u00e5rd s\u00e4kras genom \u00f6kad samverkan med kommunernas \u00e4ldreomsorg, prim\u00e4rv\u00e5rden, internmedicin och geriatrik, g\u00e4rna i entreprenadform.<\/li>\n<li>Kostnads\u00f6kningen f\u00f6r regionsjukv\u00e5rden m\u00e5ste begr\u00e4nsas. Staten m\u00e5ste vara beredd att g\u00e5 in och ta ett delansvar f\u00f6r regionsjukv\u00e5rden i Norrland, om inte det nybildade Regionf\u00f6rbundet klarar av att s\u00e4kra den h\u00f6gspecialiserade v\u00e5rden f\u00f6r norra Regionen.<\/li>\n<li>En \u00f6kad satsning p\u00e5 telemedicin p\u00e5b\u00f6rjas inom regionen.<\/li>\n<li>En s\u00e4rskild arbetsgrupp tills\u00e4tts under styrelsen med uppdrag at arbeta fram ett program f\u00f6r fler entreprenader.<\/li>\n<\/ul>\n<p>V\u00c5RDALLIANSEN V\u00c4STERNORRLAND<br \/>\nCenterpartiet, Folkpartiet, Sjukv\u00e5rdspartiet V\u00e4sternorrland, Kristdemokraterna, Milj\u00f6partiet<\/p>\n","protected":false},"excerpt":{"rendered":"<p>V\u00e5rdalliansens fler\u00e5rsplan 2006-2008 Inledning Vi vill ge v\u00e4sternorrl\u00e4nningarna en bra h\u00e4lso- och sjukv\u00e5rd oavsett \u00e5lder och bos\u00e4ttningsort. Vi vill ocks\u00e5 att landstingets verksamheter ska kunna f\u00e5 drivas p\u00e5 entreprenad d\u00e4r s\u00e5 \u00e4r m\u00f6jligt och \u00f6nskv\u00e4rt. Landstingets hierarkiska organisation m\u00e5ste brytas och medarbetarna ges st\u00f6rre m\u00f6jligheter att ge v\u00e5rd efter de olika f\u00f6ruts\u00e4ttningar som finns p\u00e5 <a class=\"read-more-link\" href=\"https:\/\/wp.kristdemokraterna.se\/vasternorrland\/var-politik\/regionplaner\/landstingsplan-2006-2008-fornyelse-och-mangfald\/\">Read More<\/a><\/p>\n","protected":false},"author":861,"featured_media":0,"parent":149701,"menu_order":0,"comment_status":"closed","ping_status":"closed","template":"","meta":{"_acf_changed":false,"footnotes":""},"class_list":["post-351965","page","type-page","status-publish","hentry"],"acf":[],"yoast_head":"<!-- This site is optimized with the Yoast SEO plugin v27.3 - https:\/\/yoast.com\/product\/yoast-seo-wordpress\/ -->\n<title>Landstingsplan 2006-2008 - F\u00f6rnyelse och m\u00e5ngfald | KD V\u00e4sternorrland<\/title>\n<meta name=\"robots\" content=\"index, follow, max-snippet:-1, max-image-preview:large, max-video-preview:-1\" \/>\n<link rel=\"canonical\" href=\"https:\/\/wp.kristdemokraterna.se\/vasternorrland\/var-politik\/regionplaner\/landstingsplan-2006-2008-fornyelse-och-mangfald\/\" \/>\n<meta property=\"og:locale\" content=\"sv_SE\" \/>\n<meta property=\"og:type\" content=\"article\" \/>\n<meta property=\"og:title\" content=\"Landstingsplan 2006-2008 - F\u00f6rnyelse och m\u00e5ngfald | KD V\u00e4sternorrland\" \/>\n<meta property=\"og:description\" content=\"V\u00e5rdalliansens fler\u00e5rsplan 2006-2008 Inledning Vi vill ge v\u00e4sternorrl\u00e4nningarna en bra h\u00e4lso- och sjukv\u00e5rd oavsett \u00e5lder och bos\u00e4ttningsort. Vi vill ocks\u00e5 att landstingets verksamheter ska kunna f\u00e5 drivas p\u00e5 entreprenad d\u00e4r s\u00e5 \u00e4r m\u00f6jligt och \u00f6nskv\u00e4rt. Landstingets hierarkiska organisation m\u00e5ste brytas och medarbetarna ges st\u00f6rre m\u00f6jligheter att ge v\u00e5rd efter de olika f\u00f6ruts\u00e4ttningar som finns p\u00e5 Read More\" \/>\n<meta property=\"og:url\" content=\"https:\/\/wp.kristdemokraterna.se\/vasternorrland\/var-politik\/regionplaner\/landstingsplan-2006-2008-fornyelse-och-mangfald\/\" \/>\n<meta property=\"og:site_name\" content=\"KD V\u00e4sternorrland\" \/>\n<meta property=\"article:publisher\" content=\"https:\/\/www.facebook.com\/kdrvn\/\" \/>\n<meta property=\"article:modified_time\" content=\"2022-01-28T14:56:56+00:00\" \/>\n<meta name=\"twitter:card\" content=\"summary_large_image\" \/>\n<meta name=\"twitter:label1\" content=\"Ber\u00e4knad l\u00e4stid\" \/>\n\t<meta name=\"twitter:data1\" content=\"6 minuter\" \/>\n<script type=\"application\/ld+json\" class=\"yoast-schema-graph\">{\"@context\":\"https:\\\/\\\/schema.org\",\"@graph\":[{\"@type\":\"WebPage\",\"@id\":\"https:\\\/\\\/wp.kristdemokraterna.se\\\/vasternorrland\\\/var-politik\\\/regionplaner\\\/landstingsplan-2006-2008-fornyelse-och-mangfald\\\/\",\"url\":\"https:\\\/\\\/wp.kristdemokraterna.se\\\/vasternorrland\\\/var-politik\\\/regionplaner\\\/landstingsplan-2006-2008-fornyelse-och-mangfald\\\/\",\"name\":\"Landstingsplan 2006-2008 - F\u00f6rnyelse och m\u00e5ngfald | KD V\u00e4sternorrland\",\"isPartOf\":{\"@id\":\"https:\\\/\\\/wp.kristdemokraterna.se\\\/vasternorrland\\\/#website\"},\"datePublished\":\"2005-02-23T07:28:50+00:00\",\"dateModified\":\"2022-01-28T14:56:56+00:00\",\"breadcrumb\":{\"@id\":\"https:\\\/\\\/wp.kristdemokraterna.se\\\/vasternorrland\\\/var-politik\\\/regionplaner\\\/landstingsplan-2006-2008-fornyelse-och-mangfald\\\/#breadcrumb\"},\"inLanguage\":\"sv-SE\",\"potentialAction\":[{\"@type\":\"ReadAction\",\"target\":[\"https:\\\/\\\/wp.kristdemokraterna.se\\\/vasternorrland\\\/var-politik\\\/regionplaner\\\/landstingsplan-2006-2008-fornyelse-och-mangfald\\\/\"]}]},{\"@type\":\"BreadcrumbList\",\"@id\":\"https:\\\/\\\/wp.kristdemokraterna.se\\\/vasternorrland\\\/var-politik\\\/regionplaner\\\/landstingsplan-2006-2008-fornyelse-och-mangfald\\\/#breadcrumb\",\"itemListElement\":[{\"@type\":\"ListItem\",\"position\":1,\"name\":\"Hem\",\"item\":\"https:\\\/\\\/wp.kristdemokraterna.se\\\/vasternorrland\\\/\"},{\"@type\":\"ListItem\",\"position\":2,\"name\":\"V\u00e5r politik\",\"item\":\"https:\\\/\\\/wp.kristdemokraterna.se\\\/vasternorrland\\\/var-politik\\\/\"},{\"@type\":\"ListItem\",\"position\":3,\"name\":\"Regionplaner\",\"item\":\"https:\\\/\\\/wp.kristdemokraterna.se\\\/vasternorrland\\\/var-politik\\\/regionplaner\\\/\"},{\"@type\":\"ListItem\",\"position\":4,\"name\":\"Landstingsplan 2006-2008 &#8211; F\u00f6rnyelse och m\u00e5ngfald\"}]},{\"@type\":\"WebSite\",\"@id\":\"https:\\\/\\\/wp.kristdemokraterna.se\\\/vasternorrland\\\/#website\",\"url\":\"https:\\\/\\\/wp.kristdemokraterna.se\\\/vasternorrland\\\/\",\"name\":\"KD V\u00e4sternorrland\",\"description\":\"V\u00e5rda v\u00e5rden - utveckla prim\u00e4rv\u00e5rden\",\"inLanguage\":\"sv-SE\"}]}<\/script>\n<!-- \/ Yoast SEO plugin. -->","yoast_head_json":{"title":"Landstingsplan 2006-2008 - F\u00f6rnyelse och m\u00e5ngfald | KD V\u00e4sternorrland","robots":{"index":"index","follow":"follow","max-snippet":"max-snippet:-1","max-image-preview":"max-image-preview:large","max-video-preview":"max-video-preview:-1"},"canonical":"https:\/\/wp.kristdemokraterna.se\/vasternorrland\/var-politik\/regionplaner\/landstingsplan-2006-2008-fornyelse-och-mangfald\/","og_locale":"sv_SE","og_type":"article","og_title":"Landstingsplan 2006-2008 - F\u00f6rnyelse och m\u00e5ngfald | KD V\u00e4sternorrland","og_description":"V\u00e5rdalliansens fler\u00e5rsplan 2006-2008 Inledning Vi vill ge v\u00e4sternorrl\u00e4nningarna en bra h\u00e4lso- och sjukv\u00e5rd oavsett \u00e5lder och bos\u00e4ttningsort. Vi vill ocks\u00e5 att landstingets verksamheter ska kunna f\u00e5 drivas p\u00e5 entreprenad d\u00e4r s\u00e5 \u00e4r m\u00f6jligt och \u00f6nskv\u00e4rt. Landstingets hierarkiska organisation m\u00e5ste brytas och medarbetarna ges st\u00f6rre m\u00f6jligheter att ge v\u00e5rd efter de olika f\u00f6ruts\u00e4ttningar som finns p\u00e5 Read More","og_url":"https:\/\/wp.kristdemokraterna.se\/vasternorrland\/var-politik\/regionplaner\/landstingsplan-2006-2008-fornyelse-och-mangfald\/","og_site_name":"KD V\u00e4sternorrland","article_publisher":"https:\/\/www.facebook.com\/kdrvn\/","article_modified_time":"2022-01-28T14:56:56+00:00","twitter_card":"summary_large_image","twitter_misc":{"Ber\u00e4knad l\u00e4stid":"6 minuter"},"schema":{"@context":"https:\/\/schema.org","@graph":[{"@type":"WebPage","@id":"https:\/\/wp.kristdemokraterna.se\/vasternorrland\/var-politik\/regionplaner\/landstingsplan-2006-2008-fornyelse-och-mangfald\/","url":"https:\/\/wp.kristdemokraterna.se\/vasternorrland\/var-politik\/regionplaner\/landstingsplan-2006-2008-fornyelse-och-mangfald\/","name":"Landstingsplan 2006-2008 - F\u00f6rnyelse och m\u00e5ngfald | KD V\u00e4sternorrland","isPartOf":{"@id":"https:\/\/wp.kristdemokraterna.se\/vasternorrland\/#website"},"datePublished":"2005-02-23T07:28:50+00:00","dateModified":"2022-01-28T14:56:56+00:00","breadcrumb":{"@id":"https:\/\/wp.kristdemokraterna.se\/vasternorrland\/var-politik\/regionplaner\/landstingsplan-2006-2008-fornyelse-och-mangfald\/#breadcrumb"},"inLanguage":"sv-SE","potentialAction":[{"@type":"ReadAction","target":["https:\/\/wp.kristdemokraterna.se\/vasternorrland\/var-politik\/regionplaner\/landstingsplan-2006-2008-fornyelse-och-mangfald\/"]}]},{"@type":"BreadcrumbList","@id":"https:\/\/wp.kristdemokraterna.se\/vasternorrland\/var-politik\/regionplaner\/landstingsplan-2006-2008-fornyelse-och-mangfald\/#breadcrumb","itemListElement":[{"@type":"ListItem","position":1,"name":"Hem","item":"https:\/\/wp.kristdemokraterna.se\/vasternorrland\/"},{"@type":"ListItem","position":2,"name":"V\u00e5r politik","item":"https:\/\/wp.kristdemokraterna.se\/vasternorrland\/var-politik\/"},{"@type":"ListItem","position":3,"name":"Regionplaner","item":"https:\/\/wp.kristdemokraterna.se\/vasternorrland\/var-politik\/regionplaner\/"},{"@type":"ListItem","position":4,"name":"Landstingsplan 2006-2008 &#8211; F\u00f6rnyelse och m\u00e5ngfald"}]},{"@type":"WebSite","@id":"https:\/\/wp.kristdemokraterna.se\/vasternorrland\/#website","url":"https:\/\/wp.kristdemokraterna.se\/vasternorrland\/","name":"KD V\u00e4sternorrland","description":"V\u00e5rda v\u00e5rden - utveckla prim\u00e4rv\u00e5rden","inLanguage":"sv-SE"}]}},"_links":{"self":[{"href":"https:\/\/wp.kristdemokraterna.se\/vasternorrland\/wp-json\/wp\/v2\/pages\/351965","targetHints":{"allow":["GET"]}}],"collection":[{"href":"https:\/\/wp.kristdemokraterna.se\/vasternorrland\/wp-json\/wp\/v2\/pages"}],"about":[{"href":"https:\/\/wp.kristdemokraterna.se\/vasternorrland\/wp-json\/wp\/v2\/types\/page"}],"author":[{"embeddable":true,"href":"https:\/\/wp.kristdemokraterna.se\/vasternorrland\/wp-json\/wp\/v2\/users\/861"}],"replies":[{"embeddable":true,"href":"https:\/\/wp.kristdemokraterna.se\/vasternorrland\/wp-json\/wp\/v2\/comments?post=351965"}],"version-history":[{"count":4,"href":"https:\/\/wp.kristdemokraterna.se\/vasternorrland\/wp-json\/wp\/v2\/pages\/351965\/revisions"}],"predecessor-version":[{"id":351988,"href":"https:\/\/wp.kristdemokraterna.se\/vasternorrland\/wp-json\/wp\/v2\/pages\/351965\/revisions\/351988"}],"up":[{"embeddable":true,"href":"https:\/\/wp.kristdemokraterna.se\/vasternorrland\/wp-json\/wp\/v2\/pages\/149701"}],"wp:attachment":[{"href":"https:\/\/wp.kristdemokraterna.se\/vasternorrland\/wp-json\/wp\/v2\/media?parent=351965"}],"curies":[{"name":"wp","href":"https:\/\/api.w.org\/{rel}","templated":true}]}}