{"id":352304,"date":"2022-05-24T10:18:43","date_gmt":"2022-05-24T08:18:43","guid":{"rendered":"https:\/\/wp.kristdemokraterna.se\/vasternorrland\/?page_id=352304"},"modified":"2022-05-24T10:18:43","modified_gmt":"2022-05-24T08:18:43","slug":"maria-borgehammar-redo-for-ett-nytt-ledarskap","status":"publish","type":"page","link":"https:\/\/wp.kristdemokraterna.se\/vasternorrland\/maria-borgehammar-redo-for-ett-nytt-ledarskap\/","title":{"rendered":"Maria Borgehammar &#8211; Redo f\u00f6r ett nytt ledarskap"},"content":{"rendered":"<div id=\"attachment_352290\" style=\"width: 310px\" class=\"wp-caption alignnone\"><img loading=\"lazy\" decoding=\"async\" aria-describedby=\"caption-attachment-352290\" class=\"wp-image-352290 size-medium\" src=\"http:\/\/wp.kristdemokraterna.se\/vasternorrland\/files\/2022\/05\/19-300x168.jpg\" alt=\"\" width=\"300\" height=\"168\" srcset=\"https:\/\/wp.kristdemokraterna.se\/vasternorrland\/files\/2022\/05\/19-300x168.jpg 300w, https:\/\/wp.kristdemokraterna.se\/vasternorrland\/files\/2022\/05\/19-540x303.jpg 540w, https:\/\/wp.kristdemokraterna.se\/vasternorrland\/files\/2022\/05\/19-768x430.jpg 768w, https:\/\/wp.kristdemokraterna.se\/vasternorrland\/files\/2022\/05\/19-1536x861.jpg 1536w, https:\/\/wp.kristdemokraterna.se\/vasternorrland\/files\/2022\/05\/19-2048x1147.jpg 2048w, https:\/\/wp.kristdemokraterna.se\/vasternorrland\/files\/2022\/05\/19-357x200.jpg 357w, https:\/\/wp.kristdemokraterna.se\/vasternorrland\/files\/2022\/05\/19-370x207.jpg 370w, https:\/\/wp.kristdemokraterna.se\/vasternorrland\/files\/2022\/05\/19-770x431.jpg 770w, https:\/\/wp.kristdemokraterna.se\/vasternorrland\/files\/2022\/05\/19-450x252.jpg 450w, https:\/\/wp.kristdemokraterna.se\/vasternorrland\/files\/2022\/05\/19-280x157.jpg 280w, https:\/\/wp.kristdemokraterna.se\/vasternorrland\/files\/2022\/05\/19-340x191.jpg 340w, https:\/\/wp.kristdemokraterna.se\/vasternorrland\/files\/2022\/05\/19-200x112.jpg 200w, https:\/\/wp.kristdemokraterna.se\/vasternorrland\/files\/2022\/05\/19-100x56.jpg 100w\" sizes=\"auto, (max-width: 300px) 100vw, 300px\" \/><p id=\"caption-attachment-352290\" class=\"wp-caption-text\">Maria Borgehammar.<\/p><\/div>\n<ul>\n<li>Tre akutsjukhus &#8211; Sollefte\u00e5, Sundsvall och \u00d6rnsk\u00f6ldsvik. Det m\u00e5ste vi ha f\u00f6r en j\u00e4mlik, trygg och s\u00e4ker v\u00e5rd med rimliga avst\u00e5nd.<\/li>\n<li>Lyssna p\u00e5 personalen &#8211; De kan verksamheten och vet hur man kan f\u00f6r\u00e4ndra, f\u00f6rb\u00e4ttra och utveckla den.<\/li>\n<li>Staten ska ha huvudansvar f\u00f6r sjukv\u00e5rden s\u00e5 att en h\u00f6gkvalitativ, effektiv och j\u00e4mlik v\u00e5rd kan ges p\u00e5 lika villkor til hela befolkningen.<\/li>\n<\/ul>\n","protected":false},"excerpt":{"rendered":"<p>Tre akutsjukhus &#8211; Sollefte\u00e5, Sundsvall och \u00d6rnsk\u00f6ldsvik. Det m\u00e5ste vi ha f\u00f6r en j\u00e4mlik, trygg och s\u00e4ker v\u00e5rd med rimliga avst\u00e5nd. Lyssna p\u00e5 personalen &#8211; De kan verksamheten och vet hur man kan f\u00f6r\u00e4ndra, f\u00f6rb\u00e4ttra och utveckla den. Staten ska ha huvudansvar f\u00f6r sjukv\u00e5rden s\u00e5 att en h\u00f6gkvalitativ, effektiv och j\u00e4mlik v\u00e5rd kan ges p\u00e5 <a class=\"read-more-link\" href=\"https:\/\/wp.kristdemokraterna.se\/vasternorrland\/maria-borgehammar-redo-for-ett-nytt-ledarskap\/\">Read More<\/a><\/p>\n","protected":false},"author":861,"featured_media":0,"parent":0,"menu_order":0,"comment_status":"closed","ping_status":"closed","template":"","meta":{"_acf_changed":false,"footnotes":""},"class_list":["post-352304","page","type-page","status-publish","hentry"],"acf":[],"yoast_head":"<!-- This site is optimized with the Yoast SEO plugin v27.3 - https:\/\/yoast.com\/product\/yoast-seo-wordpress\/ -->\n<title>Maria Borgehammar - Redo f\u00f6r ett nytt ledarskap | KD V\u00e4sternorrland<\/title>\n<meta name=\"robots\" content=\"index, follow, max-snippet:-1, max-image-preview:large, max-video-preview:-1\" \/>\n<link rel=\"canonical\" href=\"https:\/\/wp.kristdemokraterna.se\/vasternorrland\/maria-borgehammar-redo-for-ett-nytt-ledarskap\/\" \/>\n<meta property=\"og:locale\" content=\"sv_SE\" \/>\n<meta property=\"og:type\" content=\"article\" \/>\n<meta property=\"og:title\" content=\"Maria Borgehammar - Redo f\u00f6r ett nytt ledarskap | KD V\u00e4sternorrland\" \/>\n<meta property=\"og:description\" content=\"Tre akutsjukhus &#8211; Sollefte\u00e5, Sundsvall och \u00d6rnsk\u00f6ldsvik. Det m\u00e5ste vi ha f\u00f6r en j\u00e4mlik, trygg och s\u00e4ker v\u00e5rd med rimliga avst\u00e5nd. Lyssna p\u00e5 personalen &#8211; De kan verksamheten och vet hur man kan f\u00f6r\u00e4ndra, f\u00f6rb\u00e4ttra och utveckla den. Staten ska ha huvudansvar f\u00f6r sjukv\u00e5rden s\u00e5 att en h\u00f6gkvalitativ, effektiv och j\u00e4mlik v\u00e5rd kan ges p\u00e5 Read More\" \/>\n<meta property=\"og:url\" content=\"https:\/\/wp.kristdemokraterna.se\/vasternorrland\/maria-borgehammar-redo-for-ett-nytt-ledarskap\/\" \/>\n<meta property=\"og:site_name\" content=\"KD V\u00e4sternorrland\" \/>\n<meta property=\"article:publisher\" content=\"https:\/\/www.facebook.com\/kdrvn\/\" \/>\n<meta property=\"og:image\" content=\"http:\/\/wp.kristdemokraterna.se\/vasternorrland\/files\/2022\/05\/19-300x168.jpg\" \/>\n<meta name=\"twitter:card\" content=\"summary_large_image\" \/>\n<meta name=\"twitter:label1\" content=\"Ber\u00e4knad l\u00e4stid\" \/>\n\t<meta name=\"twitter:data1\" content=\"1 minut\" \/>\n<script type=\"application\/ld+json\" class=\"yoast-schema-graph\">{\"@context\":\"https:\\\/\\\/schema.org\",\"@graph\":[{\"@type\":\"WebPage\",\"@id\":\"https:\\\/\\\/wp.kristdemokraterna.se\\\/vasternorrland\\\/maria-borgehammar-redo-for-ett-nytt-ledarskap\\\/\",\"url\":\"https:\\\/\\\/wp.kristdemokraterna.se\\\/vasternorrland\\\/maria-borgehammar-redo-for-ett-nytt-ledarskap\\\/\",\"name\":\"Maria Borgehammar - Redo f\u00f6r ett nytt ledarskap | KD V\u00e4sternorrland\",\"isPartOf\":{\"@id\":\"https:\\\/\\\/wp.kristdemokraterna.se\\\/vasternorrland\\\/#website\"},\"primaryImageOfPage\":{\"@id\":\"https:\\\/\\\/wp.kristdemokraterna.se\\\/vasternorrland\\\/maria-borgehammar-redo-for-ett-nytt-ledarskap\\\/#primaryimage\"},\"image\":{\"@id\":\"https:\\\/\\\/wp.kristdemokraterna.se\\\/vasternorrland\\\/maria-borgehammar-redo-for-ett-nytt-ledarskap\\\/#primaryimage\"},\"thumbnailUrl\":\"http:\\\/\\\/wp.kristdemokraterna.se\\\/vasternorrland\\\/files\\\/2022\\\/05\\\/19-300x168.jpg\",\"datePublished\":\"2022-05-24T08:18:43+00:00\",\"breadcrumb\":{\"@id\":\"https:\\\/\\\/wp.kristdemokraterna.se\\\/vasternorrland\\\/maria-borgehammar-redo-for-ett-nytt-ledarskap\\\/#breadcrumb\"},\"inLanguage\":\"sv-SE\",\"potentialAction\":[{\"@type\":\"ReadAction\",\"target\":[\"https:\\\/\\\/wp.kristdemokraterna.se\\\/vasternorrland\\\/maria-borgehammar-redo-for-ett-nytt-ledarskap\\\/\"]}]},{\"@type\":\"ImageObject\",\"inLanguage\":\"sv-SE\",\"@id\":\"https:\\\/\\\/wp.kristdemokraterna.se\\\/vasternorrland\\\/maria-borgehammar-redo-for-ett-nytt-ledarskap\\\/#primaryimage\",\"url\":\"http:\\\/\\\/wp.kristdemokraterna.se\\\/vasternorrland\\\/files\\\/2022\\\/05\\\/19-300x168.jpg\",\"contentUrl\":\"http:\\\/\\\/wp.kristdemokraterna.se\\\/vasternorrland\\\/files\\\/2022\\\/05\\\/19-300x168.jpg\"},{\"@type\":\"BreadcrumbList\",\"@id\":\"https:\\\/\\\/wp.kristdemokraterna.se\\\/vasternorrland\\\/maria-borgehammar-redo-for-ett-nytt-ledarskap\\\/#breadcrumb\",\"itemListElement\":[{\"@type\":\"ListItem\",\"position\":1,\"name\":\"Hem\",\"item\":\"https:\\\/\\\/wp.kristdemokraterna.se\\\/vasternorrland\\\/\"},{\"@type\":\"ListItem\",\"position\":2,\"name\":\"Maria Borgehammar &#8211; Redo f\u00f6r ett nytt ledarskap\"}]},{\"@type\":\"WebSite\",\"@id\":\"https:\\\/\\\/wp.kristdemokraterna.se\\\/vasternorrland\\\/#website\",\"url\":\"https:\\\/\\\/wp.kristdemokraterna.se\\\/vasternorrland\\\/\",\"name\":\"KD V\u00e4sternorrland\",\"description\":\"V\u00e5rda v\u00e5rden - utveckla prim\u00e4rv\u00e5rden\",\"inLanguage\":\"sv-SE\"}]}<\/script>\n<!-- \/ Yoast SEO plugin. -->","yoast_head_json":{"title":"Maria Borgehammar - Redo f\u00f6r ett nytt ledarskap | KD V\u00e4sternorrland","robots":{"index":"index","follow":"follow","max-snippet":"max-snippet:-1","max-image-preview":"max-image-preview:large","max-video-preview":"max-video-preview:-1"},"canonical":"https:\/\/wp.kristdemokraterna.se\/vasternorrland\/maria-borgehammar-redo-for-ett-nytt-ledarskap\/","og_locale":"sv_SE","og_type":"article","og_title":"Maria Borgehammar - Redo f\u00f6r ett nytt ledarskap | KD V\u00e4sternorrland","og_description":"Tre akutsjukhus &#8211; Sollefte\u00e5, Sundsvall och \u00d6rnsk\u00f6ldsvik. Det m\u00e5ste vi ha f\u00f6r en j\u00e4mlik, trygg och s\u00e4ker v\u00e5rd med rimliga avst\u00e5nd. Lyssna p\u00e5 personalen &#8211; De kan verksamheten och vet hur man kan f\u00f6r\u00e4ndra, f\u00f6rb\u00e4ttra och utveckla den. Staten ska ha huvudansvar f\u00f6r sjukv\u00e5rden s\u00e5 att en h\u00f6gkvalitativ, effektiv och j\u00e4mlik v\u00e5rd kan ges p\u00e5 Read More","og_url":"https:\/\/wp.kristdemokraterna.se\/vasternorrland\/maria-borgehammar-redo-for-ett-nytt-ledarskap\/","og_site_name":"KD V\u00e4sternorrland","article_publisher":"https:\/\/www.facebook.com\/kdrvn\/","og_image":[{"url":"http:\/\/wp.kristdemokraterna.se\/vasternorrland\/files\/2022\/05\/19-300x168.jpg","type":"","width":"","height":""}],"twitter_card":"summary_large_image","twitter_misc":{"Ber\u00e4knad l\u00e4stid":"1 minut"},"schema":{"@context":"https:\/\/schema.org","@graph":[{"@type":"WebPage","@id":"https:\/\/wp.kristdemokraterna.se\/vasternorrland\/maria-borgehammar-redo-for-ett-nytt-ledarskap\/","url":"https:\/\/wp.kristdemokraterna.se\/vasternorrland\/maria-borgehammar-redo-for-ett-nytt-ledarskap\/","name":"Maria Borgehammar - Redo f\u00f6r ett nytt ledarskap | KD V\u00e4sternorrland","isPartOf":{"@id":"https:\/\/wp.kristdemokraterna.se\/vasternorrland\/#website"},"primaryImageOfPage":{"@id":"https:\/\/wp.kristdemokraterna.se\/vasternorrland\/maria-borgehammar-redo-for-ett-nytt-ledarskap\/#primaryimage"},"image":{"@id":"https:\/\/wp.kristdemokraterna.se\/vasternorrland\/maria-borgehammar-redo-for-ett-nytt-ledarskap\/#primaryimage"},"thumbnailUrl":"http:\/\/wp.kristdemokraterna.se\/vasternorrland\/files\/2022\/05\/19-300x168.jpg","datePublished":"2022-05-24T08:18:43+00:00","breadcrumb":{"@id":"https:\/\/wp.kristdemokraterna.se\/vasternorrland\/maria-borgehammar-redo-for-ett-nytt-ledarskap\/#breadcrumb"},"inLanguage":"sv-SE","potentialAction":[{"@type":"ReadAction","target":["https:\/\/wp.kristdemokraterna.se\/vasternorrland\/maria-borgehammar-redo-for-ett-nytt-ledarskap\/"]}]},{"@type":"ImageObject","inLanguage":"sv-SE","@id":"https:\/\/wp.kristdemokraterna.se\/vasternorrland\/maria-borgehammar-redo-for-ett-nytt-ledarskap\/#primaryimage","url":"http:\/\/wp.kristdemokraterna.se\/vasternorrland\/files\/2022\/05\/19-300x168.jpg","contentUrl":"http:\/\/wp.kristdemokraterna.se\/vasternorrland\/files\/2022\/05\/19-300x168.jpg"},{"@type":"BreadcrumbList","@id":"https:\/\/wp.kristdemokraterna.se\/vasternorrland\/maria-borgehammar-redo-for-ett-nytt-ledarskap\/#breadcrumb","itemListElement":[{"@type":"ListItem","position":1,"name":"Hem","item":"https:\/\/wp.kristdemokraterna.se\/vasternorrland\/"},{"@type":"ListItem","position":2,"name":"Maria Borgehammar &#8211; Redo f\u00f6r ett nytt ledarskap"}]},{"@type":"WebSite","@id":"https:\/\/wp.kristdemokraterna.se\/vasternorrland\/#website","url":"https:\/\/wp.kristdemokraterna.se\/vasternorrland\/","name":"KD V\u00e4sternorrland","description":"V\u00e5rda v\u00e5rden - utveckla prim\u00e4rv\u00e5rden","inLanguage":"sv-SE"}]}},"_links":{"self":[{"href":"https:\/\/wp.kristdemokraterna.se\/vasternorrland\/wp-json\/wp\/v2\/pages\/352304","targetHints":{"allow":["GET"]}}],"collection":[{"href":"https:\/\/wp.kristdemokraterna.se\/vasternorrland\/wp-json\/wp\/v2\/pages"}],"about":[{"href":"https:\/\/wp.kristdemokraterna.se\/vasternorrland\/wp-json\/wp\/v2\/types\/page"}],"author":[{"embeddable":true,"href":"https:\/\/wp.kristdemokraterna.se\/vasternorrland\/wp-json\/wp\/v2\/users\/861"}],"replies":[{"embeddable":true,"href":"https:\/\/wp.kristdemokraterna.se\/vasternorrland\/wp-json\/wp\/v2\/comments?post=352304"}],"version-history":[{"count":1,"href":"https:\/\/wp.kristdemokraterna.se\/vasternorrland\/wp-json\/wp\/v2\/pages\/352304\/revisions"}],"predecessor-version":[{"id":352306,"href":"https:\/\/wp.kristdemokraterna.se\/vasternorrland\/wp-json\/wp\/v2\/pages\/352304\/revisions\/352306"}],"wp:attachment":[{"href":"https:\/\/wp.kristdemokraterna.se\/vasternorrland\/wp-json\/wp\/v2\/media?parent=352304"}],"curies":[{"name":"wp","href":"https:\/\/api.w.org\/{rel}","templated":true}]}}