{"id":352380,"date":"2023-01-01T08:00:06","date_gmt":"2023-01-01T07:00:06","guid":{"rendered":"https:\/\/wp.kristdemokraterna.se\/vasternorrland\/?page_id=352380"},"modified":"2026-03-13T17:30:56","modified_gmt":"2026-03-13T16:30:56","slug":"i-styrelsen-namnder-2022-2026","status":"publish","type":"page","link":"https:\/\/wp.kristdemokraterna.se\/vasternorrland\/i-styrelsen-namnder-2022-2026\/","title":{"rendered":"I styrelsen\/n\u00e4mnder 2022-2026"},"content":{"rendered":"<p>Ledam\u00f6ter och ers\u00e4ttare i Regionstyrelsen, n\u00e4mnder och andra uppdrag d\u00e4r personerna \u00e4r valda f\u00f6r perioden 1 januari 2023 till 31 december 2026.<\/p>\n<p>I Region V\u00e4sternorrland har vi under mandatperioden en valteknisk samverkan med Sjukv\u00e5rdspartiet V\u00e4sternorrland och Sverigedemokraterna i opposition.<\/p>\n<h2>Regionstyrelsen<\/h2>\n<ul>\n<li>Joachim Jonsson, ledamot<\/li>\n<li>Gunl\u00f6g Jacobsson, ers\u00e4ttare (\u00e4ven ledamot i V\u00e5rdvalskutsskotet)<\/li>\n<\/ul>\n<h2>H\u00e4lso- och sjukv\u00e5rdsn\u00e4mnden<\/h2>\n<ul>\n<li>Daniel Ekdahl, ledamot<\/li>\n<li>Mona Hammarstedt, ers\u00e4ttare<\/li>\n<\/ul>\n<h2>Regionala utvecklingsn\u00e4mnden<\/h2>\n<ul>\n<li>Joseph Daibess, ledamot<\/li>\n<li>Joachim Jonsson, ers\u00e4ttare<\/li>\n<\/ul>\n<h2>Valn\u00e4mnden<\/h2>\n<ul>\n<li>Joachim Jonsson, vice ordf\u00f6rande<\/li>\n<li>Maria Borgehammar, ers\u00e4ttare<\/li>\n<\/ul>\n<h2>Regionens revisorer<\/h2>\n<ul>\n<li>Ingemar Wiklander, ordf\u00f6rande<\/li>\n<\/ul>\n<h2>Kommunalf\u00f6rbundet Kollektivtrafikmyndigheten i V\u00e4sternorrlands l\u00e4n (KTM)<\/h2>\n<ul>\n<li>Joachim Jonsson, vice ordf\u00f6rande<\/li>\n<\/ul>\n<h2>Jurym\u00e4n i tryckfrihetsm\u00e5l<\/h2>\n<ul>\n<li>Christina \u00d6grim, juryman i f\u00f6rsta gruppen<\/li>\n<\/ul>\n","protected":false},"excerpt":{"rendered":"<p>Ledam\u00f6ter och ers\u00e4ttare i Regionstyrelsen, n\u00e4mnder och andra uppdrag d\u00e4r personerna \u00e4r valda f\u00f6r perioden 1 januari 2023 till 31 december 2026. I Region V\u00e4sternorrland har vi under mandatperioden en valteknisk samverkan med Sjukv\u00e5rdspartiet V\u00e4sternorrland och Sverigedemokraterna i opposition. Regionstyrelsen Joachim Jonsson, ledamot Gunl\u00f6g Jacobsson, ers\u00e4ttare (\u00e4ven ledamot i V\u00e5rdvalskutsskotet) H\u00e4lso- och sjukv\u00e5rdsn\u00e4mnden Daniel Ekdahl, <a class=\"read-more-link\" href=\"https:\/\/wp.kristdemokraterna.se\/vasternorrland\/i-styrelsen-namnder-2022-2026\/\">Read More<\/a><\/p>\n","protected":false},"author":861,"featured_media":0,"parent":0,"menu_order":0,"comment_status":"closed","ping_status":"closed","template":"","meta":{"_acf_changed":false,"footnotes":""},"class_list":["post-352380","page","type-page","status-publish","hentry"],"acf":[],"yoast_head":"<!-- This site is optimized with the Yoast SEO plugin v27.3 - https:\/\/yoast.com\/product\/yoast-seo-wordpress\/ -->\n<title>I styrelsen\/n\u00e4mnder 2022-2026 | KD V\u00e4sternorrland<\/title>\n<meta name=\"robots\" content=\"index, follow, max-snippet:-1, max-image-preview:large, max-video-preview:-1\" \/>\n<link rel=\"canonical\" href=\"https:\/\/wp.kristdemokraterna.se\/vasternorrland\/i-styrelsen-namnder-2022-2026\/\" \/>\n<meta property=\"og:locale\" content=\"sv_SE\" \/>\n<meta property=\"og:type\" content=\"article\" \/>\n<meta property=\"og:title\" content=\"I styrelsen\/n\u00e4mnder 2022-2026 | KD V\u00e4sternorrland\" \/>\n<meta property=\"og:description\" content=\"Ledam\u00f6ter och ers\u00e4ttare i Regionstyrelsen, n\u00e4mnder och andra uppdrag d\u00e4r personerna \u00e4r valda f\u00f6r perioden 1 januari 2023 till 31 december 2026. I Region V\u00e4sternorrland har vi under mandatperioden en valteknisk samverkan med Sjukv\u00e5rdspartiet V\u00e4sternorrland och Sverigedemokraterna i opposition. Regionstyrelsen Joachim Jonsson, ledamot Gunl\u00f6g Jacobsson, ers\u00e4ttare (\u00e4ven ledamot i V\u00e5rdvalskutsskotet) H\u00e4lso- och sjukv\u00e5rdsn\u00e4mnden Daniel Ekdahl, Read More\" \/>\n<meta property=\"og:url\" content=\"https:\/\/wp.kristdemokraterna.se\/vasternorrland\/i-styrelsen-namnder-2022-2026\/\" \/>\n<meta property=\"og:site_name\" content=\"KD V\u00e4sternorrland\" \/>\n<meta property=\"article:publisher\" content=\"https:\/\/www.facebook.com\/kdrvn\/\" \/>\n<meta property=\"article:modified_time\" content=\"2026-03-13T16:30:56+00:00\" \/>\n<meta name=\"twitter:card\" content=\"summary_large_image\" \/>\n<meta name=\"twitter:label1\" content=\"Ber\u00e4knad l\u00e4stid\" \/>\n\t<meta name=\"twitter:data1\" content=\"1 minut\" \/>\n<script type=\"application\/ld+json\" class=\"yoast-schema-graph\">{\"@context\":\"https:\\\/\\\/schema.org\",\"@graph\":[{\"@type\":\"WebPage\",\"@id\":\"https:\\\/\\\/wp.kristdemokraterna.se\\\/vasternorrland\\\/i-styrelsen-namnder-2022-2026\\\/\",\"url\":\"https:\\\/\\\/wp.kristdemokraterna.se\\\/vasternorrland\\\/i-styrelsen-namnder-2022-2026\\\/\",\"name\":\"I styrelsen\\\/n\u00e4mnder 2022-2026 | KD V\u00e4sternorrland\",\"isPartOf\":{\"@id\":\"https:\\\/\\\/wp.kristdemokraterna.se\\\/vasternorrland\\\/#website\"},\"datePublished\":\"2023-01-01T07:00:06+00:00\",\"dateModified\":\"2026-03-13T16:30:56+00:00\",\"breadcrumb\":{\"@id\":\"https:\\\/\\\/wp.kristdemokraterna.se\\\/vasternorrland\\\/i-styrelsen-namnder-2022-2026\\\/#breadcrumb\"},\"inLanguage\":\"sv-SE\",\"potentialAction\":[{\"@type\":\"ReadAction\",\"target\":[\"https:\\\/\\\/wp.kristdemokraterna.se\\\/vasternorrland\\\/i-styrelsen-namnder-2022-2026\\\/\"]}]},{\"@type\":\"BreadcrumbList\",\"@id\":\"https:\\\/\\\/wp.kristdemokraterna.se\\\/vasternorrland\\\/i-styrelsen-namnder-2022-2026\\\/#breadcrumb\",\"itemListElement\":[{\"@type\":\"ListItem\",\"position\":1,\"name\":\"Hem\",\"item\":\"https:\\\/\\\/wp.kristdemokraterna.se\\\/vasternorrland\\\/\"},{\"@type\":\"ListItem\",\"position\":2,\"name\":\"I styrelsen\\\/n\u00e4mnder 2022-2026\"}]},{\"@type\":\"WebSite\",\"@id\":\"https:\\\/\\\/wp.kristdemokraterna.se\\\/vasternorrland\\\/#website\",\"url\":\"https:\\\/\\\/wp.kristdemokraterna.se\\\/vasternorrland\\\/\",\"name\":\"KD V\u00e4sternorrland\",\"description\":\"V\u00e5rda v\u00e5rden - utveckla prim\u00e4rv\u00e5rden\",\"inLanguage\":\"sv-SE\"}]}<\/script>\n<!-- \/ Yoast SEO plugin. -->","yoast_head_json":{"title":"I styrelsen\/n\u00e4mnder 2022-2026 | KD V\u00e4sternorrland","robots":{"index":"index","follow":"follow","max-snippet":"max-snippet:-1","max-image-preview":"max-image-preview:large","max-video-preview":"max-video-preview:-1"},"canonical":"https:\/\/wp.kristdemokraterna.se\/vasternorrland\/i-styrelsen-namnder-2022-2026\/","og_locale":"sv_SE","og_type":"article","og_title":"I styrelsen\/n\u00e4mnder 2022-2026 | KD V\u00e4sternorrland","og_description":"Ledam\u00f6ter och ers\u00e4ttare i Regionstyrelsen, n\u00e4mnder och andra uppdrag d\u00e4r personerna \u00e4r valda f\u00f6r perioden 1 januari 2023 till 31 december 2026. I Region V\u00e4sternorrland har vi under mandatperioden en valteknisk samverkan med Sjukv\u00e5rdspartiet V\u00e4sternorrland och Sverigedemokraterna i opposition. Regionstyrelsen Joachim Jonsson, ledamot Gunl\u00f6g Jacobsson, ers\u00e4ttare (\u00e4ven ledamot i V\u00e5rdvalskutsskotet) H\u00e4lso- och sjukv\u00e5rdsn\u00e4mnden Daniel Ekdahl, Read More","og_url":"https:\/\/wp.kristdemokraterna.se\/vasternorrland\/i-styrelsen-namnder-2022-2026\/","og_site_name":"KD V\u00e4sternorrland","article_publisher":"https:\/\/www.facebook.com\/kdrvn\/","article_modified_time":"2026-03-13T16:30:56+00:00","twitter_card":"summary_large_image","twitter_misc":{"Ber\u00e4knad l\u00e4stid":"1 minut"},"schema":{"@context":"https:\/\/schema.org","@graph":[{"@type":"WebPage","@id":"https:\/\/wp.kristdemokraterna.se\/vasternorrland\/i-styrelsen-namnder-2022-2026\/","url":"https:\/\/wp.kristdemokraterna.se\/vasternorrland\/i-styrelsen-namnder-2022-2026\/","name":"I styrelsen\/n\u00e4mnder 2022-2026 | KD V\u00e4sternorrland","isPartOf":{"@id":"https:\/\/wp.kristdemokraterna.se\/vasternorrland\/#website"},"datePublished":"2023-01-01T07:00:06+00:00","dateModified":"2026-03-13T16:30:56+00:00","breadcrumb":{"@id":"https:\/\/wp.kristdemokraterna.se\/vasternorrland\/i-styrelsen-namnder-2022-2026\/#breadcrumb"},"inLanguage":"sv-SE","potentialAction":[{"@type":"ReadAction","target":["https:\/\/wp.kristdemokraterna.se\/vasternorrland\/i-styrelsen-namnder-2022-2026\/"]}]},{"@type":"BreadcrumbList","@id":"https:\/\/wp.kristdemokraterna.se\/vasternorrland\/i-styrelsen-namnder-2022-2026\/#breadcrumb","itemListElement":[{"@type":"ListItem","position":1,"name":"Hem","item":"https:\/\/wp.kristdemokraterna.se\/vasternorrland\/"},{"@type":"ListItem","position":2,"name":"I styrelsen\/n\u00e4mnder 2022-2026"}]},{"@type":"WebSite","@id":"https:\/\/wp.kristdemokraterna.se\/vasternorrland\/#website","url":"https:\/\/wp.kristdemokraterna.se\/vasternorrland\/","name":"KD V\u00e4sternorrland","description":"V\u00e5rda v\u00e5rden - utveckla prim\u00e4rv\u00e5rden","inLanguage":"sv-SE"}]}},"_links":{"self":[{"href":"https:\/\/wp.kristdemokraterna.se\/vasternorrland\/wp-json\/wp\/v2\/pages\/352380","targetHints":{"allow":["GET"]}}],"collection":[{"href":"https:\/\/wp.kristdemokraterna.se\/vasternorrland\/wp-json\/wp\/v2\/pages"}],"about":[{"href":"https:\/\/wp.kristdemokraterna.se\/vasternorrland\/wp-json\/wp\/v2\/types\/page"}],"author":[{"embeddable":true,"href":"https:\/\/wp.kristdemokraterna.se\/vasternorrland\/wp-json\/wp\/v2\/users\/861"}],"replies":[{"embeddable":true,"href":"https:\/\/wp.kristdemokraterna.se\/vasternorrland\/wp-json\/wp\/v2\/comments?post=352380"}],"version-history":[{"count":4,"href":"https:\/\/wp.kristdemokraterna.se\/vasternorrland\/wp-json\/wp\/v2\/pages\/352380\/revisions"}],"predecessor-version":[{"id":352532,"href":"https:\/\/wp.kristdemokraterna.se\/vasternorrland\/wp-json\/wp\/v2\/pages\/352380\/revisions\/352532"}],"wp:attachment":[{"href":"https:\/\/wp.kristdemokraterna.se\/vasternorrland\/wp-json\/wp\/v2\/media?parent=352380"}],"curies":[{"name":"wp","href":"https:\/\/api.w.org\/{rel}","templated":true}]}}