{"id":352383,"date":"2023-02-01T13:41:06","date_gmt":"2023-02-01T12:41:06","guid":{"rendered":"https:\/\/wp.kristdemokraterna.se\/vasternorrland\/?page_id=352383"},"modified":"2026-03-13T17:31:43","modified_gmt":"2026-03-13T16:31:43","slug":"i-regionfullmaktige-2022-2026","status":"publish","type":"page","link":"https:\/\/wp.kristdemokraterna.se\/vasternorrland\/i-regionfullmaktige-2022-2026\/","title":{"rendered":"I regionfullm\u00e4ktige 2022-2026"},"content":{"rendered":"<p>Ledam\u00f6ter och ers\u00e4ttare i Regionfullm\u00e4ktige invalda f\u00f6r mandatperioden 15 oktober 2018 till 14 oktober 2026.<\/p>\n<p>&nbsp;<\/p>\n<table>\n<tbody>\n<tr>\n<td><img decoding=\"async\" class=\"alignnone size-medium wp-image-128674\" src=\"http:\/\/wp.kristdemokraterna.se\/vasternorrland\/files\/2018\/09\/placeholder-kd-276x300.jpg\" alt=\"\" width=\"160\" srcset=\"https:\/\/wp.kristdemokraterna.se\/vasternorrland\/files\/2018\/09\/placeholder-kd-276x300.jpg 276w, https:\/\/wp.kristdemokraterna.se\/vasternorrland\/files\/2018\/09\/placeholder-kd-496x540.jpg 496w, https:\/\/wp.kristdemokraterna.se\/vasternorrland\/files\/2018\/09\/placeholder-kd-184x200.jpg 184w, https:\/\/wp.kristdemokraterna.se\/vasternorrland\/files\/2018\/09\/placeholder-kd-370x403.jpg 370w, https:\/\/wp.kristdemokraterna.se\/vasternorrland\/files\/2018\/09\/placeholder-kd-450x490.jpg 450w, https:\/\/wp.kristdemokraterna.se\/vasternorrland\/files\/2018\/09\/placeholder-kd-280x305.jpg 280w, https:\/\/wp.kristdemokraterna.se\/vasternorrland\/files\/2018\/09\/placeholder-kd-340x370.jpg 340w, https:\/\/wp.kristdemokraterna.se\/vasternorrland\/files\/2018\/09\/placeholder-kd-239x260.jpg 239w, https:\/\/wp.kristdemokraterna.se\/vasternorrland\/files\/2018\/09\/placeholder-kd-51x56.jpg 51w, https:\/\/wp.kristdemokraterna.se\/vasternorrland\/files\/2018\/09\/placeholder-kd.jpg 680w\" sizes=\"(max-width: 276px) 100vw, 276px\" \/><\/td>\n<td>\n<div class=\"u-soft\">\n<ul class=\"o-bare-list o-bare-list--spaced\/2\">\n<li style=\"list-style-type: none\">\n<ul class=\"o-bare-list\">\n<li class=\"u-brand-font u-txt-bold\">Joachim Jonsson<\/li>\n<li class=\"u-txt-xs u-txt-zeta\">Ledamot och gruppledare<\/li>\n<\/ul>\n<ul class=\"o-bare-list o-bare-list--spaced\/2\">\n<li style=\"list-style-type: none\">\n<ul class=\"o-bare-list\">\n<li class=\"u-brand-font u-txt-xs\"><strong>E-post:<\/strong><\/li>\n<li class=\"u-txt-brand u-txt-xs\"><\/li>\n<\/ul>\n<ul class=\"o-bare-list\">\n<li class=\"u-brand-font u-txt-xs\"><strong>Telefon:<\/strong><\/li>\n<li class=\"u-txt-brand u-txt-xs\"><\/li>\n<\/ul>\n<\/li>\n<\/ul>\n<\/li>\n<\/ul>\n<\/div>\n<\/td>\n<\/tr>\n<tr>\n<td><img decoding=\"async\" class=\"alignnone size-medium wp-image-140155\" src=\"http:\/\/wp.kristdemokraterna.se\/vasternorrland\/files\/2018\/10\/maria-borgehammar-276x300.jpg\" alt=\"\" width=\"160\" srcset=\"https:\/\/wp.kristdemokraterna.se\/vasternorrland\/files\/2018\/10\/maria-borgehammar-276x300.jpg 276w, https:\/\/wp.kristdemokraterna.se\/vasternorrland\/files\/2018\/10\/maria-borgehammar-184x200.jpg 184w, https:\/\/wp.kristdemokraterna.se\/vasternorrland\/files\/2018\/10\/maria-borgehammar-280x304.jpg 280w, https:\/\/wp.kristdemokraterna.se\/vasternorrland\/files\/2018\/10\/maria-borgehammar-340x370.jpg 340w, https:\/\/wp.kristdemokraterna.se\/vasternorrland\/files\/2018\/10\/maria-borgehammar-239x260.jpg 239w, https:\/\/wp.kristdemokraterna.se\/vasternorrland\/files\/2018\/10\/maria-borgehammar-52x56.jpg 52w, https:\/\/wp.kristdemokraterna.se\/vasternorrland\/files\/2018\/10\/maria-borgehammar.jpg 368w\" sizes=\"(max-width: 276px) 100vw, 276px\" \/><\/td>\n<td>\n<div class=\"u-soft\">\n<ul class=\"o-bare-list o-bare-list--spaced\/2\">\n<li style=\"list-style-type: none\">\n<ul class=\"o-bare-list\">\n<li class=\"u-brand-font u-txt-bold\">Maria Borgehammar<\/li>\n<li class=\"u-txt-xs u-txt-zeta\">Ledamot och politisk sekreterare<\/li>\n<\/ul>\n<ul class=\"o-bare-list o-bare-list--spaced\/2\">\n<li style=\"list-style-type: none\">\n<ul class=\"o-bare-list\">\n<li class=\"u-brand-font u-txt-xs\"><strong>E-post:<\/strong><\/li>\n<li class=\"u-txt-brand u-txt-xs\"><a href=\"mailto:maria.borgehammar@rvn.se\">maria.borgehammar@rvn.se<\/a><\/li>\n<\/ul>\n<ul class=\"o-bare-list\">\n<li class=\"u-brand-font u-txt-xs\"><strong>Telefon:<\/strong><\/li>\n<li class=\"u-txt-brand u-txt-xs\"><a href=\"tel:072-521 84 11\">072-521 84 11<\/a><\/li>\n<\/ul>\n<\/li>\n<\/ul>\n<\/li>\n<\/ul>\n<\/div>\n<\/td>\n<\/tr>\n<tr>\n<td><img decoding=\"async\" class=\"alignnone size-medium wp-image-128674\" src=\"http:\/\/wp.kristdemokraterna.se\/vasternorrland\/files\/2018\/09\/placeholder-kd-276x300.jpg\" alt=\"\" width=\"160\" srcset=\"https:\/\/wp.kristdemokraterna.se\/vasternorrland\/files\/2018\/09\/placeholder-kd-276x300.jpg 276w, https:\/\/wp.kristdemokraterna.se\/vasternorrland\/files\/2018\/09\/placeholder-kd-496x540.jpg 496w, https:\/\/wp.kristdemokraterna.se\/vasternorrland\/files\/2018\/09\/placeholder-kd-184x200.jpg 184w, https:\/\/wp.kristdemokraterna.se\/vasternorrland\/files\/2018\/09\/placeholder-kd-370x403.jpg 370w, https:\/\/wp.kristdemokraterna.se\/vasternorrland\/files\/2018\/09\/placeholder-kd-450x490.jpg 450w, https:\/\/wp.kristdemokraterna.se\/vasternorrland\/files\/2018\/09\/placeholder-kd-280x305.jpg 280w, https:\/\/wp.kristdemokraterna.se\/vasternorrland\/files\/2018\/09\/placeholder-kd-340x370.jpg 340w, https:\/\/wp.kristdemokraterna.se\/vasternorrland\/files\/2018\/09\/placeholder-kd-239x260.jpg 239w, https:\/\/wp.kristdemokraterna.se\/vasternorrland\/files\/2018\/09\/placeholder-kd-51x56.jpg 51w, https:\/\/wp.kristdemokraterna.se\/vasternorrland\/files\/2018\/09\/placeholder-kd.jpg 680w\" sizes=\"(max-width: 276px) 100vw, 276px\" \/><\/td>\n<td>\n<div class=\"u-soft\">\n<ul class=\"o-bare-list o-bare-list--spaced\/2\">\n<li style=\"list-style-type: none\">\n<ul class=\"o-bare-list\">\n<li class=\"u-brand-font u-txt-bold\">Joachim Jonsson<\/li>\n<li class=\"u-txt-xs u-txt-zeta\">Ledamot<\/li>\n<\/ul>\n<ul class=\"o-bare-list o-bare-list--spaced\/2\">\n<li style=\"list-style-type: none\">\n<ul class=\"o-bare-list\">\n<li class=\"u-brand-font u-txt-xs\"><strong>E-post:<\/strong><\/li>\n<li class=\"u-txt-brand u-txt-xs\"><a href=\"mailto:jonssonjoachim@hotmail.com\">jonssonjoachim@hotmail.com<\/a><\/li>\n<\/ul>\n<ul class=\"o-bare-list\">\n<li class=\"u-brand-font u-txt-xs\"><strong>Telefon:<\/strong><\/li>\n<li class=\"u-txt-brand u-txt-xs\"><a href=\"tel:070-684 88 42\">070-684 88 42<\/a><\/li>\n<\/ul>\n<\/li>\n<\/ul>\n<\/li>\n<\/ul>\n<\/div>\n<\/td>\n<\/tr>\n<tr>\n<td><img decoding=\"async\" class=\"alignnone size-medium wp-image-128674\" src=\"http:\/\/wp.kristdemokraterna.se\/vasternorrland\/files\/2018\/09\/placeholder-kd-276x300.jpg\" alt=\"\" width=\"160\" srcset=\"https:\/\/wp.kristdemokraterna.se\/vasternorrland\/files\/2018\/09\/placeholder-kd-276x300.jpg 276w, https:\/\/wp.kristdemokraterna.se\/vasternorrland\/files\/2018\/09\/placeholder-kd-496x540.jpg 496w, https:\/\/wp.kristdemokraterna.se\/vasternorrland\/files\/2018\/09\/placeholder-kd-184x200.jpg 184w, https:\/\/wp.kristdemokraterna.se\/vasternorrland\/files\/2018\/09\/placeholder-kd-370x403.jpg 370w, https:\/\/wp.kristdemokraterna.se\/vasternorrland\/files\/2018\/09\/placeholder-kd-450x490.jpg 450w, https:\/\/wp.kristdemokraterna.se\/vasternorrland\/files\/2018\/09\/placeholder-kd-280x305.jpg 280w, https:\/\/wp.kristdemokraterna.se\/vasternorrland\/files\/2018\/09\/placeholder-kd-340x370.jpg 340w, https:\/\/wp.kristdemokraterna.se\/vasternorrland\/files\/2018\/09\/placeholder-kd-239x260.jpg 239w, https:\/\/wp.kristdemokraterna.se\/vasternorrland\/files\/2018\/09\/placeholder-kd-51x56.jpg 51w, https:\/\/wp.kristdemokraterna.se\/vasternorrland\/files\/2018\/09\/placeholder-kd.jpg 680w\" sizes=\"(max-width: 276px) 100vw, 276px\" \/><\/td>\n<td>\n<div class=\"u-soft\">\n<ul class=\"o-bare-list o-bare-list--spaced\/2\">\n<li style=\"list-style-type: none\">\n<ul class=\"o-bare-list\">\n<li class=\"u-brand-font u-txt-bold\">Gunl\u00f6g Jacobsson<\/li>\n<li class=\"u-txt-xs u-txt-zeta\">Ledamot<\/li>\n<\/ul>\n<ul class=\"o-bare-list o-bare-list--spaced\/2\">\n<li style=\"list-style-type: none\">\n<ul class=\"o-bare-list\">\n<li class=\"u-brand-font u-txt-xs\"><strong>E-post:<\/strong><\/li>\n<li class=\"u-txt-brand u-txt-xs\"><a href=\"mailto:gunlog.jacobsson@kristdemokraterna.se\">gunlog.jacobsson@kristdemokraterna.se<\/a><\/li>\n<\/ul>\n<ul class=\"o-bare-list\">\n<li class=\"u-brand-font u-txt-xs\"><strong>Telefon:<\/strong><\/li>\n<li class=\"u-txt-brand u-txt-xs\"><a href=\"tel:0620-512 63\">0620-512 63<\/a><\/li>\n<\/ul>\n<\/li>\n<\/ul>\n<\/li>\n<\/ul>\n<\/div>\n<\/td>\n<\/tr>\n<tr>\n<td><img decoding=\"async\" class=\"alignnone size-medium wp-image-128674\" src=\"http:\/\/wp.kristdemokraterna.se\/vasternorrland\/files\/2018\/09\/placeholder-kd-276x300.jpg\" alt=\"\" width=\"160\" srcset=\"https:\/\/wp.kristdemokraterna.se\/vasternorrland\/files\/2018\/09\/placeholder-kd-276x300.jpg 276w, https:\/\/wp.kristdemokraterna.se\/vasternorrland\/files\/2018\/09\/placeholder-kd-496x540.jpg 496w, https:\/\/wp.kristdemokraterna.se\/vasternorrland\/files\/2018\/09\/placeholder-kd-184x200.jpg 184w, https:\/\/wp.kristdemokraterna.se\/vasternorrland\/files\/2018\/09\/placeholder-kd-370x403.jpg 370w, https:\/\/wp.kristdemokraterna.se\/vasternorrland\/files\/2018\/09\/placeholder-kd-450x490.jpg 450w, https:\/\/wp.kristdemokraterna.se\/vasternorrland\/files\/2018\/09\/placeholder-kd-280x305.jpg 280w, https:\/\/wp.kristdemokraterna.se\/vasternorrland\/files\/2018\/09\/placeholder-kd-340x370.jpg 340w, https:\/\/wp.kristdemokraterna.se\/vasternorrland\/files\/2018\/09\/placeholder-kd-239x260.jpg 239w, https:\/\/wp.kristdemokraterna.se\/vasternorrland\/files\/2018\/09\/placeholder-kd-51x56.jpg 51w, https:\/\/wp.kristdemokraterna.se\/vasternorrland\/files\/2018\/09\/placeholder-kd.jpg 680w\" sizes=\"(max-width: 276px) 100vw, 276px\" \/><\/td>\n<td>\n<div class=\"u-soft\">\n<ul class=\"o-bare-list o-bare-list--spaced\/2\">\n<li style=\"list-style-type: none\">\n<ul class=\"o-bare-list\">\n<li class=\"u-brand-font u-txt-bold\">Daniel Ekdahl<\/li>\n<li class=\"u-txt-xs u-txt-zeta\">1:e ers\u00e4ttare<\/li>\n<\/ul>\n<ul class=\"o-bare-list o-bare-list--spaced\/2\">\n<li style=\"list-style-type: none\">\n<ul class=\"o-bare-list\">\n<li class=\"u-brand-font u-txt-xs\"><strong>E-post:<\/strong><\/li>\n<li class=\"u-txt-brand u-txt-xs\"><a href=\"daniel.r.ekdahl@gmail.com\">daniel.r.ekdahl@gmail.com<\/a><\/li>\n<\/ul>\n<ul class=\"o-bare-list\">\n<li class=\"u-brand-font u-txt-xs\"><strong>Telefon:<\/strong><\/li>\n<li class=\"u-txt-brand u-txt-xs\"><\/li>\n<\/ul>\n<\/li>\n<\/ul>\n<\/li>\n<\/ul>\n<\/div>\n<\/td>\n<\/tr>\n<tr>\n<td><img decoding=\"async\" class=\"alignnone size-medium wp-image-140156\" src=\"http:\/\/wp.kristdemokraterna.se\/vasternorrland\/files\/2018\/10\/mona-hammarstedt-276x300.jpg\" alt=\"\" width=\"160\" srcset=\"https:\/\/wp.kristdemokraterna.se\/vasternorrland\/files\/2018\/10\/mona-hammarstedt-276x300.jpg 276w, https:\/\/wp.kristdemokraterna.se\/vasternorrland\/files\/2018\/10\/mona-hammarstedt-184x200.jpg 184w, https:\/\/wp.kristdemokraterna.se\/vasternorrland\/files\/2018\/10\/mona-hammarstedt-280x304.jpg 280w, https:\/\/wp.kristdemokraterna.se\/vasternorrland\/files\/2018\/10\/mona-hammarstedt-340x370.jpg 340w, https:\/\/wp.kristdemokraterna.se\/vasternorrland\/files\/2018\/10\/mona-hammarstedt-239x260.jpg 239w, https:\/\/wp.kristdemokraterna.se\/vasternorrland\/files\/2018\/10\/mona-hammarstedt-52x56.jpg 52w, https:\/\/wp.kristdemokraterna.se\/vasternorrland\/files\/2018\/10\/mona-hammarstedt.jpg 368w\" sizes=\"(max-width: 276px) 100vw, 276px\" \/><\/td>\n<td>\n<div class=\"u-soft\">\n<ul class=\"o-bare-list o-bare-list--spaced\/2\">\n<li style=\"list-style-type: none\">\n<ul class=\"o-bare-list\">\n<li class=\"u-brand-font u-txt-bold\">Mona Hammarstedt<\/li>\n<li class=\"u-txt-xs u-txt-zeta\">Ers\u00e4ttare<\/li>\n<\/ul>\n<ul class=\"o-bare-list o-bare-list--spaced\/2\">\n<li style=\"list-style-type: none\">\n<ul class=\"o-bare-list\">\n<li class=\"u-brand-font u-txt-xs\"><strong>E-post:<\/strong><\/li>\n<li class=\"u-txt-brand u-txt-xs\"><a href=\"mailto:mona.hammarstedt@kristdemokraterna.se\">mona.hammarstedt@kristdemokraterna.se<\/a><\/li>\n<\/ul>\n<ul class=\"o-bare-list\">\n<li class=\"u-brand-font u-txt-xs\"><strong>Telefon:<\/strong><\/li>\n<li class=\"u-txt-brand u-txt-xs\"><a href=\"tel:070-398 17 99\">070-398 17 99<\/a><\/li>\n<\/ul>\n<\/li>\n<\/ul>\n<\/li>\n<\/ul>\n<\/div>\n<\/td>\n<\/tr>\n<tr>\n<td><img decoding=\"async\" class=\"alignnone size-medium wp-image-128674\" src=\"http:\/\/wp.kristdemokraterna.se\/vasternorrland\/files\/2018\/09\/placeholder-kd-276x300.jpg\" alt=\"\" width=\"160\" srcset=\"https:\/\/wp.kristdemokraterna.se\/vasternorrland\/files\/2018\/09\/placeholder-kd-276x300.jpg 276w, https:\/\/wp.kristdemokraterna.se\/vasternorrland\/files\/2018\/09\/placeholder-kd-496x540.jpg 496w, https:\/\/wp.kristdemokraterna.se\/vasternorrland\/files\/2018\/09\/placeholder-kd-184x200.jpg 184w, https:\/\/wp.kristdemokraterna.se\/vasternorrland\/files\/2018\/09\/placeholder-kd-370x403.jpg 370w, https:\/\/wp.kristdemokraterna.se\/vasternorrland\/files\/2018\/09\/placeholder-kd-450x490.jpg 450w, https:\/\/wp.kristdemokraterna.se\/vasternorrland\/files\/2018\/09\/placeholder-kd-280x305.jpg 280w, https:\/\/wp.kristdemokraterna.se\/vasternorrland\/files\/2018\/09\/placeholder-kd-340x370.jpg 340w, https:\/\/wp.kristdemokraterna.se\/vasternorrland\/files\/2018\/09\/placeholder-kd-239x260.jpg 239w, https:\/\/wp.kristdemokraterna.se\/vasternorrland\/files\/2018\/09\/placeholder-kd-51x56.jpg 51w, https:\/\/wp.kristdemokraterna.se\/vasternorrland\/files\/2018\/09\/placeholder-kd.jpg 680w\" sizes=\"(max-width: 276px) 100vw, 276px\" \/><\/td>\n<td>\n<div class=\"u-soft\">\n<ul class=\"o-bare-list o-bare-list--spaced\/2\">\n<li style=\"list-style-type: none\">\n<ul class=\"o-bare-list\">\n<li>Christina \u00d6grim<\/li>\n<li class=\"u-brand-font u-txt-bold\">Ers\u00e4ttare<\/li>\n<\/ul>\n<ul class=\"o-bare-list o-bare-list--spaced\/2\">\n<li style=\"list-style-type: none\">\n<ul class=\"o-bare-list\">\n<li class=\"u-brand-font u-txt-xs\"><strong>E-post:<\/strong><\/li>\n<li class=\"u-txt-brand u-txt-xs\"><\/li>\n<\/ul>\n<ul class=\"o-bare-list\">\n<li class=\"u-brand-font u-txt-xs\"><strong>Telefon:<\/strong><\/li>\n<li class=\"u-txt-brand u-txt-xs\"><\/li>\n<\/ul>\n<\/li>\n<\/ul>\n<\/li>\n<\/ul>\n<\/div>\n<\/td>\n<\/tr>\n<tr>\n<td><img decoding=\"async\" class=\"alignnone size-medium wp-image-128674\" src=\"http:\/\/wp.kristdemokraterna.se\/vasternorrland\/files\/2018\/09\/placeholder-kd-276x300.jpg\" alt=\"\" width=\"160\" srcset=\"https:\/\/wp.kristdemokraterna.se\/vasternorrland\/files\/2018\/09\/placeholder-kd-276x300.jpg 276w, https:\/\/wp.kristdemokraterna.se\/vasternorrland\/files\/2018\/09\/placeholder-kd-496x540.jpg 496w, https:\/\/wp.kristdemokraterna.se\/vasternorrland\/files\/2018\/09\/placeholder-kd-184x200.jpg 184w, https:\/\/wp.kristdemokraterna.se\/vasternorrland\/files\/2018\/09\/placeholder-kd-370x403.jpg 370w, https:\/\/wp.kristdemokraterna.se\/vasternorrland\/files\/2018\/09\/placeholder-kd-450x490.jpg 450w, https:\/\/wp.kristdemokraterna.se\/vasternorrland\/files\/2018\/09\/placeholder-kd-280x305.jpg 280w, https:\/\/wp.kristdemokraterna.se\/vasternorrland\/files\/2018\/09\/placeholder-kd-340x370.jpg 340w, https:\/\/wp.kristdemokraterna.se\/vasternorrland\/files\/2018\/09\/placeholder-kd-239x260.jpg 239w, https:\/\/wp.kristdemokraterna.se\/vasternorrland\/files\/2018\/09\/placeholder-kd-51x56.jpg 51w, https:\/\/wp.kristdemokraterna.se\/vasternorrland\/files\/2018\/09\/placeholder-kd.jpg 680w\" sizes=\"(max-width: 276px) 100vw, 276px\" \/><\/td>\n<td>\n<div class=\"u-soft\">\n<ul class=\"o-bare-list o-bare-list--spaced\/2\">\n<li style=\"list-style-type: none\">\n<ul class=\"o-bare-list\">\n<li class=\"u-brand-font u-txt-bold\"><\/li>\n<li class=\"u-txt-xs u-txt-zeta\">Ers\u00e4ttare<\/li>\n<\/ul>\n<ul class=\"o-bare-list o-bare-list--spaced\/2\">\n<li style=\"list-style-type: none\">\n<ul class=\"o-bare-list\">\n<li class=\"u-brand-font u-txt-xs\"><strong>E-post:<\/strong><\/li>\n<li class=\"u-txt-brand u-txt-xs\"><\/li>\n<\/ul>\n<ul class=\"o-bare-list\">\n<li class=\"u-brand-font u-txt-xs\"><strong>Telefon:<\/strong><\/li>\n<li class=\"u-txt-brand u-txt-xs\"><\/li>\n<\/ul>\n<\/li>\n<\/ul>\n<\/li>\n<\/ul>\n<\/div>\n<\/td>\n<\/tr>\n<\/tbody>\n<\/table>\n","protected":false},"excerpt":{"rendered":"<p>Ledam\u00f6ter och ers\u00e4ttare i Regionfullm\u00e4ktige invalda f\u00f6r mandatperioden 15 oktober 2018 till 14 oktober 2026. &nbsp; Joachim Jonsson Ledamot och gruppledare E-post: Telefon: Maria Borgehammar Ledamot och politisk sekreterare E-post: maria.borgehammar@rvn.se Telefon: 072-521 84 11 Joachim Jonsson Ledamot E-post: jonssonjoachim@hotmail.com Telefon: 070-684 88 42 Gunl\u00f6g Jacobsson Ledamot E-post: gunlog.jacobsson@kristdemokraterna.se Telefon: 0620-512 63 Daniel Ekdahl 1:e <a class=\"read-more-link\" href=\"https:\/\/wp.kristdemokraterna.se\/vasternorrland\/i-regionfullmaktige-2022-2026\/\">Read More<\/a><\/p>\n","protected":false},"author":861,"featured_media":0,"parent":0,"menu_order":0,"comment_status":"closed","ping_status":"closed","template":"","meta":{"_acf_changed":false,"footnotes":""},"class_list":["post-352383","page","type-page","status-publish","hentry"],"acf":[],"yoast_head":"<!-- This site is optimized with the Yoast SEO plugin v27.4 - https:\/\/yoast.com\/product\/yoast-seo-wordpress\/ -->\n<title>I regionfullm\u00e4ktige 2022-2026 | KD V\u00e4sternorrland<\/title>\n<meta name=\"robots\" content=\"index, follow, max-snippet:-1, max-image-preview:large, max-video-preview:-1\" \/>\n<link rel=\"canonical\" href=\"https:\/\/wp.kristdemokraterna.se\/vasternorrland\/i-regionfullmaktige-2022-2026\/\" \/>\n<meta property=\"og:locale\" content=\"sv_SE\" \/>\n<meta property=\"og:type\" content=\"article\" \/>\n<meta property=\"og:title\" content=\"I regionfullm\u00e4ktige 2022-2026 | KD V\u00e4sternorrland\" \/>\n<meta property=\"og:description\" content=\"Ledam\u00f6ter och ers\u00e4ttare i Regionfullm\u00e4ktige invalda f\u00f6r mandatperioden 15 oktober 2018 till 14 oktober 2026. &nbsp; Joachim Jonsson Ledamot och gruppledare E-post: Telefon: Maria Borgehammar Ledamot och politisk sekreterare E-post: maria.borgehammar@rvn.se Telefon: 072-521 84 11 Joachim Jonsson Ledamot E-post: jonssonjoachim@hotmail.com Telefon: 070-684 88 42 Gunl\u00f6g Jacobsson Ledamot E-post: gunlog.jacobsson@kristdemokraterna.se Telefon: 0620-512 63 Daniel Ekdahl 1:e Read More\" \/>\n<meta property=\"og:url\" content=\"https:\/\/wp.kristdemokraterna.se\/vasternorrland\/i-regionfullmaktige-2022-2026\/\" \/>\n<meta property=\"og:site_name\" content=\"KD V\u00e4sternorrland\" \/>\n<meta property=\"article:publisher\" content=\"https:\/\/www.facebook.com\/kdrvn\/\" \/>\n<meta property=\"article:modified_time\" content=\"2026-03-13T16:31:43+00:00\" \/>\n<meta property=\"og:image\" content=\"https:\/\/wp.kristdemokraterna.se\/vasternorrland\/files\/2018\/09\/placeholder-kd.jpg\" \/>\n\t<meta property=\"og:image:width\" content=\"680\" \/>\n\t<meta property=\"og:image:height\" content=\"740\" \/>\n\t<meta property=\"og:image:type\" content=\"image\/jpeg\" \/>\n<meta name=\"twitter:card\" content=\"summary_large_image\" \/>\n<meta name=\"twitter:label1\" content=\"Ber\u00e4knad l\u00e4stid\" \/>\n\t<meta name=\"twitter:data1\" content=\"2 minuter\" \/>\n<script type=\"application\/ld+json\" class=\"yoast-schema-graph\">{\"@context\":\"https:\\\/\\\/schema.org\",\"@graph\":[{\"@type\":\"WebPage\",\"@id\":\"https:\\\/\\\/wp.kristdemokraterna.se\\\/vasternorrland\\\/i-regionfullmaktige-2022-2026\\\/\",\"url\":\"https:\\\/\\\/wp.kristdemokraterna.se\\\/vasternorrland\\\/i-regionfullmaktige-2022-2026\\\/\",\"name\":\"I regionfullm\u00e4ktige 2022-2026 | KD V\u00e4sternorrland\",\"isPartOf\":{\"@id\":\"https:\\\/\\\/wp.kristdemokraterna.se\\\/vasternorrland\\\/#website\"},\"primaryImageOfPage\":{\"@id\":\"https:\\\/\\\/wp.kristdemokraterna.se\\\/vasternorrland\\\/i-regionfullmaktige-2022-2026\\\/#primaryimage\"},\"image\":{\"@id\":\"https:\\\/\\\/wp.kristdemokraterna.se\\\/vasternorrland\\\/i-regionfullmaktige-2022-2026\\\/#primaryimage\"},\"thumbnailUrl\":\"http:\\\/\\\/wp.kristdemokraterna.se\\\/vasternorrland\\\/files\\\/2018\\\/09\\\/placeholder-kd-276x300.jpg\",\"datePublished\":\"2023-02-01T12:41:06+00:00\",\"dateModified\":\"2026-03-13T16:31:43+00:00\",\"breadcrumb\":{\"@id\":\"https:\\\/\\\/wp.kristdemokraterna.se\\\/vasternorrland\\\/i-regionfullmaktige-2022-2026\\\/#breadcrumb\"},\"inLanguage\":\"sv-SE\",\"potentialAction\":[{\"@type\":\"ReadAction\",\"target\":[\"https:\\\/\\\/wp.kristdemokraterna.se\\\/vasternorrland\\\/i-regionfullmaktige-2022-2026\\\/\"]}]},{\"@type\":\"ImageObject\",\"inLanguage\":\"sv-SE\",\"@id\":\"https:\\\/\\\/wp.kristdemokraterna.se\\\/vasternorrland\\\/i-regionfullmaktige-2022-2026\\\/#primaryimage\",\"url\":\"https:\\\/\\\/wp.kristdemokraterna.se\\\/vasternorrland\\\/files\\\/2018\\\/09\\\/placeholder-kd.jpg\",\"contentUrl\":\"https:\\\/\\\/wp.kristdemokraterna.se\\\/vasternorrland\\\/files\\\/2018\\\/09\\\/placeholder-kd.jpg\",\"width\":680,\"height\":740},{\"@type\":\"BreadcrumbList\",\"@id\":\"https:\\\/\\\/wp.kristdemokraterna.se\\\/vasternorrland\\\/i-regionfullmaktige-2022-2026\\\/#breadcrumb\",\"itemListElement\":[{\"@type\":\"ListItem\",\"position\":1,\"name\":\"Hem\",\"item\":\"https:\\\/\\\/wp.kristdemokraterna.se\\\/vasternorrland\\\/\"},{\"@type\":\"ListItem\",\"position\":2,\"name\":\"I regionfullm\u00e4ktige 2022-2026\"}]},{\"@type\":\"WebSite\",\"@id\":\"https:\\\/\\\/wp.kristdemokraterna.se\\\/vasternorrland\\\/#website\",\"url\":\"https:\\\/\\\/wp.kristdemokraterna.se\\\/vasternorrland\\\/\",\"name\":\"KD V\u00e4sternorrland\",\"description\":\"V\u00e5rda v\u00e5rden - utveckla prim\u00e4rv\u00e5rden\",\"inLanguage\":\"sv-SE\"}]}<\/script>\n<!-- \/ Yoast SEO plugin. -->","yoast_head_json":{"title":"I regionfullm\u00e4ktige 2022-2026 | KD V\u00e4sternorrland","robots":{"index":"index","follow":"follow","max-snippet":"max-snippet:-1","max-image-preview":"max-image-preview:large","max-video-preview":"max-video-preview:-1"},"canonical":"https:\/\/wp.kristdemokraterna.se\/vasternorrland\/i-regionfullmaktige-2022-2026\/","og_locale":"sv_SE","og_type":"article","og_title":"I regionfullm\u00e4ktige 2022-2026 | KD V\u00e4sternorrland","og_description":"Ledam\u00f6ter och ers\u00e4ttare i Regionfullm\u00e4ktige invalda f\u00f6r mandatperioden 15 oktober 2018 till 14 oktober 2026. &nbsp; Joachim Jonsson Ledamot och gruppledare E-post: Telefon: Maria Borgehammar Ledamot och politisk sekreterare E-post: maria.borgehammar@rvn.se Telefon: 072-521 84 11 Joachim Jonsson Ledamot E-post: jonssonjoachim@hotmail.com Telefon: 070-684 88 42 Gunl\u00f6g Jacobsson Ledamot E-post: gunlog.jacobsson@kristdemokraterna.se Telefon: 0620-512 63 Daniel Ekdahl 1:e Read More","og_url":"https:\/\/wp.kristdemokraterna.se\/vasternorrland\/i-regionfullmaktige-2022-2026\/","og_site_name":"KD V\u00e4sternorrland","article_publisher":"https:\/\/www.facebook.com\/kdrvn\/","article_modified_time":"2026-03-13T16:31:43+00:00","og_image":[{"width":680,"height":740,"url":"https:\/\/wp.kristdemokraterna.se\/vasternorrland\/files\/2018\/09\/placeholder-kd.jpg","type":"image\/jpeg"}],"twitter_card":"summary_large_image","twitter_misc":{"Ber\u00e4knad l\u00e4stid":"2 minuter"},"schema":{"@context":"https:\/\/schema.org","@graph":[{"@type":"WebPage","@id":"https:\/\/wp.kristdemokraterna.se\/vasternorrland\/i-regionfullmaktige-2022-2026\/","url":"https:\/\/wp.kristdemokraterna.se\/vasternorrland\/i-regionfullmaktige-2022-2026\/","name":"I regionfullm\u00e4ktige 2022-2026 | KD V\u00e4sternorrland","isPartOf":{"@id":"https:\/\/wp.kristdemokraterna.se\/vasternorrland\/#website"},"primaryImageOfPage":{"@id":"https:\/\/wp.kristdemokraterna.se\/vasternorrland\/i-regionfullmaktige-2022-2026\/#primaryimage"},"image":{"@id":"https:\/\/wp.kristdemokraterna.se\/vasternorrland\/i-regionfullmaktige-2022-2026\/#primaryimage"},"thumbnailUrl":"http:\/\/wp.kristdemokraterna.se\/vasternorrland\/files\/2018\/09\/placeholder-kd-276x300.jpg","datePublished":"2023-02-01T12:41:06+00:00","dateModified":"2026-03-13T16:31:43+00:00","breadcrumb":{"@id":"https:\/\/wp.kristdemokraterna.se\/vasternorrland\/i-regionfullmaktige-2022-2026\/#breadcrumb"},"inLanguage":"sv-SE","potentialAction":[{"@type":"ReadAction","target":["https:\/\/wp.kristdemokraterna.se\/vasternorrland\/i-regionfullmaktige-2022-2026\/"]}]},{"@type":"ImageObject","inLanguage":"sv-SE","@id":"https:\/\/wp.kristdemokraterna.se\/vasternorrland\/i-regionfullmaktige-2022-2026\/#primaryimage","url":"https:\/\/wp.kristdemokraterna.se\/vasternorrland\/files\/2018\/09\/placeholder-kd.jpg","contentUrl":"https:\/\/wp.kristdemokraterna.se\/vasternorrland\/files\/2018\/09\/placeholder-kd.jpg","width":680,"height":740},{"@type":"BreadcrumbList","@id":"https:\/\/wp.kristdemokraterna.se\/vasternorrland\/i-regionfullmaktige-2022-2026\/#breadcrumb","itemListElement":[{"@type":"ListItem","position":1,"name":"Hem","item":"https:\/\/wp.kristdemokraterna.se\/vasternorrland\/"},{"@type":"ListItem","position":2,"name":"I regionfullm\u00e4ktige 2022-2026"}]},{"@type":"WebSite","@id":"https:\/\/wp.kristdemokraterna.se\/vasternorrland\/#website","url":"https:\/\/wp.kristdemokraterna.se\/vasternorrland\/","name":"KD V\u00e4sternorrland","description":"V\u00e5rda v\u00e5rden - utveckla prim\u00e4rv\u00e5rden","inLanguage":"sv-SE"}]}},"_links":{"self":[{"href":"https:\/\/wp.kristdemokraterna.se\/vasternorrland\/wp-json\/wp\/v2\/pages\/352383","targetHints":{"allow":["GET"]}}],"collection":[{"href":"https:\/\/wp.kristdemokraterna.se\/vasternorrland\/wp-json\/wp\/v2\/pages"}],"about":[{"href":"https:\/\/wp.kristdemokraterna.se\/vasternorrland\/wp-json\/wp\/v2\/types\/page"}],"author":[{"embeddable":true,"href":"https:\/\/wp.kristdemokraterna.se\/vasternorrland\/wp-json\/wp\/v2\/users\/861"}],"replies":[{"embeddable":true,"href":"https:\/\/wp.kristdemokraterna.se\/vasternorrland\/wp-json\/wp\/v2\/comments?post=352383"}],"version-history":[{"count":3,"href":"https:\/\/wp.kristdemokraterna.se\/vasternorrland\/wp-json\/wp\/v2\/pages\/352383\/revisions"}],"predecessor-version":[{"id":352533,"href":"https:\/\/wp.kristdemokraterna.se\/vasternorrland\/wp-json\/wp\/v2\/pages\/352383\/revisions\/352533"}],"wp:attachment":[{"href":"https:\/\/wp.kristdemokraterna.se\/vasternorrland\/wp-json\/wp\/v2\/media?parent=352383"}],"curies":[{"name":"wp","href":"https:\/\/api.w.org\/{rel}","templated":true}]}}