{"id":38,"date":"2013-04-13T14:26:03","date_gmt":"2013-04-13T12:26:03","guid":{"rendered":"http:\/\/wp.kristdemokraterna.se\/vasternorrland\/?page_id=38"},"modified":"2016-03-10T09:41:58","modified_gmt":"2016-03-10T08:41:58","slug":"engagera-dig","status":"publish","type":"page","link":"https:\/\/wp.kristdemokraterna.se\/vasternorrland\/kontakta-oss\/engagera-dig\/","title":{"rendered":"Engagera dig"},"content":{"rendered":"<p>Ta det viktiga steget att bli medlem i Kristdemokraterna. D\u00e4rmed g\u00f6r Du ett viktigt st\u00e4llningstagande som \u00f6kar v\u00e5ra m\u00f6jligheter att p\u00e5verka samh\u00e4llsutvecklingen.<\/p>\n<p>Trygghet i det lilla \u00e4r trygghet i det stora. I ett tryggt samh\u00e4lle lever vi i gemenskap. Vi ser varandra, vi bryr oss om och v\u00e5gar s\u00e4tta gr\u00e4nser.<\/p>\n<p>Vi vill ge barnen en trygg uppv\u00e4xt \u2013 och familjen m\u00f6jlighet att sj\u00e4lv best\u00e4mma \u00f6ver sin tillvaro. Det ger trygghet i vardagen. \u00c4ldre ska vi visa respekt, det \u00e4r en grundsten. Av det<br \/>\nf\u00f6ljer en v\u00e4rdig \u00e4ldreomsorg. Det \u00e4r trygghet att veta att det finns bra hj\u00e4lp, v\u00e5rd och omsorg att f\u00e5 n\u00e4r krafterna tryter och vi blir sjuka.<\/p>\n<p>Trygghet betyder allt i tider n\u00e4r f\u00f6retagen har det tufft och jobben blir f\u00e4rre. Vi st\u00e4ller upp f\u00f6r varandra f\u00f6r att klara hus och hem n\u00e4r det bl\u00e5ser sn\u00e5lt. Vi vet v\u00e4rdet av entrepren\u00f6rer<br \/>\nsom v\u00e5gar satsa och skapa jobb \u00e5t fler.<\/p>\n<p>Vi vill ta ansvar. F\u00f6rvalta jorden, inte f\u00f6rbruka den. Bek\u00e4mpa fattigdom, f\u00f6rf\u00f6ljelse och<br \/>\nf\u00f6rtryck \u2013 och ha civilkurage att s\u00e4ga ifr\u00e5n n\u00e4r n\u00e5got \u00e4r fel.<\/p>\n<p>Vi ska var och en ha m\u00f6jlighet att utvecklas efter v\u00e5ra f\u00f6ruts\u00e4ttningar. Tillsammans kan du och jag g\u00f6ra skillnad. Bli medlem i Kristdemokraterna nu.<\/p>\n<p><a title=\"Bli medlem h\u00e4r\" href=\"http:\/\/www.kristdemokraterna.se\/Blimedlem\">Bli medlem h\u00e4r<\/a><\/p>\n","protected":false},"excerpt":{"rendered":"<p>Ta det viktiga steget att bli medlem i Kristdemokraterna. D\u00e4rmed g\u00f6r Du ett viktigt st\u00e4llningstagande som \u00f6kar v\u00e5ra m\u00f6jligheter att p\u00e5verka samh\u00e4llsutvecklingen. Trygghet i det lilla \u00e4r trygghet i det stora. I ett tryggt samh\u00e4lle lever vi i gemenskap. Vi ser varandra, vi bryr oss om och v\u00e5gar s\u00e4tta gr\u00e4nser. Vi vill ge barnen en <a class=\"read-more-link\" href=\"https:\/\/wp.kristdemokraterna.se\/vasternorrland\/kontakta-oss\/engagera-dig\/\">Read More<\/a><\/p>\n","protected":false},"author":407,"featured_media":0,"parent":8,"menu_order":10,"comment_status":"closed","ping_status":"closed","template":"","meta":{"_acf_changed":false,"footnotes":""},"class_list":["post-38","page","type-page","status-publish","hentry"],"acf":[],"yoast_head":"<!-- This site is optimized with the Yoast SEO plugin v27.4 - https:\/\/yoast.com\/product\/yoast-seo-wordpress\/ -->\n<title>Engagera dig | KD V\u00e4sternorrland<\/title>\n<meta name=\"robots\" content=\"index, follow, max-snippet:-1, max-image-preview:large, max-video-preview:-1\" \/>\n<link rel=\"canonical\" href=\"https:\/\/wp.kristdemokraterna.se\/vasternorrland\/kontakta-oss\/engagera-dig\/\" \/>\n<meta property=\"og:locale\" content=\"sv_SE\" \/>\n<meta property=\"og:type\" content=\"article\" \/>\n<meta property=\"og:title\" content=\"Engagera dig | KD V\u00e4sternorrland\" \/>\n<meta property=\"og:description\" content=\"Ta det viktiga steget att bli medlem i Kristdemokraterna. D\u00e4rmed g\u00f6r Du ett viktigt st\u00e4llningstagande som \u00f6kar v\u00e5ra m\u00f6jligheter att p\u00e5verka samh\u00e4llsutvecklingen. Trygghet i det lilla \u00e4r trygghet i det stora. I ett tryggt samh\u00e4lle lever vi i gemenskap. Vi ser varandra, vi bryr oss om och v\u00e5gar s\u00e4tta gr\u00e4nser. Vi vill ge barnen en Read More\" \/>\n<meta property=\"og:url\" content=\"https:\/\/wp.kristdemokraterna.se\/vasternorrland\/kontakta-oss\/engagera-dig\/\" \/>\n<meta property=\"og:site_name\" content=\"KD V\u00e4sternorrland\" \/>\n<meta property=\"article:publisher\" content=\"https:\/\/www.facebook.com\/kdrvn\/\" \/>\n<meta property=\"article:modified_time\" content=\"2016-03-10T08:41:58+00:00\" \/>\n<meta name=\"twitter:card\" content=\"summary_large_image\" \/>\n<meta name=\"twitter:label1\" content=\"Ber\u00e4knad l\u00e4stid\" \/>\n\t<meta name=\"twitter:data1\" content=\"1 minut\" \/>\n<script type=\"application\/ld+json\" class=\"yoast-schema-graph\">{\"@context\":\"https:\\\/\\\/schema.org\",\"@graph\":[{\"@type\":\"WebPage\",\"@id\":\"https:\\\/\\\/wp.kristdemokraterna.se\\\/vasternorrland\\\/kontakta-oss\\\/engagera-dig\\\/\",\"url\":\"https:\\\/\\\/wp.kristdemokraterna.se\\\/vasternorrland\\\/kontakta-oss\\\/engagera-dig\\\/\",\"name\":\"Engagera dig | KD V\u00e4sternorrland\",\"isPartOf\":{\"@id\":\"https:\\\/\\\/wp.kristdemokraterna.se\\\/vasternorrland\\\/#website\"},\"datePublished\":\"2013-04-13T12:26:03+00:00\",\"dateModified\":\"2016-03-10T08:41:58+00:00\",\"breadcrumb\":{\"@id\":\"https:\\\/\\\/wp.kristdemokraterna.se\\\/vasternorrland\\\/kontakta-oss\\\/engagera-dig\\\/#breadcrumb\"},\"inLanguage\":\"sv-SE\",\"potentialAction\":[{\"@type\":\"ReadAction\",\"target\":[\"https:\\\/\\\/wp.kristdemokraterna.se\\\/vasternorrland\\\/kontakta-oss\\\/engagera-dig\\\/\"]}]},{\"@type\":\"BreadcrumbList\",\"@id\":\"https:\\\/\\\/wp.kristdemokraterna.se\\\/vasternorrland\\\/kontakta-oss\\\/engagera-dig\\\/#breadcrumb\",\"itemListElement\":[{\"@type\":\"ListItem\",\"position\":1,\"name\":\"Hem\",\"item\":\"https:\\\/\\\/wp.kristdemokraterna.se\\\/vasternorrland\\\/\"},{\"@type\":\"ListItem\",\"position\":2,\"name\":\"Kontakta oss\",\"item\":\"https:\\\/\\\/wp.kristdemokraterna.se\\\/vasternorrland\\\/kontakta-oss\\\/\"},{\"@type\":\"ListItem\",\"position\":3,\"name\":\"Engagera dig\"}]},{\"@type\":\"WebSite\",\"@id\":\"https:\\\/\\\/wp.kristdemokraterna.se\\\/vasternorrland\\\/#website\",\"url\":\"https:\\\/\\\/wp.kristdemokraterna.se\\\/vasternorrland\\\/\",\"name\":\"KD V\u00e4sternorrland\",\"description\":\"V\u00e5rda v\u00e5rden - utveckla prim\u00e4rv\u00e5rden\",\"inLanguage\":\"sv-SE\"}]}<\/script>\n<!-- \/ Yoast SEO plugin. -->","yoast_head_json":{"title":"Engagera dig | KD V\u00e4sternorrland","robots":{"index":"index","follow":"follow","max-snippet":"max-snippet:-1","max-image-preview":"max-image-preview:large","max-video-preview":"max-video-preview:-1"},"canonical":"https:\/\/wp.kristdemokraterna.se\/vasternorrland\/kontakta-oss\/engagera-dig\/","og_locale":"sv_SE","og_type":"article","og_title":"Engagera dig | KD V\u00e4sternorrland","og_description":"Ta det viktiga steget att bli medlem i Kristdemokraterna. D\u00e4rmed g\u00f6r Du ett viktigt st\u00e4llningstagande som \u00f6kar v\u00e5ra m\u00f6jligheter att p\u00e5verka samh\u00e4llsutvecklingen. Trygghet i det lilla \u00e4r trygghet i det stora. I ett tryggt samh\u00e4lle lever vi i gemenskap. Vi ser varandra, vi bryr oss om och v\u00e5gar s\u00e4tta gr\u00e4nser. Vi vill ge barnen en Read More","og_url":"https:\/\/wp.kristdemokraterna.se\/vasternorrland\/kontakta-oss\/engagera-dig\/","og_site_name":"KD V\u00e4sternorrland","article_publisher":"https:\/\/www.facebook.com\/kdrvn\/","article_modified_time":"2016-03-10T08:41:58+00:00","twitter_card":"summary_large_image","twitter_misc":{"Ber\u00e4knad l\u00e4stid":"1 minut"},"schema":{"@context":"https:\/\/schema.org","@graph":[{"@type":"WebPage","@id":"https:\/\/wp.kristdemokraterna.se\/vasternorrland\/kontakta-oss\/engagera-dig\/","url":"https:\/\/wp.kristdemokraterna.se\/vasternorrland\/kontakta-oss\/engagera-dig\/","name":"Engagera dig | KD V\u00e4sternorrland","isPartOf":{"@id":"https:\/\/wp.kristdemokraterna.se\/vasternorrland\/#website"},"datePublished":"2013-04-13T12:26:03+00:00","dateModified":"2016-03-10T08:41:58+00:00","breadcrumb":{"@id":"https:\/\/wp.kristdemokraterna.se\/vasternorrland\/kontakta-oss\/engagera-dig\/#breadcrumb"},"inLanguage":"sv-SE","potentialAction":[{"@type":"ReadAction","target":["https:\/\/wp.kristdemokraterna.se\/vasternorrland\/kontakta-oss\/engagera-dig\/"]}]},{"@type":"BreadcrumbList","@id":"https:\/\/wp.kristdemokraterna.se\/vasternorrland\/kontakta-oss\/engagera-dig\/#breadcrumb","itemListElement":[{"@type":"ListItem","position":1,"name":"Hem","item":"https:\/\/wp.kristdemokraterna.se\/vasternorrland\/"},{"@type":"ListItem","position":2,"name":"Kontakta oss","item":"https:\/\/wp.kristdemokraterna.se\/vasternorrland\/kontakta-oss\/"},{"@type":"ListItem","position":3,"name":"Engagera dig"}]},{"@type":"WebSite","@id":"https:\/\/wp.kristdemokraterna.se\/vasternorrland\/#website","url":"https:\/\/wp.kristdemokraterna.se\/vasternorrland\/","name":"KD V\u00e4sternorrland","description":"V\u00e5rda v\u00e5rden - utveckla prim\u00e4rv\u00e5rden","inLanguage":"sv-SE"}]}},"_links":{"self":[{"href":"https:\/\/wp.kristdemokraterna.se\/vasternorrland\/wp-json\/wp\/v2\/pages\/38","targetHints":{"allow":["GET"]}}],"collection":[{"href":"https:\/\/wp.kristdemokraterna.se\/vasternorrland\/wp-json\/wp\/v2\/pages"}],"about":[{"href":"https:\/\/wp.kristdemokraterna.se\/vasternorrland\/wp-json\/wp\/v2\/types\/page"}],"author":[{"embeddable":true,"href":"https:\/\/wp.kristdemokraterna.se\/vasternorrland\/wp-json\/wp\/v2\/users\/407"}],"replies":[{"embeddable":true,"href":"https:\/\/wp.kristdemokraterna.se\/vasternorrland\/wp-json\/wp\/v2\/comments?post=38"}],"version-history":[{"count":4,"href":"https:\/\/wp.kristdemokraterna.se\/vasternorrland\/wp-json\/wp\/v2\/pages\/38\/revisions"}],"predecessor-version":[{"id":106,"href":"https:\/\/wp.kristdemokraterna.se\/vasternorrland\/wp-json\/wp\/v2\/pages\/38\/revisions\/106"}],"up":[{"embeddable":true,"href":"https:\/\/wp.kristdemokraterna.se\/vasternorrland\/wp-json\/wp\/v2\/pages\/8"}],"wp:attachment":[{"href":"https:\/\/wp.kristdemokraterna.se\/vasternorrland\/wp-json\/wp\/v2\/media?parent=38"}],"curies":[{"name":"wp","href":"https:\/\/api.w.org\/{rel}","templated":true}]}}