{"id":51,"date":"2013-04-17T13:50:33","date_gmt":"2013-04-17T11:50:33","guid":{"rendered":"http:\/\/wp.kristdemokraterna.se\/vasternorrland\/?page_id=51"},"modified":"2018-10-09T12:56:51","modified_gmt":"2018-10-09T10:56:51","slug":"vart-distrikt","status":"publish","type":"page","link":"https:\/\/wp.kristdemokraterna.se\/vasternorrland\/vart-distrikt\/","title":{"rendered":"V\u00e5rt distrikt"},"content":{"rendered":"<ul>\n<li><a title=\"Kristdemokraterna H\u00e4rn\u00f6sand\" href=\"http:\/\/wp.kristdemokraterna.se\/harnosand\/\" target=\"_blank\" rel=\"noopener\">H\u00e4rn\u00f6sands partiavdelning<\/a><\/li>\n<li><a title=\"Kristdemokraterna Kramfors\" href=\"http:\/\/wp.kristdemokraterna.se\/kramfors\/\" target=\"_blank\" rel=\"noopener\">Kramfors\/H\u00f6ga Kustens partiavdelning<\/a><\/li>\n<li><a title=\"Kristdemokraterna Sollefte\u00e5-Ramsele\" href=\"http:\/\/wp.kristdemokraterna.se\/solleftea-ramsele\/\" target=\"_blank\" rel=\"noopener\">Sollefte\u00e5-Ramsele partiavdelning<\/a><\/li>\n<li><a title=\"Kristdemokraterna Sundsvall\" href=\"http:\/\/wp.kristdemokraterna.se\/sundsvall\/\" target=\"_blank\" rel=\"noopener\">Sundvalls partiavdelning<\/a><\/li>\n<li><a title=\"Kristdemokraterna Timr\u00e5\" href=\"http:\/\/wp.kristdemokraterna.se\/timra\/\" target=\"_blank\" rel=\"noopener\">Timr\u00e5 partiavdelning<\/a><\/li>\n<li><a title=\"Kristdemokraterna \u00c5nge\" href=\"http:\/\/wp.kristdemokraterna.se\/ange\" target=\"_blank\" rel=\"noopener\">\u00c5nge partiavdelning<\/a><\/li>\n<li><a title=\"Kristdemokraterna \u00d6rnskoldsvik\" href=\"http:\/\/wp.kristdemokraterna.se\/ornskoldsvik\" target=\"_blank\" rel=\"noopener\">\u00d6rnsk\u00f6ldsviks partiavdelning<\/a><\/li>\n<\/ul>\n<p>&nbsp;<\/p>\n<table border=\"0\" summary=\"\" width=\"100%\" cellspacing=\"0\" cellpadding=\"0\">\n<tbody>\n<tr>\n<td width=\"10\"><\/td>\n<td><\/td>\n<\/tr>\n<\/tbody>\n<\/table>\n","protected":false},"excerpt":{"rendered":"<p>H\u00e4rn\u00f6sands partiavdelning Kramfors\/H\u00f6ga Kustens partiavdelning Sollefte\u00e5-Ramsele partiavdelning Sundvalls partiavdelning Timr\u00e5 partiavdelning \u00c5nge partiavdelning \u00d6rnsk\u00f6ldsviks partiavdelning &nbsp;<\/p>\n","protected":false},"author":407,"featured_media":0,"parent":0,"menu_order":30,"comment_status":"closed","ping_status":"closed","template":"","meta":{"_acf_changed":false,"footnotes":""},"class_list":["post-51","page","type-page","status-publish","hentry"],"acf":[],"yoast_head":"<!-- This site is optimized with the Yoast SEO plugin v27.4 - https:\/\/yoast.com\/product\/yoast-seo-wordpress\/ -->\n<title>V\u00e5rt distrikt | KD V\u00e4sternorrland<\/title>\n<meta name=\"robots\" content=\"index, follow, max-snippet:-1, max-image-preview:large, max-video-preview:-1\" \/>\n<link rel=\"canonical\" href=\"https:\/\/wp.kristdemokraterna.se\/vasternorrland\/vart-distrikt\/\" \/>\n<meta property=\"og:locale\" content=\"sv_SE\" \/>\n<meta property=\"og:type\" content=\"article\" \/>\n<meta property=\"og:title\" content=\"V\u00e5rt distrikt | KD V\u00e4sternorrland\" \/>\n<meta property=\"og:description\" content=\"H\u00e4rn\u00f6sands partiavdelning Kramfors\/H\u00f6ga Kustens partiavdelning Sollefte\u00e5-Ramsele partiavdelning Sundvalls partiavdelning Timr\u00e5 partiavdelning \u00c5nge partiavdelning \u00d6rnsk\u00f6ldsviks partiavdelning &nbsp;\" \/>\n<meta property=\"og:url\" content=\"https:\/\/wp.kristdemokraterna.se\/vasternorrland\/vart-distrikt\/\" \/>\n<meta property=\"og:site_name\" content=\"KD V\u00e4sternorrland\" \/>\n<meta property=\"article:publisher\" content=\"https:\/\/www.facebook.com\/kdrvn\/\" \/>\n<meta property=\"article:modified_time\" content=\"2018-10-09T10:56:51+00:00\" \/>\n<meta name=\"twitter:card\" content=\"summary_large_image\" \/>\n<script type=\"application\/ld+json\" class=\"yoast-schema-graph\">{\"@context\":\"https:\\\/\\\/schema.org\",\"@graph\":[{\"@type\":\"WebPage\",\"@id\":\"https:\\\/\\\/wp.kristdemokraterna.se\\\/vasternorrland\\\/vart-distrikt\\\/\",\"url\":\"https:\\\/\\\/wp.kristdemokraterna.se\\\/vasternorrland\\\/vart-distrikt\\\/\",\"name\":\"V\u00e5rt distrikt | KD V\u00e4sternorrland\",\"isPartOf\":{\"@id\":\"https:\\\/\\\/wp.kristdemokraterna.se\\\/vasternorrland\\\/#website\"},\"datePublished\":\"2013-04-17T11:50:33+00:00\",\"dateModified\":\"2018-10-09T10:56:51+00:00\",\"breadcrumb\":{\"@id\":\"https:\\\/\\\/wp.kristdemokraterna.se\\\/vasternorrland\\\/vart-distrikt\\\/#breadcrumb\"},\"inLanguage\":\"sv-SE\",\"potentialAction\":[{\"@type\":\"ReadAction\",\"target\":[\"https:\\\/\\\/wp.kristdemokraterna.se\\\/vasternorrland\\\/vart-distrikt\\\/\"]}]},{\"@type\":\"BreadcrumbList\",\"@id\":\"https:\\\/\\\/wp.kristdemokraterna.se\\\/vasternorrland\\\/vart-distrikt\\\/#breadcrumb\",\"itemListElement\":[{\"@type\":\"ListItem\",\"position\":1,\"name\":\"Hem\",\"item\":\"https:\\\/\\\/wp.kristdemokraterna.se\\\/vasternorrland\\\/\"},{\"@type\":\"ListItem\",\"position\":2,\"name\":\"V\u00e5rt distrikt\"}]},{\"@type\":\"WebSite\",\"@id\":\"https:\\\/\\\/wp.kristdemokraterna.se\\\/vasternorrland\\\/#website\",\"url\":\"https:\\\/\\\/wp.kristdemokraterna.se\\\/vasternorrland\\\/\",\"name\":\"KD V\u00e4sternorrland\",\"description\":\"V\u00e5rda v\u00e5rden - utveckla prim\u00e4rv\u00e5rden\",\"inLanguage\":\"sv-SE\"}]}<\/script>\n<!-- \/ Yoast SEO plugin. -->","yoast_head_json":{"title":"V\u00e5rt distrikt | KD V\u00e4sternorrland","robots":{"index":"index","follow":"follow","max-snippet":"max-snippet:-1","max-image-preview":"max-image-preview:large","max-video-preview":"max-video-preview:-1"},"canonical":"https:\/\/wp.kristdemokraterna.se\/vasternorrland\/vart-distrikt\/","og_locale":"sv_SE","og_type":"article","og_title":"V\u00e5rt distrikt | KD V\u00e4sternorrland","og_description":"H\u00e4rn\u00f6sands partiavdelning Kramfors\/H\u00f6ga Kustens partiavdelning Sollefte\u00e5-Ramsele partiavdelning Sundvalls partiavdelning Timr\u00e5 partiavdelning \u00c5nge partiavdelning \u00d6rnsk\u00f6ldsviks partiavdelning &nbsp;","og_url":"https:\/\/wp.kristdemokraterna.se\/vasternorrland\/vart-distrikt\/","og_site_name":"KD V\u00e4sternorrland","article_publisher":"https:\/\/www.facebook.com\/kdrvn\/","article_modified_time":"2018-10-09T10:56:51+00:00","twitter_card":"summary_large_image","schema":{"@context":"https:\/\/schema.org","@graph":[{"@type":"WebPage","@id":"https:\/\/wp.kristdemokraterna.se\/vasternorrland\/vart-distrikt\/","url":"https:\/\/wp.kristdemokraterna.se\/vasternorrland\/vart-distrikt\/","name":"V\u00e5rt distrikt | KD V\u00e4sternorrland","isPartOf":{"@id":"https:\/\/wp.kristdemokraterna.se\/vasternorrland\/#website"},"datePublished":"2013-04-17T11:50:33+00:00","dateModified":"2018-10-09T10:56:51+00:00","breadcrumb":{"@id":"https:\/\/wp.kristdemokraterna.se\/vasternorrland\/vart-distrikt\/#breadcrumb"},"inLanguage":"sv-SE","potentialAction":[{"@type":"ReadAction","target":["https:\/\/wp.kristdemokraterna.se\/vasternorrland\/vart-distrikt\/"]}]},{"@type":"BreadcrumbList","@id":"https:\/\/wp.kristdemokraterna.se\/vasternorrland\/vart-distrikt\/#breadcrumb","itemListElement":[{"@type":"ListItem","position":1,"name":"Hem","item":"https:\/\/wp.kristdemokraterna.se\/vasternorrland\/"},{"@type":"ListItem","position":2,"name":"V\u00e5rt distrikt"}]},{"@type":"WebSite","@id":"https:\/\/wp.kristdemokraterna.se\/vasternorrland\/#website","url":"https:\/\/wp.kristdemokraterna.se\/vasternorrland\/","name":"KD V\u00e4sternorrland","description":"V\u00e5rda v\u00e5rden - utveckla prim\u00e4rv\u00e5rden","inLanguage":"sv-SE"}]}},"_links":{"self":[{"href":"https:\/\/wp.kristdemokraterna.se\/vasternorrland\/wp-json\/wp\/v2\/pages\/51","targetHints":{"allow":["GET"]}}],"collection":[{"href":"https:\/\/wp.kristdemokraterna.se\/vasternorrland\/wp-json\/wp\/v2\/pages"}],"about":[{"href":"https:\/\/wp.kristdemokraterna.se\/vasternorrland\/wp-json\/wp\/v2\/types\/page"}],"author":[{"embeddable":true,"href":"https:\/\/wp.kristdemokraterna.se\/vasternorrland\/wp-json\/wp\/v2\/users\/407"}],"replies":[{"embeddable":true,"href":"https:\/\/wp.kristdemokraterna.se\/vasternorrland\/wp-json\/wp\/v2\/comments?post=51"}],"version-history":[{"count":15,"href":"https:\/\/wp.kristdemokraterna.se\/vasternorrland\/wp-json\/wp\/v2\/pages\/51\/revisions"}],"predecessor-version":[{"id":136264,"href":"https:\/\/wp.kristdemokraterna.se\/vasternorrland\/wp-json\/wp\/v2\/pages\/51\/revisions\/136264"}],"wp:attachment":[{"href":"https:\/\/wp.kristdemokraterna.se\/vasternorrland\/wp-json\/wp\/v2\/media?parent=51"}],"curies":[{"name":"wp","href":"https:\/\/api.w.org\/{rel}","templated":true}]}}