{"id":8,"date":"2012-11-19T15:56:50","date_gmt":"2012-11-19T14:56:50","guid":{"rendered":"http:\/\/wp.kristdemokraterna.se\/vasternorrland\/?page_id=8"},"modified":"2024-06-19T10:07:23","modified_gmt":"2024-06-19T08:07:23","slug":"kontakta-oss","status":"publish","type":"page","link":"https:\/\/wp.kristdemokraterna.se\/vasternorrland\/kontakta-oss\/","title":{"rendered":"Kontakta oss"},"content":{"rendered":"<p><b>Kristdemokraterna V\u00e4sternorrland <\/b>har idag cirka 600 medlemmar i l\u00e4nets 7 kommuner.<\/p>\n<p>Distriktet leds av <b>Polina J Larsson,<\/b> distriktsordf\u00f6rande<br \/>\nE-post: <a href=\"polina.j.larsson@kristdemokraterna.se\">polina.j.larsson@kristdemokraterna.se<\/a><\/p>\n<p>Webbansvarig \u00e4r <strong>Henrik Sendelbach<\/strong><br \/>\nE-post: <a href=\"mailto:henrik.sendelbach@kristdemokraterna.se\">henrik.sendelbach@kristdemokraterna.se<\/a><\/p>\n<p>KD V\u00e4sternorrland p\u00e5 facebook : <a title=\"www.facebook.com\/KDvasternorrland\" href=\"http:\/\/www.facebook.com\/KDvasternorrland\" target=\"_blank\" rel=\"noopener noreferrer\">www.facebook.com\/KDvasternorrland<\/a><\/p>\n<p>F\u00f6r mer info om distriktsstyrelsen: <a title=\"Distriktsorganisation\" href=\"http:\/\/wp.kristdemokraterna.se\/vasternorrland\/foretradare\/partidistriktsstyrelse\/\">L\u00e4s mer h\u00e4r<\/a><\/p>\n<p>F\u00f6r att f\u00e5 mer info om distriktets partiavdelningar, <a title=\"Kommuner\" href=\"http:\/\/wp.kristdemokraterna.se\/vasternorrland\/foretradare\/partiavdelningar\/\">se lista<\/a>.<\/p>\n","protected":false},"excerpt":{"rendered":"<p>Kristdemokraterna V\u00e4sternorrland har idag cirka 600 medlemmar i l\u00e4nets 7 kommuner. Distriktet leds av Polina J Larsson, distriktsordf\u00f6rande E-post: polina.j.larsson@kristdemokraterna.se Webbansvarig \u00e4r Henrik Sendelbach E-post: henrik.sendelbach@kristdemokraterna.se KD V\u00e4sternorrland p\u00e5 facebook : www.facebook.com\/KDvasternorrland F\u00f6r mer info om distriktsstyrelsen: L\u00e4s mer h\u00e4r F\u00f6r att f\u00e5 mer info om distriktets partiavdelningar, se lista.<\/p>\n","protected":false},"author":407,"featured_media":0,"parent":0,"menu_order":50,"comment_status":"closed","ping_status":"closed","template":"","meta":{"_acf_changed":false,"footnotes":""},"class_list":["post-8","page","type-page","status-publish","hentry"],"acf":[],"yoast_head":"<!-- This site is optimized with the Yoast SEO plugin v27.4 - https:\/\/yoast.com\/product\/yoast-seo-wordpress\/ -->\n<title>Kontakta oss | KD V\u00e4sternorrland<\/title>\n<meta name=\"robots\" content=\"index, follow, max-snippet:-1, max-image-preview:large, max-video-preview:-1\" \/>\n<link rel=\"canonical\" href=\"https:\/\/wp.kristdemokraterna.se\/vasternorrland\/kontakta-oss\/\" \/>\n<meta property=\"og:locale\" content=\"sv_SE\" \/>\n<meta property=\"og:type\" content=\"article\" \/>\n<meta property=\"og:title\" content=\"Kontakta oss | KD V\u00e4sternorrland\" \/>\n<meta property=\"og:description\" content=\"Kristdemokraterna V\u00e4sternorrland har idag cirka 600 medlemmar i l\u00e4nets 7 kommuner. Distriktet leds av Polina J Larsson, distriktsordf\u00f6rande E-post: polina.j.larsson@kristdemokraterna.se Webbansvarig \u00e4r Henrik Sendelbach E-post: henrik.sendelbach@kristdemokraterna.se KD V\u00e4sternorrland p\u00e5 facebook : www.facebook.com\/KDvasternorrland F\u00f6r mer info om distriktsstyrelsen: L\u00e4s mer h\u00e4r F\u00f6r att f\u00e5 mer info om distriktets partiavdelningar, se lista.\" \/>\n<meta property=\"og:url\" content=\"https:\/\/wp.kristdemokraterna.se\/vasternorrland\/kontakta-oss\/\" \/>\n<meta property=\"og:site_name\" content=\"KD V\u00e4sternorrland\" \/>\n<meta property=\"article:publisher\" content=\"https:\/\/www.facebook.com\/kdrvn\/\" \/>\n<meta property=\"article:modified_time\" content=\"2024-06-19T08:07:23+00:00\" \/>\n<meta name=\"twitter:card\" content=\"summary_large_image\" \/>\n<meta name=\"twitter:label1\" content=\"Ber\u00e4knad l\u00e4stid\" \/>\n\t<meta name=\"twitter:data1\" content=\"1 minut\" \/>\n<script type=\"application\/ld+json\" class=\"yoast-schema-graph\">{\"@context\":\"https:\\\/\\\/schema.org\",\"@graph\":[{\"@type\":\"WebPage\",\"@id\":\"https:\\\/\\\/wp.kristdemokraterna.se\\\/vasternorrland\\\/kontakta-oss\\\/\",\"url\":\"https:\\\/\\\/wp.kristdemokraterna.se\\\/vasternorrland\\\/kontakta-oss\\\/\",\"name\":\"Kontakta oss | KD V\u00e4sternorrland\",\"isPartOf\":{\"@id\":\"https:\\\/\\\/wp.kristdemokraterna.se\\\/vasternorrland\\\/#website\"},\"datePublished\":\"2012-11-19T14:56:50+00:00\",\"dateModified\":\"2024-06-19T08:07:23+00:00\",\"breadcrumb\":{\"@id\":\"https:\\\/\\\/wp.kristdemokraterna.se\\\/vasternorrland\\\/kontakta-oss\\\/#breadcrumb\"},\"inLanguage\":\"sv-SE\",\"potentialAction\":[{\"@type\":\"ReadAction\",\"target\":[\"https:\\\/\\\/wp.kristdemokraterna.se\\\/vasternorrland\\\/kontakta-oss\\\/\"]}]},{\"@type\":\"BreadcrumbList\",\"@id\":\"https:\\\/\\\/wp.kristdemokraterna.se\\\/vasternorrland\\\/kontakta-oss\\\/#breadcrumb\",\"itemListElement\":[{\"@type\":\"ListItem\",\"position\":1,\"name\":\"Hem\",\"item\":\"https:\\\/\\\/wp.kristdemokraterna.se\\\/vasternorrland\\\/\"},{\"@type\":\"ListItem\",\"position\":2,\"name\":\"Kontakta oss\"}]},{\"@type\":\"WebSite\",\"@id\":\"https:\\\/\\\/wp.kristdemokraterna.se\\\/vasternorrland\\\/#website\",\"url\":\"https:\\\/\\\/wp.kristdemokraterna.se\\\/vasternorrland\\\/\",\"name\":\"KD V\u00e4sternorrland\",\"description\":\"V\u00e5rda v\u00e5rden - utveckla prim\u00e4rv\u00e5rden\",\"inLanguage\":\"sv-SE\"}]}<\/script>\n<!-- \/ Yoast SEO plugin. -->","yoast_head_json":{"title":"Kontakta oss | KD V\u00e4sternorrland","robots":{"index":"index","follow":"follow","max-snippet":"max-snippet:-1","max-image-preview":"max-image-preview:large","max-video-preview":"max-video-preview:-1"},"canonical":"https:\/\/wp.kristdemokraterna.se\/vasternorrland\/kontakta-oss\/","og_locale":"sv_SE","og_type":"article","og_title":"Kontakta oss | KD V\u00e4sternorrland","og_description":"Kristdemokraterna V\u00e4sternorrland har idag cirka 600 medlemmar i l\u00e4nets 7 kommuner. Distriktet leds av Polina J Larsson, distriktsordf\u00f6rande E-post: polina.j.larsson@kristdemokraterna.se Webbansvarig \u00e4r Henrik Sendelbach E-post: henrik.sendelbach@kristdemokraterna.se KD V\u00e4sternorrland p\u00e5 facebook : www.facebook.com\/KDvasternorrland F\u00f6r mer info om distriktsstyrelsen: L\u00e4s mer h\u00e4r F\u00f6r att f\u00e5 mer info om distriktets partiavdelningar, se lista.","og_url":"https:\/\/wp.kristdemokraterna.se\/vasternorrland\/kontakta-oss\/","og_site_name":"KD V\u00e4sternorrland","article_publisher":"https:\/\/www.facebook.com\/kdrvn\/","article_modified_time":"2024-06-19T08:07:23+00:00","twitter_card":"summary_large_image","twitter_misc":{"Ber\u00e4knad l\u00e4stid":"1 minut"},"schema":{"@context":"https:\/\/schema.org","@graph":[{"@type":"WebPage","@id":"https:\/\/wp.kristdemokraterna.se\/vasternorrland\/kontakta-oss\/","url":"https:\/\/wp.kristdemokraterna.se\/vasternorrland\/kontakta-oss\/","name":"Kontakta oss | KD V\u00e4sternorrland","isPartOf":{"@id":"https:\/\/wp.kristdemokraterna.se\/vasternorrland\/#website"},"datePublished":"2012-11-19T14:56:50+00:00","dateModified":"2024-06-19T08:07:23+00:00","breadcrumb":{"@id":"https:\/\/wp.kristdemokraterna.se\/vasternorrland\/kontakta-oss\/#breadcrumb"},"inLanguage":"sv-SE","potentialAction":[{"@type":"ReadAction","target":["https:\/\/wp.kristdemokraterna.se\/vasternorrland\/kontakta-oss\/"]}]},{"@type":"BreadcrumbList","@id":"https:\/\/wp.kristdemokraterna.se\/vasternorrland\/kontakta-oss\/#breadcrumb","itemListElement":[{"@type":"ListItem","position":1,"name":"Hem","item":"https:\/\/wp.kristdemokraterna.se\/vasternorrland\/"},{"@type":"ListItem","position":2,"name":"Kontakta oss"}]},{"@type":"WebSite","@id":"https:\/\/wp.kristdemokraterna.se\/vasternorrland\/#website","url":"https:\/\/wp.kristdemokraterna.se\/vasternorrland\/","name":"KD V\u00e4sternorrland","description":"V\u00e5rda v\u00e5rden - utveckla prim\u00e4rv\u00e5rden","inLanguage":"sv-SE"}]}},"_links":{"self":[{"href":"https:\/\/wp.kristdemokraterna.se\/vasternorrland\/wp-json\/wp\/v2\/pages\/8","targetHints":{"allow":["GET"]}}],"collection":[{"href":"https:\/\/wp.kristdemokraterna.se\/vasternorrland\/wp-json\/wp\/v2\/pages"}],"about":[{"href":"https:\/\/wp.kristdemokraterna.se\/vasternorrland\/wp-json\/wp\/v2\/types\/page"}],"author":[{"embeddable":true,"href":"https:\/\/wp.kristdemokraterna.se\/vasternorrland\/wp-json\/wp\/v2\/users\/407"}],"replies":[{"embeddable":true,"href":"https:\/\/wp.kristdemokraterna.se\/vasternorrland\/wp-json\/wp\/v2\/comments?post=8"}],"version-history":[{"count":53,"href":"https:\/\/wp.kristdemokraterna.se\/vasternorrland\/wp-json\/wp\/v2\/pages\/8\/revisions"}],"predecessor-version":[{"id":352509,"href":"https:\/\/wp.kristdemokraterna.se\/vasternorrland\/wp-json\/wp\/v2\/pages\/8\/revisions\/352509"}],"wp:attachment":[{"href":"https:\/\/wp.kristdemokraterna.se\/vasternorrland\/wp-json\/wp\/v2\/media?parent=8"}],"curies":[{"name":"wp","href":"https:\/\/api.w.org\/{rel}","templated":true}]}}